{"id":408781,"date":"2020-04-18T19:37:19","date_gmt":"2020-11-08T16:12:03","guid":{"rendered":"https:\/\/buymodafinilonline.com\/smart-drugs\/modafil-200mg-2\/"},"modified":"2025-04-22T10:46:01","modified_gmt":"2025-04-22T09:46:01","slug":"modafil-200mg-2","status":"publish","type":"product","link":"https:\/\/buymodafinilonline.com\/it\/smart-drug-it\/modafil-200mg-2\/","title":{"rendered":"Modafil 200mg"},"content":{"rendered":"[vc_column width=&#8221;1\/2&#8243;]\n<div class=\"su-divider su-divider-style-default\" style=\"margin:10px 0;border-width:3px;border-color:#ffffff00\"><a href=\"#\" style=\"color:#ffffff009\">.<\/a><\/div>\n<h2>Che cos&#8217;\u00e8 Modafil 200mg?<\/h2>\n<div class=\"su-divider su-divider-style-default\" style=\"margin:10px 0;border-width:3px;border-color:#ffffff00\"><a href=\"#\" style=\"color:#ffffff009\">.<\/a><\/div>\nEssendo un ingrediente attivo della medicina Modafil,<a href=\"https:\/\/buymodafinilonline.com\/it\/la-verita-su-modafinil\/\"> modafinil<\/a> \u00e8 conosciuto dai ricercatori come il &#8220;primo farmaco intelligente sicuro al mondo&#8221;. La Food and Drug Administration lo ha approvato come agente promotore della veglia per ridurre l&#8217;eccessiva sonnolenza diurna a causa di apnea ostruttiva del sonno (OSA), disturbo del sonno da lavoro a turni (SWSD) e narcolessia. Tuttavia, questo farmaco viene anche utilizzato off-label per trattare vari problemi di salute come disturbo da deficit di attenzione e iperattivit\u00e0 (ADHD), affaticamento correlato alla sclerosi multipla, morbo di Parkinson, depressione, sindrome da stanchezza cronica, sedazione correlata agli oppioidi e altre condizioni.<\/p>\n<p>Le persone sane usano Modafil 200 mg come farmaco sicuro e potente per migliorare la funzione cerebrale e aumentare la produttivit\u00e0. Sebbene l&#8217;esatto meccanismo d&#8217;azione di questo farmaco non sia ben compreso, si ritiene che funzioni aumentando i livelli di alcuni neurotrasmettitori come dopamina, istamina e orexina nelle aree del cervello che controllano il ciclo sonno-veglia.<\/p>\n<div class=\"su-divider su-divider-style-default\" style=\"margin:10px 0;border-width:3px;border-color:#ffffff00\"><a href=\"#\" style=\"color:#ffffff009\">.<\/a><\/div>\n<h2>Dosaggio sicuro e uso corretto<\/h2>\n<div class=\"su-divider su-divider-style-default\" style=\"margin:10px 0;border-width:3px;border-color:#ffffff00\"><a href=\"#\" style=\"color:#ffffff009\">.<\/a><\/div>\nLa dose raccomandata di Modafil \u00e8 di 200 mg una volta al giorno. Una compressa deve essere somministrata al mattino per il trattamento della narcolessia e dell&#8217;OSA o un&#8217;ora prima di un turno di lavoro se si combatte l&#8217;SWSD. Sebbene non sia raccomandato per l&#8217;uso in pazienti allergici al modafinil o ad altri nootropi.<\/p>\n<p>In quelli con diagnosi di grave insufficienza epatica, il dosaggio di Modafil 200 mg deve essere ridotto alla met\u00e0. Se lo prendi off-label, devi prima consultare un medico specialista per determinare se sei in buona salute per usare il nootropico.<\/p>\n<div class=\"su-divider su-divider-style-default\" style=\"margin:10px 0;border-width:3px;border-color:#ffffff00\"><a href=\"#\" style=\"color:#ffffff009\">.<\/a><\/div>\n<h2>Possibili effetti collaterali<\/h2>\n<div class=\"su-divider su-divider-style-default\" style=\"margin:10px 0;border-width:3px;border-color:#ffffff00\"><a href=\"#\" style=\"color:#ffffff009\">.<\/a><\/div>\nQuesto farmaco funziona bene in individui sani, sebbene le reazioni negative non possano essere completamente escluse. Possono verificarsi i seguenti effetti collaterali comuni, di breve durata:<\/p>\n<div class=\"su-divider su-divider-style-default\" style=\"margin:10px 0;border-width:3px;border-color:#ffffff00\"><a href=\"#\" style=\"color:#ffffff009\">.<\/a><\/div>\n<ul>\n<li>mal di testa, vertigini;<\/li>\n<li>mal di schiena;<\/li>\n<li>nausea, disturbi di stomaco, diarrea;<\/li>\n<li>problemi di sonno;<\/li>\n<li>sensazione di ansia o nervosismo;<\/li>\n<li>naso chiuso.<\/li>\n<\/ul>\n<div class=\"su-divider su-divider-style-default\" style=\"margin:10px 0;border-width:3px;border-color:#ffffff00\"><a href=\"#\" style=\"color:#ffffff009\">.<\/a><\/div>\nGli effetti negativi rari ma pi\u00f9 gravi includono:<\/p>\n<div class=\"su-divider su-divider-style-default\" style=\"margin:10px 0;border-width:3px;border-color:#ffffff00\"><a href=\"#\" style=\"color:#ffffff009\">.<\/a><\/div>\n<ul>\n<li>ipersensibilit\u00e0;<\/li>\n<li>febbre e brividi;<\/li>\n<li>dolore al petto;<\/li>\n<li>confusione;<\/li>\n<li>stanchezza e debolezza insolite;<\/li>\n<li>Sindrome di Stevens-Johnson e altri.<\/li>\n<\/ul>\n<div class=\"su-divider su-divider-style-default\" style=\"margin:10px 0;border-width:3px;border-color:#ffffff00\"><a href=\"#\" style=\"color:#ffffff009\">.<\/a><\/div>\nQuesto non \u00e8 un elenco completo dei possibili effetti collaterali. Modafil 200 mg pu\u00f2 anche alterare le tue reazioni, quindi non guidare o utilizzare macchinari pesanti fino a quando non sai come influisce sul tuo corpo.<\/p>\n[\/vc_column][vc_column width=&#8221;1\/2&#8243;]\n<div class=\"su-divider su-divider-style-default\" style=\"margin:10px 0;border-width:3px;border-color:#ffffff00\"><a href=\"#\" style=\"color:#ffffff009\">.<\/a><\/div>\n<p>Informi un medico specialista se sviluppa cambiamenti insoliti di umore o comportamento o se ha pensieri suicidi, depressione nuova o in peggioramento. Se questi effetti negativi si verificano e ti danno fastidio anche dopo aver interrotto il trattamento con modafinil o non si risolvono, consulta il tuo medico specialista per aiuto.<\/p>\n<div class=\"su-divider su-divider-style-default\" style=\"margin:10px 0;border-width:3px;border-color:#ffffff00\"><a href=\"#\" style=\"color:#ffffff009\">.<\/a><\/div>\n<h2>Controindicazioni e precauzioni<\/h2>\n<div class=\"su-divider su-divider-style-default\" style=\"margin:10px 0;border-width:3px;border-color:#ffffff00\"><a href=\"#\" style=\"color:#ffffff009\">.<\/a><\/div>\nModafil 200 mg \u00e8 sicuro se assunto indipendentemente senza mescolarlo con altri medicinali. Assicurati di fornire un elenco completo dei farmaci (prescrizione \/ senza prescrizione medica) o dei rimedi erboristici che stai utilizzando a un medico per valutare prima di prendere il medicinale Modafil. Sebbene i possibili rischi non siano noti, alle donne incinte e alle madri che allattano non \u00e8 raccomandato l&#8217;uso di alcun nootropico. Se \u00e8 necessario, un medico dovrebbe discutere i rischi e i benefici prima di prendere Modafil 200 mg.<\/p>\n<p>Possibili interazioni con altri farmaci includono:<\/p>\n<div class=\"su-divider su-divider-style-default\" style=\"margin:10px 0;border-width:3px;border-color:#ffffff00\"><a href=\"#\" style=\"color:#ffffff009\">.<\/a><\/div>\n<ul>\n<li>Substrati di CYP3A4 \/ 5 e CYP2C19;<\/li>\n<li>fluidificanti del sangue come il warfarin;<\/li>\n<li>farmaci per il controllo delle nascite;<\/li>\n<li>Inibitori MAO;<\/li>\n<li>Stimolanti del SNC e altri.<\/li>\n<\/ul>\n<div class=\"su-divider su-divider-style-default\" style=\"margin:10px 0;border-width:3px;border-color:#ffffff00\"><a href=\"#\" style=\"color:#ffffff009\">.<\/a><\/div>\nPu\u00f2 anche verificarsi interazione con la malattia. Informa il tuo medico specialista delle tue condizioni di salute, inclusi insufficienza renale o epatica, malattie cardiache o una storia di convulsioni, tra gli altri problemi di salute, prima di prendere questo farmaco nootropico. Modafil 200 mg funziona bene con la maggior parte degli alimenti, ma i pasti grassi possono ritardarne l&#8217;inizio dell&#8217;azione.<\/p>\n<p>Non \u00e8 consigliabile mescolarlo con l&#8217;alcol poich\u00e9 ci\u00f2 pu\u00f2 aumentare il rischio di sonnolenza, capacit\u00e0 di giudizio alterata e vertigini, tra gli altri effetti negativi senza precedenti.<\/p>\n<div class=\"su-divider su-divider-style-default\" style=\"margin:10px 0;border-width:3px;border-color:#ffffff00\"><a href=\"#\" style=\"color:#ffffff009\">.<\/a><\/div>\n<h2>Acquista Modafil generico 200 mg (Modafinil) online<\/h2>\n<div class=\"su-divider su-divider-style-default\" style=\"margin:10px 0;border-width:3px;border-color:#ffffff00\"><a href=\"#\" style=\"color:#ffffff009\">.<\/a><\/div>\nPer quanto riguarda come ottenere Modafil 200mg online da banco, la farmacia elettronica BuyModafinilOnline esiste per offrire &#8220;<a href=\"https:\/\/buymodafinilonline.com\/smart-drugs-brands\/\"> droghe intelligenti<\/a> &#8220;Fornito solo da produttori approvati. Sebbene Modafil possa essere acquistato da molte farmacie online, \u00e8 una pratica molto rischiosa. Non \u00e8 illegale acquistare nootropi online, ma dovresti essere pienamente consapevole dei rischi di ordinare da siti truffa che promettono di offrire prodotti di qualit\u00e0.<\/p>\n<p>Scegliendoci, puoi essere certo che riceverai solo pillole originali. Siamo il posto migliore per acquistare modafinil a buon mercato (Modalert, Modvigil, ecc.), Poich\u00e9 diamo la priorit\u00e0 alla tua salute.<\/p>\n<p>Accettiamo MasterCard, Visa, AmEx, PayPal, Zelle, e-Check, Bitcoin (con uno sconto del 23%) e altre criptovalute come metodi di pagamento. A BuyModafinilOnline, offriamo<a href=\"https:\/\/buymodafinilonline.com\/free-trial\/\"> 20 campioni di prova gratuiti<\/a> di modafinil e armodafinil, in modo che i nostri clienti possano testare l&#8217;efficacia e la sicurezza dei nostri &#8220;farmaci intelligenti&#8221;.<\/p>\n<p>Risparmia di pi\u00f9 utilizzando disponibile<a href=\"https:\/\/buymodafinilonline.com\/coupons-deals-promo-codes\/\"> sconti e buoni<\/a> . La nostra spedizione \u00e8 velocissima e offriamo un<a href=\"https:\/\/buymodafinilonline.com\/refund-reshipment\/\"> rimborso completo o rispedizione<\/a> se il tuo pacco si blocca o si perde in dogana.<\/p>\n<div class=\"su-divider su-divider-style-default\" style=\"margin:10px 0;border-width:3px;border-color:#ffffff00\"><a href=\"#\" style=\"color:#ffffff009\">.<\/a><\/div>\n[\/vc_column]\n<div class=\"su-divider su-divider-style-default\" style=\"margin:10px 0;border-width:3px;border-color:#ffffff00\"><a href=\"#\" style=\"color:#ffffff009\">.<\/a><\/div>\n","protected":false},"excerpt":{"rendered":"<p>Modafil 200 mg contiene modafinil come ingrediente attivo. Prodotto da INTAS Pharma Ltd, una societ\u00e0 farmaceutica indiana, viene utilizzato per promuovere la veglia in pazienti con estrema sonnolenza durante il giorno o al lavoro a causa di disturbi del sonno. Tratta anche altre condizioni di salute ed \u00e8 ampiamente utilizzato off-label da persone sane come potenziatore della produttivit\u00e0 e cognitivo.<\/p>\n<p>Acquista questo medicinale dalla nostra farmacia online al prezzo pi\u00f9 basso o ottieni campioni di prova gratuiti dei nostri best seller nootropici per testarne l&#8217;efficacia.<\/p>\n[sc name=\"s1\"]\n","protected":false},"featured_media":398162,"comment_status":"open","ping_status":"closed","template":"","meta":{"_acf_changed":false},"product_brand":[],"product_cat":[3787],"product_tag":[4028],"class_list":{"0":"post-408781","1":"product","2":"type-product","3":"status-publish","4":"has-post-thumbnail","6":"product_cat-marchi-smart-drugs","7":"product_tag-modafinil-it","9":"first","10":"instock","11":"sale","12":"shipping-taxable","13":"purchasable","14":"product-type-variable","15":"has-default-attributes"},"acf":[],"yoast_head":"<!-- This site is optimized with the Yoast SEO Premium plugin v23.6 (Yoast SEO v27.3) - https:\/\/yoast.com\/product\/yoast-seo-premium-wordpress\/ -->\n<title>Acquista farmaci Modafil 200mg (Modafinil) con un grande sconto - BuyModafinilOnline<\/title>\n<meta name=\"description\" content=\"Acquista online le compresse di Modafil da 200 mg dal produttore INTAS Pharma. Acquista Modafil 200mg (modafinil) per il miglior prezzo nella farmacia BuyModafinilOnline. Buoni vantaggiosi e servizio eccellente.\" \/>\n<meta name=\"robots\" content=\"index, follow, max-snippet:-1, max-image-preview:large, max-video-preview:-1\" \/>\n<link rel=\"canonical\" href=\"https:\/\/buymodafinilonline.com\/it\/smart-drug-it\/modafil-200mg-2\/\" \/>\n<meta property=\"og:locale\" content=\"it_IT\" \/>\n<meta property=\"og:type\" content=\"article\" \/>\n<meta property=\"og:title\" content=\"Modafil 200mg\" \/>\n<meta property=\"og:description\" content=\"Acquista online le compresse di Modafil da 200 mg dal produttore INTAS Pharma. Acquista Modafil 200mg (modafinil) per il miglior prezzo nella farmacia BuyModafinilOnline. Buoni vantaggiosi e servizio eccellente.\" \/>\n<meta property=\"og:url\" content=\"https:\/\/buymodafinilonline.com\/it\/smart-drug-it\/modafil-200mg-2\/\" \/>\n<meta property=\"og:site_name\" content=\"BuyModafinilOnline.com\" \/>\n<meta property=\"article:modified_time\" content=\"2025-04-22T09:46:01+00:00\" \/>\n<meta property=\"og:image\" content=\"https:\/\/buymodafinilonline.com\/wp-content\/uploads\/2020\/04\/bmo-product-modafil-200-mg.png\" \/>\n\t<meta property=\"og:image:width\" content=\"1280\" \/>\n\t<meta property=\"og:image:height\" content=\"1500\" \/>\n\t<meta property=\"og:image:type\" content=\"image\/png\" \/>\n<meta name=\"twitter:label1\" content=\"Tempo di lettura stimato\" \/>\n\t<meta name=\"twitter:data1\" content=\"4 minuti\" \/>\n<script type=\"application\/ld+json\" class=\"yoast-schema-graph\">{\"@context\":\"https:\\\/\\\/schema.org\",\"@graph\":[{\"@type\":\"WebPage\",\"@id\":\"https:\\\/\\\/buymodafinilonline.com\\\/it\\\/smart-drug-it\\\/modafil-200mg-2\\\/\",\"url\":\"https:\\\/\\\/buymodafinilonline.com\\\/it\\\/smart-drug-it\\\/modafil-200mg-2\\\/\",\"name\":\"Acquista farmaci Modafil 200mg (Modafinil) con un grande sconto - BuyModafinilOnline\",\"isPartOf\":{\"@id\":\"https:\\\/\\\/buymodafinilonline.com\\\/it\\\/#website\"},\"primaryImageOfPage\":{\"@id\":\"https:\\\/\\\/buymodafinilonline.com\\\/it\\\/smart-drug-it\\\/modafil-200mg-2\\\/#primaryimage\"},\"image\":{\"@id\":\"https:\\\/\\\/buymodafinilonline.com\\\/it\\\/smart-drug-it\\\/modafil-200mg-2\\\/#primaryimage\"},\"thumbnailUrl\":\"https:\\\/\\\/buymodafinilonline.com\\\/wp-content\\\/uploads\\\/2020\\\/04\\\/bmo-product-modafil-200-mg.png\",\"datePublished\":\"2020-11-08T16:12:03+00:00\",\"dateModified\":\"2025-04-22T09:46:01+00:00\",\"description\":\"Acquista online le compresse di Modafil da 200 mg dal produttore INTAS Pharma. Acquista Modafil 200mg (modafinil) per il miglior prezzo nella farmacia BuyModafinilOnline. Buoni vantaggiosi e servizio eccellente.\",\"breadcrumb\":{\"@id\":\"https:\\\/\\\/buymodafinilonline.com\\\/it\\\/smart-drug-it\\\/modafil-200mg-2\\\/#breadcrumb\"},\"inLanguage\":\"it-IT\",\"potentialAction\":[{\"@type\":\"ReadAction\",\"target\":[\"https:\\\/\\\/buymodafinilonline.com\\\/it\\\/smart-drug-it\\\/modafil-200mg-2\\\/\"]}]},{\"@type\":\"ImageObject\",\"inLanguage\":\"it-IT\",\"@id\":\"https:\\\/\\\/buymodafinilonline.com\\\/it\\\/smart-drug-it\\\/modafil-200mg-2\\\/#primaryimage\",\"url\":\"https:\\\/\\\/buymodafinilonline.com\\\/wp-content\\\/uploads\\\/2020\\\/04\\\/bmo-product-modafil-200-mg.png\",\"contentUrl\":\"https:\\\/\\\/buymodafinilonline.com\\\/wp-content\\\/uploads\\\/2020\\\/04\\\/bmo-product-modafil-200-mg.png\",\"width\":1280,\"height\":1500,\"caption\":\"Modafil 200mg\"},{\"@type\":\"BreadcrumbList\",\"@id\":\"https:\\\/\\\/buymodafinilonline.com\\\/it\\\/smart-drug-it\\\/modafil-200mg-2\\\/#breadcrumb\",\"itemListElement\":[{\"@type\":\"ListItem\",\"position\":1,\"name\":\"Buy Modafinil Online\",\"item\":\"https:\\\/\\\/buymodafinilonline.com\\\/it\\\/\"},{\"@type\":\"ListItem\",\"position\":2,\"name\":\"Negozio\",\"item\":\"https:\\\/\\\/buymodafinilonline.com\\\/it\\\/negozio\\\/\"},{\"@type\":\"ListItem\",\"position\":3,\"name\":\"Marchi Smart Drugs\",\"item\":\"https:\\\/\\\/buymodafinilonline.com\\\/it\\\/categoria-di-prodotto\\\/marchi-smart-drugs\\\/\"},{\"@type\":\"ListItem\",\"position\":4,\"name\":\"Modafil 200mg\"}]},{\"@type\":\"WebSite\",\"@id\":\"https:\\\/\\\/buymodafinilonline.com\\\/it\\\/#website\",\"url\":\"https:\\\/\\\/buymodafinilonline.com\\\/it\\\/\",\"name\":\"BuyModafinilOnline.com\",\"description\":\"Modafinil Online Pharmacy\",\"publisher\":{\"@id\":\"https:\\\/\\\/buymodafinilonline.com\\\/it\\\/#organization\"},\"potentialAction\":[{\"@type\":\"SearchAction\",\"target\":{\"@type\":\"EntryPoint\",\"urlTemplate\":\"https:\\\/\\\/buymodafinilonline.com\\\/it\\\/?s={search_term_string}\"},\"query-input\":{\"@type\":\"PropertyValueSpecification\",\"valueRequired\":true,\"valueName\":\"search_term_string\"}}],\"inLanguage\":\"it-IT\"},{\"@type\":\"Organization\",\"@id\":\"https:\\\/\\\/buymodafinilonline.com\\\/it\\\/#organization\",\"name\":\"BuyModafinilOnline\",\"url\":\"https:\\\/\\\/buymodafinilonline.com\\\/it\\\/\",\"logo\":{\"@type\":\"ImageObject\",\"inLanguage\":\"it-IT\",\"@id\":\"https:\\\/\\\/buymodafinilonline.com\\\/it\\\/#\\\/schema\\\/logo\\\/image\\\/\",\"url\":\"https:\\\/\\\/buymodafinilonline.com\\\/wp-content\\\/uploads\\\/2020\\\/04\\\/logo-buy-modafinil-online-yellow.png\",\"contentUrl\":\"https:\\\/\\\/buymodafinilonline.com\\\/wp-content\\\/uploads\\\/2020\\\/04\\\/logo-buy-modafinil-online-yellow.png\",\"width\":200,\"height\":200,\"caption\":\"BuyModafinilOnline\"},\"image\":{\"@id\":\"https:\\\/\\\/buymodafinilonline.com\\\/it\\\/#\\\/schema\\\/logo\\\/image\\\/\"}}]}<\/script>\n<!-- \/ Yoast SEO Premium plugin. -->","yoast_head_json":{"title":"Acquista farmaci Modafil 200mg (Modafinil) con un grande sconto - BuyModafinilOnline","description":"Acquista online le compresse di Modafil da 200 mg dal produttore INTAS Pharma. Acquista Modafil 200mg (modafinil) per il miglior prezzo nella farmacia BuyModafinilOnline. Buoni vantaggiosi e servizio eccellente.","robots":{"index":"index","follow":"follow","max-snippet":"max-snippet:-1","max-image-preview":"max-image-preview:large","max-video-preview":"max-video-preview:-1"},"canonical":"https:\/\/buymodafinilonline.com\/it\/smart-drug-it\/modafil-200mg-2\/","og_locale":"it_IT","og_type":"article","og_title":"Modafil 200mg","og_description":"Acquista online le compresse di Modafil da 200 mg dal produttore INTAS Pharma. Acquista Modafil 200mg (modafinil) per il miglior prezzo nella farmacia BuyModafinilOnline. Buoni vantaggiosi e servizio eccellente.","og_url":"https:\/\/buymodafinilonline.com\/it\/smart-drug-it\/modafil-200mg-2\/","og_site_name":"BuyModafinilOnline.com","article_modified_time":"2025-04-22T09:46:01+00:00","og_image":[{"width":1280,"height":1500,"url":"https:\/\/buymodafinilonline.com\/wp-content\/uploads\/2020\/04\/bmo-product-modafil-200-mg.png","type":"image\/png"}],"twitter_misc":{"Tempo di lettura stimato":"4 minuti"},"schema":{"@context":"https:\/\/schema.org","@graph":[{"@type":"WebPage","@id":"https:\/\/buymodafinilonline.com\/it\/smart-drug-it\/modafil-200mg-2\/","url":"https:\/\/buymodafinilonline.com\/it\/smart-drug-it\/modafil-200mg-2\/","name":"Acquista farmaci Modafil 200mg (Modafinil) con un grande sconto - BuyModafinilOnline","isPartOf":{"@id":"https:\/\/buymodafinilonline.com\/it\/#website"},"primaryImageOfPage":{"@id":"https:\/\/buymodafinilonline.com\/it\/smart-drug-it\/modafil-200mg-2\/#primaryimage"},"image":{"@id":"https:\/\/buymodafinilonline.com\/it\/smart-drug-it\/modafil-200mg-2\/#primaryimage"},"thumbnailUrl":"https:\/\/buymodafinilonline.com\/wp-content\/uploads\/2020\/04\/bmo-product-modafil-200-mg.png","datePublished":"2020-11-08T16:12:03+00:00","dateModified":"2025-04-22T09:46:01+00:00","description":"Acquista online le compresse di Modafil da 200 mg dal produttore INTAS Pharma. Acquista Modafil 200mg (modafinil) per il miglior prezzo nella farmacia BuyModafinilOnline. Buoni vantaggiosi e servizio eccellente.","breadcrumb":{"@id":"https:\/\/buymodafinilonline.com\/it\/smart-drug-it\/modafil-200mg-2\/#breadcrumb"},"inLanguage":"it-IT","potentialAction":[{"@type":"ReadAction","target":["https:\/\/buymodafinilonline.com\/it\/smart-drug-it\/modafil-200mg-2\/"]}]},{"@type":"ImageObject","inLanguage":"it-IT","@id":"https:\/\/buymodafinilonline.com\/it\/smart-drug-it\/modafil-200mg-2\/#primaryimage","url":"https:\/\/buymodafinilonline.com\/wp-content\/uploads\/2020\/04\/bmo-product-modafil-200-mg.png","contentUrl":"https:\/\/buymodafinilonline.com\/wp-content\/uploads\/2020\/04\/bmo-product-modafil-200-mg.png","width":1280,"height":1500,"caption":"Modafil 200mg"},{"@type":"BreadcrumbList","@id":"https:\/\/buymodafinilonline.com\/it\/smart-drug-it\/modafil-200mg-2\/#breadcrumb","itemListElement":[{"@type":"ListItem","position":1,"name":"Buy Modafinil Online","item":"https:\/\/buymodafinilonline.com\/it\/"},{"@type":"ListItem","position":2,"name":"Negozio","item":"https:\/\/buymodafinilonline.com\/it\/negozio\/"},{"@type":"ListItem","position":3,"name":"Marchi Smart Drugs","item":"https:\/\/buymodafinilonline.com\/it\/categoria-di-prodotto\/marchi-smart-drugs\/"},{"@type":"ListItem","position":4,"name":"Modafil 200mg"}]},{"@type":"WebSite","@id":"https:\/\/buymodafinilonline.com\/it\/#website","url":"https:\/\/buymodafinilonline.com\/it\/","name":"BuyModafinilOnline.com","description":"Modafinil Online Pharmacy","publisher":{"@id":"https:\/\/buymodafinilonline.com\/it\/#organization"},"potentialAction":[{"@type":"SearchAction","target":{"@type":"EntryPoint","urlTemplate":"https:\/\/buymodafinilonline.com\/it\/?s={search_term_string}"},"query-input":{"@type":"PropertyValueSpecification","valueRequired":true,"valueName":"search_term_string"}}],"inLanguage":"it-IT"},{"@type":"Organization","@id":"https:\/\/buymodafinilonline.com\/it\/#organization","name":"BuyModafinilOnline","url":"https:\/\/buymodafinilonline.com\/it\/","logo":{"@type":"ImageObject","inLanguage":"it-IT","@id":"https:\/\/buymodafinilonline.com\/it\/#\/schema\/logo\/image\/","url":"https:\/\/buymodafinilonline.com\/wp-content\/uploads\/2020\/04\/logo-buy-modafinil-online-yellow.png","contentUrl":"https:\/\/buymodafinilonline.com\/wp-content\/uploads\/2020\/04\/logo-buy-modafinil-online-yellow.png","width":200,"height":200,"caption":"BuyModafinilOnline"},"image":{"@id":"https:\/\/buymodafinilonline.com\/it\/#\/schema\/logo\/image\/"}}]}},"_links":{"self":[{"href":"https:\/\/buymodafinilonline.com\/it\/wp-json\/wp\/v2\/product\/408781","targetHints":{"allow":["GET"]}}],"collection":[{"href":"https:\/\/buymodafinilonline.com\/it\/wp-json\/wp\/v2\/product"}],"about":[{"href":"https:\/\/buymodafinilonline.com\/it\/wp-json\/wp\/v2\/types\/product"}],"replies":[{"embeddable":true,"href":"https:\/\/buymodafinilonline.com\/it\/wp-json\/wp\/v2\/comments?post=408781"}],"wp:featuredmedia":[{"embeddable":true,"href":"https:\/\/buymodafinilonline.com\/it\/wp-json\/wp\/v2\/media\/398162"}],"wp:attachment":[{"href":"https:\/\/buymodafinilonline.com\/it\/wp-json\/wp\/v2\/media?parent=408781"}],"wp:term":[{"taxonomy":"product_brand","embeddable":true,"href":"https:\/\/buymodafinilonline.com\/it\/wp-json\/wp\/v2\/product_brand?post=408781"},{"taxonomy":"product_cat","embeddable":true,"href":"https:\/\/buymodafinilonline.com\/it\/wp-json\/wp\/v2\/product_cat?post=408781"},{"taxonomy":"product_tag","embeddable":true,"href":"https:\/\/buymodafinilonline.com\/it\/wp-json\/wp\/v2\/product_tag?post=408781"}],"curies":[{"name":"wp","href":"https:\/\/api.w.org\/{rel}","templated":true}]}}