{"id":408783,"date":"2020-04-18T19:42:15","date_gmt":"2020-11-08T16:12:04","guid":{"rendered":"https:\/\/buymodafinilonline.com\/smart-drugs\/mofy-200-mg\/"},"modified":"2025-04-22T10:47:01","modified_gmt":"2025-04-22T09:47:01","slug":"mofy-200-mg","status":"publish","type":"product","link":"https:\/\/buymodafinilonline.com\/it\/smart-drug-it\/mofy-200-mg\/","title":{"rendered":"Mofy 200 MG"},"content":{"rendered":"[vc_column width=\u201d1\/2\u2033]\n<div class=\"su-divider su-divider-style-default\" style=\"margin:10px 0;border-width:3px;border-color:#ffffff00\"><a href=\"#\" style=\"color:#ffffff009\">.<\/a><\/div>\n<h2>Che cos\u2019\u00e8 Mofy 200 mg?<\/h2>\n<div class=\"su-divider su-divider-style-default\" style=\"margin:10px 0;border-width:3px;border-color:#ffffff00\"><a href=\"#\" style=\"color:#ffffff009\">.<\/a><\/div>\nMofy 200 mg contiene<a href=\"https:\/\/buymodafinilonline.com\/it\/la-verita-su-modafinil\/\"> modafinil<\/a> , \u00e8 un farmaco sicuro approvato come rimedio a vari problemi di disturbi del sonno dovuti a disturbi del sonno da lavoro a turni (SWSD), sindrome da apnea \/ ipopnea ostruttiva del sonno (OSAHS) e narcolessia.<\/p>\n<p>Questo farmaco \u00e8 molto potente nell\u2019aiutare il paziente a rimanere sveglio durante il giorno e riduce la tendenza ad addormentarsi durante il lavoro notturno. Oltre a questa approvazione della Food and Drug Administration (FDA), questo farmaco \u00e8 anche ampiamente utilizzato off-label per trattare molti altri problemi di salute come il disturbo da deficit di attenzione e iperattivit\u00e0 (ADHD), depressione, jet lag, perdita di memoria nei malati di Alzheimer e cognitivi menomazione, ecc.<\/p>\n<p>Una volta ingerito, il meccanismo Mofy ripristina efficacemente il normale ciclo del sonno poich\u00e9 modula la concentrazione di messaggeri chimici nel cervello come l\u2019aumento della ricaptazione della dopamina, dell\u2019istamina e dell\u2019orexina. In questo modo, modafinil esercita un effetto stimolante per ridurre la sonnolenza estrema e aumentando i livelli di dopamina, premia con altri effetti che si traducono in una migliore funzione cognitiva.<\/p>\n<p>Come farmaco modafinil, Mofy \u00e8 segretamente utilizzato da dirigenti aziendali laboriosi, personale sportivo, studenti, astronauti, dipendenti e operatori del call center. Migliora la capacit\u00e0 di pianificare e prendere decisioni e ha un effetto positivo sull\u2019apprendimento, la memoria e la creativit\u00e0.<\/p>\n<div class=\"su-divider su-divider-style-default\" style=\"margin:10px 0;border-width:3px;border-color:#ffffff00\"><a href=\"#\" style=\"color:#ffffff009\">.<\/a><\/div>\n<h2><strong>Dosaggio sicuro e uso corretto<\/strong><\/h2>\n<div class=\"su-divider su-divider-style-default\" style=\"margin:10px 0;border-width:3px;border-color:#ffffff00\"><a href=\"#\" style=\"color:#ffffff009\">.<\/a><\/div>\nA seconda dello scopo del trattamento, la pillola Mofy 200 mg \u00e8 la dose giornaliera raccomandata. Deve essere assunto solo secondo la prescrizione del medico e consentire al medico di valutare la tua salute per possibili problemi di salute \u00e8 fondamentale.<\/p>\n<p>Mofy \u00e8 sicuro se assunto da persone sane senza alcun problema di salute sottostante. \u00c8 sicuro da assumere con o senza cibo, ma alcuni prodotti possono rallentare il suo tasso di assorbimento.<\/p>\n<p>Non saltare nessuna dose di Mofy e termina l\u2019intero ciclo di trattamento anche se ti senti meglio.<\/p>\n<p>Non interrompa improvvisamente modafinil poich\u00e9 potrebbe peggiorare i sintomi. In caso di utilizzo off-label, attenersi ai consigli del medico e leggere le informazioni complete fornite sul foglio illustrativo del farmaco.<\/p>\n<div class=\"su-divider su-divider-style-default\" style=\"margin:10px 0;border-width:3px;border-color:#ffffff00\"><a href=\"#\" style=\"color:#ffffff009\">.<\/a><\/div>\n<h2><strong>Possibili effetti collaterali<\/strong><\/h2>\n<div class=\"su-divider su-divider-style-default\" style=\"margin:10px 0;border-width:3px;border-color:#ffffff00\"><a href=\"#\" style=\"color:#ffffff009\">.<\/a><\/div>\nMofy 200mg \u00e8 sicuro e ben tollerato. Tuttavia, alcuni individui possono avere effetti negativi. Alcuni effetti negativi sono di breve durata e svaniscono con l\u2019uso continuo o l\u2019interruzione (se persiste) di Mofy.<\/p>\n<p>Gli effetti collaterali comuni includono mal di testa, insonnia, vertigini, mal di schiena, nausea, disturbi di stomaco, diarrea, sensazione di ansia o nervosismo, naso chiuso.<\/p>\n<p>Provoca anche sonnolenza e vertigini, quindi non guidare o fare nulla che richieda concentrazione mentale fino a quando l\u2019effetto del farmaco non \u00e8 scomparso.<\/p>\n<p>Effetti negativi rari ma pi\u00f9 gravi possono includere ipersensibilit\u00e0, febbre e brividi, confusione, pensieri suicidi, stanchezza e debolezza insolite, dolore toracico.<\/p>\n<p>Questo non \u00e8 un elenco completo dei possibili effetti negativi. Consulta il tuo medico specialista se questi effetti negativi ti danno fastidio o non si attenuano.<\/p>\n[\/vc_column][vc_column width=\u201d1\/2\u2033]\n<div class=\"su-divider su-divider-style-default\" style=\"margin:10px 0;border-width:3px;border-color:#ffffff00\"><a href=\"#\" style=\"color:#ffffff009\">.<\/a><\/div>\n<h2><strong>Controindicazioni e precauzioni<\/strong><\/h2>\n<div class=\"su-divider su-divider-style-default\" style=\"margin:10px 0;border-width:3px;border-color:#ffffff00\"><a href=\"#\" style=\"color:#ffffff009\">.<\/a><\/div>\nLe eugeroiche sono sicure se assunte secondo prescrizione medica e senza miscelazione con altri medicinali che possono causare gravi interazioni. Si consiglia di seguire le istruzioni riportate sul foglio illustrativo del farmaco e di fornire un elenco completo degli altri farmaci che si stanno utilizzando al proprio medico specialista per la valutazione.<\/p>\n<p>Possibili interazioni di Mofy con altri medicinali includono:<\/p>\n<div class=\"su-divider su-divider-style-default\" style=\"margin:10px 0;border-width:3px;border-color:#ffffff00\"><a href=\"#\" style=\"color:#ffffff009\">.<\/a><\/div>\n<ul>\n<li>farmaci per il controllo delle nascite;<\/li>\n<li>Inibitori MAO;<\/li>\n<li>Stimolanti del sistema nervoso centrale;<\/li>\n<li>Substrati di CYP3A4 \/ 5 e CYP2C19;<\/li>\n<li>warfarin e altri.<\/li>\n<\/ul>\n<div class=\"su-divider su-divider-style-default\" style=\"margin:10px 0;border-width:3px;border-color:#ffffff00\"><a href=\"#\" style=\"color:#ffffff009\">.<\/a><\/div>\nMofy 200 mg non \u00e8 raccomandato per l\u2019uso in pazienti e individui sani che sono allergici al modafinil oa qualsiasi medicinale nootropico. In caso di allergia a determinati farmaci, l\u2019assunzione di modafinil pu\u00f2 manifestare segni di una grave reazione allergica. Si raccomanda alle donne incinte oa quelle che allattano di non usare i farmaci Mofy se non necessario. I rischi e i benefici devono essere discussi con un medico specialista prima di assumere questo farmaco.<\/p>\n<p>A scopo precauzionale, si sconsiglia di assumere il medicinale Mofy sotto l\u2019influenza di alcol. Pu\u00f2 aumentare il rischio di effetti negativi come giudizio alterato, vertigini e sonnolenza, tra gli altri effetti negativi senza precedenti.<\/p>\n<p>Informa un medico specialista se manifesti pensieri suicidi, depressione nuova o in peggioramento o se sviluppi cambiamenti insoliti di umore o comportamento tra gli altri, mentre sei sotto questo farmaco.<\/p>\n<div class=\"su-divider su-divider-style-default\" style=\"margin:10px 0;border-width:3px;border-color:#ffffff00\"><a href=\"#\" style=\"color:#ffffff009\">.<\/a><\/div>\n<h2><strong>Generico Mofy 200mg (Modafinil) in linea<\/strong><\/h2>\n<div class=\"su-divider su-divider-style-default\" style=\"margin:10px 0;border-width:3px;border-color:#ffffff00\"><a href=\"#\" style=\"color:#ffffff009\">.<\/a><\/div>\nI generici Modafinil sono genuini ed estremamente economici nella farmacia online BuyModafinilOnline. Ci procuriamo \u201cfarmaci intelligenti\u201d da produttori approvati e li offriamo al costo di produzione.<a href=\"https:\/\/buymodafinilonline.com\/smart-drugs-bestsellers\/\"> I migliori nootropi<\/a> sono disponibili per la vendita dal nostro e-drugstore.<\/p>\n<p>Nella migliore delle ipotesi, offriamo anche<a href=\"https:\/\/buymodafinilonline.com\/free-trial\/\"> campioni di prova gratuiti<\/a> di modafinil e armodafinil per testare la sicurezza e l\u2019efficacia dei farmaci che offriamo. Trattiamo solo con i migliori prodotti farmaceutici di fiducia.<\/p>\n<p>Ottieni facilmente e legalmente Mofy 200 mg o qualsiasi altro nootropico<a href=\"https:\/\/buymodafinilonline.com\/it\/smart-drug-it\/modalert-200-mg\/\">(Modalert<\/a>, <a href=\"https:\/\/buymodafinilonline.com\/it\/smart-drug-it\/modafil-md-200-mg-sublinguale\/\">Modafil MD<\/a>, <a href=\"https:\/\/buymodafinilonline.com\/it\/smart-drug-it\/modvigil-200-mg\/\">Modvigil<\/a>, <a href=\"https:\/\/buymodafinilonline.com\/it\/smart-drug-it\/artvigil-150-mg\/\">Artvigil<\/a>, <a href=\"https:\/\/buymodafinilonline.com\/it\/smart-drug-it\/waklert-150-mg-tablets\/\">Waklert<\/a>, ecc.) nella nostra e-pharmacia da banco (senza prescrizione medica). Le <a href=\"https:\/\/buymodafinilonline.com\/smart-drugs-brands\/\">compresse di modafinil e armodafinil di alta qualit\u00e0<\/a> che offriamo sono il modo migliore per risparmiare utilizzando <a href=\"https:\/\/buymodafinilonline.com\/coupons-deals-promo-codes\/\">coupon, offerte e codici promozionali<\/a> e sconti.<\/p>\n<p>Spediamo in tutto il mondo e ti permettiamo di provare il nostro<a href=\"https:\/\/buymodafinilonline.com\/it\/miglior-fornitore-modafinil-italia\/\"> spedizione ultrarapida esclusiva<\/a> con consegna gratuita per ordini superiori a $ 80 se si utilizza la spedizione per posta aerea registrata o ottieni la spedizione Express gratuita per tutti gli ordini superiori a $ 150.<\/p>\n<p>In caso di mancata consegna, non preoccuparti! Offriamo a<a href=\"https:\/\/buymodafinilonline.com\/refund-reshipment\/\"> Rimborso del 100%<\/a> o darti un\u2019altra rispedizione gratuita. Non hai niente da perdere dalla nostra farmacia online modafinil.<\/p>\n<p>La nostra farmacia \u00e8 altamente protetta con un certificato SSL. Offriamo eccellenti opzioni di pagamento, tra cui<a href=\"https:\/\/buymodafinilonline.com\/it\/paga-in-bitcoin\/\"> Bitcoin<\/a> (BTC), PayPal e le principali carte di credito. Risparmia il 23% sul costo totale quando paghi con BTC! Pi\u00f9 tablet compri, pi\u00f9 basso sar\u00e0 il prezzo!<\/p>\n<div class=\"su-divider su-divider-style-default\" style=\"margin:10px 0;border-width:3px;border-color:#ffffff00\"><a href=\"#\" style=\"color:#ffffff009\">.<\/a><\/div>\n[\/vc_column]\n<div class=\"su-divider su-divider-style-default\" style=\"margin:10px 0;border-width:3px;border-color:#ffffff00\"><a href=\"#\" style=\"color:#ffffff009\">.<\/a><\/div>\n","protected":false},"excerpt":{"rendered":"<p>Acquista le compresse da 200 mg di Mofy presso la nostra farmacia poich\u00e9 le forniamo dal produttore Bondane Pharma, dall&#8217;India. Comunemente questo farmaco \u00e8 usato per trattare l&#8217;eccessiva sonnolenza diurna. Le persone sane lo rendono ampiamente popolare come potenziatore della produttivit\u00e0 e cognitivo. Mofy contiene modafinil come ingrediente attivo. Nella nostra farmacia online, puoi ottenere questo nootropico al miglior prezzo al costo di produzione.<\/p>\n[sc name=\"s1\"]\n","protected":false},"featured_media":398204,"comment_status":"open","ping_status":"closed","template":"","meta":{"_acf_changed":false},"product_brand":[],"product_cat":[3787],"product_tag":[4028],"class_list":{"0":"post-408783","1":"product","2":"type-product","3":"status-publish","4":"has-post-thumbnail","6":"product_cat-marchi-smart-drugs","7":"product_tag-modafinil-it","9":"first","10":"instock","11":"sale","12":"shipping-taxable","13":"purchasable","14":"product-type-variable","15":"has-default-attributes"},"acf":[],"yoast_head":"<!-- This site is optimized with the Yoast SEO Premium plugin v23.6 (Yoast SEO v27.5) - https:\/\/yoast.com\/product\/yoast-seo-premium-wordpress\/ -->\n<title>Acquista farmaci economici Mofy 200 MG (Modafinil) OTC - BuyModafinilOnline<\/title>\n<meta name=\"description\" content=\"Acquista Mofy 200mg compresse online dal produttore Bondane Pharma. Acquista Mofy 200mg (modafinil) da banco presso la farmacia BuyModafinilOnline. Paga con Bitcoin - risparmia il 23%!\" \/>\n<meta name=\"robots\" content=\"index, follow, max-snippet:-1, max-image-preview:large, max-video-preview:-1\" \/>\n<link rel=\"canonical\" href=\"https:\/\/buymodafinilonline.com\/it\/smart-drug-it\/mofy-200-mg\/\" \/>\n<meta property=\"og:locale\" content=\"it_IT\" \/>\n<meta property=\"og:type\" content=\"article\" \/>\n<meta property=\"og:title\" content=\"Mofy 200 MG\" \/>\n<meta property=\"og:description\" content=\"Acquista Mofy 200mg compresse online dal produttore Bondane Pharma. Acquista Mofy 200mg (modafinil) da banco presso la farmacia BuyModafinilOnline. Paga con Bitcoin - risparmia il 23%!\" \/>\n<meta property=\"og:url\" content=\"https:\/\/buymodafinilonline.com\/it\/smart-drug-it\/mofy-200-mg\/\" \/>\n<meta property=\"og:site_name\" content=\"BuyModafinilOnline.com\" \/>\n<meta property=\"article:modified_time\" content=\"2025-04-22T09:47:01+00:00\" \/>\n<meta property=\"og:image\" content=\"https:\/\/buymodafinilonline.com\/wp-content\/uploads\/2020\/04\/bmo-product-mofy-200-mg.png\" \/>\n\t<meta property=\"og:image:width\" content=\"1280\" \/>\n\t<meta property=\"og:image:height\" content=\"1500\" \/>\n\t<meta property=\"og:image:type\" content=\"image\/png\" \/>\n<meta name=\"twitter:label1\" content=\"Tempo di lettura stimato\" \/>\n\t<meta name=\"twitter:data1\" content=\"5 minuti\" \/>\n<script type=\"application\/ld+json\" class=\"yoast-schema-graph\">{\"@context\":\"https:\\\/\\\/schema.org\",\"@graph\":[{\"@type\":\"WebPage\",\"@id\":\"https:\\\/\\\/buymodafinilonline.com\\\/it\\\/smart-drug-it\\\/mofy-200-mg\\\/\",\"url\":\"https:\\\/\\\/buymodafinilonline.com\\\/it\\\/smart-drug-it\\\/mofy-200-mg\\\/\",\"name\":\"Acquista farmaci economici Mofy 200 MG (Modafinil) OTC - BuyModafinilOnline\",\"isPartOf\":{\"@id\":\"https:\\\/\\\/buymodafinilonline.com\\\/it\\\/#website\"},\"primaryImageOfPage\":{\"@id\":\"https:\\\/\\\/buymodafinilonline.com\\\/it\\\/smart-drug-it\\\/mofy-200-mg\\\/#primaryimage\"},\"image\":{\"@id\":\"https:\\\/\\\/buymodafinilonline.com\\\/it\\\/smart-drug-it\\\/mofy-200-mg\\\/#primaryimage\"},\"thumbnailUrl\":\"https:\\\/\\\/buymodafinilonline.com\\\/wp-content\\\/uploads\\\/2020\\\/04\\\/bmo-product-mofy-200-mg.png\",\"datePublished\":\"2020-11-08T16:12:04+00:00\",\"dateModified\":\"2025-04-22T09:47:01+00:00\",\"description\":\"Acquista Mofy 200mg compresse online dal produttore Bondane Pharma. Acquista Mofy 200mg (modafinil) da banco presso la farmacia BuyModafinilOnline. Paga con Bitcoin - risparmia il 23%!\",\"breadcrumb\":{\"@id\":\"https:\\\/\\\/buymodafinilonline.com\\\/it\\\/smart-drug-it\\\/mofy-200-mg\\\/#breadcrumb\"},\"inLanguage\":\"it-IT\",\"potentialAction\":[{\"@type\":\"ReadAction\",\"target\":[\"https:\\\/\\\/buymodafinilonline.com\\\/it\\\/smart-drug-it\\\/mofy-200-mg\\\/\"]}]},{\"@type\":\"ImageObject\",\"inLanguage\":\"it-IT\",\"@id\":\"https:\\\/\\\/buymodafinilonline.com\\\/it\\\/smart-drug-it\\\/mofy-200-mg\\\/#primaryimage\",\"url\":\"https:\\\/\\\/buymodafinilonline.com\\\/wp-content\\\/uploads\\\/2020\\\/04\\\/bmo-product-mofy-200-mg.png\",\"contentUrl\":\"https:\\\/\\\/buymodafinilonline.com\\\/wp-content\\\/uploads\\\/2020\\\/04\\\/bmo-product-mofy-200-mg.png\",\"width\":1280,\"height\":1500,\"caption\":\"Mofy 200 mg\"},{\"@type\":\"BreadcrumbList\",\"@id\":\"https:\\\/\\\/buymodafinilonline.com\\\/it\\\/smart-drug-it\\\/mofy-200-mg\\\/#breadcrumb\",\"itemListElement\":[{\"@type\":\"ListItem\",\"position\":1,\"name\":\"Buy Modafinil Online\",\"item\":\"https:\\\/\\\/buymodafinilonline.com\\\/it\\\/\"},{\"@type\":\"ListItem\",\"position\":2,\"name\":\"Negozio\",\"item\":\"https:\\\/\\\/buymodafinilonline.com\\\/it\\\/negozio\\\/\"},{\"@type\":\"ListItem\",\"position\":3,\"name\":\"Marchi Smart Drugs\",\"item\":\"https:\\\/\\\/buymodafinilonline.com\\\/it\\\/categoria-di-prodotto\\\/marchi-smart-drugs\\\/\"},{\"@type\":\"ListItem\",\"position\":4,\"name\":\"Mofy 200 MG\"}]},{\"@type\":\"WebSite\",\"@id\":\"https:\\\/\\\/buymodafinilonline.com\\\/it\\\/#website\",\"url\":\"https:\\\/\\\/buymodafinilonline.com\\\/it\\\/\",\"name\":\"BuyModafinilOnline.com\",\"description\":\"Modafinil Online Pharmacy\",\"publisher\":{\"@id\":\"https:\\\/\\\/buymodafinilonline.com\\\/it\\\/#organization\"},\"potentialAction\":[{\"@type\":\"SearchAction\",\"target\":{\"@type\":\"EntryPoint\",\"urlTemplate\":\"https:\\\/\\\/buymodafinilonline.com\\\/it\\\/?s={search_term_string}\"},\"query-input\":{\"@type\":\"PropertyValueSpecification\",\"valueRequired\":true,\"valueName\":\"search_term_string\"}}],\"inLanguage\":\"it-IT\"},{\"@type\":\"Organization\",\"@id\":\"https:\\\/\\\/buymodafinilonline.com\\\/it\\\/#organization\",\"name\":\"BuyModafinilOnline\",\"url\":\"https:\\\/\\\/buymodafinilonline.com\\\/it\\\/\",\"logo\":{\"@type\":\"ImageObject\",\"inLanguage\":\"it-IT\",\"@id\":\"https:\\\/\\\/buymodafinilonline.com\\\/it\\\/#\\\/schema\\\/logo\\\/image\\\/\",\"url\":\"https:\\\/\\\/buymodafinilonline.com\\\/wp-content\\\/uploads\\\/2020\\\/04\\\/logo-buy-modafinil-online-yellow.png\",\"contentUrl\":\"https:\\\/\\\/buymodafinilonline.com\\\/wp-content\\\/uploads\\\/2020\\\/04\\\/logo-buy-modafinil-online-yellow.png\",\"width\":200,\"height\":200,\"caption\":\"BuyModafinilOnline\"},\"image\":{\"@id\":\"https:\\\/\\\/buymodafinilonline.com\\\/it\\\/#\\\/schema\\\/logo\\\/image\\\/\"}}]}<\/script>\n<!-- \/ Yoast SEO Premium plugin. -->","yoast_head_json":{"title":"Acquista farmaci economici Mofy 200 MG (Modafinil) OTC - BuyModafinilOnline","description":"Acquista Mofy 200mg compresse online dal produttore Bondane Pharma. Acquista Mofy 200mg (modafinil) da banco presso la farmacia BuyModafinilOnline. Paga con Bitcoin - risparmia il 23%!","robots":{"index":"index","follow":"follow","max-snippet":"max-snippet:-1","max-image-preview":"max-image-preview:large","max-video-preview":"max-video-preview:-1"},"canonical":"https:\/\/buymodafinilonline.com\/it\/smart-drug-it\/mofy-200-mg\/","og_locale":"it_IT","og_type":"article","og_title":"Mofy 200 MG","og_description":"Acquista Mofy 200mg compresse online dal produttore Bondane Pharma. Acquista Mofy 200mg (modafinil) da banco presso la farmacia BuyModafinilOnline. Paga con Bitcoin - risparmia il 23%!","og_url":"https:\/\/buymodafinilonline.com\/it\/smart-drug-it\/mofy-200-mg\/","og_site_name":"BuyModafinilOnline.com","article_modified_time":"2025-04-22T09:47:01+00:00","og_image":[{"width":1280,"height":1500,"url":"https:\/\/buymodafinilonline.com\/wp-content\/uploads\/2020\/04\/bmo-product-mofy-200-mg.png","type":"image\/png"}],"twitter_misc":{"Tempo di lettura stimato":"5 minuti"},"schema":{"@context":"https:\/\/schema.org","@graph":[{"@type":"WebPage","@id":"https:\/\/buymodafinilonline.com\/it\/smart-drug-it\/mofy-200-mg\/","url":"https:\/\/buymodafinilonline.com\/it\/smart-drug-it\/mofy-200-mg\/","name":"Acquista farmaci economici Mofy 200 MG (Modafinil) OTC - BuyModafinilOnline","isPartOf":{"@id":"https:\/\/buymodafinilonline.com\/it\/#website"},"primaryImageOfPage":{"@id":"https:\/\/buymodafinilonline.com\/it\/smart-drug-it\/mofy-200-mg\/#primaryimage"},"image":{"@id":"https:\/\/buymodafinilonline.com\/it\/smart-drug-it\/mofy-200-mg\/#primaryimage"},"thumbnailUrl":"https:\/\/buymodafinilonline.com\/wp-content\/uploads\/2020\/04\/bmo-product-mofy-200-mg.png","datePublished":"2020-11-08T16:12:04+00:00","dateModified":"2025-04-22T09:47:01+00:00","description":"Acquista Mofy 200mg compresse online dal produttore Bondane Pharma. Acquista Mofy 200mg (modafinil) da banco presso la farmacia BuyModafinilOnline. Paga con Bitcoin - risparmia il 23%!","breadcrumb":{"@id":"https:\/\/buymodafinilonline.com\/it\/smart-drug-it\/mofy-200-mg\/#breadcrumb"},"inLanguage":"it-IT","potentialAction":[{"@type":"ReadAction","target":["https:\/\/buymodafinilonline.com\/it\/smart-drug-it\/mofy-200-mg\/"]}]},{"@type":"ImageObject","inLanguage":"it-IT","@id":"https:\/\/buymodafinilonline.com\/it\/smart-drug-it\/mofy-200-mg\/#primaryimage","url":"https:\/\/buymodafinilonline.com\/wp-content\/uploads\/2020\/04\/bmo-product-mofy-200-mg.png","contentUrl":"https:\/\/buymodafinilonline.com\/wp-content\/uploads\/2020\/04\/bmo-product-mofy-200-mg.png","width":1280,"height":1500,"caption":"Mofy 200 mg"},{"@type":"BreadcrumbList","@id":"https:\/\/buymodafinilonline.com\/it\/smart-drug-it\/mofy-200-mg\/#breadcrumb","itemListElement":[{"@type":"ListItem","position":1,"name":"Buy Modafinil Online","item":"https:\/\/buymodafinilonline.com\/it\/"},{"@type":"ListItem","position":2,"name":"Negozio","item":"https:\/\/buymodafinilonline.com\/it\/negozio\/"},{"@type":"ListItem","position":3,"name":"Marchi Smart Drugs","item":"https:\/\/buymodafinilonline.com\/it\/categoria-di-prodotto\/marchi-smart-drugs\/"},{"@type":"ListItem","position":4,"name":"Mofy 200 MG"}]},{"@type":"WebSite","@id":"https:\/\/buymodafinilonline.com\/it\/#website","url":"https:\/\/buymodafinilonline.com\/it\/","name":"BuyModafinilOnline.com","description":"Modafinil Online Pharmacy","publisher":{"@id":"https:\/\/buymodafinilonline.com\/it\/#organization"},"potentialAction":[{"@type":"SearchAction","target":{"@type":"EntryPoint","urlTemplate":"https:\/\/buymodafinilonline.com\/it\/?s={search_term_string}"},"query-input":{"@type":"PropertyValueSpecification","valueRequired":true,"valueName":"search_term_string"}}],"inLanguage":"it-IT"},{"@type":"Organization","@id":"https:\/\/buymodafinilonline.com\/it\/#organization","name":"BuyModafinilOnline","url":"https:\/\/buymodafinilonline.com\/it\/","logo":{"@type":"ImageObject","inLanguage":"it-IT","@id":"https:\/\/buymodafinilonline.com\/it\/#\/schema\/logo\/image\/","url":"https:\/\/buymodafinilonline.com\/wp-content\/uploads\/2020\/04\/logo-buy-modafinil-online-yellow.png","contentUrl":"https:\/\/buymodafinilonline.com\/wp-content\/uploads\/2020\/04\/logo-buy-modafinil-online-yellow.png","width":200,"height":200,"caption":"BuyModafinilOnline"},"image":{"@id":"https:\/\/buymodafinilonline.com\/it\/#\/schema\/logo\/image\/"}}]}},"_links":{"self":[{"href":"https:\/\/buymodafinilonline.com\/it\/wp-json\/wp\/v2\/product\/408783","targetHints":{"allow":["GET"]}}],"collection":[{"href":"https:\/\/buymodafinilonline.com\/it\/wp-json\/wp\/v2\/product"}],"about":[{"href":"https:\/\/buymodafinilonline.com\/it\/wp-json\/wp\/v2\/types\/product"}],"replies":[{"embeddable":true,"href":"https:\/\/buymodafinilonline.com\/it\/wp-json\/wp\/v2\/comments?post=408783"}],"wp:featuredmedia":[{"embeddable":true,"href":"https:\/\/buymodafinilonline.com\/it\/wp-json\/wp\/v2\/media\/398204"}],"wp:attachment":[{"href":"https:\/\/buymodafinilonline.com\/it\/wp-json\/wp\/v2\/media?parent=408783"}],"wp:term":[{"taxonomy":"product_brand","embeddable":true,"href":"https:\/\/buymodafinilonline.com\/it\/wp-json\/wp\/v2\/product_brand?post=408783"},{"taxonomy":"product_cat","embeddable":true,"href":"https:\/\/buymodafinilonline.com\/it\/wp-json\/wp\/v2\/product_cat?post=408783"},{"taxonomy":"product_tag","embeddable":true,"href":"https:\/\/buymodafinilonline.com\/it\/wp-json\/wp\/v2\/product_tag?post=408783"}],"curies":[{"name":"wp","href":"https:\/\/api.w.org\/{rel}","templated":true}]}}