{"id":408879,"date":"2020-04-18T19:43:12","date_gmt":"2020-11-08T16:18:17","guid":{"rendered":"https:\/\/buymodafinilonline.com\/smart-drugs\/modatec-200-mg\/"},"modified":"2025-04-22T10:54:43","modified_gmt":"2025-04-22T09:54:43","slug":"modatec-200-mg","status":"publish","type":"product","link":"https:\/\/buymodafinilonline.com\/it\/smart-drug-it\/modatec-200-mg\/","title":{"rendered":"Modatec 200 MG"},"content":{"rendered":"[vc_column width=\u201d1\/2\u2033]\n<div class=\"su-divider su-divider-style-default\" style=\"margin:10px 0;border-width:3px;border-color:#ffffff00\"><a href=\"#\" style=\"color:#ffffff009\">.<\/a><\/div>\n<h2>Che cos\u2019\u00e8 Modatec 200 mg?<\/h2>\n<div class=\"su-divider su-divider-style-default\" style=\"margin:10px 0;border-width:3px;border-color:#ffffff00\"><a href=\"#\" style=\"color:#ffffff009\">.<\/a><\/div>\nModafinil, un ingrediente attivo di Modatec, \u00e8 stato approvato dalla US FDA (Food and Drug Administration) come trattamento della sonnolenza incontrollabile dovuta a narcolessia, disturbo del sonno sul lavoro a turni (SWSD) e apnea ostruttiva del sonno (OSA). Viene anche prescritto off-label a pazienti con disturbo da deficit di attenzione e iperattivit\u00e0 (ADHD), affaticamento correlato alla sclerosi multipla, jet lag, morbo di Parkinson, depressione e altre condizioni di salute. Le persone sane possono anche utilizzare Modatec 200 mg come potenziatore della produttivit\u00e0 e potenziatore cognitivo durante attivit\u00e0 complesse che richiedono maggiore capacit\u00e0 cerebrale e veglia.<\/p>\n<p>Questo farmaco agisce efficacemente stimolando varie sostanze chimiche del cervello, che controllano il ciclo sonno-veglia, incluso un neurotrasmettitore molto importante: la dopamina (un messaggero chimico che i neuroni usano per comunicare). Modatec potenzia l\u2019effetto della dopamina aumentando le sue concentrazioni nel corpo. Aumenta anche la disponibilit\u00e0 sinaptica di neurotrasmettitori come serotonina, istamina, orexina, adenosina. Inibendo la ricaptazione della dopamina, porta ricompense in effetti cognitivi come memoria migliorata, stati d\u2019animo migliorati, vigilanza, acutezza mentale e altri.<\/p>\n<div class=\"su-divider su-divider-style-default\" style=\"margin:10px 0;border-width:3px;border-color:#ffffff00\"><a href=\"#\" style=\"color:#ffffff009\">.<\/a><\/div>\n<h2><strong>Dosaggio sicuro e uso corretto<\/strong><\/h2>\n<div class=\"su-divider su-divider-style-default\" style=\"margin:10px 0;border-width:3px;border-color:#ffffff00\"><a href=\"#\" style=\"color:#ffffff009\">.<\/a><\/div>\nModafinil \u00e8 sicuro e ben tollerato in individui sani: \u00e8 il \u201cprimo farmaco intelligente sicuro al mondo\u201d. Tuttavia, prima di assumere qualsiasi nootropico contenente questo principio attivo e durante la terapia farmacologica, la sicurezza dovrebbe tornare utile. Il dosaggio raccomandato di Modatec \u00e8 di 200 mg. Lascia che il tuo medico valuti la tua salute per determinare se questo medicinale \u00e8 il migliore per te, a seconda dell\u2019esito delle tue condizioni di salute.<\/p>\n<p>Il dosaggio deve essere assunto secondo la prescrizione. Se lo scopo della somministrazione \u00e8 quello di trattare la narcolessia o l\u2019OSA, una compressa deve essere assunta una volta al giorno al mattino. Per SWSD, consumare una dose circa un\u2019ora prima del turno di lavoro. Se hai intenzione di assumere questo medicinale off-label, consulta un medico specialista per darti la giusta prescrizione. Potrebbe essere necessario un aggiustamento della dose a seconda della salute, ad esempio, se viene diagnosticata una grave insufficienza epatica, Modatec 200 mg deve essere ridotto della met\u00e0. Non prenda pi\u00f9 di 1 compressa al giorno (sovradosaggio) poich\u00e9 ci\u00f2 pu\u00f2 contribuire a gravi problemi di salute.<\/p>\n<div class=\"su-divider su-divider-style-default\" style=\"margin:10px 0;border-width:3px;border-color:#ffffff00\"><a href=\"#\" style=\"color:#ffffff009\">.<\/a><\/div>\n<h2><strong>Possibili effetti collaterali<\/strong><\/h2>\n<div class=\"su-divider su-divider-style-default\" style=\"margin:10px 0;border-width:3px;border-color:#ffffff00\"><a href=\"#\" style=\"color:#ffffff009\">.<\/a><\/div>\nL\u2019assunzione di questo farmaco in modo appropriato con un corpo sano non causa effetti collaterali; tuttavia, non possono essere completamente esclusi. Si consiglia di consultare un medico per valutare la propria salute per una possibile condizione medica che potrebbe innescare alcuni gravi effetti collaterali.<\/p>\n<p>I possibili effetti negativi comuni correlati all\u2019uso di Modatec 200 mg possono includere:<\/p>\n<div class=\"su-divider su-divider-style-default\" style=\"margin:10px 0;border-width:3px;border-color:#ffffff00\"><a href=\"#\" style=\"color:#ffffff009\">.<\/a><\/div>\n<ul>\n<li>mal di testa, vertigini;<\/li>\n<li>insonnia;<\/li>\n<li>sensazione di nervosismo o ansia;<\/li>\n<li>nausea, disturbi di stomaco, diarrea;<\/li>\n<li>naso chiuso.<\/li>\n<\/ul>\n<div class=\"su-divider su-divider-style-default\" style=\"margin:10px 0;border-width:3px;border-color:#ffffff00\"><a href=\"#\" style=\"color:#ffffff009\">.<\/a><\/div>\n[\/vc_column][vc_column width=\u201d1\/2\u2033]\n<div class=\"su-divider su-divider-style-default\" style=\"margin:10px 0;border-width:3px;border-color:#ffffff00\"><a href=\"#\" style=\"color:#ffffff009\">.<\/a><\/div>\n<p>Gli effetti negativi rari ma pi\u00f9 gravi includono:<br \/>\n<div class=\"su-divider su-divider-style-default\" style=\"margin:10px 0;border-width:3px;border-color:#ffffff00\"><a href=\"#\" style=\"color:#ffffff009\">.<\/a><\/div>\n<ul>\n<li>ipersensibilit\u00e0;<\/li>\n<li>febbre e brividi;<\/li>\n<li>dolore al petto;<\/li>\n<li>confusione;<\/li>\n<li>stanchezza e debolezza insolite;<\/li>\n<li>Sindrome di Stevens-Johnson e altri.<\/li>\n<\/ul>\n<div class=\"su-divider su-divider-style-default\" style=\"margin:10px 0;border-width:3px;border-color:#ffffff00\"><a href=\"#\" style=\"color:#ffffff009\">.<\/a><\/div>\nQuesto non \u00e8 un elenco completo dei possibili effetti negativi. Si consiglia inoltre di non guidare o fare nulla che richieda concentrazione e attenzione mentale fino a quando non si sa come questo farmaco influisce sul sistema. Se uno qualsiasi degli effetti negativi si verifica e persiste, consultare un medico per chiedere aiuto.<\/p>\n<div class=\"su-divider su-divider-style-default\" style=\"margin:10px 0;border-width:3px;border-color:#ffffff00\"><a href=\"#\" style=\"color:#ffffff009\">.<\/a><\/div>\n<h2><strong>Controindicazioni e precauzioni<\/strong><\/h2>\n<div class=\"su-divider su-divider-style-default\" style=\"margin:10px 0;border-width:3px;border-color:#ffffff00\"><a href=\"#\" style=\"color:#ffffff009\">.<\/a><\/div>\nModatec \u00e8 sicuro se assunto senza mescolarlo con altri medicinali. Si consiglia di fornire un elenco completo dei farmaci (prescrizione \/ senza ricetta medica) o dei rimedi erboristici che stai utilizzando a un medico specialista per la valutazione. Inoltre, informa un medico delle tue condizioni di salute, inclusi insufficienza renale o epatica, malattie cardiache o una storia di convulsioni prima di prendere Modatec o qualsiasi altro nootropico.<\/p>\n<p>Questo farmaco non \u00e8 consigliabile per l\u2019uso in pazienti con una nota allergia ai farmaci nootropici. Le donne incinte o le madri che allattano non dovrebbero usare alcun \u201cfarmaco intelligente\u201d. Se \u00e8 necessario, un medico specialista dovrebbe discutere i possibili rischi e benefici prima di prendere questo medicinale a base di modafinil.<\/p>\n<div class=\"su-divider su-divider-style-default\" style=\"margin:10px 0;border-width:3px;border-color:#ffffff00\"><a href=\"#\" style=\"color:#ffffff009\">.<\/a><\/div>\n<p>Modatec interagisce con altri farmaci tra cui:<\/p>\n<ul>\n<li>Inibitori MAO;<\/li>\n<li>Substrati di CYP3A4 \/ 5 e CYP2C19;<\/li>\n<li>fluidificanti del sangue come il warfarin;<\/li>\n<li>farmaci per il controllo delle nascite;<\/li>\n<li>Stimolanti del SNC e altri.<\/li>\n<\/ul>\n<div class=\"su-divider su-divider-style-default\" style=\"margin:10px 0;border-width:3px;border-color:#ffffff00\"><a href=\"#\" style=\"color:#ffffff009\">.<\/a><\/div>\nQuesto nootropico funziona bene con la maggior parte degli alimenti, ma i pasti grassi possono ritardarne l\u2019inizio dell\u2019azione. Si sconsiglia di mescolarlo con l\u2019alcol. Pu\u00f2 aumentare il rischio di sonnolenza, vertigini e disturbi della capacit\u00e0 di giudizio, oltre ad altri effetti negativi senza precedenti.<\/p>\n<div class=\"su-divider su-divider-style-default\" style=\"margin:10px 0;border-width:3px;border-color:#ffffff00\"><a href=\"#\" style=\"color:#ffffff009\">.<\/a><\/div>\n<h2><strong>Acquista Modatec generico 200mg (Modafinil) online<\/strong><\/h2>\n<div class=\"su-divider su-divider-style-default\" style=\"margin:10px 0;border-width:3px;border-color:#ffffff00\"><a href=\"#\" style=\"color:#ffffff009\">.<\/a><\/div>\nBuyModafinilOnline \u00e8 il miglior fornitore di nootropi online che pone la salute del paziente come una priorit\u00e0 acquistando farmaci di qualit\u00e0 da aziende farmaceutiche approvate. Nella migliore delle ipotesi, offriamo da banco \u201c<a href=\"https:\/\/buymodafinilonline.com\/smart-drugs-brands\/\"> droghe intelligenti<\/a> \u201c(<a href=\"https:\/\/buymodafinilonline.com\/it\/smart-drug-it\/modatec-200-mg\/\"> Modatec<\/a> ,<a href=\"https:\/\/buymodafinilonline.com\/it\/smart-drug-it\/modapro-200-mg\/\"> Modapro<\/a> ,<a href=\"https:\/\/buymodafinilonline.com\/it\/smart-drug-it\/provake-200-mg\/\"> Provake<\/a> ,<a href=\"https:\/\/buymodafinilonline.com\/it\/smart-drug-it\/modfil-200-mg\/\"> Modfil<\/a> , ecc.) al costo di produzione. Abbiamo anche<a href=\"https:\/\/buymodafinilonline.com\/free-trial\/\"> campioni di prova gratuiti<\/a> dei nostri bestseller di modafinil e armodafinil.<\/p>\n<p>Risparmia di pi\u00f9 dalla nostra farmacia elettronica utilizzando coupon, offerte e sconti. Accettiamo diversi metodi di pagamento sicuri, tra cui le principali carte di credito, AmEx, Zelle, PayPal, e-Check, <a href=\"https:\/\/buymodafinilonline.com\/it\/paga-in-bitcoin\/\">Bitcoin<\/a> (con uno sconto del 23%) e altre criptovalute.<\/p>\n<p>La nostra spedizione dei pacchi \u00e8 velocissima e noi offriamo<a href=\"https:\/\/buymodafinilonline.com\/refund-reshipment\/\"> rispedizione gratuita o rimborso del 100%<\/a> in caso di mancata consegna. La spedizione gratuita \u00e8 disponibile per ordini superiori a $ 80 spediti tramite posta aerea registrata (un\u2019opzione di consegna standard) e per ordini superiori a $ 150 tramite Express Mail Service (EMS). Pi\u00f9 compresse ordini, minore sar\u00e0 il costo!<\/p>\n<div class=\"su-divider su-divider-style-default\" style=\"margin:10px 0;border-width:3px;border-color:#ffffff00\"><a href=\"#\" style=\"color:#ffffff009\">.<\/a><\/div>\n[\/vc_column]\n<div class=\"su-divider su-divider-style-default\" style=\"margin:10px 0;border-width:3px;border-color:#ffffff00\"><a href=\"#\" style=\"color:#ffffff009\">.<\/a><\/div>\n","protected":false},"excerpt":{"rendered":"<p>Modatec 200 mg \u00e8 prodotto da Cipla Ltd. Contiene modafinil come ingrediente attivo. \u00c8 un agente promotore della veglia prescritto a pazienti con estrema sonnolenza durante il giorno a causa di alcuni disturbi del sonno. Modatec aiuta a rimanere sveglio durante l&#8217;orario di lavoro quando non \u00e8 previsto un orario di sonno programmato. Funziona anche come un potenziatore della produttivit\u00e0 e cognitivo. Ottieni questo farmaco dalla nostra farmacia online al costo di produzione o ordina campioni di prova gratuiti dei best seller di modafinil e armodafinil.<\/p>\n[sc name=\"s1\"]\n","protected":false},"featured_media":398183,"comment_status":"open","ping_status":"closed","template":"","meta":{"_acf_changed":false},"product_brand":[],"product_cat":[3787],"product_tag":[4028],"class_list":{"0":"post-408879","1":"product","2":"type-product","3":"status-publish","4":"has-post-thumbnail","6":"product_cat-marchi-smart-drugs","7":"product_tag-modafinil-it","9":"first","10":"instock","11":"sale","12":"shipping-taxable","13":"purchasable","14":"product-type-variable","15":"has-default-attributes"},"acf":[],"yoast_head":"<!-- This site is optimized with the Yoast SEO Premium plugin v23.6 (Yoast SEO v27.6) - https:\/\/yoast.com\/product\/yoast-seo-premium-wordpress\/ -->\n<title>Acquista Modatec 200 MG (Modafinil) compresse da banco - BuyModafinilOnline<\/title>\n<meta name=\"description\" content=\"Farmaci Modatec 200 mg economici online dal produttore Cipla. Acquista Modatec 200 mg (modafinil) OTC presso la farmacia BuyModafinilOnline. Paga con carta di credito, PayPal o Bitcoin e ottieni grandi sconti!\" \/>\n<meta name=\"robots\" content=\"index, follow, max-snippet:-1, max-image-preview:large, max-video-preview:-1\" \/>\n<link rel=\"canonical\" href=\"https:\/\/buymodafinilonline.com\/it\/smart-drug-it\/modatec-200-mg\/\" \/>\n<meta property=\"og:locale\" content=\"it_IT\" \/>\n<meta property=\"og:type\" content=\"article\" \/>\n<meta property=\"og:title\" content=\"Modatec 200 MG\" \/>\n<meta property=\"og:description\" content=\"Farmaci Modatec 200 mg economici online dal produttore Cipla. Acquista Modatec 200 mg (modafinil) OTC presso la farmacia BuyModafinilOnline. Paga con carta di credito, PayPal o Bitcoin e ottieni grandi sconti!\" \/>\n<meta property=\"og:url\" content=\"https:\/\/buymodafinilonline.com\/it\/smart-drug-it\/modatec-200-mg\/\" \/>\n<meta property=\"og:site_name\" content=\"BuyModafinilOnline.com\" \/>\n<meta property=\"article:modified_time\" content=\"2025-04-22T09:54:43+00:00\" \/>\n<meta property=\"og:image\" content=\"https:\/\/buymodafinilonline.com\/wp-content\/uploads\/2020\/04\/bmo-product-modatec-200-mg.png\" \/>\n\t<meta property=\"og:image:width\" content=\"1280\" \/>\n\t<meta property=\"og:image:height\" content=\"1500\" \/>\n\t<meta property=\"og:image:type\" content=\"image\/png\" \/>\n<meta name=\"twitter:label1\" content=\"Tempo di lettura stimato\" \/>\n\t<meta name=\"twitter:data1\" content=\"5 minuti\" \/>\n<script type=\"application\/ld+json\" class=\"yoast-schema-graph\">{\"@context\":\"https:\\\/\\\/schema.org\",\"@graph\":[{\"@type\":\"WebPage\",\"@id\":\"https:\\\/\\\/buymodafinilonline.com\\\/it\\\/smart-drug-it\\\/modatec-200-mg\\\/\",\"url\":\"https:\\\/\\\/buymodafinilonline.com\\\/it\\\/smart-drug-it\\\/modatec-200-mg\\\/\",\"name\":\"Acquista Modatec 200 MG (Modafinil) compresse da banco - BuyModafinilOnline\",\"isPartOf\":{\"@id\":\"https:\\\/\\\/buymodafinilonline.com\\\/it\\\/#website\"},\"primaryImageOfPage\":{\"@id\":\"https:\\\/\\\/buymodafinilonline.com\\\/it\\\/smart-drug-it\\\/modatec-200-mg\\\/#primaryimage\"},\"image\":{\"@id\":\"https:\\\/\\\/buymodafinilonline.com\\\/it\\\/smart-drug-it\\\/modatec-200-mg\\\/#primaryimage\"},\"thumbnailUrl\":\"https:\\\/\\\/buymodafinilonline.com\\\/wp-content\\\/uploads\\\/2020\\\/04\\\/bmo-product-modatec-200-mg.png\",\"datePublished\":\"2020-11-08T16:18:17+00:00\",\"dateModified\":\"2025-04-22T09:54:43+00:00\",\"description\":\"Farmaci Modatec 200 mg economici online dal produttore Cipla. Acquista Modatec 200 mg (modafinil) OTC presso la farmacia BuyModafinilOnline. Paga con carta di credito, PayPal o Bitcoin e ottieni grandi sconti!\",\"breadcrumb\":{\"@id\":\"https:\\\/\\\/buymodafinilonline.com\\\/it\\\/smart-drug-it\\\/modatec-200-mg\\\/#breadcrumb\"},\"inLanguage\":\"it-IT\",\"potentialAction\":[{\"@type\":\"ReadAction\",\"target\":[\"https:\\\/\\\/buymodafinilonline.com\\\/it\\\/smart-drug-it\\\/modatec-200-mg\\\/\"]}]},{\"@type\":\"ImageObject\",\"inLanguage\":\"it-IT\",\"@id\":\"https:\\\/\\\/buymodafinilonline.com\\\/it\\\/smart-drug-it\\\/modatec-200-mg\\\/#primaryimage\",\"url\":\"https:\\\/\\\/buymodafinilonline.com\\\/wp-content\\\/uploads\\\/2020\\\/04\\\/bmo-product-modatec-200-mg.png\",\"contentUrl\":\"https:\\\/\\\/buymodafinilonline.com\\\/wp-content\\\/uploads\\\/2020\\\/04\\\/bmo-product-modatec-200-mg.png\",\"width\":1280,\"height\":1500,\"caption\":\"Modatec 200 mg\"},{\"@type\":\"BreadcrumbList\",\"@id\":\"https:\\\/\\\/buymodafinilonline.com\\\/it\\\/smart-drug-it\\\/modatec-200-mg\\\/#breadcrumb\",\"itemListElement\":[{\"@type\":\"ListItem\",\"position\":1,\"name\":\"Buy Modafinil Online\",\"item\":\"https:\\\/\\\/buymodafinilonline.com\\\/it\\\/\"},{\"@type\":\"ListItem\",\"position\":2,\"name\":\"Negozio\",\"item\":\"https:\\\/\\\/buymodafinilonline.com\\\/it\\\/negozio\\\/\"},{\"@type\":\"ListItem\",\"position\":3,\"name\":\"Marchi Smart Drugs\",\"item\":\"https:\\\/\\\/buymodafinilonline.com\\\/it\\\/categoria-di-prodotto\\\/marchi-smart-drugs\\\/\"},{\"@type\":\"ListItem\",\"position\":4,\"name\":\"Modatec 200 MG\"}]},{\"@type\":\"WebSite\",\"@id\":\"https:\\\/\\\/buymodafinilonline.com\\\/it\\\/#website\",\"url\":\"https:\\\/\\\/buymodafinilonline.com\\\/it\\\/\",\"name\":\"BuyModafinilOnline.com\",\"description\":\"Modafinil Online Pharmacy\",\"publisher\":{\"@id\":\"https:\\\/\\\/buymodafinilonline.com\\\/it\\\/#organization\"},\"potentialAction\":[{\"@type\":\"SearchAction\",\"target\":{\"@type\":\"EntryPoint\",\"urlTemplate\":\"https:\\\/\\\/buymodafinilonline.com\\\/it\\\/?s={search_term_string}\"},\"query-input\":{\"@type\":\"PropertyValueSpecification\",\"valueRequired\":true,\"valueName\":\"search_term_string\"}}],\"inLanguage\":\"it-IT\"},{\"@type\":\"Organization\",\"@id\":\"https:\\\/\\\/buymodafinilonline.com\\\/it\\\/#organization\",\"name\":\"BuyModafinilOnline\",\"url\":\"https:\\\/\\\/buymodafinilonline.com\\\/it\\\/\",\"logo\":{\"@type\":\"ImageObject\",\"inLanguage\":\"it-IT\",\"@id\":\"https:\\\/\\\/buymodafinilonline.com\\\/it\\\/#\\\/schema\\\/logo\\\/image\\\/\",\"url\":\"https:\\\/\\\/buymodafinilonline.com\\\/wp-content\\\/uploads\\\/2020\\\/04\\\/logo-buy-modafinil-online-yellow.png\",\"contentUrl\":\"https:\\\/\\\/buymodafinilonline.com\\\/wp-content\\\/uploads\\\/2020\\\/04\\\/logo-buy-modafinil-online-yellow.png\",\"width\":200,\"height\":200,\"caption\":\"BuyModafinilOnline\"},\"image\":{\"@id\":\"https:\\\/\\\/buymodafinilonline.com\\\/it\\\/#\\\/schema\\\/logo\\\/image\\\/\"}}]}<\/script>\n<!-- \/ Yoast SEO Premium plugin. -->","yoast_head_json":{"title":"Acquista Modatec 200 MG (Modafinil) compresse da banco - BuyModafinilOnline","description":"Farmaci Modatec 200 mg economici online dal produttore Cipla. Acquista Modatec 200 mg (modafinil) OTC presso la farmacia BuyModafinilOnline. Paga con carta di credito, PayPal o Bitcoin e ottieni grandi sconti!","robots":{"index":"index","follow":"follow","max-snippet":"max-snippet:-1","max-image-preview":"max-image-preview:large","max-video-preview":"max-video-preview:-1"},"canonical":"https:\/\/buymodafinilonline.com\/it\/smart-drug-it\/modatec-200-mg\/","og_locale":"it_IT","og_type":"article","og_title":"Modatec 200 MG","og_description":"Farmaci Modatec 200 mg economici online dal produttore Cipla. Acquista Modatec 200 mg (modafinil) OTC presso la farmacia BuyModafinilOnline. Paga con carta di credito, PayPal o Bitcoin e ottieni grandi sconti!","og_url":"https:\/\/buymodafinilonline.com\/it\/smart-drug-it\/modatec-200-mg\/","og_site_name":"BuyModafinilOnline.com","article_modified_time":"2025-04-22T09:54:43+00:00","og_image":[{"width":1280,"height":1500,"url":"https:\/\/buymodafinilonline.com\/wp-content\/uploads\/2020\/04\/bmo-product-modatec-200-mg.png","type":"image\/png"}],"twitter_misc":{"Tempo di lettura stimato":"5 minuti"},"schema":{"@context":"https:\/\/schema.org","@graph":[{"@type":"WebPage","@id":"https:\/\/buymodafinilonline.com\/it\/smart-drug-it\/modatec-200-mg\/","url":"https:\/\/buymodafinilonline.com\/it\/smart-drug-it\/modatec-200-mg\/","name":"Acquista Modatec 200 MG (Modafinil) compresse da banco - BuyModafinilOnline","isPartOf":{"@id":"https:\/\/buymodafinilonline.com\/it\/#website"},"primaryImageOfPage":{"@id":"https:\/\/buymodafinilonline.com\/it\/smart-drug-it\/modatec-200-mg\/#primaryimage"},"image":{"@id":"https:\/\/buymodafinilonline.com\/it\/smart-drug-it\/modatec-200-mg\/#primaryimage"},"thumbnailUrl":"https:\/\/buymodafinilonline.com\/wp-content\/uploads\/2020\/04\/bmo-product-modatec-200-mg.png","datePublished":"2020-11-08T16:18:17+00:00","dateModified":"2025-04-22T09:54:43+00:00","description":"Farmaci Modatec 200 mg economici online dal produttore Cipla. Acquista Modatec 200 mg (modafinil) OTC presso la farmacia BuyModafinilOnline. Paga con carta di credito, PayPal o Bitcoin e ottieni grandi sconti!","breadcrumb":{"@id":"https:\/\/buymodafinilonline.com\/it\/smart-drug-it\/modatec-200-mg\/#breadcrumb"},"inLanguage":"it-IT","potentialAction":[{"@type":"ReadAction","target":["https:\/\/buymodafinilonline.com\/it\/smart-drug-it\/modatec-200-mg\/"]}]},{"@type":"ImageObject","inLanguage":"it-IT","@id":"https:\/\/buymodafinilonline.com\/it\/smart-drug-it\/modatec-200-mg\/#primaryimage","url":"https:\/\/buymodafinilonline.com\/wp-content\/uploads\/2020\/04\/bmo-product-modatec-200-mg.png","contentUrl":"https:\/\/buymodafinilonline.com\/wp-content\/uploads\/2020\/04\/bmo-product-modatec-200-mg.png","width":1280,"height":1500,"caption":"Modatec 200 mg"},{"@type":"BreadcrumbList","@id":"https:\/\/buymodafinilonline.com\/it\/smart-drug-it\/modatec-200-mg\/#breadcrumb","itemListElement":[{"@type":"ListItem","position":1,"name":"Buy Modafinil Online","item":"https:\/\/buymodafinilonline.com\/it\/"},{"@type":"ListItem","position":2,"name":"Negozio","item":"https:\/\/buymodafinilonline.com\/it\/negozio\/"},{"@type":"ListItem","position":3,"name":"Marchi Smart Drugs","item":"https:\/\/buymodafinilonline.com\/it\/categoria-di-prodotto\/marchi-smart-drugs\/"},{"@type":"ListItem","position":4,"name":"Modatec 200 MG"}]},{"@type":"WebSite","@id":"https:\/\/buymodafinilonline.com\/it\/#website","url":"https:\/\/buymodafinilonline.com\/it\/","name":"BuyModafinilOnline.com","description":"Modafinil Online Pharmacy","publisher":{"@id":"https:\/\/buymodafinilonline.com\/it\/#organization"},"potentialAction":[{"@type":"SearchAction","target":{"@type":"EntryPoint","urlTemplate":"https:\/\/buymodafinilonline.com\/it\/?s={search_term_string}"},"query-input":{"@type":"PropertyValueSpecification","valueRequired":true,"valueName":"search_term_string"}}],"inLanguage":"it-IT"},{"@type":"Organization","@id":"https:\/\/buymodafinilonline.com\/it\/#organization","name":"BuyModafinilOnline","url":"https:\/\/buymodafinilonline.com\/it\/","logo":{"@type":"ImageObject","inLanguage":"it-IT","@id":"https:\/\/buymodafinilonline.com\/it\/#\/schema\/logo\/image\/","url":"https:\/\/buymodafinilonline.com\/wp-content\/uploads\/2020\/04\/logo-buy-modafinil-online-yellow.png","contentUrl":"https:\/\/buymodafinilonline.com\/wp-content\/uploads\/2020\/04\/logo-buy-modafinil-online-yellow.png","width":200,"height":200,"caption":"BuyModafinilOnline"},"image":{"@id":"https:\/\/buymodafinilonline.com\/it\/#\/schema\/logo\/image\/"}}]}},"_links":{"self":[{"href":"https:\/\/buymodafinilonline.com\/it\/wp-json\/wp\/v2\/product\/408879","targetHints":{"allow":["GET"]}}],"collection":[{"href":"https:\/\/buymodafinilonline.com\/it\/wp-json\/wp\/v2\/product"}],"about":[{"href":"https:\/\/buymodafinilonline.com\/it\/wp-json\/wp\/v2\/types\/product"}],"replies":[{"embeddable":true,"href":"https:\/\/buymodafinilonline.com\/it\/wp-json\/wp\/v2\/comments?post=408879"}],"wp:featuredmedia":[{"embeddable":true,"href":"https:\/\/buymodafinilonline.com\/it\/wp-json\/wp\/v2\/media\/398183"}],"wp:attachment":[{"href":"https:\/\/buymodafinilonline.com\/it\/wp-json\/wp\/v2\/media?parent=408879"}],"wp:term":[{"taxonomy":"product_brand","embeddable":true,"href":"https:\/\/buymodafinilonline.com\/it\/wp-json\/wp\/v2\/product_brand?post=408879"},{"taxonomy":"product_cat","embeddable":true,"href":"https:\/\/buymodafinilonline.com\/it\/wp-json\/wp\/v2\/product_cat?post=408879"},{"taxonomy":"product_tag","embeddable":true,"href":"https:\/\/buymodafinilonline.com\/it\/wp-json\/wp\/v2\/product_tag?post=408879"}],"curies":[{"name":"wp","href":"https:\/\/api.w.org\/{rel}","templated":true}]}}