{"id":408880,"date":"2020-04-18T19:44:43","date_gmt":"2020-11-08T16:18:18","guid":{"rendered":"https:\/\/buymodafinilonline.com\/smart-drugs\/provake-200-mg\/"},"modified":"2025-04-22T10:55:58","modified_gmt":"2025-04-22T09:55:58","slug":"provake-200-mg","status":"publish","type":"product","link":"https:\/\/buymodafinilonline.com\/it\/smart-drug-it\/provake-200-mg\/","title":{"rendered":"Provake 200 MG"},"content":{"rendered":"[vc_column width=&#8221;1\/2&#8243;]\n<div class=\"su-divider su-divider-style-default\" style=\"margin:10px 0;border-width:3px;border-color:#ffffff00\"><a href=\"#\" style=\"color:#ffffff009\">.<\/a><\/div>\n<h2>Che cos&#8217;\u00e8 Provake 200 mg?<\/h2>\n<div class=\"su-divider su-divider-style-default\" style=\"margin:10px 0;border-width:3px;border-color:#ffffff00\"><a href=\"#\" style=\"color:#ffffff009\">.<\/a><\/div>\nQuesto farmaco \u00e8 un potente rimedio per varie condizioni di salute. In primo luogo, \u00e8 approvato per il trattamento dei disturbi del sonno dovuti alla sindrome da apnea ostruttiva \/ ipopnea del sonno (OSAHS), narcolessia e disturbo del sonno da lavoro a turni (SWSD).<\/p>\n<p>La prescrizione off-label include il trattamento per il disturbo da deficit di attenzione e iperattivo (ADHD \/ ADD), deterioramento cognitivo, declino della memoria correlato all&#8217;et\u00e0, morbo di Parkinson, sclerosi multipla, depressione e sindrome da stanchezza cronica e altre condizioni di salute.<\/p>\n<p>Le persone sane usano questo tipo di farmaci come potenziatore cognitivo e per aumentare la produttivit\u00e0. Questa possibilit\u00e0 \u00e8 dovuta al modo in cui Provake influisce sulla funzione cerebrale. Il suo meccanismo ripristina il normale ciclo del sonno poich\u00e9 modula i livelli di messaggeri chimici nel cervello inibendo la ricaptazione della dopamina e aumentandone il livello nel cervello.<\/p>\n<p>Aumenta anche i livelli di neurotrasmettitori di istamina e orexina ed esercita un effetto stimolante per ridurre la sonnolenza estrema. Aumentando i livelli di dopamina, premia con altri effetti che si traducono in una migliore funzione cognitiva, energia, memoria e altri benefici.<\/p>\n<div class=\"su-divider su-divider-style-default\" style=\"margin:10px 0;border-width:3px;border-color:#ffffff00\"><a href=\"#\" style=\"color:#ffffff009\">.<\/a><\/div>\n<h2><strong>Dosaggio sicuro e uso corretto<\/strong><\/h2>\n<div class=\"su-divider su-divider-style-default\" style=\"margin:10px 0;border-width:3px;border-color:#ffffff00\"><a href=\"#\" style=\"color:#ffffff009\">.<\/a><\/div>\nLa compressa di Provake da 200 mg \u00e8 la dose raccomandata dei farmaci modafinil. Prima di assumere, consultare un medico specialista per valutare la propria salute per possibili condizioni di salute che potrebbero influire sull&#8217;uso di questo farmaco.<\/p>\n<p>A seconda dello scopo d&#8217;uso, prenderlo secondo prescrizione e non overdose. Se lo prendi off-label, considera i vantaggi e i rischi. Un medico dovrebbe determinare se \u00e8 meglio per te ed \u00e8 necessario esercitare uno stile di vita di qualit\u00e0 affinch\u00e9 Provake funzioni in modo efficace senza influire sulla tua salute.<\/p>\n<div class=\"su-divider su-divider-style-default\" style=\"margin:10px 0;border-width:3px;border-color:#ffffff00\"><a href=\"#\" style=\"color:#ffffff009\">.<\/a><\/div>\n<h2><strong>Possibili effetti collaterali<\/strong><\/h2>\n<div class=\"su-divider su-divider-style-default\" style=\"margin:10px 0;border-width:3px;border-color:#ffffff00\"><a href=\"#\" style=\"color:#ffffff009\">.<\/a><\/div>\nPossono esistere effetti negativi quando si utilizza Provake 200 mg. Le persone sane non presentano effetti negativi gravi. Se qualcuno di loro esiste, pu\u00f2 essere di breve durata.<\/p>\n<p>L&#8217;effetto negativo comune include:<\/p>\n<div class=\"su-divider su-divider-style-default\" style=\"margin:10px 0;border-width:3px;border-color:#ffffff00\"><a href=\"#\" style=\"color:#ffffff009\">.<\/a><\/div>\n<ul>\n<li>mal di testa, vertigini;<\/li>\n<li>mal di schiena;<\/li>\n<li>nausea, disturbi di stomaco, diarrea;<\/li>\n<li>problemi di sonno;<\/li>\n<li>sensazione di nervosismo o ansia;<\/li>\n<li>naso chiuso.<\/li>\n<\/ul>\n<div class=\"su-divider su-divider-style-default\" style=\"margin:10px 0;border-width:3px;border-color:#ffffff00\"><a href=\"#\" style=\"color:#ffffff009\">.<\/a><\/div>\nGli effetti collaterali rari ma pi\u00f9 gravi includono:<\/p>\n<div class=\"su-divider su-divider-style-default\" style=\"margin:10px 0;border-width:3px;border-color:#ffffff00\"><a href=\"#\" style=\"color:#ffffff009\">.<\/a><\/div>\n<ul>\n<li>ipersensibilit\u00e0;<\/li>\n<li>febbre e brividi;<\/li>\n<li>dolore al petto;<\/li>\n<li>confusione;<\/li>\n<li>cambiamenti insoliti dell&#8217;umore o del comportamento;<\/li>\n<li>stanchezza e debolezza insolite;<\/li>\n<li>Sindrome di Stevens-Johnson e altri.<\/li>\n<\/ul>\n<div class=\"su-divider su-divider-style-default\" style=\"margin:10px 0;border-width:3px;border-color:#ffffff00\"><a href=\"#\" style=\"color:#ffffff009\">.<\/a><\/div>\nQuesto non \u00e8 un elenco completo dei possibili effetti negativi.<br \/>\n[\/vc_column][vc_column width=&#8221;1\/2&#8243;]\n<div class=\"su-divider su-divider-style-default\" style=\"margin:10px 0;border-width:3px;border-color:#ffffff00\"><a href=\"#\" style=\"color:#ffffff009\">.<\/a><\/div>\nPu\u00f2 anche causare sonnolenza e vertigini, quindi non guidare o fare nulla che richieda concentrazione e attenzione mentale fino a quando gli effetti di Provake 200 mg sul corpo non sono scomparsi. Se si verificano pensieri suicidi, depressione nuova o in peggioramento e se questi effetti avversi si verificano e ti danno fastidio o non si attenuano o svaniscono anche dopo aver interrotto il farmaco, consulta il tuo medico specialista per aiuto.<\/p>\n<div class=\"su-divider su-divider-style-default\" style=\"margin:10px 0;border-width:3px;border-color:#ffffff00\"><a href=\"#\" style=\"color:#ffffff009\">.<\/a><\/div>\n<h2><strong>Controindicazioni e precauzioni<\/strong><\/h2>\n<div class=\"su-divider su-divider-style-default\" style=\"margin:10px 0;border-width:3px;border-color:#ffffff00\"><a href=\"#\" style=\"color:#ffffff009\">.<\/a><\/div>\nValutare la tua salute e far conoscere a un medico le medicine che stai usando \u00e8 molto importante. Questo farmaco \u00e8 molto sicuro se assunto senza mescolarlo con altri medicinali. Si consiglia di fornire a un medico un elenco completo di farmaci (farmaci da prescrizione \/ senza prescrizione medica) o prodotti a base di erbe che si sta utilizzando.<\/p>\n<p>Il medicinale Provake 200 mg non \u00e8 raccomandato per l&#8217;uso in persone con una nota allergia a<a href=\"https:\/\/buymodafinilonline.com\/it\/la-verita-su-modafinil\/\"> modafinil<\/a> o qualsiasi prodotto eugeroico. Alle donne incinte o alle madri che allattano si sconsiglia di utilizzare un prodotto nootropico. Se \u00e8 necessario discutere i possibili rischi e benefici con un medico prima di prendere Provake &#8220;smart drug&#8221;.<\/p>\n<p>Si sconsiglia di mescolarlo con l&#8217;alcol. Pu\u00f2 aumentare il rischio di sonnolenza, vertigini e disturbi della capacit\u00e0 di giudizio, oltre ad altri effetti negativi senza precedenti.<\/p>\n<p>Possibili interazioni con altri farmaci includono substrati CYP3A4 \/ 5 e CYP2C19, warfarin, farmaci anticoncezionali, inibitori MAO, stimolanti del SNC e altri.<\/p>\n<p>Ancora pi\u00f9 importante, informa il tuo medico specialista delle tue condizioni di salute, inclusi reni, fegato, malattie cardiache o una storia di convulsioni, tra gli altri problemi di salute prima di prendere Provake nootropic. Provake funziona bene con il cibo, ma alcuni cibi possono ritardarne l&#8217;inizio dell&#8217;azione.<\/p>\n<div class=\"su-divider su-divider-style-default\" style=\"margin:10px 0;border-width:3px;border-color:#ffffff00\"><a href=\"#\" style=\"color:#ffffff009\">.<\/a><\/div>\n<h2><strong>Acquista Provake generico 200mg (Modafinil) online<\/strong><\/h2>\n<div class=\"su-divider su-divider-style-default\" style=\"margin:10px 0;border-width:3px;border-color:#ffffff00\"><a href=\"#\" style=\"color:#ffffff009\">.<\/a><\/div>\nSii vigile e utilizza solo una farmacia elettronica legittima e affidabile che si rifornisce SOLO da produttori approvati. La fiducia e la qualit\u00e0 dei farmaci offerti da una farmacia online sono rappresentate dalle recensioni online, in particolare su Trustpilot e Yotpo. BuyModafinilOnline \u00e8 la migliore farmacia online di modafinil, che aiuta gli acquirenti a farlo in sicurezza<a href=\"https:\/\/buymodafinilonline.com\/smart-drugs-brands\/\"> ottenere eugeroics di qualit\u00e0<\/a> proveniente da produttori approvati. Offriamo anche armodafinil e modafinil gratuiti<a href=\"https:\/\/buymodafinilonline.com\/free-trial\/\"> campioni di prova<\/a> e altre &#8220;droghe intelligenti&#8221;, come<a href=\"https:\/\/buymodafinilonline.com\/it\/smart-drug-it\/modvigil-200-mg\/\"> Modvigil<\/a> ,<a href=\"https:\/\/buymodafinilonline.com\/it\/smart-drug-it\/artvigil-150-mg\/\"> Artvigil<\/a> ,<a href=\"https:\/\/buymodafinilonline.com\/it\/smart-drug-it\/waklert-150-mg-tablets\/\"> Waklert<\/a> , eccetera.<\/p>\n<p>Noi offriamo<a href=\"https:\/\/buymodafinilonline.com\/it\/miglior-fornitore-modafinil-italia\/\"> spedizione gratuita<\/a> su tutti gli ordini superiori a $ 80 per la spedizione di posta aerea registrata o superiori a $ 150 per il servizio di posta espresso. In caso di mancata consegna, offriamo un<a href=\"https:\/\/buymodafinilonline.com\/refund-reshipment\/\"> Rimborso del 100% o rispedizione gratuita<\/a> .<\/p>\n<p>Ottieni il <a href=\"https:\/\/buymodafinilonline.com\/it\/paga-in-bitcoin\/\">23% di sconto pagando con Bitcoin<\/a>, e accettiamo PayPal, Visa, MasterCard. Inoltre, puoi utilizzare diversi coupon per risparmiare pi\u00f9 denaro: BMO-WHATEVERYOUWANT10 per $ 10 di sconto per qualsiasi ordine, pi\u00f9 coupon puoi guardare &#8220;<a href=\"https:\/\/buymodafinilonline.com\/coupons-deals-promo-codes\/\"> I nostri buoni per farmacia diretta non scadono mai<\/a> &#8221; pagina.<\/p>\n<p>Il nostro servizio clienti di qualit\u00e0, i prezzi economici dei &#8220;farmaci intelligenti&#8221;, le eccellenti opzioni di pagamento, i coupon e le vendite e la spedizione ultra veloce ci hanno reso la farmacia elettronica pi\u00f9 affidabile.<\/p>\n<div class=\"su-divider su-divider-style-default\" style=\"margin:10px 0;border-width:3px;border-color:#ffffff00\"><a href=\"#\" style=\"color:#ffffff009\">.<\/a><\/div>\n[\/vc_column]\n<div class=\"su-divider su-divider-style-default\" style=\"margin:10px 0;border-width:3px;border-color:#ffffff00\"><a href=\"#\" style=\"color:#ffffff009\">.<\/a><\/div>\n","protected":false},"excerpt":{"rendered":"<p>Provake 200 mg di Ranbaxy Laboratories Ltd (dall&#8217;India) \u00e8 un medicinale soggetto a prescrizione contenente modafinil come ingrediente attivo. \u00c8 usato per promuovere la veglia nelle persone che soffrono di disturbi del sonno durante il giorno o al lavoro per rimanere svegli. \u00c8 anche usato off-label come potenziatore cognitivo e potenziatore della produttivit\u00e0. Ottieni questo farmaco dalla nostra farmacia online e sperimenta il prezzo pi\u00f9 basso in assoluto e la spedizione gratuita per ordini superiori a $ 80 e $ 150.<\/p>\n[sc name=\"s1\"]\n","protected":false},"featured_media":398211,"comment_status":"open","ping_status":"closed","template":"","meta":{"_acf_changed":false},"product_brand":[],"product_cat":[3787],"product_tag":[4028],"class_list":{"0":"post-408880","1":"product","2":"type-product","3":"status-publish","4":"has-post-thumbnail","6":"product_cat-marchi-smart-drugs","7":"product_tag-modafinil-it","9":"first","10":"instock","11":"sale","12":"shipping-taxable","13":"purchasable","14":"product-type-variable","15":"has-default-attributes"},"acf":[],"yoast_head":"<!-- This site is optimized with the Yoast SEO Premium plugin v23.6 (Yoast SEO v27.4) - https:\/\/yoast.com\/product\/yoast-seo-premium-wordpress\/ -->\n<title>Acquista Provake 200 MG (Modafinil) compresse a basso prezzo - BuyModafinilOnline<\/title>\n<meta name=\"description\" content=\"Ottieni online i farmaci Provake 200 mg dal produttore Ranbaxy Laboratories Ltd. Acquista a buon mercato Provake 200 mg (modafinil) dall&#039;India presso la farmacia BuyModafinilOnline. Garanzia di consegna al 100% e confezione discreta.\" \/>\n<meta name=\"robots\" content=\"index, follow, max-snippet:-1, max-image-preview:large, max-video-preview:-1\" \/>\n<link rel=\"canonical\" href=\"https:\/\/buymodafinilonline.com\/it\/smart-drug-it\/provake-200-mg\/\" \/>\n<meta property=\"og:locale\" content=\"it_IT\" \/>\n<meta property=\"og:type\" content=\"article\" \/>\n<meta property=\"og:title\" content=\"Provake 200 MG\" \/>\n<meta property=\"og:description\" content=\"Ottieni online i farmaci Provake 200 mg dal produttore Ranbaxy Laboratories Ltd. Acquista a buon mercato Provake 200 mg (modafinil) dall&#039;India presso la farmacia BuyModafinilOnline. Garanzia di consegna al 100% e confezione discreta.\" \/>\n<meta property=\"og:url\" content=\"https:\/\/buymodafinilonline.com\/it\/smart-drug-it\/provake-200-mg\/\" \/>\n<meta property=\"og:site_name\" content=\"BuyModafinilOnline.com\" \/>\n<meta property=\"article:modified_time\" content=\"2025-04-22T09:55:58+00:00\" \/>\n<meta property=\"og:image\" content=\"https:\/\/buymodafinilonline.com\/wp-content\/uploads\/2020\/04\/bmo-product-provake-200-mg.png\" \/>\n\t<meta property=\"og:image:width\" content=\"1280\" \/>\n\t<meta property=\"og:image:height\" content=\"1500\" \/>\n\t<meta property=\"og:image:type\" content=\"image\/png\" \/>\n<meta name=\"twitter:label1\" content=\"Tempo di lettura stimato\" \/>\n\t<meta name=\"twitter:data1\" content=\"5 minuti\" \/>\n<script type=\"application\/ld+json\" class=\"yoast-schema-graph\">{\"@context\":\"https:\\\/\\\/schema.org\",\"@graph\":[{\"@type\":\"WebPage\",\"@id\":\"https:\\\/\\\/buymodafinilonline.com\\\/it\\\/smart-drug-it\\\/provake-200-mg\\\/\",\"url\":\"https:\\\/\\\/buymodafinilonline.com\\\/it\\\/smart-drug-it\\\/provake-200-mg\\\/\",\"name\":\"Acquista Provake 200 MG (Modafinil) compresse a basso prezzo - BuyModafinilOnline\",\"isPartOf\":{\"@id\":\"https:\\\/\\\/buymodafinilonline.com\\\/it\\\/#website\"},\"primaryImageOfPage\":{\"@id\":\"https:\\\/\\\/buymodafinilonline.com\\\/it\\\/smart-drug-it\\\/provake-200-mg\\\/#primaryimage\"},\"image\":{\"@id\":\"https:\\\/\\\/buymodafinilonline.com\\\/it\\\/smart-drug-it\\\/provake-200-mg\\\/#primaryimage\"},\"thumbnailUrl\":\"https:\\\/\\\/buymodafinilonline.com\\\/wp-content\\\/uploads\\\/2020\\\/04\\\/bmo-product-provake-200-mg.png\",\"datePublished\":\"2020-11-08T16:18:18+00:00\",\"dateModified\":\"2025-04-22T09:55:58+00:00\",\"description\":\"Ottieni online i farmaci Provake 200 mg dal produttore Ranbaxy Laboratories Ltd. Acquista a buon mercato Provake 200 mg (modafinil) dall'India presso la farmacia BuyModafinilOnline. Garanzia di consegna al 100% e confezione discreta.\",\"breadcrumb\":{\"@id\":\"https:\\\/\\\/buymodafinilonline.com\\\/it\\\/smart-drug-it\\\/provake-200-mg\\\/#breadcrumb\"},\"inLanguage\":\"it-IT\",\"potentialAction\":[{\"@type\":\"ReadAction\",\"target\":[\"https:\\\/\\\/buymodafinilonline.com\\\/it\\\/smart-drug-it\\\/provake-200-mg\\\/\"]}]},{\"@type\":\"ImageObject\",\"inLanguage\":\"it-IT\",\"@id\":\"https:\\\/\\\/buymodafinilonline.com\\\/it\\\/smart-drug-it\\\/provake-200-mg\\\/#primaryimage\",\"url\":\"https:\\\/\\\/buymodafinilonline.com\\\/wp-content\\\/uploads\\\/2020\\\/04\\\/bmo-product-provake-200-mg.png\",\"contentUrl\":\"https:\\\/\\\/buymodafinilonline.com\\\/wp-content\\\/uploads\\\/2020\\\/04\\\/bmo-product-provake-200-mg.png\",\"width\":1280,\"height\":1500,\"caption\":\"Prova 200 mg\"},{\"@type\":\"BreadcrumbList\",\"@id\":\"https:\\\/\\\/buymodafinilonline.com\\\/it\\\/smart-drug-it\\\/provake-200-mg\\\/#breadcrumb\",\"itemListElement\":[{\"@type\":\"ListItem\",\"position\":1,\"name\":\"Buy Modafinil Online\",\"item\":\"https:\\\/\\\/buymodafinilonline.com\\\/it\\\/\"},{\"@type\":\"ListItem\",\"position\":2,\"name\":\"Negozio\",\"item\":\"https:\\\/\\\/buymodafinilonline.com\\\/it\\\/negozio\\\/\"},{\"@type\":\"ListItem\",\"position\":3,\"name\":\"Marchi Smart Drugs\",\"item\":\"https:\\\/\\\/buymodafinilonline.com\\\/it\\\/categoria-di-prodotto\\\/marchi-smart-drugs\\\/\"},{\"@type\":\"ListItem\",\"position\":4,\"name\":\"Provake 200 MG\"}]},{\"@type\":\"WebSite\",\"@id\":\"https:\\\/\\\/buymodafinilonline.com\\\/it\\\/#website\",\"url\":\"https:\\\/\\\/buymodafinilonline.com\\\/it\\\/\",\"name\":\"BuyModafinilOnline.com\",\"description\":\"Modafinil Online Pharmacy\",\"publisher\":{\"@id\":\"https:\\\/\\\/buymodafinilonline.com\\\/it\\\/#organization\"},\"potentialAction\":[{\"@type\":\"SearchAction\",\"target\":{\"@type\":\"EntryPoint\",\"urlTemplate\":\"https:\\\/\\\/buymodafinilonline.com\\\/it\\\/?s={search_term_string}\"},\"query-input\":{\"@type\":\"PropertyValueSpecification\",\"valueRequired\":true,\"valueName\":\"search_term_string\"}}],\"inLanguage\":\"it-IT\"},{\"@type\":\"Organization\",\"@id\":\"https:\\\/\\\/buymodafinilonline.com\\\/it\\\/#organization\",\"name\":\"BuyModafinilOnline\",\"url\":\"https:\\\/\\\/buymodafinilonline.com\\\/it\\\/\",\"logo\":{\"@type\":\"ImageObject\",\"inLanguage\":\"it-IT\",\"@id\":\"https:\\\/\\\/buymodafinilonline.com\\\/it\\\/#\\\/schema\\\/logo\\\/image\\\/\",\"url\":\"https:\\\/\\\/buymodafinilonline.com\\\/wp-content\\\/uploads\\\/2020\\\/04\\\/logo-buy-modafinil-online-yellow.png\",\"contentUrl\":\"https:\\\/\\\/buymodafinilonline.com\\\/wp-content\\\/uploads\\\/2020\\\/04\\\/logo-buy-modafinil-online-yellow.png\",\"width\":200,\"height\":200,\"caption\":\"BuyModafinilOnline\"},\"image\":{\"@id\":\"https:\\\/\\\/buymodafinilonline.com\\\/it\\\/#\\\/schema\\\/logo\\\/image\\\/\"}}]}<\/script>\n<!-- \/ Yoast SEO Premium plugin. -->","yoast_head_json":{"title":"Acquista Provake 200 MG (Modafinil) compresse a basso prezzo - BuyModafinilOnline","description":"Ottieni online i farmaci Provake 200 mg dal produttore Ranbaxy Laboratories Ltd. Acquista a buon mercato Provake 200 mg (modafinil) dall'India presso la farmacia BuyModafinilOnline. Garanzia di consegna al 100% e confezione discreta.","robots":{"index":"index","follow":"follow","max-snippet":"max-snippet:-1","max-image-preview":"max-image-preview:large","max-video-preview":"max-video-preview:-1"},"canonical":"https:\/\/buymodafinilonline.com\/it\/smart-drug-it\/provake-200-mg\/","og_locale":"it_IT","og_type":"article","og_title":"Provake 200 MG","og_description":"Ottieni online i farmaci Provake 200 mg dal produttore Ranbaxy Laboratories Ltd. Acquista a buon mercato Provake 200 mg (modafinil) dall'India presso la farmacia BuyModafinilOnline. Garanzia di consegna al 100% e confezione discreta.","og_url":"https:\/\/buymodafinilonline.com\/it\/smart-drug-it\/provake-200-mg\/","og_site_name":"BuyModafinilOnline.com","article_modified_time":"2025-04-22T09:55:58+00:00","og_image":[{"width":1280,"height":1500,"url":"https:\/\/buymodafinilonline.com\/wp-content\/uploads\/2020\/04\/bmo-product-provake-200-mg.png","type":"image\/png"}],"twitter_misc":{"Tempo di lettura stimato":"5 minuti"},"schema":{"@context":"https:\/\/schema.org","@graph":[{"@type":"WebPage","@id":"https:\/\/buymodafinilonline.com\/it\/smart-drug-it\/provake-200-mg\/","url":"https:\/\/buymodafinilonline.com\/it\/smart-drug-it\/provake-200-mg\/","name":"Acquista Provake 200 MG (Modafinil) compresse a basso prezzo - BuyModafinilOnline","isPartOf":{"@id":"https:\/\/buymodafinilonline.com\/it\/#website"},"primaryImageOfPage":{"@id":"https:\/\/buymodafinilonline.com\/it\/smart-drug-it\/provake-200-mg\/#primaryimage"},"image":{"@id":"https:\/\/buymodafinilonline.com\/it\/smart-drug-it\/provake-200-mg\/#primaryimage"},"thumbnailUrl":"https:\/\/buymodafinilonline.com\/wp-content\/uploads\/2020\/04\/bmo-product-provake-200-mg.png","datePublished":"2020-11-08T16:18:18+00:00","dateModified":"2025-04-22T09:55:58+00:00","description":"Ottieni online i farmaci Provake 200 mg dal produttore Ranbaxy Laboratories Ltd. Acquista a buon mercato Provake 200 mg (modafinil) dall'India presso la farmacia BuyModafinilOnline. Garanzia di consegna al 100% e confezione discreta.","breadcrumb":{"@id":"https:\/\/buymodafinilonline.com\/it\/smart-drug-it\/provake-200-mg\/#breadcrumb"},"inLanguage":"it-IT","potentialAction":[{"@type":"ReadAction","target":["https:\/\/buymodafinilonline.com\/it\/smart-drug-it\/provake-200-mg\/"]}]},{"@type":"ImageObject","inLanguage":"it-IT","@id":"https:\/\/buymodafinilonline.com\/it\/smart-drug-it\/provake-200-mg\/#primaryimage","url":"https:\/\/buymodafinilonline.com\/wp-content\/uploads\/2020\/04\/bmo-product-provake-200-mg.png","contentUrl":"https:\/\/buymodafinilonline.com\/wp-content\/uploads\/2020\/04\/bmo-product-provake-200-mg.png","width":1280,"height":1500,"caption":"Prova 200 mg"},{"@type":"BreadcrumbList","@id":"https:\/\/buymodafinilonline.com\/it\/smart-drug-it\/provake-200-mg\/#breadcrumb","itemListElement":[{"@type":"ListItem","position":1,"name":"Buy Modafinil Online","item":"https:\/\/buymodafinilonline.com\/it\/"},{"@type":"ListItem","position":2,"name":"Negozio","item":"https:\/\/buymodafinilonline.com\/it\/negozio\/"},{"@type":"ListItem","position":3,"name":"Marchi Smart Drugs","item":"https:\/\/buymodafinilonline.com\/it\/categoria-di-prodotto\/marchi-smart-drugs\/"},{"@type":"ListItem","position":4,"name":"Provake 200 MG"}]},{"@type":"WebSite","@id":"https:\/\/buymodafinilonline.com\/it\/#website","url":"https:\/\/buymodafinilonline.com\/it\/","name":"BuyModafinilOnline.com","description":"Modafinil Online Pharmacy","publisher":{"@id":"https:\/\/buymodafinilonline.com\/it\/#organization"},"potentialAction":[{"@type":"SearchAction","target":{"@type":"EntryPoint","urlTemplate":"https:\/\/buymodafinilonline.com\/it\/?s={search_term_string}"},"query-input":{"@type":"PropertyValueSpecification","valueRequired":true,"valueName":"search_term_string"}}],"inLanguage":"it-IT"},{"@type":"Organization","@id":"https:\/\/buymodafinilonline.com\/it\/#organization","name":"BuyModafinilOnline","url":"https:\/\/buymodafinilonline.com\/it\/","logo":{"@type":"ImageObject","inLanguage":"it-IT","@id":"https:\/\/buymodafinilonline.com\/it\/#\/schema\/logo\/image\/","url":"https:\/\/buymodafinilonline.com\/wp-content\/uploads\/2020\/04\/logo-buy-modafinil-online-yellow.png","contentUrl":"https:\/\/buymodafinilonline.com\/wp-content\/uploads\/2020\/04\/logo-buy-modafinil-online-yellow.png","width":200,"height":200,"caption":"BuyModafinilOnline"},"image":{"@id":"https:\/\/buymodafinilonline.com\/it\/#\/schema\/logo\/image\/"}}]}},"_links":{"self":[{"href":"https:\/\/buymodafinilonline.com\/it\/wp-json\/wp\/v2\/product\/408880","targetHints":{"allow":["GET"]}}],"collection":[{"href":"https:\/\/buymodafinilonline.com\/it\/wp-json\/wp\/v2\/product"}],"about":[{"href":"https:\/\/buymodafinilonline.com\/it\/wp-json\/wp\/v2\/types\/product"}],"replies":[{"embeddable":true,"href":"https:\/\/buymodafinilonline.com\/it\/wp-json\/wp\/v2\/comments?post=408880"}],"wp:featuredmedia":[{"embeddable":true,"href":"https:\/\/buymodafinilonline.com\/it\/wp-json\/wp\/v2\/media\/398211"}],"wp:attachment":[{"href":"https:\/\/buymodafinilonline.com\/it\/wp-json\/wp\/v2\/media?parent=408880"}],"wp:term":[{"taxonomy":"product_brand","embeddable":true,"href":"https:\/\/buymodafinilonline.com\/it\/wp-json\/wp\/v2\/product_brand?post=408880"},{"taxonomy":"product_cat","embeddable":true,"href":"https:\/\/buymodafinilonline.com\/it\/wp-json\/wp\/v2\/product_cat?post=408880"},{"taxonomy":"product_tag","embeddable":true,"href":"https:\/\/buymodafinilonline.com\/it\/wp-json\/wp\/v2\/product_tag?post=408880"}],"curies":[{"name":"wp","href":"https:\/\/api.w.org\/{rel}","templated":true}]}}