{"id":408892,"date":"2020-04-18T19:42:43","date_gmt":"2020-11-08T16:18:23","guid":{"rendered":"https:\/\/buymodafinilonline.com\/smart-drugs\/modapro-200-mg\/"},"modified":"2025-04-22T10:53:32","modified_gmt":"2025-04-22T09:53:32","slug":"modapro-200-mg","status":"publish","type":"product","link":"https:\/\/buymodafinilonline.com\/it\/smart-drug-it\/modapro-200-mg\/","title":{"rendered":"Modapro 200 MG"},"content":{"rendered":"[vc_column width=&#8221;1\/2&#8243;]\n<div class=\"su-divider su-divider-style-default\" style=\"margin:10px 0;border-width:3px;border-color:#ffffff00\"><a href=\"#\" style=\"color:#ffffff009\">.<\/a><\/div>\n<h2>Che cos&#8217;\u00e8 Modapro 200 mg?<\/h2>\n<div class=\"su-divider su-divider-style-default\" style=\"margin:10px 0;border-width:3px;border-color:#ffffff00\"><a href=\"#\" style=\"color:#ffffff009\">.<\/a><\/div>\nSe i disturbi del sonno ti colpiscono, il farmaco Modapro ti aiuta a rimanere sveglio durante il giorno o durante l&#8217;orario di lavoro.<a href=\"https:\/\/buymodafinilonline.com\/it\/la-verita-su-modafinil\/\"> Farmaco Modafinil<\/a> \u00e8 approvato principalmente dalla Food and Drug Administration (FDA) per il trattamento dei disturbi del sonno dovuti a narcolessia, disturbo del sonno da lavoro a turni (SWSD), apnea ostruttiva del sonno \/ sindrome da ipopnea (OSAHS). Off-label, \u00e8 anche prescritto per il disturbo da deficit di attenzione e iperattivit\u00e0 (ADHD), sclerosi multipla, jet lag, depressione, morbo di Parkinson e altre condizioni di salute.<\/p>\n<p>Gli individui sani possono anche utilizzare questo tipo di farmaco come potenziatore cognitivo e di produttivit\u00e0 quando svolgono lavori complessi.<\/p>\n<p>Vari membri del personale usano questo medicinale quando apprendono o svolgono attivit\u00e0 che richiedono maggiore capacit\u00e0 cerebrale e veglia. Questa attivit\u00e0 \u00e8 dovuta a una sostanza chimica del cervello: la dopamina (un neurotrasmettitore che i nervi cerebrali usano per comunicare). Inibendo la ricaptazione della dopamina, premia gli effetti cognitivi come il miglioramento della memoria, l&#8217;umore migliorato, la vigilanza, l&#8217;acutezza mentale e altri effetti simili.<\/p>\n<p>Aumenta anche la disponibilit\u00e0 sinaptica di neurotrasmettitori come serotonina, monoamine, istamina, orexina, adenosina e altri.<\/p>\n<div class=\"su-divider su-divider-style-default\" style=\"margin:10px 0;border-width:3px;border-color:#ffffff00\"><a href=\"#\" style=\"color:#ffffff009\">.<\/a><\/div>\n<h2><strong>Dosaggio sicuro e uso corretto<\/strong><\/h2>\n<div class=\"su-divider su-divider-style-default\" style=\"margin:10px 0;border-width:3px;border-color:#ffffff00\"><a href=\"#\" style=\"color:#ffffff009\">.<\/a><\/div>\nModapro 200 mg \u00e8 sicuro se assunto da individui sani. \u00c8 molto pi\u00f9 sicuro di Adderall. Tuttavia, si consiglia di somministrare dopo aver consultato un medico specialista. Modapro 200 mg \u00e8 la dose raccomandata somministrata una volta al giorno e deve essere assunto secondo la prescrizione del medico.<\/p>\n<p>Se lo si prende off-label, \u00e8 necessario il consiglio di un medico. Una dose dimenticata di Modapro 200 mg deve essere assunta non appena se ne ricorda. Non overdose. Questo medicinale non \u00e8 consigliabile per l&#8217;uso in pazienti che sono allergici ai composti eugeroici.<\/p>\n<div class=\"su-divider su-divider-style-default\" style=\"margin:10px 0;border-width:3px;border-color:#ffffff00\"><a href=\"#\" style=\"color:#ffffff009\">.<\/a><\/div>\n<h2><strong>Possibili effetti collaterali<\/strong><\/h2>\n<div class=\"su-divider su-divider-style-default\" style=\"margin:10px 0;border-width:3px;border-color:#ffffff00\"><a href=\"#\" style=\"color:#ffffff009\">.<\/a><\/div>\nLa &#8220;droga intelligente&#8221; preferita dal mondo \u00e8 sicura e ben tollerata e raramente causa effetti negativi su individui sani. Tuttavia, possono verificarsi alcuni effetti avversi a seconda della salute, del dosaggio e dell&#8217;aderenza alla prescrizione del paziente.<\/p>\n<p>Gli effetti negativi comuni possono includere:<\/p>\n<div class=\"su-divider su-divider-style-default\" style=\"margin:10px 0;border-width:3px;border-color:#ffffff00\"><a href=\"#\" style=\"color:#ffffff009\">.<\/a><\/div>\n<ul>\n<li>mal di testa, vertigini;<\/li>\n<li>insonnia;<\/li>\n<li>mal di schiena;<\/li>\n<li>sensazione di nervosismo o ansia;<\/li>\n<li>nausea, disturbi di stomaco, diarrea;<\/li>\n<li>naso chiuso.<\/li>\n<\/ul>\n<div class=\"su-divider su-divider-style-default\" style=\"margin:10px 0;border-width:3px;border-color:#ffffff00\"><a href=\"#\" style=\"color:#ffffff009\">.<\/a><\/div>\nGli effetti negativi rari ma pi\u00f9 gravi includono:<\/p>\n<div class=\"su-divider su-divider-style-default\" style=\"margin:10px 0;border-width:3px;border-color:#ffffff00\"><a href=\"#\" style=\"color:#ffffff009\">.<\/a><\/div>\n<ul>\n<li>ipersensibilit\u00e0;<\/li>\n<li>febbre e brividi;<\/li>\n<li>dolore al petto;<\/li>\n<li>confusione;<\/li>\n<li>stanchezza e debolezza insolite;<\/li>\n<li>Sindrome di Stevens-Johnson e altri.<\/li>\n<\/ul>\n<div class=\"su-divider su-divider-style-default\" style=\"margin:10px 0;border-width:3px;border-color:#ffffff00\"><a href=\"#\" style=\"color:#ffffff009\">.<\/a><\/div>\n[\/vc_column][vc_column width=&#8221;1\/2&#8243;]\n<div class=\"su-divider su-divider-style-default\" style=\"margin:10px 0;border-width:3px;border-color:#ffffff00\"><a href=\"#\" style=\"color:#ffffff009\">.<\/a><\/div>\n<p>I sintomi del sovradosaggio di Modapro includono:<\/p>\n<ul>\n<li>battito cardiaco veloce o martellante;<\/li>\n<li>agitazione o eccitazione;<\/li>\n<li>i problemi con il sonno;<\/li>\n<li>aumento della pressione sanguigna.<\/li>\n<\/ul>\n<div class=\"su-divider su-divider-style-default\" style=\"margin:10px 0;border-width:3px;border-color:#ffffff00\"><a href=\"#\" style=\"color:#ffffff009\">.<\/a><\/div>\nQuesto non \u00e8 un elenco completo dei possibili effetti negativi. Si raccomanda inoltre di non guidare macchinari pesanti o di fare qualsiasi cosa che richieda attenzione fino a quando l&#8217;effetto Modapro non sar\u00e0 scomparso poich\u00e9 pu\u00f2 anche causare sonnolenza e vertigini. Se uno qualsiasi degli effetti collaterali si verifica e persiste, o se sei preoccupato, consulta il tuo medico specialista per chiedere aiuto.<\/p>\n<div class=\"su-divider su-divider-style-default\" style=\"margin:10px 0;border-width:3px;border-color:#ffffff00\"><a href=\"#\" style=\"color:#ffffff009\">.<\/a><\/div>\n<h2><strong>Controindicazioni e precauzioni<\/strong><\/h2>\n<div class=\"su-divider su-divider-style-default\" style=\"margin:10px 0;border-width:3px;border-color:#ffffff00\"><a href=\"#\" style=\"color:#ffffff009\">.<\/a><\/div>\nSeguire rigorosamente tutte le istruzioni e le precauzioni sull&#8217;etichetta e prendere la compressa di Modapro 200 mg solo come indicato. Si consiglia di informare il medico di tutti gli altri medicinali e rimedi erboristici che stai utilizzando e di tutte le tue condizioni di salute, inclusi reni, fegato, malattie cardiache o una storia di convulsioni, tra gli altri problemi di salute prima di prendere questo medicinale.<\/p>\n<p>Si sconsiglia di mescolarlo con l&#8217;alcol. Pu\u00f2 aumentare il rischio di sonnolenza, vertigini e capacit\u00e0 di giudizio alterata, oltre ad altri effetti avversi senza precedenti.<\/p>\n<p>Non mescolare con altri farmaci. Pu\u00f2 causare interazioni che potrebbero essere dannose per la salute. Modapro interagisce con altri farmaci tra cui:<\/p>\n<div class=\"su-divider su-divider-style-default\" style=\"margin:10px 0;border-width:3px;border-color:#ffffff00\"><a href=\"#\" style=\"color:#ffffff009\">.<\/a><\/div>\n<ul>\n<li>Substrati di CYP3A4 \/ 5 e CYP2C19;<\/li>\n<li>warfarin;<\/li>\n<li>farmaci per il controllo delle nascite;<\/li>\n<li>Inibitori MAO;<\/li>\n<li>Stimolanti del SNC e altri.<\/li>\n<\/ul>\n<div class=\"su-divider su-divider-style-default\" style=\"margin:10px 0;border-width:3px;border-color:#ffffff00\"><a href=\"#\" style=\"color:#ffffff009\">.<\/a><\/div>\nQuesta non \u00e8 una lista esauriente. Modapro funziona bene con il cibo, ma alcuni cibi possono ritardarne l&#8217;inizio dell&#8217;azione.<\/p>\n<div class=\"su-divider su-divider-style-default\" style=\"margin:10px 0;border-width:3px;border-color:#ffffff00\"><a href=\"#\" style=\"color:#ffffff009\">.<\/a><\/div>\n<h2><strong>Acquista Modapro generico 200mg (Modafinil) online<\/strong><\/h2>\n<div class=\"su-divider su-divider-style-default\" style=\"margin:10px 0;border-width:3px;border-color:#ffffff00\"><a href=\"#\" style=\"color:#ffffff009\">.<\/a><\/div>\nBuyModafinilOnline (BMO) \u00e8 la migliore farmacia elettronica per acquistare a buon mercato, ma<a href=\"https:\/\/buymodafinilonline.com\/smart-drugs-bestsellers\/\"> nootropi di alta qualit\u00e0<\/a> over-the-counter (OTC) fornito da produttori indiani approvati. Consegnamo<a href=\"https:\/\/buymodafinilonline.com\/generics\/\"> modafinil generico<\/a> (<a href=\"https:\/\/buymodafinilonline.com\/it\/smart-drug-it\/modapro-200-mg\/\"> Modapro 200mg<\/a> ,<a href=\"https:\/\/buymodafinilonline.com\/it\/smart-drug-it\/modatec-200-mg\/\"> Modatec 200mg<\/a> ,<a href=\"https:\/\/buymodafinilonline.com\/it\/smart-drug-it\/modaheal-200-mg\/\"> Modaheal 200mg<\/a> , ecc.) per posta dall&#8217;India alla tua posizione al costo di produzione. Offriamo anche<a href=\"https:\/\/buymodafinilonline.com\/free-trial\/\"> campioni di prova gratuiti<\/a> dei nostri bestseller modafinil e armodafinil.<\/p>\n<p>Nostro<a href=\"https:\/\/buymodafinilonline.com\/it\/recensione-bmo-e-un-rivenditore-affidabile\/\"> recensioni affidabili<\/a> su Yotpo, Trustpilot e Reddit provengono da acquirenti che hanno ordinato dal nostro e-drugstore. Pacco BMO<a href=\"https:\/\/buymodafinilonline.com\/it\/miglior-fornitore-modafinil-italia\/\"> spedizione<\/a> \u00e8 in tutto il mondo ad eccezione di pochissimi paesi elencati. Offriamo anche la spedizione gratuita per ordini superiori a $ 80 per la spedizione standard per posta aerea o la consegna Express gratuita per ordini superiori a $ 150. Inoltre, BuyModafinilOnline offre pieno<a href=\"https:\/\/buymodafinilonline.com\/refund-reshipment\/\"> rimborsi e rispedizione<\/a> in caso di mancata consegna.<\/p>\n<p>Accettiamo diversi metodi di pagamento sicuri, tra cui le principali carte di credito (MasterCard, Visa), PayPal, Zelle, American Express, e-Check, Bitcoin (con uno <a href=\"https:\/\/buymodafinilonline.com\/it\/paga-in-bitcoin\/\">sconto del 23%<\/a>) e altre criptovalute. Risparmia di pi\u00f9 utilizzando il nostro<a href=\"https:\/\/buymodafinilonline.com\/coupons-deals-promo-codes\/\"> buoni di riduzione del prezzo<\/a> , affari, offerte e sconti.<\/p>\n<div class=\"su-divider su-divider-style-default\" style=\"margin:10px 0;border-width:3px;border-color:#ffffff00\"><a href=\"#\" style=\"color:#ffffff009\">.<\/a><\/div>\n[\/vc_column]\n<div class=\"su-divider su-divider-style-default\" style=\"margin:10px 0;border-width:3px;border-color:#ffffff00\"><a href=\"#\" style=\"color:#ffffff009\">.<\/a><\/div>\n","protected":false},"excerpt":{"rendered":"<p>Modapro 200 mg \u00e8 prodotto da Cipla Ltd. Il suo ingrediente attivo \u00e8 il modafinil. Modapro \u00e8 ampiamente utilizzato come farmaco promotore della veglia in pazienti con estrema sonnolenza durante il giorno oa causa di disturbi del sonno. \u00c8 anche usato come produttivit\u00e0 o potenziatore cognitivo. Ottieni questo farmaco dalla nostra farmacia online al prezzo pi\u00f9 basso. Offriamo anche campioni di prova gratuiti di modafinil e armodafinil. La nostra spedizione \u00e8 garantita al 100%.<\/p>\n[sc name=\"s1\"]\n","protected":false},"featured_media":398176,"comment_status":"open","ping_status":"closed","template":"","meta":{"_acf_changed":false},"product_brand":[],"product_cat":[3787],"product_tag":[4028],"class_list":{"0":"post-408892","1":"product","2":"type-product","3":"status-publish","4":"has-post-thumbnail","6":"product_cat-marchi-smart-drugs","7":"product_tag-modafinil-it","9":"first","10":"instock","11":"sale","12":"shipping-taxable","13":"purchasable","14":"product-type-variable","15":"has-default-attributes"},"acf":[],"yoast_head":"<!-- This site is optimized with the Yoast SEO Premium plugin v23.6 (Yoast SEO v27.3) - https:\/\/yoast.com\/product\/yoast-seo-premium-wordpress\/ -->\n<title>Acquista farmaci economici Modapro 200 MG (Modafinil) OTC - BuyModafinilOnline<\/title>\n<meta name=\"description\" content=\"Acquista online le compresse di Modapro da 200 mg dal produttore Cipla. Acquista Modapro 200 mg (modafinil) per il miglior prezzo presso la farmacia BuyModafinilOnline. Paga con Bitcoin e ottieni uno sconto garantito del 23%!\" \/>\n<meta name=\"robots\" content=\"index, follow, max-snippet:-1, max-image-preview:large, max-video-preview:-1\" \/>\n<link rel=\"canonical\" href=\"https:\/\/buymodafinilonline.com\/it\/smart-drug-it\/modapro-200-mg\/\" \/>\n<meta property=\"og:locale\" content=\"it_IT\" \/>\n<meta property=\"og:type\" content=\"article\" \/>\n<meta property=\"og:title\" content=\"Modapro 200 MG\" \/>\n<meta property=\"og:description\" content=\"Acquista online le compresse di Modapro da 200 mg dal produttore Cipla. Acquista Modapro 200 mg (modafinil) per il miglior prezzo presso la farmacia BuyModafinilOnline. Paga con Bitcoin e ottieni uno sconto garantito del 23%!\" \/>\n<meta property=\"og:url\" content=\"https:\/\/buymodafinilonline.com\/it\/smart-drug-it\/modapro-200-mg\/\" \/>\n<meta property=\"og:site_name\" content=\"BuyModafinilOnline.com\" \/>\n<meta property=\"article:modified_time\" content=\"2025-04-22T09:53:32+00:00\" \/>\n<meta property=\"og:image\" content=\"https:\/\/buymodafinilonline.com\/wp-content\/uploads\/2020\/04\/bmo-product-modapro-200-mg.png\" \/>\n\t<meta property=\"og:image:width\" content=\"1280\" \/>\n\t<meta property=\"og:image:height\" content=\"1500\" \/>\n\t<meta property=\"og:image:type\" content=\"image\/png\" \/>\n<meta name=\"twitter:label1\" content=\"Tempo di lettura stimato\" \/>\n\t<meta name=\"twitter:data1\" content=\"4 minuti\" \/>\n<script type=\"application\/ld+json\" class=\"yoast-schema-graph\">{\"@context\":\"https:\\\/\\\/schema.org\",\"@graph\":[{\"@type\":\"WebPage\",\"@id\":\"https:\\\/\\\/buymodafinilonline.com\\\/it\\\/smart-drug-it\\\/modapro-200-mg\\\/\",\"url\":\"https:\\\/\\\/buymodafinilonline.com\\\/it\\\/smart-drug-it\\\/modapro-200-mg\\\/\",\"name\":\"Acquista farmaci economici Modapro 200 MG (Modafinil) OTC - BuyModafinilOnline\",\"isPartOf\":{\"@id\":\"https:\\\/\\\/buymodafinilonline.com\\\/it\\\/#website\"},\"primaryImageOfPage\":{\"@id\":\"https:\\\/\\\/buymodafinilonline.com\\\/it\\\/smart-drug-it\\\/modapro-200-mg\\\/#primaryimage\"},\"image\":{\"@id\":\"https:\\\/\\\/buymodafinilonline.com\\\/it\\\/smart-drug-it\\\/modapro-200-mg\\\/#primaryimage\"},\"thumbnailUrl\":\"https:\\\/\\\/buymodafinilonline.com\\\/wp-content\\\/uploads\\\/2020\\\/04\\\/bmo-product-modapro-200-mg.png\",\"datePublished\":\"2020-11-08T16:18:23+00:00\",\"dateModified\":\"2025-04-22T09:53:32+00:00\",\"description\":\"Acquista online le compresse di Modapro da 200 mg dal produttore Cipla. Acquista Modapro 200 mg (modafinil) per il miglior prezzo presso la farmacia BuyModafinilOnline. Paga con Bitcoin e ottieni uno sconto garantito del 23%!\",\"breadcrumb\":{\"@id\":\"https:\\\/\\\/buymodafinilonline.com\\\/it\\\/smart-drug-it\\\/modapro-200-mg\\\/#breadcrumb\"},\"inLanguage\":\"it-IT\",\"potentialAction\":[{\"@type\":\"ReadAction\",\"target\":[\"https:\\\/\\\/buymodafinilonline.com\\\/it\\\/smart-drug-it\\\/modapro-200-mg\\\/\"]}]},{\"@type\":\"ImageObject\",\"inLanguage\":\"it-IT\",\"@id\":\"https:\\\/\\\/buymodafinilonline.com\\\/it\\\/smart-drug-it\\\/modapro-200-mg\\\/#primaryimage\",\"url\":\"https:\\\/\\\/buymodafinilonline.com\\\/wp-content\\\/uploads\\\/2020\\\/04\\\/bmo-product-modapro-200-mg.png\",\"contentUrl\":\"https:\\\/\\\/buymodafinilonline.com\\\/wp-content\\\/uploads\\\/2020\\\/04\\\/bmo-product-modapro-200-mg.png\",\"width\":1280,\"height\":1500,\"caption\":\"Modapro 200 mg\"},{\"@type\":\"BreadcrumbList\",\"@id\":\"https:\\\/\\\/buymodafinilonline.com\\\/it\\\/smart-drug-it\\\/modapro-200-mg\\\/#breadcrumb\",\"itemListElement\":[{\"@type\":\"ListItem\",\"position\":1,\"name\":\"Buy Modafinil Online\",\"item\":\"https:\\\/\\\/buymodafinilonline.com\\\/it\\\/\"},{\"@type\":\"ListItem\",\"position\":2,\"name\":\"Negozio\",\"item\":\"https:\\\/\\\/buymodafinilonline.com\\\/it\\\/negozio\\\/\"},{\"@type\":\"ListItem\",\"position\":3,\"name\":\"Marchi Smart Drugs\",\"item\":\"https:\\\/\\\/buymodafinilonline.com\\\/it\\\/categoria-di-prodotto\\\/marchi-smart-drugs\\\/\"},{\"@type\":\"ListItem\",\"position\":4,\"name\":\"Modapro 200 MG\"}]},{\"@type\":\"WebSite\",\"@id\":\"https:\\\/\\\/buymodafinilonline.com\\\/it\\\/#website\",\"url\":\"https:\\\/\\\/buymodafinilonline.com\\\/it\\\/\",\"name\":\"BuyModafinilOnline.com\",\"description\":\"Modafinil Online Pharmacy\",\"publisher\":{\"@id\":\"https:\\\/\\\/buymodafinilonline.com\\\/it\\\/#organization\"},\"potentialAction\":[{\"@type\":\"SearchAction\",\"target\":{\"@type\":\"EntryPoint\",\"urlTemplate\":\"https:\\\/\\\/buymodafinilonline.com\\\/it\\\/?s={search_term_string}\"},\"query-input\":{\"@type\":\"PropertyValueSpecification\",\"valueRequired\":true,\"valueName\":\"search_term_string\"}}],\"inLanguage\":\"it-IT\"},{\"@type\":\"Organization\",\"@id\":\"https:\\\/\\\/buymodafinilonline.com\\\/it\\\/#organization\",\"name\":\"BuyModafinilOnline\",\"url\":\"https:\\\/\\\/buymodafinilonline.com\\\/it\\\/\",\"logo\":{\"@type\":\"ImageObject\",\"inLanguage\":\"it-IT\",\"@id\":\"https:\\\/\\\/buymodafinilonline.com\\\/it\\\/#\\\/schema\\\/logo\\\/image\\\/\",\"url\":\"https:\\\/\\\/buymodafinilonline.com\\\/wp-content\\\/uploads\\\/2020\\\/04\\\/logo-buy-modafinil-online-yellow.png\",\"contentUrl\":\"https:\\\/\\\/buymodafinilonline.com\\\/wp-content\\\/uploads\\\/2020\\\/04\\\/logo-buy-modafinil-online-yellow.png\",\"width\":200,\"height\":200,\"caption\":\"BuyModafinilOnline\"},\"image\":{\"@id\":\"https:\\\/\\\/buymodafinilonline.com\\\/it\\\/#\\\/schema\\\/logo\\\/image\\\/\"}}]}<\/script>\n<!-- \/ Yoast SEO Premium plugin. -->","yoast_head_json":{"title":"Acquista farmaci economici Modapro 200 MG (Modafinil) OTC - BuyModafinilOnline","description":"Acquista online le compresse di Modapro da 200 mg dal produttore Cipla. Acquista Modapro 200 mg (modafinil) per il miglior prezzo presso la farmacia BuyModafinilOnline. Paga con Bitcoin e ottieni uno sconto garantito del 23%!","robots":{"index":"index","follow":"follow","max-snippet":"max-snippet:-1","max-image-preview":"max-image-preview:large","max-video-preview":"max-video-preview:-1"},"canonical":"https:\/\/buymodafinilonline.com\/it\/smart-drug-it\/modapro-200-mg\/","og_locale":"it_IT","og_type":"article","og_title":"Modapro 200 MG","og_description":"Acquista online le compresse di Modapro da 200 mg dal produttore Cipla. Acquista Modapro 200 mg (modafinil) per il miglior prezzo presso la farmacia BuyModafinilOnline. Paga con Bitcoin e ottieni uno sconto garantito del 23%!","og_url":"https:\/\/buymodafinilonline.com\/it\/smart-drug-it\/modapro-200-mg\/","og_site_name":"BuyModafinilOnline.com","article_modified_time":"2025-04-22T09:53:32+00:00","og_image":[{"width":1280,"height":1500,"url":"https:\/\/buymodafinilonline.com\/wp-content\/uploads\/2020\/04\/bmo-product-modapro-200-mg.png","type":"image\/png"}],"twitter_misc":{"Tempo di lettura stimato":"4 minuti"},"schema":{"@context":"https:\/\/schema.org","@graph":[{"@type":"WebPage","@id":"https:\/\/buymodafinilonline.com\/it\/smart-drug-it\/modapro-200-mg\/","url":"https:\/\/buymodafinilonline.com\/it\/smart-drug-it\/modapro-200-mg\/","name":"Acquista farmaci economici Modapro 200 MG (Modafinil) OTC - BuyModafinilOnline","isPartOf":{"@id":"https:\/\/buymodafinilonline.com\/it\/#website"},"primaryImageOfPage":{"@id":"https:\/\/buymodafinilonline.com\/it\/smart-drug-it\/modapro-200-mg\/#primaryimage"},"image":{"@id":"https:\/\/buymodafinilonline.com\/it\/smart-drug-it\/modapro-200-mg\/#primaryimage"},"thumbnailUrl":"https:\/\/buymodafinilonline.com\/wp-content\/uploads\/2020\/04\/bmo-product-modapro-200-mg.png","datePublished":"2020-11-08T16:18:23+00:00","dateModified":"2025-04-22T09:53:32+00:00","description":"Acquista online le compresse di Modapro da 200 mg dal produttore Cipla. Acquista Modapro 200 mg (modafinil) per il miglior prezzo presso la farmacia BuyModafinilOnline. Paga con Bitcoin e ottieni uno sconto garantito del 23%!","breadcrumb":{"@id":"https:\/\/buymodafinilonline.com\/it\/smart-drug-it\/modapro-200-mg\/#breadcrumb"},"inLanguage":"it-IT","potentialAction":[{"@type":"ReadAction","target":["https:\/\/buymodafinilonline.com\/it\/smart-drug-it\/modapro-200-mg\/"]}]},{"@type":"ImageObject","inLanguage":"it-IT","@id":"https:\/\/buymodafinilonline.com\/it\/smart-drug-it\/modapro-200-mg\/#primaryimage","url":"https:\/\/buymodafinilonline.com\/wp-content\/uploads\/2020\/04\/bmo-product-modapro-200-mg.png","contentUrl":"https:\/\/buymodafinilonline.com\/wp-content\/uploads\/2020\/04\/bmo-product-modapro-200-mg.png","width":1280,"height":1500,"caption":"Modapro 200 mg"},{"@type":"BreadcrumbList","@id":"https:\/\/buymodafinilonline.com\/it\/smart-drug-it\/modapro-200-mg\/#breadcrumb","itemListElement":[{"@type":"ListItem","position":1,"name":"Buy Modafinil Online","item":"https:\/\/buymodafinilonline.com\/it\/"},{"@type":"ListItem","position":2,"name":"Negozio","item":"https:\/\/buymodafinilonline.com\/it\/negozio\/"},{"@type":"ListItem","position":3,"name":"Marchi Smart Drugs","item":"https:\/\/buymodafinilonline.com\/it\/categoria-di-prodotto\/marchi-smart-drugs\/"},{"@type":"ListItem","position":4,"name":"Modapro 200 MG"}]},{"@type":"WebSite","@id":"https:\/\/buymodafinilonline.com\/it\/#website","url":"https:\/\/buymodafinilonline.com\/it\/","name":"BuyModafinilOnline.com","description":"Modafinil Online Pharmacy","publisher":{"@id":"https:\/\/buymodafinilonline.com\/it\/#organization"},"potentialAction":[{"@type":"SearchAction","target":{"@type":"EntryPoint","urlTemplate":"https:\/\/buymodafinilonline.com\/it\/?s={search_term_string}"},"query-input":{"@type":"PropertyValueSpecification","valueRequired":true,"valueName":"search_term_string"}}],"inLanguage":"it-IT"},{"@type":"Organization","@id":"https:\/\/buymodafinilonline.com\/it\/#organization","name":"BuyModafinilOnline","url":"https:\/\/buymodafinilonline.com\/it\/","logo":{"@type":"ImageObject","inLanguage":"it-IT","@id":"https:\/\/buymodafinilonline.com\/it\/#\/schema\/logo\/image\/","url":"https:\/\/buymodafinilonline.com\/wp-content\/uploads\/2020\/04\/logo-buy-modafinil-online-yellow.png","contentUrl":"https:\/\/buymodafinilonline.com\/wp-content\/uploads\/2020\/04\/logo-buy-modafinil-online-yellow.png","width":200,"height":200,"caption":"BuyModafinilOnline"},"image":{"@id":"https:\/\/buymodafinilonline.com\/it\/#\/schema\/logo\/image\/"}}]}},"_links":{"self":[{"href":"https:\/\/buymodafinilonline.com\/it\/wp-json\/wp\/v2\/product\/408892","targetHints":{"allow":["GET"]}}],"collection":[{"href":"https:\/\/buymodafinilonline.com\/it\/wp-json\/wp\/v2\/product"}],"about":[{"href":"https:\/\/buymodafinilonline.com\/it\/wp-json\/wp\/v2\/types\/product"}],"replies":[{"embeddable":true,"href":"https:\/\/buymodafinilonline.com\/it\/wp-json\/wp\/v2\/comments?post=408892"}],"wp:featuredmedia":[{"embeddable":true,"href":"https:\/\/buymodafinilonline.com\/it\/wp-json\/wp\/v2\/media\/398176"}],"wp:attachment":[{"href":"https:\/\/buymodafinilonline.com\/it\/wp-json\/wp\/v2\/media?parent=408892"}],"wp:term":[{"taxonomy":"product_brand","embeddable":true,"href":"https:\/\/buymodafinilonline.com\/it\/wp-json\/wp\/v2\/product_brand?post=408892"},{"taxonomy":"product_cat","embeddable":true,"href":"https:\/\/buymodafinilonline.com\/it\/wp-json\/wp\/v2\/product_cat?post=408892"},{"taxonomy":"product_tag","embeddable":true,"href":"https:\/\/buymodafinilonline.com\/it\/wp-json\/wp\/v2\/product_tag?post=408892"}],"curies":[{"name":"wp","href":"https:\/\/api.w.org\/{rel}","templated":true}]}}