{"id":408919,"date":"2020-04-18T20:05:03","date_gmt":"2020-04-18T19:05:03","guid":{"rendered":"https:\/\/buymodafinilonline.com\/smart-drugs\/armodafinil-generico-150mg\/"},"modified":"2025-04-22T11:04:49","modified_gmt":"2025-04-22T10:04:49","slug":"armodafinil-generico-150mg","status":"publish","type":"product","link":"https:\/\/buymodafinilonline.com\/it\/smart-drug-it\/armodafinil-generico-150mg\/","title":{"rendered":"Armodafinil generico 150mg"},"content":{"rendered":"[vc_column width=&#8221;1\/2&#8243;]\n<div class=\"su-divider su-divider-style-default\" style=\"margin:10px 0;border-width:3px;border-color:#ffffff00\"><a href=\"#\" style=\"color:#ffffff009\">.<\/a><\/div>\n<h2>Che cos&#8217;\u00e8 Armodafinil Generico 150mg?<\/h2>\n<div class=\"su-divider su-divider-style-default\" style=\"margin:10px 0;border-width:3px;border-color:#ffffff00\"><a href=\"#\" style=\"color:#ffffff009\">.<\/a><\/div>\nNuvigil\u00ae, un farmaco di marca di Cephalon, Inc., contenente armodafinil come ingrediente attivo, \u00e8 stato approvato dalla Food and Drug Administration (FDA) nel 2007 come agente promotore della veglia. A causa della scadenza del brevetto, le pillole Armodafinil Generic o Artvigil &#8211; bioequivalenti a Nuvigil\u00ae sono emerse e sono ampiamente utilizzate da individui sani come potenziatore cognitivo e di produttivit\u00e0 grazie al loro basso costo &#8211; oltre il 90% in meno rispetto al farmaco di marca.<\/p>\n<p>Armodafinil Generic \u00e8 prescritto per promuovere la veglia in individui privati del sonno a causa di apnea ostruttiva del sonno (OSA), narcolessia e disturbo del sonno sul lavoro a turni (SWSD). Aiuta efficacemente le persone affette da disturbi del sonno a rimanere svegli pi\u00f9 a lungo e riduce la tendenza ad addormentarsi durante il giorno o al lavoro. Questo &#8220;farmaco intelligente&#8221; viene spesso utilizzato off-label per trattare vari problemi di salute tra cui disturbo da deficit di attenzione e iperattivit\u00e0 (ADHD), depressione, sclerosi multipla, jet lag, morbo di Parkinson e deterioramento cognitivo.<\/p>\n<div class=\"su-divider su-divider-style-default\" style=\"margin:10px 0;border-width:3px;border-color:#ffffff00\"><a href=\"#\" style=\"color:#ffffff009\">.<\/a><\/div>\n<h2><strong>Come funzionano queste pillole?<\/strong><\/h2>\n<div class=\"su-divider su-divider-style-default\" style=\"margin:10px 0;border-width:3px;border-color:#ffffff00\"><a href=\"#\" style=\"color:#ffffff009\">.<\/a><\/div>\nArmodafinil Generic 150 mg \u00e8 il composto enantiopuro di<a href=\"https:\/\/buymodafinilonline.com\/it\/la-verita-su-modafinil\/\"> modafinil<\/a> . A differenza di quest&#8217;ultimo, \u00e8 costituito solo dall&#8217;enantiomero (R) &#8211; (-) &#8211; del modafinil racemico. Armodafinil Generic funziona nel cervello con un meccanismo che ripristina il normale ciclo sonno-veglia poich\u00e9 modula i livelli di messaggeri chimici come istamina e orexina nel cervello. Inoltre, inibisce la ricaptazione del neurotrasmettitore chiamato dopamina. Quest&#8217;ultimo agisce come un sistema di ricompensa naturale nel cervello e aumentare i suoi livelli si traduce in una migliore funzione cognitiva, acuit\u00e0 mentale, energia, memoria, vigilanza, concentrazione e altri benefici.<\/p>\n<p>Armodafinil Generico 150 mg \u00e8 pi\u00f9 efficace del modafinil racemico. \u00c8 considerato un farmaco pi\u00f9 forte con migliori effetti di promozione della veglia ed esercita un carico metabolico inferiore sul corpo.<\/p>\n<div class=\"su-divider su-divider-style-default\" style=\"margin:10px 0;border-width:3px;border-color:#ffffff00\"><a href=\"#\" style=\"color:#ffffff009\">.<\/a><\/div>\n<h2><strong>Dosaggio sicuro e uso corretto<\/strong><\/h2>\n<div class=\"su-divider su-divider-style-default\" style=\"margin:10px 0;border-width:3px;border-color:#ffffff00\"><a href=\"#\" style=\"color:#ffffff009\">.<\/a><\/div>\nLa dose giornaliera raccomandata di Armodafinil Generic \u00e8 150 mg. Dovrebbe essere preso secondo la prescrizione. Ai pazienti con narcolessia e OSA si consiglia di somministrare una pillola una volta al giorno al mattino.<\/p>\n<p>Per l&#8217;SWSD o il miglioramento cognitivo \/ della produttivit\u00e0, una dose dovrebbe essere assunta un&#8217;ora prima del turno di lavoro o prima di qualsiasi attivit\u00e0 pianificata che richieda una maggiore funzione cognitiva o produttivit\u00e0.<\/p>\n<p>Non prenda pi\u00f9 di una compressa del farmaco in un solo giorno per evitare un sovradosaggio. Lascia che il tuo medico specialista valuti la tua salute per determinare se Armodafinil Generico 150 mg \u00e8 sicuro per te, a seconda dell&#8217;esito delle tue condizioni di salute.<\/p>\n<p>Il consiglio di un medico \u00e8 necessario per un dosaggio sicuro. Potrebbe essere necessario un aggiustamento della dose a seconda della sua salute.<\/p>\n<div class=\"su-divider su-divider-style-default\" style=\"margin:10px 0;border-width:3px;border-color:#ffffff00\"><a href=\"#\" style=\"color:#ffffff009\">.<\/a><\/div>\n<h2><strong>Possibili effetti collaterali<\/strong><\/h2>\n<div class=\"su-divider su-divider-style-default\" style=\"margin:10px 0;border-width:3px;border-color:#ffffff00\"><a href=\"#\" style=\"color:#ffffff009\">.<\/a><\/div>\nArmodafinil Generico 150 mg raramente causa effetti collaterali. \u00c8 molto sicuro se assunto da individui sani che aderiscono al giusto dosaggio. In alcuni casi, possono verificarsi effetti negativi ma sono di breve durata. Seguire le istruzioni fornite sul foglio illustrativo del farmaco per ridurre il rischio di complicanze.<\/p>\n<p>Gli effetti negativi comuni relativi ad Armodafinil Generic includono:<\/p>\n<div class=\"su-divider su-divider-style-default\" style=\"margin:10px 0;border-width:3px;border-color:#ffffff00\"><a href=\"#\" style=\"color:#ffffff009\">.<\/a><\/div>\n<p>&nbsp;<\/p>\n<ul>\n<li>mal di testa, vertigini;<\/li>\n<li>nausea, disturbi di stomaco, diarrea;<\/li>\n<li>problemi di sonno;<\/li>\n<li>sensazione di ansia o nervosismo.<\/li>\n<\/ul>\n<div class=\"su-divider su-divider-style-default\" style=\"margin:10px 0;border-width:3px;border-color:#ffffff00\"><a href=\"#\" style=\"color:#ffffff009\">.<\/a><\/div>\nGli effetti negativi rari ma pi\u00f9 gravi includono:<\/p>\n<div class=\"su-divider su-divider-style-default\" style=\"margin:10px 0;border-width:3px;border-color:#ffffff00\"><a href=\"#\" style=\"color:#ffffff009\">.<\/a><\/div>\n<p>&nbsp;<\/p>\n<ul>\n<li>febbre e brividi;<\/li>\n<li>confusione;<\/li>\n<li>eruzione cutanea o reazione allergica;<\/li>\n<li>allucinazioni;<\/li>\n<li>mania;<\/li>\n<li>dolore al petto;<\/li>\n<li>pensieri di suicidio;<\/li>\n<li>depressione;<\/li>\n<li>problema respiratorio;<\/li>\n<li>Sindrome di Stevens-Johnson e altri.<\/li>\n<\/ul>\n<div class=\"su-divider su-divider-style-default\" style=\"margin:10px 0;border-width:3px;border-color:#ffffff00\"><a href=\"#\" style=\"color:#ffffff009\">.<\/a><\/div>\n[\/vc_column][vc_column width=&#8221;1\/2&#8243;]\n<div class=\"su-divider su-divider-style-default\" style=\"margin:10px 0;border-width:3px;border-color:#ffffff00\"><a href=\"#\" style=\"color:#ffffff009\">.<\/a><\/div>\nQuesta non \u00e8 una lista esauriente. Non guidare, utilizzare macchinari pesanti o fare qualsiasi cosa che richieda concentrazione mentale, concentrazione e attenzione fino a quando non sai come questo &#8220;farmaco intelligente&#8221; influenza il tuo sistema poich\u00e9 pu\u00f2 rallentare le tue reazioni.<\/p>\n<p>Informi un medico se si verificano strani sintomi, che non si attenuano nel tempo, dopo aver assunto Armodafinil Generico 150 mg.<\/p>\n<div class=\"su-divider su-divider-style-default\" style=\"margin:10px 0;border-width:3px;border-color:#ffffff00\"><a href=\"#\" style=\"color:#ffffff009\">.<\/a><\/div>\n<h2><strong>Controindicazioni e precauzioni<\/strong><\/h2>\n<div class=\"su-divider su-divider-style-default\" style=\"margin:10px 0;border-width:3px;border-color:#ffffff00\"><a href=\"#\" style=\"color:#ffffff009\">.<\/a><\/div>\nArmodafinil Generico 150 mg \u00e8 sicuro se assunto senza mescolarlo con altri medicinali. Si consiglia vivamente di fornire un elenco completo dei farmaci che si stanno utilizzando, medicinali soggetti a prescrizione \/ non soggetti a prescrizione o rimedi erboristici, a un medico per valutare in modo completo.<\/p>\n<p>Gli individui allergici ad Armodafinil Generic o qualsiasi eugeroico non dovrebbero assumere questo farmaco poich\u00e9 pu\u00f2 causare reazioni indesiderate.<\/p>\n<p>Anche le donne incinte e le madri che allattano non sono consigliabili di assumere Armodafinil Generic. Se \u00e8 necessario, un medico specialista dovrebbe discutere i possibili rischi e benefici prima di prescrivere questo medicinale.<\/p>\n<p>Armodafinil Generic funziona bene con la maggior parte degli alimenti, ma alcuni prodotti possono ritardarne l&#8217;inizio dell&#8217;azione. Si sconsiglia di combinarlo con l&#8217;alcol. Pu\u00f2 aumentare il rischio di sonnolenza, giudizio alterato e vertigini, tra gli altri effetti negativi senza precedenti.<\/p>\n<p>Possibili interazioni con altri farmaci includono:<\/p>\n<div class=\"su-divider su-divider-style-default\" style=\"margin:10px 0;border-width:3px;border-color:#ffffff00\"><a href=\"#\" style=\"color:#ffffff009\">.<\/a><\/div>\n<p>&nbsp;<\/p>\n<ul>\n<li>fluidificanti del sangue come il warfarin;<\/li>\n<li>farmaci per il controllo delle nascite;<\/li>\n<li>Substrati di CYP3A4 \/ 5 e CYP2C19;<\/li>\n<li>Inibitori MAO;<\/li>\n<li>Stimolanti del SNC e altri.<\/li>\n<\/ul>\n<div class=\"su-divider su-divider-style-default\" style=\"margin:10px 0;border-width:3px;border-color:#ffffff00\"><a href=\"#\" style=\"color:#ffffff009\">.<\/a><\/div>\nInoltre, pu\u00f2 verificarsi interazione con la malattia. Informa un medico delle tue condizioni di salute, inclusi problemi al fegato, disturbi della salute mentale, problemi cardiaci e renali e ipertensione, tra le altre malattie prima di prendere Armodafinil Generico 150 mg.<\/p>\n<div class=\"su-divider su-divider-style-default\" style=\"margin:10px 0;border-width:3px;border-color:#ffffff00\"><a href=\"#\" style=\"color:#ffffff009\">.<\/a><\/div>\n<h2><strong>Esperienza del consumatore<\/strong><\/h2>\n<div class=\"su-divider su-divider-style-default\" style=\"margin:10px 0;border-width:3px;border-color:#ffffff00\"><a href=\"#\" style=\"color:#ffffff009\">.<\/a><\/div>\nVarie persone recensiscono ampiamente Armodafinil Generic per la sua sicurezza ed efficacia. Sebbene possa essere difficile trovare autentiche recensioni positive da parte dei clienti che hanno usato qualsiasi farmaco, pu\u00f2 essere travolgente quando si tratta di armodafinil poich\u00e9 i fatti parlano da soli.<\/p>\n<p>Una percentuale pi\u00f9 alta di individui che hanno usato questo nootropico e lo hanno impilato con altri medicinali sicuri hanno riportato un miglioramento dell&#8217;acuit\u00e0 mentale, della vigilanza e della concentrazione. La maggior parte di loro ha dato un pollice in alto in termini di efficacia, maggiore emivita, tollerabilit\u00e0 e facilit\u00e0 d&#8217;uso.<\/p>\n<p>Armodafinil Generic aiuta gli utenti a completare rapidamente compiti complessi, senza sentirsi assonnati, stanchi o sfiniti. Ma prima di usare qualsiasi medicina eugeroica, dovresti consultare un medico.<\/p>\n<div class=\"su-divider su-divider-style-default\" style=\"margin:10px 0;border-width:3px;border-color:#ffffff00\"><a href=\"#\" style=\"color:#ffffff009\">.<\/a><\/div>\n<h2><strong>Acquista Armodafinil Generico 150 mg compresse online<\/strong><\/h2>\n<div class=\"su-divider su-divider-style-default\" style=\"margin:10px 0;border-width:3px;border-color:#ffffff00\"><a href=\"#\" style=\"color:#ffffff009\">.<\/a><\/div>\nStai cercando il posto migliore per acquistare Armodafinil Generic 150 mg online? Nella farmacia elettronica BuyModafinilOnline offriamo diversi farmaci a base di armodafinil come Artvigil, <a href=\"https:\/\/buymodafinilonline.com\/it\/smart-drug-it\/waklert-150-mg-tablets\/\">Waklert<\/a> e <a href=\"https:\/\/buymodafinilonline.com\/it\/smart-drug-it\/armod-150-mg\/\">Armod<\/a> insieme ad altri <a href=\"https:\/\/buymodafinilonline.com\/smart-drugs-brands\/\">nootropi<\/a> in vendita ai prezzi pi\u00f9 bassi possibili.<\/p>\n<p>I clienti soddisfatti che acquistano da noi possono godere di un ottimo rapporto qualit\u00e0-prezzo. Abbiamo un interessante sistema di riduzione dei prezzi che include un buono di 25 dollari per i clienti che ritornano, un buono di 30 dollari per chi lascia un commento onesto sul nostro negozio, 35 dollari per chi condivide la tua recensione su un social media e uno sconto del 23% se <a href=\"https:\/\/buymodafinilonline.com\/it\/paga-in-bitcoin\/\">paghi con criptovalute<\/a>.<\/p>\n<p>Armodafinil Generic \u00e8 pi\u00f9 economico di Nuvigil\u00ae, la versione di marca, ma la qualit\u00e0 \u00e8 bioequivalente. Acquista qualsiasi nootropico di tua scelta. BuyModafinilOnline offre solo prodotti genuini<a href=\"https:\/\/buymodafinilonline.com\/generics\/\"> farmaci generici<\/a> da produttori approvati, come<a href=\"https:\/\/buymodafinilonline.com\/it\/dovremmo-fidarci-di-sun-pharma-e-hab-pharma\/\"> Sun Pharma e HAB Pharma<\/a> . Non devi preoccuparti di acquistare falsi nootropi.<\/p>\n<p>Pronto per ordinare Armodafinil Generico 150 mg a un prezzo accessibile? Goditi una nuova e sicura esperienza di selezione e acquisto con la nostra farmacia eugeroica online.<\/p>\n<div class=\"su-divider su-divider-style-default\" style=\"margin:10px 0;border-width:3px;border-color:#ffffff00\"><a href=\"#\" style=\"color:#ffffff009\">.<\/a><\/div>\n[\/vc_column]\n<div class=\"su-divider su-divider-style-default\" style=\"margin:10px 0;border-width:3px;border-color:#ffffff00\"><a href=\"#\" style=\"color:#ffffff009\">.<\/a><\/div>\n","protected":false},"excerpt":{"rendered":"<p>Armodafinil Generico 150 mg contiene armodafinil come ingrediente attivo. Questo medicinale \u00e8 usato per trattare l&#8217;eccessiva sonnolenza causata da narcolessia e altri disturbi del sonno. Armodafinil Generic \u00e8 prodotto da Indian Pharmaceutical &#8211; HAB Pharma.<\/p>\n<p>Ordina Armodafinil Generic dalla nostra farmacia online al costo di produzione o ottieni campioni di prova gratuiti. Offriamo una consegna garantita al 100% con il metodo di spedizione pi\u00f9 veloce.<\/p>\n[sc name=\"s1\"]\n","protected":false},"featured_media":398127,"comment_status":"open","ping_status":"closed","template":"","meta":{"_acf_changed":false},"product_brand":[],"product_cat":[4247,3787],"product_tag":[4019],"class_list":{"0":"post-408919","1":"product","2":"type-product","3":"status-publish","4":"has-post-thumbnail","6":"product_cat-generici","7":"product_cat-marchi-smart-drugs","8":"product_tag-armodafinil-it-2","10":"first","11":"instock","12":"sale","13":"shipping-taxable","14":"purchasable","15":"product-type-variable","16":"has-default-attributes"},"acf":[],"yoast_head":"<!-- This site is optimized with the Yoast SEO Premium plugin v23.6 (Yoast SEO v27.4) - https:\/\/yoast.com\/product\/yoast-seo-premium-wordpress\/ -->\n<title>Acquista Armodafinil Generic 150mg Tablets a basso costo - BuyModafinilOnline<\/title>\n<meta name=\"description\" content=\"Ordina online farmaci Armodafinil 150mg generici dal produttore indiano. Acquista Armodafinil Generico 150 mg al miglior prezzo presso la farmacia BuyModafinilOnline. Paga con carta di credito, PayPal o BTC e ottieni grandi sconti!\" \/>\n<meta name=\"robots\" content=\"index, follow, max-snippet:-1, max-image-preview:large, max-video-preview:-1\" \/>\n<link rel=\"canonical\" href=\"https:\/\/buymodafinilonline.com\/it\/smart-drug-it\/armodafinil-generico-150mg\/\" \/>\n<meta property=\"og:locale\" content=\"it_IT\" \/>\n<meta property=\"og:type\" content=\"article\" \/>\n<meta property=\"og:title\" content=\"Armodafinil generico 150mg\" \/>\n<meta property=\"og:description\" content=\"Ordina online farmaci Armodafinil 150mg generici dal produttore indiano. Acquista Armodafinil Generico 150 mg al miglior prezzo presso la farmacia BuyModafinilOnline. Paga con carta di credito, PayPal o BTC e ottieni grandi sconti!\" \/>\n<meta property=\"og:url\" content=\"https:\/\/buymodafinilonline.com\/it\/smart-drug-it\/armodafinil-generico-150mg\/\" \/>\n<meta property=\"og:site_name\" content=\"BuyModafinilOnline.com\" \/>\n<meta property=\"article:modified_time\" content=\"2025-04-22T10:04:49+00:00\" \/>\n<meta property=\"og:image\" content=\"https:\/\/buymodafinilonline.com\/wp-content\/uploads\/2020\/04\/bmo-product-generic-armodafinil-150-mg.png\" \/>\n\t<meta property=\"og:image:width\" content=\"1280\" \/>\n\t<meta property=\"og:image:height\" content=\"1500\" \/>\n\t<meta property=\"og:image:type\" content=\"image\/png\" \/>\n<meta name=\"twitter:label1\" content=\"Tempo di lettura stimato\" \/>\n\t<meta name=\"twitter:data1\" content=\"6 minuti\" \/>\n<script type=\"application\/ld+json\" class=\"yoast-schema-graph\">{\"@context\":\"https:\\\/\\\/schema.org\",\"@graph\":[{\"@type\":\"WebPage\",\"@id\":\"https:\\\/\\\/buymodafinilonline.com\\\/it\\\/smart-drug-it\\\/armodafinil-generico-150mg\\\/\",\"url\":\"https:\\\/\\\/buymodafinilonline.com\\\/it\\\/smart-drug-it\\\/armodafinil-generico-150mg\\\/\",\"name\":\"Acquista Armodafinil Generic 150mg Tablets a basso costo - BuyModafinilOnline\",\"isPartOf\":{\"@id\":\"https:\\\/\\\/buymodafinilonline.com\\\/it\\\/#website\"},\"primaryImageOfPage\":{\"@id\":\"https:\\\/\\\/buymodafinilonline.com\\\/it\\\/smart-drug-it\\\/armodafinil-generico-150mg\\\/#primaryimage\"},\"image\":{\"@id\":\"https:\\\/\\\/buymodafinilonline.com\\\/it\\\/smart-drug-it\\\/armodafinil-generico-150mg\\\/#primaryimage\"},\"thumbnailUrl\":\"https:\\\/\\\/buymodafinilonline.com\\\/wp-content\\\/uploads\\\/2020\\\/04\\\/bmo-product-generic-armodafinil-150-mg.png\",\"datePublished\":\"2020-04-18T19:05:03+00:00\",\"dateModified\":\"2025-04-22T10:04:49+00:00\",\"description\":\"Ordina online farmaci Armodafinil 150mg generici dal produttore indiano. Acquista Armodafinil Generico 150 mg al miglior prezzo presso la farmacia BuyModafinilOnline. Paga con carta di credito, PayPal o BTC e ottieni grandi sconti!\",\"breadcrumb\":{\"@id\":\"https:\\\/\\\/buymodafinilonline.com\\\/it\\\/smart-drug-it\\\/armodafinil-generico-150mg\\\/#breadcrumb\"},\"inLanguage\":\"it-IT\",\"potentialAction\":[{\"@type\":\"ReadAction\",\"target\":[\"https:\\\/\\\/buymodafinilonline.com\\\/it\\\/smart-drug-it\\\/armodafinil-generico-150mg\\\/\"]}]},{\"@type\":\"ImageObject\",\"inLanguage\":\"it-IT\",\"@id\":\"https:\\\/\\\/buymodafinilonline.com\\\/it\\\/smart-drug-it\\\/armodafinil-generico-150mg\\\/#primaryimage\",\"url\":\"https:\\\/\\\/buymodafinilonline.com\\\/wp-content\\\/uploads\\\/2020\\\/04\\\/bmo-product-generic-armodafinil-150-mg.png\",\"contentUrl\":\"https:\\\/\\\/buymodafinilonline.com\\\/wp-content\\\/uploads\\\/2020\\\/04\\\/bmo-product-generic-armodafinil-150-mg.png\",\"width\":1280,\"height\":1500,\"caption\":\"Armodafinil generico 150mg\"},{\"@type\":\"BreadcrumbList\",\"@id\":\"https:\\\/\\\/buymodafinilonline.com\\\/it\\\/smart-drug-it\\\/armodafinil-generico-150mg\\\/#breadcrumb\",\"itemListElement\":[{\"@type\":\"ListItem\",\"position\":1,\"name\":\"Buy Modafinil Online\",\"item\":\"https:\\\/\\\/buymodafinilonline.com\\\/it\\\/\"},{\"@type\":\"ListItem\",\"position\":2,\"name\":\"Negozio\",\"item\":\"https:\\\/\\\/buymodafinilonline.com\\\/it\\\/negozio\\\/\"},{\"@type\":\"ListItem\",\"position\":3,\"name\":\"Generici\",\"item\":\"https:\\\/\\\/buymodafinilonline.com\\\/it\\\/categoria-di-prodotto\\\/generici\\\/\"},{\"@type\":\"ListItem\",\"position\":4,\"name\":\"Armodafinil generico 150mg\"}]},{\"@type\":\"WebSite\",\"@id\":\"https:\\\/\\\/buymodafinilonline.com\\\/it\\\/#website\",\"url\":\"https:\\\/\\\/buymodafinilonline.com\\\/it\\\/\",\"name\":\"BuyModafinilOnline.com\",\"description\":\"Modafinil Online Pharmacy\",\"publisher\":{\"@id\":\"https:\\\/\\\/buymodafinilonline.com\\\/it\\\/#organization\"},\"potentialAction\":[{\"@type\":\"SearchAction\",\"target\":{\"@type\":\"EntryPoint\",\"urlTemplate\":\"https:\\\/\\\/buymodafinilonline.com\\\/it\\\/?s={search_term_string}\"},\"query-input\":{\"@type\":\"PropertyValueSpecification\",\"valueRequired\":true,\"valueName\":\"search_term_string\"}}],\"inLanguage\":\"it-IT\"},{\"@type\":\"Organization\",\"@id\":\"https:\\\/\\\/buymodafinilonline.com\\\/it\\\/#organization\",\"name\":\"BuyModafinilOnline\",\"url\":\"https:\\\/\\\/buymodafinilonline.com\\\/it\\\/\",\"logo\":{\"@type\":\"ImageObject\",\"inLanguage\":\"it-IT\",\"@id\":\"https:\\\/\\\/buymodafinilonline.com\\\/it\\\/#\\\/schema\\\/logo\\\/image\\\/\",\"url\":\"https:\\\/\\\/buymodafinilonline.com\\\/wp-content\\\/uploads\\\/2020\\\/04\\\/logo-buy-modafinil-online-yellow.png\",\"contentUrl\":\"https:\\\/\\\/buymodafinilonline.com\\\/wp-content\\\/uploads\\\/2020\\\/04\\\/logo-buy-modafinil-online-yellow.png\",\"width\":200,\"height\":200,\"caption\":\"BuyModafinilOnline\"},\"image\":{\"@id\":\"https:\\\/\\\/buymodafinilonline.com\\\/it\\\/#\\\/schema\\\/logo\\\/image\\\/\"}}]}<\/script>\n<!-- \/ Yoast SEO Premium plugin. -->","yoast_head_json":{"title":"Acquista Armodafinil Generic 150mg Tablets a basso costo - BuyModafinilOnline","description":"Ordina online farmaci Armodafinil 150mg generici dal produttore indiano. Acquista Armodafinil Generico 150 mg al miglior prezzo presso la farmacia BuyModafinilOnline. Paga con carta di credito, PayPal o BTC e ottieni grandi sconti!","robots":{"index":"index","follow":"follow","max-snippet":"max-snippet:-1","max-image-preview":"max-image-preview:large","max-video-preview":"max-video-preview:-1"},"canonical":"https:\/\/buymodafinilonline.com\/it\/smart-drug-it\/armodafinil-generico-150mg\/","og_locale":"it_IT","og_type":"article","og_title":"Armodafinil generico 150mg","og_description":"Ordina online farmaci Armodafinil 150mg generici dal produttore indiano. Acquista Armodafinil Generico 150 mg al miglior prezzo presso la farmacia BuyModafinilOnline. Paga con carta di credito, PayPal o BTC e ottieni grandi sconti!","og_url":"https:\/\/buymodafinilonline.com\/it\/smart-drug-it\/armodafinil-generico-150mg\/","og_site_name":"BuyModafinilOnline.com","article_modified_time":"2025-04-22T10:04:49+00:00","og_image":[{"width":1280,"height":1500,"url":"https:\/\/buymodafinilonline.com\/wp-content\/uploads\/2020\/04\/bmo-product-generic-armodafinil-150-mg.png","type":"image\/png"}],"twitter_misc":{"Tempo di lettura stimato":"6 minuti"},"schema":{"@context":"https:\/\/schema.org","@graph":[{"@type":"WebPage","@id":"https:\/\/buymodafinilonline.com\/it\/smart-drug-it\/armodafinil-generico-150mg\/","url":"https:\/\/buymodafinilonline.com\/it\/smart-drug-it\/armodafinil-generico-150mg\/","name":"Acquista Armodafinil Generic 150mg Tablets a basso costo - BuyModafinilOnline","isPartOf":{"@id":"https:\/\/buymodafinilonline.com\/it\/#website"},"primaryImageOfPage":{"@id":"https:\/\/buymodafinilonline.com\/it\/smart-drug-it\/armodafinil-generico-150mg\/#primaryimage"},"image":{"@id":"https:\/\/buymodafinilonline.com\/it\/smart-drug-it\/armodafinil-generico-150mg\/#primaryimage"},"thumbnailUrl":"https:\/\/buymodafinilonline.com\/wp-content\/uploads\/2020\/04\/bmo-product-generic-armodafinil-150-mg.png","datePublished":"2020-04-18T19:05:03+00:00","dateModified":"2025-04-22T10:04:49+00:00","description":"Ordina online farmaci Armodafinil 150mg generici dal produttore indiano. Acquista Armodafinil Generico 150 mg al miglior prezzo presso la farmacia BuyModafinilOnline. Paga con carta di credito, PayPal o BTC e ottieni grandi sconti!","breadcrumb":{"@id":"https:\/\/buymodafinilonline.com\/it\/smart-drug-it\/armodafinil-generico-150mg\/#breadcrumb"},"inLanguage":"it-IT","potentialAction":[{"@type":"ReadAction","target":["https:\/\/buymodafinilonline.com\/it\/smart-drug-it\/armodafinil-generico-150mg\/"]}]},{"@type":"ImageObject","inLanguage":"it-IT","@id":"https:\/\/buymodafinilonline.com\/it\/smart-drug-it\/armodafinil-generico-150mg\/#primaryimage","url":"https:\/\/buymodafinilonline.com\/wp-content\/uploads\/2020\/04\/bmo-product-generic-armodafinil-150-mg.png","contentUrl":"https:\/\/buymodafinilonline.com\/wp-content\/uploads\/2020\/04\/bmo-product-generic-armodafinil-150-mg.png","width":1280,"height":1500,"caption":"Armodafinil generico 150mg"},{"@type":"BreadcrumbList","@id":"https:\/\/buymodafinilonline.com\/it\/smart-drug-it\/armodafinil-generico-150mg\/#breadcrumb","itemListElement":[{"@type":"ListItem","position":1,"name":"Buy Modafinil Online","item":"https:\/\/buymodafinilonline.com\/it\/"},{"@type":"ListItem","position":2,"name":"Negozio","item":"https:\/\/buymodafinilonline.com\/it\/negozio\/"},{"@type":"ListItem","position":3,"name":"Generici","item":"https:\/\/buymodafinilonline.com\/it\/categoria-di-prodotto\/generici\/"},{"@type":"ListItem","position":4,"name":"Armodafinil generico 150mg"}]},{"@type":"WebSite","@id":"https:\/\/buymodafinilonline.com\/it\/#website","url":"https:\/\/buymodafinilonline.com\/it\/","name":"BuyModafinilOnline.com","description":"Modafinil Online Pharmacy","publisher":{"@id":"https:\/\/buymodafinilonline.com\/it\/#organization"},"potentialAction":[{"@type":"SearchAction","target":{"@type":"EntryPoint","urlTemplate":"https:\/\/buymodafinilonline.com\/it\/?s={search_term_string}"},"query-input":{"@type":"PropertyValueSpecification","valueRequired":true,"valueName":"search_term_string"}}],"inLanguage":"it-IT"},{"@type":"Organization","@id":"https:\/\/buymodafinilonline.com\/it\/#organization","name":"BuyModafinilOnline","url":"https:\/\/buymodafinilonline.com\/it\/","logo":{"@type":"ImageObject","inLanguage":"it-IT","@id":"https:\/\/buymodafinilonline.com\/it\/#\/schema\/logo\/image\/","url":"https:\/\/buymodafinilonline.com\/wp-content\/uploads\/2020\/04\/logo-buy-modafinil-online-yellow.png","contentUrl":"https:\/\/buymodafinilonline.com\/wp-content\/uploads\/2020\/04\/logo-buy-modafinil-online-yellow.png","width":200,"height":200,"caption":"BuyModafinilOnline"},"image":{"@id":"https:\/\/buymodafinilonline.com\/it\/#\/schema\/logo\/image\/"}}]}},"_links":{"self":[{"href":"https:\/\/buymodafinilonline.com\/it\/wp-json\/wp\/v2\/product\/408919","targetHints":{"allow":["GET"]}}],"collection":[{"href":"https:\/\/buymodafinilonline.com\/it\/wp-json\/wp\/v2\/product"}],"about":[{"href":"https:\/\/buymodafinilonline.com\/it\/wp-json\/wp\/v2\/types\/product"}],"replies":[{"embeddable":true,"href":"https:\/\/buymodafinilonline.com\/it\/wp-json\/wp\/v2\/comments?post=408919"}],"wp:featuredmedia":[{"embeddable":true,"href":"https:\/\/buymodafinilonline.com\/it\/wp-json\/wp\/v2\/media\/398127"}],"wp:attachment":[{"href":"https:\/\/buymodafinilonline.com\/it\/wp-json\/wp\/v2\/media?parent=408919"}],"wp:term":[{"taxonomy":"product_brand","embeddable":true,"href":"https:\/\/buymodafinilonline.com\/it\/wp-json\/wp\/v2\/product_brand?post=408919"},{"taxonomy":"product_cat","embeddable":true,"href":"https:\/\/buymodafinilonline.com\/it\/wp-json\/wp\/v2\/product_cat?post=408919"},{"taxonomy":"product_tag","embeddable":true,"href":"https:\/\/buymodafinilonline.com\/it\/wp-json\/wp\/v2\/product_tag?post=408919"}],"curies":[{"name":"wp","href":"https:\/\/api.w.org\/{rel}","templated":true}]}}