{"id":409033,"date":"2020-04-18T19:46:49","date_gmt":"2020-04-18T18:46:49","guid":{"rendered":"https:\/\/buymodafinilonline.com\/smart-drugs\/modfil-200-mg\/"},"modified":"2025-04-22T11:00:41","modified_gmt":"2025-04-22T10:00:41","slug":"modfil-200-mg","status":"publish","type":"product","link":"https:\/\/buymodafinilonline.com\/it\/smart-drug-it\/modfil-200-mg\/","title":{"rendered":"Modfil 200 MG"},"content":{"rendered":"[vc_column width=&#8221;1\/2&#8243;]\n<h2>Che cos&#8217;\u00e8 Modfil 200 mg?<\/h2>\n<div class=\"su-divider su-divider-style-default\" style=\"margin:10px 0;border-width:3px;border-color:#ffffff00\"><a href=\"#\" style=\"color:#ffffff009\">.<\/a><\/div>\nModfil 200 mg \u00e8 un farmaco di prescrizione usato per promuovere la veglia in individui privati del sonno a causa di varie condizioni di salute tra cui apnea ostruttiva del sonno \/ sindrome da ipopnea (OSAHS), disturbo del sonno da lavoro a turni (SWSD) e narcolessia.<\/p>\n<p>L&#8217;uso off-label include la sclerosi multipla, il morbo di Parkinson, il disturbo da deficit di attenzione e iperattivo (ADHD), la depressione, il deterioramento cognitivo e altri trattamenti sanitari.<\/p>\n<p>Dal momento che contiene<a href=\"https:\/\/buymodafinilonline.com\/it\/la-verita-su-modafinil\/\"> modafinil<\/a> , il meccanismo Modfil ripristina il normale ciclo del sonno poich\u00e9 modula la concentrazione di messaggeri chimici nel cervello inibendo e migliorando la ricaptazione della dopamina, istamina, orexina ed esercita un effetto stimolante per ridurre la sonnolenza estrema. Tuttavia, oltre a questo meccanismo noto, la dopamina svolge un altro ruolo importante. Agisce come un sistema di ricompensa naturale nel cervello e aumentando i suoi livelli.<\/p>\n<p>A causa di questo effetto, Modfil, come qualsiasi altro nootropico, \u00e8 ampiamente utilizzato da dirigenti aziendali, astronauti, personale sportivo, studenti e dipendenti, tra gli altri per migliorare la capacit\u00e0 di migliorare la concentrazione, la vigilanza, la memoria, l&#8217;acutezza mentale per aiutarli a pianificare e prendere decisioni, ottenere un effetto positivo sull&#8217;apprendimento e sulla creativit\u00e0 e promuovere la produttivit\u00e0.<\/p>\n<div class=\"su-divider su-divider-style-default\" style=\"margin:10px 0;border-width:3px;border-color:#ffffff00\"><a href=\"#\" style=\"color:#ffffff009\">.<\/a><\/div>\n<h2>Dosaggio sicuro e uso corretto<\/h2>\n<div class=\"su-divider su-divider-style-default\" style=\"margin:10px 0;border-width:3px;border-color:#ffffff00\"><a href=\"#\" style=\"color:#ffffff009\">.<\/a><\/div>\nLa sicurezza dovrebbe tornare utile. Modfil 200 mg \u00e8 la dose giornaliera raccomandata di forza. Lascia che il tuo medico specialista valuti la tua salute per determinare se questo medicinale \u00e8 il migliore per te, a seconda dell&#8217;esito delle tue condizioni di salute.<\/p>\n<p>Il dosaggio deve essere assunto secondo la prescrizione. Non prenda pi\u00f9 di 1 pillola al giorno. Modfil 200mg \u00e8 sicuro se assunto da individui sani e al momento giusto secondo la prescrizione. Non overdose.<\/p>\n<p>Se si utilizza il farmaco Modfil off-label, consultare un medico specialista per darti il giusto dosaggio e un uso corretto. Potrebbe essere necessario un aggiustamento della dose a seconda del tuo stato di salute, ad esempio, se ti viene diagnosticata una grave insufficienza epatica, Modfil 200 mg deve essere ridotto della met\u00e0.<\/p>\n<div class=\"su-divider su-divider-style-default\" style=\"margin:10px 0;border-width:3px;border-color:#ffffff00\"><a href=\"#\" style=\"color:#ffffff009\">.<\/a><\/div>\n<h2><strong>Possibili effetti collaterali<\/strong><\/h2>\n<div class=\"su-divider su-divider-style-default\" style=\"margin:10px 0;border-width:3px;border-color:#ffffff00\"><a href=\"#\" style=\"color:#ffffff009\">.<\/a><\/div>\nModfil 200 mg pu\u00f2 causare alcuni effetti negativi. \u00c8 sicuro se assunto da individui sani senza complicazioni di salute e aderendo al dosaggio. Seguire le istruzioni fornite sul foglio illustrativo del farmaco per sperimentare gli effetti ottimali di questo farmaco senza gravi effetti negativi.<\/p>\n<p>Alcuni effetti avversi non sono gravi e di breve durata. Gli effetti negativi comuni includono mal di testa, vertigini, mal di schiena, nausea, disturbi di stomaco, diarrea, disturbi del sonno, sensazione di ansia o nervosismo, naso chiuso.<\/p>\n<p>Effetti negativi rari ma pi\u00f9 gravi includono ipersensibilit\u00e0, febbre e brividi, dolore toracico, confusione, stanchezza e debolezza insolite, sindrome di Stevens-Johnson e altri.<\/p>\n<p>Questa non \u00e8 una lista esauriente. Pu\u00f2 anche causare sonnolenza e vertigini, quindi non guidare o fare nulla che richieda concentrazione e attenzione mentale fino a quando l&#8217;effetto del farmaco non scompare. Informa un medico se sviluppi cambiamenti insoliti di umore o comportamento e se hai pensieri suicidi, depressione nuova o in peggioramento.<\/p>\n[\/vc_column][vc_column width=&#8221;1\/2&#8243;]\n<div class=\"su-divider su-divider-style-default\" style=\"margin:10px 0;border-width:3px;border-color:#ffffff00\"><a href=\"#\" style=\"color:#ffffff009\">.<\/a><\/div>\n<h2>Controindicazioni e precauzioni<\/h2>\n<div class=\"su-divider su-divider-style-default\" style=\"margin:10px 0;border-width:3px;border-color:#ffffff00\"><a href=\"#\" style=\"color:#ffffff009\">.<\/a><\/div>\nModfil 200 mg \u00e8 sicuro e ben tollerato se utilizzato da soggetti sani e senza miscelarlo con altri medicinali.<\/p>\n<p>Se stai usando altri farmaci, ti consigliamo di fornire un elenco completo di tutti i farmaci che stai usando. Che si tratti di medicinali soggetti a prescrizione \/ senza ricetta medica o rimedi erboristici. Un medico specialista dovrebbe valutare e consigliare se \u00e8 sicuro da usare con i farmaci modafinil.<\/p>\n<p>Le persone con un&#8217;allergia nota al modafinil oa qualsiasi medicinale eugeroico non devono ricevere il medicinale Modfil 200 mg.<\/p>\n<p>Si raccomanda vivamente alle donne incinte e alle madri che allattano di non utilizzare alcun farmaco eugeroico. Se \u00e8 necessario, un medico dovrebbe discutere i noti possibili danni o danni e benefici prima di prendere Modfil &#8220;farmaco intelligente&#8221;.<\/p>\n<p>Modfil funziona bene con il cibo, ma alcuni cibi possono ritardarne l&#8217;inizio dell&#8217;azione. Si sconsiglia di mescolarlo con l&#8217;alcol. Pu\u00f2 aumentare il possibile rischio di effetti negativi senza precedenti come sonnolenza, capacit\u00e0 di giudizio alterata e vertigini, tra gli altri.<\/p>\n<p>Le interazioni di Modfil 200 mg con altri medicinali includono:<\/p>\n<div class=\"su-divider su-divider-style-default\" style=\"margin:10px 0;border-width:3px;border-color:#ffffff00\"><a href=\"#\" style=\"color:#ffffff009\">.<\/a><\/div>\n<ul>\n<li>Substrati di CYP3A4 \/ 5 e CYP2C19;<\/li>\n<li>warfarin;<\/li>\n<li>Inibitori MAO;<\/li>\n<li>farmaci per il controllo delle nascite;<\/li>\n<li>Stimolanti del SNC e altri.<\/li>\n<\/ul>\n<div class=\"su-divider su-divider-style-default\" style=\"margin:10px 0;border-width:3px;border-color:#ffffff00\"><a href=\"#\" style=\"color:#ffffff009\">.<\/a><\/div>\n\u00c8 anche necessario informare il tuo medico specialista delle tue condizioni di salute. Modfil pu\u00f2 causare interazioni con la malattia. La notevole interazione con la malattia di modafinil include fegato, reni, problemi cardiaci, convulsioni, ecc. Prima di prendere Modfil o qualsiasi medicinale eugeroico \/ nootropico, consultare un medico.<\/p>\n<div class=\"su-divider su-divider-style-default\" style=\"margin:10px 0;border-width:3px;border-color:#ffffff00\"><a href=\"#\" style=\"color:#ffffff009\">.<\/a><\/div>\n<h2><strong>Acquista Modfil generico 200mg (Modafinil) online<\/strong><\/h2>\n<div class=\"su-divider su-divider-style-default\" style=\"margin:10px 0;border-width:3px;border-color:#ffffff00\"><a href=\"#\" style=\"color:#ffffff009\">.<\/a><\/div>\nCurioso del posto migliore per acquistare di pi\u00f9 al mondo<a href=\"https:\/\/buymodafinilonline.com\/smart-drugs-bestsellers\/\"> popolare nootropico online<\/a> ? BuyModafinilOnline \u00e8 il posto migliore per acquistare modafinil a buon mercato poich\u00e9 diamo la priorit\u00e0 alla tua salute acquistando nootropi di qualit\u00e0 da produttori approvati e offrendo al prezzo di produzione.<\/p>\n<p>Puoi ordinare Modfil generico presso la nostra farmacia online senza ricetta. Non tutte le farmacie elettroniche sono legittime. Non \u00e8 illegale<a href=\"https:\/\/buymodafinilonline.com\/smart-drugs-brands\/\"> acquistare nootropi online<\/a> , ma dovresti essere consapevole dei rischi di acquistare da farmacie online truffa.<\/p>\n<p>Noi offriamo<a href=\"https:\/\/buymodafinilonline.com\/free-trial\/\"> campioni di prova gratuiti di modafinil e armodafinil<\/a> . Ottienili gratuitamente e testa l&#8217;efficacia e la sicurezza dei farmaci che offriamo.<\/p>\n<p>Accettiamo vari<a href=\"https:\/\/buymodafinilonline.com\/billing-credit-card-faq\/\"> Modalit\u00e0 di pagamento<\/a> , comprese le principali carte di credito, Zelle, PayPal e Bitcoin. <a href=\"https:\/\/buymodafinilonline.com\/it\/paga-in-bitcoin\/\">Utilizzando Bitcoin<\/a> come metodo di pagamento preferito, ti offriamo uno sconto del 23% sul costo totale.<\/p>\n<p>Ti invitiamo a utilizzare le nostre esperienze di riduzione dei prezzi, come<a href=\"https:\/\/buymodafinilonline.com\/coupons-deals-promo-codes\/\"> coupon, offerte e codici promozionali<\/a> . Inoltre, puoi ottenere il nostro esclusivo affare settimanale 300 pillole del marchio di modafinil generico pi\u00f9 popolare solo a $ 0,99 per pillola.<\/p>\n<p>Su tutti gli ordini superiori a $ 80, usufruisci della spedizione gratuita per posta aerea registrata o della spedizione Express gratuita su tutti i tuoi acquisti di $ 150 e oltre. Nostro<a href=\"https:\/\/buymodafinilonline.com\/it\/miglior-fornitore-modafinil-italia\/\"> spedizione<\/a> \u00e8 ultra veloce e offriamo a<a href=\"https:\/\/buymodafinilonline.com\/refund-reshipment\/\"> rimborso completo o rispedizione<\/a> se il tuo pacco rimane bloccato in dogana.<\/p>\n<div class=\"su-divider su-divider-style-default\" style=\"margin:10px 0;border-width:3px;border-color:#ffffff00\"><a href=\"#\" style=\"color:#ffffff009\">.<\/a><\/div>\n[\/vc_column]\n<div class=\"su-divider su-divider-style-default\" style=\"margin:10px 0;border-width:3px;border-color:#ffffff00\"><a href=\"#\" style=\"color:#ffffff009\">.<\/a><\/div>\n","protected":false},"excerpt":{"rendered":"<p>Modfil 200 mg contiene modafinil come ingrediente attivo. \u00c8 prodotto da Psyco Remedies Ltd, situata in una grande citt\u00e0 industriale nel Punjab, in India. Questo farmaco \u00e8 usato per trattare le condizioni dei disturbi del sonno, nonch\u00e9 per la produttivit\u00e0 e il miglioramento cognitivo. Ottieni questo farmaco da noi al costo di produzione poich\u00e9 lo acquistiamo direttamente dal suo produttore. Goditi campioni di prova gratuiti di pillole di modafinil e armodafinil e utilizza codici coupon e sconti per tagliare il costo totale della &#8220;droga intelligente&#8221;!<\/p>\n[sc name=\"s1\"]\n","protected":false},"featured_media":398190,"comment_status":"open","ping_status":"closed","template":"","meta":{"_acf_changed":false},"product_brand":[],"product_cat":[3787],"product_tag":[4028],"class_list":{"0":"post-409033","1":"product","2":"type-product","3":"status-publish","4":"has-post-thumbnail","6":"product_cat-marchi-smart-drugs","7":"product_tag-modafinil-it","9":"first","10":"instock","11":"sale","12":"shipping-taxable","13":"purchasable","14":"product-type-variable","15":"has-default-attributes"},"acf":[],"yoast_head":"<!-- This site is optimized with the Yoast SEO Premium plugin v23.6 (Yoast SEO v27.4) - https:\/\/yoast.com\/product\/yoast-seo-premium-wordpress\/ -->\n<title>Acquista Modfil 200 mg (Modafinil) farmaci a prezzo conveniente - BuyModafinilOnline<\/title>\n<meta name=\"description\" content=\"Ordina le compresse di Modfil 200 mg online dal produttore di Psyco Remedies Ltd. Acquista Modfil 200 mg (modafinil) senza ricetta in farmacia BuyModafinilOnline. Paga con PayPal, carta di credito o BTC e ottieni grandi sconti!\" \/>\n<meta name=\"robots\" content=\"index, follow, max-snippet:-1, max-image-preview:large, max-video-preview:-1\" \/>\n<link rel=\"canonical\" href=\"https:\/\/buymodafinilonline.com\/it\/smart-drug-it\/modfil-200-mg\/\" \/>\n<meta property=\"og:locale\" content=\"it_IT\" \/>\n<meta property=\"og:type\" content=\"article\" \/>\n<meta property=\"og:title\" content=\"Modfil 200 MG\" \/>\n<meta property=\"og:description\" content=\"Ordina le compresse di Modfil 200 mg online dal produttore di Psyco Remedies Ltd. Acquista Modfil 200 mg (modafinil) senza ricetta in farmacia BuyModafinilOnline. Paga con PayPal, carta di credito o BTC e ottieni grandi sconti!\" \/>\n<meta property=\"og:url\" content=\"https:\/\/buymodafinilonline.com\/it\/smart-drug-it\/modfil-200-mg\/\" \/>\n<meta property=\"og:site_name\" content=\"BuyModafinilOnline.com\" \/>\n<meta property=\"article:modified_time\" content=\"2025-04-22T10:00:41+00:00\" \/>\n<meta property=\"og:image\" content=\"https:\/\/buymodafinilonline.com\/wp-content\/uploads\/2020\/04\/bmo-product-modfil-200-mg.png\" \/>\n\t<meta property=\"og:image:width\" content=\"1280\" \/>\n\t<meta property=\"og:image:height\" content=\"1500\" \/>\n\t<meta property=\"og:image:type\" content=\"image\/png\" \/>\n<meta name=\"twitter:label1\" content=\"Tempo di lettura stimato\" \/>\n\t<meta name=\"twitter:data1\" content=\"5 minuti\" \/>\n<script type=\"application\/ld+json\" class=\"yoast-schema-graph\">{\"@context\":\"https:\\\/\\\/schema.org\",\"@graph\":[{\"@type\":\"WebPage\",\"@id\":\"https:\\\/\\\/buymodafinilonline.com\\\/it\\\/smart-drug-it\\\/modfil-200-mg\\\/\",\"url\":\"https:\\\/\\\/buymodafinilonline.com\\\/it\\\/smart-drug-it\\\/modfil-200-mg\\\/\",\"name\":\"Acquista Modfil 200 mg (Modafinil) farmaci a prezzo conveniente - BuyModafinilOnline\",\"isPartOf\":{\"@id\":\"https:\\\/\\\/buymodafinilonline.com\\\/it\\\/#website\"},\"primaryImageOfPage\":{\"@id\":\"https:\\\/\\\/buymodafinilonline.com\\\/it\\\/smart-drug-it\\\/modfil-200-mg\\\/#primaryimage\"},\"image\":{\"@id\":\"https:\\\/\\\/buymodafinilonline.com\\\/it\\\/smart-drug-it\\\/modfil-200-mg\\\/#primaryimage\"},\"thumbnailUrl\":\"https:\\\/\\\/buymodafinilonline.com\\\/wp-content\\\/uploads\\\/2020\\\/04\\\/bmo-product-modfil-200-mg.png\",\"datePublished\":\"2020-04-18T18:46:49+00:00\",\"dateModified\":\"2025-04-22T10:00:41+00:00\",\"description\":\"Ordina le compresse di Modfil 200 mg online dal produttore di Psyco Remedies Ltd. Acquista Modfil 200 mg (modafinil) senza ricetta in farmacia BuyModafinilOnline. Paga con PayPal, carta di credito o BTC e ottieni grandi sconti!\",\"breadcrumb\":{\"@id\":\"https:\\\/\\\/buymodafinilonline.com\\\/it\\\/smart-drug-it\\\/modfil-200-mg\\\/#breadcrumb\"},\"inLanguage\":\"it-IT\",\"potentialAction\":[{\"@type\":\"ReadAction\",\"target\":[\"https:\\\/\\\/buymodafinilonline.com\\\/it\\\/smart-drug-it\\\/modfil-200-mg\\\/\"]}]},{\"@type\":\"ImageObject\",\"inLanguage\":\"it-IT\",\"@id\":\"https:\\\/\\\/buymodafinilonline.com\\\/it\\\/smart-drug-it\\\/modfil-200-mg\\\/#primaryimage\",\"url\":\"https:\\\/\\\/buymodafinilonline.com\\\/wp-content\\\/uploads\\\/2020\\\/04\\\/bmo-product-modfil-200-mg.png\",\"contentUrl\":\"https:\\\/\\\/buymodafinilonline.com\\\/wp-content\\\/uploads\\\/2020\\\/04\\\/bmo-product-modfil-200-mg.png\",\"width\":1280,\"height\":1500,\"caption\":\"Modfil 200 mg\"},{\"@type\":\"BreadcrumbList\",\"@id\":\"https:\\\/\\\/buymodafinilonline.com\\\/it\\\/smart-drug-it\\\/modfil-200-mg\\\/#breadcrumb\",\"itemListElement\":[{\"@type\":\"ListItem\",\"position\":1,\"name\":\"Buy Modafinil Online\",\"item\":\"https:\\\/\\\/buymodafinilonline.com\\\/it\\\/\"},{\"@type\":\"ListItem\",\"position\":2,\"name\":\"Negozio\",\"item\":\"https:\\\/\\\/buymodafinilonline.com\\\/it\\\/negozio\\\/\"},{\"@type\":\"ListItem\",\"position\":3,\"name\":\"Marchi Smart Drugs\",\"item\":\"https:\\\/\\\/buymodafinilonline.com\\\/it\\\/categoria-di-prodotto\\\/marchi-smart-drugs\\\/\"},{\"@type\":\"ListItem\",\"position\":4,\"name\":\"Modfil 200 MG\"}]},{\"@type\":\"WebSite\",\"@id\":\"https:\\\/\\\/buymodafinilonline.com\\\/it\\\/#website\",\"url\":\"https:\\\/\\\/buymodafinilonline.com\\\/it\\\/\",\"name\":\"BuyModafinilOnline.com\",\"description\":\"Modafinil Online Pharmacy\",\"publisher\":{\"@id\":\"https:\\\/\\\/buymodafinilonline.com\\\/it\\\/#organization\"},\"potentialAction\":[{\"@type\":\"SearchAction\",\"target\":{\"@type\":\"EntryPoint\",\"urlTemplate\":\"https:\\\/\\\/buymodafinilonline.com\\\/it\\\/?s={search_term_string}\"},\"query-input\":{\"@type\":\"PropertyValueSpecification\",\"valueRequired\":true,\"valueName\":\"search_term_string\"}}],\"inLanguage\":\"it-IT\"},{\"@type\":\"Organization\",\"@id\":\"https:\\\/\\\/buymodafinilonline.com\\\/it\\\/#organization\",\"name\":\"BuyModafinilOnline\",\"url\":\"https:\\\/\\\/buymodafinilonline.com\\\/it\\\/\",\"logo\":{\"@type\":\"ImageObject\",\"inLanguage\":\"it-IT\",\"@id\":\"https:\\\/\\\/buymodafinilonline.com\\\/it\\\/#\\\/schema\\\/logo\\\/image\\\/\",\"url\":\"https:\\\/\\\/buymodafinilonline.com\\\/wp-content\\\/uploads\\\/2020\\\/04\\\/logo-buy-modafinil-online-yellow.png\",\"contentUrl\":\"https:\\\/\\\/buymodafinilonline.com\\\/wp-content\\\/uploads\\\/2020\\\/04\\\/logo-buy-modafinil-online-yellow.png\",\"width\":200,\"height\":200,\"caption\":\"BuyModafinilOnline\"},\"image\":{\"@id\":\"https:\\\/\\\/buymodafinilonline.com\\\/it\\\/#\\\/schema\\\/logo\\\/image\\\/\"}}]}<\/script>\n<!-- \/ Yoast SEO Premium plugin. -->","yoast_head_json":{"title":"Acquista Modfil 200 mg (Modafinil) farmaci a prezzo conveniente - BuyModafinilOnline","description":"Ordina le compresse di Modfil 200 mg online dal produttore di Psyco Remedies Ltd. Acquista Modfil 200 mg (modafinil) senza ricetta in farmacia BuyModafinilOnline. Paga con PayPal, carta di credito o BTC e ottieni grandi sconti!","robots":{"index":"index","follow":"follow","max-snippet":"max-snippet:-1","max-image-preview":"max-image-preview:large","max-video-preview":"max-video-preview:-1"},"canonical":"https:\/\/buymodafinilonline.com\/it\/smart-drug-it\/modfil-200-mg\/","og_locale":"it_IT","og_type":"article","og_title":"Modfil 200 MG","og_description":"Ordina le compresse di Modfil 200 mg online dal produttore di Psyco Remedies Ltd. Acquista Modfil 200 mg (modafinil) senza ricetta in farmacia BuyModafinilOnline. Paga con PayPal, carta di credito o BTC e ottieni grandi sconti!","og_url":"https:\/\/buymodafinilonline.com\/it\/smart-drug-it\/modfil-200-mg\/","og_site_name":"BuyModafinilOnline.com","article_modified_time":"2025-04-22T10:00:41+00:00","og_image":[{"width":1280,"height":1500,"url":"https:\/\/buymodafinilonline.com\/wp-content\/uploads\/2020\/04\/bmo-product-modfil-200-mg.png","type":"image\/png"}],"twitter_misc":{"Tempo di lettura stimato":"5 minuti"},"schema":{"@context":"https:\/\/schema.org","@graph":[{"@type":"WebPage","@id":"https:\/\/buymodafinilonline.com\/it\/smart-drug-it\/modfil-200-mg\/","url":"https:\/\/buymodafinilonline.com\/it\/smart-drug-it\/modfil-200-mg\/","name":"Acquista Modfil 200 mg (Modafinil) farmaci a prezzo conveniente - BuyModafinilOnline","isPartOf":{"@id":"https:\/\/buymodafinilonline.com\/it\/#website"},"primaryImageOfPage":{"@id":"https:\/\/buymodafinilonline.com\/it\/smart-drug-it\/modfil-200-mg\/#primaryimage"},"image":{"@id":"https:\/\/buymodafinilonline.com\/it\/smart-drug-it\/modfil-200-mg\/#primaryimage"},"thumbnailUrl":"https:\/\/buymodafinilonline.com\/wp-content\/uploads\/2020\/04\/bmo-product-modfil-200-mg.png","datePublished":"2020-04-18T18:46:49+00:00","dateModified":"2025-04-22T10:00:41+00:00","description":"Ordina le compresse di Modfil 200 mg online dal produttore di Psyco Remedies Ltd. Acquista Modfil 200 mg (modafinil) senza ricetta in farmacia BuyModafinilOnline. Paga con PayPal, carta di credito o BTC e ottieni grandi sconti!","breadcrumb":{"@id":"https:\/\/buymodafinilonline.com\/it\/smart-drug-it\/modfil-200-mg\/#breadcrumb"},"inLanguage":"it-IT","potentialAction":[{"@type":"ReadAction","target":["https:\/\/buymodafinilonline.com\/it\/smart-drug-it\/modfil-200-mg\/"]}]},{"@type":"ImageObject","inLanguage":"it-IT","@id":"https:\/\/buymodafinilonline.com\/it\/smart-drug-it\/modfil-200-mg\/#primaryimage","url":"https:\/\/buymodafinilonline.com\/wp-content\/uploads\/2020\/04\/bmo-product-modfil-200-mg.png","contentUrl":"https:\/\/buymodafinilonline.com\/wp-content\/uploads\/2020\/04\/bmo-product-modfil-200-mg.png","width":1280,"height":1500,"caption":"Modfil 200 mg"},{"@type":"BreadcrumbList","@id":"https:\/\/buymodafinilonline.com\/it\/smart-drug-it\/modfil-200-mg\/#breadcrumb","itemListElement":[{"@type":"ListItem","position":1,"name":"Buy Modafinil Online","item":"https:\/\/buymodafinilonline.com\/it\/"},{"@type":"ListItem","position":2,"name":"Negozio","item":"https:\/\/buymodafinilonline.com\/it\/negozio\/"},{"@type":"ListItem","position":3,"name":"Marchi Smart Drugs","item":"https:\/\/buymodafinilonline.com\/it\/categoria-di-prodotto\/marchi-smart-drugs\/"},{"@type":"ListItem","position":4,"name":"Modfil 200 MG"}]},{"@type":"WebSite","@id":"https:\/\/buymodafinilonline.com\/it\/#website","url":"https:\/\/buymodafinilonline.com\/it\/","name":"BuyModafinilOnline.com","description":"Modafinil Online Pharmacy","publisher":{"@id":"https:\/\/buymodafinilonline.com\/it\/#organization"},"potentialAction":[{"@type":"SearchAction","target":{"@type":"EntryPoint","urlTemplate":"https:\/\/buymodafinilonline.com\/it\/?s={search_term_string}"},"query-input":{"@type":"PropertyValueSpecification","valueRequired":true,"valueName":"search_term_string"}}],"inLanguage":"it-IT"},{"@type":"Organization","@id":"https:\/\/buymodafinilonline.com\/it\/#organization","name":"BuyModafinilOnline","url":"https:\/\/buymodafinilonline.com\/it\/","logo":{"@type":"ImageObject","inLanguage":"it-IT","@id":"https:\/\/buymodafinilonline.com\/it\/#\/schema\/logo\/image\/","url":"https:\/\/buymodafinilonline.com\/wp-content\/uploads\/2020\/04\/logo-buy-modafinil-online-yellow.png","contentUrl":"https:\/\/buymodafinilonline.com\/wp-content\/uploads\/2020\/04\/logo-buy-modafinil-online-yellow.png","width":200,"height":200,"caption":"BuyModafinilOnline"},"image":{"@id":"https:\/\/buymodafinilonline.com\/it\/#\/schema\/logo\/image\/"}}]}},"_links":{"self":[{"href":"https:\/\/buymodafinilonline.com\/it\/wp-json\/wp\/v2\/product\/409033","targetHints":{"allow":["GET"]}}],"collection":[{"href":"https:\/\/buymodafinilonline.com\/it\/wp-json\/wp\/v2\/product"}],"about":[{"href":"https:\/\/buymodafinilonline.com\/it\/wp-json\/wp\/v2\/types\/product"}],"replies":[{"embeddable":true,"href":"https:\/\/buymodafinilonline.com\/it\/wp-json\/wp\/v2\/comments?post=409033"}],"wp:featuredmedia":[{"embeddable":true,"href":"https:\/\/buymodafinilonline.com\/it\/wp-json\/wp\/v2\/media\/398190"}],"wp:attachment":[{"href":"https:\/\/buymodafinilonline.com\/it\/wp-json\/wp\/v2\/media?parent=409033"}],"wp:term":[{"taxonomy":"product_brand","embeddable":true,"href":"https:\/\/buymodafinilonline.com\/it\/wp-json\/wp\/v2\/product_brand?post=409033"},{"taxonomy":"product_cat","embeddable":true,"href":"https:\/\/buymodafinilonline.com\/it\/wp-json\/wp\/v2\/product_cat?post=409033"},{"taxonomy":"product_tag","embeddable":true,"href":"https:\/\/buymodafinilonline.com\/it\/wp-json\/wp\/v2\/product_tag?post=409033"}],"curies":[{"name":"wp","href":"https:\/\/api.w.org\/{rel}","templated":true}]}}