{"id":409056,"date":"2020-04-18T20:00:03","date_gmt":"2020-04-18T19:00:03","guid":{"rendered":"https:\/\/buymodafinilonline.com\/smart-drugs\/armod-150-mg\/"},"modified":"2025-04-22T11:00:41","modified_gmt":"2025-04-22T10:00:41","slug":"armod-150-mg","status":"publish","type":"product","link":"https:\/\/buymodafinilonline.com\/it\/smart-drug-it\/armod-150-mg\/","title":{"rendered":"Armod 150 MG"},"content":{"rendered":"[vc_column width=&#8221;1\/2&#8243;]\n<h2>Che cos&#8217;\u00e8 Armod 150 mg?<\/h2>\n<div class=\"su-divider su-divider-style-default\" style=\"margin:10px 0;border-width:3px;border-color:#ffffff00\"><a href=\"#\" style=\"color:#ffffff009\">.<\/a><\/div>\nArmod 150 mg \u00e8 prodotto utilizzando l&#8217;ingrediente attivo sicuro al mondo, l&#8217;armodafinil, una sostanza pi\u00f9 forte di<a href=\"https:\/\/buymodafinilonline.com\/it\/la-verita-su-modafinil\/\"> modafinil<\/a> con migliori effetti di veglia.<\/p>\n<p>Armodafinil \u00e8 approvato come rimedio sicuro per i disturbi del sonno dovuti a sindrome da apnea ostruttiva \/ ipopnea del sonno (OSAHS), narcolessia e disturbo del sonno da lavoro a turni (SWSD).<\/p>\n<p>La sua modalit\u00e0 di azione nell&#8217;organismo aiuta il paziente a rimanere sveglio e riduce la tendenza ad addormentarsi durante il giorno o al lavoro, ripristinando cos\u00ec il normale ciclo del sonno. Modula i livelli dei messaggeri chimici nel cervello (dopamina, istamina e orexina) ed esercita un effetto stimolante per ridurre la sonnolenza estrema e migliorare la funzione cognitiva.<\/p>\n<p>Viene anche usato off-label per trattare altri problemi di salute come il disturbo da deficit di attenzione e iperattivit\u00e0 (ADHD), depressione e deterioramento cognitivo. Conosciuto come un &#8220;farmaco intelligente&#8221;, Armod \u00e8 il migliore per la produttivit\u00e0 e il miglioramento cognitivo. Aumenta la concentrazione mentale e aiuta a sfuggire al sonno. Le sue propriet\u00e0 attraggono astronauti, piloti, personale militare, studenti, professionisti e dirigenti nei settori aziendale e tecnologico.<\/p>\n<div class=\"su-divider su-divider-style-default\" style=\"margin:10px 0;border-width:3px;border-color:#ffffff00\"><a href=\"#\" style=\"color:#ffffff009\">.<\/a><\/div>\n<h2><strong>Dosaggio sicuro e uso corretto<\/strong><\/h2>\n<div class=\"su-divider su-divider-style-default\" style=\"margin:10px 0;border-width:3px;border-color:#ffffff00\"><a href=\"#\" style=\"color:#ffffff009\">.<\/a><\/div>\nPrima di assumere questo farmaco, si consiglia di consultare un medico specialista per valutare la propria salute. Armod 150 mg \u00e8 la dose giornaliera raccomandata utilizzata secondo il consiglio del medico. Viene presa solo una volta al giorno. Non superare il dosaggio raccomandato e, se lo usi off-label, \u00e8 meglio consultare prima un medico specialista per determinare se \u00e8 meglio per le tue esigenze finali.<\/p>\n<p>Per SWSD, dovrebbe essere presa un&#8217;ora prima quando ci si prepara a lavorare. Come rimedio contro ASAHS e narcolessia, dovrebbe essere somministrato in dose singola al mattino secondo prescrizione.<\/p>\n<p>Per un corretto dosaggio, inghiottirlo intero. Non masticarlo, romperlo o schiacciarlo. La compressa di Armod 150 mg pu\u00f2 essere assunta con o senza cibo.<\/p>\n<div class=\"su-divider su-divider-style-default\" style=\"margin:10px 0;border-width:3px;border-color:#ffffff00\"><a href=\"#\" style=\"color:#ffffff009\">.<\/a><\/div>\n<h2><strong>Possibili effetti collaterali<\/strong><\/h2>\n<div class=\"su-divider su-divider-style-default\" style=\"margin:10px 0;border-width:3px;border-color:#ffffff00\"><a href=\"#\" style=\"color:#ffffff009\">.<\/a><\/div>\nQuesto farmaco \u00e8 uno psicostimolante (con assenza di effetti negativi comuni ai farmaci psicostimolanti tradizionali). Per ridurre al minimo l&#8217;insorgenza di effetti collaterali, \u00e8 meglio attenersi ai consigli del medico e secondo la prescrizione fornita nel foglio illustrativo del farmaco. Tuttavia, come qualsiasi farmaco, Armod \u00e8 uno dei &#8220;primi farmaci intelligenti sicuri al mondo&#8221;, che ha meno effetti negativi a seconda della salute e del dosaggio.<\/p>\n<p>Gli effetti negativi comuni di Armod includono:<\/p>\n<div class=\"su-divider su-divider-style-default\" style=\"margin:10px 0;border-width:3px;border-color:#ffffff00\"><a href=\"#\" style=\"color:#ffffff009\">.<\/a><\/div>\n<ul>\n<li>nausea;<\/li>\n<li>mal di testa;<\/li>\n<li>vertigini;<\/li>\n<li>insonnia (difficolt\u00e0 a dormire).<\/li>\n<\/ul>\n<div class=\"su-divider su-divider-style-default\" style=\"margin:10px 0;border-width:3px;border-color:#ffffff00\"><a href=\"#\" style=\"color:#ffffff009\">.<\/a><\/div>\nGli effetti negativi rari ma pi\u00f9 gravi possono includere:<\/p>\n<div class=\"su-divider su-divider-style-default\" style=\"margin:10px 0;border-width:3px;border-color:#ffffff00\"><a href=\"#\" style=\"color:#ffffff009\">.<\/a><\/div>\n<ul>\n<li>ipersensibilit\u00e0;<\/li>\n<li>febbre e brividi;<\/li>\n<li>confusione, pensieri suicidi;<\/li>\n<li>stanchezza e debolezza insolite;<\/li>\n<li>dolore al petto.<\/li>\n<\/ul>\n<div class=\"su-divider su-divider-style-default\" style=\"margin:10px 0;border-width:3px;border-color:#ffffff00\"><a href=\"#\" style=\"color:#ffffff009\">.<\/a><\/div>\n[\/vc_column][vc_column width=&#8221;1\/2&#8243;]\n<div class=\"su-divider su-divider-style-default\" style=\"margin:10px 0;border-width:3px;border-color:#ffffff00\"><a href=\"#\" style=\"color:#ffffff009\">.<\/a><\/div>\nQuesto non \u00e8 un elenco completo dei possibili effetti negativi. Non guidare o fare nulla che richieda concentrazione mentale (o macchinari pesanti) poich\u00e9 pu\u00f2 causare sonnolenza e vertigini.<\/p>\n<p>Tuttavia, questi effetti avversi sono di breve durata e di solito si risolvono da soli in un po &#8216;di tempo. Si prega di consultare il proprio medico specialista se questi ti danno fastidio o non si placano.<\/p>\n<div class=\"su-divider su-divider-style-default\" style=\"margin:10px 0;border-width:3px;border-color:#ffffff00\"><a href=\"#\" style=\"color:#ffffff009\">.<\/a><\/div>\n<h2><strong>Controindicazioni e precauzioni<\/strong><\/h2>\n<div class=\"su-divider su-divider-style-default\" style=\"margin:10px 0;border-width:3px;border-color:#ffffff00\"><a href=\"#\" style=\"color:#ffffff009\">.<\/a><\/div>\nA meno che non sia necessario, Armod 150 mg non \u00e8 raccomandato per l&#8217;uso in donne in gravidanza o durante l&#8217;allattamento. L&#8217;uso di Armod con alcol non \u00e8 raccomandato. Pu\u00f2 aumentare il rischio di sonnolenza, capacit\u00e0 di giudizio alterata e vertigini.<\/p>\n<p>Tutti i farmaci interagiscono in modo diverso da persona a persona. Non mescolare Armod 150 mg con altri farmaci modafinil o armodafinil. \u00c8 molto sicuro prenderlo da solo. Dovresti controllare tutte le possibili interazioni con il tuo medico specialista prima di iniziare qualsiasi farmaco.<\/p>\n<p>Armodafinil interagisce con farmaci come:<\/p>\n<div class=\"su-divider su-divider-style-default\" style=\"margin:10px 0;border-width:3px;border-color:#ffffff00\"><a href=\"#\" style=\"color:#ffffff009\">.<\/a><\/div>\n<ul>\n<li>citalopram;<\/li>\n<li>ranolazina;<\/li>\n<li>fentanil;<\/li>\n<li>clopidogrel;<\/li>\n<li>acetato di levometadile e altri.<\/li>\n<\/ul>\n<div class=\"su-divider su-divider-style-default\" style=\"margin:10px 0;border-width:3px;border-color:#ffffff00\"><a href=\"#\" style=\"color:#ffffff009\">.<\/a><\/div>\nConsulta il tuo medico su tutte le possibili interazioni di Armod 150 mg o di qualsiasi nootropico che stai assumendo. Possono verificarsi interazioni con la malattia. Lascia che il tuo medico esamini la tua salute per possibili malattie come problemi al fegato, ai reni o al cuore e altri.<\/p>\n<div class=\"su-divider su-divider-style-default\" style=\"margin:10px 0;border-width:3px;border-color:#ffffff00\"><a href=\"#\" style=\"color:#ffffff009\">.<\/a><\/div>\n<h2><strong>Acquista Generic Armod 150mg (Armodafinil) online<\/strong><\/h2>\n<div class=\"su-divider su-divider-style-default\" style=\"margin:10px 0;border-width:3px;border-color:#ffffff00\"><a href=\"#\" style=\"color:#ffffff009\">.<\/a><\/div>\nQuesto farmaco \u00e8 sicuro e ben tollerato. Come generico, \u00e8 prodotto da big pharma indiano che ha un profilo di sicurezza del farmaco pi\u00f9 elevato.<\/p>\n<p>I generici sono estremamente economici<a href=\"https:\/\/buymodafinilonline.com\/it\/\"> AcquistaModafinilOnline e-drugstore<\/a> come fonte &#8220;<a href=\"https:\/\/buymodafinilonline.com\/smart-drugs-bestsellers\/\"> droghe intelligenti<\/a> &#8220;Da produttori approvati e offrirli al costo di produzione. Nella migliore delle ipotesi, offriamo anche<a href=\"https:\/\/buymodafinilonline.com\/it\/smart-drug-it\/campioni-gratuiti-di-modalert-200-mg\/\"> campioni di prova gratuiti di Modalert<\/a> e<a href=\"https:\/\/buymodafinilonline.com\/it\/smart-drug-it\/campioni-gratuiti-di-artvigil-150-mg\/\"> Artvigil<\/a> . Ottieni Armod 150 mg o qualsiasi altro &#8220;farmaco intelligente&#8221; sicuro (<a href=\"https:\/\/buymodafinilonline.com\/it\/smart-drug-it\/waklert-150-mg-tablets\/\"> Waklert<\/a> ,<a href=\"https:\/\/buymodafinilonline.com\/it\/smart-drug-it\/modvigil-200-mg\/\"> Modvigil<\/a> ,<a href=\"https:\/\/buymodafinilonline.com\/it\/smart-drug-it\/modafil-200mg-2\/\"> Modafil<\/a> , ecc.) facilmente senza prescrizione dalla nostra farmacia online.<\/p>\n<p>Ordina le nostre compresse di modafinil e armodafinil di alta qualit\u00e0 provenienti dai migliori prodotti farmaceutici indiani e risparmia di pi\u00f9 utilizzando coupon, offerte e codici promozionali, sconti e offerte.<\/p>\n<p>Goditi la nostra esclusiva<a href=\"https:\/\/buymodafinilonline.com\/it\/miglior-fornitore-modafinil-italia\/\"> spedizione ultrarapida<\/a> con consegna gratuita per ordini superiori a $ 80 se si utilizza la spedizione per posta aerea registrata o il servizio di posta espresso (EMS) gratuito su tutti gli ordini superiori a $ 150. Viene spedito direttamente dall&#8217;India alla maggior parte del mondo ad eccezione di alcuni paesi in cui non effettuiamo spedizioni.<\/p>\n<p>In caso di mancata consegna, offriamo un rimborso del 100% o te ne offriamo un altro<a href=\"https:\/\/buymodafinilonline.com\/refund-reshipment\/\"> rispedizione gratuita<\/a> . Non hai nulla da perdere dalla nostra farmacia online. Pi\u00f9 compresse ordini, pi\u00f9 basso sar\u00e0 il prezzo!<\/p>\n<p>Offriamo ottimi curati<a href=\"https:\/\/buymodafinilonline.com\/billing-credit-card-faq\/\"> opzioni di pagamento<\/a> , inclusi Bitcoin (BTC), PayPal e le principali carte di credito. E per ridurre il costo del tuo farmaco intelligente, risparmia il 23% sul costo totale quando <a href=\"https:\/\/buymodafinilonline.com\/it\/paga-in-bitcoin\/\">paghi con BTC<\/a>!<\/p>\n<div class=\"su-divider su-divider-style-default\" style=\"margin:10px 0;border-width:3px;border-color:#ffffff00\"><a href=\"#\" style=\"color:#ffffff009\">.<\/a><\/div>\n[\/vc_column]\n<div class=\"su-divider su-divider-style-default\" style=\"margin:10px 0;border-width:3px;border-color:#ffffff00\"><a href=\"#\" style=\"color:#ffffff009\">.<\/a><\/div>\n","protected":false},"excerpt":{"rendered":"<p>La pillola Armod 150 mg viene utilizzata per promuovere la veglia a causa di estrema sonnolenza durante il giorno o disturbi del sonno. \u00c8 anche usato off-label per trattare altri problemi di salute e come potenziatore della produttivit\u00e0 o cognitivo. \u00c8 sicuro e funziona bene in individui sani. \u00c8 un potente prodotto di Emcure Pharmaceuticals Ltd contenente armodafinil 150 mg come ingrediente attivo.<\/p>\n<p>Acquista Armod dalla nostra farmacia online; lo spediamo direttamente dal suo produttore al minor costo di produzione!<\/p>\n[sc name=\"s1\"]\n","protected":false},"featured_media":398120,"comment_status":"open","ping_status":"closed","template":"","meta":{"_acf_changed":false},"product_brand":[],"product_cat":[3787],"product_tag":[4019],"class_list":{"0":"post-409056","1":"product","2":"type-product","3":"status-publish","4":"has-post-thumbnail","6":"product_cat-marchi-smart-drugs","7":"product_tag-armodafinil-it-2","9":"first","10":"instock","11":"sale","12":"shipping-taxable","13":"purchasable","14":"product-type-variable","15":"has-default-attributes"},"acf":[],"yoast_head":"<!-- This site is optimized with the Yoast SEO Premium plugin v23.6 (Yoast SEO v27.3) - https:\/\/yoast.com\/product\/yoast-seo-premium-wordpress\/ -->\n<title>Acquista le compresse di Armod 150 MG (Armodafinil) a basso prezzo - BuyModafinilOnline<\/title>\n<meta name=\"description\" content=\"Ordina pillole Armod 150mg economiche online dal produttore Emcure Pharmaceuticals Ltd. Acquista Armod 150 mg (armodafinil) per il miglior prezzo nella farmacia BuyModafinilOnline. Nessuna prescrizione necessaria!\" \/>\n<meta name=\"robots\" content=\"index, follow, max-snippet:-1, max-image-preview:large, max-video-preview:-1\" \/>\n<link rel=\"canonical\" href=\"https:\/\/buymodafinilonline.com\/it\/smart-drug-it\/armod-150-mg\/\" \/>\n<meta property=\"og:locale\" content=\"it_IT\" \/>\n<meta property=\"og:type\" content=\"article\" \/>\n<meta property=\"og:title\" content=\"Armod 150 MG\" \/>\n<meta property=\"og:description\" content=\"Ordina pillole Armod 150mg economiche online dal produttore Emcure Pharmaceuticals Ltd. Acquista Armod 150 mg (armodafinil) per il miglior prezzo nella farmacia BuyModafinilOnline. Nessuna prescrizione necessaria!\" \/>\n<meta property=\"og:url\" content=\"https:\/\/buymodafinilonline.com\/it\/smart-drug-it\/armod-150-mg\/\" \/>\n<meta property=\"og:site_name\" content=\"BuyModafinilOnline.com\" \/>\n<meta property=\"article:modified_time\" content=\"2025-04-22T10:00:41+00:00\" \/>\n<meta property=\"og:image\" content=\"https:\/\/buymodafinilonline.com\/wp-content\/uploads\/2020\/04\/bmo-product-armod-150-mg.png\" \/>\n\t<meta property=\"og:image:width\" content=\"1280\" \/>\n\t<meta property=\"og:image:height\" content=\"1500\" \/>\n\t<meta property=\"og:image:type\" content=\"image\/png\" \/>\n<meta name=\"twitter:label1\" content=\"Tempo di lettura stimato\" \/>\n\t<meta name=\"twitter:data1\" content=\"5 minuti\" \/>\n<script type=\"application\/ld+json\" class=\"yoast-schema-graph\">{\"@context\":\"https:\\\/\\\/schema.org\",\"@graph\":[{\"@type\":\"WebPage\",\"@id\":\"https:\\\/\\\/buymodafinilonline.com\\\/it\\\/smart-drug-it\\\/armod-150-mg\\\/\",\"url\":\"https:\\\/\\\/buymodafinilonline.com\\\/it\\\/smart-drug-it\\\/armod-150-mg\\\/\",\"name\":\"Acquista le compresse di Armod 150 MG (Armodafinil) a basso prezzo - BuyModafinilOnline\",\"isPartOf\":{\"@id\":\"https:\\\/\\\/buymodafinilonline.com\\\/it\\\/#website\"},\"primaryImageOfPage\":{\"@id\":\"https:\\\/\\\/buymodafinilonline.com\\\/it\\\/smart-drug-it\\\/armod-150-mg\\\/#primaryimage\"},\"image\":{\"@id\":\"https:\\\/\\\/buymodafinilonline.com\\\/it\\\/smart-drug-it\\\/armod-150-mg\\\/#primaryimage\"},\"thumbnailUrl\":\"https:\\\/\\\/buymodafinilonline.com\\\/wp-content\\\/uploads\\\/2020\\\/04\\\/bmo-product-armod-150-mg.png\",\"datePublished\":\"2020-04-18T19:00:03+00:00\",\"dateModified\":\"2025-04-22T10:00:41+00:00\",\"description\":\"Ordina pillole Armod 150mg economiche online dal produttore Emcure Pharmaceuticals Ltd. Acquista Armod 150 mg (armodafinil) per il miglior prezzo nella farmacia BuyModafinilOnline. Nessuna prescrizione necessaria!\",\"breadcrumb\":{\"@id\":\"https:\\\/\\\/buymodafinilonline.com\\\/it\\\/smart-drug-it\\\/armod-150-mg\\\/#breadcrumb\"},\"inLanguage\":\"it-IT\",\"potentialAction\":[{\"@type\":\"ReadAction\",\"target\":[\"https:\\\/\\\/buymodafinilonline.com\\\/it\\\/smart-drug-it\\\/armod-150-mg\\\/\"]}]},{\"@type\":\"ImageObject\",\"inLanguage\":\"it-IT\",\"@id\":\"https:\\\/\\\/buymodafinilonline.com\\\/it\\\/smart-drug-it\\\/armod-150-mg\\\/#primaryimage\",\"url\":\"https:\\\/\\\/buymodafinilonline.com\\\/wp-content\\\/uploads\\\/2020\\\/04\\\/bmo-product-armod-150-mg.png\",\"contentUrl\":\"https:\\\/\\\/buymodafinilonline.com\\\/wp-content\\\/uploads\\\/2020\\\/04\\\/bmo-product-armod-150-mg.png\",\"width\":1280,\"height\":1500,\"caption\":\"Armod 150 mg\"},{\"@type\":\"BreadcrumbList\",\"@id\":\"https:\\\/\\\/buymodafinilonline.com\\\/it\\\/smart-drug-it\\\/armod-150-mg\\\/#breadcrumb\",\"itemListElement\":[{\"@type\":\"ListItem\",\"position\":1,\"name\":\"Buy Modafinil Online\",\"item\":\"https:\\\/\\\/buymodafinilonline.com\\\/it\\\/\"},{\"@type\":\"ListItem\",\"position\":2,\"name\":\"Negozio\",\"item\":\"https:\\\/\\\/buymodafinilonline.com\\\/it\\\/negozio\\\/\"},{\"@type\":\"ListItem\",\"position\":3,\"name\":\"Marchi Smart Drugs\",\"item\":\"https:\\\/\\\/buymodafinilonline.com\\\/it\\\/categoria-di-prodotto\\\/marchi-smart-drugs\\\/\"},{\"@type\":\"ListItem\",\"position\":4,\"name\":\"Armod 150 MG\"}]},{\"@type\":\"WebSite\",\"@id\":\"https:\\\/\\\/buymodafinilonline.com\\\/it\\\/#website\",\"url\":\"https:\\\/\\\/buymodafinilonline.com\\\/it\\\/\",\"name\":\"BuyModafinilOnline.com\",\"description\":\"Modafinil Online Pharmacy\",\"publisher\":{\"@id\":\"https:\\\/\\\/buymodafinilonline.com\\\/it\\\/#organization\"},\"potentialAction\":[{\"@type\":\"SearchAction\",\"target\":{\"@type\":\"EntryPoint\",\"urlTemplate\":\"https:\\\/\\\/buymodafinilonline.com\\\/it\\\/?s={search_term_string}\"},\"query-input\":{\"@type\":\"PropertyValueSpecification\",\"valueRequired\":true,\"valueName\":\"search_term_string\"}}],\"inLanguage\":\"it-IT\"},{\"@type\":\"Organization\",\"@id\":\"https:\\\/\\\/buymodafinilonline.com\\\/it\\\/#organization\",\"name\":\"BuyModafinilOnline\",\"url\":\"https:\\\/\\\/buymodafinilonline.com\\\/it\\\/\",\"logo\":{\"@type\":\"ImageObject\",\"inLanguage\":\"it-IT\",\"@id\":\"https:\\\/\\\/buymodafinilonline.com\\\/it\\\/#\\\/schema\\\/logo\\\/image\\\/\",\"url\":\"https:\\\/\\\/buymodafinilonline.com\\\/wp-content\\\/uploads\\\/2020\\\/04\\\/logo-buy-modafinil-online-yellow.png\",\"contentUrl\":\"https:\\\/\\\/buymodafinilonline.com\\\/wp-content\\\/uploads\\\/2020\\\/04\\\/logo-buy-modafinil-online-yellow.png\",\"width\":200,\"height\":200,\"caption\":\"BuyModafinilOnline\"},\"image\":{\"@id\":\"https:\\\/\\\/buymodafinilonline.com\\\/it\\\/#\\\/schema\\\/logo\\\/image\\\/\"}}]}<\/script>\n<!-- \/ Yoast SEO Premium plugin. -->","yoast_head_json":{"title":"Acquista le compresse di Armod 150 MG (Armodafinil) a basso prezzo - BuyModafinilOnline","description":"Ordina pillole Armod 150mg economiche online dal produttore Emcure Pharmaceuticals Ltd. Acquista Armod 150 mg (armodafinil) per il miglior prezzo nella farmacia BuyModafinilOnline. Nessuna prescrizione necessaria!","robots":{"index":"index","follow":"follow","max-snippet":"max-snippet:-1","max-image-preview":"max-image-preview:large","max-video-preview":"max-video-preview:-1"},"canonical":"https:\/\/buymodafinilonline.com\/it\/smart-drug-it\/armod-150-mg\/","og_locale":"it_IT","og_type":"article","og_title":"Armod 150 MG","og_description":"Ordina pillole Armod 150mg economiche online dal produttore Emcure Pharmaceuticals Ltd. Acquista Armod 150 mg (armodafinil) per il miglior prezzo nella farmacia BuyModafinilOnline. Nessuna prescrizione necessaria!","og_url":"https:\/\/buymodafinilonline.com\/it\/smart-drug-it\/armod-150-mg\/","og_site_name":"BuyModafinilOnline.com","article_modified_time":"2025-04-22T10:00:41+00:00","og_image":[{"width":1280,"height":1500,"url":"https:\/\/buymodafinilonline.com\/wp-content\/uploads\/2020\/04\/bmo-product-armod-150-mg.png","type":"image\/png"}],"twitter_misc":{"Tempo di lettura stimato":"5 minuti"},"schema":{"@context":"https:\/\/schema.org","@graph":[{"@type":"WebPage","@id":"https:\/\/buymodafinilonline.com\/it\/smart-drug-it\/armod-150-mg\/","url":"https:\/\/buymodafinilonline.com\/it\/smart-drug-it\/armod-150-mg\/","name":"Acquista le compresse di Armod 150 MG (Armodafinil) a basso prezzo - BuyModafinilOnline","isPartOf":{"@id":"https:\/\/buymodafinilonline.com\/it\/#website"},"primaryImageOfPage":{"@id":"https:\/\/buymodafinilonline.com\/it\/smart-drug-it\/armod-150-mg\/#primaryimage"},"image":{"@id":"https:\/\/buymodafinilonline.com\/it\/smart-drug-it\/armod-150-mg\/#primaryimage"},"thumbnailUrl":"https:\/\/buymodafinilonline.com\/wp-content\/uploads\/2020\/04\/bmo-product-armod-150-mg.png","datePublished":"2020-04-18T19:00:03+00:00","dateModified":"2025-04-22T10:00:41+00:00","description":"Ordina pillole Armod 150mg economiche online dal produttore Emcure Pharmaceuticals Ltd. Acquista Armod 150 mg (armodafinil) per il miglior prezzo nella farmacia BuyModafinilOnline. Nessuna prescrizione necessaria!","breadcrumb":{"@id":"https:\/\/buymodafinilonline.com\/it\/smart-drug-it\/armod-150-mg\/#breadcrumb"},"inLanguage":"it-IT","potentialAction":[{"@type":"ReadAction","target":["https:\/\/buymodafinilonline.com\/it\/smart-drug-it\/armod-150-mg\/"]}]},{"@type":"ImageObject","inLanguage":"it-IT","@id":"https:\/\/buymodafinilonline.com\/it\/smart-drug-it\/armod-150-mg\/#primaryimage","url":"https:\/\/buymodafinilonline.com\/wp-content\/uploads\/2020\/04\/bmo-product-armod-150-mg.png","contentUrl":"https:\/\/buymodafinilonline.com\/wp-content\/uploads\/2020\/04\/bmo-product-armod-150-mg.png","width":1280,"height":1500,"caption":"Armod 150 mg"},{"@type":"BreadcrumbList","@id":"https:\/\/buymodafinilonline.com\/it\/smart-drug-it\/armod-150-mg\/#breadcrumb","itemListElement":[{"@type":"ListItem","position":1,"name":"Buy Modafinil Online","item":"https:\/\/buymodafinilonline.com\/it\/"},{"@type":"ListItem","position":2,"name":"Negozio","item":"https:\/\/buymodafinilonline.com\/it\/negozio\/"},{"@type":"ListItem","position":3,"name":"Marchi Smart Drugs","item":"https:\/\/buymodafinilonline.com\/it\/categoria-di-prodotto\/marchi-smart-drugs\/"},{"@type":"ListItem","position":4,"name":"Armod 150 MG"}]},{"@type":"WebSite","@id":"https:\/\/buymodafinilonline.com\/it\/#website","url":"https:\/\/buymodafinilonline.com\/it\/","name":"BuyModafinilOnline.com","description":"Modafinil Online Pharmacy","publisher":{"@id":"https:\/\/buymodafinilonline.com\/it\/#organization"},"potentialAction":[{"@type":"SearchAction","target":{"@type":"EntryPoint","urlTemplate":"https:\/\/buymodafinilonline.com\/it\/?s={search_term_string}"},"query-input":{"@type":"PropertyValueSpecification","valueRequired":true,"valueName":"search_term_string"}}],"inLanguage":"it-IT"},{"@type":"Organization","@id":"https:\/\/buymodafinilonline.com\/it\/#organization","name":"BuyModafinilOnline","url":"https:\/\/buymodafinilonline.com\/it\/","logo":{"@type":"ImageObject","inLanguage":"it-IT","@id":"https:\/\/buymodafinilonline.com\/it\/#\/schema\/logo\/image\/","url":"https:\/\/buymodafinilonline.com\/wp-content\/uploads\/2020\/04\/logo-buy-modafinil-online-yellow.png","contentUrl":"https:\/\/buymodafinilonline.com\/wp-content\/uploads\/2020\/04\/logo-buy-modafinil-online-yellow.png","width":200,"height":200,"caption":"BuyModafinilOnline"},"image":{"@id":"https:\/\/buymodafinilonline.com\/it\/#\/schema\/logo\/image\/"}}]}},"_links":{"self":[{"href":"https:\/\/buymodafinilonline.com\/it\/wp-json\/wp\/v2\/product\/409056","targetHints":{"allow":["GET"]}}],"collection":[{"href":"https:\/\/buymodafinilonline.com\/it\/wp-json\/wp\/v2\/product"}],"about":[{"href":"https:\/\/buymodafinilonline.com\/it\/wp-json\/wp\/v2\/types\/product"}],"replies":[{"embeddable":true,"href":"https:\/\/buymodafinilonline.com\/it\/wp-json\/wp\/v2\/comments?post=409056"}],"wp:featuredmedia":[{"embeddable":true,"href":"https:\/\/buymodafinilonline.com\/it\/wp-json\/wp\/v2\/media\/398120"}],"wp:attachment":[{"href":"https:\/\/buymodafinilonline.com\/it\/wp-json\/wp\/v2\/media?parent=409056"}],"wp:term":[{"taxonomy":"product_brand","embeddable":true,"href":"https:\/\/buymodafinilonline.com\/it\/wp-json\/wp\/v2\/product_brand?post=409056"},{"taxonomy":"product_cat","embeddable":true,"href":"https:\/\/buymodafinilonline.com\/it\/wp-json\/wp\/v2\/product_cat?post=409056"},{"taxonomy":"product_tag","embeddable":true,"href":"https:\/\/buymodafinilonline.com\/it\/wp-json\/wp\/v2\/product_tag?post=409056"}],"curies":[{"name":"wp","href":"https:\/\/api.w.org\/{rel}","templated":true}]}}