{"id":410319,"date":"2020-04-06T20:31:51","date_gmt":"2020-04-06T19:31:51","guid":{"rendered":"https:\/\/buymodafinilonline.com\/smart-drugs\/superb-combo-pack-modalert-e-waklert\/"},"modified":"2025-10-05T18:32:20","modified_gmt":"2025-10-05T17:32:20","slug":"superb-combo-pack-modalert-e-waklert","status":"publish","type":"product","link":"https:\/\/buymodafinilonline.com\/it\/smart-drug-it\/superb-combo-pack-modalert-e-waklert\/","title":{"rendered":"Modalert e Waklert Superb Combo Pack"},"content":{"rendered":"[vc_column width=&#8221;1\/2&#8243;]\n<h2>Che cos&#8217;\u00e8 Modalert &amp; Waklert Superb Combo Pack?<\/h2>\n<p>La confezione combinata Modalert &amp; Waklert Superb \u00e8 esattamente ci\u00f2 di cui hai bisogno se assumi regolarmente questi &#8220;farmaci intelligenti&#8221;. Ti permette di risparmiare di pi\u00f9 quando hai a disposizione opzioni economiche con l&#8217;introduzione di una confezione combinata. Inoltre, potrai testare marche con diversi principi attivi. Il prezzo di una pillola di questi nootropi dipende dalla quantit\u00e0 della confezione. Noi lo facciamo in modo semplice: pi\u00f9 pillole acquisti, meno costa.    <\/p>\n<div class=\"su-divider su-divider-style-default\" style=\"margin:10px 0;border-width:3px;border-color:#ffffff00\"><a href=\"#\" style=\"color:#ffffff009\">.<\/a><\/div>\n<p><strong>Questo superbo Combo Pack include:<\/strong><\/p>\n<div class=\"su-divider su-divider-style-default\" style=\"margin:10px 0;border-width:3px;border-color:#ffffff00\"><a href=\"#\" style=\"color:#ffffff009\">.<\/a><\/div>\n<ul>\n<li><a href=\"https:\/\/buymodafinilonline.com\/it\/smart-drug-it\/modalert-200-mg\/\">Modalert 200 mg<\/a> &#8211; il marchio di modafinil generico pi\u00f9 popolare;<\/li>\n<li><a href=\"https:\/\/buymodafinilonline.com\/it\/smart-drug-it\/waklert-150-mg-tablets\/\">Waklert 150 mg<\/a> &#8211; il marchio di armodafinil generico pi\u00f9 popolare;<\/li>\n<li><a href=\"https:\/\/buymodafinilonline.com\/it\/smart-drug-it\/modafil-md-200-mg-sublinguale\/\">Modafil MD 200 mg sublinguale<\/a> &#8211; la scelta migliore per un assorbimento e un&#8217;insorgenza degli effetti pi\u00f9 rapidi; modafinil generico di marca INTAS;<\/li>\n<li>qualsiasi altra <a href=\"https:\/\/buymodafinilonline.com\/smart-drugs-brands\/\">marca di armodafinil e modafinil generico<\/a> disponibile su questo sito web.<\/li>\n<\/ul>\n<p><strong>Attenzione<\/strong>: assicurati di specificare le tue preferenze per il pacchetto combinato Modalert &amp; Waklert Superb nel campo Note speciali della <a href=\"https:\/\/buymodafinilonline.com\/it\/completa-transazione\/\">pagina di pagamento<\/a> (sotto l&#8217;indirizzo di spedizione).<\/p>\n<p>Nel caso in cui ti dimenticassi di specificare le tue preferenze di combinazione durante il checkout, includeremo il 50% di pillole Waklert e il 50% di pillole Modalert come set predefinito (entrambi i nootropi sono prodotti dall&#8217;indiana Sun Pharma).<\/p>\n<div class=\"su-divider su-divider-style-default\" style=\"margin:10px 0;border-width:3px;border-color:#ffffff00\"><a href=\"#\" style=\"color:#ffffff009\">.<\/a><\/div>\n<p><strong>Generico Modalert 200 mg<\/strong><\/p>\n<p>Questo farmaco viene prescritto per il trattamento dell&#8217;eccessiva sonnolenza diurna dovuta a diverse condizioni di disturbo del sonno come la narcolessia, l&#8217;apnea ostruttiva del sonno (OSA) e il disturbo del sonno da lavoro a turni (SWSD).<\/p>\n<p>I medici specialisti possono anche prescrivere Modalert 200 mg tabs off-label a persone che soffrono di ADD\/ADHD, depressione, perdita di peso e altre condizioni correlate, grazie alla sua capacit\u00e0 di migliorare la concentrazione, l&#8217;attenzione e ripristinare la veglia. Inoltre, la maggior parte delle persone sane ricorre all&#8217;uso di queste compresse per potenziare le proprie capacit\u00e0 cerebrali e aumentare la produttivit\u00e0. <\/p>\n<div class=\"su-divider su-divider-style-default\" style=\"margin:10px 0;border-width:3px;border-color:#ffffff00\"><a href=\"#\" style=\"color:#ffffff009\">.<\/a><\/div>\n<h3>Generico Waklert 150 mg<\/h3>\n<p>Come agente che promuove la veglia, Waklert viene utilizzato per stimolare alcune sostanze chimiche nel cervello che causano i disturbi del sonno. Come il Modalert, viene prescritto per migliorare la veglia nei pazienti con eccessiva sonnolenza diurna associata a narcolessia, OSA e SWSD. <\/p>\n<p>Il Waklert \u00e8 ampiamente utilizzato off-label per aiutare i pazienti a trattare la sindrome da stanchezza cronica, il disturbo depressivo maggiore e l&#8217;ADHD\/ADD.<\/p>\n<p>Anche molti individui sani preferiscono assumere questo farmaco per i suoi effetti di potenziamento cognitivo. Aumenta soprattutto la produttivit\u00e0 e facilita efficacemente il ragionamento, la risoluzione dei problemi e le prestazioni mentali. <\/p>\n<div class=\"su-divider su-divider-style-default\" style=\"margin:10px 0;border-width:3px;border-color:#ffffff00\"><a href=\"#\" style=\"color:#ffffff009\">.<\/a><\/div>\n<h2>Come funzionano queste pillole?<\/h2>\n<p>Modalert contiene modafinil come principio attivo, mentre Waklert \u00e8 prodotto con armodafinil. Entrambi i principi attivi hanno la stessa funzionalit\u00e0. Aumentano le concentrazioni di dopamina nel cervello legandosi al trasportatore della dopamina e inibendone la ricaptazione.  <\/p>\n<p>La dopamina \u00e8 un neurotrasmettitore essenziale che le cellule nervose utilizzano per comunicare efficacemente tra loro. Bloccando la sua ricaptazione da parte di altre sostanze chimiche dell&#8217;organismo, Modalert e Waklert aumentano i livelli extracellulari di dopamina in alcune regioni cerebrali, migliorando cos\u00ec il flusso sanguigno, le funzioni esecutive, la memoria e la concentrazione, il controllo motorio, aumentando l&#8217;energia, l&#8217;umore e le emozioni e un&#8217;aura di &#8220;benessere&#8221;, tra gli altri effetti. <\/p>\n<div class=\"su-divider su-divider-style-default\" style=\"margin:10px 0;border-width:3px;border-color:#ffffff00\"><a href=\"#\" style=\"color:#ffffff009\">.<\/a><\/div>\n<h2>Dosaggio sicuro e uso corretto<\/h2>\n<p>I dosaggi di questi farmaci variano. Modalert \u00e8 disponibile in compresse da 100 mg e 200 mg. Waklert \u00e8 disponibile nei dosaggi di 50 mg e 150 mg. Il dosaggio consigliato \u00e8 di 200 mg di modafinil (Modalert) o 150 mg di armodafinil (Waklert).   <\/p>\n<p>A seconda dello scopo di utilizzo, questi nootropi vengono assunti come segue:<\/p>\n<div class=\"su-divider su-divider-style-default\" style=\"margin:10px 0;border-width:3px;border-color:#ffffff00\"><a href=\"#\" style=\"color:#ffffff009\">.<\/a><\/div>\n<ul>\n<li>per narcolessia e OSA &#8211; una volta al giorno al mattino;<\/li>\n<li>per SWSD &#8211; circa. 1 ora prima dell&#8217;inizio del turno di lavoro;<\/li>\n<li>per altre patologie, per il potenziamento cognitivo o per attivit\u00e0 di produttivit\u00e0 &#8211; al momento giusto, come prescritto.<\/li>\n<\/ul>\n[\/vc_column][vc_column width=&#8221;1\/2&#8243;]\n<p>Soprattutto, non automedicare e non mischiare questi farmaci. \u00c8 necessario consultare prima un medico specialista per un dosaggio sicuro, compreso l&#8217;aggiustamento della dose in base al tuo stato di salute. <\/p>\n<div class=\"su-divider su-divider-style-default\" style=\"margin:10px 0;border-width:3px;border-color:#ffffff00\"><a href=\"#\" style=\"color:#ffffff009\">.<\/a><\/div>\n<h2>Possibili effetti collaterali<\/h2>\n<p>Questi farmaci sono sicuri e ben tollerati. Gli effetti collaterali sono rari, soprattutto se le pillole vengono assunte da persone sane. I sintomi negativi associati all&#8217;assunzione di nootropi sono classificati come comuni\/meno pericolosi e rari\/pi\u00f9 pericolosi.  <\/p>\n<p>Gli effetti collaterali pi\u00f9 comuni sono i seguenti:<\/p>\n<div class=\"su-divider su-divider-style-default\" style=\"margin:10px 0;border-width:3px;border-color:#ffffff00\"><a href=\"#\" style=\"color:#ffffff009\">.<\/a><\/div>\n<ul>\n<li>naso chiuso e che cola;<\/li>\n<li>sentimenti ansiosi;<\/li>\n<li>indigestione;<\/li>\n<li>diarrea;<\/li>\n<li>vertigini;<\/li>\n<li>difficolt\u00e0 a dormire;<\/li>\n<li>nausea;<\/li>\n<li>dolore alla testa;<\/li>\n<li>mal di schiena;<\/li>\n<li>nervosismo.<\/li>\n<\/ul>\n<p>Gli effetti negativi rari che tendono a essere gravi includono:<\/p>\n<div class=\"su-divider su-divider-style-default\" style=\"margin:10px 0;border-width:3px;border-color:#ffffff00\"><a href=\"#\" style=\"color:#ffffff009\">.<\/a><\/div>\n<ul>\n<li>eruzione cutanea;<\/li>\n<li>battito cardiaco anomalo;<\/li>\n<li>urina sanguinolenta;<\/li>\n<li>alveari;<\/li>\n<li>comportamento iperattivo;<\/li>\n<li>problemi mentali;<\/li>\n<li>pensieri suicidi;<\/li>\n<li>problemi di respirazione e altro.<\/li>\n<\/ul>\n<p>Questa non \u00e8 una lista esauriente. Alcuni effetti negativi possono essere gravi a seconda del tuo stato di salute e dell&#8217;aderenza al dosaggio. Prima di assumere questi farmaci, il medico deve valutare il tuo stato di salute per verificare l&#8217;eventuale presenza di malattie come problemi al fegato o al cuore. Segnala qualsiasi sintomo strano al tuo medico.  <\/p>\n<div class=\"su-divider su-divider-style-default\" style=\"margin:10px 0;border-width:3px;border-color:#ffffff00\"><a href=\"#\" style=\"color:#ffffff009\">.<\/a><\/div>\n<h2>Controindicazioni e precauzioni<\/h2>\n<p>Controindicazioni, informazioni importanti e precauzioni si applicano quando si utilizza un nootropo. \u00c8 necessario prendere le precauzioni indicate dal medico e seguire le istruzioni riportate sui foglietti illustrativi. <\/p>\n<p>Entrambi questi farmaci possono interagire con alcuni medicinali come:<\/p>\n<div class=\"su-divider su-divider-style-default\" style=\"margin:10px 0;border-width:3px;border-color:#ffffff00\"><a href=\"#\" style=\"color:#ffffff009\">.<\/a><\/div>\n<ul>\n<li>substrati del CYP2C19 e del CYP3A4\/5;<\/li>\n<li>inibitori delle monoamino-ossidasi;<\/li>\n<li>warfarin e altri.<\/li>\n<\/ul>\n<p>Questa non \u00e8 una lista completa. Pu\u00f2 anche verificarsi interazione con la malattia. Il tuo medico specialista dovr\u00e0 valutare tutte le tabs che stai usando, compreso lo stato di salute. Non mischiare nessuno dei due farmaci con altre medicine senza prima informare il tuo medico. La maggior parte degli alimenti funziona bene con i nootropi. Tuttavia, non mischiarli con l&#8217;alcol perch\u00e9 potrebbero causare effetti negativi senza precedenti.   <\/p>\n<div class=\"su-divider su-divider-style-default\" style=\"margin:10px 0;border-width:3px;border-color:#ffffff00\"><a href=\"#\" style=\"color:#ffffff009\">.<\/a><\/div>\n<h2>Esperienza del consumatore<\/h2>\n<p>La confezione combinata \u00e8 il modo migliore per determinare l&#8217;efficacia di ogni marca di nootropi. Alcuni sostengono che le pillole di armodafinil (Waklert) abbiano un&#8217;efficacia maggiore, mentre altri sostengono che le pillole di modafinil, in particolare Modalert, siano il farmaco principale. <\/p>\n<p>Secondo le recensioni degli utenti, questi eugeroici sono efficaci nel promuovere la veglia, migliorare le funzioni cognitive, aumentare la creativit\u00e0 e incrementare la produttivit\u00e0 sul lavoro. Sebbene non si possano escludere effetti negativi, si consiglia agli utilizzatori di nootropi di consultare un medico prima dell&#8217;uso. <\/p>\n<div class=\"su-divider su-divider-style-default\" style=\"margin:10px 0;border-width:3px;border-color:#ffffff00\"><a href=\"#\" style=\"color:#ffffff009\">.<\/a><\/div>\n<h2>Come ottenere Modalert \/ Waklert Superb Combo Pack online<\/h2>\n<p><a href=\"https:\/\/buymodafinilonline.com\/it\/\">BuyModafinilOnline<\/a> \u00e8 una farmacia online sicura che offre farmaci modafinil e armodafinil originali, compresi campioni di prova gratuiti, provenienti da produttori approvati. \u00c8 il posto migliore per ordinare &#8220;<a href=\"https:\/\/buymodafinilonline.com\/it\/negozio\/\">farmaci intelligenti<\/a>&#8221; economici ma di qualit\u00e0 senza ricetta. Tutti i nostri farmaci, compresi Modalert &amp; Waklert Superb Combo Pack, hanno un prezzo di produzione: pi\u00f9 pillole vengono ordinate, pi\u00f9 basso \u00e8 il costo!  <\/p>\n<p>Prova diverse opzioni di pagamento tra cui <a href=\"https:\/\/buymodafinilonline.com\/it\/paga-in-bitcoin\/\">Bitcoin<\/a> (che offre uno sconto del 23%), PayPal e carta di credito. La <a href=\"https:\/\/buymodafinilonline.com\/it\/miglior-fornitore-modafinil-italia\/\">spedizione<\/a> del pacco dell&#8217;acquirente \u00e8 ultraveloce e avviene in tutto il mondo, ad eccezione di alcuni paesi elencati. In caso di mancata consegna, rispediamo l&#8217;ordine o effettuiamo un rimborso completo.  <\/p>\n<div class=\"su-divider su-divider-style-default\" style=\"margin:10px 0;border-width:3px;border-color:#ffffff00\"><a href=\"#\" style=\"color:#ffffff009\">.<\/a><\/div>\n[\/vc_column]\n","protected":false},"excerpt":{"rendered":"[sc name=\"sun-suspended\"]\n<p>P.S. Assicurati di<strong> specificare le tue preferenze per il Combo Pack Modalert &amp; Waklert Superb<\/strong> nel campo Note speciali della pagina di pagamento (sotto l&#8217;indirizzo di spedizione).<\/p>\n<p>Nel caso in cui tu abbia dimenticato di specificare le tue preferenze di combinazione, includeremo il 50% di Modalert e il 50% di Waklert come set predefinito (entrambi di Sun Pharma).<\/p>\n<p>NUOVO! Scoprite il nostro speciale <a href=\"https:\/\/buymodafinilonline.com\/smart-drugs\/male-force-ed-pack\/\">Pacchetto combinato ED Male Force<\/a>.[sc name=\"s1\"]<\/p>\n<p>&nbsp;<\/p>\n","protected":false},"featured_media":410320,"comment_status":"closed","ping_status":"closed","template":"","meta":{"_acf_changed":false},"product_brand":[],"product_cat":[3787,4237],"product_tag":[4019,4028],"class_list":{"0":"post-410319","1":"product","2":"type-product","3":"status-publish","4":"has-post-thumbnail","6":"product_cat-marchi-smart-drugs","7":"product_cat-pacchetti-combinati","8":"product_tag-armodafinil-it-2","9":"product_tag-modafinil-it","11":"first","12":"instock","13":"sale","14":"shipping-taxable","15":"purchasable","16":"product-type-variable","17":"has-default-attributes"},"acf":[],"yoast_head":"<!-- This site is optimized with the Yoast SEO Premium plugin v23.6 (Yoast SEO v27.3) - https:\/\/yoast.com\/product\/yoast-seo-premium-wordpress\/ -->\n<title>Modalert e Waklert Superb Combo Pack | BuyModafinilOnline.com<\/title>\n<meta name=\"description\" content=\"Il Modalert &amp; Waklert Superb Combo Pack \u00e8 un&#039;ottima soluzione per chi assume regolarmente farmaci intelligenti. La confezione Superb ti permette di risparmiare di pi\u00f9. Il prezzo di una pillola dipende dalla quantit\u00e0 della confezione: pi\u00f9 pillole acquisti, pi\u00f9 \u00e8 conveniente.\" \/>\n<meta name=\"robots\" content=\"index, follow, max-snippet:-1, max-image-preview:large, max-video-preview:-1\" \/>\n<link rel=\"canonical\" href=\"https:\/\/buymodafinilonline.com\/it\/smart-drug-it\/superb-combo-pack-modalert-e-waklert\/\" \/>\n<meta property=\"og:locale\" content=\"it_IT\" \/>\n<meta property=\"og:type\" content=\"article\" \/>\n<meta property=\"og:title\" content=\"Modalert e Waklert Superb Combo Pack\" \/>\n<meta property=\"og:description\" content=\"Il Modalert &amp; Waklert Superb Combo Pack \u00e8 un&#039;ottima soluzione per chi assume regolarmente farmaci intelligenti. La confezione Superb ti permette di risparmiare di pi\u00f9. Il prezzo di una pillola dipende dalla quantit\u00e0 della confezione: pi\u00f9 pillole acquisti, pi\u00f9 \u00e8 conveniente.\" \/>\n<meta property=\"og:url\" content=\"https:\/\/buymodafinilonline.com\/it\/smart-drug-it\/superb-combo-pack-modalert-e-waklert\/\" \/>\n<meta property=\"og:site_name\" content=\"BuyModafinilOnline.com\" \/>\n<meta property=\"article:modified_time\" content=\"2025-10-05T17:32:20+00:00\" \/>\n<meta property=\"og:image\" content=\"https:\/\/buymodafinilonline.com\/wp-content\/uploads\/2020\/04\/product-bmo-modalert-waklert-4.png\" \/>\n\t<meta property=\"og:image:width\" content=\"1280\" \/>\n\t<meta property=\"og:image:height\" content=\"1500\" \/>\n\t<meta property=\"og:image:type\" content=\"image\/png\" \/>\n<meta name=\"twitter:label1\" content=\"Tempo di lettura stimato\" \/>\n\t<meta name=\"twitter:data1\" content=\"6 minuti\" \/>\n<script type=\"application\/ld+json\" class=\"yoast-schema-graph\">{\"@context\":\"https:\\\/\\\/schema.org\",\"@graph\":[{\"@type\":\"WebPage\",\"@id\":\"https:\\\/\\\/buymodafinilonline.com\\\/it\\\/smart-drug-it\\\/superb-combo-pack-modalert-e-waklert\\\/\",\"url\":\"https:\\\/\\\/buymodafinilonline.com\\\/it\\\/smart-drug-it\\\/superb-combo-pack-modalert-e-waklert\\\/\",\"name\":\"Modalert e Waklert Superb Combo Pack | BuyModafinilOnline.com\",\"isPartOf\":{\"@id\":\"https:\\\/\\\/buymodafinilonline.com\\\/it\\\/#website\"},\"primaryImageOfPage\":{\"@id\":\"https:\\\/\\\/buymodafinilonline.com\\\/it\\\/smart-drug-it\\\/superb-combo-pack-modalert-e-waklert\\\/#primaryimage\"},\"image\":{\"@id\":\"https:\\\/\\\/buymodafinilonline.com\\\/it\\\/smart-drug-it\\\/superb-combo-pack-modalert-e-waklert\\\/#primaryimage\"},\"thumbnailUrl\":\"https:\\\/\\\/buymodafinilonline.com\\\/wp-content\\\/uploads\\\/2020\\\/04\\\/product-bmo-modalert-waklert-4.png\",\"datePublished\":\"2020-04-06T19:31:51+00:00\",\"dateModified\":\"2025-10-05T17:32:20+00:00\",\"description\":\"Il Modalert & Waklert Superb Combo Pack \u00e8 un'ottima soluzione per chi assume regolarmente farmaci intelligenti. La confezione Superb ti permette di risparmiare di pi\u00f9. Il prezzo di una pillola dipende dalla quantit\u00e0 della confezione: pi\u00f9 pillole acquisti, pi\u00f9 \u00e8 conveniente.\",\"breadcrumb\":{\"@id\":\"https:\\\/\\\/buymodafinilonline.com\\\/it\\\/smart-drug-it\\\/superb-combo-pack-modalert-e-waklert\\\/#breadcrumb\"},\"inLanguage\":\"it-IT\",\"potentialAction\":[{\"@type\":\"ReadAction\",\"target\":[\"https:\\\/\\\/buymodafinilonline.com\\\/it\\\/smart-drug-it\\\/superb-combo-pack-modalert-e-waklert\\\/\"]}]},{\"@type\":\"ImageObject\",\"inLanguage\":\"it-IT\",\"@id\":\"https:\\\/\\\/buymodafinilonline.com\\\/it\\\/smart-drug-it\\\/superb-combo-pack-modalert-e-waklert\\\/#primaryimage\",\"url\":\"https:\\\/\\\/buymodafinilonline.com\\\/wp-content\\\/uploads\\\/2020\\\/04\\\/product-bmo-modalert-waklert-4.png\",\"contentUrl\":\"https:\\\/\\\/buymodafinilonline.com\\\/wp-content\\\/uploads\\\/2020\\\/04\\\/product-bmo-modalert-waklert-4.png\",\"width\":1280,\"height\":1500,\"caption\":\"Superb Combo Pack Modalert e Waklert\"},{\"@type\":\"BreadcrumbList\",\"@id\":\"https:\\\/\\\/buymodafinilonline.com\\\/it\\\/smart-drug-it\\\/superb-combo-pack-modalert-e-waklert\\\/#breadcrumb\",\"itemListElement\":[{\"@type\":\"ListItem\",\"position\":1,\"name\":\"Buy Modafinil Online\",\"item\":\"https:\\\/\\\/buymodafinilonline.com\\\/it\\\/\"},{\"@type\":\"ListItem\",\"position\":2,\"name\":\"Negozio\",\"item\":\"https:\\\/\\\/buymodafinilonline.com\\\/it\\\/negozio\\\/\"},{\"@type\":\"ListItem\",\"position\":3,\"name\":\"Marchi Smart Drugs\",\"item\":\"https:\\\/\\\/buymodafinilonline.com\\\/it\\\/categoria-di-prodotto\\\/marchi-smart-drugs\\\/\"},{\"@type\":\"ListItem\",\"position\":4,\"name\":\"Modalert e Waklert Superb Combo Pack\"}]},{\"@type\":\"WebSite\",\"@id\":\"https:\\\/\\\/buymodafinilonline.com\\\/it\\\/#website\",\"url\":\"https:\\\/\\\/buymodafinilonline.com\\\/it\\\/\",\"name\":\"BuyModafinilOnline.com\",\"description\":\"Modafinil Online Pharmacy\",\"publisher\":{\"@id\":\"https:\\\/\\\/buymodafinilonline.com\\\/it\\\/#organization\"},\"potentialAction\":[{\"@type\":\"SearchAction\",\"target\":{\"@type\":\"EntryPoint\",\"urlTemplate\":\"https:\\\/\\\/buymodafinilonline.com\\\/it\\\/?s={search_term_string}\"},\"query-input\":{\"@type\":\"PropertyValueSpecification\",\"valueRequired\":true,\"valueName\":\"search_term_string\"}}],\"inLanguage\":\"it-IT\"},{\"@type\":\"Organization\",\"@id\":\"https:\\\/\\\/buymodafinilonline.com\\\/it\\\/#organization\",\"name\":\"BuyModafinilOnline\",\"url\":\"https:\\\/\\\/buymodafinilonline.com\\\/it\\\/\",\"logo\":{\"@type\":\"ImageObject\",\"inLanguage\":\"it-IT\",\"@id\":\"https:\\\/\\\/buymodafinilonline.com\\\/it\\\/#\\\/schema\\\/logo\\\/image\\\/\",\"url\":\"https:\\\/\\\/buymodafinilonline.com\\\/wp-content\\\/uploads\\\/2020\\\/04\\\/logo-buy-modafinil-online-yellow.png\",\"contentUrl\":\"https:\\\/\\\/buymodafinilonline.com\\\/wp-content\\\/uploads\\\/2020\\\/04\\\/logo-buy-modafinil-online-yellow.png\",\"width\":200,\"height\":200,\"caption\":\"BuyModafinilOnline\"},\"image\":{\"@id\":\"https:\\\/\\\/buymodafinilonline.com\\\/it\\\/#\\\/schema\\\/logo\\\/image\\\/\"}}]}<\/script>\n<!-- \/ Yoast SEO Premium plugin. -->","yoast_head_json":{"title":"Modalert e Waklert Superb Combo Pack | BuyModafinilOnline.com","description":"Il Modalert & Waklert Superb Combo Pack \u00e8 un'ottima soluzione per chi assume regolarmente farmaci intelligenti. La confezione Superb ti permette di risparmiare di pi\u00f9. Il prezzo di una pillola dipende dalla quantit\u00e0 della confezione: pi\u00f9 pillole acquisti, pi\u00f9 \u00e8 conveniente.","robots":{"index":"index","follow":"follow","max-snippet":"max-snippet:-1","max-image-preview":"max-image-preview:large","max-video-preview":"max-video-preview:-1"},"canonical":"https:\/\/buymodafinilonline.com\/it\/smart-drug-it\/superb-combo-pack-modalert-e-waklert\/","og_locale":"it_IT","og_type":"article","og_title":"Modalert e Waklert Superb Combo Pack","og_description":"Il Modalert & Waklert Superb Combo Pack \u00e8 un'ottima soluzione per chi assume regolarmente farmaci intelligenti. La confezione Superb ti permette di risparmiare di pi\u00f9. Il prezzo di una pillola dipende dalla quantit\u00e0 della confezione: pi\u00f9 pillole acquisti, pi\u00f9 \u00e8 conveniente.","og_url":"https:\/\/buymodafinilonline.com\/it\/smart-drug-it\/superb-combo-pack-modalert-e-waklert\/","og_site_name":"BuyModafinilOnline.com","article_modified_time":"2025-10-05T17:32:20+00:00","og_image":[{"width":1280,"height":1500,"url":"https:\/\/buymodafinilonline.com\/wp-content\/uploads\/2020\/04\/product-bmo-modalert-waklert-4.png","type":"image\/png"}],"twitter_misc":{"Tempo di lettura stimato":"6 minuti"},"schema":{"@context":"https:\/\/schema.org","@graph":[{"@type":"WebPage","@id":"https:\/\/buymodafinilonline.com\/it\/smart-drug-it\/superb-combo-pack-modalert-e-waklert\/","url":"https:\/\/buymodafinilonline.com\/it\/smart-drug-it\/superb-combo-pack-modalert-e-waklert\/","name":"Modalert e Waklert Superb Combo Pack | BuyModafinilOnline.com","isPartOf":{"@id":"https:\/\/buymodafinilonline.com\/it\/#website"},"primaryImageOfPage":{"@id":"https:\/\/buymodafinilonline.com\/it\/smart-drug-it\/superb-combo-pack-modalert-e-waklert\/#primaryimage"},"image":{"@id":"https:\/\/buymodafinilonline.com\/it\/smart-drug-it\/superb-combo-pack-modalert-e-waklert\/#primaryimage"},"thumbnailUrl":"https:\/\/buymodafinilonline.com\/wp-content\/uploads\/2020\/04\/product-bmo-modalert-waklert-4.png","datePublished":"2020-04-06T19:31:51+00:00","dateModified":"2025-10-05T17:32:20+00:00","description":"Il Modalert & Waklert Superb Combo Pack \u00e8 un'ottima soluzione per chi assume regolarmente farmaci intelligenti. La confezione Superb ti permette di risparmiare di pi\u00f9. Il prezzo di una pillola dipende dalla quantit\u00e0 della confezione: pi\u00f9 pillole acquisti, pi\u00f9 \u00e8 conveniente.","breadcrumb":{"@id":"https:\/\/buymodafinilonline.com\/it\/smart-drug-it\/superb-combo-pack-modalert-e-waklert\/#breadcrumb"},"inLanguage":"it-IT","potentialAction":[{"@type":"ReadAction","target":["https:\/\/buymodafinilonline.com\/it\/smart-drug-it\/superb-combo-pack-modalert-e-waklert\/"]}]},{"@type":"ImageObject","inLanguage":"it-IT","@id":"https:\/\/buymodafinilonline.com\/it\/smart-drug-it\/superb-combo-pack-modalert-e-waklert\/#primaryimage","url":"https:\/\/buymodafinilonline.com\/wp-content\/uploads\/2020\/04\/product-bmo-modalert-waklert-4.png","contentUrl":"https:\/\/buymodafinilonline.com\/wp-content\/uploads\/2020\/04\/product-bmo-modalert-waklert-4.png","width":1280,"height":1500,"caption":"Superb Combo Pack Modalert e Waklert"},{"@type":"BreadcrumbList","@id":"https:\/\/buymodafinilonline.com\/it\/smart-drug-it\/superb-combo-pack-modalert-e-waklert\/#breadcrumb","itemListElement":[{"@type":"ListItem","position":1,"name":"Buy Modafinil Online","item":"https:\/\/buymodafinilonline.com\/it\/"},{"@type":"ListItem","position":2,"name":"Negozio","item":"https:\/\/buymodafinilonline.com\/it\/negozio\/"},{"@type":"ListItem","position":3,"name":"Marchi Smart Drugs","item":"https:\/\/buymodafinilonline.com\/it\/categoria-di-prodotto\/marchi-smart-drugs\/"},{"@type":"ListItem","position":4,"name":"Modalert e Waklert Superb Combo Pack"}]},{"@type":"WebSite","@id":"https:\/\/buymodafinilonline.com\/it\/#website","url":"https:\/\/buymodafinilonline.com\/it\/","name":"BuyModafinilOnline.com","description":"Modafinil Online Pharmacy","publisher":{"@id":"https:\/\/buymodafinilonline.com\/it\/#organization"},"potentialAction":[{"@type":"SearchAction","target":{"@type":"EntryPoint","urlTemplate":"https:\/\/buymodafinilonline.com\/it\/?s={search_term_string}"},"query-input":{"@type":"PropertyValueSpecification","valueRequired":true,"valueName":"search_term_string"}}],"inLanguage":"it-IT"},{"@type":"Organization","@id":"https:\/\/buymodafinilonline.com\/it\/#organization","name":"BuyModafinilOnline","url":"https:\/\/buymodafinilonline.com\/it\/","logo":{"@type":"ImageObject","inLanguage":"it-IT","@id":"https:\/\/buymodafinilonline.com\/it\/#\/schema\/logo\/image\/","url":"https:\/\/buymodafinilonline.com\/wp-content\/uploads\/2020\/04\/logo-buy-modafinil-online-yellow.png","contentUrl":"https:\/\/buymodafinilonline.com\/wp-content\/uploads\/2020\/04\/logo-buy-modafinil-online-yellow.png","width":200,"height":200,"caption":"BuyModafinilOnline"},"image":{"@id":"https:\/\/buymodafinilonline.com\/it\/#\/schema\/logo\/image\/"}}]}},"_links":{"self":[{"href":"https:\/\/buymodafinilonline.com\/it\/wp-json\/wp\/v2\/product\/410319","targetHints":{"allow":["GET"]}}],"collection":[{"href":"https:\/\/buymodafinilonline.com\/it\/wp-json\/wp\/v2\/product"}],"about":[{"href":"https:\/\/buymodafinilonline.com\/it\/wp-json\/wp\/v2\/types\/product"}],"replies":[{"embeddable":true,"href":"https:\/\/buymodafinilonline.com\/it\/wp-json\/wp\/v2\/comments?post=410319"}],"wp:featuredmedia":[{"embeddable":true,"href":"https:\/\/buymodafinilonline.com\/it\/wp-json\/wp\/v2\/media\/410320"}],"wp:attachment":[{"href":"https:\/\/buymodafinilonline.com\/it\/wp-json\/wp\/v2\/media?parent=410319"}],"wp:term":[{"taxonomy":"product_brand","embeddable":true,"href":"https:\/\/buymodafinilonline.com\/it\/wp-json\/wp\/v2\/product_brand?post=410319"},{"taxonomy":"product_cat","embeddable":true,"href":"https:\/\/buymodafinilonline.com\/it\/wp-json\/wp\/v2\/product_cat?post=410319"},{"taxonomy":"product_tag","embeddable":true,"href":"https:\/\/buymodafinilonline.com\/it\/wp-json\/wp\/v2\/product_tag?post=410319"}],"curies":[{"name":"wp","href":"https:\/\/api.w.org\/{rel}","templated":true}]}}