{"id":410328,"date":"2020-04-06T21:30:34","date_gmt":"2020-04-06T20:30:34","guid":{"rendered":"https:\/\/buymodafinilonline.com\/smart-drugs\/410328\/"},"modified":"2026-04-07T14:39:06","modified_gmt":"2026-04-07T13:39:06","slug":"ed-pack-forza-maschile","status":"publish","type":"product","link":"https:\/\/buymodafinilonline.com\/it\/smart-drug-it\/ed-pack-forza-maschile\/","title":{"rendered":"Pacchetto ED Male Force (Viagra, Cialis e Levitra)"},"content":{"rendered":"[vc_column width=&#8221;1\/2&#8243;]\n<h2>Che cos&#8217;\u00e8 Male Force ED Pack?<\/h2>\n<p>Male Force ED Pack \u00e8 esattamente ci\u00f2 di cui hai bisogno se assumi regolarmente farmaci per la disfunzione erettile (ED). Ti permette di risparmiare di pi\u00f9 quando hai a disposizione opzioni economiche con l&#8217;introduzione della confezione combinata. Inoltre, potrai testare diverse marche con diversi principi attivi. Sei tu a decidere cosa prendere! Questo pacchetto \u00e8 l&#8217;opzione migliore per sapere quale farmaco per la disfunzione erettile funziona meglio per ritrovare la tua potenza sessuale.    <\/p>\n<p>Il Male Force ED Pack include:<\/p>\n<div class=\"su-divider su-divider-style-default\" style=\"margin:10px 0;border-width:3px;border-color:#ffffff00\"><a href=\"#\" style=\"color:#ffffff009\">.<\/a><\/div>\n<ul>\n<li>Viagra (Malegra o Cenforce generico) &#8211; pillole di qualsiasi dosaggio 25 mg, 50 mg, 100 mg (dosaggio standard), 200 mg;<\/li>\n<li>Cialis (marchio generico Tadarise o Vidalista) &#8211; pillole di qualsiasi dosaggio2,5 mg, 5 mg, 10 mg, 20 mg (dosaggio standard), 40 mg, 60 mg;<\/li>\n<li>Levitra Vardenafil 20 mg (Vardegra o Snovitragenerici);<\/li>\n<li>Viagra femminile 100 mg;<\/li>\n<li>Dapoxetina 60 mg (eiaculazione precoce, massimo 20 compresse per confezione);<\/li>\n<li>Viagra e Cialis morbidi (masticabili).<\/li>\n<\/ul>\n<p>Assicurati di specificare le tue preferenze per il Male Force ED Pack nel campo Note speciali della <a href=\"https:\/\/buymodafinilonline.com\/it\/completa-transazione\/\">pagina di pagamento<\/a> (sotto l&#8217;indirizzo di spedizione).<\/p>\n<p>FYI: nel caso in cui ti dimenticassi di specificare le tue preferenze di combinazione, includeremo per default il 50% di Malegra 100 mg (Viagra generico) e il 50% di Tadarise 20 mg (Cialis generico).<\/p>\n<div class=\"su-divider su-divider-style-default\" style=\"margin:10px 0;border-width:3px;border-color:#ffffff00\"><a href=\"#\" style=\"color:#ffffff009\">.<\/a><\/div>\n<h3>Generico Malegra 100 mg<\/h3>\n<p>Malegra \u00e8 un farmaco per la DE che contiene il sildenafil come principio attivo. Essendo una versione generica del Viagra\u00ae, il sildenafil \u00e8 stato il primo farmaco per la DE approvato dalla FDA. \u00c8 ampiamente utilizzato in diversi farmaci classificati come inibitori della PDE5. Le ricerche dimostrano che il sildenafil \u00e8 sicuro e ben tollerato, soprattutto se assunto solo da soggetti sani affetti da DE.   <\/p>\n<p>Il farmaco \u00e8 prodotto da Sunrise Remedies. Questa azienda farmaceutica \u00e8 legittima e affidabile per la qualit\u00e0 dei suoi prodotti. Utilizza solo materie prime di qualit\u00e0 superiore per produrre prodotti farmaceutici di alto livello che danno ottimi risultati.  <\/p>\n<div class=\"su-divider su-divider-style-default\" style=\"margin:10px 0;border-width:3px;border-color:#ffffff00\"><a href=\"#\" style=\"color:#ffffff009\">.<\/a><\/div>\n<h3>Generico Tadarise 20 mg<\/h3>\n<p>Tadarise 20 mg \u00e8 una versione generica di Cialis che contiene tadalafil come principio attivo. Questo farmaco \u00e8 molto efficace nel trattamento dell&#8217;impotenza, in quanto fornisce la necessaria erezione del pene che d\u00e0 all&#8217;uomo il tempo necessario per avere un rapporto sessuale completo e soddisfacente. <\/p>\n<p>Anche questo farmaco \u00e8 prodotto da Sunrise Remedies, un&#8217;azienda indiana. Il Tadarise \u00e8 ben tollerato e dura circa 36 ore dopo la somministrazione. \u00c8 molto efficace indipendentemente dalla gravit\u00e0 e dalle cause della DE.  <\/p>\n<div class=\"su-divider su-divider-style-default\" style=\"margin:10px 0;border-width:3px;border-color:#ffffff00\"><a href=\"#\" style=\"color:#ffffff009\">.<\/a><\/div>\n<h2>Come funzionano queste pillole?<\/h2>\n<p>Entrambi i principi attivi, tadalafil (Tadarise) e sildenafil (Malegra), sono inibitori della PDE5. L&#8217;enzima PDE5 distrugge la produzione di ossido nitrico (NO) necessaria per innescare il rilascio di cGMP, responsabile dell&#8217;ammorbidimento delle arterie del pene. Il cGMP aiuta ad aprire i vasi sanguigni, determinando cos\u00ec un adeguato afflusso di sangue nel pene. Inibendo la PDE5 e migliorando il rilascio di NO, i principi attivi di questi farmaci aiutano a migliorare il flusso sanguigno e a rassodare l&#8217;erezione.   <\/p>\n<div class=\"su-divider su-divider-style-default\" style=\"margin:10px 0;border-width:3px;border-color:#ffffff00\"><a href=\"#\" style=\"color:#ffffff009\">.<\/a><\/div>\n<h2>Dosaggio sicuro e uso corretto<\/h2>\n<p>Questi farmaci aiutano gli uomini a ottenere e mantenere rapidamente un&#8217;erezione peniena dura solo dopo essere stati eccitati sessualmente. Assumendo questo tipo di farmaci senza stimolazione sessuale non si ottiene alcun risultato. Entrambi i rimedi per la DE hanno un tempo di somministrazione simile ma una durata d&#8217;azione diversa. Vanno assunti al bisogno quando si anticipa il rapporto sessuale, a partire da 30-60 minuti. Il sildenafil dura 4-5 ore, mentre il tadalafil rimane efficace fino a 36 ore.    <\/p>\n<p>Il Tadarise viene solitamente utilizzato al bisogno con una dose di 5-20 mg prima del sesso. Inoltre, per l&#8217;uso quotidiano, una dose sicura \u00e8 di 2,5-5 mg. <\/p>\n<p>Per iniziare il trattamento con Malegra, \u00e8 meglio assumere 50 mg; se ti senti bene, puoi aumentare la dose fino a 100 mg; in caso di effetti collaterali, \u00e8 meglio ridurre la dose a 25 mg. Una pillola pu\u00f2 essere assunta solo una volta al giorno. <\/p>\n<p>Consultare un medico specialista prima dell&#8217;uso. \u00c8 necessario seguire i consigli del medico e i foglietti illustrativi per la sicurezza e il miglior trattamento.<\/p>\n[\/vc_column][vc_column width=&#8221;1\/2&#8243;]\n<h2>Possibili effetti collaterali<\/h2>\n<p>Gli inibitori della PDE5 possono causare effetti negativi. Tali reazioni possono variare a seconda della reazione al farmaco, dell&#8217;aderenza alla terapia e della salute generale del paziente. Sono classificate come comuni\/meno pericolose e rare\/pi\u00f9 pericolose.  <\/p>\n<p>In breve, gli effetti negativi comuni di questi farmaci includono:<\/p>\n<div class=\"su-divider su-divider-style-default\" style=\"margin:10px 0;border-width:3px;border-color:#ffffff00\"><a href=\"#\" style=\"color:#ffffff009\">.<\/a><\/div>\n<ul>\n<li>arrossamento (calore, sensazione di pizzicore o rossore);<\/li>\n<li>vertigini, mal di testa;<\/li>\n<li>sanguinamenti dal naso;<\/li>\n<li>insonnia;<\/li>\n<li>dolori muscolari, mal di schiena;<\/li>\n<li>disturbi allo stomaco.<\/li>\n<\/ul>\n<p>Effetti collaterali rari ma gravi includono priapismo, alterazioni della vista, perdita dell&#8217;udito e abbassamento della pressione sanguigna.<\/p>\n<p>\u00c8 sempre necessario consultare un medico prima dell&#8217;uso e richiedere immediatamente assistenza medica in caso di sintomi strani.<\/p>\n<div class=\"su-divider su-divider-style-default\" style=\"margin:10px 0;border-width:3px;border-color:#ffffff00\"><a href=\"#\" style=\"color:#ffffff009\">.<\/a><\/div>\n<h2>Controindicazioni e precauzioni<\/h2>\n<p>I farmaci per l&#8217;impotenza possono essere assunti con il cibo. Ma \u00e8 meglio prendere le pillole a stomaco vuoto, perch\u00e9 con i cibi grassi il tempo di azione dei farmaci pu\u00f2 essere pi\u00f9 lungo. Tuttavia, l&#8217;associazione con l&#8217;alcol pu\u00f2 abbassare notevolmente la pressione sanguigna, causando effetti negativi senza precedenti, ma pu\u00f2 essere sicura se assunta in quantit\u00e0 molto ridotte. Quando si assumono gli inibitori della PDE5 possono verificarsi interazioni farmaco-farmaco o farmaco-malattia.   <\/p>\n<p>Le interazioni con le malattie includono:<\/p>\n<div class=\"su-divider su-divider-style-default\" style=\"margin:10px 0;border-width:3px;border-color:#ffffff00\"><a href=\"#\" style=\"color:#ffffff009\">.<\/a><\/div>\n<ul>\n<li>malattie cardiovascolari;<\/li>\n<li>perdita dell&#8217;udito;<\/li>\n<li>malattie del fegato;<\/li>\n<li>disfunzione renale;<\/li>\n<li>malattia polmonare;<\/li>\n<li>priapismo;<\/li>\n<li>alcolismo;<\/li>\n<li>disturbi convulsivi;<\/li>\n<li>retinite pigmentosa.<\/li>\n<\/ul>\n<p>Le interazioni con i farmaci includono:<\/p>\n<div class=\"su-divider su-divider-style-default\" style=\"margin:10px 0;border-width:3px;border-color:#ffffff00\"><a href=\"#\" style=\"color:#ffffff009\">.<\/a><\/div>\n<ul>\n<li>farmaci per l&#8217;angina (nitrati);<\/li>\n<li>alfa-bloccanti;<\/li>\n<li>farmaci antiepilettici;<\/li>\n<li>Farmaci per l&#8217;HIV;<\/li>\n<li>farmaci contro l&#8217;acidit\u00e0 di stomaco;<\/li>\n<li>Antimicotici orali;<\/li>\n<li>antibiotici;<\/li>\n<li>altre compresse per ED e PAH.<\/li>\n<\/ul>\n<p>I farmaci o le malattie interagiscono in modo diverso in ogni persona. Questo elenco non \u00e8 completo. \u00c8 importante consultare un medico specialista per valutare la tua salute e i farmaci che stai assumendo. \u00c8 meglio non mischiare i farmaci per evitare effetti negativi.   <\/p>\n<div class=\"su-divider su-divider-style-default\" style=\"margin:10px 0;border-width:3px;border-color:#ffffff00\"><a href=\"#\" style=\"color:#ffffff009\">.<\/a><\/div>\n<h2>Esperienza del consumatore<\/h2>\n<p>Le confezioni combinate sono economiche e consentono di risparmiare molto denaro. Per la maggior parte degli uomini affetti da DE, entrambi i farmaci sono i rimedi pi\u00f9 efficaci. Tuttavia, Tadarise agisce pi\u00f9 velocemente di Malegra e molti utenti lo considerano un grande vantaggio. Tuttavia, entrambi i farmaci sono molto efficaci nel garantire un&#8217;erezione peniena duratura e solida.   <\/p>\n<p>Se usati correttamente, al massimo della loro efficacia, risolvono perfettamente la DE, uno dei maggiori problemi sessuali maschili. La maggior parte delle persone pu\u00f2 sperimentare effetti negativi comuni, che per\u00f2 svaniscono con il tempo. \u00c8 fondamentale consultare sempre un medico prima dell&#8217;uso per ottenere risultati positivi.  <\/p>\n<div class=\"su-divider su-divider-style-default\" style=\"margin:10px 0;border-width:3px;border-color:#ffffff00\"><a href=\"#\" style=\"color:#ffffff009\">.<\/a><\/div>\n<h2>Come ottenere Male Force ED Pack online<\/h2>\n<p><a href=\"https:\/\/buymodafinilonline.com\/it\/\">BuyModafinilOnline<\/a> \u00e8 la migliore farmacia online per acquistare farmaci da banco, tra cui Male Force ED Pack. BMO si procura pillole per la DE di qualit\u00e0 da <a href=\"https:\/\/buymodafinilonline.com\/it\/dovremmo-fidarci-di-sun-pharma-e-hab-pharma\/\">produttori approvati<\/a>. I nostri farmaci sono venduti al costo di produzione. Questo favorisce tutti gli uomini interessati alle opzioni economiche. Acquista con fiducia e risparmia utilizzando i nostri <a href=\"https:\/\/buymodafinilonline.com\/coupons-deals-promo-codes\/\">coupon e sconti<\/a> (in particolare il 23% di sconto se acquisti con <a href=\"https:\/\/buymodafinilonline.com\/it\/paga-in-bitcoin\/\">Bitcoin<\/a>). Non perdere l&#8217;occasione di utilizzare i coupon disponibili!     <\/p>\n<p>La nostra <a href=\"https:\/\/buymodafinilonline.com\/it\/miglior-fornitore-modafinil-italia\/\">spedizione<\/a> \u00e8 eccellente per la maggior parte del mondo. In caso di mancata consegna, il <a href=\"https:\/\/buymodafinilonline.com\/refund-reshipment\/\">rimborso completo o la rispedizione<\/a> sono garantiti al 100%. BMO dispone di un comodo sito web che fornisce informazioni utili su ogni percorso dell&#8217;acquirente, dall&#8217;arrivo alla cassa.  <\/p>\n<div class=\"su-divider su-divider-style-default\" style=\"margin:10px 0;border-width:3px;border-color:#ffffff00\"><a href=\"#\" style=\"color:#ffffff009\">.<\/a><\/div>\n[\/vc_column]\n","protected":false},"excerpt":{"rendered":"<p>P.S. Assicurati di<strong> specificare le tue preferenze per il Male Force ED Pack<\/strong> nel campo Note speciali della pagina di pagamento (sotto l&#8217;indirizzo di spedizione).<\/p>\n<p>Nel caso in cui ti dimenticassi di specificare le tue preferenze di combinazione, includeremo per default il 50% di Malegra 100mg (Viagra generico) e il 50% di Tadarise 20mg (Cialis generico).<\/p>\n<p>Questo Saver Pack NON include Modalert, Waklert e Modafil MD sublinguale. Prova invece il nostro speciale <a href=\"https:\/\/buymodafinilonline.com\/smart-drugs\/superb-combo-pack\/\">Superb Combo Pack<\/a>. <\/p>\n[sc name=\"s1\"]\n","protected":false},"featured_media":398090,"comment_status":"open","ping_status":"closed","template":"","meta":{"_acf_changed":false},"product_brand":[],"product_cat":[3787,4237,4233],"product_tag":[8786,8789,8797,8800],"class_list":{"0":"post-410328","1":"product","2":"type-product","3":"status-publish","4":"has-post-thumbnail","6":"product_cat-marchi-smart-drugs","7":"product_cat-pacchetti-combinati","8":"product_cat-smart-drugs-piu-venduti","9":"product_tag-cialis-it","10":"product_tag-dapoxetine-it","11":"product_tag-levitra-it","12":"product_tag-viagra-it","14":"first","15":"instock","16":"sale","17":"shipping-taxable","18":"purchasable","19":"product-type-variable","20":"has-default-attributes"},"acf":[],"yoast_head":"<!-- This site is optimized with the Yoast SEO Premium plugin v23.6 (Yoast SEO v27.3) - https:\/\/yoast.com\/product\/yoast-seo-premium-wordpress\/ -->\n<title>Pacchetto ED Male Force (Viagra, Cialis e Levitra) | BuyModafinilOnline.com<\/title>\n<meta name=\"description\" content=\"Il Male Force ED Pack contiene le versioni generiche dei pi\u00f9 diffusi farmaci per la disfunzione erettile: Cialis (tadalafil generico), Viagra (la pillola blu, sildenafil generico) e Levitra (vardenafil generico).\" \/>\n<meta name=\"robots\" content=\"index, follow, max-snippet:-1, max-image-preview:large, max-video-preview:-1\" \/>\n<link rel=\"canonical\" href=\"https:\/\/buymodafinilonline.com\/it\/smart-drug-it\/ed-pack-forza-maschile\/\" \/>\n<meta property=\"og:locale\" content=\"it_IT\" \/>\n<meta property=\"og:type\" content=\"article\" \/>\n<meta property=\"og:title\" content=\"Pacchetto ED Male Force (Viagra, Cialis e Levitra)\" \/>\n<meta property=\"og:description\" content=\"Il Male Force ED Pack contiene le versioni generiche dei pi\u00f9 diffusi farmaci per la disfunzione erettile: Cialis (tadalafil generico), Viagra (la pillola blu, sildenafil generico) e Levitra (vardenafil generico).\" \/>\n<meta property=\"og:url\" content=\"https:\/\/buymodafinilonline.com\/it\/smart-drug-it\/ed-pack-forza-maschile\/\" \/>\n<meta property=\"og:site_name\" content=\"BuyModafinilOnline.com\" \/>\n<meta property=\"article:modified_time\" content=\"2026-04-07T13:39:06+00:00\" \/>\n<meta property=\"og:image\" content=\"https:\/\/buymodafinilonline.com\/wp-content\/uploads\/2020\/04\/product-bmo-male-force-4.png\" \/>\n\t<meta property=\"og:image:width\" content=\"1280\" \/>\n\t<meta property=\"og:image:height\" content=\"1500\" \/>\n\t<meta property=\"og:image:type\" content=\"image\/png\" \/>\n<meta name=\"twitter:label1\" content=\"Tempo di lettura stimato\" \/>\n\t<meta name=\"twitter:data1\" content=\"6 minuti\" \/>\n<script type=\"application\/ld+json\" class=\"yoast-schema-graph\">{\"@context\":\"https:\\\/\\\/schema.org\",\"@graph\":[{\"@type\":\"WebPage\",\"@id\":\"https:\\\/\\\/buymodafinilonline.com\\\/it\\\/smart-drug-it\\\/ed-pack-forza-maschile\\\/\",\"url\":\"https:\\\/\\\/buymodafinilonline.com\\\/it\\\/smart-drug-it\\\/ed-pack-forza-maschile\\\/\",\"name\":\"Pacchetto ED Male Force (Viagra, Cialis e Levitra) | BuyModafinilOnline.com\",\"isPartOf\":{\"@id\":\"https:\\\/\\\/buymodafinilonline.com\\\/it\\\/#website\"},\"primaryImageOfPage\":{\"@id\":\"https:\\\/\\\/buymodafinilonline.com\\\/it\\\/smart-drug-it\\\/ed-pack-forza-maschile\\\/#primaryimage\"},\"image\":{\"@id\":\"https:\\\/\\\/buymodafinilonline.com\\\/it\\\/smart-drug-it\\\/ed-pack-forza-maschile\\\/#primaryimage\"},\"thumbnailUrl\":\"https:\\\/\\\/buymodafinilonline.com\\\/wp-content\\\/uploads\\\/2020\\\/04\\\/product-bmo-male-force-4.png\",\"datePublished\":\"2020-04-06T20:30:34+00:00\",\"dateModified\":\"2026-04-07T13:39:06+00:00\",\"description\":\"Il Male Force ED Pack contiene le versioni generiche dei pi\u00f9 diffusi farmaci per la disfunzione erettile: Cialis (tadalafil generico), Viagra (la pillola blu, sildenafil generico) e Levitra (vardenafil generico).\",\"breadcrumb\":{\"@id\":\"https:\\\/\\\/buymodafinilonline.com\\\/it\\\/smart-drug-it\\\/ed-pack-forza-maschile\\\/#breadcrumb\"},\"inLanguage\":\"it-IT\",\"potentialAction\":[{\"@type\":\"ReadAction\",\"target\":[\"https:\\\/\\\/buymodafinilonline.com\\\/it\\\/smart-drug-it\\\/ed-pack-forza-maschile\\\/\"]}]},{\"@type\":\"ImageObject\",\"inLanguage\":\"it-IT\",\"@id\":\"https:\\\/\\\/buymodafinilonline.com\\\/it\\\/smart-drug-it\\\/ed-pack-forza-maschile\\\/#primaryimage\",\"url\":\"https:\\\/\\\/buymodafinilonline.com\\\/wp-content\\\/uploads\\\/2020\\\/04\\\/product-bmo-male-force-4.png\",\"contentUrl\":\"https:\\\/\\\/buymodafinilonline.com\\\/wp-content\\\/uploads\\\/2020\\\/04\\\/product-bmo-male-force-4.png\",\"width\":1280,\"height\":1500,\"caption\":\"ED Pack Forza Maschile (Viagra, Cialis e Levitra)\"},{\"@type\":\"BreadcrumbList\",\"@id\":\"https:\\\/\\\/buymodafinilonline.com\\\/it\\\/smart-drug-it\\\/ed-pack-forza-maschile\\\/#breadcrumb\",\"itemListElement\":[{\"@type\":\"ListItem\",\"position\":1,\"name\":\"Buy Modafinil Online\",\"item\":\"https:\\\/\\\/buymodafinilonline.com\\\/it\\\/\"},{\"@type\":\"ListItem\",\"position\":2,\"name\":\"Negozio\",\"item\":\"https:\\\/\\\/buymodafinilonline.com\\\/it\\\/negozio\\\/\"},{\"@type\":\"ListItem\",\"position\":3,\"name\":\"Marchi Smart Drugs\",\"item\":\"https:\\\/\\\/buymodafinilonline.com\\\/it\\\/categoria-di-prodotto\\\/marchi-smart-drugs\\\/\"},{\"@type\":\"ListItem\",\"position\":4,\"name\":\"Pacchetto ED Male Force (Viagra, Cialis e Levitra)\"}]},{\"@type\":\"WebSite\",\"@id\":\"https:\\\/\\\/buymodafinilonline.com\\\/it\\\/#website\",\"url\":\"https:\\\/\\\/buymodafinilonline.com\\\/it\\\/\",\"name\":\"BuyModafinilOnline.com\",\"description\":\"Modafinil Online Pharmacy\",\"publisher\":{\"@id\":\"https:\\\/\\\/buymodafinilonline.com\\\/it\\\/#organization\"},\"potentialAction\":[{\"@type\":\"SearchAction\",\"target\":{\"@type\":\"EntryPoint\",\"urlTemplate\":\"https:\\\/\\\/buymodafinilonline.com\\\/it\\\/?s={search_term_string}\"},\"query-input\":{\"@type\":\"PropertyValueSpecification\",\"valueRequired\":true,\"valueName\":\"search_term_string\"}}],\"inLanguage\":\"it-IT\"},{\"@type\":\"Organization\",\"@id\":\"https:\\\/\\\/buymodafinilonline.com\\\/it\\\/#organization\",\"name\":\"BuyModafinilOnline\",\"url\":\"https:\\\/\\\/buymodafinilonline.com\\\/it\\\/\",\"logo\":{\"@type\":\"ImageObject\",\"inLanguage\":\"it-IT\",\"@id\":\"https:\\\/\\\/buymodafinilonline.com\\\/it\\\/#\\\/schema\\\/logo\\\/image\\\/\",\"url\":\"https:\\\/\\\/buymodafinilonline.com\\\/wp-content\\\/uploads\\\/2020\\\/04\\\/logo-buy-modafinil-online-yellow.png\",\"contentUrl\":\"https:\\\/\\\/buymodafinilonline.com\\\/wp-content\\\/uploads\\\/2020\\\/04\\\/logo-buy-modafinil-online-yellow.png\",\"width\":200,\"height\":200,\"caption\":\"BuyModafinilOnline\"},\"image\":{\"@id\":\"https:\\\/\\\/buymodafinilonline.com\\\/it\\\/#\\\/schema\\\/logo\\\/image\\\/\"}}]}<\/script>\n<!-- \/ Yoast SEO Premium plugin. -->","yoast_head_json":{"title":"Pacchetto ED Male Force (Viagra, Cialis e Levitra) | BuyModafinilOnline.com","description":"Il Male Force ED Pack contiene le versioni generiche dei pi\u00f9 diffusi farmaci per la disfunzione erettile: Cialis (tadalafil generico), Viagra (la pillola blu, sildenafil generico) e Levitra (vardenafil generico).","robots":{"index":"index","follow":"follow","max-snippet":"max-snippet:-1","max-image-preview":"max-image-preview:large","max-video-preview":"max-video-preview:-1"},"canonical":"https:\/\/buymodafinilonline.com\/it\/smart-drug-it\/ed-pack-forza-maschile\/","og_locale":"it_IT","og_type":"article","og_title":"Pacchetto ED Male Force (Viagra, Cialis e Levitra)","og_description":"Il Male Force ED Pack contiene le versioni generiche dei pi\u00f9 diffusi farmaci per la disfunzione erettile: Cialis (tadalafil generico), Viagra (la pillola blu, sildenafil generico) e Levitra (vardenafil generico).","og_url":"https:\/\/buymodafinilonline.com\/it\/smart-drug-it\/ed-pack-forza-maschile\/","og_site_name":"BuyModafinilOnline.com","article_modified_time":"2026-04-07T13:39:06+00:00","og_image":[{"width":1280,"height":1500,"url":"https:\/\/buymodafinilonline.com\/wp-content\/uploads\/2020\/04\/product-bmo-male-force-4.png","type":"image\/png"}],"twitter_misc":{"Tempo di lettura stimato":"6 minuti"},"schema":{"@context":"https:\/\/schema.org","@graph":[{"@type":"WebPage","@id":"https:\/\/buymodafinilonline.com\/it\/smart-drug-it\/ed-pack-forza-maschile\/","url":"https:\/\/buymodafinilonline.com\/it\/smart-drug-it\/ed-pack-forza-maschile\/","name":"Pacchetto ED Male Force (Viagra, Cialis e Levitra) | BuyModafinilOnline.com","isPartOf":{"@id":"https:\/\/buymodafinilonline.com\/it\/#website"},"primaryImageOfPage":{"@id":"https:\/\/buymodafinilonline.com\/it\/smart-drug-it\/ed-pack-forza-maschile\/#primaryimage"},"image":{"@id":"https:\/\/buymodafinilonline.com\/it\/smart-drug-it\/ed-pack-forza-maschile\/#primaryimage"},"thumbnailUrl":"https:\/\/buymodafinilonline.com\/wp-content\/uploads\/2020\/04\/product-bmo-male-force-4.png","datePublished":"2020-04-06T20:30:34+00:00","dateModified":"2026-04-07T13:39:06+00:00","description":"Il Male Force ED Pack contiene le versioni generiche dei pi\u00f9 diffusi farmaci per la disfunzione erettile: Cialis (tadalafil generico), Viagra (la pillola blu, sildenafil generico) e Levitra (vardenafil generico).","breadcrumb":{"@id":"https:\/\/buymodafinilonline.com\/it\/smart-drug-it\/ed-pack-forza-maschile\/#breadcrumb"},"inLanguage":"it-IT","potentialAction":[{"@type":"ReadAction","target":["https:\/\/buymodafinilonline.com\/it\/smart-drug-it\/ed-pack-forza-maschile\/"]}]},{"@type":"ImageObject","inLanguage":"it-IT","@id":"https:\/\/buymodafinilonline.com\/it\/smart-drug-it\/ed-pack-forza-maschile\/#primaryimage","url":"https:\/\/buymodafinilonline.com\/wp-content\/uploads\/2020\/04\/product-bmo-male-force-4.png","contentUrl":"https:\/\/buymodafinilonline.com\/wp-content\/uploads\/2020\/04\/product-bmo-male-force-4.png","width":1280,"height":1500,"caption":"ED Pack Forza Maschile (Viagra, Cialis e Levitra)"},{"@type":"BreadcrumbList","@id":"https:\/\/buymodafinilonline.com\/it\/smart-drug-it\/ed-pack-forza-maschile\/#breadcrumb","itemListElement":[{"@type":"ListItem","position":1,"name":"Buy Modafinil Online","item":"https:\/\/buymodafinilonline.com\/it\/"},{"@type":"ListItem","position":2,"name":"Negozio","item":"https:\/\/buymodafinilonline.com\/it\/negozio\/"},{"@type":"ListItem","position":3,"name":"Marchi Smart Drugs","item":"https:\/\/buymodafinilonline.com\/it\/categoria-di-prodotto\/marchi-smart-drugs\/"},{"@type":"ListItem","position":4,"name":"Pacchetto ED Male Force (Viagra, Cialis e Levitra)"}]},{"@type":"WebSite","@id":"https:\/\/buymodafinilonline.com\/it\/#website","url":"https:\/\/buymodafinilonline.com\/it\/","name":"BuyModafinilOnline.com","description":"Modafinil Online Pharmacy","publisher":{"@id":"https:\/\/buymodafinilonline.com\/it\/#organization"},"potentialAction":[{"@type":"SearchAction","target":{"@type":"EntryPoint","urlTemplate":"https:\/\/buymodafinilonline.com\/it\/?s={search_term_string}"},"query-input":{"@type":"PropertyValueSpecification","valueRequired":true,"valueName":"search_term_string"}}],"inLanguage":"it-IT"},{"@type":"Organization","@id":"https:\/\/buymodafinilonline.com\/it\/#organization","name":"BuyModafinilOnline","url":"https:\/\/buymodafinilonline.com\/it\/","logo":{"@type":"ImageObject","inLanguage":"it-IT","@id":"https:\/\/buymodafinilonline.com\/it\/#\/schema\/logo\/image\/","url":"https:\/\/buymodafinilonline.com\/wp-content\/uploads\/2020\/04\/logo-buy-modafinil-online-yellow.png","contentUrl":"https:\/\/buymodafinilonline.com\/wp-content\/uploads\/2020\/04\/logo-buy-modafinil-online-yellow.png","width":200,"height":200,"caption":"BuyModafinilOnline"},"image":{"@id":"https:\/\/buymodafinilonline.com\/it\/#\/schema\/logo\/image\/"}}]}},"_links":{"self":[{"href":"https:\/\/buymodafinilonline.com\/it\/wp-json\/wp\/v2\/product\/410328","targetHints":{"allow":["GET"]}}],"collection":[{"href":"https:\/\/buymodafinilonline.com\/it\/wp-json\/wp\/v2\/product"}],"about":[{"href":"https:\/\/buymodafinilonline.com\/it\/wp-json\/wp\/v2\/types\/product"}],"replies":[{"embeddable":true,"href":"https:\/\/buymodafinilonline.com\/it\/wp-json\/wp\/v2\/comments?post=410328"}],"wp:featuredmedia":[{"embeddable":true,"href":"https:\/\/buymodafinilonline.com\/it\/wp-json\/wp\/v2\/media\/398090"}],"wp:attachment":[{"href":"https:\/\/buymodafinilonline.com\/it\/wp-json\/wp\/v2\/media?parent=410328"}],"wp:term":[{"taxonomy":"product_brand","embeddable":true,"href":"https:\/\/buymodafinilonline.com\/it\/wp-json\/wp\/v2\/product_brand?post=410328"},{"taxonomy":"product_cat","embeddable":true,"href":"https:\/\/buymodafinilonline.com\/it\/wp-json\/wp\/v2\/product_cat?post=410328"},{"taxonomy":"product_tag","embeddable":true,"href":"https:\/\/buymodafinilonline.com\/it\/wp-json\/wp\/v2\/product_tag?post=410328"}],"curies":[{"name":"wp","href":"https:\/\/api.w.org\/{rel}","templated":true}]}}