{"id":410505,"date":"2020-04-06T20:59:52","date_gmt":"2020-04-06T19:59:52","guid":{"rendered":"https:\/\/buymodafinilonline.com\/smart-drugs\/saver-combo-pack-modvigil-e-artvigil\/"},"modified":"2025-06-11T12:23:18","modified_gmt":"2025-06-11T11:23:18","slug":"saver-combo-pack-modvigil-e-artvigil","status":"publish","type":"product","link":"https:\/\/buymodafinilonline.com\/it\/smart-drug-it\/saver-combo-pack-modvigil-e-artvigil\/","title":{"rendered":"Pacchetto combinato Modvigil e Artvigil Saver"},"content":{"rendered":"[vc_column width=&#8221;1\/2&#8243;]\n<h2>Cos&#8217;\u00e8 il pacchetto combinato Modvigil e Artvigil Saver?<\/h2>\n<p>Il Combo Pack Modvigil e Artvigil Saver \u00e8 un&#8217;ottima soluzione per i consumatori di &#8220;smart drug&#8221;. \u00c8 utile per chi assume regolarmente nootropi e vuole risparmiare ancora di pi\u00f9. Il prezzo di una pillola dipende dalla quantit\u00e0 della confezione: pi\u00f9 pillole si acquistano, meno costa.  <\/p>\n<p>Questo Combo Pack include due popolari nootropi:<\/p>\n<div class=\"su-divider su-divider-style-default\" style=\"margin:10px 0;border-width:3px;border-color:#ffffff00\"><a href=\"#\" style=\"color:#ffffff009\">.<\/a><\/div>\n<ul>\n<li><a href=\"https:\/\/buymodafinilonline.com\/it\/smart-drug-it\/modvigil-200-mg\/\">Modvigil 200mg<\/a> &#8211; modafinil generico;<\/li>\n<li><a href=\"https:\/\/buymodafinilonline.com\/it\/smart-drug-it\/artvigil-150-mg\/\">Artvigil 150 mg<\/a> &#8211; armodafinil generico.<\/li>\n<\/ul>\n<p>Al momento del pagamento, assicurati di specificare le tue preferenze per la confezione combinata Modvigil e Artvigil Saver nel campo Note speciali della <a href=\"https:\/\/buymodafinilonline.com\/it\/completa-transazione\/\">pagina di pagamento<\/a> (sotto l&#8217;indirizzo di spedizione). Nel caso in cui ti dimenticassi di specificare le tue preferenze, includeremo il 50% di Artvigil e il 50% di Modvigil come set predefinito (entrambi i farmaci sono prodotti da HAB Pharmaceuticals). <\/p>\n<p>Da oggi puoi aggiungere anche le pillole per l&#8217;ED, come ad esempio:<\/p>\n<div class=\"su-divider su-divider-style-default\" style=\"margin:10px 0;border-width:3px;border-color:#ffffff00\"><a href=\"#\" style=\"color:#ffffff009\">.<\/a><\/div>\n<ul>\n<li>Malegra 100 mg &#8211; Viagra generico;<\/li>\n<li>Tadarise 20 mg &#8211; Cialis generico;<\/li>\n<li>Vardegra 20 mg &#8211; Levitra generico;<\/li>\n<li>e altro ancora&#8230;<\/li>\n<\/ul>\n<p>Leggi la nostra offerta speciale &#8211; <a href=\"https:\/\/buymodafinilonline.com\/it\/smart-drug-it\/ed-pack-forza-maschile\/\">Male Force ED Pack<\/a>.<\/p>\n<div class=\"su-divider su-divider-style-default\" style=\"margin:10px 0;border-width:3px;border-color:#ffffff00\"><a href=\"#\" style=\"color:#ffffff009\">.<\/a><\/div>\n<h3>Generico Modvigil 200 mg<\/h3>\n<p>Modvigil \u00e8 un farmaco generico a base di modafinil utilizzato come agente che favorisce la veglia. Il modafinil \u00e8 un farmaco soggetto a prescrizione medica, disponibile in versione di marca e generica. Il Modvigil tratta l&#8217;eccessiva sonnolenza diurna causata da problemi del sonno come la narcolessia, l&#8217;apnea ostruttiva del sonno (OSA) e il disturbo del sonno da lavoro a turni (SWSD).  <\/p>\n<p>I medici la prescrivono off-label per persone affette da ADD\/ADHD, depressione, affaticamento indotto dalla sclerosi multipla, deterioramento cognitivo, declino della memoria legato all&#8217;et\u00e0 e altre condizioni correlate, grazie alla sua capacit\u00e0 di migliorare la concentrazione, l&#8217;attenzione e ripristinare la veglia.<\/p>\n<p>Le persone sane utilizzano Modvigil come &#8220;farmaco intelligente&#8221; per potenziare le funzioni cognitive, la produttivit\u00e0, l&#8217;energia, la memoria e l&#8217;acutezza mentale, oltre ad altri vantaggi nell&#8217;apprendimento e nel lavoro.<\/p>\n<div class=\"su-divider su-divider-style-default\" style=\"margin:10px 0;border-width:3px;border-color:#ffffff00\"><a href=\"#\" style=\"color:#ffffff009\">.<\/a><\/div>\n<h3>Generico Artvigil 150 mg<\/h3>\n<p>Artvigil \u00e8 un farmaco generico a base di armodafinil, con funzioni simili a quelle di Modvigil. \u00c8 approvato anche per combattere l&#8217;eccessiva sonnolenza diurna associata a narcolessia, OSA e SWSD. <\/p>\n<p>Questo farmaco generico viene utilizzato off-label nel trattamento della sindrome da stanchezza cronica, del disturbo depressivo maggiore, dell&#8217;ADHD\/ADD e di altre patologie.<\/p>\n<p>Molte persone sane utilizzano Artvigil off-label per aumentare la produttivit\u00e0 e migliorare le funzioni cognitive. Artvigil facilita efficacemente il ragionamento, la risoluzione dei problemi, le prestazioni mentali e la promozione della veglia. <\/p>\n<div class=\"su-divider su-divider-style-default\" style=\"margin:10px 0;border-width:3px;border-color:#ffffff00\"><a href=\"#\" style=\"color:#ffffff009\">.<\/a><\/div>\n<h2>Come funzionano queste pillole?<\/h2>\n<p>Artvigil contiene il principio attivo armodafinil, un fratello del modafinil, il componente principale del Modvigil.<\/p>\n<p>Sebbene il meccanismo d&#8217;azione di questi farmaci non sia del tutto chiaro, \u00e8 noto che inibiscono la ricaptazione della dopamina nel cervello legandosi al trasportatore della dopamina. La dopamina \u00e8 un neurotrasmettitore prodotto nel cervello che agisce come messaggero chimico tra i neuroni. Artvigil e Modvigil agiscono bloccando altri nervi e sostanze responsabili dell&#8217;assorbimento di una maggiore quantit\u00e0 di dopamina nell&#8217;organismo.  <\/p>\n<p>Grazie a questo meccanismo, questi farmaci aumentano i livelli extracellulari di dopamina in alcune regioni del cervello. Ne consegue un aumento del flusso sanguigno, un miglioramento delle funzioni esecutive del cervello, della memoria e dell&#8217;attenzione e altri effetti simili. <\/p>\n<div class=\"su-divider su-divider-style-default\" style=\"margin:10px 0;border-width:3px;border-color:#ffffff00\"><a href=\"#\" style=\"color:#ffffff009\">.<\/a><\/div>\n<h2>Dosaggio sicuro e uso corretto<\/h2>\n<p>Le compresse di Modvigil 200 mg e Artvigil 150 mg sono dosi consigliate, ma si basano sulle condizioni mediche dell&#8217;utente e sulla sua risposta al trattamento.<\/p>\n<p>Questi farmaci vengono assunti una volta al giorno. Se il paziente \u00e8 narcolettico, la pillola deve essere assunta al mattino secondo la prescrizione. Tuttavia, nel caso del trattamento della SWSD, la pillola deve essere somministrata un&#8217;ora prima dell&#8217;inizio del lavoro.  <\/p>\n<p>Non automedicarti e non usare questi farmaci off-label senza aver prima consultato un medico. Dosaggi non sicuri, come un sovradosaggio o in presenza di determinate condizioni di salute, possono causare reazioni dannose per la tua salute.<\/p>\n[\/vc_column][vc_column width=&#8221;1\/2&#8243;]\n<h2>Possibili effetti collaterali<\/h2>\n<p>Modvigil e Artvigil hanno effetti simili a quelli delle anfetamine o del metilfenidato, ma causano molte meno reazioni negative. Funzionano bene per gli individui sani. <\/p>\n<p>Gli effetti collaterali pi\u00f9 comuni di entrambi i nootropi sono i seguenti:<\/p>\n<div class=\"su-divider su-divider-style-default\" style=\"margin:10px 0;border-width:3px;border-color:#ffffff00\"><a href=\"#\" style=\"color:#ffffff009\">.<\/a><\/div>\n<ul>\n<li>naso chiuso e che cola;<\/li>\n<li>dolore alla testa;<\/li>\n<li>vertigini;<\/li>\n<li>difficolt\u00e0 a dormire;<\/li>\n<li>sentimenti ansiosi;<\/li>\n<li>indigestione;<\/li>\n<li>mal di schiena;<\/li>\n<li>nervosismo;<\/li>\n<li>diarrea;<\/li>\n<li>nausea.<\/li>\n<\/ul>\n<p>Effetti negativi gravi ma rari includono:<\/p>\n<div class=\"su-divider su-divider-style-default\" style=\"margin:10px 0;border-width:3px;border-color:#ffffff00\"><a href=\"#\" style=\"color:#ffffff009\">.<\/a><\/div>\n<ul>\n<li>eruzione cutanea;<\/li>\n<li>battito cardiaco anomalo;<\/li>\n<li>alveari;<\/li>\n<li>urina sanguinolenta;<\/li>\n<li>comportamento iperattivo;<\/li>\n<li>problema respiratorio;<\/li>\n<li>pensieri suicidi;<\/li>\n<li>problemi mentali e altri.<\/li>\n<\/ul>\n<p>Questa non \u00e8 una lista completa. Alcuni effetti negativi possono essere gravi a seconda del tuo stato di salute. In caso di sintomi strani, informa il tuo medico per ricevere assistenza medica immediata. <\/p>\n<div class=\"su-divider su-divider-style-default\" style=\"margin:10px 0;border-width:3px;border-color:#ffffff00\"><a href=\"#\" style=\"color:#ffffff009\">.<\/a><\/div>\n<h2>Controindicazioni e precauzioni<\/h2>\n<p>Lascia che un medico valuti il tuo stato di salute (soprattutto per quanto riguarda i problemi al cuore e al fegato) prima di assumere questi farmaci. Non mischiare i nootropi con altri farmaci perch\u00e9 ci\u00f2 pu\u00f2 causare gravi interazioni. Informa il tuo medico specialista di tutti i farmaci che stai utilizzando, compresi i rimedi erboristici. Mescolare i nootropi con l&#8217;alcol pu\u00f2 causare effetti collaterali senza precedenti. Per quanto riguarda gli alimenti, Modvigil e Artvigil funzionano bene con la maggior parte dei prodotti, ad eccezione del pompelmo e del succo di pompelmo.    <\/p>\n<p>Possono verificarsi interazioni farmacologiche quando le &#8220;pillole intelligenti&#8221; vengono utilizzate insieme ai seguenti farmaci:<\/p>\n<ul>\n<li>substrati del CYP2C19 e del CYP3A4\/5;<\/li>\n<li>inibitori delle monoamino-ossidasi;<\/li>\n<li>warfarin;<\/li>\n<li>farmaci anticoncezionali e altri.<\/li>\n<\/ul>\n<p>Questo non \u00e8 un elenco completo delle possibili interazioni farmacologiche. Attenersi alle istruzioni riportate nel foglietto illustrativo. <\/p>\n<div class=\"su-divider su-divider-style-default\" style=\"margin:10px 0;border-width:3px;border-color:#ffffff00\"><a href=\"#\" style=\"color:#ffffff009\">.<\/a><\/div>\n<h2>Esperienza del consumatore<\/h2>\n<p>Ottenere una confezione combinata ti aiuta a fare esperienze informate. Questi farmaci sono sicuri e ben tollerati. Le recensioni e le valutazioni di fonti affidabili online indicano che Modvigil e Artvigil sono farmaci orientati ai risultati, non stimolanti e non assuefacenti, con effetti negativi minimi. Diverse persone, tra cui professionisti di alto livello, lavoratori, atleti e studenti, hanno recensito positivamente questi farmaci grazie agli effetti impressionanti che producono.   <\/p>\n<p>A fronte di queste recensioni positive, \u00e8 necessario consultare sempre un medico prima di assumere questi farmaci poich\u00e9 le persone possono rispondere in modo diverso ai farmaci. Entrambi i farmaci possono causare lievi effetti collaterali che svaniscono con l&#8217;uso continuativo. Anche tu puoi usarli e dare una recensione in base alla tua esperienza.  <\/p>\n<div class=\"su-divider su-divider-style-default\" style=\"margin:10px 0;border-width:3px;border-color:#ffffff00\"><a href=\"#\" style=\"color:#ffffff009\">.<\/a><\/div>\n<h2>Come ottenere Modvigil \/ Artvigil Saver Combo Pack online<\/h2>\n<p>La sicurezza con farmaci di qualit\u00e0 \u00e8 una priorit\u00e0 che devi avere da una farmacia elettronica affidabile. Tra gli altri venditori di &#8220;farmaci intelligenti&#8221; pi\u00f9 legittimi e affidabili, <a href=\"https:\/\/buymodafinilonline.com\/it\/\">BuyModafinilOnline<\/a> \u00e8 l&#8217;e-pharmacia pi\u00f9 sicura che offre eugeroici genuini provenienti da produttori approvati senza prescrizione medica. <\/p>\n<p>Ordinando questo Combo Pack, risparmierai di pi\u00f9 e potrai conoscere il farmaco pi\u00f9 adatto a te. Altre &#8220;<a href=\"https:\/\/buymodafinilonline.com\/smart-drugs-brands\/\">smart drugs<\/a>&#8221; sono disponibili per la vendita e noi le offriamo al costo di produzione. Pi\u00f9 tabs si acquistano, pi\u00f9 il costo si riduce.  <\/p>\n<p>Forniamo anche <a href=\"https:\/\/buymodafinilonline.com\/free-trial\/\">campioni di prova gratuiti<\/a> di armodafinil (Artvigil) e modafinil (Modalert): l&#8217;opzione migliore per testare gratuitamente l&#8217;efficacia e la tollerabilit\u00e0 delle &#8220;smart drug&#8221;.<\/p>\n<p>Paga con PayPal, carta di credito o <a href=\"https:\/\/buymodafinilonline.com\/it\/paga-in-bitcoin\/\">Bitcoin<\/a>. Scegliendo le criptovalute come opzione di pagamento avrai uno sconto del 23%. <a href=\"https:\/\/buymodafinilonline.com\/it\/miglior-fornitore-modafinil-italia\/\">La spedizione dei pacchi dell&#8217;acquirente \u00e8 ultraveloce<\/a> &#8211; per la maggior parte del mondo, compresi Stati Uniti, Singapore, Australia, Regno Unito e Hong Kong, ad eccezione di alcuni paesi elencati. BMO offre la rispedizione o il rimborso completo in caso di mancata consegna del pacco.   <\/p>\n<div class=\"su-divider su-divider-style-default\" style=\"margin:10px 0;border-width:3px;border-color:#ffffff00\"><a href=\"#\" style=\"color:#ffffff009\">.<\/a><\/div>\n[\/vc_column]\n","protected":false},"excerpt":{"rendered":"<p>P.S. Assicurati di<strong> specificare le tue preferenze per Modvigil e Artvigil Saver Combo Pack<\/strong> nel campo Note speciali della pagina di pagamento (sotto l&#8217;indirizzo di spedizione).<\/p>\n<p>Nel caso in cui tu abbia dimenticato di specificare le tue preferenze di combinazione, includeremo il 50% di pillole Modvigil e il 50% di pillole Artvigil come set predefinito (entrambi di HAB Pharma).<\/p>\n<p>Questo Saver Pack NON include Modalert, Waklert e Modafil MD sublinguale. Prova invece il nostro speciale <a href=\"https:\/\/buymodafinilonline.com\/smart-drugs\/superb-combo-pack\/\">Superb Combo Pack<\/a>. <\/p>\n[sc name=\"s1\"]\n","protected":false},"featured_media":410508,"comment_status":"closed","ping_status":"closed","template":"","meta":{"_acf_changed":false},"product_brand":[],"product_cat":[3787,4237],"product_tag":[4019,4028],"class_list":{"0":"post-410505","1":"product","2":"type-product","3":"status-publish","4":"has-post-thumbnail","6":"product_cat-marchi-smart-drugs","7":"product_cat-pacchetti-combinati","8":"product_tag-armodafinil-it-2","9":"product_tag-modafinil-it","11":"first","12":"instock","13":"sale","14":"shipping-taxable","15":"purchasable","16":"product-type-variable","17":"has-default-attributes"},"acf":[],"yoast_head":"<!-- This site is optimized with the Yoast SEO Premium plugin v23.6 (Yoast SEO v27.3) - https:\/\/yoast.com\/product\/yoast-seo-premium-wordpress\/ -->\n<title>Pacchetto combinato Modvigil e Artvigil Saver | BuyModafinilOnline.com<\/title>\n<meta name=\"description\" content=\"La confezione combinata Modvigil\/Artvigil Saver \u00e8 un&#039;ottima soluzione per chi assume regolarmente farmaci intelligenti e vuole risparmiare ancora di pi\u00f9. Il prezzo di una pillola dipende dalla quantit\u00e0 della confezione: pi\u00f9 pillole si acquistano, pi\u00f9 \u00e8 conveniente.\" \/>\n<meta name=\"robots\" content=\"index, follow, max-snippet:-1, max-image-preview:large, max-video-preview:-1\" \/>\n<link rel=\"canonical\" href=\"https:\/\/buymodafinilonline.com\/it\/smart-drug-it\/saver-combo-pack-modvigil-e-artvigil\/\" \/>\n<meta property=\"og:locale\" content=\"it_IT\" \/>\n<meta property=\"og:type\" content=\"article\" \/>\n<meta property=\"og:title\" content=\"Pacchetto combinato Modvigil e Artvigil Saver\" \/>\n<meta property=\"og:description\" content=\"La confezione combinata Modvigil\/Artvigil Saver \u00e8 un&#039;ottima soluzione per chi assume regolarmente farmaci intelligenti e vuole risparmiare ancora di pi\u00f9. Il prezzo di una pillola dipende dalla quantit\u00e0 della confezione: pi\u00f9 pillole si acquistano, pi\u00f9 \u00e8 conveniente.\" \/>\n<meta property=\"og:url\" content=\"https:\/\/buymodafinilonline.com\/it\/smart-drug-it\/saver-combo-pack-modvigil-e-artvigil\/\" \/>\n<meta property=\"og:site_name\" content=\"BuyModafinilOnline.com\" \/>\n<meta property=\"article:modified_time\" content=\"2025-06-11T11:23:18+00:00\" \/>\n<meta property=\"og:image\" content=\"https:\/\/buymodafinilonline.com\/wp-content\/uploads\/2020\/04\/product-bmo-Artvigill-Modvigil-2.png\" \/>\n\t<meta property=\"og:image:width\" content=\"1280\" \/>\n\t<meta property=\"og:image:height\" content=\"1500\" \/>\n\t<meta property=\"og:image:type\" content=\"image\/png\" \/>\n<meta name=\"twitter:label1\" content=\"Tempo di lettura stimato\" \/>\n\t<meta name=\"twitter:data1\" content=\"6 minuti\" \/>\n<script type=\"application\/ld+json\" class=\"yoast-schema-graph\">{\"@context\":\"https:\\\/\\\/schema.org\",\"@graph\":[{\"@type\":\"WebPage\",\"@id\":\"https:\\\/\\\/buymodafinilonline.com\\\/it\\\/smart-drug-it\\\/saver-combo-pack-modvigil-e-artvigil\\\/\",\"url\":\"https:\\\/\\\/buymodafinilonline.com\\\/it\\\/smart-drug-it\\\/saver-combo-pack-modvigil-e-artvigil\\\/\",\"name\":\"Pacchetto combinato Modvigil e Artvigil Saver | BuyModafinilOnline.com\",\"isPartOf\":{\"@id\":\"https:\\\/\\\/buymodafinilonline.com\\\/it\\\/#website\"},\"primaryImageOfPage\":{\"@id\":\"https:\\\/\\\/buymodafinilonline.com\\\/it\\\/smart-drug-it\\\/saver-combo-pack-modvigil-e-artvigil\\\/#primaryimage\"},\"image\":{\"@id\":\"https:\\\/\\\/buymodafinilonline.com\\\/it\\\/smart-drug-it\\\/saver-combo-pack-modvigil-e-artvigil\\\/#primaryimage\"},\"thumbnailUrl\":\"https:\\\/\\\/buymodafinilonline.com\\\/wp-content\\\/uploads\\\/2020\\\/04\\\/product-bmo-Artvigill-Modvigil-2.png\",\"datePublished\":\"2020-04-06T19:59:52+00:00\",\"dateModified\":\"2025-06-11T11:23:18+00:00\",\"description\":\"La confezione combinata Modvigil\\\/Artvigil Saver \u00e8 un'ottima soluzione per chi assume regolarmente farmaci intelligenti e vuole risparmiare ancora di pi\u00f9. Il prezzo di una pillola dipende dalla quantit\u00e0 della confezione: pi\u00f9 pillole si acquistano, pi\u00f9 \u00e8 conveniente.\",\"breadcrumb\":{\"@id\":\"https:\\\/\\\/buymodafinilonline.com\\\/it\\\/smart-drug-it\\\/saver-combo-pack-modvigil-e-artvigil\\\/#breadcrumb\"},\"inLanguage\":\"it-IT\",\"potentialAction\":[{\"@type\":\"ReadAction\",\"target\":[\"https:\\\/\\\/buymodafinilonline.com\\\/it\\\/smart-drug-it\\\/saver-combo-pack-modvigil-e-artvigil\\\/\"]}]},{\"@type\":\"ImageObject\",\"inLanguage\":\"it-IT\",\"@id\":\"https:\\\/\\\/buymodafinilonline.com\\\/it\\\/smart-drug-it\\\/saver-combo-pack-modvigil-e-artvigil\\\/#primaryimage\",\"url\":\"https:\\\/\\\/buymodafinilonline.com\\\/wp-content\\\/uploads\\\/2020\\\/04\\\/product-bmo-Artvigill-Modvigil-2.png\",\"contentUrl\":\"https:\\\/\\\/buymodafinilonline.com\\\/wp-content\\\/uploads\\\/2020\\\/04\\\/product-bmo-Artvigill-Modvigil-2.png\",\"width\":1280,\"height\":1500,\"caption\":\"Saver Combo Pack Modvigil\\\/Artvigil\"},{\"@type\":\"BreadcrumbList\",\"@id\":\"https:\\\/\\\/buymodafinilonline.com\\\/it\\\/smart-drug-it\\\/saver-combo-pack-modvigil-e-artvigil\\\/#breadcrumb\",\"itemListElement\":[{\"@type\":\"ListItem\",\"position\":1,\"name\":\"Buy Modafinil Online\",\"item\":\"https:\\\/\\\/buymodafinilonline.com\\\/it\\\/\"},{\"@type\":\"ListItem\",\"position\":2,\"name\":\"Negozio\",\"item\":\"https:\\\/\\\/buymodafinilonline.com\\\/it\\\/negozio\\\/\"},{\"@type\":\"ListItem\",\"position\":3,\"name\":\"Marchi Smart Drugs\",\"item\":\"https:\\\/\\\/buymodafinilonline.com\\\/it\\\/categoria-di-prodotto\\\/marchi-smart-drugs\\\/\"},{\"@type\":\"ListItem\",\"position\":4,\"name\":\"Pacchetto combinato Modvigil e Artvigil Saver\"}]},{\"@type\":\"WebSite\",\"@id\":\"https:\\\/\\\/buymodafinilonline.com\\\/it\\\/#website\",\"url\":\"https:\\\/\\\/buymodafinilonline.com\\\/it\\\/\",\"name\":\"BuyModafinilOnline.com\",\"description\":\"Modafinil Online Pharmacy\",\"publisher\":{\"@id\":\"https:\\\/\\\/buymodafinilonline.com\\\/it\\\/#organization\"},\"potentialAction\":[{\"@type\":\"SearchAction\",\"target\":{\"@type\":\"EntryPoint\",\"urlTemplate\":\"https:\\\/\\\/buymodafinilonline.com\\\/it\\\/?s={search_term_string}\"},\"query-input\":{\"@type\":\"PropertyValueSpecification\",\"valueRequired\":true,\"valueName\":\"search_term_string\"}}],\"inLanguage\":\"it-IT\"},{\"@type\":\"Organization\",\"@id\":\"https:\\\/\\\/buymodafinilonline.com\\\/it\\\/#organization\",\"name\":\"BuyModafinilOnline\",\"url\":\"https:\\\/\\\/buymodafinilonline.com\\\/it\\\/\",\"logo\":{\"@type\":\"ImageObject\",\"inLanguage\":\"it-IT\",\"@id\":\"https:\\\/\\\/buymodafinilonline.com\\\/it\\\/#\\\/schema\\\/logo\\\/image\\\/\",\"url\":\"https:\\\/\\\/buymodafinilonline.com\\\/wp-content\\\/uploads\\\/2020\\\/04\\\/logo-buy-modafinil-online-yellow.png\",\"contentUrl\":\"https:\\\/\\\/buymodafinilonline.com\\\/wp-content\\\/uploads\\\/2020\\\/04\\\/logo-buy-modafinil-online-yellow.png\",\"width\":200,\"height\":200,\"caption\":\"BuyModafinilOnline\"},\"image\":{\"@id\":\"https:\\\/\\\/buymodafinilonline.com\\\/it\\\/#\\\/schema\\\/logo\\\/image\\\/\"}}]}<\/script>\n<!-- \/ Yoast SEO Premium plugin. -->","yoast_head_json":{"title":"Pacchetto combinato Modvigil e Artvigil Saver | BuyModafinilOnline.com","description":"La confezione combinata Modvigil\/Artvigil Saver \u00e8 un'ottima soluzione per chi assume regolarmente farmaci intelligenti e vuole risparmiare ancora di pi\u00f9. Il prezzo di una pillola dipende dalla quantit\u00e0 della confezione: pi\u00f9 pillole si acquistano, pi\u00f9 \u00e8 conveniente.","robots":{"index":"index","follow":"follow","max-snippet":"max-snippet:-1","max-image-preview":"max-image-preview:large","max-video-preview":"max-video-preview:-1"},"canonical":"https:\/\/buymodafinilonline.com\/it\/smart-drug-it\/saver-combo-pack-modvigil-e-artvigil\/","og_locale":"it_IT","og_type":"article","og_title":"Pacchetto combinato Modvigil e Artvigil Saver","og_description":"La confezione combinata Modvigil\/Artvigil Saver \u00e8 un'ottima soluzione per chi assume regolarmente farmaci intelligenti e vuole risparmiare ancora di pi\u00f9. Il prezzo di una pillola dipende dalla quantit\u00e0 della confezione: pi\u00f9 pillole si acquistano, pi\u00f9 \u00e8 conveniente.","og_url":"https:\/\/buymodafinilonline.com\/it\/smart-drug-it\/saver-combo-pack-modvigil-e-artvigil\/","og_site_name":"BuyModafinilOnline.com","article_modified_time":"2025-06-11T11:23:18+00:00","og_image":[{"width":1280,"height":1500,"url":"https:\/\/buymodafinilonline.com\/wp-content\/uploads\/2020\/04\/product-bmo-Artvigill-Modvigil-2.png","type":"image\/png"}],"twitter_misc":{"Tempo di lettura stimato":"6 minuti"},"schema":{"@context":"https:\/\/schema.org","@graph":[{"@type":"WebPage","@id":"https:\/\/buymodafinilonline.com\/it\/smart-drug-it\/saver-combo-pack-modvigil-e-artvigil\/","url":"https:\/\/buymodafinilonline.com\/it\/smart-drug-it\/saver-combo-pack-modvigil-e-artvigil\/","name":"Pacchetto combinato Modvigil e Artvigil Saver | BuyModafinilOnline.com","isPartOf":{"@id":"https:\/\/buymodafinilonline.com\/it\/#website"},"primaryImageOfPage":{"@id":"https:\/\/buymodafinilonline.com\/it\/smart-drug-it\/saver-combo-pack-modvigil-e-artvigil\/#primaryimage"},"image":{"@id":"https:\/\/buymodafinilonline.com\/it\/smart-drug-it\/saver-combo-pack-modvigil-e-artvigil\/#primaryimage"},"thumbnailUrl":"https:\/\/buymodafinilonline.com\/wp-content\/uploads\/2020\/04\/product-bmo-Artvigill-Modvigil-2.png","datePublished":"2020-04-06T19:59:52+00:00","dateModified":"2025-06-11T11:23:18+00:00","description":"La confezione combinata Modvigil\/Artvigil Saver \u00e8 un'ottima soluzione per chi assume regolarmente farmaci intelligenti e vuole risparmiare ancora di pi\u00f9. Il prezzo di una pillola dipende dalla quantit\u00e0 della confezione: pi\u00f9 pillole si acquistano, pi\u00f9 \u00e8 conveniente.","breadcrumb":{"@id":"https:\/\/buymodafinilonline.com\/it\/smart-drug-it\/saver-combo-pack-modvigil-e-artvigil\/#breadcrumb"},"inLanguage":"it-IT","potentialAction":[{"@type":"ReadAction","target":["https:\/\/buymodafinilonline.com\/it\/smart-drug-it\/saver-combo-pack-modvigil-e-artvigil\/"]}]},{"@type":"ImageObject","inLanguage":"it-IT","@id":"https:\/\/buymodafinilonline.com\/it\/smart-drug-it\/saver-combo-pack-modvigil-e-artvigil\/#primaryimage","url":"https:\/\/buymodafinilonline.com\/wp-content\/uploads\/2020\/04\/product-bmo-Artvigill-Modvigil-2.png","contentUrl":"https:\/\/buymodafinilonline.com\/wp-content\/uploads\/2020\/04\/product-bmo-Artvigill-Modvigil-2.png","width":1280,"height":1500,"caption":"Saver Combo Pack Modvigil\/Artvigil"},{"@type":"BreadcrumbList","@id":"https:\/\/buymodafinilonline.com\/it\/smart-drug-it\/saver-combo-pack-modvigil-e-artvigil\/#breadcrumb","itemListElement":[{"@type":"ListItem","position":1,"name":"Buy Modafinil Online","item":"https:\/\/buymodafinilonline.com\/it\/"},{"@type":"ListItem","position":2,"name":"Negozio","item":"https:\/\/buymodafinilonline.com\/it\/negozio\/"},{"@type":"ListItem","position":3,"name":"Marchi Smart Drugs","item":"https:\/\/buymodafinilonline.com\/it\/categoria-di-prodotto\/marchi-smart-drugs\/"},{"@type":"ListItem","position":4,"name":"Pacchetto combinato Modvigil e Artvigil Saver"}]},{"@type":"WebSite","@id":"https:\/\/buymodafinilonline.com\/it\/#website","url":"https:\/\/buymodafinilonline.com\/it\/","name":"BuyModafinilOnline.com","description":"Modafinil Online Pharmacy","publisher":{"@id":"https:\/\/buymodafinilonline.com\/it\/#organization"},"potentialAction":[{"@type":"SearchAction","target":{"@type":"EntryPoint","urlTemplate":"https:\/\/buymodafinilonline.com\/it\/?s={search_term_string}"},"query-input":{"@type":"PropertyValueSpecification","valueRequired":true,"valueName":"search_term_string"}}],"inLanguage":"it-IT"},{"@type":"Organization","@id":"https:\/\/buymodafinilonline.com\/it\/#organization","name":"BuyModafinilOnline","url":"https:\/\/buymodafinilonline.com\/it\/","logo":{"@type":"ImageObject","inLanguage":"it-IT","@id":"https:\/\/buymodafinilonline.com\/it\/#\/schema\/logo\/image\/","url":"https:\/\/buymodafinilonline.com\/wp-content\/uploads\/2020\/04\/logo-buy-modafinil-online-yellow.png","contentUrl":"https:\/\/buymodafinilonline.com\/wp-content\/uploads\/2020\/04\/logo-buy-modafinil-online-yellow.png","width":200,"height":200,"caption":"BuyModafinilOnline"},"image":{"@id":"https:\/\/buymodafinilonline.com\/it\/#\/schema\/logo\/image\/"}}]}},"_links":{"self":[{"href":"https:\/\/buymodafinilonline.com\/it\/wp-json\/wp\/v2\/product\/410505","targetHints":{"allow":["GET"]}}],"collection":[{"href":"https:\/\/buymodafinilonline.com\/it\/wp-json\/wp\/v2\/product"}],"about":[{"href":"https:\/\/buymodafinilonline.com\/it\/wp-json\/wp\/v2\/types\/product"}],"replies":[{"embeddable":true,"href":"https:\/\/buymodafinilonline.com\/it\/wp-json\/wp\/v2\/comments?post=410505"}],"wp:featuredmedia":[{"embeddable":true,"href":"https:\/\/buymodafinilonline.com\/it\/wp-json\/wp\/v2\/media\/410508"}],"wp:attachment":[{"href":"https:\/\/buymodafinilonline.com\/it\/wp-json\/wp\/v2\/media?parent=410505"}],"wp:term":[{"taxonomy":"product_brand","embeddable":true,"href":"https:\/\/buymodafinilonline.com\/it\/wp-json\/wp\/v2\/product_brand?post=410505"},{"taxonomy":"product_cat","embeddable":true,"href":"https:\/\/buymodafinilonline.com\/it\/wp-json\/wp\/v2\/product_cat?post=410505"},{"taxonomy":"product_tag","embeddable":true,"href":"https:\/\/buymodafinilonline.com\/it\/wp-json\/wp\/v2\/product_tag?post=410505"}],"curies":[{"name":"wp","href":"https:\/\/api.w.org\/{rel}","templated":true}]}}