{"id":446719,"date":"2021-07-12T22:38:41","date_gmt":"2021-07-12T21:38:41","guid":{"rendered":"https:\/\/buymodafinilonline.com\/smart-drugs\/modavinil-200-mg\/"},"modified":"2025-04-22T11:10:21","modified_gmt":"2025-04-22T10:10:21","slug":"modavinil-200-mg","status":"publish","type":"product","link":"https:\/\/buymodafinilonline.com\/it\/smart-drug-it\/modavinil-200-mg\/","title":{"rendered":"Modavinil 200 MG"},"content":{"rendered":"[vc_column width=&#8221;1\/2&#8243;]\n<h2>Che cos&#8217;\u00e8 il Modavinil 200 mg?<\/h2>\n<p>Modavinil \u00e8 un nuovo marchio di modafinil generico creato da Centurion Laboratories, un gigante farmaceutico indiano rispettabile e affidabile. Il modafinil, il suo principio attivo, \u00e8 un popolare eugeroico specificamente studiato per trattare diversi disturbi del sonno come l&#8217;apnea ostruttiva del sonno (OSA), il disturbo del sonno da lavoro a turni (SWSD) e la narcolessia. In generale, aiuta le persone con problemi di sonno a rimanere sveglie e vigili.<\/p>\n<p>Senza prescrizione medica, i medici possono prescrivere questa pillola a pazienti che soffrono di altre patologie, tra cui il disturbo da deficit di attenzione e iperattivit\u00e0 (ADHD), il jet lag, la depressione, il morbo di Parkinson, il morbo di Alzheimer, ecc. Inoltre, gli individui sani di tutti i ceti sociali utilizzano Modavinil per migliorare la loro potenza cerebrale e aumentare la produttivit\u00e0. Sebbene chiunque possa assumere questo farmaco, \u00e8 sempre consigliabile consultare un medico prima di iniziare il trattamento.<\/p>\n<h2>Come funzionano queste pillole?<\/h2>\n<p>C&#8217;\u00e8 molta incertezza sulla modalit\u00e0 d&#8217;azione del modafinil. Gli esperti non sanno esattamente come funziona. Tuttavia, \u00e8 noto che si lega al trasportatore della dopamina e ne inibisce la ricaptazione, aumentandone cos\u00ec le concentrazioni. Questo neurotrasmettitore, a sua volta, provoca una sensazione di &#8220;benessere&#8221; e rende gli utenti svegli e vigili. Si ritiene che la dopamina sia collegata al ciclo sonno-veglia, alla motivazione e alla capacit\u00e0 umana di concentrarsi. Inoltre, il farmaco agisce sui livelli di istamina nel cervello, favorendo cos\u00ec la veglia durante il giorno. Regola inoltre i livelli di altre sostanze chimiche come la serotonina, la noradrenalina e l&#8217;orexina.<\/p>\n<h2>Dosaggio sicuro e uso corretto<\/h2>\n<p>Il Modavinil ha una variet\u00e0 di usi ed effetti, che si traducono in una maggiore concentrazione, in un miglioramento dei modelli di sonno, in migliori livelli di energia e in una maggiore produttivit\u00e0. Il suo dosaggio si basa sulle condizioni mediche dell&#8217;utente e sulla sua risposta al trattamento. Tuttavia, 200 mg \u00e8 il dosaggio generale consigliato, da assumere una volta al giorno. I nuovi utenti possono iniziare con 100 mg, dividendo la compressa a met\u00e0. Il limite massimo di Modavinil \u00e8 di 400 mg al giorno.<\/p>\n<p>Se il paziente \u00e8 narcolettico o soffre di OSA, la pillola deve essere assunta al mattino. Quando si tratta di SWSD, deve essere ingerito un&#8217;ora prima dell&#8217;inizio del turno di lavoro. Deve essere assunto per via orale con un bicchiere d&#8217;acqua e pu\u00f2 essere consumato con o senza cibo. Questo dipende dalle vostre preferenze.<\/p>\n<p>Prima di assumere Modavinil \u00e8 consigliabile consultare un medico per verificare la propria salute e assicurarsi che sia sicuro per il paziente. L&#8217;insorgenza degli effetti avviene generalmente dopo circa un&#8217;ora dalla somministrazione. La sua emivita \u00e8 di circa 13+ ore, quindi \u00e8 meglio assumere il farmaco all&#8217;inizio della giornata.<\/p>\n<p>Poich\u00e9 il Modavinil pu\u00f2 causare disidratazione, \u00e8 fondamentale bere molta acqua mentre il farmaco \u00e8 attivo per evitare mal di testa. Pu\u00f2 agire come diuretico, facendo passare pi\u00f9 velocemente l&#8217;acqua nel sistema corporeo. \u00c8 quindi indispensabile idratarsi per sostituire l&#8217;acqua persa.<\/p>\n<h2>Possibili effetti collaterali<\/h2>\n<p>Quando si usa Modavinil 200 mg, si possono verificare effetti negativi che possono variare da lievi a gravi. Tuttavia, non si verificano per tutti gli utenti. Se i sintomi sono lievi, si attenuano rapidamente man mano che l&#8217;organismo si adatta al farmaco. Gli effetti negativi pi\u00f9 frequenti sono i seguenti:<\/p>\n<ul>\n<li>bocca secca;<\/li>\n<li>nausea;<\/li>\n<li>mal di testa;<\/li>\n<li>diarrea;<\/li>\n<li>difficolt\u00e0 a dormire;<\/li>\n<li>vertigini.<\/li>\n<\/ul>\n<p>In rarissime occasioni, alcuni consumatori di &#8220;smart drug&#8221; possono manifestare gravi reazioni avverse, come le seguenti:<\/p>\n<ul>\n<li>allucinazioni;<\/li>\n<li>iperattivit\u00e0;<\/li>\n<li>depressione;<\/li>\n<li>tremori;<\/li>\n<li>pensieri suicidi.<\/li>\n<\/ul>\n[\/vc_column][vc_column width=&#8221;1\/2&#8243;]\nNon si tratta di un elenco completo. Se si manifestano tali sintomi, comprese reazioni allergiche come eruzioni cutanee gravi e vesciche, rivolgersi immediatamente a un medico. Prima di iniziare l&#8217;assunzione di questo farmaco, \u00e8 meglio consultare un medico per effettuare un&#8217;analisi della salute e determinare se il Modavinil \u00e8 adatto a voi. Questo farmaco \u00e8 generalmente considerato sicuro e ben tollerato, ma ogni utente pu\u00f2 rispondere in modo diverso. Alcuni effetti negativi possono diventare pi\u00f9 evidenti a dosi pi\u00f9 elevate.<\/p>\n<h2>Controindicazioni e precauzioni<\/h2>\n<p>Va notato che il Modavinil pu\u00f2 interagire negativamente con alcuni farmaci. In effetti, questa &#8220;smart drug&#8221; interagisce con fino a 425 farmaci se co-somministrata. Tali interazioni possono ridurre gli effetti di uno o pi\u00f9 farmaci combinati o addirittura aumentare il rischio di reazioni negative.<\/p>\n<p>Essendo un farmaco a base di modafinil, Modavinil pu\u00f2 interagire con le seguenti classi di farmaci:<\/p>\n<ul>\n<li>antibiotici come l&#8217;eritromicina;<\/li>\n<li>antimicotici come il ketoconazolo;<\/li>\n<li>anticonvulsivanti come la carbamazepina;<\/li>\n<li>alcuni tipi di antidepressivi come la clomipramina e la desipramina;<\/li>\n<li>pillole anticoncezionali;<\/li>\n<li>antivirali come il ritonavir.<\/li>\n<\/ul>\n<p>Anche se il farmaco interagisce con i 425 farmaci noti, solo una piccola percentuale di interazioni \u00e8 grave. Informare il medico di eventuali farmaci in uso prima di ingerirli.<\/p>\n<p>Inoltre, il Modavinil interagisce con l&#8217;alcol in un modo che pu\u00f2 aumentare il rischio di effetti negativi. Sebbene non interagisca con la maggior parte degli alimenti, l&#8217;assunzione subito prima o dopo aver consumato pasti grassi pu\u00f2 ritardare l&#8217;inizio della sua azione.<\/p>\n<p>Le donne in gravidanza e i soggetti con precedenti di attacco cardiaco, dolore toracico, pressione alta, battito cardiaco irregolare, malattie renali o epatiche, abuso di farmaci stimolanti o illegali e malattie mentali devono evitare di usare Modavinil.<\/p>\n<h2>Esperienza del consumatore<\/h2>\n<p>Sebbene il Modavinil sia relativamente nuovo nel panorama delle &#8220;smart drug&#8221;, ha conquistato il cuore di molti utenti grazie alla sua sicurezza, alla sua efficacia e all&#8217;immenso numero di benefici che offre. Ecco alcuni dei vantaggi attestati dai consumatori e dagli studi:<\/p>\n<ul>\n<li>miglioramento della veglia;<\/li>\n<li>cognizione aumentata;<\/li>\n<li>una maggiore produttivit\u00e0;<\/li>\n<li>Oltre 12 ore di concentrazione laser.<\/li>\n<\/ul>\n<p>Non \u00e8 pi\u00f9 una novit\u00e0 che Modavinil 200 mg offra un livello completamente nuovo di acutezza mentale, prontezza, energia e produttivit\u00e0 se usato correttamente. Poich\u00e9 \u00e8 in vendita presso la nostra e-pharmacia, ordinatelo per saperne di pi\u00f9 sulla sua affidabilit\u00e0 e sui benefici che offre. Assicuratevi sempre di consultare un medico per determinare se questo farmaco \u00e8 adatto a voi.<\/p>\n<h2>Comprare Generico Modavinil 200mg (Modafinil) Online<\/h2>\n<p>Su <a href=\"https:\/\/buymodafinilonline.com\/it\/\">BuyModafinilOnline<\/a> \u00e8 facile <a href=\"https:\/\/buymodafinilonline.com\/it\/negozio\/\">acquistare online &#8220;smart drugs&#8221; generiche<\/a> a prezzi incredibilmente bassi e senza prescrizione medica. Abbiamo un&#8217;ottima reputazione per la consegna di nootropi genuini<a href=\"https:\/\/buymodafinilonline.com\/it\/smart-drug-it\/artvigil-150-mg\/\">(Artvigil<\/a>, <a href=\"https:\/\/buymodafinilonline.com\/it\/smart-drug-it\/armod-150-mg\/\">Armod<\/a>, <a href=\"https:\/\/buymodafinilonline.com\/it\/smart-drug-it\/armodavinil-150-mg\/\">Armodavinil<\/a>, Modawake, <a href=\"https:\/\/buymodafinilonline.com\/it\/smart-drug-it\/modafil-md-200-mg-sublinguale\/\">Modafil MD<\/a>, ecc.) in modo rapido e senza problemi. Questo spiega perch\u00e9 abbiamo un gran numero di acquirenti che ritornano e perch\u00e9 gli acquirenti ci considerano il posto migliore per <a href=\"https:\/\/buymodafinilonline.com\/smart-drugs-brands\/\">acquistare modafinil e armodafinil a basso costo<\/a>. Per confermare la nostra reputazione e la qualit\u00e0 dei farmaci che offriamo, conquistiamo sempre i nostri acquirenti inviando <a href=\"https:\/\/buymodafinilonline.com\/free-trial\/\">campioni gratuiti<\/a> di nootropi popolari, in modo che possano testare l&#8217;efficacia dei nostri prodotti prima dell&#8217;acquisto. Offriamo inoltre <a href=\"https:\/\/buymodafinilonline.com\/coupons-deals-promo-codes\/\">sconti incredibili<\/a>, codici coupon e consegne rapide nella maggior parte del mondo, compresi Stati Uniti, Regno Unito e Australia. Inoltre, abbiamo una variet\u00e0 di <a href=\"https:\/\/buymodafinilonline.com\/billing-credit-card-faq\/\">opzioni di pagamento<\/a>. \u00c8 possibile effettuare il pagamento con PayPal, carta di credito o <a href=\"https:\/\/buymodafinilonline.com\/it\/paga-in-bitcoin\/\">Bitcoin<\/a> (23% di sconto). Effettuiamo spedizioni in tutto il mondo, ad eccezione di alcuni paesi elencati.<\/p>\n<p>Godetevi la vostra esperienza di shopping senza bisogno di prescrizione medica!<\/p>\n[\/vc_column]\n","protected":false},"excerpt":{"rendered":"<p>Modavinil 200 mg prodotto da Centurion Laboratories \u00e8 un nuovo farmaco generico premium a base di modafinil. Il suo principio attivo \u00e8 il modafinil, che aiuta a trattare l&#8217;eccessiva sonnolenza diurna nei pazienti con carenza di sonno e a migliorare le funzioni cognitive nelle persone sane. Oggi questa potente &#8220;droga intelligente&#8221; pu\u00f2 essere acquistata praticamente da tutti i rivenditori. Tuttavia, se desiderate ottenere tabs genuini accoppiati con le <a href=\"https:\/\/buymodafinilonline.com\/coupons-deals-promo-codes\/\">migliori offerte, sconti<\/a> e <a href=\"https:\/\/buymodafinilonline.com\/shipping\/\">spedizioni<\/a> garantite in tutto il mondo, potete affidarvi alla nostra farmacia online!<\/p>\n<p>Siamo inoltre lieti di invitarti a provare le nostre pillole <a href=\"https:\/\/buymodafinilonline.com\/smart-drugs\/saver-combo-pack\/\">Modvigil e Artvigil<\/a> a basso costo, che aumenteranno la tua resistenza alla fatica, e le altre marche di modafinil pi\u00f9 famose<a href=\"https:\/\/buymodafinilonline.com\/smart-drugs\/modafresh-200-mg-tablets\/\">: Modafresh<\/a>, <a href=\"https:\/\/buymodafinilonline.com\/smart-drugs\/modaheal-200-mg-tablets\/\">Modaheal<\/a>, <a href=\"https:\/\/buymodafinilonline.com\/smart-drugs\/modawake-200-mg-tablets\/\">Modawake<\/a>, <a href=\"https:\/\/buymodafinilonline.com\/smart-drugs\/vilafinil-200mg-tablets\/\">Vilafinil<\/a> e l&#8217;esclusivo <a href=\"https:\/\/buymodafinilonline.com\/smart-drugs\/modafil-md-200-mg-sublingual-tablets\/\">Modafil MD sublinguale<\/a>, disponibile solo nella nostra farmacia online, che \u00e8 uno dei nostri bestseller al gusto di menta per un assorbimento pi\u00f9 rapido e, quindi, un&#8217;insorgenza rapida degli effetti. Inoltre, i nostri nuovi bestseller contengono gli stessi principi attivi e sono puri come i nostri precedenti bestseller.<\/p>\n<p>Scoprite il nostro nuovo <a href=\"https:\/\/buymodafinilonline.com\/smart-drugs\/modavinil-armodavinil-superior-combo-pack\/\">Superior Combo Pack<\/a> che pu\u00f2 includere tutti i marchi sopra citati.<\/p>\n","protected":false},"featured_media":424102,"comment_status":"closed","ping_status":"closed","template":"","meta":{"_acf_changed":false},"product_brand":[],"product_cat":[3787],"product_tag":[4028],"class_list":{"0":"post-446719","1":"product","2":"type-product","3":"status-publish","4":"has-post-thumbnail","6":"product_cat-marchi-smart-drugs","7":"product_tag-modafinil-it","9":"first","10":"instock","11":"sale","12":"shipping-taxable","13":"purchasable","14":"product-type-variable","15":"has-default-attributes"},"acf":[],"yoast_head":"<!-- This site is optimized with the Yoast SEO Premium plugin v23.6 (Yoast SEO v27.3) - https:\/\/yoast.com\/product\/yoast-seo-premium-wordpress\/ -->\n<title>Acquistare Modavinil 200 MG (Modafinil) dall&#039;India - BuyModafinilOnline<\/title>\n<meta name=\"description\" content=\"Modavinil 200 mg Generico in pillole senza prescrizione medica presso la farmacia BuyModafinilOnline. Garanzia di consegna al 100% dall&#039;India! Acquistate Modavinil (modafinil) con Bitcoin e godete del 23% di sconto.\" \/>\n<meta name=\"robots\" content=\"index, follow, max-snippet:-1, max-image-preview:large, max-video-preview:-1\" \/>\n<link rel=\"canonical\" href=\"https:\/\/buymodafinilonline.com\/it\/smart-drug-it\/modavinil-200-mg\/\" \/>\n<meta property=\"og:locale\" content=\"it_IT\" \/>\n<meta property=\"og:type\" content=\"article\" \/>\n<meta property=\"og:title\" content=\"Modavinil 200 MG\" \/>\n<meta property=\"og:description\" content=\"Modavinil 200 mg Generico in pillole senza prescrizione medica presso la farmacia BuyModafinilOnline. Garanzia di consegna al 100% dall&#039;India! Acquistate Modavinil (modafinil) con Bitcoin e godete del 23% di sconto.\" \/>\n<meta property=\"og:url\" content=\"https:\/\/buymodafinilonline.com\/it\/smart-drug-it\/modavinil-200-mg\/\" \/>\n<meta property=\"og:site_name\" content=\"BuyModafinilOnline.com\" \/>\n<meta property=\"article:modified_time\" content=\"2025-04-22T10:10:21+00:00\" \/>\n<meta property=\"og:image\" content=\"https:\/\/buymodafinilonline.com\/wp-content\/uploads\/2021\/07\/bmo-product-modavinill-new.png\" \/>\n\t<meta property=\"og:image:width\" content=\"1280\" \/>\n\t<meta property=\"og:image:height\" content=\"1500\" \/>\n\t<meta property=\"og:image:type\" content=\"image\/png\" \/>\n<meta name=\"twitter:label1\" content=\"Tempo di lettura stimato\" \/>\n\t<meta name=\"twitter:data1\" content=\"6 minuti\" \/>\n<script type=\"application\/ld+json\" class=\"yoast-schema-graph\">{\"@context\":\"https:\\\/\\\/schema.org\",\"@graph\":[{\"@type\":\"WebPage\",\"@id\":\"https:\\\/\\\/buymodafinilonline.com\\\/it\\\/smart-drug-it\\\/modavinil-200-mg\\\/\",\"url\":\"https:\\\/\\\/buymodafinilonline.com\\\/it\\\/smart-drug-it\\\/modavinil-200-mg\\\/\",\"name\":\"Acquistare Modavinil 200 MG (Modafinil) dall'India - BuyModafinilOnline\",\"isPartOf\":{\"@id\":\"https:\\\/\\\/buymodafinilonline.com\\\/it\\\/#website\"},\"primaryImageOfPage\":{\"@id\":\"https:\\\/\\\/buymodafinilonline.com\\\/it\\\/smart-drug-it\\\/modavinil-200-mg\\\/#primaryimage\"},\"image\":{\"@id\":\"https:\\\/\\\/buymodafinilonline.com\\\/it\\\/smart-drug-it\\\/modavinil-200-mg\\\/#primaryimage\"},\"thumbnailUrl\":\"https:\\\/\\\/buymodafinilonline.com\\\/wp-content\\\/uploads\\\/2021\\\/07\\\/bmo-product-modavinill-new.png\",\"datePublished\":\"2021-07-12T21:38:41+00:00\",\"dateModified\":\"2025-04-22T10:10:21+00:00\",\"description\":\"Modavinil 200 mg Generico in pillole senza prescrizione medica presso la farmacia BuyModafinilOnline. Garanzia di consegna al 100% dall'India! Acquistate Modavinil (modafinil) con Bitcoin e godete del 23% di sconto.\",\"breadcrumb\":{\"@id\":\"https:\\\/\\\/buymodafinilonline.com\\\/it\\\/smart-drug-it\\\/modavinil-200-mg\\\/#breadcrumb\"},\"inLanguage\":\"it-IT\",\"potentialAction\":[{\"@type\":\"ReadAction\",\"target\":[\"https:\\\/\\\/buymodafinilonline.com\\\/it\\\/smart-drug-it\\\/modavinil-200-mg\\\/\"]}]},{\"@type\":\"ImageObject\",\"inLanguage\":\"it-IT\",\"@id\":\"https:\\\/\\\/buymodafinilonline.com\\\/it\\\/smart-drug-it\\\/modavinil-200-mg\\\/#primaryimage\",\"url\":\"https:\\\/\\\/buymodafinilonline.com\\\/wp-content\\\/uploads\\\/2021\\\/07\\\/bmo-product-modavinill-new.png\",\"contentUrl\":\"https:\\\/\\\/buymodafinilonline.com\\\/wp-content\\\/uploads\\\/2021\\\/07\\\/bmo-product-modavinill-new.png\",\"width\":1280,\"height\":1500,\"caption\":\"Modavinil Pills 200 mg\"},{\"@type\":\"BreadcrumbList\",\"@id\":\"https:\\\/\\\/buymodafinilonline.com\\\/it\\\/smart-drug-it\\\/modavinil-200-mg\\\/#breadcrumb\",\"itemListElement\":[{\"@type\":\"ListItem\",\"position\":1,\"name\":\"Buy Modafinil Online\",\"item\":\"https:\\\/\\\/buymodafinilonline.com\\\/it\\\/\"},{\"@type\":\"ListItem\",\"position\":2,\"name\":\"Negozio\",\"item\":\"https:\\\/\\\/buymodafinilonline.com\\\/it\\\/negozio\\\/\"},{\"@type\":\"ListItem\",\"position\":3,\"name\":\"Marchi Smart Drugs\",\"item\":\"https:\\\/\\\/buymodafinilonline.com\\\/it\\\/categoria-di-prodotto\\\/marchi-smart-drugs\\\/\"},{\"@type\":\"ListItem\",\"position\":4,\"name\":\"Modavinil 200 MG\"}]},{\"@type\":\"WebSite\",\"@id\":\"https:\\\/\\\/buymodafinilonline.com\\\/it\\\/#website\",\"url\":\"https:\\\/\\\/buymodafinilonline.com\\\/it\\\/\",\"name\":\"BuyModafinilOnline.com\",\"description\":\"Modafinil Online Pharmacy\",\"publisher\":{\"@id\":\"https:\\\/\\\/buymodafinilonline.com\\\/it\\\/#organization\"},\"potentialAction\":[{\"@type\":\"SearchAction\",\"target\":{\"@type\":\"EntryPoint\",\"urlTemplate\":\"https:\\\/\\\/buymodafinilonline.com\\\/it\\\/?s={search_term_string}\"},\"query-input\":{\"@type\":\"PropertyValueSpecification\",\"valueRequired\":true,\"valueName\":\"search_term_string\"}}],\"inLanguage\":\"it-IT\"},{\"@type\":\"Organization\",\"@id\":\"https:\\\/\\\/buymodafinilonline.com\\\/it\\\/#organization\",\"name\":\"BuyModafinilOnline\",\"url\":\"https:\\\/\\\/buymodafinilonline.com\\\/it\\\/\",\"logo\":{\"@type\":\"ImageObject\",\"inLanguage\":\"it-IT\",\"@id\":\"https:\\\/\\\/buymodafinilonline.com\\\/it\\\/#\\\/schema\\\/logo\\\/image\\\/\",\"url\":\"https:\\\/\\\/buymodafinilonline.com\\\/wp-content\\\/uploads\\\/2020\\\/04\\\/logo-buy-modafinil-online-yellow.png\",\"contentUrl\":\"https:\\\/\\\/buymodafinilonline.com\\\/wp-content\\\/uploads\\\/2020\\\/04\\\/logo-buy-modafinil-online-yellow.png\",\"width\":200,\"height\":200,\"caption\":\"BuyModafinilOnline\"},\"image\":{\"@id\":\"https:\\\/\\\/buymodafinilonline.com\\\/it\\\/#\\\/schema\\\/logo\\\/image\\\/\"}}]}<\/script>\n<!-- \/ Yoast SEO Premium plugin. -->","yoast_head_json":{"title":"Acquistare Modavinil 200 MG (Modafinil) dall'India - BuyModafinilOnline","description":"Modavinil 200 mg Generico in pillole senza prescrizione medica presso la farmacia BuyModafinilOnline. Garanzia di consegna al 100% dall'India! Acquistate Modavinil (modafinil) con Bitcoin e godete del 23% di sconto.","robots":{"index":"index","follow":"follow","max-snippet":"max-snippet:-1","max-image-preview":"max-image-preview:large","max-video-preview":"max-video-preview:-1"},"canonical":"https:\/\/buymodafinilonline.com\/it\/smart-drug-it\/modavinil-200-mg\/","og_locale":"it_IT","og_type":"article","og_title":"Modavinil 200 MG","og_description":"Modavinil 200 mg Generico in pillole senza prescrizione medica presso la farmacia BuyModafinilOnline. Garanzia di consegna al 100% dall'India! Acquistate Modavinil (modafinil) con Bitcoin e godete del 23% di sconto.","og_url":"https:\/\/buymodafinilonline.com\/it\/smart-drug-it\/modavinil-200-mg\/","og_site_name":"BuyModafinilOnline.com","article_modified_time":"2025-04-22T10:10:21+00:00","og_image":[{"width":1280,"height":1500,"url":"https:\/\/buymodafinilonline.com\/wp-content\/uploads\/2021\/07\/bmo-product-modavinill-new.png","type":"image\/png"}],"twitter_misc":{"Tempo di lettura stimato":"6 minuti"},"schema":{"@context":"https:\/\/schema.org","@graph":[{"@type":"WebPage","@id":"https:\/\/buymodafinilonline.com\/it\/smart-drug-it\/modavinil-200-mg\/","url":"https:\/\/buymodafinilonline.com\/it\/smart-drug-it\/modavinil-200-mg\/","name":"Acquistare Modavinil 200 MG (Modafinil) dall'India - BuyModafinilOnline","isPartOf":{"@id":"https:\/\/buymodafinilonline.com\/it\/#website"},"primaryImageOfPage":{"@id":"https:\/\/buymodafinilonline.com\/it\/smart-drug-it\/modavinil-200-mg\/#primaryimage"},"image":{"@id":"https:\/\/buymodafinilonline.com\/it\/smart-drug-it\/modavinil-200-mg\/#primaryimage"},"thumbnailUrl":"https:\/\/buymodafinilonline.com\/wp-content\/uploads\/2021\/07\/bmo-product-modavinill-new.png","datePublished":"2021-07-12T21:38:41+00:00","dateModified":"2025-04-22T10:10:21+00:00","description":"Modavinil 200 mg Generico in pillole senza prescrizione medica presso la farmacia BuyModafinilOnline. Garanzia di consegna al 100% dall'India! Acquistate Modavinil (modafinil) con Bitcoin e godete del 23% di sconto.","breadcrumb":{"@id":"https:\/\/buymodafinilonline.com\/it\/smart-drug-it\/modavinil-200-mg\/#breadcrumb"},"inLanguage":"it-IT","potentialAction":[{"@type":"ReadAction","target":["https:\/\/buymodafinilonline.com\/it\/smart-drug-it\/modavinil-200-mg\/"]}]},{"@type":"ImageObject","inLanguage":"it-IT","@id":"https:\/\/buymodafinilonline.com\/it\/smart-drug-it\/modavinil-200-mg\/#primaryimage","url":"https:\/\/buymodafinilonline.com\/wp-content\/uploads\/2021\/07\/bmo-product-modavinill-new.png","contentUrl":"https:\/\/buymodafinilonline.com\/wp-content\/uploads\/2021\/07\/bmo-product-modavinill-new.png","width":1280,"height":1500,"caption":"Modavinil Pills 200 mg"},{"@type":"BreadcrumbList","@id":"https:\/\/buymodafinilonline.com\/it\/smart-drug-it\/modavinil-200-mg\/#breadcrumb","itemListElement":[{"@type":"ListItem","position":1,"name":"Buy Modafinil Online","item":"https:\/\/buymodafinilonline.com\/it\/"},{"@type":"ListItem","position":2,"name":"Negozio","item":"https:\/\/buymodafinilonline.com\/it\/negozio\/"},{"@type":"ListItem","position":3,"name":"Marchi Smart Drugs","item":"https:\/\/buymodafinilonline.com\/it\/categoria-di-prodotto\/marchi-smart-drugs\/"},{"@type":"ListItem","position":4,"name":"Modavinil 200 MG"}]},{"@type":"WebSite","@id":"https:\/\/buymodafinilonline.com\/it\/#website","url":"https:\/\/buymodafinilonline.com\/it\/","name":"BuyModafinilOnline.com","description":"Modafinil Online Pharmacy","publisher":{"@id":"https:\/\/buymodafinilonline.com\/it\/#organization"},"potentialAction":[{"@type":"SearchAction","target":{"@type":"EntryPoint","urlTemplate":"https:\/\/buymodafinilonline.com\/it\/?s={search_term_string}"},"query-input":{"@type":"PropertyValueSpecification","valueRequired":true,"valueName":"search_term_string"}}],"inLanguage":"it-IT"},{"@type":"Organization","@id":"https:\/\/buymodafinilonline.com\/it\/#organization","name":"BuyModafinilOnline","url":"https:\/\/buymodafinilonline.com\/it\/","logo":{"@type":"ImageObject","inLanguage":"it-IT","@id":"https:\/\/buymodafinilonline.com\/it\/#\/schema\/logo\/image\/","url":"https:\/\/buymodafinilonline.com\/wp-content\/uploads\/2020\/04\/logo-buy-modafinil-online-yellow.png","contentUrl":"https:\/\/buymodafinilonline.com\/wp-content\/uploads\/2020\/04\/logo-buy-modafinil-online-yellow.png","width":200,"height":200,"caption":"BuyModafinilOnline"},"image":{"@id":"https:\/\/buymodafinilonline.com\/it\/#\/schema\/logo\/image\/"}}]}},"_links":{"self":[{"href":"https:\/\/buymodafinilonline.com\/it\/wp-json\/wp\/v2\/product\/446719","targetHints":{"allow":["GET"]}}],"collection":[{"href":"https:\/\/buymodafinilonline.com\/it\/wp-json\/wp\/v2\/product"}],"about":[{"href":"https:\/\/buymodafinilonline.com\/it\/wp-json\/wp\/v2\/types\/product"}],"replies":[{"embeddable":true,"href":"https:\/\/buymodafinilonline.com\/it\/wp-json\/wp\/v2\/comments?post=446719"}],"wp:featuredmedia":[{"embeddable":true,"href":"https:\/\/buymodafinilonline.com\/it\/wp-json\/wp\/v2\/media\/424102"}],"wp:attachment":[{"href":"https:\/\/buymodafinilonline.com\/it\/wp-json\/wp\/v2\/media?parent=446719"}],"wp:term":[{"taxonomy":"product_brand","embeddable":true,"href":"https:\/\/buymodafinilonline.com\/it\/wp-json\/wp\/v2\/product_brand?post=446719"},{"taxonomy":"product_cat","embeddable":true,"href":"https:\/\/buymodafinilonline.com\/it\/wp-json\/wp\/v2\/product_cat?post=446719"},{"taxonomy":"product_tag","embeddable":true,"href":"https:\/\/buymodafinilonline.com\/it\/wp-json\/wp\/v2\/product_tag?post=446719"}],"curies":[{"name":"wp","href":"https:\/\/api.w.org\/{rel}","templated":true}]}}