{"id":446794,"date":"2022-08-26T08:37:26","date_gmt":"2022-08-26T07:37:26","guid":{"rendered":"https:\/\/buymodafinilonline.com\/smart-drugs\/armodaxl-150-mg\/"},"modified":"2026-01-29T21:45:49","modified_gmt":"2026-01-29T20:45:49","slug":"armodaxl-150-mg","status":"publish","type":"product","link":"https:\/\/buymodafinilonline.com\/it\/smart-drug-it\/armodaxl-150-mg\/","title":{"rendered":"ArmodaXL 150 MG"},"content":{"rendered":"[vc_column width=&#8221;1\/2&#8243;]\n<h2>Che cos&#8217;\u00e8 ArmodaXL 150 mg?<\/h2>\n<p>ArmodaXL 150 mg \u00e8 una versione generica di Nuvigil, il farmaco di marca usato per trattare l&#8217;eccessiva sonnolenza diurna causata da alcuni disturbi del sonno. Contiene 150 mg di armodafinil come principio attivo e fornisce un effetto leggermente pi\u00f9 forte rispetto ad altre marche generiche.<\/p>\n<p>Come la sua controparte di marca, ArmodaXL \u00e8 approvato dalla Food and Drug Administration e viene spesso prescritto per il trattamento di OSA, SWSD e narcolessia. Tuttavia, molti individui sani ne fanno uso off-label per migliorare le funzioni cognitive.<\/p>\n<p>ArmodaXL produce effetti leggermente pi\u00f9 forti rispetto al Provigil e ai suoi marchi generici come <a href=\"https:\/\/buymodafinilonline.com\/it\/smart-drug-it\/modaxl-200-mg\/\">ModaXL<\/a>, <a href=\"https:\/\/buymodafinilonline.com\/smart-drugs\/modalert-200-mg-tablets\/\">Modalert<\/a> e <a href=\"https:\/\/buymodafinilonline.com\/smart-drugs\/modaheal-200-mg-tablets\/\">Modaheal<\/a>, tra gli altri. Di conseguenza, pu\u00f2 essere utile ai soggetti che non trovano abbastanza forti i nootropi a base di modafinil.<\/p>\n<p>\u00c8 sicuro e ben tollerato. Tuttavia, \u00e8 indicato solo per l&#8217;uso in soggetti di et\u00e0 pari o superiore a 18 anni. Non \u00e8 sicuro per le donne in gravidanza, le madri che allattano e le persone con alcune condizioni di salute di base. Consultare il medico prima di iniziare il trattamento.<\/p>\n<h2>Come funzionano queste pillole?<\/h2>\n<p>ArmodaXL condivide lo stesso meccanismo d&#8217;azione della sua controparte di marca, poich\u00e9 contiene armodafinil come principio attivo. Anche se i ricercatori non hanno ancora capito esattamente come funziona, sanno che \u00e8 legata ai livelli di alcuni neurotrasmettitori nel cervello.<\/p>\n<p>I livelli di dopamina, serotonina e acido gamma-aminobutirrico, tra gli altri neurotrasmettitori del cervello, sono noti per influenzare l&#8217;umore e il ciclo veglia-sonno. I ricercatori ritengono che l&#8217;ArmodaXL regoli il livello di queste sostanze chimiche, impostandole ai livelli necessari per ottenere le massime prestazioni.<\/p>\n<h2>Dosaggio sicuro e uso corretto<\/h2>\n<p>ArmodaXL deve essere usato correttamente per ottenere i migliori risultati con il minimo rischio di effetti avversi. Il dosaggio iniziale comune \u00e8 di 150 mg, ma pu\u00f2 essere modificato in base alla tollerabilit\u00e0 o alla sensibilit\u00e0 dell&#8217;utente.<\/p>\n<p>Il tempo di somministrazione pu\u00f2 variare in base alla condizione da trattare. Per cominciare, la pillola deve essere assunta al mattino presto quando viene usata per trattare l&#8217;apnea ostruttiva del sonno e la narcolessia. Tuttavia, quando viene utilizzata per trattare il disturbo del sonno da lavoro a turni, la pillola deve essere assunta circa 1 ora prima dell&#8217;inizio del turno.<\/p>\n<p>Inoltre, deve essere assunta una sola dose al giorno; assumerne di pi\u00f9 pu\u00f2 aumentare il rischio di incorrere in gravi effetti collaterali. Le pillole devono essere inghiottite intere con una notevole quantit\u00e0 di acqua. \u00c8 sconsigliabile sniffare o sciogliere le compresse in acqua da bere, in quanto pu\u00f2 alterare la dose necessaria per l&#8217;efficacia del farmaco.<\/p>\n<p>ArmodaXL \u00e8 un farmaco soggetto a prescrizione medica; pertanto, \u00e8 importante utilizzarlo con cautela. Consultare un medico o un operatore sanitario prima di iniziare il trattamento.<\/p>\n<h2>Possibili effetti collaterali<\/h2>\n<p>Prima abbiamo affermato che ArmodaXL \u00e8 sicuro e ben tollerato; \u00e8 vero, ma vale la pena notare che non \u00e8 privo di effetti collaterali. \u00c8 comune che alcuni utilizzatori per la prima volta sperimentino effetti avversi come nausea, mal di stomaco, vertigini, naso che cola o mal di testa. Spesso insorgono come risultato della lotta dell&#8217;organismo per acclimatarsi al farmaco introdotto nel flusso sanguigno. Questi tipi di effetti collaterali sono in genere di breve durata e tendono a scomparire senza trattamento.<\/p>\n<p>Esistono effetti avversi pi\u00f9 gravi associati al farmaco. In genere sono causati da sovradosaggio o da altre forme di abuso. Alcuni di essi includono:<\/p>\n<ul>\n<li>dolore al petto;<\/li>\n<li>febbre;<\/li>\n<li>sbalzi d&#8217;umore;<\/li>\n<li>battito cardiaco accelerato o irregolare;<\/li>\n<li>allucinazioni;<\/li>\n<li>depressione;<\/li>\n<li>ansia.<\/li>\n<\/ul>\n[\/vc_column][vc_column width=&#8221;1\/2&#8243;]\nVale la pena di notare che questi effetti avversi possono diventare pericolosi per la vita se non vengono presi in considerazione. Di conseguenza, \u00e8 consigliabile rivolgersi urgentemente a un medico quando si verifica una di queste situazioni. Consultare il medico prima di iniziare il trattamento con questo farmaco.<\/p>\n<h2>Controindicazioni e precauzioni<\/h2>\n<p>Durante l&#8217;uso di ArmodaXL, \u00e8 importante evitare o interrompere l&#8217;uso di alcuni farmaci, bevande o bibite che possono causare interazioni. Le interazioni farmacologiche possono ridurre l&#8217;efficacia di uno o pi\u00f9 farmaci combinati o addirittura aumentare il rischio di effetti collaterali.<\/p>\n<p>I seguenti farmaci devono essere evitati:<\/p>\n<ul>\n<li>bosutinib;<\/li>\n<li>rifampicina\/Rifadin;<\/li>\n<li>clopidogrel;<\/li>\n<li>deflazacort;<\/li>\n<li>sedativi come midazolam\/Versed, triazolam\/Halcion o diazepam\/Valium;<\/li>\n<li>farmaci antimicotici come itraconazolo\/Sporanox o ketoconazolo\/Nizoral.<\/li>\n<\/ul>\n<p>Si noti che ci sono diversi altri farmaci che interagiscono con ArmodaXL che non sono elencati sopra. Per un elenco pi\u00f9 completo, consultare il foglietto illustrativo e il medico.<\/p>\n<p>Inoltre, non assumere alcolici durante, prima o dopo l&#8217;assunzione di questo farmaco, poich\u00e9 possono causare un blackout o aumentare il rischio di reazioni avverse. Gli alimenti ricchi di grassi sono noti per ritardare l&#8217;insorgenza dei suoi effetti. Parlare con il medico prima di iniziare il trattamento con ArmodaXL.<\/p>\n<p><img fetchpriority=\"high\" decoding=\"async\" class=\"alignnone size-full wp-image-473835\" src=\"https:\/\/buymodafinilonline.com\/wp-content\/uploads\/2024\/05\/ArmodaXL-Certificate-of-Analysis.png\" alt=\"\" width=\"1600\" height=\"2071\" srcset=\"https:\/\/buymodafinilonline.com\/wp-content\/uploads\/2024\/05\/ArmodaXL-Certificate-of-Analysis.png 1600w, https:\/\/buymodafinilonline.com\/wp-content\/uploads\/2024\/05\/ArmodaXL-Certificate-of-Analysis-232x300.png 232w, https:\/\/buymodafinilonline.com\/wp-content\/uploads\/2024\/05\/ArmodaXL-Certificate-of-Analysis-791x1024.png 791w, https:\/\/buymodafinilonline.com\/wp-content\/uploads\/2024\/05\/ArmodaXL-Certificate-of-Analysis-768x994.png 768w, https:\/\/buymodafinilonline.com\/wp-content\/uploads\/2024\/05\/ArmodaXL-Certificate-of-Analysis-1187x1536.png 1187w, https:\/\/buymodafinilonline.com\/wp-content\/uploads\/2024\/05\/ArmodaXL-Certificate-of-Analysis-1582x2048.png 1582w, https:\/\/buymodafinilonline.com\/wp-content\/uploads\/2024\/05\/ArmodaXL-Certificate-of-Analysis-990x1281.png 990w, https:\/\/buymodafinilonline.com\/wp-content\/uploads\/2024\/05\/ArmodaXL-Certificate-of-Analysis-441x571.png 441w, https:\/\/buymodafinilonline.com\/wp-content\/uploads\/2024\/05\/ArmodaXL-Certificate-of-Analysis-300x388.png 300w, https:\/\/buymodafinilonline.com\/wp-content\/uploads\/2024\/05\/ArmodaXL-Certificate-of-Analysis-800x1036.png 800w, https:\/\/buymodafinilonline.com\/wp-content\/uploads\/2024\/05\/ArmodaXL-Certificate-of-Analysis-150x194.png 150w\" sizes=\"(max-width: 1600px) 100vw, 1600px\" \/><\/p>\n<h2>Esperienza del consumatore<\/h2>\n<p>La stragrande maggioranza delle persone che hanno provato questo farmaco lo hanno giudicato positivamente per la sua efficacia, tollerabilit\u00e0, facilit\u00e0 d&#8217;uso e soprattutto per la sua insorgenza molto pi\u00f9 rapida degli effetti. Sebbene ArmodaXL contenga armodafinil come altre marche generiche di Nuvigil, la sua miscela unica di ingredienti inattivi fa s\u00ec che i suoi effetti si manifestino pi\u00f9 rapidamente.<\/p>\n<p>Persone con disturbi del sonno, ma anche persone sane che lo assumono per motivi di lavoro o di studio, affermano che &#8220;funziona come una magia&#8221;. In base alla grande accettazione e al feedback positivo che il nuovo farmaco sta ottenendo, sembra essere efficace per una gamma relativamente ampia di individui. Di conseguenza, c&#8217;\u00e8 un&#8217;alta probabilit\u00e0 che funzioni per voi, sia che stiate cercando di trattare un disturbo del sonno o di migliorare le vostre funzioni cognitive. Prima di iniziare il trattamento, consultare il medico.<\/p>\n<h2>Comprare generico ArmodaXL 150mg (Armodafinil) Online<\/h2>\n<p>ArmodaXL 150 mg \u00e8 un farmaco altamente efficace e pu\u00f2 essere acquistato a buon mercato nella nostra farmacia online. \u00c8 possibile ottenere ogni pillola a 1,69 dollari + spedizione gratuita se si acquistano 100 pillole alla volta e a 0,99 dollari se si acquistano 500 pillole. Risparmierete molto denaro acquistando 500 pillole (1 anno e 4 mesi di pillole), e non c&#8217;\u00e8 motivo di preoccuparsi della scadenza, poich\u00e9 ogni lotto di pillole dura almeno 3 anni.<\/p>\n<p><a href=\"https:\/\/buymodafinilonline.com\/it\/\">BuyModafinilOnline<\/a> \u00e8 il posto migliore per acquistare questo farmaco grazie agli incentivi che offriamo per aiutarvi a ottenere il miglior valore per i vostri soldi. Alcuni dei vantaggi che potrete ottenere sono:<\/p>\n<ul>\n<li>una garanzia di rimborso del 100%;<\/li>\n<li><a href=\"https:\/\/buymodafinilonline.com\/it\/miglior-fornitore-modafinil-italia\/\">spedizione standard gratuita<\/a> per ordini superiori a 130 dollari;<\/li>\n<li>prodotti di alta qualit\u00e0 con una purezza del 100%;<\/li>\n<li><a href=\"https:\/\/buymodafinilonline.com\/coupons-deals-promo-codes\/\">sconti incredibili<\/a>, tra cui uno <a href=\"https:\/\/buymodafinilonline.com\/bitcoin-payment\/\">sconto speciale del 23%<\/a> per i pagamenti in criptovaluta.<\/li>\n<\/ul>\n<p>Eseguiamo ordini in tutte le parti del mondo grazie al nostro servizio di spedizione relativamente vasto. Sono disponibili anche consegne nazionali da Stati Uniti a Stati Uniti tramite USPS e spedizioni da Regno Unito a Regno Unito tramite Royal Mail. Con queste opzioni, le consegne negli Stati Uniti e nel Regno Unito hanno in genere un periodo di attesa di 3-4 giorni e 5 giorni, rispettivamente.<\/p>\n<p>Accettiamo PayPal, AmEx, Bitcoin e tutte le principali carte di debito. Le transazioni sono sempre sicure e senza intoppi sulla nostra piattaforma, che \u00e8 protetta da un firewall e da un certificato SSL.<\/p>\n<p>Nessuna prescrizione? Nessun problema! Effettuate subito l&#8217;ordine per ricevere le pillole ArmodaXL 150 di alta qualit\u00e0 direttamente a casa vostra.<\/p>\n[\/vc_column]\n","protected":false},"excerpt":{"rendered":"<p>Vi presentiamo il nostro &#8220;farmaco intelligente&#8221; ArmodaXL, il pi\u00f9 venduto. \u00c8 una versione generica migliorata di <a href=\"https:\/\/buymodafinilonline.com\/smart-drugs\/generic-nuvigil\/\">Nuvigil<\/a> che contiene <em><strong>armodafinil puro<\/strong><\/em> come principio attivo. Il suo tasso di assorbimento \u00e8 <strong><em>5% pi\u00f9 alto<\/em><\/strong> rispetto a quello di <a href=\"https:\/\/buymodafinilonline.com\/smart-drugs\/waklert-150-mg-tablets\/\">Waklert<\/a> e il suo picco di effetto \u00e8 <strong><em>30% pi\u00f9 forte<\/em><\/strong>e il suo picco d&#8217;effetto \u00e8 superiore a quello di Waklert. Tuttavia, marche come <a href=\"https:\/\/buymodafinilonline.com\/smart-drugs\/artvigil-150-mg-tablets\/\">Artvigil<\/a> e <a href=\"https:\/\/buymodafinilonline.com\/smart-drugs\/armodavinil-150-mg\/\">Armodavinil<\/a> sono eccellenti alternative a basso costo che offrono benefici simili se assunte occasionalmente. HOF Pharmaceuticals \u00e8 il produttore di ArmodaXL. L&#8217;azienda \u00e8 rinomata per la produzione di farmaci generici di alta qualit\u00e0 nei suoi impianti di produzione approvati GMP-WHO.<\/p>\n<p>Le linguette ArmodaXL sono contenute in una speciale confezione di alluminio che le mantiene fresche fino a 3 anni. Tutti i nostri prodotti sono autentici; lo si capisce dal marchio <em><strong>Etichetta U.S.P.<\/strong><\/em> che portano.<\/p>\n<p>Ora abbiamo ArmodaXL in vendita a un prezzo accessibile. Ci riforniamo di pillole direttamente dall&#8217;India, quindi potete essere certi di ottenere il miglior prezzo. \u00c8 possibile acquistare fino a 1000 pillole senza prescrizione medica. Pagate con PayPal, <a href=\"https:\/\/buymodafinilonline.com\/bitcoin-payment\/\">Bitcoin<\/a> o carte di credito\/debito.<\/p>\n<p>Acquistate ora per farvi spedire le pillole a casa.<\/p>\n","protected":false},"featured_media":444291,"comment_status":"closed","ping_status":"closed","template":"","meta":{"_acf_changed":false},"product_brand":[],"product_cat":[3787,4233],"product_tag":[4019],"class_list":{"0":"post-446794","1":"product","2":"type-product","3":"status-publish","4":"has-post-thumbnail","6":"product_cat-marchi-smart-drugs","7":"product_cat-smart-drugs-piu-venduti","8":"product_tag-armodafinil-it-2","10":"first","11":"instock","12":"sale","13":"shipping-taxable","14":"purchasable","15":"product-type-variable","16":"has-default-attributes"},"acf":[],"yoast_head":"<!-- This site is optimized with the Yoast SEO Premium plugin v23.6 (Yoast SEO v27.3) - https:\/\/yoast.com\/product\/yoast-seo-premium-wordpress\/ -->\n<title>Comprare ArmodaXL 150 MG (Armodafinil) a basso prezzo - BuyModafinilOnline<\/title>\n<meta name=\"description\" content=\"Ordinare ArmodaXL 150 mg compresse a buon mercato online dal produttore HOF Pharmaceuticals. Acquistare ArmodaXL (armodafinil) generico con grande sconto per il pagamento Bitcoin a BuyModafinilOnline!\" \/>\n<meta name=\"robots\" content=\"index, follow, max-snippet:-1, max-image-preview:large, max-video-preview:-1\" \/>\n<link rel=\"canonical\" href=\"https:\/\/buymodafinilonline.com\/it\/smart-drug-it\/armodaxl-150-mg\/\" \/>\n<meta property=\"og:locale\" content=\"it_IT\" \/>\n<meta property=\"og:type\" content=\"article\" \/>\n<meta property=\"og:title\" content=\"ArmodaXL 150 MG\" \/>\n<meta property=\"og:description\" content=\"Ordinare ArmodaXL 150 mg compresse a buon mercato online dal produttore HOF Pharmaceuticals. Acquistare ArmodaXL (armodafinil) generico con grande sconto per il pagamento Bitcoin a BuyModafinilOnline!\" \/>\n<meta property=\"og:url\" content=\"https:\/\/buymodafinilonline.com\/it\/smart-drug-it\/armodaxl-150-mg\/\" \/>\n<meta property=\"og:site_name\" content=\"BuyModafinilOnline.com\" \/>\n<meta property=\"article:modified_time\" content=\"2026-01-29T20:45:49+00:00\" \/>\n<meta property=\"og:image\" content=\"https:\/\/buymodafinilonline.com\/wp-content\/uploads\/2022\/08\/bmo-product-armodaxl-pack.png\" \/>\n\t<meta property=\"og:image:width\" content=\"1280\" \/>\n\t<meta property=\"og:image:height\" content=\"1500\" \/>\n\t<meta property=\"og:image:type\" content=\"image\/png\" \/>\n<meta name=\"twitter:label1\" content=\"Tempo di lettura stimato\" \/>\n\t<meta name=\"twitter:data1\" content=\"6 minuti\" \/>\n<script type=\"application\/ld+json\" class=\"yoast-schema-graph\">{\"@context\":\"https:\\\/\\\/schema.org\",\"@graph\":[{\"@type\":\"WebPage\",\"@id\":\"https:\\\/\\\/buymodafinilonline.com\\\/it\\\/smart-drug-it\\\/armodaxl-150-mg\\\/\",\"url\":\"https:\\\/\\\/buymodafinilonline.com\\\/it\\\/smart-drug-it\\\/armodaxl-150-mg\\\/\",\"name\":\"Comprare ArmodaXL 150 MG (Armodafinil) a basso prezzo - BuyModafinilOnline\",\"isPartOf\":{\"@id\":\"https:\\\/\\\/buymodafinilonline.com\\\/it\\\/#website\"},\"primaryImageOfPage\":{\"@id\":\"https:\\\/\\\/buymodafinilonline.com\\\/it\\\/smart-drug-it\\\/armodaxl-150-mg\\\/#primaryimage\"},\"image\":{\"@id\":\"https:\\\/\\\/buymodafinilonline.com\\\/it\\\/smart-drug-it\\\/armodaxl-150-mg\\\/#primaryimage\"},\"thumbnailUrl\":\"https:\\\/\\\/buymodafinilonline.com\\\/wp-content\\\/uploads\\\/2022\\\/08\\\/bmo-product-armodaxl-pack.png\",\"datePublished\":\"2022-08-26T07:37:26+00:00\",\"dateModified\":\"2026-01-29T20:45:49+00:00\",\"description\":\"Ordinare ArmodaXL 150 mg compresse a buon mercato online dal produttore HOF Pharmaceuticals. Acquistare ArmodaXL (armodafinil) generico con grande sconto per il pagamento Bitcoin a BuyModafinilOnline!\",\"breadcrumb\":{\"@id\":\"https:\\\/\\\/buymodafinilonline.com\\\/it\\\/smart-drug-it\\\/armodaxl-150-mg\\\/#breadcrumb\"},\"inLanguage\":\"it-IT\",\"potentialAction\":[{\"@type\":\"ReadAction\",\"target\":[\"https:\\\/\\\/buymodafinilonline.com\\\/it\\\/smart-drug-it\\\/armodaxl-150-mg\\\/\"]}]},{\"@type\":\"ImageObject\",\"inLanguage\":\"it-IT\",\"@id\":\"https:\\\/\\\/buymodafinilonline.com\\\/it\\\/smart-drug-it\\\/armodaxl-150-mg\\\/#primaryimage\",\"url\":\"https:\\\/\\\/buymodafinilonline.com\\\/wp-content\\\/uploads\\\/2022\\\/08\\\/bmo-product-armodaxl-pack.png\",\"contentUrl\":\"https:\\\/\\\/buymodafinilonline.com\\\/wp-content\\\/uploads\\\/2022\\\/08\\\/bmo-product-armodaxl-pack.png\",\"width\":1280,\"height\":1500,\"caption\":\"Highest Quality MoodaXL Modafinil Pills 200 mg\"},{\"@type\":\"BreadcrumbList\",\"@id\":\"https:\\\/\\\/buymodafinilonline.com\\\/it\\\/smart-drug-it\\\/armodaxl-150-mg\\\/#breadcrumb\",\"itemListElement\":[{\"@type\":\"ListItem\",\"position\":1,\"name\":\"Buy Modafinil Online\",\"item\":\"https:\\\/\\\/buymodafinilonline.com\\\/it\\\/\"},{\"@type\":\"ListItem\",\"position\":2,\"name\":\"Negozio\",\"item\":\"https:\\\/\\\/buymodafinilonline.com\\\/it\\\/negozio\\\/\"},{\"@type\":\"ListItem\",\"position\":3,\"name\":\"Marchi Smart Drugs\",\"item\":\"https:\\\/\\\/buymodafinilonline.com\\\/it\\\/categoria-di-prodotto\\\/marchi-smart-drugs\\\/\"},{\"@type\":\"ListItem\",\"position\":4,\"name\":\"ArmodaXL 150 MG\"}]},{\"@type\":\"WebSite\",\"@id\":\"https:\\\/\\\/buymodafinilonline.com\\\/it\\\/#website\",\"url\":\"https:\\\/\\\/buymodafinilonline.com\\\/it\\\/\",\"name\":\"BuyModafinilOnline.com\",\"description\":\"Modafinil Online Pharmacy\",\"publisher\":{\"@id\":\"https:\\\/\\\/buymodafinilonline.com\\\/it\\\/#organization\"},\"potentialAction\":[{\"@type\":\"SearchAction\",\"target\":{\"@type\":\"EntryPoint\",\"urlTemplate\":\"https:\\\/\\\/buymodafinilonline.com\\\/it\\\/?s={search_term_string}\"},\"query-input\":{\"@type\":\"PropertyValueSpecification\",\"valueRequired\":true,\"valueName\":\"search_term_string\"}}],\"inLanguage\":\"it-IT\"},{\"@type\":\"Organization\",\"@id\":\"https:\\\/\\\/buymodafinilonline.com\\\/it\\\/#organization\",\"name\":\"BuyModafinilOnline\",\"url\":\"https:\\\/\\\/buymodafinilonline.com\\\/it\\\/\",\"logo\":{\"@type\":\"ImageObject\",\"inLanguage\":\"it-IT\",\"@id\":\"https:\\\/\\\/buymodafinilonline.com\\\/it\\\/#\\\/schema\\\/logo\\\/image\\\/\",\"url\":\"https:\\\/\\\/buymodafinilonline.com\\\/wp-content\\\/uploads\\\/2020\\\/04\\\/logo-buy-modafinil-online-yellow.png\",\"contentUrl\":\"https:\\\/\\\/buymodafinilonline.com\\\/wp-content\\\/uploads\\\/2020\\\/04\\\/logo-buy-modafinil-online-yellow.png\",\"width\":200,\"height\":200,\"caption\":\"BuyModafinilOnline\"},\"image\":{\"@id\":\"https:\\\/\\\/buymodafinilonline.com\\\/it\\\/#\\\/schema\\\/logo\\\/image\\\/\"}}]}<\/script>\n<!-- \/ Yoast SEO Premium plugin. -->","yoast_head_json":{"title":"Comprare ArmodaXL 150 MG (Armodafinil) a basso prezzo - BuyModafinilOnline","description":"Ordinare ArmodaXL 150 mg compresse a buon mercato online dal produttore HOF Pharmaceuticals. Acquistare ArmodaXL (armodafinil) generico con grande sconto per il pagamento Bitcoin a BuyModafinilOnline!","robots":{"index":"index","follow":"follow","max-snippet":"max-snippet:-1","max-image-preview":"max-image-preview:large","max-video-preview":"max-video-preview:-1"},"canonical":"https:\/\/buymodafinilonline.com\/it\/smart-drug-it\/armodaxl-150-mg\/","og_locale":"it_IT","og_type":"article","og_title":"ArmodaXL 150 MG","og_description":"Ordinare ArmodaXL 150 mg compresse a buon mercato online dal produttore HOF Pharmaceuticals. Acquistare ArmodaXL (armodafinil) generico con grande sconto per il pagamento Bitcoin a BuyModafinilOnline!","og_url":"https:\/\/buymodafinilonline.com\/it\/smart-drug-it\/armodaxl-150-mg\/","og_site_name":"BuyModafinilOnline.com","article_modified_time":"2026-01-29T20:45:49+00:00","og_image":[{"width":1280,"height":1500,"url":"https:\/\/buymodafinilonline.com\/wp-content\/uploads\/2022\/08\/bmo-product-armodaxl-pack.png","type":"image\/png"}],"twitter_misc":{"Tempo di lettura stimato":"6 minuti"},"schema":{"@context":"https:\/\/schema.org","@graph":[{"@type":"WebPage","@id":"https:\/\/buymodafinilonline.com\/it\/smart-drug-it\/armodaxl-150-mg\/","url":"https:\/\/buymodafinilonline.com\/it\/smart-drug-it\/armodaxl-150-mg\/","name":"Comprare ArmodaXL 150 MG (Armodafinil) a basso prezzo - BuyModafinilOnline","isPartOf":{"@id":"https:\/\/buymodafinilonline.com\/it\/#website"},"primaryImageOfPage":{"@id":"https:\/\/buymodafinilonline.com\/it\/smart-drug-it\/armodaxl-150-mg\/#primaryimage"},"image":{"@id":"https:\/\/buymodafinilonline.com\/it\/smart-drug-it\/armodaxl-150-mg\/#primaryimage"},"thumbnailUrl":"https:\/\/buymodafinilonline.com\/wp-content\/uploads\/2022\/08\/bmo-product-armodaxl-pack.png","datePublished":"2022-08-26T07:37:26+00:00","dateModified":"2026-01-29T20:45:49+00:00","description":"Ordinare ArmodaXL 150 mg compresse a buon mercato online dal produttore HOF Pharmaceuticals. Acquistare ArmodaXL (armodafinil) generico con grande sconto per il pagamento Bitcoin a BuyModafinilOnline!","breadcrumb":{"@id":"https:\/\/buymodafinilonline.com\/it\/smart-drug-it\/armodaxl-150-mg\/#breadcrumb"},"inLanguage":"it-IT","potentialAction":[{"@type":"ReadAction","target":["https:\/\/buymodafinilonline.com\/it\/smart-drug-it\/armodaxl-150-mg\/"]}]},{"@type":"ImageObject","inLanguage":"it-IT","@id":"https:\/\/buymodafinilonline.com\/it\/smart-drug-it\/armodaxl-150-mg\/#primaryimage","url":"https:\/\/buymodafinilonline.com\/wp-content\/uploads\/2022\/08\/bmo-product-armodaxl-pack.png","contentUrl":"https:\/\/buymodafinilonline.com\/wp-content\/uploads\/2022\/08\/bmo-product-armodaxl-pack.png","width":1280,"height":1500,"caption":"Highest Quality MoodaXL Modafinil Pills 200 mg"},{"@type":"BreadcrumbList","@id":"https:\/\/buymodafinilonline.com\/it\/smart-drug-it\/armodaxl-150-mg\/#breadcrumb","itemListElement":[{"@type":"ListItem","position":1,"name":"Buy Modafinil Online","item":"https:\/\/buymodafinilonline.com\/it\/"},{"@type":"ListItem","position":2,"name":"Negozio","item":"https:\/\/buymodafinilonline.com\/it\/negozio\/"},{"@type":"ListItem","position":3,"name":"Marchi Smart Drugs","item":"https:\/\/buymodafinilonline.com\/it\/categoria-di-prodotto\/marchi-smart-drugs\/"},{"@type":"ListItem","position":4,"name":"ArmodaXL 150 MG"}]},{"@type":"WebSite","@id":"https:\/\/buymodafinilonline.com\/it\/#website","url":"https:\/\/buymodafinilonline.com\/it\/","name":"BuyModafinilOnline.com","description":"Modafinil Online Pharmacy","publisher":{"@id":"https:\/\/buymodafinilonline.com\/it\/#organization"},"potentialAction":[{"@type":"SearchAction","target":{"@type":"EntryPoint","urlTemplate":"https:\/\/buymodafinilonline.com\/it\/?s={search_term_string}"},"query-input":{"@type":"PropertyValueSpecification","valueRequired":true,"valueName":"search_term_string"}}],"inLanguage":"it-IT"},{"@type":"Organization","@id":"https:\/\/buymodafinilonline.com\/it\/#organization","name":"BuyModafinilOnline","url":"https:\/\/buymodafinilonline.com\/it\/","logo":{"@type":"ImageObject","inLanguage":"it-IT","@id":"https:\/\/buymodafinilonline.com\/it\/#\/schema\/logo\/image\/","url":"https:\/\/buymodafinilonline.com\/wp-content\/uploads\/2020\/04\/logo-buy-modafinil-online-yellow.png","contentUrl":"https:\/\/buymodafinilonline.com\/wp-content\/uploads\/2020\/04\/logo-buy-modafinil-online-yellow.png","width":200,"height":200,"caption":"BuyModafinilOnline"},"image":{"@id":"https:\/\/buymodafinilonline.com\/it\/#\/schema\/logo\/image\/"}}]}},"_links":{"self":[{"href":"https:\/\/buymodafinilonline.com\/it\/wp-json\/wp\/v2\/product\/446794","targetHints":{"allow":["GET"]}}],"collection":[{"href":"https:\/\/buymodafinilonline.com\/it\/wp-json\/wp\/v2\/product"}],"about":[{"href":"https:\/\/buymodafinilonline.com\/it\/wp-json\/wp\/v2\/types\/product"}],"replies":[{"embeddable":true,"href":"https:\/\/buymodafinilonline.com\/it\/wp-json\/wp\/v2\/comments?post=446794"}],"wp:featuredmedia":[{"embeddable":true,"href":"https:\/\/buymodafinilonline.com\/it\/wp-json\/wp\/v2\/media\/444291"}],"wp:attachment":[{"href":"https:\/\/buymodafinilonline.com\/it\/wp-json\/wp\/v2\/media?parent=446794"}],"wp:term":[{"taxonomy":"product_brand","embeddable":true,"href":"https:\/\/buymodafinilonline.com\/it\/wp-json\/wp\/v2\/product_brand?post=446794"},{"taxonomy":"product_cat","embeddable":true,"href":"https:\/\/buymodafinilonline.com\/it\/wp-json\/wp\/v2\/product_cat?post=446794"},{"taxonomy":"product_tag","embeddable":true,"href":"https:\/\/buymodafinilonline.com\/it\/wp-json\/wp\/v2\/product_tag?post=446794"}],"curies":[{"name":"wp","href":"https:\/\/api.w.org\/{rel}","templated":true}]}}