{"id":447011,"date":"2022-08-26T07:25:37","date_gmt":"2022-08-26T06:25:37","guid":{"rendered":"https:\/\/buymodafinilonline.com\/smart-drugs\/modaxl-200-mg\/"},"modified":"2026-03-10T15:02:55","modified_gmt":"2026-03-10T14:02:55","slug":"modaxl-200-mg","status":"publish","type":"product","link":"https:\/\/buymodafinilonline.com\/it\/smart-drug-it\/modaxl-200-mg\/","title":{"rendered":"ModaXL 200 MG"},"content":{"rendered":"[vc_column width=&#8221;1\/2&#8243;]\n<h2>Che cos&#8217;\u00e8 ModaXL 200 mg?<\/h2>\n<p>ModaXL \u00e8 una delle ultime versioni generiche di Provigil disponibili sul mercato dei nootropi. Contiene 200 mg di modafinil puro come principio attivo e funziona in modo molto efficace. Come la sua controparte di marca, il farmaco \u00e8 approvato dalla Food and Drug Administration (FDA) per il trattamento di 3 importanti disturbi del sonno: narcolessia, apnea ostruttiva del sonno (OSA) e disturbo del sonno da lavoro a turni (SWSD).<\/p>\n<p>ModaXL \u00e8 anche comunemente usato off-label per migliorare le funzioni cognitive. I suoi benefici sul piano cognitivo sono simili a quelli offerti dal Provigil. Essi comprendono:<\/p>\n<ul>\n<li>12+ ore di concentrazione;<\/li>\n<li>una maggiore velocit\u00e0 di elaborazione mentale;<\/li>\n<li>aumento della vigilanza;<\/li>\n<li>miglioramento della memoria a breve termine;<\/li>\n<li>maggiore attenzione.<\/li>\n<\/ul>\n<p>\u00c8 interessante notare che ModaXL presenta 2 vantaggi principali che lo distinguono dai suoi omologhi generici come <a href=\"https:\/\/buymodafinilonline.com\/smart-drugs\/modvigil-200mg-tablets\/\">Modvigil<\/a>, <a href=\"https:\/\/buymodafinilonline.com\/smart-drugs\/modalert-200-mg-tablets\/\">Modalert<\/a> e <a href=\"https:\/\/buymodafinilonline.com\/smart-drugs\/modaheal-200-mg-tablets\/\">Modaheal<\/a>, tra gli altri. Per cominciare, ha un tasso di assorbimento migliore del 5%, che si traduce in una comparsa molto pi\u00f9 rapida degli effetti. In secondo luogo, il suo effetto di picco \u00e8 fino al 30% pi\u00f9 forte rispetto alle versioni precedenti. Questi vantaggi ne fanno l&#8217;opzione ideale per tutti coloro che desiderano raggiungere le massime prestazioni il prima possibile, in modo da poter lavorare di pi\u00f9 in tempi record.<\/p>\n<p>ModaXL 200 mg conserva le propriet\u00e0 caratteristiche del Provigil. \u00c8 pi\u00f9 sicuro, ben tollerato e ha un basso rischio di causare dipendenza. Il farmaco \u00e8 approvato solo per l&#8217;uso in soggetti di et\u00e0 pari o superiore a 18 anni.<\/p>\n<p>Si consiglia di consultare e utilizzare il prodotto sotto la supervisione di un medico o di un operatore sanitario.<\/p>\n<h2>Come funzionano queste pillole?<\/h2>\n<p>ModaXL funziona esattamente come il Provigil e le altre marche generiche, perch\u00e9 contiene lo stesso principio attivo: il modafinil. Agisce regolando e impostando i livelli di dopamina, serotonina, acido gamma-aminobutirrico (GABA) e altre sostanze chimiche nel cervello chiamate neurotrasmettitori.<\/p>\n<p>I livelli delle sostanze chimiche in qualsiasi momento influenzano l&#8217;umore, l&#8217;attenzione, la sonnolenza e la veglia.<\/p>\n<p>In poche parole, quando si assume una pillola ModaXL, i livelli di sostanze chimiche vengono portati a una quantit\u00e0 tale da favorire la veglia e migliorare la cognizione.<\/p>\n<h2>Dosaggio sicuro e uso corretto<\/h2>\n<p>Alcune persone trovano inefficace il Provigil e tutti i suoi marchi generici. Anche se potrebbe trattarsi di un caso in cui il farmaco non \u00e8 adatto a loro, l&#8217;uso scorretto \u00e8 spesso il motivo per cui molti sperimentano effetti collaterali o non ottengono i risultati attesi.<\/p>\n<p>ModaXL, cos\u00ec come altri farmaci a base di modafinil, sono utilizzati per trattare diverse condizioni di salute. Di conseguenza, il dosaggio e il tempo di somministrazione possono variare in base alla condizione che si intende trattare, influenzando cos\u00ec il risultato del suo utilizzo.<\/p>\n<p>La dose di 200 mg \u00e8 quella comunemente utilizzata. Tuttavia, il medico pu\u00f2 consigliare l&#8217;assunzione di una dose inferiore o superiore in base alla sensibilit\u00e0 e alla tollerabilit\u00e0.<\/p>\n<p>Per il trattamento della narcolessia e dell&#8217;OSA, 1 pillola deve essere assunta al mattino, il pi\u00f9 presto possibile. Deve essere ingerito intero con una notevole quantit\u00e0 di acqua e non sniffato o sciolto in acqua e bevuto. Si noti che l&#8217;assunzione tardiva del farmaco potrebbe rendere difficile il sonno notturno, poich\u00e9 i suoi effetti durano in genere pi\u00f9 di 12 ore.<\/p>\n<p>Per il trattamento SWSD, 1 pillola deve essere assunta circa 1 ora prima dell&#8217;inizio del turno. \u00c8 bene notare che l&#8217;assunzione di pi\u00f9 di una singola dose al giorno potrebbe aumentare il rischio di manifestare effetti avversi.<\/p>\n<p>Consultate il medico prima di iniziare il trattamento con ModaXL o con qualsiasi altro farmaco a base di modafinil.<\/p>\n<h2>Possibili effetti collaterali<\/h2>\n<p>ModaXL \u00e8 sicuro, ben tollerato ed efficace. Tuttavia, \u00e8 comune che alcuni utenti sperimentino lievi effetti avversi come mal di testa, nausea, mal di stomaco, naso che cola e vertigini.<\/p>\n<p>Nei casi in cui si verificano, sono in genere lievi, di breve durata e scompaiono senza trattamento.<br \/>\n[\/vc_column][vc_column width=&#8221;1\/2&#8243;]\n\u00c8 opportuno sottolineare che, in base al livello di abuso, possono verificarsi anche effetti collaterali pi\u00f9 gravi. I possibili sintomi includono:<\/p>\n<ul>\n<li>insonnia;<\/li>\n<li>ansia;<\/li>\n<li>depressione;<\/li>\n<li>febbre;<\/li>\n<li>dolori alla schiena;<\/li>\n<li>problema respiratorio;<\/li>\n<li>allucinazioni.<\/li>\n<\/ul>\n<p>Sebbene si verifichino raramente, questi effetti collaterali possono diventare gravi e persino pericolosi per la vita, se non vengono presi in considerazione. \u00c8 consigliabile rivolgersi a un medico urgente il prima possibile quando si presenta uno di questi problemi.<\/p>\n<h2>Controindicazioni e precauzioni<\/h2>\n<p>\u00c8 consigliabile prestare attenzione ai farmaci, agli integratori o alle erbe che si utilizzano durante l&#8217;assunzione di ModaXL. Ci\u00f2 serve a prevenire le interazioni. Un&#8217;interazione farmacologica pu\u00f2 aumentare il rischio di rendere inefficace uno o pi\u00f9 farmaci assunti insieme o addirittura aumentare il rischio di effetti collaterali.<\/p>\n<p>I seguenti farmaci interagiscono con ModaXL e altri farmaci a base di modafinil e devono essere evitati:<\/p>\n<ul>\n<li>rifampicina\/Rifadin;<\/li>\n<li>clopidogrel;<\/li>\n<li>deflazacort;<\/li>\n<li>bosutinib;<\/li>\n<li>popper (droghe da strada) come la metanfetamina;<\/li>\n<li>farmaci antimicotici come itraconazolo\/Sporanox o ketoconazolo\/Nizoral;<\/li>\n<li>sedativi come triazolam\/Halcion, midazolam\/Versed o diazepam\/Valium.<\/li>\n<\/ul>\n<p>Vale la pena di notare che i farmaci non sono l&#8217;unica causa di interazioni; anche alcuni alimenti, bevande e bibite lo sono. Per cominciare, l&#8217;alcol non si mescola bene con ModaXl, e berlo durante, prima o poco dopo l&#8217;assunzione della pillola pu\u00f2 aumentare il rischio di effetti avversi e persino causare un blackout. Inoltre, evitare gli alimenti ricchi di grassi che non si mescolano bene con il farmaco, in quanto possono ritardare l&#8217;insorgenza degli effetti del farmaco.<\/p>\n<p>Consultate il foglietto illustrativo e parlate con il vostro medico per ottenere un elenco pi\u00f9 completo delle cose da evitare quando assumete ModaXL.<\/p>\n<h2>Esperienza del consumatore<\/h2>\n<p>Sebbene ModaXL sia relativamente nuovo sulla scena dei nootropi, sta guadagnando molto terreno. Ci\u00f2 \u00e8 dovuto probabilmente al suo elevato livello di sicurezza, facilit\u00e0 d&#8217;uso ed efficacia. Molti individui che l&#8217;hanno provato in alternativa al Modalert per il trattamento dell&#8217;eccesso di giorno lo considerano &#8220;valido fino all&#8217;ultimo centesimo&#8221;.<\/p>\n<p><img fetchpriority=\"high\" decoding=\"async\" class=\"alignnone size-full wp-image-452303\" src=\"https:\/\/buymodafinilonline.com\/wp-content\/uploads\/2023\/01\/ModaXL-Certificate-of-Analysis.png\" alt=\"ModaXL 200mg Controllo di qualit\u00e0 e certificato di analisi\" width=\"1600\" height=\"2262\" srcset=\"https:\/\/buymodafinilonline.com\/wp-content\/uploads\/2023\/01\/ModaXL-Certificate-of-Analysis.png 1600w, https:\/\/buymodafinilonline.com\/wp-content\/uploads\/2023\/01\/ModaXL-Certificate-of-Analysis-212x300.png 212w, https:\/\/buymodafinilonline.com\/wp-content\/uploads\/2023\/01\/ModaXL-Certificate-of-Analysis-724x1024.png 724w, https:\/\/buymodafinilonline.com\/wp-content\/uploads\/2023\/01\/ModaXL-Certificate-of-Analysis-768x1086.png 768w, https:\/\/buymodafinilonline.com\/wp-content\/uploads\/2023\/01\/ModaXL-Certificate-of-Analysis-1086x1536.png 1086w, https:\/\/buymodafinilonline.com\/wp-content\/uploads\/2023\/01\/ModaXL-Certificate-of-Analysis-1449x2048.png 1449w, https:\/\/buymodafinilonline.com\/wp-content\/uploads\/2023\/01\/ModaXL-Certificate-of-Analysis-990x1400.png 990w, https:\/\/buymodafinilonline.com\/wp-content\/uploads\/2023\/01\/ModaXL-Certificate-of-Analysis-441x623.png 441w, https:\/\/buymodafinilonline.com\/wp-content\/uploads\/2023\/01\/ModaXL-Certificate-of-Analysis-300x424.png 300w, https:\/\/buymodafinilonline.com\/wp-content\/uploads\/2023\/01\/ModaXL-Certificate-of-Analysis-800x1131.png 800w, https:\/\/buymodafinilonline.com\/wp-content\/uploads\/2023\/01\/ModaXL-Certificate-of-Analysis-150x212.png 150w\" sizes=\"(max-width: 1600px) 100vw, 1600px\" \/><\/p>\n<p>Inoltre, molti appassionati di &#8220;smart drug&#8221; che l&#8217;hanno provata per i suoi benefici cognitivi hanno riferito di averla trovata efficace e ben tollerata. A giudicare dal feedback ricevuto finora, sembra che ModaXL sostituir\u00e0 molti altri marchi di modafinil generico. \u00c8 sicuro e pu\u00f2 fornire i risultati previsti per la maggior parte delle persone che lo utilizzano. Tuttavia, \u00e8 bene notare che gli effetti dei farmaci possono variare da un individuo all&#8217;altro. Di conseguenza, \u00e8 consigliabile consultare il medico prima di iniziare il trattamento con il farmaco.<\/p>\n<h2>Comprare generico ModaXL 200mg (Modafinil) Online<\/h2>\n<p>ModaXL \u00e8 ora in vendita nella nostra farmacia online e pu\u00f2 essere acquistato senza prescrizione medica. Offriamo uno dei prezzi migliori che si possano trovare online per pillole di alta qualit\u00e0. E indovinate un po&#8217;, acquistando da noi potrete godere di molti vantaggi.<\/p>\n<p>Per cominciare, offriamo la <a href=\"https:\/\/buymodafinilonline.com\/it\/miglior-fornitore-modafinil-italia\/\">spedizione gratuita<\/a> nella maggior parte del mondo per ordini di oltre 100 pillole dall&#8217;India e da Singapore (circa una fornitura di 3 mesi). Forniamo una garanzia di rimborso del 100%. L&#8217;implicazione \u00e8 che si ottiene un <a href=\"https:\/\/buymodafinilonline.com\/refund-reshipment\/\">rimborso completo<\/a> (senza domande) o che l&#8217;ordine viene rispedito se viene smarrito o danneggiato durante la consegna.<\/p>\n<p>Con noi la spedizione \u00e8 sempre agevole e superveloce. La consegna da USA a USA tramite USPS richiede solo 3-4 giorni e da Regno Unito a Regno Unito tramite Royal Mail &#8211; 5 giorni. Completare le transazioni sulla nostra piattaforma \u00e8 sempre un gioco da ragazzi, poich\u00e9 accettiamo diversi <a href=\"https:\/\/buymodafinilonline.com\/billing-credit-card-faq\/\">metodi di pagamento<\/a>: PayPal, criptovalute e tutte le principali carte di debito.<\/p>\n<p>N.B. Su <a href=\"https:\/\/buymodafinilonline.com\/it\/\">BuyModafinilOnline<\/a> tutti i pagamenti effettuati tramite <a href=\"https:\/\/buymodafinilonline.com\/bitcoin-payment\/\">Bitcoin<\/a> godono di uno sconto speciale del 23%.<\/p>\n[\/vc_column]\n","protected":false},"excerpt":{"rendered":"<p>Introduciamo una nuova e migliorata versione generica di <a href=\"https:\/\/buymodafinilonline.com\/smart-drugs\/generic-provigil\/\">Provigil<\/a> che contiene <strong><em>Modafinil puro al 100%<\/em><\/strong> come ingrediente attivo. \u00c8 prodotto da HOF Pharmaceuticals, una rinomata azienda farmaceutica con sede in India, e commercializzato e promosso da BuyModafinilOnline, una delle principali farmacie online di modafinil. Il farmaco ha un tasso di assorbimento <strong><em>5% pi\u00f9 alto<\/em><\/strong> di quello della maggior parte degli altri farmaci generici, e fornisce una <strong><em>30% di effetto di picco pi\u00f9 forte<\/em><\/strong>.<\/p>\n<p>Offriamo anche altre alternative a basso costo con gli stessi vantaggi. Tra questi, <a href=\"https:\/\/buymodafinilonline.com\/smart-drugs\/modaheal-200-mg-tablets\/\">Modaheal<\/a>, <a href=\"https:\/\/buymodafinilonline.com\/smart-drugs\/modvigil-200mg-tablets\/\">Modvigil<\/a> e <a href=\"https:\/\/buymodafinilonline.com\/smart-drugs\/modawake-200-mg-tablets\/\">Modawake<\/a>. I nostri prodotti sono autentici; lo si capisce dal marchio <em><strong>Etichetta U.S.P.<\/strong><\/em> che portano.<\/p>\n<p>Gli ordini di oltre 100 pillole prevedono automaticamente la <a href=\"https:\/\/buymodafinilonline.com\/shipping\/\">consegna gratuita e ultraveloce<\/a> a domicilio. Considerando gli interessanti vantaggi, ModaXL \u00e8 destinato a darvi il miglior rapporto qualit\u00e0\/prezzo.<\/p>\n<p>Effettuate subito l&#8217;ordine e ottenete il nostro bestseller a basso costo. Non \u00e8 necessaria la prescrizione medica.<\/p>\n","protected":false},"featured_media":444284,"comment_status":"open","ping_status":"closed","template":"","meta":{"_acf_changed":false},"product_brand":[],"product_cat":[3787,4233],"product_tag":[4028],"class_list":{"0":"post-447011","1":"product","2":"type-product","3":"status-publish","4":"has-post-thumbnail","6":"product_cat-marchi-smart-drugs","7":"product_cat-smart-drugs-piu-venduti","8":"product_tag-modafinil-it","10":"first","11":"instock","12":"sale","13":"featured","14":"shipping-taxable","15":"purchasable","16":"product-type-variable","17":"has-default-attributes"},"acf":[],"yoast_head":"<!-- This site is optimized with the Yoast SEO Premium plugin v23.6 (Yoast SEO v27.4) - https:\/\/yoast.com\/product\/yoast-seo-premium-wordpress\/ -->\n<title>Comprare ModaXL 200 MG (Modafinil) Compresse da banco - BuyModafinilOnline<\/title>\n<meta name=\"description\" content=\"Acquistare ModaXL 200mg compresse online dal produttore HOF Pharmaceuticals Ltd. Acquistare ModaXL 200 mg (modafinil) OTC presso la farmacia BuyModafinilOnline. Pagate con carta di credito, PayPal o Bitcoin e ottenete grandi sconti!\" \/>\n<meta name=\"robots\" content=\"index, follow, max-snippet:-1, max-image-preview:large, max-video-preview:-1\" \/>\n<link rel=\"canonical\" href=\"https:\/\/buymodafinilonline.com\/it\/smart-drug-it\/modaxl-200-mg\/\" \/>\n<meta property=\"og:locale\" content=\"it_IT\" \/>\n<meta property=\"og:type\" content=\"article\" \/>\n<meta property=\"og:title\" content=\"ModaXL 200 MG\" \/>\n<meta property=\"og:description\" content=\"Acquistare ModaXL 200mg compresse online dal produttore HOF Pharmaceuticals Ltd. Acquistare ModaXL 200 mg (modafinil) OTC presso la farmacia BuyModafinilOnline. Pagate con carta di credito, PayPal o Bitcoin e ottenete grandi sconti!\" \/>\n<meta property=\"og:url\" content=\"https:\/\/buymodafinilonline.com\/it\/smart-drug-it\/modaxl-200-mg\/\" \/>\n<meta property=\"og:site_name\" content=\"BuyModafinilOnline.com\" \/>\n<meta property=\"article:modified_time\" content=\"2026-03-10T14:02:55+00:00\" \/>\n<meta property=\"og:image\" content=\"https:\/\/buymodafinilonline.com\/wp-content\/uploads\/2022\/08\/bmo-product-modaxl-pack.png\" \/>\n\t<meta property=\"og:image:width\" content=\"1280\" \/>\n\t<meta property=\"og:image:height\" content=\"1500\" \/>\n\t<meta property=\"og:image:type\" content=\"image\/png\" \/>\n<meta name=\"twitter:label1\" content=\"Tempo di lettura stimato\" \/>\n\t<meta name=\"twitter:data1\" content=\"6 minuti\" \/>\n<script type=\"application\/ld+json\" class=\"yoast-schema-graph\">{\"@context\":\"https:\\\/\\\/schema.org\",\"@graph\":[{\"@type\":\"WebPage\",\"@id\":\"https:\\\/\\\/buymodafinilonline.com\\\/it\\\/smart-drug-it\\\/modaxl-200-mg\\\/\",\"url\":\"https:\\\/\\\/buymodafinilonline.com\\\/it\\\/smart-drug-it\\\/modaxl-200-mg\\\/\",\"name\":\"Comprare ModaXL 200 MG (Modafinil) Compresse da banco - BuyModafinilOnline\",\"isPartOf\":{\"@id\":\"https:\\\/\\\/buymodafinilonline.com\\\/it\\\/#website\"},\"primaryImageOfPage\":{\"@id\":\"https:\\\/\\\/buymodafinilonline.com\\\/it\\\/smart-drug-it\\\/modaxl-200-mg\\\/#primaryimage\"},\"image\":{\"@id\":\"https:\\\/\\\/buymodafinilonline.com\\\/it\\\/smart-drug-it\\\/modaxl-200-mg\\\/#primaryimage\"},\"thumbnailUrl\":\"https:\\\/\\\/buymodafinilonline.com\\\/wp-content\\\/uploads\\\/2022\\\/08\\\/bmo-product-modaxl-pack.png\",\"datePublished\":\"2022-08-26T06:25:37+00:00\",\"dateModified\":\"2026-03-10T14:02:55+00:00\",\"description\":\"Acquistare ModaXL 200mg compresse online dal produttore HOF Pharmaceuticals Ltd. Acquistare ModaXL 200 mg (modafinil) OTC presso la farmacia BuyModafinilOnline. Pagate con carta di credito, PayPal o Bitcoin e ottenete grandi sconti!\",\"breadcrumb\":{\"@id\":\"https:\\\/\\\/buymodafinilonline.com\\\/it\\\/smart-drug-it\\\/modaxl-200-mg\\\/#breadcrumb\"},\"inLanguage\":\"it-IT\",\"potentialAction\":[{\"@type\":\"ReadAction\",\"target\":[\"https:\\\/\\\/buymodafinilonline.com\\\/it\\\/smart-drug-it\\\/modaxl-200-mg\\\/\"]}]},{\"@type\":\"ImageObject\",\"inLanguage\":\"it-IT\",\"@id\":\"https:\\\/\\\/buymodafinilonline.com\\\/it\\\/smart-drug-it\\\/modaxl-200-mg\\\/#primaryimage\",\"url\":\"https:\\\/\\\/buymodafinilonline.com\\\/wp-content\\\/uploads\\\/2022\\\/08\\\/bmo-product-modaxl-pack.png\",\"contentUrl\":\"https:\\\/\\\/buymodafinilonline.com\\\/wp-content\\\/uploads\\\/2022\\\/08\\\/bmo-product-modaxl-pack.png\",\"width\":1280,\"height\":1500,\"caption\":\"Highest Quality MoodaXL Modafinil Pills 200 mg\"},{\"@type\":\"BreadcrumbList\",\"@id\":\"https:\\\/\\\/buymodafinilonline.com\\\/it\\\/smart-drug-it\\\/modaxl-200-mg\\\/#breadcrumb\",\"itemListElement\":[{\"@type\":\"ListItem\",\"position\":1,\"name\":\"Buy Modafinil Online\",\"item\":\"https:\\\/\\\/buymodafinilonline.com\\\/it\\\/\"},{\"@type\":\"ListItem\",\"position\":2,\"name\":\"Negozio\",\"item\":\"https:\\\/\\\/buymodafinilonline.com\\\/it\\\/negozio\\\/\"},{\"@type\":\"ListItem\",\"position\":3,\"name\":\"Marchi Smart Drugs\",\"item\":\"https:\\\/\\\/buymodafinilonline.com\\\/it\\\/categoria-di-prodotto\\\/marchi-smart-drugs\\\/\"},{\"@type\":\"ListItem\",\"position\":4,\"name\":\"ModaXL 200 MG\"}]},{\"@type\":\"WebSite\",\"@id\":\"https:\\\/\\\/buymodafinilonline.com\\\/it\\\/#website\",\"url\":\"https:\\\/\\\/buymodafinilonline.com\\\/it\\\/\",\"name\":\"BuyModafinilOnline.com\",\"description\":\"Modafinil Online Pharmacy\",\"publisher\":{\"@id\":\"https:\\\/\\\/buymodafinilonline.com\\\/it\\\/#organization\"},\"potentialAction\":[{\"@type\":\"SearchAction\",\"target\":{\"@type\":\"EntryPoint\",\"urlTemplate\":\"https:\\\/\\\/buymodafinilonline.com\\\/it\\\/?s={search_term_string}\"},\"query-input\":{\"@type\":\"PropertyValueSpecification\",\"valueRequired\":true,\"valueName\":\"search_term_string\"}}],\"inLanguage\":\"it-IT\"},{\"@type\":\"Organization\",\"@id\":\"https:\\\/\\\/buymodafinilonline.com\\\/it\\\/#organization\",\"name\":\"BuyModafinilOnline\",\"url\":\"https:\\\/\\\/buymodafinilonline.com\\\/it\\\/\",\"logo\":{\"@type\":\"ImageObject\",\"inLanguage\":\"it-IT\",\"@id\":\"https:\\\/\\\/buymodafinilonline.com\\\/it\\\/#\\\/schema\\\/logo\\\/image\\\/\",\"url\":\"https:\\\/\\\/buymodafinilonline.com\\\/wp-content\\\/uploads\\\/2020\\\/04\\\/logo-buy-modafinil-online-yellow.png\",\"contentUrl\":\"https:\\\/\\\/buymodafinilonline.com\\\/wp-content\\\/uploads\\\/2020\\\/04\\\/logo-buy-modafinil-online-yellow.png\",\"width\":200,\"height\":200,\"caption\":\"BuyModafinilOnline\"},\"image\":{\"@id\":\"https:\\\/\\\/buymodafinilonline.com\\\/it\\\/#\\\/schema\\\/logo\\\/image\\\/\"}}]}<\/script>\n<!-- \/ Yoast SEO Premium plugin. -->","yoast_head_json":{"title":"Comprare ModaXL 200 MG (Modafinil) Compresse da banco - BuyModafinilOnline","description":"Acquistare ModaXL 200mg compresse online dal produttore HOF Pharmaceuticals Ltd. Acquistare ModaXL 200 mg (modafinil) OTC presso la farmacia BuyModafinilOnline. Pagate con carta di credito, PayPal o Bitcoin e ottenete grandi sconti!","robots":{"index":"index","follow":"follow","max-snippet":"max-snippet:-1","max-image-preview":"max-image-preview:large","max-video-preview":"max-video-preview:-1"},"canonical":"https:\/\/buymodafinilonline.com\/it\/smart-drug-it\/modaxl-200-mg\/","og_locale":"it_IT","og_type":"article","og_title":"ModaXL 200 MG","og_description":"Acquistare ModaXL 200mg compresse online dal produttore HOF Pharmaceuticals Ltd. Acquistare ModaXL 200 mg (modafinil) OTC presso la farmacia BuyModafinilOnline. Pagate con carta di credito, PayPal o Bitcoin e ottenete grandi sconti!","og_url":"https:\/\/buymodafinilonline.com\/it\/smart-drug-it\/modaxl-200-mg\/","og_site_name":"BuyModafinilOnline.com","article_modified_time":"2026-03-10T14:02:55+00:00","og_image":[{"width":1280,"height":1500,"url":"https:\/\/buymodafinilonline.com\/wp-content\/uploads\/2022\/08\/bmo-product-modaxl-pack.png","type":"image\/png"}],"twitter_misc":{"Tempo di lettura stimato":"6 minuti"},"schema":{"@context":"https:\/\/schema.org","@graph":[{"@type":"WebPage","@id":"https:\/\/buymodafinilonline.com\/it\/smart-drug-it\/modaxl-200-mg\/","url":"https:\/\/buymodafinilonline.com\/it\/smart-drug-it\/modaxl-200-mg\/","name":"Comprare ModaXL 200 MG (Modafinil) Compresse da banco - BuyModafinilOnline","isPartOf":{"@id":"https:\/\/buymodafinilonline.com\/it\/#website"},"primaryImageOfPage":{"@id":"https:\/\/buymodafinilonline.com\/it\/smart-drug-it\/modaxl-200-mg\/#primaryimage"},"image":{"@id":"https:\/\/buymodafinilonline.com\/it\/smart-drug-it\/modaxl-200-mg\/#primaryimage"},"thumbnailUrl":"https:\/\/buymodafinilonline.com\/wp-content\/uploads\/2022\/08\/bmo-product-modaxl-pack.png","datePublished":"2022-08-26T06:25:37+00:00","dateModified":"2026-03-10T14:02:55+00:00","description":"Acquistare ModaXL 200mg compresse online dal produttore HOF Pharmaceuticals Ltd. Acquistare ModaXL 200 mg (modafinil) OTC presso la farmacia BuyModafinilOnline. Pagate con carta di credito, PayPal o Bitcoin e ottenete grandi sconti!","breadcrumb":{"@id":"https:\/\/buymodafinilonline.com\/it\/smart-drug-it\/modaxl-200-mg\/#breadcrumb"},"inLanguage":"it-IT","potentialAction":[{"@type":"ReadAction","target":["https:\/\/buymodafinilonline.com\/it\/smart-drug-it\/modaxl-200-mg\/"]}]},{"@type":"ImageObject","inLanguage":"it-IT","@id":"https:\/\/buymodafinilonline.com\/it\/smart-drug-it\/modaxl-200-mg\/#primaryimage","url":"https:\/\/buymodafinilonline.com\/wp-content\/uploads\/2022\/08\/bmo-product-modaxl-pack.png","contentUrl":"https:\/\/buymodafinilonline.com\/wp-content\/uploads\/2022\/08\/bmo-product-modaxl-pack.png","width":1280,"height":1500,"caption":"Highest Quality MoodaXL Modafinil Pills 200 mg"},{"@type":"BreadcrumbList","@id":"https:\/\/buymodafinilonline.com\/it\/smart-drug-it\/modaxl-200-mg\/#breadcrumb","itemListElement":[{"@type":"ListItem","position":1,"name":"Buy Modafinil Online","item":"https:\/\/buymodafinilonline.com\/it\/"},{"@type":"ListItem","position":2,"name":"Negozio","item":"https:\/\/buymodafinilonline.com\/it\/negozio\/"},{"@type":"ListItem","position":3,"name":"Marchi Smart Drugs","item":"https:\/\/buymodafinilonline.com\/it\/categoria-di-prodotto\/marchi-smart-drugs\/"},{"@type":"ListItem","position":4,"name":"ModaXL 200 MG"}]},{"@type":"WebSite","@id":"https:\/\/buymodafinilonline.com\/it\/#website","url":"https:\/\/buymodafinilonline.com\/it\/","name":"BuyModafinilOnline.com","description":"Modafinil Online Pharmacy","publisher":{"@id":"https:\/\/buymodafinilonline.com\/it\/#organization"},"potentialAction":[{"@type":"SearchAction","target":{"@type":"EntryPoint","urlTemplate":"https:\/\/buymodafinilonline.com\/it\/?s={search_term_string}"},"query-input":{"@type":"PropertyValueSpecification","valueRequired":true,"valueName":"search_term_string"}}],"inLanguage":"it-IT"},{"@type":"Organization","@id":"https:\/\/buymodafinilonline.com\/it\/#organization","name":"BuyModafinilOnline","url":"https:\/\/buymodafinilonline.com\/it\/","logo":{"@type":"ImageObject","inLanguage":"it-IT","@id":"https:\/\/buymodafinilonline.com\/it\/#\/schema\/logo\/image\/","url":"https:\/\/buymodafinilonline.com\/wp-content\/uploads\/2020\/04\/logo-buy-modafinil-online-yellow.png","contentUrl":"https:\/\/buymodafinilonline.com\/wp-content\/uploads\/2020\/04\/logo-buy-modafinil-online-yellow.png","width":200,"height":200,"caption":"BuyModafinilOnline"},"image":{"@id":"https:\/\/buymodafinilonline.com\/it\/#\/schema\/logo\/image\/"}}]}},"_links":{"self":[{"href":"https:\/\/buymodafinilonline.com\/it\/wp-json\/wp\/v2\/product\/447011","targetHints":{"allow":["GET"]}}],"collection":[{"href":"https:\/\/buymodafinilonline.com\/it\/wp-json\/wp\/v2\/product"}],"about":[{"href":"https:\/\/buymodafinilonline.com\/it\/wp-json\/wp\/v2\/types\/product"}],"replies":[{"embeddable":true,"href":"https:\/\/buymodafinilonline.com\/it\/wp-json\/wp\/v2\/comments?post=447011"}],"wp:featuredmedia":[{"embeddable":true,"href":"https:\/\/buymodafinilonline.com\/it\/wp-json\/wp\/v2\/media\/444284"}],"wp:attachment":[{"href":"https:\/\/buymodafinilonline.com\/it\/wp-json\/wp\/v2\/media?parent=447011"}],"wp:term":[{"taxonomy":"product_brand","embeddable":true,"href":"https:\/\/buymodafinilonline.com\/it\/wp-json\/wp\/v2\/product_brand?post=447011"},{"taxonomy":"product_cat","embeddable":true,"href":"https:\/\/buymodafinilonline.com\/it\/wp-json\/wp\/v2\/product_cat?post=447011"},{"taxonomy":"product_tag","embeddable":true,"href":"https:\/\/buymodafinilonline.com\/it\/wp-json\/wp\/v2\/product_tag?post=447011"}],"curies":[{"name":"wp","href":"https:\/\/api.w.org\/{rel}","templated":true}]}}