{"id":447041,"date":"2021-07-12T23:14:10","date_gmt":"2021-07-12T22:14:10","guid":{"rendered":"https:\/\/buymodafinilonline.com\/smart-drugs\/armodavinil-150-mg\/"},"modified":"2025-04-22T11:11:24","modified_gmt":"2025-04-22T10:11:24","slug":"armodavinil-150-mg","status":"publish","type":"product","link":"https:\/\/buymodafinilonline.com\/it\/smart-drug-it\/armodavinil-150-mg\/","title":{"rendered":"Armodavinil 150 MG"},"content":{"rendered":"[vc_column width=&#8221;1\/2&#8243;]\n<h2>Che cos&#8217;\u00e8 l&#8217;Armodavinil 150 mg?<\/h2>\n<p>Armodavinil \u00e8 un efficace &#8220;smart drug&#8221; contenente il principio attivo armodafinil che migliora la veglia nei pazienti con eccessiva sonnolenza dovuta ad apnea ostruttiva del sonno (OSA), narcolessia o disturbo del sonno da lavoro a turni (SWSD). I medici possono prescriverlo anche per il trattamento di altre condizioni di salute come il disturbo da deficit di attenzione e iperattivit\u00e0 (ADHD), la depressione, il jet lag, ecc. Sebbene i suoi benefici siano molto simili a quelli del modafinil, i suoi effetti sono pi\u00f9 intensi. Il modafinil contiene due versioni del principio attivo: R-modafinil e S-modafinil. D&#8217;altra parte, Armodavinil \u00e8 R-modafinil puro e funziona come la versione di marca Nuvigil\u00ae.<\/p>\n<p>Sebbene l&#8217;Armodavinil venga generalmente prescritto per la sua capacit\u00e0 di raddrizzare il ciclo sonno-veglia, \u00e8 pi\u00f9 popolare per i suoi diversi usi off-label, che includono il miglioramento delle funzioni cognitive e la promozione della produttivit\u00e0. Come farmaco sicuro, migliora efficacemente il ragionamento e la risoluzione dei problemi, aumenta la prontezza di riflessi, migliora l&#8217;acutezza mentale e la motivazione e migliora l&#8217;attenzione e la concentrazione. \u00c8 per questo motivo che Armodavinil 150 mg sta diventando sempre pi\u00f9 popolare tra gli appassionati di &#8220;smart drug&#8221;, le cui professioni o attivit\u00e0 richiedono una concentrazione extra e una super potenza cerebrale.<\/p>\n<p>La maggior parte degli appassionati di nootropi trova il prodotto sicuro e ben tollerato e apprezza il fatto che le compresse siano in vendita a un prezzo estremamente basso, rendendolo cos\u00ec pi\u00f9 accessibile rispetto a molte altre alternative.<\/p>\n<h2>Come funzionano queste pillole?<\/h2>\n<p>L&#8217;effettiva modalit\u00e0 d&#8217;azione dell&#8217;armodafinil non \u00e8 del tutto nota. Tuttavia, si ritiene che agisca aumentando i livelli di noradrenalina, dopamina e orexina, tra gli altri neurotrasmettitori, nel cervello. Queste sostanze chimiche influenzano la motivazione, la concentrazione, l&#8217;umore e il ciclo sonno-veglia.<\/p>\n<h2>Dosaggio sicuro e uso corretto<\/h2>\n<p>L&#8217;armodavinil \u00e8 disponibile nella dose di 150 mg, che rappresenta la dose standard per la maggior parte degli utenti. La pillola deve essere assunta una volta al giorno; tuttavia, il momento della somministrazione dipende dalla patologia da trattare:<\/p>\n<ul>\n<li>per la narcolessia e l&#8217;OSA, la compressa di Armodavinil 150 mg viene assunta al mattino presto;<\/li>\n<li>per SWSD, una pillola deve essere assunta circa. 1 ora prima dell&#8217;inizio del turno di lavoro;<\/li>\n<li>per altri disturbi del sonno, ADHD, depressione, potenziamento cognitivo, ecc. il farmaco deve essere assunto come prescritto dal medico.<\/li>\n<\/ul>\n<p>Soprattutto, non auto-medicatevi. Consultare un medico per conoscere il dosaggio sicuro, compreso l&#8217;aggiustamento della dose in base alle proprie condizioni di salute, \u00e8 fondamentale. Possono essere necessarie dosi inferiori per il trattamento di pazienti in et\u00e0 geriatrica e con problemi epatici. Il farmaco deve essere assunto con un bicchiere d&#8217;acqua e pu\u00f2 essere consumato con o senza cibo, a seconda delle preferenze.<\/p>\n<h2>Possibili effetti collaterali<\/h2>\n<p>Come ogni farmaco, Armodavinil comporta alcuni effetti negativi che possono essere lievi o gravi. Si noti che gli effetti collaterali non riguardano tutti i consumatori di &#8220;smart drug&#8221;. Alcuni non li avvertono, ma se li avvertono i sintomi sono lievi e in genere svaniscono dopo qualche tempo. La probabilit\u00e0 di avere reazioni avverse dipende in larga misura dallo stato di salute generale, dall&#8217;et\u00e0, dal peso e dal sesso.<\/p>\n<p>Alcuni dei frequenti effetti negativi dell&#8217;Armodavinil sono i seguenti:<\/p>\n<ul>\n<li>naso chiuso o che cola;<\/li>\n<li>indigestione;<\/li>\n<li>vertigini;<\/li>\n<li>difficolt\u00e0 a dormire;<\/li>\n<li>dolore alla testa;<\/li>\n<li>mal di schiena;<\/li>\n<li>nervosismo;<\/li>\n<li>diarrea;<\/li>\n<li>nausea.<\/li>\n<\/ul>\n<p>Gli effetti negativi rari che possono essere gravi sono i seguenti:<\/p>\n<ul>\n<li>eruzione cutanea;<\/li>\n<li>alveari;<\/li>\n<li>comportamento iperattivo;<\/li>\n<li>battito cardiaco anomalo;<\/li>\n<li>urina sanguinolenta;<\/li>\n<li>pensieri suicidi;<\/li>\n<li>problemi mentali;<\/li>\n<li>problemi di respirazione.<\/li>\n<\/ul>\n[\/vc_column][vc_column width=&#8221;1\/2&#8243;]\n<p>Questo non \u00e8 un elenco completo degli effetti collaterali. Alcuni possono essere gravi, a seconda delle condizioni di salute. Prima di prescrivere Armodavinil, il medico deve valutare il suo stato di salute (in particolare i problemi epatici e cardiaci).<\/p>\n<p>Monitorare lo stato di salute generale durante l&#8217;assunzione di questo farmaco. In caso di sintomi strani, informare immediatamente il medico.<\/p>\n<h2>Controindicazioni e precauzioni<\/h2>\n<p>\u00c8 necessario prendere le precauzioni indicate dal medico e seguire le istruzioni riportate sul foglietto illustrativo quando si usa Armodavinil. Inoltre, \u00e8 bene verificare se interagisce con altri prodotti per la salute che si stanno utilizzando in quel momento. In questo modo si evita di incorrere in interazioni farmaco-farmaco che potrebbero portare a gravi reazioni avverse.<\/p>\n<p>Armodavinil interagisce con i seguenti tipi di farmaci:<\/p>\n<ul>\n<li>substrati di CYP2C19 e CYP3A4\/5;<\/li>\n<li>inibitori delle monoamino-ossidasi;<\/li>\n<li>anticoagulanti;<\/li>\n<li>alcuni antibiotici;<\/li>\n<li>farmaci antiepilettici;<\/li>\n<li>pillole anticoncezionali.<\/li>\n<\/ul>\n<p>Questa non \u00e8 una lista completa. Il vostro medico dovrebbe valutare tutti i farmaci che state usando. Non mescolare Armodavinil con altri farmaci senza prima informare il medico.<\/p>\n<p>Inoltre, questo farmaco interagisce negativamente con l&#8217;alcol e, pertanto, queste sostanze non dovrebbero essere utilizzate insieme. Alcolici + Armodavinil possono causare alcuni effetti negativi. La maggior parte degli alimenti funziona bene con il farmaco, ma i cibi grassi dovrebbero essere evitati durante l&#8217;assunzione di armodafinil, in quanto possono ridurre il tasso di assorbimento del farmaco e quindi l&#8217;inizio dell&#8217;azione.<\/p>\n<h2>Esperienza del consumatore<\/h2>\n<p>Sebbene l&#8217;Armodavinil abbia appena iniziato a crescere in popolarit\u00e0, diversi appassionati di &#8220;smart drug&#8221; hanno gi\u00e0 condiviso le loro esperienze basate sul suo utilizzo. Le recensioni e le testimonianze sono per lo pi\u00f9 positive, perch\u00e9 la maggior parte degli utenti ha attestato la sua efficacia nel favorire la produttivit\u00e0, soprattutto sul lavoro.<\/p>\n<p>Tuttavia, si noti che i diversi consumatori potrebbero rispondere in modo diverso al farmaco.<\/p>\n<p>Non c&#8217;\u00e8 da stupirsi che sia utilizzato soprattutto da studenti e persone di ogni estrazione sociale che svolgono lavori frenetici che richiedono un&#8217;intensa concentrazione e una superpotenza cerebrale. Inoltre, secondo alcune fonti giornalistiche affidabili, la maggior parte dei dirigenti d&#8217;azienda e dei professionisti valuta positivamente i farmaci a base di armodafinil. Gli studenti universitari hanno lo stesso verdetto.<\/p>\n<p>Se si sta assumendo modafinil da un po&#8217; di tempo, potrebbe essere il momento ideale per cambiare il sistema. Dopotutto, Armodavinil \u00e8 altamente efficace, come dichiarato dalla maggior parte dei suoi utilizzatori. Consultare sempre un medico prima di assumere questo o altri farmaci.<\/p>\n<h2>Comprare generico Armodavinil 150mg (Armodafinil) Online<\/h2>\n<p><a href=\"https:\/\/buymodafinilonline.com\/it\/\">BuyModafinilOnline<\/a> (BMO) \u00e8 una farmacia online sicura che offre &#8220;smart drugs&#8221; autentiche, provenienti da produttori certificati e senza prescrizione medica.<\/p>\n<p>Siamo il posto migliore per acquistare <a href=\"https:\/\/buymodafinilonline.com\/smart-drugs-brands\/\">farmaci armodafinil e modafinil generici<\/a> estremamente economici ma di qualit\u00e0 &#8211; tra cui <a href=\"https:\/\/buymodafinilonline.com\/smart-drugs\/vilafinil-200mg-tablets\/\">Vilafinil<\/a>, <a href=\"https:\/\/buymodafinilonline.com\/smart-drugs\/modafil-md-200-mg-sublingual-tablets\/\">Modafil MD<\/a>, <a href=\"https:\/\/buymodafinilonline.com\/it\/smart-drug-it\/modavinil-200-mg\/\">Modavinil<\/a>, <a href=\"https:\/\/buymodafinilonline.com\/smart-drugs\/artvigil-150-mg-tablets\/\">Artvigil<\/a>, <a href=\"https:\/\/buymodafinilonline.com\/it\/smart-drug-it\/modapro-200-mg\/\">Modapro<\/a> e altri farmaci. Vendiamo tutti gli eugeroici al costo di produzione.<\/p>\n<p>Offriamo <a href=\"https:\/\/buymodafinilonline.com\/free-trial\/\">pacchetti di campioni gratuiti<\/a> di armodafinil e modafinil, in modo che i clienti possano testare la loro efficacia e sicurezza prima dell&#8217;acquisto. Le confezioni di prova dei farmaci sono certamente necessarie se si \u00e8 alle prime armi con le &#8220;smart drugs&#8221;.<\/p>\n<p>Provate diverse opzioni di pagamento, tra cui <a href=\"https:\/\/buymodafinilonline.com\/bitcoin-payment\/\">Bitcoin<\/a> (con uno sconto del 23%), PayPal Zelle, Poli, bonifico bancario SEPA o carta di credito. Offriamo uno <a href=\"https:\/\/buymodafinilonline.com\/order-tracking\/\">strumento di tracciamento dei pacchi<\/a> e la spedizione dei pacchi \u00e8 ultraveloce &#8211; a livello globale &#8211; tranne che per alcuni paesi elencati sul sito. Se un ordine non viene consegnato, lo rispediamo o vi <a href=\"https:\/\/buymodafinilonline.com\/refund-reshipment\/\">rimborsiamo completamente<\/a>.<\/p>\n<p>Inoltre, come cliente abituale, potete essere ricompensati con 10 compresse sublinguali di Modafil MD in omaggio. Offriamo anche altre <a href=\"https:\/\/buymodafinilonline.com\/coupons-deals-promo-codes\/\">grandi offerte<\/a>, codici coupon e sconti.<\/p>\n<p>Se state cercando il posto migliore per ordinare pillole di Armodavinil genuine, BMO \u00e8 la farmacia che fa per voi. I nostri servizi sono convenienti e affidabili.<\/p>\n[\/vc_column]\n<div id=\"gtx-trans\" style=\"position: absolute;left: 486px;top: 2986.57px\">\n<div class=\"gtx-trans-icon\"><\/div>\n<\/div>\n","protected":false},"excerpt":{"rendered":"<p>Armodavinil \u00e8 una versione generica del farmaco di marca Nuvigil\u00ae. \u00c8 un farmaco utilizzato per favorire la veglia nelle persone che soffrono di alcuni disturbi del sonno. Prodotta da Centurion Laboratories, questa compressa contiene armodafinil come principio attivo. Pu\u00f2 essere utilizzato anche come stimolatore cognitivo e di produttivit\u00e0 da parte di popolazioni sane. Acquistate questo farmaco altamente efficace dalla nostra e-pharmacy oggi a un prezzo basso e con consegna rapida. Offriamo anche 10 campioni di prova gratuiti di armodafinil e modafinil aggiunti al carrello, in modo da poterne testare l&#8217;efficacia e i benefici.<\/p>\n<p>Siamo inoltre lieti di invitarti a provare le nostre pillole <a href=\"https:\/\/buymodafinilonline.com\/smart-drugs\/saver-combo-pack\/\">Modvigil e Artvigil<\/a> a basso costo, che aumenteranno la tua resistenza alla fatica, e le altre marche di modafinil pi\u00f9 famose<a href=\"https:\/\/buymodafinilonline.com\/smart-drugs\/modafresh-200-mg-tablets\/\">: Modafresh<\/a>, <a href=\"https:\/\/buymodafinilonline.com\/smart-drugs\/modaheal-200-mg-tablets\/\">Modaheal<\/a>, <a href=\"https:\/\/buymodafinilonline.com\/smart-drugs\/modawake-200-mg-tablets\/\">Modawake<\/a>, <a href=\"https:\/\/buymodafinilonline.com\/smart-drugs\/vilafinil-200mg-tablets\/\">Vilafinil<\/a> e l&#8217;esclusivo <a href=\"https:\/\/buymodafinilonline.com\/smart-drugs\/modafil-md-200-mg-sublingual-tablets\/\">Modafil MD sublinguale<\/a>, disponibile solo nella nostra farmacia online, che \u00e8 uno dei nostri bestseller al gusto di menta per un assorbimento pi\u00f9 rapido e, quindi, un&#8217;insorgenza rapida degli effetti. Inoltre, i nostri nuovi bestseller contengono gli stessi principi attivi e sono puri come i nostri precedenti bestseller.<\/p>\n<p>Scoprite il nostro nuovo <a href=\"https:\/\/buymodafinilonline.com\/smart-drugs\/modavinil-armodavinil-superior-combo-pack\/\">Superior Combo Pack<\/a> che pu\u00f2 includere tutti i marchi sopra citati.<\/p>\n","protected":false},"featured_media":424088,"comment_status":"closed","ping_status":"closed","template":"","meta":{"_acf_changed":false},"product_brand":[],"product_cat":[3787],"product_tag":[4019],"class_list":{"0":"post-447041","1":"product","2":"type-product","3":"status-publish","4":"has-post-thumbnail","6":"product_cat-marchi-smart-drugs","7":"product_tag-armodafinil-it-2","9":"first","10":"instock","11":"sale","12":"shipping-taxable","13":"purchasable","14":"product-type-variable","15":"has-default-attributes"},"acf":[],"yoast_head":"<!-- This site is optimized with the Yoast SEO Premium plugin v23.6 (Yoast SEO v27.4) - https:\/\/yoast.com\/product\/yoast-seo-premium-wordpress\/ -->\n<title>Generico Armodavinil 150 MG (Armodafinil) Compresse No Rx - BuyModafinilOnline<\/title>\n<meta name=\"description\" content=\"Acquistare a buon mercato Armodavinil 150 mg compresse online dal produttore Centurion Laboratories. Ottenere generico Armodavinil (armodafinil) con il 23% di sconto per il pagamento Bitcoin a BuyModafinilOnline farmacia!\" \/>\n<meta name=\"robots\" content=\"index, follow, max-snippet:-1, max-image-preview:large, max-video-preview:-1\" \/>\n<link rel=\"canonical\" href=\"https:\/\/buymodafinilonline.com\/it\/smart-drug-it\/armodavinil-150-mg\/\" \/>\n<meta property=\"og:locale\" content=\"it_IT\" \/>\n<meta property=\"og:type\" content=\"article\" \/>\n<meta property=\"og:title\" content=\"Armodavinil 150 MG\" \/>\n<meta property=\"og:description\" content=\"Acquistare a buon mercato Armodavinil 150 mg compresse online dal produttore Centurion Laboratories. Ottenere generico Armodavinil (armodafinil) con il 23% di sconto per il pagamento Bitcoin a BuyModafinilOnline farmacia!\" \/>\n<meta property=\"og:url\" content=\"https:\/\/buymodafinilonline.com\/it\/smart-drug-it\/armodavinil-150-mg\/\" \/>\n<meta property=\"og:site_name\" content=\"BuyModafinilOnline.com\" \/>\n<meta property=\"article:modified_time\" content=\"2025-04-22T10:11:24+00:00\" \/>\n<meta property=\"og:image\" content=\"https:\/\/buymodafinilonline.com\/wp-content\/uploads\/2021\/07\/bmo-product-armodavinill-new.png\" \/>\n\t<meta property=\"og:image:width\" content=\"1280\" \/>\n\t<meta property=\"og:image:height\" content=\"1500\" \/>\n\t<meta property=\"og:image:type\" content=\"image\/png\" \/>\n<meta name=\"twitter:label1\" content=\"Tempo di lettura stimato\" \/>\n\t<meta name=\"twitter:data1\" content=\"6 minuti\" \/>\n<script type=\"application\/ld+json\" class=\"yoast-schema-graph\">{\"@context\":\"https:\\\/\\\/schema.org\",\"@graph\":[{\"@type\":\"WebPage\",\"@id\":\"https:\\\/\\\/buymodafinilonline.com\\\/it\\\/smart-drug-it\\\/armodavinil-150-mg\\\/\",\"url\":\"https:\\\/\\\/buymodafinilonline.com\\\/it\\\/smart-drug-it\\\/armodavinil-150-mg\\\/\",\"name\":\"Generico Armodavinil 150 MG (Armodafinil) Compresse No Rx - BuyModafinilOnline\",\"isPartOf\":{\"@id\":\"https:\\\/\\\/buymodafinilonline.com\\\/it\\\/#website\"},\"primaryImageOfPage\":{\"@id\":\"https:\\\/\\\/buymodafinilonline.com\\\/it\\\/smart-drug-it\\\/armodavinil-150-mg\\\/#primaryimage\"},\"image\":{\"@id\":\"https:\\\/\\\/buymodafinilonline.com\\\/it\\\/smart-drug-it\\\/armodavinil-150-mg\\\/#primaryimage\"},\"thumbnailUrl\":\"https:\\\/\\\/buymodafinilonline.com\\\/wp-content\\\/uploads\\\/2021\\\/07\\\/bmo-product-armodavinill-new.png\",\"datePublished\":\"2021-07-12T22:14:10+00:00\",\"dateModified\":\"2025-04-22T10:11:24+00:00\",\"description\":\"Acquistare a buon mercato Armodavinil 150 mg compresse online dal produttore Centurion Laboratories. Ottenere generico Armodavinil (armodafinil) con il 23% di sconto per il pagamento Bitcoin a BuyModafinilOnline farmacia!\",\"breadcrumb\":{\"@id\":\"https:\\\/\\\/buymodafinilonline.com\\\/it\\\/smart-drug-it\\\/armodavinil-150-mg\\\/#breadcrumb\"},\"inLanguage\":\"it-IT\",\"potentialAction\":[{\"@type\":\"ReadAction\",\"target\":[\"https:\\\/\\\/buymodafinilonline.com\\\/it\\\/smart-drug-it\\\/armodavinil-150-mg\\\/\"]}]},{\"@type\":\"ImageObject\",\"inLanguage\":\"it-IT\",\"@id\":\"https:\\\/\\\/buymodafinilonline.com\\\/it\\\/smart-drug-it\\\/armodavinil-150-mg\\\/#primaryimage\",\"url\":\"https:\\\/\\\/buymodafinilonline.com\\\/wp-content\\\/uploads\\\/2021\\\/07\\\/bmo-product-armodavinill-new.png\",\"contentUrl\":\"https:\\\/\\\/buymodafinilonline.com\\\/wp-content\\\/uploads\\\/2021\\\/07\\\/bmo-product-armodavinill-new.png\",\"width\":1280,\"height\":1500,\"caption\":\"Armodavinil Pills 150 mg\"},{\"@type\":\"BreadcrumbList\",\"@id\":\"https:\\\/\\\/buymodafinilonline.com\\\/it\\\/smart-drug-it\\\/armodavinil-150-mg\\\/#breadcrumb\",\"itemListElement\":[{\"@type\":\"ListItem\",\"position\":1,\"name\":\"Buy Modafinil Online\",\"item\":\"https:\\\/\\\/buymodafinilonline.com\\\/it\\\/\"},{\"@type\":\"ListItem\",\"position\":2,\"name\":\"Negozio\",\"item\":\"https:\\\/\\\/buymodafinilonline.com\\\/it\\\/negozio\\\/\"},{\"@type\":\"ListItem\",\"position\":3,\"name\":\"Marchi Smart Drugs\",\"item\":\"https:\\\/\\\/buymodafinilonline.com\\\/it\\\/categoria-di-prodotto\\\/marchi-smart-drugs\\\/\"},{\"@type\":\"ListItem\",\"position\":4,\"name\":\"Armodavinil 150 MG\"}]},{\"@type\":\"WebSite\",\"@id\":\"https:\\\/\\\/buymodafinilonline.com\\\/it\\\/#website\",\"url\":\"https:\\\/\\\/buymodafinilonline.com\\\/it\\\/\",\"name\":\"BuyModafinilOnline.com\",\"description\":\"Modafinil Online Pharmacy\",\"publisher\":{\"@id\":\"https:\\\/\\\/buymodafinilonline.com\\\/it\\\/#organization\"},\"potentialAction\":[{\"@type\":\"SearchAction\",\"target\":{\"@type\":\"EntryPoint\",\"urlTemplate\":\"https:\\\/\\\/buymodafinilonline.com\\\/it\\\/?s={search_term_string}\"},\"query-input\":{\"@type\":\"PropertyValueSpecification\",\"valueRequired\":true,\"valueName\":\"search_term_string\"}}],\"inLanguage\":\"it-IT\"},{\"@type\":\"Organization\",\"@id\":\"https:\\\/\\\/buymodafinilonline.com\\\/it\\\/#organization\",\"name\":\"BuyModafinilOnline\",\"url\":\"https:\\\/\\\/buymodafinilonline.com\\\/it\\\/\",\"logo\":{\"@type\":\"ImageObject\",\"inLanguage\":\"it-IT\",\"@id\":\"https:\\\/\\\/buymodafinilonline.com\\\/it\\\/#\\\/schema\\\/logo\\\/image\\\/\",\"url\":\"https:\\\/\\\/buymodafinilonline.com\\\/wp-content\\\/uploads\\\/2020\\\/04\\\/logo-buy-modafinil-online-yellow.png\",\"contentUrl\":\"https:\\\/\\\/buymodafinilonline.com\\\/wp-content\\\/uploads\\\/2020\\\/04\\\/logo-buy-modafinil-online-yellow.png\",\"width\":200,\"height\":200,\"caption\":\"BuyModafinilOnline\"},\"image\":{\"@id\":\"https:\\\/\\\/buymodafinilonline.com\\\/it\\\/#\\\/schema\\\/logo\\\/image\\\/\"}}]}<\/script>\n<!-- \/ Yoast SEO Premium plugin. -->","yoast_head_json":{"title":"Generico Armodavinil 150 MG (Armodafinil) Compresse No Rx - BuyModafinilOnline","description":"Acquistare a buon mercato Armodavinil 150 mg compresse online dal produttore Centurion Laboratories. Ottenere generico Armodavinil (armodafinil) con il 23% di sconto per il pagamento Bitcoin a BuyModafinilOnline farmacia!","robots":{"index":"index","follow":"follow","max-snippet":"max-snippet:-1","max-image-preview":"max-image-preview:large","max-video-preview":"max-video-preview:-1"},"canonical":"https:\/\/buymodafinilonline.com\/it\/smart-drug-it\/armodavinil-150-mg\/","og_locale":"it_IT","og_type":"article","og_title":"Armodavinil 150 MG","og_description":"Acquistare a buon mercato Armodavinil 150 mg compresse online dal produttore Centurion Laboratories. Ottenere generico Armodavinil (armodafinil) con il 23% di sconto per il pagamento Bitcoin a BuyModafinilOnline farmacia!","og_url":"https:\/\/buymodafinilonline.com\/it\/smart-drug-it\/armodavinil-150-mg\/","og_site_name":"BuyModafinilOnline.com","article_modified_time":"2025-04-22T10:11:24+00:00","og_image":[{"width":1280,"height":1500,"url":"https:\/\/buymodafinilonline.com\/wp-content\/uploads\/2021\/07\/bmo-product-armodavinill-new.png","type":"image\/png"}],"twitter_misc":{"Tempo di lettura stimato":"6 minuti"},"schema":{"@context":"https:\/\/schema.org","@graph":[{"@type":"WebPage","@id":"https:\/\/buymodafinilonline.com\/it\/smart-drug-it\/armodavinil-150-mg\/","url":"https:\/\/buymodafinilonline.com\/it\/smart-drug-it\/armodavinil-150-mg\/","name":"Generico Armodavinil 150 MG (Armodafinil) Compresse No Rx - BuyModafinilOnline","isPartOf":{"@id":"https:\/\/buymodafinilonline.com\/it\/#website"},"primaryImageOfPage":{"@id":"https:\/\/buymodafinilonline.com\/it\/smart-drug-it\/armodavinil-150-mg\/#primaryimage"},"image":{"@id":"https:\/\/buymodafinilonline.com\/it\/smart-drug-it\/armodavinil-150-mg\/#primaryimage"},"thumbnailUrl":"https:\/\/buymodafinilonline.com\/wp-content\/uploads\/2021\/07\/bmo-product-armodavinill-new.png","datePublished":"2021-07-12T22:14:10+00:00","dateModified":"2025-04-22T10:11:24+00:00","description":"Acquistare a buon mercato Armodavinil 150 mg compresse online dal produttore Centurion Laboratories. Ottenere generico Armodavinil (armodafinil) con il 23% di sconto per il pagamento Bitcoin a BuyModafinilOnline farmacia!","breadcrumb":{"@id":"https:\/\/buymodafinilonline.com\/it\/smart-drug-it\/armodavinil-150-mg\/#breadcrumb"},"inLanguage":"it-IT","potentialAction":[{"@type":"ReadAction","target":["https:\/\/buymodafinilonline.com\/it\/smart-drug-it\/armodavinil-150-mg\/"]}]},{"@type":"ImageObject","inLanguage":"it-IT","@id":"https:\/\/buymodafinilonline.com\/it\/smart-drug-it\/armodavinil-150-mg\/#primaryimage","url":"https:\/\/buymodafinilonline.com\/wp-content\/uploads\/2021\/07\/bmo-product-armodavinill-new.png","contentUrl":"https:\/\/buymodafinilonline.com\/wp-content\/uploads\/2021\/07\/bmo-product-armodavinill-new.png","width":1280,"height":1500,"caption":"Armodavinil Pills 150 mg"},{"@type":"BreadcrumbList","@id":"https:\/\/buymodafinilonline.com\/it\/smart-drug-it\/armodavinil-150-mg\/#breadcrumb","itemListElement":[{"@type":"ListItem","position":1,"name":"Buy Modafinil Online","item":"https:\/\/buymodafinilonline.com\/it\/"},{"@type":"ListItem","position":2,"name":"Negozio","item":"https:\/\/buymodafinilonline.com\/it\/negozio\/"},{"@type":"ListItem","position":3,"name":"Marchi Smart Drugs","item":"https:\/\/buymodafinilonline.com\/it\/categoria-di-prodotto\/marchi-smart-drugs\/"},{"@type":"ListItem","position":4,"name":"Armodavinil 150 MG"}]},{"@type":"WebSite","@id":"https:\/\/buymodafinilonline.com\/it\/#website","url":"https:\/\/buymodafinilonline.com\/it\/","name":"BuyModafinilOnline.com","description":"Modafinil Online Pharmacy","publisher":{"@id":"https:\/\/buymodafinilonline.com\/it\/#organization"},"potentialAction":[{"@type":"SearchAction","target":{"@type":"EntryPoint","urlTemplate":"https:\/\/buymodafinilonline.com\/it\/?s={search_term_string}"},"query-input":{"@type":"PropertyValueSpecification","valueRequired":true,"valueName":"search_term_string"}}],"inLanguage":"it-IT"},{"@type":"Organization","@id":"https:\/\/buymodafinilonline.com\/it\/#organization","name":"BuyModafinilOnline","url":"https:\/\/buymodafinilonline.com\/it\/","logo":{"@type":"ImageObject","inLanguage":"it-IT","@id":"https:\/\/buymodafinilonline.com\/it\/#\/schema\/logo\/image\/","url":"https:\/\/buymodafinilonline.com\/wp-content\/uploads\/2020\/04\/logo-buy-modafinil-online-yellow.png","contentUrl":"https:\/\/buymodafinilonline.com\/wp-content\/uploads\/2020\/04\/logo-buy-modafinil-online-yellow.png","width":200,"height":200,"caption":"BuyModafinilOnline"},"image":{"@id":"https:\/\/buymodafinilonline.com\/it\/#\/schema\/logo\/image\/"}}]}},"_links":{"self":[{"href":"https:\/\/buymodafinilonline.com\/it\/wp-json\/wp\/v2\/product\/447041","targetHints":{"allow":["GET"]}}],"collection":[{"href":"https:\/\/buymodafinilonline.com\/it\/wp-json\/wp\/v2\/product"}],"about":[{"href":"https:\/\/buymodafinilonline.com\/it\/wp-json\/wp\/v2\/types\/product"}],"replies":[{"embeddable":true,"href":"https:\/\/buymodafinilonline.com\/it\/wp-json\/wp\/v2\/comments?post=447041"}],"wp:featuredmedia":[{"embeddable":true,"href":"https:\/\/buymodafinilonline.com\/it\/wp-json\/wp\/v2\/media\/424088"}],"wp:attachment":[{"href":"https:\/\/buymodafinilonline.com\/it\/wp-json\/wp\/v2\/media?parent=447041"}],"wp:term":[{"taxonomy":"product_brand","embeddable":true,"href":"https:\/\/buymodafinilonline.com\/it\/wp-json\/wp\/v2\/product_brand?post=447041"},{"taxonomy":"product_cat","embeddable":true,"href":"https:\/\/buymodafinilonline.com\/it\/wp-json\/wp\/v2\/product_cat?post=447041"},{"taxonomy":"product_tag","embeddable":true,"href":"https:\/\/buymodafinilonline.com\/it\/wp-json\/wp\/v2\/product_tag?post=447041"}],"curies":[{"name":"wp","href":"https:\/\/api.w.org\/{rel}","templated":true}]}}