{"id":408329,"date":"2020-04-18T20:35:27","date_gmt":"2020-04-18T19:35:27","guid":{"rendered":"https:\/\/buymodafinilonline.com\/smart-drugs\/generieke-nuvigil-150-mg\/"},"modified":"2025-04-23T10:21:12","modified_gmt":"2025-04-23T09:21:12","slug":"generieke-nuvigil-150-mg","status":"publish","type":"product","link":"https:\/\/buymodafinilonline.com\/nl\/smart-drugs-nl\/generieke-nuvigil-150-mg\/","title":{"rendered":"Generieke Nuvigil 150 mg"},"content":{"rendered":"[vc_column width=&#8221;1\/2&#8243;]\n<div class=\"su-divider su-divider-style-default\" style=\"margin:10px 0;border-width:3px;border-color:#ffffff00\"><a href=\"#\" style=\"color:#ffffff009\">.<\/a><\/div>\n<h2>Wat is generieke Nuvigil 150 mg?<\/h2>\n<div class=\"su-divider su-divider-style-default\" style=\"margin:10px 0;border-width:3px;border-color:#ffffff00\"><a href=\"#\" style=\"color:#ffffff009\">.<\/a><\/div>\nNuvigil\u00ae is een merkgeneesmiddel van Cephalon, Inc., goedgekeurd door de Food and Drug Administration (FDA) in 2007. Het bevat armodafinil als een actief ingredi\u00ebnt. Vanwege het verstrijken van het patent,<a href=\"https:\/\/buymodafinilonline.com\/nl\/smart-drugs-nl\/artvigil-150mg\/\"> Artvigil<\/a> &#8211; bio-equivalent aan Nuvigil\u00ae &#8211; kwam naar voren als een veelgevraagd medicijn vanwege de lage kosten (meer dan 90% goedkoper in vergelijking met het oorspronkelijke medicijn) en het bredere off-label gebruik.<\/p>\n<p>Generic Nuvigil med bevordert de waakzaamheid bij personen met slaapgebrek als gevolg van obstructieve slaapapneu (OSA), narcolepsie en slaapstoornis in ploegendienst (SWSD). Generieke Nuvigil 150 mg helpt effectief mensen die getroffen zijn door slaapstoornissen om wakker te blijven en vermindert de neiging om overdag of op het werk in slaap te vallen.<\/p>\n<p>Wat off-label doeleinden betreft, wordt het gebruikt voor verschillende gezondheidsproblemen, waaronder aandachtstekortstoornis met hyperactiviteit (ADHD), depressie, multiple sclerose, jetlag, de ziekte van Parkinson en cognitieve stoornissen.<\/p>\n<p>Als een cognitieve versterker en productiviteitsverhoger worden armodafinil-medicijnen veel gebruikt door topmanagers, sportpersoneel, studenten, werknemers en andere professionals om hun vermogen om te plannen, beslissingen te nemen en positieve effecten te bereiken te verbeteren.<\/p>\n<div class=\"su-divider su-divider-style-default\" style=\"margin:10px 0;border-width:3px;border-color:#ffffff00\"><a href=\"#\" style=\"color:#ffffff009\">.<\/a><\/div>\n<div class=\"su-divider su-divider-style-default\" style=\"margin:10px 0;border-width:3px;border-color:#ffffff00\"><a href=\"#\" style=\"color:#ffffff009\">.<\/a><\/div>\n<h2><strong>Hoe tablets werken<\/strong><\/h2>\n<div class=\"su-divider su-divider-style-default\" style=\"margin:10px 0;border-width:3px;border-color:#ffffff00\"><a href=\"#\" style=\"color:#ffffff009\">.<\/a><\/div>\nArmodafinil (de (R) -isomeer van racemisch<a href=\"https:\/\/buymodafinilonline.com\/nl\/de-waarheid-over-modafinil\/\"> modafinil<\/a> ) het exacte werkingsmechanisme blijft onbekend. Men denkt echter dat het functioneert door de niveaus van verschillende chemische boodschappers zoals histamine, glutamaat en orexine te moduleren in de delen van de hersenen die slaap en waakzaamheid reguleren.<\/p>\n<p>Het remt ook de heropname van de neurotransmitter dopamine. Dit laatste werkt als een natuurlijk beloningssysteem in de hersenen en de verhoogde concentraties ervan leiden tot verbeterde cognitieve functie, mentale scherpte, energie, geheugen, alertheid, concentratie, waakzaamheid en andere voordelen.<\/p>\n<p>Generieke Nuvigil 150 mg is 1,33 keer effectiever dan racemisch modafinil. Het vermijdt onnodig gebruik van (S) -isomeer en oefent minder metabolische belasting uit op het lichaam.<\/p>\n<div class=\"su-divider su-divider-style-default\" style=\"margin:15px 0;border-width:3px;border-color:#ffffff00\"><a href=\"#\" style=\"color:#ffffff009\">.<\/a><\/div>\n<div class=\"su-divider su-divider-style-default\" style=\"margin:10px 0;border-width:3px;border-color:#ffffff00\"><a href=\"#\" style=\"color:#ffffff009\">.<\/a><\/div>\n<h2><strong>Veilige dosering en correct gebruik<\/strong><\/h2>\n<div class=\"su-divider su-divider-style-default\" style=\"margin:10px 0;border-width:3px;border-color:#ffffff00\"><a href=\"#\" style=\"color:#ffffff009\">.<\/a><\/div>\nGenerieke Nuvigil 150 mg is de aanbevolen dagelijkse dosis sterkte voorgeschreven door een arts. Voor een veilige dosering, laat uw medisch specialist uw gezondheid beoordelen om te bepalen of deze nootropic het beste voor u is, afhankelijk van het resultaat van uw gezondheidstoestand.<\/p>\n<p>Generieke Nuvigil 150 mg moet worden ingenomen volgens het recept. Om de symptomen van narcolepsie en OSA te verminderen, moet het eenmaal daags &#8216;s ochtends worden toegediend. Voor SWSD of cognitieve \/ productiviteitsverbetering duurt het een uur voor de dienst of voor een geplande taak die een hogere cognitieve functie of productiviteit vereist.<\/p>\n<p>Neem niet meer dan \u00e9\u00e9n tablet op \u00e9\u00e9n dag in, aangezien dit tot een overdosis kan leiden.<\/p>\n<p>Als bij u een ernstige leverfunctiestoornis wordt vastgesteld, moet de dosis Generic Nuvigil 150 mg met de helft worden verminderd of volgens het recept van een arts.<\/p>\n<div class=\"su-divider su-divider-style-default\" style=\"margin:15px 0;border-width:3px;border-color:#ffffff00\"><a href=\"#\" style=\"color:#ffffff009\">.<\/a><\/div>\n<div class=\"su-divider su-divider-style-default\" style=\"margin:10px 0;border-width:3px;border-color:#ffffff00\"><a href=\"#\" style=\"color:#ffffff009\">.<\/a><\/div>\n<h2><strong>Mogelijke bijwerkingen<\/strong><\/h2>\n<div class=\"su-divider su-divider-style-default\" style=\"margin:10px 0;border-width:3px;border-color:#ffffff00\"><a href=\"#\" style=\"color:#ffffff009\">.<\/a><\/div>\nArmodafinil is veilig als het wordt ingenomen door gezonde personen zonder enige gezondheidsaandoening. Bijwerkingen komen zelden voor en zijn meestal van korte duur. Volg de instructies op de bijsluiter om het risico op complicaties te verkleinen.<\/p>\n<p>Veel voorkomende negatieve effecten die verband houden met het gebruik van Generic Nuvigil zijn: hoofdpijn, duizeligheid, misselijkheid, maagklachten, diarree, slaapproblemen, zich angstig of nerveus voelen.<\/p>\n<p>Zeldzame maar ernstigere bijwerkingen zijn koorts en koude rillingen, verwardheid, huiduitslag of allergische reactie, hallucinaties, manie, pijn op de borst, zelfmoordgedachten, depressie, moeite met ademhalen, Stevens-Johnson-syndroom en andere.<\/p>\n[\/vc_column][vc_column width=&#8221;1\/2&#8243;]\n<div class=\"su-divider su-divider-style-default\" style=\"margin:10px 0;border-width:3px;border-color:#ffffff00\"><a href=\"#\" style=\"color:#ffffff009\">.<\/a><\/div>\nDit medicijn kan ook uw reacties en denken verminderen, dus rijd niet, bedien geen zware machines en doe niets dat mentale focus, concentratie en aandacht vereist totdat u ziet hoe het uw lichaam be\u00efnvloedt. Zoek medische hulp als er zich vreemde symptomen voordoen en deze na verloop van tijd niet verdwijnen na inname van armodafinil.<\/p>\n<div class=\"su-divider su-divider-style-default\" style=\"margin:15px 0;border-width:3px;border-color:#ffffff00\"><a href=\"#\" style=\"color:#ffffff009\">.<\/a><\/div>\n<div class=\"su-divider su-divider-style-default\" style=\"margin:10px 0;border-width:3px;border-color:#ffffff00\"><a href=\"#\" style=\"color:#ffffff009\">.<\/a><\/div>\n<h2><strong>Contra-indicaties en voorzorgsmaatregelen<\/strong><\/h2>\n<div class=\"su-divider su-divider-style-default\" style=\"margin:10px 0;border-width:3px;border-color:#ffffff00\"><a href=\"#\" style=\"color:#ffffff009\">.<\/a><\/div>\nGeneric Nuvigil is veilig als het wordt ingenomen zonder te mengen met andere medicijnen. Het wordt aanbevolen om een volledige lijst van andere geneesmiddelen die u gebruikt, voorgeschreven of niet-voorgeschreven medicijnen of kruidengeneesmiddelen, ter beoordeling aan een medisch specialist te geven.<\/p>\n<p>Dit medicijn wordt niet aanbevolen voor gebruik bij personen die allergisch zijn voor no\u00f6tropica.<\/p>\n<p>Bovendien wordt het zwangere vrouwen en moeders die borstvoeding geven niet aangeraden om armodafinil in te nemen.<\/p>\n<p>Als het nodig is, moet een medisch specialist de mogelijke risico&#8217;s en voordelen bespreken voordat Generic Nuvigil 150 mg medicatie wordt voorgeschreven.<\/p>\n<p>Generieke Nuvigil werkt goed met de meeste voedingsmiddelen, maar bepaalde producten kunnen de werking ervan vertragen. Het mengen van deze stof met alcohol wordt niet aanbevolen. Het kan het risico op slaperigheid, verminderd beoordelingsvermogen en duizeligheid verhogen, naast andere ongekende negatieve effecten.<\/p>\n<p>Mogelijke interacties met andere medicijnen zijn onder meer:<\/p>\n<div class=\"su-divider su-divider-style-default\" style=\"margin:15px 0;border-width:3px;border-color:#ffffff00\"><a href=\"#\" style=\"color:#ffffff009\">.<\/a><\/div>\n<div class=\"su-divider su-divider-style-default\" style=\"margin:10px 0;border-width:3px;border-color:#ffffff00\"><a href=\"#\" style=\"color:#ffffff009\">.<\/a><\/div>\n<ul>\n<li>bloedverdunners zoals warfarine;<\/li>\n<li>anticonceptie medicijnen;<\/li>\n<li>MAO-remmers;<\/li>\n<li>CYP3A4 \/ 5 &amp; CYP2C19-substraten;<\/li>\n<li>CNS-stimulerende middelen en andere.<\/li>\n<\/ul>\n<div class=\"su-divider su-divider-style-default\" style=\"margin:10px 0;border-width:3px;border-color:#ffffff00\"><a href=\"#\" style=\"color:#ffffff009\">.<\/a><\/div>\nOok kan er ziekte-interactie optreden. Stel uw medisch specialist op de hoogte van uw gezondheidstoestand, waaronder hart-, nier- of leverproblemen en een voorgeschiedenis van toevallen, naast andere ziekten, voordat u armodafinil med inneemt.<\/p>\n<div class=\"su-divider su-divider-style-default\" style=\"margin:15px 0;border-width:3px;border-color:#ffffff00\"><a href=\"#\" style=\"color:#ffffff009\">.<\/a><\/div>\n<div class=\"su-divider su-divider-style-default\" style=\"margin:10px 0;border-width:3px;border-color:#ffffff00\"><a href=\"#\" style=\"color:#ffffff009\">.<\/a><\/div>\n<h2><strong>Ervaring van de consument<\/strong><\/h2>\n<div class=\"su-divider su-divider-style-default\" style=\"margin:10px 0;border-width:3px;border-color:#ffffff00\"><a href=\"#\" style=\"color:#ffffff009\">.<\/a><\/div>\nRecensenten, vooral topmanagers, hebben beweerd dat Generic Nuvigil hun weerstand tegen vermoeidheid verhoogt en hun humeur en productiviteit verbetert als het gaat om het uitvoeren van complexe taken die planning en uitvoerende hersenfunctie vereisen.<\/p>\n<p>Recensies van gezonde werknemers en mensen die getroffen zijn door SWSD, stellen dat de nootropic hun vermoeidheidsniveaus, reactietijd en waakzaamheid verbetert.<\/p>\n<p>Volgens studenten geeft dit medicijn hen het voordeel om te verbeteren op studies en top in examens. Generic Nuvigil werkt echter niet voor iedereen. Het is noodzakelijk om de voordelen en risico&#8217;s van dit medicijn met een medisch specialist te bespreken.<\/p>\n<div class=\"su-divider su-divider-style-default\" style=\"margin:15px 0;border-width:3px;border-color:#ffffff00\"><a href=\"#\" style=\"color:#ffffff009\">.<\/a><\/div>\n<div class=\"su-divider su-divider-style-default\" style=\"margin:10px 0;border-width:3px;border-color:#ffffff00\"><a href=\"#\" style=\"color:#ffffff009\">.<\/a><\/div>\n<h2><strong>Koop generieke Nuvigil 150 mg (Armodafinil) tabletten online<\/strong><\/h2>\n<div class=\"su-divider su-divider-style-default\" style=\"margin:10px 0;border-width:3px;border-color:#ffffff00\"><a href=\"#\" style=\"color:#ffffff009\">.<\/a><\/div>\nBuyModafinilOnline is de beste online leverancier die Generic Nuvigil en andere geneesmiddelen van goedgekeurde Indiase fabrikanten koopt, zoals<a href=\"https:\/\/buymodafinilonline.com\/nl\/kunnen-we-sun-pharma-en-hab-pharma-vertrouwen\/\"> Sun Pharma en HAB Pharma<\/a> . Over-the-counter (OTC) armodafinil-medicijnen die te koop zijn, omvatten<a href=\"https:\/\/buymodafinilonline.com\/nl\/smart-drugs-nl\/waklert-150-mg-tablets\/\"> Waklert<\/a> , Artvigil,<a href=\"https:\/\/buymodafinilonline.com\/nl\/smart-drugs-nl\/armod-150-mg\/\"> Armod<\/a> , enzovoort.<\/p>\n<p>Generieke Nuvigil 150 mg tabletten zijn goedkoop bij BuyModafinilOnline. Als legitieme no\u00f6tropische leverancier bieden we &#8220;<a href=\"https:\/\/buymodafinilonline.com\/smart-drugs-brands\/\"> slimme drugs<\/a> \u201dTegen fabricagekosten zonder verzekering. Wij bieden ook<a href=\"https:\/\/buymodafinilonline.com\/free-trial\/\"> gratis monsters van Modalert &amp; Artvigil<\/a> tablets, zodat onze klanten de kwaliteit van onze medicijnen kunnen testen voordat ze worden gekocht.<\/p>\n<p>We bieden onze kopers prijsverlagende ervaringen, zoals het gebruik van kortingsbonnen, promotiecodes en kortingen. Hoe meer pillen u bestelt, hoe lager de kosten! Voor elke bestelling accepteren we verschillende betalingsopties, waaronder <a href=\"https:\/\/buymodafinilonline.com\/nl\/betaal-met-bitcoin\/\">Bitcoin<\/a> (23% korting), PayPal en de belangrijkste creditcards.<\/p>\n<p>Onze<a href=\"https:\/\/buymodafinilonline.com\/nl\/beste-modafinil-leverancier-nederland\/\"> Verzenden<\/a> is supersnel. Gratis verzending is beschikbaar voor bestellingen van meer dan $ 80 bij gebruik van aangetekende luchtpost (een standaard verzendmethode) en voor meer dan $ 150 via Express Mail Service (EMS). In het geval van een mislukte levering, bieden we 100% restitutie of gratis terugzending.<\/p>\n<div class=\"su-divider su-divider-style-default\" style=\"margin:15px 0;border-width:3px;border-color:#ffffff00\"><a href=\"#\" style=\"color:#ffffff009\">.<\/a><\/div>\n[\/vc_column]\n<div class=\"su-divider su-divider-style-default\" style=\"margin:10px 0;border-width:3px;border-color:#ffffff00\"><a href=\"#\" style=\"color:#ffffff009\">.<\/a><\/div>\n","protected":false},"excerpt":{"rendered":"<p>Generieke Nuvigil 150 mg is een armodafinil-medicijn, bekend onder de merknaam Nuvigil\u00ae. Generieke Nuvigil wordt geproduceerd door HAB Pharma. Dit medicijn wordt gebruikt om verschillende slaapstoornissen te behandelen. Het werkt ook als een cognitieve en productiviteitsverbeteraar, aangezien gezonde mensen het op grote schaal gebruiken.<\/p>\n<p>Koop Generic Nuvigil van hoge kwaliteit tegen de laagste kosten van onze online apotheek. We bieden ook gratis proefmonsters van modafinil- en armodafinil-alternatieven. Koop een gewenste nootropic en ervaar een supersnelle gegarandeerde verzending tot aan uw deur!<\/p>\n[su_divider top=\"yes\" text=\".\" anchor=\"#\" style=\"default\" divider_color=\"#ffffff00\" link_color=\"#ffffff009\" size=\"3\" margin=\"10\" class=\"\"]\n[sc name=\"s1\"]\n","protected":false},"featured_media":398145,"comment_status":"open","ping_status":"closed","template":"","meta":{"_acf_changed":false},"product_brand":[],"product_cat":[4229,3783],"product_tag":[4034],"class_list":{"0":"post-408329","1":"product","2":"type-product","3":"status-publish","4":"has-post-thumbnail","6":"product_cat-generieke","7":"product_cat-smart-drugs-merken","8":"product_tag-armodafinil-nl-2","10":"first","11":"instock","12":"sale","13":"shipping-taxable","14":"purchasable","15":"product-type-variable","16":"has-default-attributes"},"acf":[],"yoast_head":"<!-- This site is optimized with the Yoast SEO Premium plugin v23.6 (Yoast SEO v27.4) - https:\/\/yoast.com\/product\/yoast-seo-premium-wordpress\/ -->\n<title>Koop generieke Nuvigil 150 mg (Armodafinil) geneesmiddelen tegen een lage prijs - BuyModafinilOnline<\/title>\n<meta name=\"description\" content=\"Aankoop Generic Nuvigil 150 mg tabletten online van Indiase fabrikant. Koop generieke Nuvigil 150 mg (armodafinil) pillen zonder recept bij de BuyModafinilOnline apotheek. Betaal met PayPal, creditcard of BTC en ontvang geweldige kortingen!\" \/>\n<meta name=\"robots\" content=\"index, follow, max-snippet:-1, max-image-preview:large, max-video-preview:-1\" \/>\n<link rel=\"canonical\" href=\"https:\/\/buymodafinilonline.com\/nl\/smart-drugs-nl\/generieke-nuvigil-150-mg\/\" \/>\n<meta property=\"og:locale\" content=\"nl_NL\" \/>\n<meta property=\"og:type\" content=\"article\" \/>\n<meta property=\"og:title\" content=\"Generieke Nuvigil 150 mg\" \/>\n<meta property=\"og:description\" content=\"Aankoop Generic Nuvigil 150 mg tabletten online van Indiase fabrikant. Koop generieke Nuvigil 150 mg (armodafinil) pillen zonder recept bij de BuyModafinilOnline apotheek. Betaal met PayPal, creditcard of BTC en ontvang geweldige kortingen!\" \/>\n<meta property=\"og:url\" content=\"https:\/\/buymodafinilonline.com\/nl\/smart-drugs-nl\/generieke-nuvigil-150-mg\/\" \/>\n<meta property=\"og:site_name\" content=\"BuyModafinilOnline.com\" \/>\n<meta property=\"article:modified_time\" content=\"2025-04-23T09:21:12+00:00\" \/>\n<meta property=\"og:image\" content=\"https:\/\/buymodafinilonline.com\/wp-content\/uploads\/2020\/04\/bmo-product-generic-nuvigil-150-mg.png\" \/>\n\t<meta property=\"og:image:width\" content=\"1280\" \/>\n\t<meta property=\"og:image:height\" content=\"1500\" \/>\n\t<meta property=\"og:image:type\" content=\"image\/png\" \/>\n<meta name=\"twitter:label1\" content=\"Geschatte leestijd\" \/>\n\t<meta name=\"twitter:data1\" content=\"6 minuten\" \/>\n<script type=\"application\/ld+json\" class=\"yoast-schema-graph\">{\"@context\":\"https:\\\/\\\/schema.org\",\"@graph\":[{\"@type\":\"WebPage\",\"@id\":\"https:\\\/\\\/buymodafinilonline.com\\\/nl\\\/smart-drugs-nl\\\/generieke-nuvigil-150-mg\\\/\",\"url\":\"https:\\\/\\\/buymodafinilonline.com\\\/nl\\\/smart-drugs-nl\\\/generieke-nuvigil-150-mg\\\/\",\"name\":\"Koop generieke Nuvigil 150 mg (Armodafinil) geneesmiddelen tegen een lage prijs - BuyModafinilOnline\",\"isPartOf\":{\"@id\":\"https:\\\/\\\/buymodafinilonline.com\\\/nl\\\/#website\"},\"primaryImageOfPage\":{\"@id\":\"https:\\\/\\\/buymodafinilonline.com\\\/nl\\\/smart-drugs-nl\\\/generieke-nuvigil-150-mg\\\/#primaryimage\"},\"image\":{\"@id\":\"https:\\\/\\\/buymodafinilonline.com\\\/nl\\\/smart-drugs-nl\\\/generieke-nuvigil-150-mg\\\/#primaryimage\"},\"thumbnailUrl\":\"https:\\\/\\\/buymodafinilonline.com\\\/wp-content\\\/uploads\\\/2020\\\/04\\\/bmo-product-generic-nuvigil-150-mg.png\",\"datePublished\":\"2020-04-18T19:35:27+00:00\",\"dateModified\":\"2025-04-23T09:21:12+00:00\",\"description\":\"Aankoop Generic Nuvigil 150 mg tabletten online van Indiase fabrikant. Koop generieke Nuvigil 150 mg (armodafinil) pillen zonder recept bij de BuyModafinilOnline apotheek. Betaal met PayPal, creditcard of BTC en ontvang geweldige kortingen!\",\"breadcrumb\":{\"@id\":\"https:\\\/\\\/buymodafinilonline.com\\\/nl\\\/smart-drugs-nl\\\/generieke-nuvigil-150-mg\\\/#breadcrumb\"},\"inLanguage\":\"nl-NL\",\"potentialAction\":[{\"@type\":\"ReadAction\",\"target\":[\"https:\\\/\\\/buymodafinilonline.com\\\/nl\\\/smart-drugs-nl\\\/generieke-nuvigil-150-mg\\\/\"]}]},{\"@type\":\"ImageObject\",\"inLanguage\":\"nl-NL\",\"@id\":\"https:\\\/\\\/buymodafinilonline.com\\\/nl\\\/smart-drugs-nl\\\/generieke-nuvigil-150-mg\\\/#primaryimage\",\"url\":\"https:\\\/\\\/buymodafinilonline.com\\\/wp-content\\\/uploads\\\/2020\\\/04\\\/bmo-product-generic-nuvigil-150-mg.png\",\"contentUrl\":\"https:\\\/\\\/buymodafinilonline.com\\\/wp-content\\\/uploads\\\/2020\\\/04\\\/bmo-product-generic-nuvigil-150-mg.png\",\"width\":1280,\"height\":1500,\"caption\":\"Generieke Nuvigil 150 mg\"},{\"@type\":\"BreadcrumbList\",\"@id\":\"https:\\\/\\\/buymodafinilonline.com\\\/nl\\\/smart-drugs-nl\\\/generieke-nuvigil-150-mg\\\/#breadcrumb\",\"itemListElement\":[{\"@type\":\"ListItem\",\"position\":1,\"name\":\"Buy Modafinil Online\",\"item\":\"https:\\\/\\\/buymodafinilonline.com\\\/nl\\\/\"},{\"@type\":\"ListItem\",\"position\":2,\"name\":\"Winkel\",\"item\":\"https:\\\/\\\/buymodafinilonline.com\\\/nl\\\/winkel\\\/\"},{\"@type\":\"ListItem\",\"position\":3,\"name\":\"Generieke\",\"item\":\"https:\\\/\\\/buymodafinilonline.com\\\/nl\\\/productcategorie\\\/generieke\\\/\"},{\"@type\":\"ListItem\",\"position\":4,\"name\":\"Generieke Nuvigil 150 mg\"}]},{\"@type\":\"WebSite\",\"@id\":\"https:\\\/\\\/buymodafinilonline.com\\\/nl\\\/#website\",\"url\":\"https:\\\/\\\/buymodafinilonline.com\\\/nl\\\/\",\"name\":\"BuyModafinilOnline.com\",\"description\":\"Modafinil Online Pharmacy\",\"publisher\":{\"@id\":\"https:\\\/\\\/buymodafinilonline.com\\\/nl\\\/#organization\"},\"potentialAction\":[{\"@type\":\"SearchAction\",\"target\":{\"@type\":\"EntryPoint\",\"urlTemplate\":\"https:\\\/\\\/buymodafinilonline.com\\\/nl\\\/?s={search_term_string}\"},\"query-input\":{\"@type\":\"PropertyValueSpecification\",\"valueRequired\":true,\"valueName\":\"search_term_string\"}}],\"inLanguage\":\"nl-NL\"},{\"@type\":\"Organization\",\"@id\":\"https:\\\/\\\/buymodafinilonline.com\\\/nl\\\/#organization\",\"name\":\"BuyModafinilOnline\",\"url\":\"https:\\\/\\\/buymodafinilonline.com\\\/nl\\\/\",\"logo\":{\"@type\":\"ImageObject\",\"inLanguage\":\"nl-NL\",\"@id\":\"https:\\\/\\\/buymodafinilonline.com\\\/nl\\\/#\\\/schema\\\/logo\\\/image\\\/\",\"url\":\"https:\\\/\\\/buymodafinilonline.com\\\/wp-content\\\/uploads\\\/2020\\\/04\\\/logo-buy-modafinil-online-yellow.png\",\"contentUrl\":\"https:\\\/\\\/buymodafinilonline.com\\\/wp-content\\\/uploads\\\/2020\\\/04\\\/logo-buy-modafinil-online-yellow.png\",\"width\":200,\"height\":200,\"caption\":\"BuyModafinilOnline\"},\"image\":{\"@id\":\"https:\\\/\\\/buymodafinilonline.com\\\/nl\\\/#\\\/schema\\\/logo\\\/image\\\/\"}}]}<\/script>\n<!-- \/ Yoast SEO Premium plugin. -->","yoast_head_json":{"title":"Koop generieke Nuvigil 150 mg (Armodafinil) geneesmiddelen tegen een lage prijs - BuyModafinilOnline","description":"Aankoop Generic Nuvigil 150 mg tabletten online van Indiase fabrikant. Koop generieke Nuvigil 150 mg (armodafinil) pillen zonder recept bij de BuyModafinilOnline apotheek. Betaal met PayPal, creditcard of BTC en ontvang geweldige kortingen!","robots":{"index":"index","follow":"follow","max-snippet":"max-snippet:-1","max-image-preview":"max-image-preview:large","max-video-preview":"max-video-preview:-1"},"canonical":"https:\/\/buymodafinilonline.com\/nl\/smart-drugs-nl\/generieke-nuvigil-150-mg\/","og_locale":"nl_NL","og_type":"article","og_title":"Generieke Nuvigil 150 mg","og_description":"Aankoop Generic Nuvigil 150 mg tabletten online van Indiase fabrikant. Koop generieke Nuvigil 150 mg (armodafinil) pillen zonder recept bij de BuyModafinilOnline apotheek. Betaal met PayPal, creditcard of BTC en ontvang geweldige kortingen!","og_url":"https:\/\/buymodafinilonline.com\/nl\/smart-drugs-nl\/generieke-nuvigil-150-mg\/","og_site_name":"BuyModafinilOnline.com","article_modified_time":"2025-04-23T09:21:12+00:00","og_image":[{"width":1280,"height":1500,"url":"https:\/\/buymodafinilonline.com\/wp-content\/uploads\/2020\/04\/bmo-product-generic-nuvigil-150-mg.png","type":"image\/png"}],"twitter_misc":{"Geschatte leestijd":"6 minuten"},"schema":{"@context":"https:\/\/schema.org","@graph":[{"@type":"WebPage","@id":"https:\/\/buymodafinilonline.com\/nl\/smart-drugs-nl\/generieke-nuvigil-150-mg\/","url":"https:\/\/buymodafinilonline.com\/nl\/smart-drugs-nl\/generieke-nuvigil-150-mg\/","name":"Koop generieke Nuvigil 150 mg (Armodafinil) geneesmiddelen tegen een lage prijs - BuyModafinilOnline","isPartOf":{"@id":"https:\/\/buymodafinilonline.com\/nl\/#website"},"primaryImageOfPage":{"@id":"https:\/\/buymodafinilonline.com\/nl\/smart-drugs-nl\/generieke-nuvigil-150-mg\/#primaryimage"},"image":{"@id":"https:\/\/buymodafinilonline.com\/nl\/smart-drugs-nl\/generieke-nuvigil-150-mg\/#primaryimage"},"thumbnailUrl":"https:\/\/buymodafinilonline.com\/wp-content\/uploads\/2020\/04\/bmo-product-generic-nuvigil-150-mg.png","datePublished":"2020-04-18T19:35:27+00:00","dateModified":"2025-04-23T09:21:12+00:00","description":"Aankoop Generic Nuvigil 150 mg tabletten online van Indiase fabrikant. Koop generieke Nuvigil 150 mg (armodafinil) pillen zonder recept bij de BuyModafinilOnline apotheek. Betaal met PayPal, creditcard of BTC en ontvang geweldige kortingen!","breadcrumb":{"@id":"https:\/\/buymodafinilonline.com\/nl\/smart-drugs-nl\/generieke-nuvigil-150-mg\/#breadcrumb"},"inLanguage":"nl-NL","potentialAction":[{"@type":"ReadAction","target":["https:\/\/buymodafinilonline.com\/nl\/smart-drugs-nl\/generieke-nuvigil-150-mg\/"]}]},{"@type":"ImageObject","inLanguage":"nl-NL","@id":"https:\/\/buymodafinilonline.com\/nl\/smart-drugs-nl\/generieke-nuvigil-150-mg\/#primaryimage","url":"https:\/\/buymodafinilonline.com\/wp-content\/uploads\/2020\/04\/bmo-product-generic-nuvigil-150-mg.png","contentUrl":"https:\/\/buymodafinilonline.com\/wp-content\/uploads\/2020\/04\/bmo-product-generic-nuvigil-150-mg.png","width":1280,"height":1500,"caption":"Generieke Nuvigil 150 mg"},{"@type":"BreadcrumbList","@id":"https:\/\/buymodafinilonline.com\/nl\/smart-drugs-nl\/generieke-nuvigil-150-mg\/#breadcrumb","itemListElement":[{"@type":"ListItem","position":1,"name":"Buy Modafinil Online","item":"https:\/\/buymodafinilonline.com\/nl\/"},{"@type":"ListItem","position":2,"name":"Winkel","item":"https:\/\/buymodafinilonline.com\/nl\/winkel\/"},{"@type":"ListItem","position":3,"name":"Generieke","item":"https:\/\/buymodafinilonline.com\/nl\/productcategorie\/generieke\/"},{"@type":"ListItem","position":4,"name":"Generieke Nuvigil 150 mg"}]},{"@type":"WebSite","@id":"https:\/\/buymodafinilonline.com\/nl\/#website","url":"https:\/\/buymodafinilonline.com\/nl\/","name":"BuyModafinilOnline.com","description":"Modafinil Online Pharmacy","publisher":{"@id":"https:\/\/buymodafinilonline.com\/nl\/#organization"},"potentialAction":[{"@type":"SearchAction","target":{"@type":"EntryPoint","urlTemplate":"https:\/\/buymodafinilonline.com\/nl\/?s={search_term_string}"},"query-input":{"@type":"PropertyValueSpecification","valueRequired":true,"valueName":"search_term_string"}}],"inLanguage":"nl-NL"},{"@type":"Organization","@id":"https:\/\/buymodafinilonline.com\/nl\/#organization","name":"BuyModafinilOnline","url":"https:\/\/buymodafinilonline.com\/nl\/","logo":{"@type":"ImageObject","inLanguage":"nl-NL","@id":"https:\/\/buymodafinilonline.com\/nl\/#\/schema\/logo\/image\/","url":"https:\/\/buymodafinilonline.com\/wp-content\/uploads\/2020\/04\/logo-buy-modafinil-online-yellow.png","contentUrl":"https:\/\/buymodafinilonline.com\/wp-content\/uploads\/2020\/04\/logo-buy-modafinil-online-yellow.png","width":200,"height":200,"caption":"BuyModafinilOnline"},"image":{"@id":"https:\/\/buymodafinilonline.com\/nl\/#\/schema\/logo\/image\/"}}]}},"_links":{"self":[{"href":"https:\/\/buymodafinilonline.com\/nl\/wp-json\/wp\/v2\/product\/408329","targetHints":{"allow":["GET"]}}],"collection":[{"href":"https:\/\/buymodafinilonline.com\/nl\/wp-json\/wp\/v2\/product"}],"about":[{"href":"https:\/\/buymodafinilonline.com\/nl\/wp-json\/wp\/v2\/types\/product"}],"replies":[{"embeddable":true,"href":"https:\/\/buymodafinilonline.com\/nl\/wp-json\/wp\/v2\/comments?post=408329"}],"wp:featuredmedia":[{"embeddable":true,"href":"https:\/\/buymodafinilonline.com\/nl\/wp-json\/wp\/v2\/media\/398145"}],"wp:attachment":[{"href":"https:\/\/buymodafinilonline.com\/nl\/wp-json\/wp\/v2\/media?parent=408329"}],"wp:term":[{"taxonomy":"product_brand","embeddable":true,"href":"https:\/\/buymodafinilonline.com\/nl\/wp-json\/wp\/v2\/product_brand?post=408329"},{"taxonomy":"product_cat","embeddable":true,"href":"https:\/\/buymodafinilonline.com\/nl\/wp-json\/wp\/v2\/product_cat?post=408329"},{"taxonomy":"product_tag","embeddable":true,"href":"https:\/\/buymodafinilonline.com\/nl\/wp-json\/wp\/v2\/product_tag?post=408329"}],"curies":[{"name":"wp","href":"https:\/\/api.w.org\/{rel}","templated":true}]}}