{"id":408561,"date":"2020-03-23T21:52:14","date_gmt":"2020-11-08T16:10:34","guid":{"rendered":"https:\/\/buymodafinilonline.com\/smart-drugs\/modaheal-200-mg\/"},"modified":"2025-04-23T07:41:23","modified_gmt":"2025-04-23T06:41:23","slug":"modaheal-200-mg","status":"publish","type":"product","link":"https:\/\/buymodafinilonline.com\/nl\/smart-drugs-nl\/modaheal-200-mg\/","title":{"rendered":"Modaheal 200 mg"},"content":{"rendered":"[vc_column width=&#8221;1\/2&#8243;]\n<div class=\"su-divider su-divider-style-default\" style=\"margin:10px 0;border-width:3px;border-color:#ffffff00\"><a href=\"#\" style=\"color:#ffffff009\">.<\/a><\/div>\n<h2>Wat is Modaheal 200 mg?<\/h2>\n<div class=\"su-divider su-divider-style-default\" style=\"margin:10px 0;border-width:3px;border-color:#ffffff00\"><a href=\"#\" style=\"color:#ffffff009\">.<\/a><\/div>\nModaheal is een generieke versie van modafinil. Het is gemaakt in dezelfde doses van 200 mg als veel andere modafinil-merknaam en generieke producten. Het is ook verkrijgbaar in een dosis van 100 mg. Modaheal wordt vaak voornamelijk op de markt gebracht vanwege zijn indrukwekkende eugero\u00efsche effecten (waakzaamheidbevorderend).<\/p>\n<p>Het is een zeer krachtig medicijn dat door artsen wordt voorgeschreven om narcolepsie, obstructieve slaapapneu, overmatige slaperigheid overdag, idiopathische hypersomnie, slaapstoornissen in ploegendienst en andere aandoeningen te behandelen.<\/p>\n<div class=\"su-divider su-divider-style-default\" style=\"margin:10px 0;border-width:3px;border-color:#ffffff00\"><a href=\"#\" style=\"color:#ffffff009\">.<\/a><\/div>\n<h2>Hoe tablets werken<\/h2>\n<div class=\"su-divider su-divider-style-default\" style=\"margin:10px 0;border-width:3px;border-color:#ffffff00\"><a href=\"#\" style=\"color:#ffffff009\">.<\/a><\/div>\nModafinil is een zeer effectief medicijn dat werkt door de afgifte van chemicali\u00ebn te stimuleren die waakzaamheid bevorderen. Het is algemeen bekend als een middel dat de waakzaamheid bevordert.<\/p>\n<p>Modaheal werkt door de heropname van dopamine in de zenuwen te verminderen, waardoor de hersenfunctie wordt bevorderd, waardoor de mentale activiteit en cognitief-verbeterende effecten toenemen.<\/p>\n<div class=\"su-divider su-divider-style-default\" style=\"margin:10px 0;border-width:3px;border-color:#ffffff00\"><a href=\"#\" style=\"color:#ffffff009\">.<\/a><\/div>\n<h2>Veilige dosering en correct gebruik<\/h2>\n<div class=\"su-divider su-divider-style-default\" style=\"margin:10px 0;border-width:3px;border-color:#ffffff00\"><a href=\"#\" style=\"color:#ffffff009\">.<\/a><\/div>\nAls het wordt voorgeschreven om narcolepsie of slaapapneu te behandelen, moet 200 mg van dit medicijn eenmaal daags &#8216;s ochtends worden ingenomen. Voor degenen die zijn voorgeschreven om slaapstoornissen in ploegendienst te behandelen, moet dit 1 uur v\u00f3\u00f3r het begin van de dienst worden ingenomen. Dit werkt om de waakzaamheid te verbeteren bij pati\u00ebnten met overmatige slaperigheid.<\/p>\n<p>Personen die dit medicijn gebruiken voor cognitieve functies, moeten het indien nodig eenmaal daags innemen. Het is echter noodzakelijk om een arts te raadplegen alvorens Modaheal toe te dienen om het optreden van ernstige bijwerkingen en geneesmiddelinteractie te voorkomen. Uw gezondheid moet worden beoordeeld voordat u het gebruikt.<\/p>\n<div class=\"su-divider su-divider-style-default\" style=\"margin:10px 0;border-width:3px;border-color:#ffffff00\"><a href=\"#\" style=\"color:#ffffff009\">.<\/a><\/div>\n<h2>Mogelijke bijwerkingen<\/h2>\n<div class=\"su-divider su-divider-style-default\" style=\"margin:10px 0;border-width:3px;border-color:#ffffff00\"><a href=\"#\" style=\"color:#ffffff009\">.<\/a><\/div>\nZoals elk effectief medicijn kunnen bijwerkingen optreden afhankelijk van de individuele gezondheid, reacties en naleving van de dosering.<\/p>\n<p>Veel voorkomende negatieve effecten kunnen zijn:<\/p>\n<div class=\"su-divider su-divider-style-default\" style=\"margin:10px 0;border-width:3px;border-color:#ffffff00\"><a href=\"#\" style=\"color:#ffffff009\">.<\/a><\/div>\n<ul>\n<li>hoofdpijn;<\/li>\n<li>nerveus of angstig voelen;<\/li>\n<li>rugpijn;<\/li>\n<li>slaapproblemen (slapeloosheid);<\/li>\n<li>duizeligheid;<\/li>\n<li>misselijkheid, maagklachten, diarree;<\/li>\n<li>verstopte neus.<\/li>\n<\/ul>\n<div class=\"su-divider su-divider-style-default\" style=\"margin:10px 0;border-width:3px;border-color:#ffffff00\"><a href=\"#\" style=\"color:#ffffff009\">.<\/a><\/div>\nEr kunnen echter ernstige bijwerkingen optreden, waaronder:<\/p>\n<div class=\"su-divider su-divider-style-default\" style=\"margin:10px 0;border-width:3px;border-color:#ffffff00\"><a href=\"#\" style=\"color:#ffffff009\">.<\/a><\/div>\n<ul>\n<li>koorts;<\/li>\n<li>aanhoudende slaperigheid;<\/li>\n<li>angio-oedeem en anafylaxie-reacties;<\/li>\n<li>pijn op de borst;<\/li>\n<li>gemakkelijk blauwe plekken of bloeden;<\/li>\n<li>hallucinaties;<\/li>\n<li>snelle \/ bonzende \/ onregelmatige hartslag;<\/li>\n<li>depressie;<\/li>\n<li>overgevoeligheidsreacties op meerdere organen;<\/li>\n<li>mentale \/ stemmingswisselingen (zoals hallucinaties, verwardheid, zeldzame zelfmoordgedachten).<\/li>\n<\/ul>\n<div class=\"su-divider su-divider-style-default\" style=\"margin:10px 0;border-width:3px;border-color:#ffffff00\"><a href=\"#\" style=\"color:#ffffff009\">.<\/a><\/div>\nDit is geen volledige lijst van mogelijke nadelige, zeldzame of vaak voorkomende negatieve effecten &#8211; er kunnen andere optreden. Zoek medisch advies van een arts voordat u dit medicijn inneemt.<\/p>\n[\/vc_column][vc_column width=&#8221;1\/2&#8243;]\n<div class=\"su-divider su-divider-style-default\" style=\"margin:10px 0;border-width:3px;border-color:#ffffff00\"><a href=\"#\" style=\"color:#ffffff009\">.<\/a><\/div>\n<h2>Contra-indicaties en voorzorgsmaatregelen<\/h2>\n<div class=\"su-divider su-divider-style-default\" style=\"margin:10px 0;border-width:3px;border-color:#ffffff00\"><a href=\"#\" style=\"color:#ffffff009\">.<\/a><\/div>\nZoals bij alle geneesmiddelen, kan mogelijke geneesmiddelinteractie optreden met modafinil. Dit medicijn is gecontra-indiceerd om niet te worden gemengd met sommige medicijnen.<\/p>\n<p>Bijvoorbeeld:<\/p>\n<div class=\"su-divider su-divider-style-default\" style=\"margin:10px 0;border-width:3px;border-color:#ffffff00\"><a href=\"#\" style=\"color:#ffffff009\">.<\/a><\/div>\n<ul>\n<li>cyclosporine (Sandimmune);<\/li>\n<li>hormonale anticonceptiva (dwz Micronor);<\/li>\n<li>Ketoconazol (Nizoral);<\/li>\n<li>theofylline (Theo-24);<\/li>\n<li>warfarine (Coumadin);<\/li>\n<li>propranolol (Inderal);<\/li>\n<li>rifampicine (Rifadin);<\/li>\n<li>diazepam (Valium);<\/li>\n<li>itraconazol (Sporanox).<\/li>\n<\/ul>\n<div class=\"su-divider su-divider-style-default\" style=\"margin:10px 0;border-width:3px;border-color:#ffffff00\"><a href=\"#\" style=\"color:#ffffff009\">.<\/a><\/div>\nDit is geen volledige lijst. Uw medisch specialist beoordeelt het geneesmiddel dat u gebruikt en de ziekte die u heeft. Raadpleeg uw medisch specialist voordat u borstvoeding geeft.<\/p>\n<p>Drink ook geen alcohol tijdens het gebruik van dit geneesmiddel. Dit medicijn wordt aanbevolen voor gebruik door mensen ouder dan 18 jaar en als u het gebruikt, stop dan niet plotseling met de medicatie, omdat u ontwenningsverschijnselen kunt krijgen. Het is raadzaam om Modaheal 200 mg niet in te nemen als u daarvoor allergisch bent.<\/p>\n<p>Voedsel werkt goed met dit soort medicatie. U kunt het op een lege maag of met voedsel innemen.<\/p>\n<div class=\"su-divider su-divider-style-default\" style=\"margin:10px 0;border-width:3px;border-color:#ffffff00\"><a href=\"#\" style=\"color:#ffffff009\">.<\/a><\/div>\n<h2>Ervaring van de consument<\/h2>\n<div class=\"su-divider su-divider-style-default\" style=\"margin:10px 0;border-width:3px;border-color:#ffffff00\"><a href=\"#\" style=\"color:#ffffff009\">.<\/a><\/div>\nVragen en zoekopdrachten over modafinil zijn uitgebreid bestudeerd en mensen die het gebruiken, melden een hogere werkzaamheid te ervaren. Het is het ultieme medicijn om de waakzaamheid te verbeteren en de cognitieve functie te bevorderen met verbeterde productiviteit.<\/p>\n<p>Modafinil is een cognitief medicijn dat online hoog wordt gewaardeerd als veilig zonder verslaving, hoewel monitoring en controle van medicatie noodzakelijk zijn. Raadpleeg voor gebruik altijd uw medisch specialist. Verschillende mensen met een gezond leven ervaren weinig tot geen negatieve effecten en de beschikbaarheid van generieke geneesmiddelen maakt dit middel veel gevraagd en gemakkelijk toegankelijk voor verschillende mensen over de hele wereld omdat modafinil generiek is.<\/p>\n<div class=\"su-divider su-divider-style-default\" style=\"margin:10px 0;border-width:3px;border-color:#ffffff00\"><a href=\"#\" style=\"color:#ffffff009\">.<\/a><\/div>\n<h2>Koop generieke Modaheal 200 mg (Modafinil) online<\/h2>\n<div class=\"su-divider su-divider-style-default\" style=\"margin:10px 0;border-width:3px;border-color:#ffffff00\"><a href=\"#\" style=\"color:#ffffff009\">.<\/a><\/div>\nVoorzorg moet van pas komen bij het kopen van geneesmiddelen op recept of off-label gebruik. Het online krijgen van veelgevraagde medicijnen kan tot ongewenste ervaringen leiden. Valse of vervalste medicijnen worden online verkocht vanaf onwettige sites die als oplichting fungeren.<\/p>\n<p>Als u op zoek bent naar de beste plaats om goedkope, maar hoogwaardige generieke Modaheal-tabletten te kopen, kunt u deze veilig en zeker kopen bij BuyModafinilOnline &#8211; online van de beste e-apotheek die echte Modafinil-medicijnen aanbiedt, afkomstig van goedgekeurde fabrikanten zonder recept.<\/p>\n<p>Je kunt ook zulke populaire no\u00f6tropica kopen, zoals<a href=\"https:\/\/buymodafinilonline.com\/nl\/smart-drugs-nl\/waklert-150-mg-tablets\/\"> Waklert<\/a> ,<a href=\"https:\/\/buymodafinilonline.com\/nl\/smart-drugs-nl\/vilafinil-200-mg-tabletten\/\"> Vilafinil<\/a> ,<a href=\"https:\/\/buymodafinilonline.com\/nl\/smart-drugs-nl\/modafresh-200-mg\/\"> Modafresh<\/a> , en anderen.<\/p>\n<p><a href=\"https:\/\/buymodafinilonline.com\/nl\/\">KoopModafinilOnline<\/a> &#8211; het biedt modafinil-medicijnen zonder recept aan. De prijzen van medicijnen in deze winkel zijn extreem goedkoop &#8211; verkopen tegen de productiekosten. It also offers various checkout options including <a href=\"https:\/\/buymodafinilonline.com\/nl\/betaal-met-bitcoin\/\">bitcoin<\/a> (23% off as a discount). Andere betalingsmogelijkheden zijn onder meer PayPal en een creditcard.<\/p>\n<p>De<a href=\"https:\/\/buymodafinilonline.com\/nl\/beste-modafinil-leverancier-nederland\/\"> Verzenden<\/a> van het koperspakket is supersnel &#8211; wereldwijd &#8211; inclusief de VS, het VK, Australi\u00eb en Nieuw-Zeeland, met uitzondering van enkele zeer weinig vermelde landen. Zelfs als er een mislukte levering is, is opnieuw verzenden of restitutie mogelijk.<\/p>\n<p>Bestel Modaheal 200 mg en gebruik beschikbare kortingen en kortingsbonnen om meer geld te besparen!<\/p>\n[\/vc_column]\n<div class=\"su-divider su-divider-style-default\" style=\"margin:10px 0;border-width:3px;border-color:#ffffff00\"><a href=\"#\" style=\"color:#ffffff009\">.<\/a><\/div>\n","protected":false},"excerpt":{"rendered":"<p>Koop dit medicijn om waakzaamheid te bevorderen en uw cognitieve functie te stimuleren. Modaheal 200 mg is gemaakt met behulp van het actieve ingredi\u00ebnt &#8211; modafinil, een van de beroemdste en meest populaire medicijnen. Modaheal wordt vervaardigd door Healing Pharma, India. Als u het uit onze winkel haalt, zorgt u ervoor dat u kwaliteitsmedicatie krijgt die is goedgekeurd voor de behandeling van verschillende waakproblemen. Koop het tegen zeer lage kosten met gegarandeerde levering.<\/p>\n[sc name=\"s1\"]\n","protected":false},"featured_media":426125,"comment_status":"open","ping_status":"closed","template":"","meta":{"_acf_changed":false},"product_brand":[],"product_cat":[3783],"product_tag":[4040],"class_list":{"0":"post-408561","1":"product","2":"type-product","3":"status-publish","4":"has-post-thumbnail","6":"product_cat-smart-drugs-merken","7":"product_tag-modafinil-nl","9":"first","10":"instock","11":"sale","12":"shipping-taxable","13":"purchasable","14":"product-type-variable","15":"has-default-attributes"},"acf":[],"yoast_head":"<!-- This site is optimized with the Yoast SEO Premium plugin v23.6 (Yoast SEO v27.3) - https:\/\/yoast.com\/product\/yoast-seo-premium-wordpress\/ -->\n<title>Koop Modaheal 200 mg (Modafinil) Geneesmiddelen OTC - BuyModafinilOnline<\/title>\n<meta name=\"description\" content=\"Koop goedkope Modaheal 200 mg tabletten online zonder Rx bij de apotheek BuyModafinilOnline. Betaal met Bitcoins en krijg gegarandeerd 23% KORTING op het kopen van Modaheal 200mg medicijnen!\" \/>\n<meta name=\"robots\" content=\"index, follow, max-snippet:-1, max-image-preview:large, max-video-preview:-1\" \/>\n<link rel=\"canonical\" href=\"https:\/\/buymodafinilonline.com\/nl\/smart-drugs-nl\/modaheal-200-mg\/\" \/>\n<meta property=\"og:locale\" content=\"nl_NL\" \/>\n<meta property=\"og:type\" content=\"article\" \/>\n<meta property=\"og:title\" content=\"Modaheal 200 mg\" \/>\n<meta property=\"og:description\" content=\"Koop goedkope Modaheal 200 mg tabletten online zonder Rx bij de apotheek BuyModafinilOnline. Betaal met Bitcoins en krijg gegarandeerd 23% KORTING op het kopen van Modaheal 200mg medicijnen!\" \/>\n<meta property=\"og:url\" content=\"https:\/\/buymodafinilonline.com\/nl\/smart-drugs-nl\/modaheal-200-mg\/\" \/>\n<meta property=\"og:site_name\" content=\"BuyModafinilOnline.com\" \/>\n<meta property=\"article:modified_time\" content=\"2025-04-23T06:41:23+00:00\" \/>\n<meta property=\"og:image\" content=\"https:\/\/buymodafinilonline.com\/wp-content\/uploads\/2021\/09\/bmo-product-modaheal-new.png\" \/>\n\t<meta property=\"og:image:width\" content=\"1280\" \/>\n\t<meta property=\"og:image:height\" content=\"1500\" \/>\n\t<meta property=\"og:image:type\" content=\"image\/png\" \/>\n<meta name=\"twitter:label1\" content=\"Geschatte leestijd\" \/>\n\t<meta name=\"twitter:data1\" content=\"4 minuten\" \/>\n<script type=\"application\/ld+json\" class=\"yoast-schema-graph\">{\"@context\":\"https:\\\/\\\/schema.org\",\"@graph\":[{\"@type\":\"WebPage\",\"@id\":\"https:\\\/\\\/buymodafinilonline.com\\\/nl\\\/smart-drugs-nl\\\/modaheal-200-mg\\\/\",\"url\":\"https:\\\/\\\/buymodafinilonline.com\\\/nl\\\/smart-drugs-nl\\\/modaheal-200-mg\\\/\",\"name\":\"Koop Modaheal 200 mg (Modafinil) Geneesmiddelen OTC - BuyModafinilOnline\",\"isPartOf\":{\"@id\":\"https:\\\/\\\/buymodafinilonline.com\\\/nl\\\/#website\"},\"primaryImageOfPage\":{\"@id\":\"https:\\\/\\\/buymodafinilonline.com\\\/nl\\\/smart-drugs-nl\\\/modaheal-200-mg\\\/#primaryimage\"},\"image\":{\"@id\":\"https:\\\/\\\/buymodafinilonline.com\\\/nl\\\/smart-drugs-nl\\\/modaheal-200-mg\\\/#primaryimage\"},\"thumbnailUrl\":\"https:\\\/\\\/buymodafinilonline.com\\\/wp-content\\\/uploads\\\/2021\\\/09\\\/bmo-product-modaheal-new.png\",\"datePublished\":\"2020-11-08T16:10:34+00:00\",\"dateModified\":\"2025-04-23T06:41:23+00:00\",\"description\":\"Koop goedkope Modaheal 200 mg tabletten online zonder Rx bij de apotheek BuyModafinilOnline. Betaal met Bitcoins en krijg gegarandeerd 23% KORTING op het kopen van Modaheal 200mg medicijnen!\",\"breadcrumb\":{\"@id\":\"https:\\\/\\\/buymodafinilonline.com\\\/nl\\\/smart-drugs-nl\\\/modaheal-200-mg\\\/#breadcrumb\"},\"inLanguage\":\"nl-NL\",\"potentialAction\":[{\"@type\":\"ReadAction\",\"target\":[\"https:\\\/\\\/buymodafinilonline.com\\\/nl\\\/smart-drugs-nl\\\/modaheal-200-mg\\\/\"]}]},{\"@type\":\"ImageObject\",\"inLanguage\":\"nl-NL\",\"@id\":\"https:\\\/\\\/buymodafinilonline.com\\\/nl\\\/smart-drugs-nl\\\/modaheal-200-mg\\\/#primaryimage\",\"url\":\"https:\\\/\\\/buymodafinilonline.com\\\/wp-content\\\/uploads\\\/2021\\\/09\\\/bmo-product-modaheal-new.png\",\"contentUrl\":\"https:\\\/\\\/buymodafinilonline.com\\\/wp-content\\\/uploads\\\/2021\\\/09\\\/bmo-product-modaheal-new.png\",\"width\":1280,\"height\":1500,\"caption\":\"Modaheal 200 mg\"},{\"@type\":\"BreadcrumbList\",\"@id\":\"https:\\\/\\\/buymodafinilonline.com\\\/nl\\\/smart-drugs-nl\\\/modaheal-200-mg\\\/#breadcrumb\",\"itemListElement\":[{\"@type\":\"ListItem\",\"position\":1,\"name\":\"Buy Modafinil Online\",\"item\":\"https:\\\/\\\/buymodafinilonline.com\\\/nl\\\/\"},{\"@type\":\"ListItem\",\"position\":2,\"name\":\"Winkel\",\"item\":\"https:\\\/\\\/buymodafinilonline.com\\\/nl\\\/winkel\\\/\"},{\"@type\":\"ListItem\",\"position\":3,\"name\":\"Smart Drugs-merken\",\"item\":\"https:\\\/\\\/buymodafinilonline.com\\\/nl\\\/productcategorie\\\/smart-drugs-merken\\\/\"},{\"@type\":\"ListItem\",\"position\":4,\"name\":\"Modaheal 200 mg\"}]},{\"@type\":\"WebSite\",\"@id\":\"https:\\\/\\\/buymodafinilonline.com\\\/nl\\\/#website\",\"url\":\"https:\\\/\\\/buymodafinilonline.com\\\/nl\\\/\",\"name\":\"BuyModafinilOnline.com\",\"description\":\"Modafinil Online Pharmacy\",\"publisher\":{\"@id\":\"https:\\\/\\\/buymodafinilonline.com\\\/nl\\\/#organization\"},\"potentialAction\":[{\"@type\":\"SearchAction\",\"target\":{\"@type\":\"EntryPoint\",\"urlTemplate\":\"https:\\\/\\\/buymodafinilonline.com\\\/nl\\\/?s={search_term_string}\"},\"query-input\":{\"@type\":\"PropertyValueSpecification\",\"valueRequired\":true,\"valueName\":\"search_term_string\"}}],\"inLanguage\":\"nl-NL\"},{\"@type\":\"Organization\",\"@id\":\"https:\\\/\\\/buymodafinilonline.com\\\/nl\\\/#organization\",\"name\":\"BuyModafinilOnline\",\"url\":\"https:\\\/\\\/buymodafinilonline.com\\\/nl\\\/\",\"logo\":{\"@type\":\"ImageObject\",\"inLanguage\":\"nl-NL\",\"@id\":\"https:\\\/\\\/buymodafinilonline.com\\\/nl\\\/#\\\/schema\\\/logo\\\/image\\\/\",\"url\":\"https:\\\/\\\/buymodafinilonline.com\\\/wp-content\\\/uploads\\\/2020\\\/04\\\/logo-buy-modafinil-online-yellow.png\",\"contentUrl\":\"https:\\\/\\\/buymodafinilonline.com\\\/wp-content\\\/uploads\\\/2020\\\/04\\\/logo-buy-modafinil-online-yellow.png\",\"width\":200,\"height\":200,\"caption\":\"BuyModafinilOnline\"},\"image\":{\"@id\":\"https:\\\/\\\/buymodafinilonline.com\\\/nl\\\/#\\\/schema\\\/logo\\\/image\\\/\"}}]}<\/script>\n<!-- \/ Yoast SEO Premium plugin. -->","yoast_head_json":{"title":"Koop Modaheal 200 mg (Modafinil) Geneesmiddelen OTC - BuyModafinilOnline","description":"Koop goedkope Modaheal 200 mg tabletten online zonder Rx bij de apotheek BuyModafinilOnline. Betaal met Bitcoins en krijg gegarandeerd 23% KORTING op het kopen van Modaheal 200mg medicijnen!","robots":{"index":"index","follow":"follow","max-snippet":"max-snippet:-1","max-image-preview":"max-image-preview:large","max-video-preview":"max-video-preview:-1"},"canonical":"https:\/\/buymodafinilonline.com\/nl\/smart-drugs-nl\/modaheal-200-mg\/","og_locale":"nl_NL","og_type":"article","og_title":"Modaheal 200 mg","og_description":"Koop goedkope Modaheal 200 mg tabletten online zonder Rx bij de apotheek BuyModafinilOnline. Betaal met Bitcoins en krijg gegarandeerd 23% KORTING op het kopen van Modaheal 200mg medicijnen!","og_url":"https:\/\/buymodafinilonline.com\/nl\/smart-drugs-nl\/modaheal-200-mg\/","og_site_name":"BuyModafinilOnline.com","article_modified_time":"2025-04-23T06:41:23+00:00","og_image":[{"width":1280,"height":1500,"url":"https:\/\/buymodafinilonline.com\/wp-content\/uploads\/2021\/09\/bmo-product-modaheal-new.png","type":"image\/png"}],"twitter_misc":{"Geschatte leestijd":"4 minuten"},"schema":{"@context":"https:\/\/schema.org","@graph":[{"@type":"WebPage","@id":"https:\/\/buymodafinilonline.com\/nl\/smart-drugs-nl\/modaheal-200-mg\/","url":"https:\/\/buymodafinilonline.com\/nl\/smart-drugs-nl\/modaheal-200-mg\/","name":"Koop Modaheal 200 mg (Modafinil) Geneesmiddelen OTC - BuyModafinilOnline","isPartOf":{"@id":"https:\/\/buymodafinilonline.com\/nl\/#website"},"primaryImageOfPage":{"@id":"https:\/\/buymodafinilonline.com\/nl\/smart-drugs-nl\/modaheal-200-mg\/#primaryimage"},"image":{"@id":"https:\/\/buymodafinilonline.com\/nl\/smart-drugs-nl\/modaheal-200-mg\/#primaryimage"},"thumbnailUrl":"https:\/\/buymodafinilonline.com\/wp-content\/uploads\/2021\/09\/bmo-product-modaheal-new.png","datePublished":"2020-11-08T16:10:34+00:00","dateModified":"2025-04-23T06:41:23+00:00","description":"Koop goedkope Modaheal 200 mg tabletten online zonder Rx bij de apotheek BuyModafinilOnline. Betaal met Bitcoins en krijg gegarandeerd 23% KORTING op het kopen van Modaheal 200mg medicijnen!","breadcrumb":{"@id":"https:\/\/buymodafinilonline.com\/nl\/smart-drugs-nl\/modaheal-200-mg\/#breadcrumb"},"inLanguage":"nl-NL","potentialAction":[{"@type":"ReadAction","target":["https:\/\/buymodafinilonline.com\/nl\/smart-drugs-nl\/modaheal-200-mg\/"]}]},{"@type":"ImageObject","inLanguage":"nl-NL","@id":"https:\/\/buymodafinilonline.com\/nl\/smart-drugs-nl\/modaheal-200-mg\/#primaryimage","url":"https:\/\/buymodafinilonline.com\/wp-content\/uploads\/2021\/09\/bmo-product-modaheal-new.png","contentUrl":"https:\/\/buymodafinilonline.com\/wp-content\/uploads\/2021\/09\/bmo-product-modaheal-new.png","width":1280,"height":1500,"caption":"Modaheal 200 mg"},{"@type":"BreadcrumbList","@id":"https:\/\/buymodafinilonline.com\/nl\/smart-drugs-nl\/modaheal-200-mg\/#breadcrumb","itemListElement":[{"@type":"ListItem","position":1,"name":"Buy Modafinil Online","item":"https:\/\/buymodafinilonline.com\/nl\/"},{"@type":"ListItem","position":2,"name":"Winkel","item":"https:\/\/buymodafinilonline.com\/nl\/winkel\/"},{"@type":"ListItem","position":3,"name":"Smart Drugs-merken","item":"https:\/\/buymodafinilonline.com\/nl\/productcategorie\/smart-drugs-merken\/"},{"@type":"ListItem","position":4,"name":"Modaheal 200 mg"}]},{"@type":"WebSite","@id":"https:\/\/buymodafinilonline.com\/nl\/#website","url":"https:\/\/buymodafinilonline.com\/nl\/","name":"BuyModafinilOnline.com","description":"Modafinil Online Pharmacy","publisher":{"@id":"https:\/\/buymodafinilonline.com\/nl\/#organization"},"potentialAction":[{"@type":"SearchAction","target":{"@type":"EntryPoint","urlTemplate":"https:\/\/buymodafinilonline.com\/nl\/?s={search_term_string}"},"query-input":{"@type":"PropertyValueSpecification","valueRequired":true,"valueName":"search_term_string"}}],"inLanguage":"nl-NL"},{"@type":"Organization","@id":"https:\/\/buymodafinilonline.com\/nl\/#organization","name":"BuyModafinilOnline","url":"https:\/\/buymodafinilonline.com\/nl\/","logo":{"@type":"ImageObject","inLanguage":"nl-NL","@id":"https:\/\/buymodafinilonline.com\/nl\/#\/schema\/logo\/image\/","url":"https:\/\/buymodafinilonline.com\/wp-content\/uploads\/2020\/04\/logo-buy-modafinil-online-yellow.png","contentUrl":"https:\/\/buymodafinilonline.com\/wp-content\/uploads\/2020\/04\/logo-buy-modafinil-online-yellow.png","width":200,"height":200,"caption":"BuyModafinilOnline"},"image":{"@id":"https:\/\/buymodafinilonline.com\/nl\/#\/schema\/logo\/image\/"}}]}},"_links":{"self":[{"href":"https:\/\/buymodafinilonline.com\/nl\/wp-json\/wp\/v2\/product\/408561","targetHints":{"allow":["GET"]}}],"collection":[{"href":"https:\/\/buymodafinilonline.com\/nl\/wp-json\/wp\/v2\/product"}],"about":[{"href":"https:\/\/buymodafinilonline.com\/nl\/wp-json\/wp\/v2\/types\/product"}],"replies":[{"embeddable":true,"href":"https:\/\/buymodafinilonline.com\/nl\/wp-json\/wp\/v2\/comments?post=408561"}],"wp:featuredmedia":[{"embeddable":true,"href":"https:\/\/buymodafinilonline.com\/nl\/wp-json\/wp\/v2\/media\/426125"}],"wp:attachment":[{"href":"https:\/\/buymodafinilonline.com\/nl\/wp-json\/wp\/v2\/media?parent=408561"}],"wp:term":[{"taxonomy":"product_brand","embeddable":true,"href":"https:\/\/buymodafinilonline.com\/nl\/wp-json\/wp\/v2\/product_brand?post=408561"},{"taxonomy":"product_cat","embeddable":true,"href":"https:\/\/buymodafinilonline.com\/nl\/wp-json\/wp\/v2\/product_cat?post=408561"},{"taxonomy":"product_tag","embeddable":true,"href":"https:\/\/buymodafinilonline.com\/nl\/wp-json\/wp\/v2\/product_tag?post=408561"}],"curies":[{"name":"wp","href":"https:\/\/api.w.org\/{rel}","templated":true}]}}