{"id":408936,"date":"2020-04-18T20:05:03","date_gmt":"2020-04-18T19:05:03","guid":{"rendered":"https:\/\/buymodafinilonline.com\/smart-drugs\/armodafinil-generiek-150-mg\/"},"modified":"2025-04-23T10:10:56","modified_gmt":"2025-04-23T09:10:56","slug":"armodafinil-generiek-150-mg","status":"publish","type":"product","link":"https:\/\/buymodafinilonline.com\/nl\/smart-drugs-nl\/armodafinil-generiek-150-mg\/","title":{"rendered":"Armodafinil Generiek 150 mg"},"content":{"rendered":"[vc_column width=&#8221;1\/2&#8243;]\n<div class=\"su-divider su-divider-style-default\" style=\"margin:10px 0;border-width:3px;border-color:#ffffff00\"><a href=\"#\" style=\"color:#ffffff009\">.<\/a><\/div>\n<h2>Wat is Armodafinil Generic 150 mg?<\/h2>\n<div class=\"su-divider su-divider-style-default\" style=\"margin:10px 0;border-width:3px;border-color:#ffffff00\"><a href=\"#\" style=\"color:#ffffff009\">.<\/a><\/div>\nNuvigil\u00ae, een merkgeneesmiddel van Cephalon, Inc., dat armodafinil als actief ingredi\u00ebnt bevat, werd in 2007 door de Food and Drug Administration (FDA) goedgekeurd als middel om wakker te worden. Vanwege het verstrijken van het patent zijn Armodafinil Generic of Artvigil-pillen &#8211; bio-equivalent aan Nuvigil\u00ae ontstaan en worden door gezonde personen op grote schaal gebruikt als een cognitieve en productiviteitsverbeteraar vanwege hun lage kosten &#8211; meer dan 90% goedkoper in vergelijking met de merkmedicatie.<\/p>\n<p>Armodafinil Generic wordt voorgeschreven om de waakzaamheid te bevorderen bij personen met slaapgebrek als gevolg van obstructieve slaapapneu (OSA), narcolepsie en slaapstoornis in ploegendienst (SWSD). Het helpt mensen met slaapstoornissen effectief om langer wakker te blijven en vermindert de neiging om overdag of op het werk in slaap te vallen. Deze &#8216;slimme drug&#8217; wordt vaak off-label gebruikt om verschillende gezondheidsproblemen te behandelen, waaronder Attention Deficit Hyperactivity Disorder (ADHD), depressie, multiple sclerose, jetlag, de ziekte van Parkinson en cognitieve stoornissen.<\/p>\n<div class=\"su-divider su-divider-style-default\" style=\"margin:10px 0;border-width:3px;border-color:#ffffff00\"><a href=\"#\" style=\"color:#ffffff009\">.<\/a><\/div>\n<h2><strong>Hoe tablets werken<\/strong><\/h2>\n<div class=\"su-divider su-divider-style-default\" style=\"margin:10px 0;border-width:3px;border-color:#ffffff00\"><a href=\"#\" style=\"color:#ffffff009\">.<\/a><\/div>\nArmodafinil Generic 150 mg is de enantiomeerzuivere verbinding van<a href=\"https:\/\/buymodafinilonline.com\/nl\/de-waarheid-over-modafinil\/\"> modafinil<\/a> . In tegenstelling tot de laatste, bestaat het alleen uit het (R) &#8211; (-) &#8211; enantiomeer van het racemische modafinil. Armodafinil Generieke functies in de hersenen met een mechanisme dat de normale slaap-waakcyclus herstelt aangezien het de niveaus van chemische boodschappers zoals histamine en orexine in de hersenen moduleert. Het remt ook de heropname van de neurotransmitter dopamine. Dit laatste werkt als een natuurlijk beloningssysteem in de hersenen en het verhogen van het niveau ervan resulteert in verbeterde cognitieve functies, mentale scherpte, energie, geheugen, alertheid, concentratie en andere voordelen.<\/p>\n<p>Armodafinil Generic 150 mg is effectiever dan racemisch modafinil. Het wordt beschouwd als een sterker medicijn met betere waakzaamheidbevorderende effecten en oefent een minder metabolische belasting uit op het lichaam.<\/p>\n<div class=\"su-divider su-divider-style-default\" style=\"margin:10px 0;border-width:3px;border-color:#ffffff00\"><a href=\"#\" style=\"color:#ffffff009\">.<\/a><\/div>\n<h2><strong>Veilige dosering en correct gebruik<\/strong><\/h2>\n<div class=\"su-divider su-divider-style-default\" style=\"margin:10px 0;border-width:3px;border-color:#ffffff00\"><a href=\"#\" style=\"color:#ffffff009\">.<\/a><\/div>\nDe aanbevolen dagelijkse dosis van Armodafinil Generic is 150 mg. Het moet worden ingenomen volgens het recept. Pati\u00ebnten met narcolepsie en OSA wordt aanbevolen om &#8216;s ochtends eenmaal daags een pil toe te dienen.<\/p>\n<p>Voor SWSD of cognitieve \/ productiviteitsverhoging moet een dosis een uur v\u00f3\u00f3r de dienst worden ingenomen of v\u00f3\u00f3r een geplande taak die een hogere cognitieve functie of productiviteit vereist.<\/p>\n<p>Neem niet meer dan \u00e9\u00e9n tablet van het medicijn op \u00e9\u00e9n dag in om een overdosis te voorkomen. Laat uw medisch specialist uw gezondheid beoordelen om te bepalen of Armodafinil Generic 150 mg veilig voor u is, afhankelijk van het resultaat van uw gezondheidstoestand.<\/p>\n<p>Voor een veilige dosering is het advies van een arts nodig. Afhankelijk van uw gezondheid kan het nodig zijn de dosis aan te passen.<\/p>\n<div class=\"su-divider su-divider-style-default\" style=\"margin:10px 0;border-width:3px;border-color:#ffffff00\"><a href=\"#\" style=\"color:#ffffff009\">.<\/a><\/div>\n<h2><strong>Mogelijke bijwerkingen<\/strong><\/h2>\n<div class=\"su-divider su-divider-style-default\" style=\"margin:10px 0;border-width:3px;border-color:#ffffff00\"><a href=\"#\" style=\"color:#ffffff009\">.<\/a><\/div>\nArmodafinil Generic 150 mg veroorzaakt zelden bijwerkingen. Het is zeer veilig als het wordt ingenomen door gezonde personen die zich aan de juiste dosering houden. In sommige gevallen kunnen negatieve effecten optreden, maar deze zijn van korte duur. Volg de instructies op de bijsluiter om het risico op complicaties te verkleinen.<\/p>\n<p>Veel voorkomende negatieve effecten die verband houden met Armodafinil Generic zijn:<\/p>\n<div class=\"su-divider su-divider-style-default\" style=\"margin:10px 0;border-width:3px;border-color:#ffffff00\"><a href=\"#\" style=\"color:#ffffff009\">.<\/a><\/div>\n<p>&nbsp;<\/p>\n<ul>\n<li>hoofdpijn, duizeligheid;<\/li>\n<li>misselijkheid, maagklachten, diarree;<\/li>\n<li>slaapproblemen;<\/li>\n<li>zich angstig of nerveus voelen.<\/li>\n<\/ul>\n<div class=\"su-divider su-divider-style-default\" style=\"margin:10px 0;border-width:3px;border-color:#ffffff00\"><a href=\"#\" style=\"color:#ffffff009\">.<\/a><\/div>\nZeldzame maar ernstigere negatieve effecten zijn onder meer:<\/p>\n<div class=\"su-divider su-divider-style-default\" style=\"margin:10px 0;border-width:3px;border-color:#ffffff00\"><a href=\"#\" style=\"color:#ffffff009\">.<\/a><\/div>\n<p>&nbsp;<\/p>\n<ul>\n<li>koorts en koude rillingen;<\/li>\n<li>verwarring;<\/li>\n<li>uitslag of allergische reactie;<\/li>\n<li>hallucinaties;<\/li>\n<li>manie;<\/li>\n<li>pijn op de borst;<\/li>\n<li>gedachten aan zelfmoord;<\/li>\n<li>depressie;<\/li>\n<li>moeite met ademhalen;<\/li>\n<li>Stevens-Johnson-syndroom en anderen.<\/li>\n<\/ul>\n<div class=\"su-divider su-divider-style-default\" style=\"margin:10px 0;border-width:3px;border-color:#ffffff00\"><a href=\"#\" style=\"color:#ffffff009\">.<\/a><\/div>\n[\/vc_column][vc_column width=&#8221;1\/2&#8243;]\n<div class=\"su-divider su-divider-style-default\" style=\"margin:10px 0;border-width:3px;border-color:#ffffff00\"><a href=\"#\" style=\"color:#ffffff009\">.<\/a><\/div>\nDit is geen volledige lijst. Rijd niet, bedien geen zware machines en doe niets dat mentale focus, concentratie en aandacht vereist totdat u weet hoe deze &#8220;slimme drug&#8221; uw systeem be\u00efnvloedt, aangezien het uw reacties kan vertragen.<\/p>\n<p>Laat het een arts weten als u vreemde symptomen ervaart die na verloop van tijd niet verdwijnen na inname van Armodafinil Generic 150 mg.<\/p>\n<div class=\"su-divider su-divider-style-default\" style=\"margin:10px 0;border-width:3px;border-color:#ffffff00\"><a href=\"#\" style=\"color:#ffffff009\">.<\/a><\/div>\n<h2><strong>Contra-indicaties en voorzorgsmaatregelen<\/strong><\/h2>\n<div class=\"su-divider su-divider-style-default\" style=\"margin:10px 0;border-width:3px;border-color:#ffffff00\"><a href=\"#\" style=\"color:#ffffff009\">.<\/a><\/div>\nArmodafinil Generic 150 mg is veilig als het wordt ingenomen zonder te mengen met andere medicijnen. Het wordt ten zeerste aanbevolen om een volledige lijst van medicijnen die u gebruikt, hetzij receptplichtige \/ niet-receptplichtige medicijnen of kruidengeneesmiddelen, aan een arts te geven om deze volledig te beoordelen.<\/p>\n<p>Personen die allergisch zijn voor Armodafinil Generic of andere eugero\u00efden mogen dit medicijn niet gebruiken, aangezien het ongewenste reacties kan veroorzaken.<\/p>\n<p>Zwangere vrouwen en moeders die borstvoeding geven worden niet aangeraden om ook Armodafinil Generic in te nemen. Als het nodig is, moet een medisch specialist de mogelijke risico&#8217;s en voordelen bespreken voordat hij dit medicijn voorschrijft.<\/p>\n<p>Armodafinil Generic werkt goed met de meeste voedingsmiddelen, maar bepaalde producten kunnen de werking ervan vertragen. Combineren met alcohol wordt niet aanbevolen. Het kan het risico op slaperigheid, verminderd beoordelingsvermogen en duizeligheid verhogen, naast andere ongekende negatieve effecten.<\/p>\n<p>Mogelijke interacties met andere medicijnen zijn onder meer:<\/p>\n<div class=\"su-divider su-divider-style-default\" style=\"margin:10px 0;border-width:3px;border-color:#ffffff00\"><a href=\"#\" style=\"color:#ffffff009\">.<\/a><\/div>\n<p>&nbsp;<\/p>\n<ul>\n<li>bloedverdunners zoals warfarine;<\/li>\n<li>anticonceptie medicijnen;<\/li>\n<li>CYP3A4 \/ 5 &amp; CYP2C19-substraten;<\/li>\n<li>MAO-remmers;<\/li>\n<li>CNS-stimulerende middelen en andere.<\/li>\n<\/ul>\n<div class=\"su-divider su-divider-style-default\" style=\"margin:10px 0;border-width:3px;border-color:#ffffff00\"><a href=\"#\" style=\"color:#ffffff009\">.<\/a><\/div>\nOok kan er ziekte-interactie optreden. Vertel een arts over uw gezondheidstoestand, waaronder leverproblemen, psychische aandoeningen, hart- en nierproblemen en hoge bloeddruk, naast andere ziekten, voordat u Armodafinil Generic 150 mg inneemt.<\/p>\n<div class=\"su-divider su-divider-style-default\" style=\"margin:10px 0;border-width:3px;border-color:#ffffff00\"><a href=\"#\" style=\"color:#ffffff009\">.<\/a><\/div>\n<h2><strong>Ervaring van de consument<\/strong><\/h2>\n<div class=\"su-divider su-divider-style-default\" style=\"margin:10px 0;border-width:3px;border-color:#ffffff00\"><a href=\"#\" style=\"color:#ffffff009\">.<\/a><\/div>\nVerschillende mensen beoordelen Armodafinil Generic op grote schaal vanwege de veiligheid en effectiviteit. Hoewel het misschien moeilijk is om echte positieve recensies te vinden van klanten die medicatie hebben gebruikt, kan het overweldigend zijn als het gaat om armodafinil, aangezien de feiten voor zich spreken.<\/p>\n<p>Een hoger percentage van personen die deze nootropic gebruikten en het met andere veilige medicijnen hebben gestapeld, hebben een verbeterde mentale scherpte, alertheid en focus gemeld. Een meerderheid van hen heeft het een duim omhoog gegeven in termen van effectiviteit, langere halfwaardetijd, verdraagbaarheid en gebruiksgemak.<\/p>\n<p>Armodafinil Generic helpt gebruikers om complexe taken snel uit te voeren, zonder zich slaperig, moe of uitgeput te voelen. Maar voordat u een eugero\u00efsch medicijn gebruikt, moet u een arts raadplegen.<\/p>\n<div class=\"su-divider su-divider-style-default\" style=\"margin:10px 0;border-width:3px;border-color:#ffffff00\"><a href=\"#\" style=\"color:#ffffff009\">.<\/a><\/div>\n<h2><strong>Koop Armodafinil Generic 150 mg tabletten online<\/strong><\/h2>\n<div class=\"su-divider su-divider-style-default\" style=\"margin:10px 0;border-width:3px;border-color:#ffffff00\"><a href=\"#\" style=\"color:#ffffff009\">.<\/a><\/div>\nOp zoek naar de beste plaats om Armodafinil Generic 150 mg online te kopen? Bij BuyModafinilOnline e-apotheek bieden we verschillende armodafinil-medicijnen aan zoals Artvigil,<a href=\"https:\/\/buymodafinilonline.com\/nl\/smart-drugs-nl\/waklert-150-mg-tablets\/\"> Waklert<\/a> , en<a href=\"https:\/\/buymodafinilonline.com\/nl\/smart-drugs-nl\/armod-150-mg\/\"> Armod<\/a> naast andere<a href=\"https:\/\/buymodafinilonline.com\/smart-drugs-brands\/\"> nootropics<\/a> te koop tegen de laagst mogelijke prijzen.<\/p>\n<p>Tevreden klanten die bij ons kopen, krijgen veel waar voor hun geld. We hebben een aantrekkelijk prijsverlagend systeem, waaronder een coupon van $25 voor terugkerende klanten, een coupon van $30 voor het achterlaten van een eerlijke opmerking over onze winkel, $35 &#8211; voor het delen van je recensie in een sociale media, en een korting van 23% als je <a href=\"https:\/\/buymodafinilonline.com\/nl\/betaal-met-bitcoin\/\">betaalt met cryptocurrency<\/a>.<\/p>\n<p>Armodafinil Generic is goedkoper dan Nuvigil\u00ae, de merknaamversie, maar de kwaliteit is bio-equivalent. Koop elke nootropic naar keuze. BuyModafinilOnline biedt alleen echte<a href=\"https:\/\/buymodafinilonline.com\/generics\/\"> generieke medicijnen<\/a> van goedgekeurde fabrikanten, zoals<a href=\"https:\/\/buymodafinilonline.com\/nl\/kunnen-we-sun-pharma-en-hab-pharma-vertrouwen\/\"> Sun Pharma en HAB Pharma<\/a> . U hoeft zich geen zorgen te maken over het kopen van nep-no\u00f6tropica.<\/p>\n<p>Klaar om Armodafinil Generic 150 mg tegen een betaalbare prijs te bestellen? Geniet van een nieuwe en zelfverzekerde selectie- en winkelervaring met onze online eugero\u00efsche apotheek.<\/p>\n<div class=\"su-divider su-divider-style-default\" style=\"margin:10px 0;border-width:3px;border-color:#ffffff00\"><a href=\"#\" style=\"color:#ffffff009\">.<\/a><\/div>\n[\/vc_column]\n<div class=\"su-divider su-divider-style-default\" style=\"margin:10px 0;border-width:3px;border-color:#ffffff00\"><a href=\"#\" style=\"color:#ffffff009\">.<\/a><\/div>\n","protected":false},"excerpt":{"rendered":"<p>Armodafinil Generic 150 mg bevat armodafinil als het actieve ingredi\u00ebnt. Dit geneesmiddel wordt gebruikt om overmatige slaperigheid te behandelen die wordt veroorzaakt door narcolepsie en andere slaapstoornissen. Armodafinil Generic wordt vervaardigd door de Indiase farmaceutische industrie &#8211; HAB Pharma.<\/p>\n<p>Bestel Armodafinil Generic bij onze e-apotheek tegen de fabricagekosten of ontvang gratis proefmonsters. We bieden 100% gegarandeerde levering met de snelste verzendmethode.<\/p>\n[sc name=\"s1\"]\n","protected":false},"featured_media":398124,"comment_status":"open","ping_status":"closed","template":"","meta":{"_acf_changed":false},"product_brand":[],"product_cat":[4229,3783],"product_tag":[4034],"class_list":{"0":"post-408936","1":"product","2":"type-product","3":"status-publish","4":"has-post-thumbnail","6":"product_cat-generieke","7":"product_cat-smart-drugs-merken","8":"product_tag-armodafinil-nl-2","10":"first","11":"instock","12":"sale","13":"shipping-taxable","14":"purchasable","15":"product-type-variable","16":"has-default-attributes"},"acf":[],"yoast_head":"<!-- This site is optimized with the Yoast SEO Premium plugin v23.6 (Yoast SEO v27.3) - https:\/\/yoast.com\/product\/yoast-seo-premium-wordpress\/ -->\n<title>Koop Armodafinil Generieke 150 mg tabletten tegen lage kosten - BuyModafinilOnline<\/title>\n<meta name=\"description\" content=\"Bestel Armodafinil Generic 150 mg medicijnen online bij de Indiase fabrikant. Koop Armodafinil Generic 150 mg voor de beste prijs bij de BuyModafinilOnline apotheek. Betaal met creditcard, PayPal of BTC en ontvang geweldige kortingen!\" \/>\n<meta name=\"robots\" content=\"index, follow, max-snippet:-1, max-image-preview:large, max-video-preview:-1\" \/>\n<link rel=\"canonical\" href=\"https:\/\/buymodafinilonline.com\/nl\/smart-drugs-nl\/armodafinil-generiek-150-mg\/\" \/>\n<meta property=\"og:locale\" content=\"nl_NL\" \/>\n<meta property=\"og:type\" content=\"article\" \/>\n<meta property=\"og:title\" content=\"Armodafinil Generiek 150 mg\" \/>\n<meta property=\"og:description\" content=\"Bestel Armodafinil Generic 150 mg medicijnen online bij de Indiase fabrikant. Koop Armodafinil Generic 150 mg voor de beste prijs bij de BuyModafinilOnline apotheek. Betaal met creditcard, PayPal of BTC en ontvang geweldige kortingen!\" \/>\n<meta property=\"og:url\" content=\"https:\/\/buymodafinilonline.com\/nl\/smart-drugs-nl\/armodafinil-generiek-150-mg\/\" \/>\n<meta property=\"og:site_name\" content=\"BuyModafinilOnline.com\" \/>\n<meta property=\"article:modified_time\" content=\"2025-04-23T09:10:56+00:00\" \/>\n<meta property=\"og:image\" content=\"https:\/\/buymodafinilonline.com\/wp-content\/uploads\/2020\/04\/bmo-product-generic-armodafinil-150-mg.png\" \/>\n\t<meta property=\"og:image:width\" content=\"1280\" \/>\n\t<meta property=\"og:image:height\" content=\"1500\" \/>\n\t<meta property=\"og:image:type\" content=\"image\/png\" \/>\n<meta name=\"twitter:label1\" content=\"Geschatte leestijd\" \/>\n\t<meta name=\"twitter:data1\" content=\"6 minuten\" \/>\n<script type=\"application\/ld+json\" class=\"yoast-schema-graph\">{\"@context\":\"https:\\\/\\\/schema.org\",\"@graph\":[{\"@type\":\"WebPage\",\"@id\":\"https:\\\/\\\/buymodafinilonline.com\\\/nl\\\/smart-drugs-nl\\\/armodafinil-generiek-150-mg\\\/\",\"url\":\"https:\\\/\\\/buymodafinilonline.com\\\/nl\\\/smart-drugs-nl\\\/armodafinil-generiek-150-mg\\\/\",\"name\":\"Koop Armodafinil Generieke 150 mg tabletten tegen lage kosten - BuyModafinilOnline\",\"isPartOf\":{\"@id\":\"https:\\\/\\\/buymodafinilonline.com\\\/nl\\\/#website\"},\"primaryImageOfPage\":{\"@id\":\"https:\\\/\\\/buymodafinilonline.com\\\/nl\\\/smart-drugs-nl\\\/armodafinil-generiek-150-mg\\\/#primaryimage\"},\"image\":{\"@id\":\"https:\\\/\\\/buymodafinilonline.com\\\/nl\\\/smart-drugs-nl\\\/armodafinil-generiek-150-mg\\\/#primaryimage\"},\"thumbnailUrl\":\"https:\\\/\\\/buymodafinilonline.com\\\/wp-content\\\/uploads\\\/2020\\\/04\\\/bmo-product-generic-armodafinil-150-mg.png\",\"datePublished\":\"2020-04-18T19:05:03+00:00\",\"dateModified\":\"2025-04-23T09:10:56+00:00\",\"description\":\"Bestel Armodafinil Generic 150 mg medicijnen online bij de Indiase fabrikant. Koop Armodafinil Generic 150 mg voor de beste prijs bij de BuyModafinilOnline apotheek. Betaal met creditcard, PayPal of BTC en ontvang geweldige kortingen!\",\"breadcrumb\":{\"@id\":\"https:\\\/\\\/buymodafinilonline.com\\\/nl\\\/smart-drugs-nl\\\/armodafinil-generiek-150-mg\\\/#breadcrumb\"},\"inLanguage\":\"nl-NL\",\"potentialAction\":[{\"@type\":\"ReadAction\",\"target\":[\"https:\\\/\\\/buymodafinilonline.com\\\/nl\\\/smart-drugs-nl\\\/armodafinil-generiek-150-mg\\\/\"]}]},{\"@type\":\"ImageObject\",\"inLanguage\":\"nl-NL\",\"@id\":\"https:\\\/\\\/buymodafinilonline.com\\\/nl\\\/smart-drugs-nl\\\/armodafinil-generiek-150-mg\\\/#primaryimage\",\"url\":\"https:\\\/\\\/buymodafinilonline.com\\\/wp-content\\\/uploads\\\/2020\\\/04\\\/bmo-product-generic-armodafinil-150-mg.png\",\"contentUrl\":\"https:\\\/\\\/buymodafinilonline.com\\\/wp-content\\\/uploads\\\/2020\\\/04\\\/bmo-product-generic-armodafinil-150-mg.png\",\"width\":1280,\"height\":1500,\"caption\":\"Generiek Armodafinil 150 mg\"},{\"@type\":\"BreadcrumbList\",\"@id\":\"https:\\\/\\\/buymodafinilonline.com\\\/nl\\\/smart-drugs-nl\\\/armodafinil-generiek-150-mg\\\/#breadcrumb\",\"itemListElement\":[{\"@type\":\"ListItem\",\"position\":1,\"name\":\"Buy Modafinil Online\",\"item\":\"https:\\\/\\\/buymodafinilonline.com\\\/nl\\\/\"},{\"@type\":\"ListItem\",\"position\":2,\"name\":\"Winkel\",\"item\":\"https:\\\/\\\/buymodafinilonline.com\\\/nl\\\/winkel\\\/\"},{\"@type\":\"ListItem\",\"position\":3,\"name\":\"Generieke\",\"item\":\"https:\\\/\\\/buymodafinilonline.com\\\/nl\\\/productcategorie\\\/generieke\\\/\"},{\"@type\":\"ListItem\",\"position\":4,\"name\":\"Armodafinil Generiek 150 mg\"}]},{\"@type\":\"WebSite\",\"@id\":\"https:\\\/\\\/buymodafinilonline.com\\\/nl\\\/#website\",\"url\":\"https:\\\/\\\/buymodafinilonline.com\\\/nl\\\/\",\"name\":\"BuyModafinilOnline.com\",\"description\":\"Modafinil Online Pharmacy\",\"publisher\":{\"@id\":\"https:\\\/\\\/buymodafinilonline.com\\\/nl\\\/#organization\"},\"potentialAction\":[{\"@type\":\"SearchAction\",\"target\":{\"@type\":\"EntryPoint\",\"urlTemplate\":\"https:\\\/\\\/buymodafinilonline.com\\\/nl\\\/?s={search_term_string}\"},\"query-input\":{\"@type\":\"PropertyValueSpecification\",\"valueRequired\":true,\"valueName\":\"search_term_string\"}}],\"inLanguage\":\"nl-NL\"},{\"@type\":\"Organization\",\"@id\":\"https:\\\/\\\/buymodafinilonline.com\\\/nl\\\/#organization\",\"name\":\"BuyModafinilOnline\",\"url\":\"https:\\\/\\\/buymodafinilonline.com\\\/nl\\\/\",\"logo\":{\"@type\":\"ImageObject\",\"inLanguage\":\"nl-NL\",\"@id\":\"https:\\\/\\\/buymodafinilonline.com\\\/nl\\\/#\\\/schema\\\/logo\\\/image\\\/\",\"url\":\"https:\\\/\\\/buymodafinilonline.com\\\/wp-content\\\/uploads\\\/2020\\\/04\\\/logo-buy-modafinil-online-yellow.png\",\"contentUrl\":\"https:\\\/\\\/buymodafinilonline.com\\\/wp-content\\\/uploads\\\/2020\\\/04\\\/logo-buy-modafinil-online-yellow.png\",\"width\":200,\"height\":200,\"caption\":\"BuyModafinilOnline\"},\"image\":{\"@id\":\"https:\\\/\\\/buymodafinilonline.com\\\/nl\\\/#\\\/schema\\\/logo\\\/image\\\/\"}}]}<\/script>\n<!-- \/ Yoast SEO Premium plugin. -->","yoast_head_json":{"title":"Koop Armodafinil Generieke 150 mg tabletten tegen lage kosten - BuyModafinilOnline","description":"Bestel Armodafinil Generic 150 mg medicijnen online bij de Indiase fabrikant. Koop Armodafinil Generic 150 mg voor de beste prijs bij de BuyModafinilOnline apotheek. Betaal met creditcard, PayPal of BTC en ontvang geweldige kortingen!","robots":{"index":"index","follow":"follow","max-snippet":"max-snippet:-1","max-image-preview":"max-image-preview:large","max-video-preview":"max-video-preview:-1"},"canonical":"https:\/\/buymodafinilonline.com\/nl\/smart-drugs-nl\/armodafinil-generiek-150-mg\/","og_locale":"nl_NL","og_type":"article","og_title":"Armodafinil Generiek 150 mg","og_description":"Bestel Armodafinil Generic 150 mg medicijnen online bij de Indiase fabrikant. Koop Armodafinil Generic 150 mg voor de beste prijs bij de BuyModafinilOnline apotheek. Betaal met creditcard, PayPal of BTC en ontvang geweldige kortingen!","og_url":"https:\/\/buymodafinilonline.com\/nl\/smart-drugs-nl\/armodafinil-generiek-150-mg\/","og_site_name":"BuyModafinilOnline.com","article_modified_time":"2025-04-23T09:10:56+00:00","og_image":[{"width":1280,"height":1500,"url":"https:\/\/buymodafinilonline.com\/wp-content\/uploads\/2020\/04\/bmo-product-generic-armodafinil-150-mg.png","type":"image\/png"}],"twitter_misc":{"Geschatte leestijd":"6 minuten"},"schema":{"@context":"https:\/\/schema.org","@graph":[{"@type":"WebPage","@id":"https:\/\/buymodafinilonline.com\/nl\/smart-drugs-nl\/armodafinil-generiek-150-mg\/","url":"https:\/\/buymodafinilonline.com\/nl\/smart-drugs-nl\/armodafinil-generiek-150-mg\/","name":"Koop Armodafinil Generieke 150 mg tabletten tegen lage kosten - BuyModafinilOnline","isPartOf":{"@id":"https:\/\/buymodafinilonline.com\/nl\/#website"},"primaryImageOfPage":{"@id":"https:\/\/buymodafinilonline.com\/nl\/smart-drugs-nl\/armodafinil-generiek-150-mg\/#primaryimage"},"image":{"@id":"https:\/\/buymodafinilonline.com\/nl\/smart-drugs-nl\/armodafinil-generiek-150-mg\/#primaryimage"},"thumbnailUrl":"https:\/\/buymodafinilonline.com\/wp-content\/uploads\/2020\/04\/bmo-product-generic-armodafinil-150-mg.png","datePublished":"2020-04-18T19:05:03+00:00","dateModified":"2025-04-23T09:10:56+00:00","description":"Bestel Armodafinil Generic 150 mg medicijnen online bij de Indiase fabrikant. Koop Armodafinil Generic 150 mg voor de beste prijs bij de BuyModafinilOnline apotheek. Betaal met creditcard, PayPal of BTC en ontvang geweldige kortingen!","breadcrumb":{"@id":"https:\/\/buymodafinilonline.com\/nl\/smart-drugs-nl\/armodafinil-generiek-150-mg\/#breadcrumb"},"inLanguage":"nl-NL","potentialAction":[{"@type":"ReadAction","target":["https:\/\/buymodafinilonline.com\/nl\/smart-drugs-nl\/armodafinil-generiek-150-mg\/"]}]},{"@type":"ImageObject","inLanguage":"nl-NL","@id":"https:\/\/buymodafinilonline.com\/nl\/smart-drugs-nl\/armodafinil-generiek-150-mg\/#primaryimage","url":"https:\/\/buymodafinilonline.com\/wp-content\/uploads\/2020\/04\/bmo-product-generic-armodafinil-150-mg.png","contentUrl":"https:\/\/buymodafinilonline.com\/wp-content\/uploads\/2020\/04\/bmo-product-generic-armodafinil-150-mg.png","width":1280,"height":1500,"caption":"Generiek Armodafinil 150 mg"},{"@type":"BreadcrumbList","@id":"https:\/\/buymodafinilonline.com\/nl\/smart-drugs-nl\/armodafinil-generiek-150-mg\/#breadcrumb","itemListElement":[{"@type":"ListItem","position":1,"name":"Buy Modafinil Online","item":"https:\/\/buymodafinilonline.com\/nl\/"},{"@type":"ListItem","position":2,"name":"Winkel","item":"https:\/\/buymodafinilonline.com\/nl\/winkel\/"},{"@type":"ListItem","position":3,"name":"Generieke","item":"https:\/\/buymodafinilonline.com\/nl\/productcategorie\/generieke\/"},{"@type":"ListItem","position":4,"name":"Armodafinil Generiek 150 mg"}]},{"@type":"WebSite","@id":"https:\/\/buymodafinilonline.com\/nl\/#website","url":"https:\/\/buymodafinilonline.com\/nl\/","name":"BuyModafinilOnline.com","description":"Modafinil Online Pharmacy","publisher":{"@id":"https:\/\/buymodafinilonline.com\/nl\/#organization"},"potentialAction":[{"@type":"SearchAction","target":{"@type":"EntryPoint","urlTemplate":"https:\/\/buymodafinilonline.com\/nl\/?s={search_term_string}"},"query-input":{"@type":"PropertyValueSpecification","valueRequired":true,"valueName":"search_term_string"}}],"inLanguage":"nl-NL"},{"@type":"Organization","@id":"https:\/\/buymodafinilonline.com\/nl\/#organization","name":"BuyModafinilOnline","url":"https:\/\/buymodafinilonline.com\/nl\/","logo":{"@type":"ImageObject","inLanguage":"nl-NL","@id":"https:\/\/buymodafinilonline.com\/nl\/#\/schema\/logo\/image\/","url":"https:\/\/buymodafinilonline.com\/wp-content\/uploads\/2020\/04\/logo-buy-modafinil-online-yellow.png","contentUrl":"https:\/\/buymodafinilonline.com\/wp-content\/uploads\/2020\/04\/logo-buy-modafinil-online-yellow.png","width":200,"height":200,"caption":"BuyModafinilOnline"},"image":{"@id":"https:\/\/buymodafinilonline.com\/nl\/#\/schema\/logo\/image\/"}}]}},"_links":{"self":[{"href":"https:\/\/buymodafinilonline.com\/nl\/wp-json\/wp\/v2\/product\/408936","targetHints":{"allow":["GET"]}}],"collection":[{"href":"https:\/\/buymodafinilonline.com\/nl\/wp-json\/wp\/v2\/product"}],"about":[{"href":"https:\/\/buymodafinilonline.com\/nl\/wp-json\/wp\/v2\/types\/product"}],"replies":[{"embeddable":true,"href":"https:\/\/buymodafinilonline.com\/nl\/wp-json\/wp\/v2\/comments?post=408936"}],"wp:featuredmedia":[{"embeddable":true,"href":"https:\/\/buymodafinilonline.com\/nl\/wp-json\/wp\/v2\/media\/398124"}],"wp:attachment":[{"href":"https:\/\/buymodafinilonline.com\/nl\/wp-json\/wp\/v2\/media?parent=408936"}],"wp:term":[{"taxonomy":"product_brand","embeddable":true,"href":"https:\/\/buymodafinilonline.com\/nl\/wp-json\/wp\/v2\/product_brand?post=408936"},{"taxonomy":"product_cat","embeddable":true,"href":"https:\/\/buymodafinilonline.com\/nl\/wp-json\/wp\/v2\/product_cat?post=408936"},{"taxonomy":"product_tag","embeddable":true,"href":"https:\/\/buymodafinilonline.com\/nl\/wp-json\/wp\/v2\/product_tag?post=408936"}],"curies":[{"name":"wp","href":"https:\/\/api.w.org\/{rel}","templated":true}]}}