{"id":400417,"date":"2020-04-30T22:37:34","date_gmt":"2020-04-30T21:37:34","guid":{"rendered":"https:\/\/buymodafinilonline.com\/nie-sprzedajemy-falszywych-lekow-z-modafinilem\/"},"modified":"2020-05-10T11:26:40","modified_gmt":"2020-05-10T10:26:40","slug":"nie-sprzedajemy-falszywych-lekow-z-modafinilem","status":"publish","type":"page","link":"https:\/\/buymodafinilonline.com\/pl\/nie-sprzedajemy-falszywych-lekow-z-modafinilem\/","title":{"rendered":"Nie sprzedajemy fa\u0142szywych lek\u00f3w z modafinilem"},"content":{"rendered":"<p><img fetchpriority=\"high\" decoding=\"async\" class=\"aligncenter size-full wp-image-399077\" src=\"https:\/\/buymodafinilonline.com\/wp-content\/uploads\/2020\/04\/bmo-featured-no-fake-modafinil.png\" alt=\"Godna zaufania apteka sprzedaj\u0105ca TYLKO PRAWDZIWY Modafinil z Indii\" width=\"2048\" height=\"1152\" srcset=\"https:\/\/buymodafinilonline.com\/wp-content\/uploads\/2020\/04\/bmo-featured-no-fake-modafinil.png 2048w, https:\/\/buymodafinilonline.com\/wp-content\/uploads\/2020\/04\/bmo-featured-no-fake-modafinil-300x169.png 300w, https:\/\/buymodafinilonline.com\/wp-content\/uploads\/2020\/04\/bmo-featured-no-fake-modafinil-150x84.png 150w, https:\/\/buymodafinilonline.com\/wp-content\/uploads\/2020\/04\/bmo-featured-no-fake-modafinil-800x450.png 800w, https:\/\/buymodafinilonline.com\/wp-content\/uploads\/2020\/04\/bmo-featured-no-fake-modafinil-1024x576.png 1024w, https:\/\/buymodafinilonline.com\/wp-content\/uploads\/2020\/04\/bmo-featured-no-fake-modafinil-768x432.png 768w, https:\/\/buymodafinilonline.com\/wp-content\/uploads\/2020\/04\/bmo-featured-no-fake-modafinil-1536x864.png 1536w\" sizes=\"(max-width: 2048px) 100vw, 2048px\" \/><\/p>\n<p>Odk\u0105d odkryto nieprawdopodobne w\u0142a\u015bciwo\u015bci modafinilu, kt\u00f3re pomagaj\u0105 prezesom du\u017cych firm, pilotom samolot\u00f3w, analitykom finansowym i innym profesjonalistom osi\u0105gn\u0105\u0107 najwy\u017cszy poziom skupienia i czujno\u015bci tak bardzo potrzebny im w pracy, lek zyska\u0142 na popularno\u015bci. Doprowadzi\u0142o to do wzrostu popytu na lek i jednocze\u015bnie do pojawienia si\u0119 wielu jego wariant\u00f3w oraz firm produkuj\u0105cych go.<\/p>\n<p>Mo\u017cna by pomy\u015ble\u0107, \u017ce to dobre wie\u015bci, ale niestety otworzy\u0142o to furtk\u0119 oszustom. Ale istnieje spos\u00f3b, w jaki kupuj\u0105cy mog\u0105 upewni\u0107 si\u0119, \u017ce kupuj\u0105 prawdziwy produkt. Nale\u017cy ufa\u0107 tylko dobrym sklepom, takim jak nasza apteka. Nie sprzedajemy podr\u00f3bek tabletek. Czytaj dalej, a sam si\u0119 o tym przekonasz.<\/p>\n<h2>Czy nasze tabletki z modafinilem s\u0105 sprawdzone i bezpieczne?<\/h2>\n<p>Zapewne jeste\u015b na tej stronie, bo szukasz prawdziwego modafinilu, a nie podr\u00f3bek. Ale sk\u0105d wiadomo, \u017ce nasze tabletki s\u0105 sprawdzonym i bezpiecznym lekiem, a nie tylko podr\u00f3bk\u0105? Poka\u017cemy Ci sk\u0105d.<\/p>\n<p>Po pierwsze nasze leki pochodz\u0105 od najlepszych firm farmaceutycznych w Indiach, m.in. Sun Pharma oraz HAB Pharma. Ci producenci to \u015bwiatowej klasy firmy farmaceutyczne o zweryfikowanym portfolio, kt\u00f3re z nawi\u0105zk\u0105 spe\u0142niaj\u0105 wszelkie wymogi obowi\u0105zuj\u0105ce w bran\u017cy i przestrzegaj\u0105 standard\u00f3w.<\/p>\n<p>Na przyk\u0142ad firma Sun Pharma to najwi\u0119ksza firma w przemy\u015ble generycznym w Indiach, najwi\u0119ksza indyjska firma farmaceutyczna w Stanach Zjednoczonych oraz pi\u0105ta co do wielko\u015bci firma na \u015bwiecie <a href=\"https:\/\/en.m.wikipedia.org\/wiki\/Sun_Pharmaceutical\">[1]<\/a>. HAB Pharma z kolei to inna wielka firma farmaceutyczna <a href=\"https:\/\/habpharma.in\/\">[2]<\/a>. Obydwie posiadaj\u0105 pozwolenie na dzia\u0142anie otrzymane od agencji Food and Drug Administration (FDA) oraz funkcjonuj\u0105 zgodnie z normami ISO 9001, wytycznymi dobrych praktyk produkcyjnych (Good Manufacturing Practices, GMP) oraz certyfikatami laboratoryjnymi \u015awiatowej Organizacji Zdrowia (WHO). Oznacza to, \u017ce ka\u017cdy produkt, kt\u00f3ry trafia do nas z ich laboratorium, spe\u0142nia wszystkie niezb\u0119dne wymogi i jest bezpieczny.<\/p>\n<p>Co wi\u0119cej, posiadamy renom\u0119 firmy, kt\u00f3rej klienci s\u0105 w 100% zadowoleni. Nie musisz wierzy\u0107 nam na s\u0142owo \u2013 po prostu przeczytaj opinie naszych klient\u00f3w!<\/p>\n<p>W aptece BuyModafinilOnline nie sprzedajemy fa\u0142szywego modafinilu, a jedynie sprawdzone pigu\u0142ki m\u0105dro\u015bci. Mo\u017cesz by\u0107 pewien, \u017ce otrzymasz tabletki z modafinilem, kt\u00f3re b\u0119d\u0105 dzia\u0142a\u0107 dok\u0142adnie tak, jak powinny.<\/p>\n<h2>Jak \u0142atwo stwierdzi\u0107, \u017ce modafinil jest podrobiony?<\/h2>\n<p>Obecnie nietrudno wyda\u0107 fortun\u0119 na modafinil w nadziei, \u017ce b\u0119dzie prawdziwy, a i tak otrzyma\u0107 podr\u00f3bk\u0119. Ale na szcz\u0119\u015bcie s\u0105 \u0142atwe sposoby na to, by wykry\u0107, \u017ce mamy do czynienia z podr\u00f3bk\u0105. Tutaj piszemy, jak to zrobi\u0107.<\/p>\n<ul>\n<li>Wygl\u0105d. Jest to najlepszy spos\u00f3b na to, by odr\u00f3\u017cni\u0107 podr\u00f3bk\u0119 od orygina\u0142u. Mo\u017cesz obejrze\u0107 zdj\u0119cia Modafinilu w Internecie i por\u00f3wna\u0107 je z tabletkami, kt\u00f3re otrzyma\u0142e\u015b. Zwykle r\u00f3\u017cnice s\u0105 \u0142atwe do zauwa\u017cenia. Poza tym, sprawd\u017a, czy tabletki nie maj\u0105 nienaturalnie jaskrawego koloru.<\/li>\n<li>Za\u017cycie. Kolejnym sposobem na zweryfikowanie, czy modafinil jest autentyczny, jest sprawdzenie, czy dzia\u0142a. Prawdziwy modafinil zwykle powoduje u u\u017cytkownik\u00f3w efekt wybudzenia. Je\u015bli nie poczujesz \u017cadnego skoku energii, wzrostu poziomu czujno\u015bci i\/lub skupienia, to bardzo prawdopodobne, \u017ce tabletka nie zawiera prawdziwego leku. Warto jednak zauwa\u017cy\u0107, \u017ce sprawdzenie autentyczno\u015bci modafinilu poprzez samo za\u017cycie nie jest w pe\u0142ni miarodajn\u0105 metod\u0105, poniewa\u017c opinie u\u017cytkownik\u00f3w pokazuj\u0105, \u017ce ten lek nie dzia\u0142a na wszystkich <a href=\"https:\/\/www.drugs.com\/comments\/modafinil\/provigil-for-narcolepsy.html\">[3]<\/a>.<\/li>\n<\/ul>\n<p>Na koniec warto doda\u0107, \u017ce najlepszym sposobem na unikni\u0119cie zakupu podr\u00f3bek tabletek modafinilu jest kupowanie go tylko od zaufanego sprzedawcy. W ten spos\u00f3b nie trzeba sobie zadawa\u0107 trudu i samemu sprawdza\u0107 autentyczno\u015bci leku. Chcesz kupi\u0107 prawdziwe tabletki z modafinilem ju\u017c teraz? Z\u0142\u00f3\u017c zam\u00f3wienie, a tabletki otrzymasz za tydzie\u0144.<\/p>\n<h3>Bibliografia<\/h3>\n<ol>\n<li>Sun Pharmaceutical. Pobrano: 11 marca 2020. Wikipedia.org.<\/li>\n<li>Oficjalna strona internetowa firmy HAB Pharma. Habpharma.in.<\/li>\n<li>Opinie u\u017cytkownik\u00f3w leku Provigil stosowanego w leczeniu narkolepsji. Pobrano: 7 marca 2020. Drugs.com.<\/li>\n<\/ol>\n","protected":false},"excerpt":{"rendered":"<p>Odk\u0105d odkryto nieprawdopodobne w\u0142a\u015bciwo\u015bci modafinilu, kt\u00f3re pomagaj\u0105 prezesom du\u017cych firm, pilotom samolot\u00f3w, analitykom finansowym i innym profesjonalistom osi\u0105gn\u0105\u0107 najwy\u017cszy poziom skupienia i czujno\u015bci tak bardzo potrzebny im w pracy, lek zyska\u0142 na popularno\u015bci. Doprowadzi\u0142o to do wzrostu popytu na lek i jednocze\u015bnie do pojawienia si\u0119 wielu jego wariant\u00f3w oraz firm produkuj\u0105cych go. Mo\u017cna by pomy\u015ble\u0107, [&hellip;]<\/p>\n","protected":false},"author":1,"featured_media":0,"parent":0,"menu_order":0,"comment_status":"closed","ping_status":"closed","template":"","meta":{"_acf_changed":false,"footnotes":""},"class_list":["post-400417","page","type-page","status-publish","hentry"],"acf":[],"yoast_head":"<!-- This site is optimized with the Yoast SEO Premium plugin v23.6 (Yoast SEO v27.5) - https:\/\/yoast.com\/product\/yoast-seo-premium-wordpress\/ -->\n<title>Godna zaufania apteka sprzedaj\u0105ca TYLKO PRAWDZIWY Modafinil z Indii \u2013 BuyModafinilOnline<\/title>\n<meta name=\"description\" content=\"Chcesz unikn\u0105\u0107 oszustwa i mie\u0107 pewno\u015b\u0107, \u017ce kupujesz dobrej jako\u015bci modafinil? Tutaj znajdziesz wskaz\u00f3wki dotycz\u0105cego tego, jak wykry\u0107 oszustwo, i gdzie mo\u017cna zam\u00f3wi\u0107 tylko sprawdzony modafinil w Internecie w dobrej cenie. BEZ fa\u0142szywych lek\u00f3w!\" \/>\n<meta name=\"robots\" content=\"index, follow, max-snippet:-1, max-image-preview:large, max-video-preview:-1\" \/>\n<link rel=\"canonical\" href=\"https:\/\/buymodafinilonline.com\/pl\/nie-sprzedajemy-falszywych-lekow-z-modafinilem\/\" \/>\n<meta property=\"og:locale\" content=\"pl_PL\" \/>\n<meta property=\"og:type\" content=\"article\" \/>\n<meta property=\"og:title\" content=\"Nie sprzedajemy fa\u0142szywych lek\u00f3w z modafinilem\" \/>\n<meta property=\"og:description\" content=\"Chcesz unikn\u0105\u0107 oszustwa i mie\u0107 pewno\u015b\u0107, \u017ce kupujesz dobrej jako\u015bci modafinil? Tutaj znajdziesz wskaz\u00f3wki dotycz\u0105cego tego, jak wykry\u0107 oszustwo, i gdzie mo\u017cna zam\u00f3wi\u0107 tylko sprawdzony modafinil w Internecie w dobrej cenie. BEZ fa\u0142szywych lek\u00f3w!\" \/>\n<meta property=\"og:url\" content=\"https:\/\/buymodafinilonline.com\/pl\/nie-sprzedajemy-falszywych-lekow-z-modafinilem\/\" \/>\n<meta property=\"og:site_name\" content=\"BuyModafinilOnline.com\" \/>\n<meta property=\"article:modified_time\" content=\"2020-05-10T10:26:40+00:00\" \/>\n<meta property=\"og:image\" content=\"https:\/\/buymodafinilonline.com\/wp-content\/uploads\/2020\/04\/bmo-featured-no-fake-modafinil.png\" \/>\n<meta name=\"twitter:label1\" content=\"Szacowany czas czytania\" \/>\n\t<meta name=\"twitter:data1\" content=\"3 minuty\" \/>\n<script type=\"application\/ld+json\" class=\"yoast-schema-graph\">{\"@context\":\"https:\\\/\\\/schema.org\",\"@graph\":[{\"@type\":\"WebPage\",\"@id\":\"https:\\\/\\\/buymodafinilonline.com\\\/pl\\\/nie-sprzedajemy-falszywych-lekow-z-modafinilem\\\/\",\"url\":\"https:\\\/\\\/buymodafinilonline.com\\\/pl\\\/nie-sprzedajemy-falszywych-lekow-z-modafinilem\\\/\",\"name\":\"Godna zaufania apteka sprzedaj\u0105ca TYLKO PRAWDZIWY Modafinil z Indii \u2013 BuyModafinilOnline\",\"isPartOf\":{\"@id\":\"https:\\\/\\\/buymodafinilonline.com\\\/pl\\\/#website\"},\"primaryImageOfPage\":{\"@id\":\"https:\\\/\\\/buymodafinilonline.com\\\/pl\\\/nie-sprzedajemy-falszywych-lekow-z-modafinilem\\\/#primaryimage\"},\"image\":{\"@id\":\"https:\\\/\\\/buymodafinilonline.com\\\/pl\\\/nie-sprzedajemy-falszywych-lekow-z-modafinilem\\\/#primaryimage\"},\"thumbnailUrl\":\"https:\\\/\\\/buymodafinilonline.com\\\/wp-content\\\/uploads\\\/2020\\\/04\\\/bmo-featured-no-fake-modafinil.png\",\"datePublished\":\"2020-04-30T21:37:34+00:00\",\"dateModified\":\"2020-05-10T10:26:40+00:00\",\"description\":\"Chcesz unikn\u0105\u0107 oszustwa i mie\u0107 pewno\u015b\u0107, \u017ce kupujesz dobrej jako\u015bci modafinil? Tutaj znajdziesz wskaz\u00f3wki dotycz\u0105cego tego, jak wykry\u0107 oszustwo, i gdzie mo\u017cna zam\u00f3wi\u0107 tylko sprawdzony modafinil w Internecie w dobrej cenie. BEZ fa\u0142szywych lek\u00f3w!\",\"breadcrumb\":{\"@id\":\"https:\\\/\\\/buymodafinilonline.com\\\/pl\\\/nie-sprzedajemy-falszywych-lekow-z-modafinilem\\\/#breadcrumb\"},\"inLanguage\":\"pl-PL\",\"potentialAction\":[{\"@type\":\"ReadAction\",\"target\":[\"https:\\\/\\\/buymodafinilonline.com\\\/pl\\\/nie-sprzedajemy-falszywych-lekow-z-modafinilem\\\/\"]}]},{\"@type\":\"ImageObject\",\"inLanguage\":\"pl-PL\",\"@id\":\"https:\\\/\\\/buymodafinilonline.com\\\/pl\\\/nie-sprzedajemy-falszywych-lekow-z-modafinilem\\\/#primaryimage\",\"url\":\"https:\\\/\\\/buymodafinilonline.com\\\/wp-content\\\/uploads\\\/2020\\\/04\\\/bmo-featured-no-fake-modafinil.png\",\"contentUrl\":\"https:\\\/\\\/buymodafinilonline.com\\\/wp-content\\\/uploads\\\/2020\\\/04\\\/bmo-featured-no-fake-modafinil.png\"},{\"@type\":\"BreadcrumbList\",\"@id\":\"https:\\\/\\\/buymodafinilonline.com\\\/pl\\\/nie-sprzedajemy-falszywych-lekow-z-modafinilem\\\/#breadcrumb\",\"itemListElement\":[{\"@type\":\"ListItem\",\"position\":1,\"name\":\"Buy Modafinil Online\",\"item\":\"https:\\\/\\\/buymodafinilonline.com\\\/pl\\\/\"},{\"@type\":\"ListItem\",\"position\":2,\"name\":\"Nie sprzedajemy fa\u0142szywych lek\u00f3w z modafinilem\"}]},{\"@type\":\"WebSite\",\"@id\":\"https:\\\/\\\/buymodafinilonline.com\\\/pl\\\/#website\",\"url\":\"https:\\\/\\\/buymodafinilonline.com\\\/pl\\\/\",\"name\":\"BuyModafinilOnline.com\",\"description\":\"Modafinil Online Pharmacy\",\"publisher\":{\"@id\":\"https:\\\/\\\/buymodafinilonline.com\\\/pl\\\/#organization\"},\"potentialAction\":[{\"@type\":\"SearchAction\",\"target\":{\"@type\":\"EntryPoint\",\"urlTemplate\":\"https:\\\/\\\/buymodafinilonline.com\\\/pl\\\/?s={search_term_string}\"},\"query-input\":{\"@type\":\"PropertyValueSpecification\",\"valueRequired\":true,\"valueName\":\"search_term_string\"}}],\"inLanguage\":\"pl-PL\"},{\"@type\":\"Organization\",\"@id\":\"https:\\\/\\\/buymodafinilonline.com\\\/pl\\\/#organization\",\"name\":\"BuyModafinilOnline\",\"url\":\"https:\\\/\\\/buymodafinilonline.com\\\/pl\\\/\",\"logo\":{\"@type\":\"ImageObject\",\"inLanguage\":\"pl-PL\",\"@id\":\"https:\\\/\\\/buymodafinilonline.com\\\/pl\\\/#\\\/schema\\\/logo\\\/image\\\/\",\"url\":\"https:\\\/\\\/buymodafinilonline.com\\\/wp-content\\\/uploads\\\/2020\\\/04\\\/logo-buy-modafinil-online-yellow.png\",\"contentUrl\":\"https:\\\/\\\/buymodafinilonline.com\\\/wp-content\\\/uploads\\\/2020\\\/04\\\/logo-buy-modafinil-online-yellow.png\",\"width\":200,\"height\":200,\"caption\":\"BuyModafinilOnline\"},\"image\":{\"@id\":\"https:\\\/\\\/buymodafinilonline.com\\\/pl\\\/#\\\/schema\\\/logo\\\/image\\\/\"}}]}<\/script>\n<!-- \/ Yoast SEO Premium plugin. -->","yoast_head_json":{"title":"Godna zaufania apteka sprzedaj\u0105ca TYLKO PRAWDZIWY Modafinil z Indii \u2013 BuyModafinilOnline","description":"Chcesz unikn\u0105\u0107 oszustwa i mie\u0107 pewno\u015b\u0107, \u017ce kupujesz dobrej jako\u015bci modafinil? Tutaj znajdziesz wskaz\u00f3wki dotycz\u0105cego tego, jak wykry\u0107 oszustwo, i gdzie mo\u017cna zam\u00f3wi\u0107 tylko sprawdzony modafinil w Internecie w dobrej cenie. BEZ fa\u0142szywych lek\u00f3w!","robots":{"index":"index","follow":"follow","max-snippet":"max-snippet:-1","max-image-preview":"max-image-preview:large","max-video-preview":"max-video-preview:-1"},"canonical":"https:\/\/buymodafinilonline.com\/pl\/nie-sprzedajemy-falszywych-lekow-z-modafinilem\/","og_locale":"pl_PL","og_type":"article","og_title":"Nie sprzedajemy fa\u0142szywych lek\u00f3w z modafinilem","og_description":"Chcesz unikn\u0105\u0107 oszustwa i mie\u0107 pewno\u015b\u0107, \u017ce kupujesz dobrej jako\u015bci modafinil? Tutaj znajdziesz wskaz\u00f3wki dotycz\u0105cego tego, jak wykry\u0107 oszustwo, i gdzie mo\u017cna zam\u00f3wi\u0107 tylko sprawdzony modafinil w Internecie w dobrej cenie. BEZ fa\u0142szywych lek\u00f3w!","og_url":"https:\/\/buymodafinilonline.com\/pl\/nie-sprzedajemy-falszywych-lekow-z-modafinilem\/","og_site_name":"BuyModafinilOnline.com","article_modified_time":"2020-05-10T10:26:40+00:00","og_image":[{"url":"https:\/\/buymodafinilonline.com\/wp-content\/uploads\/2020\/04\/bmo-featured-no-fake-modafinil.png","type":"","width":"","height":""}],"twitter_misc":{"Szacowany czas czytania":"3 minuty"},"schema":{"@context":"https:\/\/schema.org","@graph":[{"@type":"WebPage","@id":"https:\/\/buymodafinilonline.com\/pl\/nie-sprzedajemy-falszywych-lekow-z-modafinilem\/","url":"https:\/\/buymodafinilonline.com\/pl\/nie-sprzedajemy-falszywych-lekow-z-modafinilem\/","name":"Godna zaufania apteka sprzedaj\u0105ca TYLKO PRAWDZIWY Modafinil z Indii \u2013 BuyModafinilOnline","isPartOf":{"@id":"https:\/\/buymodafinilonline.com\/pl\/#website"},"primaryImageOfPage":{"@id":"https:\/\/buymodafinilonline.com\/pl\/nie-sprzedajemy-falszywych-lekow-z-modafinilem\/#primaryimage"},"image":{"@id":"https:\/\/buymodafinilonline.com\/pl\/nie-sprzedajemy-falszywych-lekow-z-modafinilem\/#primaryimage"},"thumbnailUrl":"https:\/\/buymodafinilonline.com\/wp-content\/uploads\/2020\/04\/bmo-featured-no-fake-modafinil.png","datePublished":"2020-04-30T21:37:34+00:00","dateModified":"2020-05-10T10:26:40+00:00","description":"Chcesz unikn\u0105\u0107 oszustwa i mie\u0107 pewno\u015b\u0107, \u017ce kupujesz dobrej jako\u015bci modafinil? Tutaj znajdziesz wskaz\u00f3wki dotycz\u0105cego tego, jak wykry\u0107 oszustwo, i gdzie mo\u017cna zam\u00f3wi\u0107 tylko sprawdzony modafinil w Internecie w dobrej cenie. BEZ fa\u0142szywych lek\u00f3w!","breadcrumb":{"@id":"https:\/\/buymodafinilonline.com\/pl\/nie-sprzedajemy-falszywych-lekow-z-modafinilem\/#breadcrumb"},"inLanguage":"pl-PL","potentialAction":[{"@type":"ReadAction","target":["https:\/\/buymodafinilonline.com\/pl\/nie-sprzedajemy-falszywych-lekow-z-modafinilem\/"]}]},{"@type":"ImageObject","inLanguage":"pl-PL","@id":"https:\/\/buymodafinilonline.com\/pl\/nie-sprzedajemy-falszywych-lekow-z-modafinilem\/#primaryimage","url":"https:\/\/buymodafinilonline.com\/wp-content\/uploads\/2020\/04\/bmo-featured-no-fake-modafinil.png","contentUrl":"https:\/\/buymodafinilonline.com\/wp-content\/uploads\/2020\/04\/bmo-featured-no-fake-modafinil.png"},{"@type":"BreadcrumbList","@id":"https:\/\/buymodafinilonline.com\/pl\/nie-sprzedajemy-falszywych-lekow-z-modafinilem\/#breadcrumb","itemListElement":[{"@type":"ListItem","position":1,"name":"Buy Modafinil Online","item":"https:\/\/buymodafinilonline.com\/pl\/"},{"@type":"ListItem","position":2,"name":"Nie sprzedajemy fa\u0142szywych lek\u00f3w z modafinilem"}]},{"@type":"WebSite","@id":"https:\/\/buymodafinilonline.com\/pl\/#website","url":"https:\/\/buymodafinilonline.com\/pl\/","name":"BuyModafinilOnline.com","description":"Modafinil Online Pharmacy","publisher":{"@id":"https:\/\/buymodafinilonline.com\/pl\/#organization"},"potentialAction":[{"@type":"SearchAction","target":{"@type":"EntryPoint","urlTemplate":"https:\/\/buymodafinilonline.com\/pl\/?s={search_term_string}"},"query-input":{"@type":"PropertyValueSpecification","valueRequired":true,"valueName":"search_term_string"}}],"inLanguage":"pl-PL"},{"@type":"Organization","@id":"https:\/\/buymodafinilonline.com\/pl\/#organization","name":"BuyModafinilOnline","url":"https:\/\/buymodafinilonline.com\/pl\/","logo":{"@type":"ImageObject","inLanguage":"pl-PL","@id":"https:\/\/buymodafinilonline.com\/pl\/#\/schema\/logo\/image\/","url":"https:\/\/buymodafinilonline.com\/wp-content\/uploads\/2020\/04\/logo-buy-modafinil-online-yellow.png","contentUrl":"https:\/\/buymodafinilonline.com\/wp-content\/uploads\/2020\/04\/logo-buy-modafinil-online-yellow.png","width":200,"height":200,"caption":"BuyModafinilOnline"},"image":{"@id":"https:\/\/buymodafinilonline.com\/pl\/#\/schema\/logo\/image\/"}}]}},"_links":{"self":[{"href":"https:\/\/buymodafinilonline.com\/pl\/wp-json\/wp\/v2\/pages\/400417","targetHints":{"allow":["GET"]}}],"collection":[{"href":"https:\/\/buymodafinilonline.com\/pl\/wp-json\/wp\/v2\/pages"}],"about":[{"href":"https:\/\/buymodafinilonline.com\/pl\/wp-json\/wp\/v2\/types\/page"}],"author":[{"embeddable":true,"href":"https:\/\/buymodafinilonline.com\/pl\/wp-json\/wp\/v2\/users\/1"}],"replies":[{"embeddable":true,"href":"https:\/\/buymodafinilonline.com\/pl\/wp-json\/wp\/v2\/comments?post=400417"}],"version-history":[{"count":0,"href":"https:\/\/buymodafinilonline.com\/pl\/wp-json\/wp\/v2\/pages\/400417\/revisions"}],"wp:attachment":[{"href":"https:\/\/buymodafinilonline.com\/pl\/wp-json\/wp\/v2\/media?parent=400417"}],"curies":[{"name":"wp","href":"https:\/\/api.w.org\/{rel}","templated":true}]}}