{"id":400418,"date":"2020-04-30T22:37:34","date_gmt":"2020-04-30T21:37:34","guid":{"rendered":"https:\/\/buymodafinilonline.com\/czy-nalezy-ufac-firmom-sun-pharma-i-hab-pharma\/"},"modified":"2020-04-30T22:37:34","modified_gmt":"2020-04-30T21:37:34","slug":"czy-nalezy-ufac-firmom-sun-pharma-i-hab-pharma","status":"publish","type":"page","link":"https:\/\/buymodafinilonline.com\/pl\/czy-nalezy-ufac-firmom-sun-pharma-i-hab-pharma\/","title":{"rendered":"Czy nale\u017cy ufa\u0107 firmom Sun Pharma i HAB Pharma?"},"content":{"rendered":"<p><img fetchpriority=\"high\" decoding=\"async\" class=\"aligncenter size-full wp-image-399084\" src=\"https:\/\/buymodafinilonline.com\/wp-content\/uploads\/2020\/04\/bmo-featured-trust-sun-pharma-hab.png\" alt=\"Sun Pharma i HAB Pharma: dlaczego warto im zaufa\u0107?\" width=\"2048\" height=\"1152\" srcset=\"https:\/\/buymodafinilonline.com\/wp-content\/uploads\/2020\/04\/bmo-featured-trust-sun-pharma-hab.png 2048w, https:\/\/buymodafinilonline.com\/wp-content\/uploads\/2020\/04\/bmo-featured-trust-sun-pharma-hab-300x169.png 300w, https:\/\/buymodafinilonline.com\/wp-content\/uploads\/2020\/04\/bmo-featured-trust-sun-pharma-hab-150x84.png 150w, https:\/\/buymodafinilonline.com\/wp-content\/uploads\/2020\/04\/bmo-featured-trust-sun-pharma-hab-800x450.png 800w, https:\/\/buymodafinilonline.com\/wp-content\/uploads\/2020\/04\/bmo-featured-trust-sun-pharma-hab-1024x576.png 1024w, https:\/\/buymodafinilonline.com\/wp-content\/uploads\/2020\/04\/bmo-featured-trust-sun-pharma-hab-768x432.png 768w, https:\/\/buymodafinilonline.com\/wp-content\/uploads\/2020\/04\/bmo-featured-trust-sun-pharma-hab-1536x864.png 1536w\" sizes=\"(max-width: 2048px) 100vw, 2048px\" \/><\/p>\n<p>Nikogo nie zaskakuje ju\u017c informacja o tym, \u017ce Indie to najwi\u0119kszy dostawca lek\u00f3w bez recepty oraz zamiennik\u00f3w lek\u00f3w znanych marek w Stanach Zjednoczonych. Leki pochodz\u0105ce z Indii stanowi\u0105 nawet 40% towar\u00f3w tego typu sprowadzanych do Kraju Wolno\u015bci, a wi\u0119c jest to wynik ust\u0119puj\u0105cy tylko Kanadzie. Dzieje si\u0119 tak za g\u0142\u00f3wnie za spraw\u0105 dw\u00f3ch wa\u017cnych firm farmaceutycznych. S\u0105 nimi Sun Pharma oraz HAB Pharma. Je\u015bli jeste\u015b zwolennikiem stosowania lek\u00f3w nootropowych, to pewnie o nich s\u0142ysza\u0142e\u015b.<\/p>\n<p>Ale skoro nale\u017c\u0105 one do najwi\u0119kszych producent\u00f3w zamiennik\u00f3w lek\u00f3w znanych marek na \u015bwiecie, to czy ich produkty s\u0105 wystarczaj\u0105cej jako\u015bci? Czy mo\u017cna im zaufa\u0107? Ten artyku\u0142 odpowie na te pytania.<\/p>\n<h2>Podstawowe fakty o producencie Sun Pharma<\/h2>\n<p>Firma Sun Pharma zosta\u0142a za\u0142o\u017cona w roku 1983. Ta indyjska wielonarodowa firma z siedzib\u0105 w Mumbaju oferuje produkty stosowane w wielu r\u00f3\u017cnych dziedzinach medycyny, w tym neurologii, kardiologii i psychiatrii. Pocz\u0105tkowo Sun Pharma oferowa\u0142a tylko pi\u0119\u0107 produkt\u00f3w u\u017cywanych w leczeniu chor\u00f3b psychicznych. Jednak przez lata otworzy\u0142a si\u0119 na inne dziedziny i jest teraz liderem na rynku. Ale to nie wszystko. W 2014 firma naby\u0142a Ranbaxy Laboratories i zarazem sta\u0142a si\u0119 najwi\u0119ksz\u0105 firm\u0105 w Indiach, najwi\u0119ksz\u0105 indyjsk\u0105 firm\u0105 farmaceutyczn\u0105 w USA oraz pi\u0105t\u0105 co do wielko\u015bci firm\u0105 w przemy\u015ble generycznym na \u015bwiecie <a href=\"https:\/\/en.m.wikipedia.org\/wiki\/Sun_Pharmaceutical\">[1]<\/a>.<\/p>\n<p>Najbardziej popularne leki firmy Sun Pharma, kt\u00f3re mo\u017cesz kupi\u0107 przez BuyModafinilOnline to Modalert oraz Waklert. Tak wi\u0119c Sun Pharma to wi\u0119cej ni\u017c tylko znana firma farmaceutyczna. Mo\u017cna powiedzie\u0107, \u017ce to najwi\u0119ksza i najbardziej powa\u017cana firma w bran\u017cy <a href=\"https:\/\/www.sunpharma.com\/\">[2]<\/a>.<\/p>\n<h2>Podstawowe informacje o firmie HAB Pharma<\/h2>\n<p>HAB Pharma to jeden z wiod\u0105cych dostawc\u00f3w modafinilu na \u015bwiecie i najwi\u0119kszy rywal firmy Sun Pharma. Na rynku farmaceutycznym dzia\u0142a sprawnie od kilku lat.<\/p>\n<p>Firma HAB Pharma zosta\u0142a za\u0142o\u017cona w 1980 r., a swoj\u0105 pierwsz\u0105 fabryk\u0119 otworzy\u0142a w 1989 r. Z biegiem lat rozszerzy\u0142a swoj\u0105 dzia\u0142alno\u015b\u0107 na rynki zagraniczne, a obecnie wi\u0119kszo\u015b\u0107 swoich produkt\u00f3w eksportuje <a href=\"http:\/\/habpharma.in\/company-overview\">[3]<\/a>.<\/p>\n<p>Jak wida\u0107 HAB Pharma jest do\u015b\u0107 znana i ma ugruntowan\u0105 pozycj\u0119 na rynku farmaceutycznym. Czas poka\u017ce, co przyniesie przysz\u0142o\u015b\u0107, ale wygl\u0105da na to, \u017ce firma nie\u017ale sobie radzi i chyba nie bez powodu. Najbardziej popularne leki tej firmy, kt\u00f3re r\u00f3wnie\u017c mo\u017cna zam\u00f3wi\u0107 na stronie BuyModafinilOnline to Modvigil oraz Artvigil.<\/p>\n<h2>Sun Pharma vs HAB Pharma: kt\u00f3ra jest lepsza?<\/h2>\n<p>Sun Pharma vs HAB Pharma: kt\u00f3ra jest lepsza? Je\u015bli nale\u017cysz do spo\u0142eczno\u015bci os\u00f3b korzystaj\u0105cych ze \u015brodk\u00f3w nootropowych, to pewnie wielokrotnie by\u0142e\u015b \u015bwiadkiem tej dyskusji. Obie firmy to giganci, kt\u00f3re radz\u0105 sobie \u015bwietnie, bo stanowi\u0105 dla siebie konkurencj\u0119.<\/p>\n<p>S\u0105 to po prostu godne zaufania firmy o \u015bwietnej reputacji, kt\u00f3re s\u0105 dobre w tym, co robi\u0105. Tak wi\u0119c to, kt\u00f3ra jest lepsza tak naprawd\u0119 sprowadza si\u0119 do Twoich osobistych preferencji i do tego, kt\u00f3re z lek\u00f3w lepiej na Ciebie dzia\u0142aj\u0105.<\/p>\n<p>S\u0105dz\u0105c po opiniach, wiele os\u00f3b woli Sun Pharmaceuticals. Ta preferencja mo\u017ce wynika\u0107 z tego, \u017ce ten producent jest po prostu bardziej popularny. Z drugiej strony s\u0105 te\u017c osoby, kt\u00f3re wol\u0105 produkty HAB Pharma, a tak\u017ce tacy, kt\u00f3rzy uwa\u017caj\u0105, \u017ce mi\u0119dzy tymi dwoma gigantami farmaceutycznymi nie ma \u017cadnej r\u00f3\u017cnicy.<\/p>\n<h2>Dlaczego ufamy tym dostawcom?<\/h2>\n<p>Zastanawiasz si\u0119, dlaczego ufamy HAB Pharma oraz Sun Pharma? To proste. Wiele os\u00f3b nie tylko ich zna, ale te\u017c im ufa. Obie firmy posiadaj\u0105 certyfikowane laboratoria, w kt\u00f3rych prowadz\u0105 dzia\u0142alno\u015b\u0107 produkcyjn\u0105. Wszystkie ich leki s\u0105 zatwierdzone przez ameryka\u0144sk\u0105 agencj\u0119 rz\u0105dow\u0105 Food and Drug Administration oraz jej odpowiedniki w innych krajach.<\/p>\n<p>Ale to nie wszystko. Te firmy farmaceutyczne posiadaj\u0105 te\u017c wiele certyfikat\u00f3w. S\u0105 to mi\u0119dzy innymi:<\/p>\n<ul>\n<li>ISO 9001 (do zarz\u0105dzania i zapewniania jako\u015bci);<\/li>\n<li>certyfikat WHO GMP (Dobre praktyki produkcyjne \u015awiatowej Organizacji Zdrowia);<\/li>\n<li>oraz od agencji Food and Drug Administration (dot. jako\u015bci produkt\u00f3w).<\/li>\n<\/ul>\n<p>Kolejnym powodem, dla kt\u00f3rego tak ufamy naszym dostawcom jest to, \u017ce przez ca\u0142y okres naszej wsp\u00f3\u0142pracy zawsze spe\u0142niali oni wymogi naszej umowy o gwarantowanym poziomie \u015bwiadczonych us\u0142ug dotycz\u0105cej dostaw i jako\u015bci lek\u00f3w, cz\u0119sto przekraczaj\u0105c zreszt\u0105 nasze oczekiwania.<\/p>\n<p><a href=\"https:\/\/buymodafinilonline.com\/pl\/\">BuyModafinilOnline<\/a> to apteka internetowa, kt\u00f3re oferuje r\u00f3\u017cnego rodzaju kupony, zni\u017cki (<a href=\"https:\/\/buymodafinilonline.com\/pl\/zaplac-bitcoinami-a-dostaniesz-33-rabatu\/\">23% rabatu<\/a> przy p\u0142atno\u015bci bitcoinem) oraz promocje. Tutaj kupisz tylko wysokiej jako\u015bci leki w najlepszej cenie.<\/p>\n<p>Wracaj\u0105c do wcze\u015bniej postawionych pyta\u0144: czy firmy te produkuj\u0105 wysokiej klasy produkty? Czy mo\u017cna im ufa\u0107? Odpowied\u017a brzmi: dwa razy tak. Nasi klienci zgodnie twierdz\u0105, \u017ce zawsze s\u0105 pewni skuteczno\u015bci naszych produkt\u00f3w i tego, \u017ce b\u0119d\u0105 one dobrze tolerowane.<\/p>\n<p>P.S. Nasze produkty pochodz\u0105 od tych dw\u00f3ch gigant\u00f3w w bran\u017cy farmaceutycznej.<\/p>\n<h3>Bibliografia<\/h3>\n<ol>\n<li>Sun Pharmaceuticals. Pobrano: 8 marca 2020. Wikipedia.org.<\/li>\n<li>Sun Pharmaceutical Industries Ltd. Sunpharma.com.<\/li>\n<li>Opis og\u00f3lny firmy HAB Pharma. Habpharma.in.<\/li>\n<\/ol>\n","protected":false},"excerpt":{"rendered":"<p>Nikogo nie zaskakuje ju\u017c informacja o tym, \u017ce Indie to najwi\u0119kszy dostawca lek\u00f3w bez recepty oraz zamiennik\u00f3w lek\u00f3w znanych marek w Stanach Zjednoczonych. Leki pochodz\u0105ce z Indii stanowi\u0105 nawet 40% towar\u00f3w tego typu sprowadzanych do Kraju Wolno\u015bci, a wi\u0119c jest to wynik ust\u0119puj\u0105cy tylko Kanadzie. Dzieje si\u0119 tak za g\u0142\u00f3wnie za spraw\u0105 dw\u00f3ch wa\u017cnych firm [&hellip;]<\/p>\n","protected":false},"author":1,"featured_media":0,"parent":0,"menu_order":0,"comment_status":"closed","ping_status":"closed","template":"","meta":{"_acf_changed":false,"footnotes":""},"class_list":["post-400418","page","type-page","status-publish","hentry"],"acf":[],"yoast_head":"<!-- This site is optimized with the Yoast SEO Premium plugin v23.6 (Yoast SEO v27.3) - https:\/\/yoast.com\/product\/yoast-seo-premium-wordpress\/ -->\n<title>Sun Pharma i HAB Pharma: dlaczego warto im zaufa\u0107 \u2013 BuyModafinilOnline<\/title>\n<meta name=\"description\" content=\"Pe\u0142ne informacje na temat firm Sun Pharma oraz HAB Pharmaceuticals dostarczaj\u0105cych lek modafinil z Indii. Dlaczego warto im zaufa\u0107? Prezentujemy prawdziwe informacje na temat najwi\u0119kszych producent\u00f3w lek\u00f3w nootropowych na \u015bwiecie na stronie BuyModafinilOnline.\" \/>\n<meta name=\"robots\" content=\"index, follow, max-snippet:-1, max-image-preview:large, max-video-preview:-1\" \/>\n<link rel=\"canonical\" href=\"https:\/\/buymodafinilonline.com\/pl\/czy-nalezy-ufac-firmom-sun-pharma-i-hab-pharma\/\" \/>\n<meta property=\"og:locale\" content=\"pl_PL\" \/>\n<meta property=\"og:type\" content=\"article\" \/>\n<meta property=\"og:title\" content=\"Czy nale\u017cy ufa\u0107 firmom Sun Pharma i HAB Pharma?\" \/>\n<meta property=\"og:description\" content=\"Pe\u0142ne informacje na temat firm Sun Pharma oraz HAB Pharmaceuticals dostarczaj\u0105cych lek modafinil z Indii. Dlaczego warto im zaufa\u0107? Prezentujemy prawdziwe informacje na temat najwi\u0119kszych producent\u00f3w lek\u00f3w nootropowych na \u015bwiecie na stronie BuyModafinilOnline.\" \/>\n<meta property=\"og:url\" content=\"https:\/\/buymodafinilonline.com\/pl\/czy-nalezy-ufac-firmom-sun-pharma-i-hab-pharma\/\" \/>\n<meta property=\"og:site_name\" content=\"BuyModafinilOnline.com\" \/>\n<meta property=\"og:image\" content=\"https:\/\/buymodafinilonline.com\/wp-content\/uploads\/2020\/04\/bmo-featured-trust-sun-pharma-hab.png\" \/>\n<meta name=\"twitter:label1\" content=\"Szacowany czas czytania\" \/>\n\t<meta name=\"twitter:data1\" content=\"4 minuty\" \/>\n<script type=\"application\/ld+json\" class=\"yoast-schema-graph\">{\"@context\":\"https:\\\/\\\/schema.org\",\"@graph\":[{\"@type\":\"WebPage\",\"@id\":\"https:\\\/\\\/buymodafinilonline.com\\\/pl\\\/czy-nalezy-ufac-firmom-sun-pharma-i-hab-pharma\\\/\",\"url\":\"https:\\\/\\\/buymodafinilonline.com\\\/pl\\\/czy-nalezy-ufac-firmom-sun-pharma-i-hab-pharma\\\/\",\"name\":\"Sun Pharma i HAB Pharma: dlaczego warto im zaufa\u0107 \u2013 BuyModafinilOnline\",\"isPartOf\":{\"@id\":\"https:\\\/\\\/buymodafinilonline.com\\\/pl\\\/#website\"},\"primaryImageOfPage\":{\"@id\":\"https:\\\/\\\/buymodafinilonline.com\\\/pl\\\/czy-nalezy-ufac-firmom-sun-pharma-i-hab-pharma\\\/#primaryimage\"},\"image\":{\"@id\":\"https:\\\/\\\/buymodafinilonline.com\\\/pl\\\/czy-nalezy-ufac-firmom-sun-pharma-i-hab-pharma\\\/#primaryimage\"},\"thumbnailUrl\":\"https:\\\/\\\/buymodafinilonline.com\\\/wp-content\\\/uploads\\\/2020\\\/04\\\/bmo-featured-trust-sun-pharma-hab.png\",\"datePublished\":\"2020-04-30T21:37:34+00:00\",\"description\":\"Pe\u0142ne informacje na temat firm Sun Pharma oraz HAB Pharmaceuticals dostarczaj\u0105cych lek modafinil z Indii. Dlaczego warto im zaufa\u0107? Prezentujemy prawdziwe informacje na temat najwi\u0119kszych producent\u00f3w lek\u00f3w nootropowych na \u015bwiecie na stronie BuyModafinilOnline.\",\"breadcrumb\":{\"@id\":\"https:\\\/\\\/buymodafinilonline.com\\\/pl\\\/czy-nalezy-ufac-firmom-sun-pharma-i-hab-pharma\\\/#breadcrumb\"},\"inLanguage\":\"pl-PL\",\"potentialAction\":[{\"@type\":\"ReadAction\",\"target\":[\"https:\\\/\\\/buymodafinilonline.com\\\/pl\\\/czy-nalezy-ufac-firmom-sun-pharma-i-hab-pharma\\\/\"]}]},{\"@type\":\"ImageObject\",\"inLanguage\":\"pl-PL\",\"@id\":\"https:\\\/\\\/buymodafinilonline.com\\\/pl\\\/czy-nalezy-ufac-firmom-sun-pharma-i-hab-pharma\\\/#primaryimage\",\"url\":\"https:\\\/\\\/buymodafinilonline.com\\\/wp-content\\\/uploads\\\/2020\\\/04\\\/bmo-featured-trust-sun-pharma-hab.png\",\"contentUrl\":\"https:\\\/\\\/buymodafinilonline.com\\\/wp-content\\\/uploads\\\/2020\\\/04\\\/bmo-featured-trust-sun-pharma-hab.png\"},{\"@type\":\"BreadcrumbList\",\"@id\":\"https:\\\/\\\/buymodafinilonline.com\\\/pl\\\/czy-nalezy-ufac-firmom-sun-pharma-i-hab-pharma\\\/#breadcrumb\",\"itemListElement\":[{\"@type\":\"ListItem\",\"position\":1,\"name\":\"Buy Modafinil Online\",\"item\":\"https:\\\/\\\/buymodafinilonline.com\\\/pl\\\/\"},{\"@type\":\"ListItem\",\"position\":2,\"name\":\"Czy nale\u017cy ufa\u0107 firmom Sun Pharma i HAB Pharma?\"}]},{\"@type\":\"WebSite\",\"@id\":\"https:\\\/\\\/buymodafinilonline.com\\\/pl\\\/#website\",\"url\":\"https:\\\/\\\/buymodafinilonline.com\\\/pl\\\/\",\"name\":\"BuyModafinilOnline.com\",\"description\":\"Modafinil Online Pharmacy\",\"publisher\":{\"@id\":\"https:\\\/\\\/buymodafinilonline.com\\\/pl\\\/#organization\"},\"potentialAction\":[{\"@type\":\"SearchAction\",\"target\":{\"@type\":\"EntryPoint\",\"urlTemplate\":\"https:\\\/\\\/buymodafinilonline.com\\\/pl\\\/?s={search_term_string}\"},\"query-input\":{\"@type\":\"PropertyValueSpecification\",\"valueRequired\":true,\"valueName\":\"search_term_string\"}}],\"inLanguage\":\"pl-PL\"},{\"@type\":\"Organization\",\"@id\":\"https:\\\/\\\/buymodafinilonline.com\\\/pl\\\/#organization\",\"name\":\"BuyModafinilOnline\",\"url\":\"https:\\\/\\\/buymodafinilonline.com\\\/pl\\\/\",\"logo\":{\"@type\":\"ImageObject\",\"inLanguage\":\"pl-PL\",\"@id\":\"https:\\\/\\\/buymodafinilonline.com\\\/pl\\\/#\\\/schema\\\/logo\\\/image\\\/\",\"url\":\"https:\\\/\\\/buymodafinilonline.com\\\/wp-content\\\/uploads\\\/2020\\\/04\\\/logo-buy-modafinil-online-yellow.png\",\"contentUrl\":\"https:\\\/\\\/buymodafinilonline.com\\\/wp-content\\\/uploads\\\/2020\\\/04\\\/logo-buy-modafinil-online-yellow.png\",\"width\":200,\"height\":200,\"caption\":\"BuyModafinilOnline\"},\"image\":{\"@id\":\"https:\\\/\\\/buymodafinilonline.com\\\/pl\\\/#\\\/schema\\\/logo\\\/image\\\/\"}}]}<\/script>\n<!-- \/ Yoast SEO Premium plugin. -->","yoast_head_json":{"title":"Sun Pharma i HAB Pharma: dlaczego warto im zaufa\u0107 \u2013 BuyModafinilOnline","description":"Pe\u0142ne informacje na temat firm Sun Pharma oraz HAB Pharmaceuticals dostarczaj\u0105cych lek modafinil z Indii. Dlaczego warto im zaufa\u0107? Prezentujemy prawdziwe informacje na temat najwi\u0119kszych producent\u00f3w lek\u00f3w nootropowych na \u015bwiecie na stronie BuyModafinilOnline.","robots":{"index":"index","follow":"follow","max-snippet":"max-snippet:-1","max-image-preview":"max-image-preview:large","max-video-preview":"max-video-preview:-1"},"canonical":"https:\/\/buymodafinilonline.com\/pl\/czy-nalezy-ufac-firmom-sun-pharma-i-hab-pharma\/","og_locale":"pl_PL","og_type":"article","og_title":"Czy nale\u017cy ufa\u0107 firmom Sun Pharma i HAB Pharma?","og_description":"Pe\u0142ne informacje na temat firm Sun Pharma oraz HAB Pharmaceuticals dostarczaj\u0105cych lek modafinil z Indii. Dlaczego warto im zaufa\u0107? Prezentujemy prawdziwe informacje na temat najwi\u0119kszych producent\u00f3w lek\u00f3w nootropowych na \u015bwiecie na stronie BuyModafinilOnline.","og_url":"https:\/\/buymodafinilonline.com\/pl\/czy-nalezy-ufac-firmom-sun-pharma-i-hab-pharma\/","og_site_name":"BuyModafinilOnline.com","og_image":[{"url":"https:\/\/buymodafinilonline.com\/wp-content\/uploads\/2020\/04\/bmo-featured-trust-sun-pharma-hab.png","type":"","width":"","height":""}],"twitter_misc":{"Szacowany czas czytania":"4 minuty"},"schema":{"@context":"https:\/\/schema.org","@graph":[{"@type":"WebPage","@id":"https:\/\/buymodafinilonline.com\/pl\/czy-nalezy-ufac-firmom-sun-pharma-i-hab-pharma\/","url":"https:\/\/buymodafinilonline.com\/pl\/czy-nalezy-ufac-firmom-sun-pharma-i-hab-pharma\/","name":"Sun Pharma i HAB Pharma: dlaczego warto im zaufa\u0107 \u2013 BuyModafinilOnline","isPartOf":{"@id":"https:\/\/buymodafinilonline.com\/pl\/#website"},"primaryImageOfPage":{"@id":"https:\/\/buymodafinilonline.com\/pl\/czy-nalezy-ufac-firmom-sun-pharma-i-hab-pharma\/#primaryimage"},"image":{"@id":"https:\/\/buymodafinilonline.com\/pl\/czy-nalezy-ufac-firmom-sun-pharma-i-hab-pharma\/#primaryimage"},"thumbnailUrl":"https:\/\/buymodafinilonline.com\/wp-content\/uploads\/2020\/04\/bmo-featured-trust-sun-pharma-hab.png","datePublished":"2020-04-30T21:37:34+00:00","description":"Pe\u0142ne informacje na temat firm Sun Pharma oraz HAB Pharmaceuticals dostarczaj\u0105cych lek modafinil z Indii. Dlaczego warto im zaufa\u0107? Prezentujemy prawdziwe informacje na temat najwi\u0119kszych producent\u00f3w lek\u00f3w nootropowych na \u015bwiecie na stronie BuyModafinilOnline.","breadcrumb":{"@id":"https:\/\/buymodafinilonline.com\/pl\/czy-nalezy-ufac-firmom-sun-pharma-i-hab-pharma\/#breadcrumb"},"inLanguage":"pl-PL","potentialAction":[{"@type":"ReadAction","target":["https:\/\/buymodafinilonline.com\/pl\/czy-nalezy-ufac-firmom-sun-pharma-i-hab-pharma\/"]}]},{"@type":"ImageObject","inLanguage":"pl-PL","@id":"https:\/\/buymodafinilonline.com\/pl\/czy-nalezy-ufac-firmom-sun-pharma-i-hab-pharma\/#primaryimage","url":"https:\/\/buymodafinilonline.com\/wp-content\/uploads\/2020\/04\/bmo-featured-trust-sun-pharma-hab.png","contentUrl":"https:\/\/buymodafinilonline.com\/wp-content\/uploads\/2020\/04\/bmo-featured-trust-sun-pharma-hab.png"},{"@type":"BreadcrumbList","@id":"https:\/\/buymodafinilonline.com\/pl\/czy-nalezy-ufac-firmom-sun-pharma-i-hab-pharma\/#breadcrumb","itemListElement":[{"@type":"ListItem","position":1,"name":"Buy Modafinil Online","item":"https:\/\/buymodafinilonline.com\/pl\/"},{"@type":"ListItem","position":2,"name":"Czy nale\u017cy ufa\u0107 firmom Sun Pharma i HAB Pharma?"}]},{"@type":"WebSite","@id":"https:\/\/buymodafinilonline.com\/pl\/#website","url":"https:\/\/buymodafinilonline.com\/pl\/","name":"BuyModafinilOnline.com","description":"Modafinil Online Pharmacy","publisher":{"@id":"https:\/\/buymodafinilonline.com\/pl\/#organization"},"potentialAction":[{"@type":"SearchAction","target":{"@type":"EntryPoint","urlTemplate":"https:\/\/buymodafinilonline.com\/pl\/?s={search_term_string}"},"query-input":{"@type":"PropertyValueSpecification","valueRequired":true,"valueName":"search_term_string"}}],"inLanguage":"pl-PL"},{"@type":"Organization","@id":"https:\/\/buymodafinilonline.com\/pl\/#organization","name":"BuyModafinilOnline","url":"https:\/\/buymodafinilonline.com\/pl\/","logo":{"@type":"ImageObject","inLanguage":"pl-PL","@id":"https:\/\/buymodafinilonline.com\/pl\/#\/schema\/logo\/image\/","url":"https:\/\/buymodafinilonline.com\/wp-content\/uploads\/2020\/04\/logo-buy-modafinil-online-yellow.png","contentUrl":"https:\/\/buymodafinilonline.com\/wp-content\/uploads\/2020\/04\/logo-buy-modafinil-online-yellow.png","width":200,"height":200,"caption":"BuyModafinilOnline"},"image":{"@id":"https:\/\/buymodafinilonline.com\/pl\/#\/schema\/logo\/image\/"}}]}},"_links":{"self":[{"href":"https:\/\/buymodafinilonline.com\/pl\/wp-json\/wp\/v2\/pages\/400418","targetHints":{"allow":["GET"]}}],"collection":[{"href":"https:\/\/buymodafinilonline.com\/pl\/wp-json\/wp\/v2\/pages"}],"about":[{"href":"https:\/\/buymodafinilonline.com\/pl\/wp-json\/wp\/v2\/types\/page"}],"author":[{"embeddable":true,"href":"https:\/\/buymodafinilonline.com\/pl\/wp-json\/wp\/v2\/users\/1"}],"replies":[{"embeddable":true,"href":"https:\/\/buymodafinilonline.com\/pl\/wp-json\/wp\/v2\/comments?post=400418"}],"version-history":[{"count":0,"href":"https:\/\/buymodafinilonline.com\/pl\/wp-json\/wp\/v2\/pages\/400418\/revisions"}],"wp:attachment":[{"href":"https:\/\/buymodafinilonline.com\/pl\/wp-json\/wp\/v2\/media?parent=400418"}],"curies":[{"name":"wp","href":"https:\/\/api.w.org\/{rel}","templated":true}]}}