{"id":402446,"date":"2020-05-11T21:56:18","date_gmt":"2020-05-11T20:56:18","guid":{"rendered":"https:\/\/buymodafinilonline.com\/najczesciej-zadawane-pytania-dotyczace-wysylki\/"},"modified":"2021-03-15T13:34:41","modified_gmt":"2021-03-15T12:34:41","slug":"najlepszy-dostawca-w-polsce","status":"publish","type":"page","link":"https:\/\/buymodafinilonline.com\/pl\/najlepszy-dostawca-w-polsce\/","title":{"rendered":"Znajd\u017a najlepszego dostawc\u0119 modafinilu w Polsce"},"content":{"rendered":"\t\t<div data-elementor-type=\"wp-page\" data-elementor-id=\"402446\" class=\"elementor elementor-402446 elementor-395582\" data-elementor-post-type=\"page\">\n\t\t\t\t\t\t<section class=\"elementor-section elementor-top-section elementor-element elementor-element-55b16352 elementor-section-boxed elementor-section-height-default elementor-section-height-default\" data-id=\"55b16352\" data-element_type=\"section\" data-e-type=\"section\">\n\t\t\t\t\t\t<div class=\"elementor-container elementor-column-gap-default\">\n\t\t\t\t\t<div class=\"elementor-column elementor-col-100 elementor-top-column elementor-element elementor-element-2e8f577c\" data-id=\"2e8f577c\" data-element_type=\"column\" data-e-type=\"column\">\n\t\t\t<div class=\"elementor-widget-wrap elementor-element-populated\">\n\t\t\t\t\t\t<div class=\"elementor-element elementor-element-1b15c47 elementor-widget elementor-widget-spacer\" data-id=\"1b15c47\" data-element_type=\"widget\" data-e-type=\"widget\" data-widget_type=\"spacer.default\">\n\t\t\t\t\t\t\t<div class=\"elementor-spacer\">\n\t\t\t<div class=\"elementor-spacer-inner\"><\/div>\n\t\t<\/div>\n\t\t\t\t\t\t<\/div>\n\t\t\t\t<div class=\"elementor-element elementor-element-6e83962a elementor-headline--style-highlight elementor-widget elementor-widget-animated-headline\" data-id=\"6e83962a\" data-element_type=\"widget\" data-e-type=\"widget\" data-settings=\"{&quot;highlighted_text&quot;:&quot;wysy\\u0142amy modafinil&quot;,&quot;headline_style&quot;:&quot;highlight&quot;,&quot;marker&quot;:&quot;circle&quot;,&quot;loop&quot;:&quot;yes&quot;,&quot;highlight_animation_duration&quot;:1200,&quot;highlight_iteration_delay&quot;:8000}\" data-widget_type=\"animated-headline.default\">\n\t\t\t\t\t\t\t<h1 class=\"elementor-headline\">\n\t\t\t\t\t<span class=\"elementor-headline-plain-text elementor-headline-text-wrapper\">Szybko <\/span>\n\t\t\t\t<span class=\"elementor-headline-dynamic-wrapper elementor-headline-text-wrapper\">\n\t\t\t\t\t<span class=\"elementor-headline-dynamic-text elementor-headline-text-active\">wysy\u0142amy modafinil<\/span>\n\t\t\t\t<\/span>\n\t\t\t\t\t<span class=\"elementor-headline-plain-text elementor-headline-text-wrapper\">do \ud83c\uddf5\ud83c\uddf1 Polski, wszystkich kraj\u00f3w \ud83c\uddea\ud83c\uddfa UE i na ca\u0142ym \u015bwiecie<\/span>\n\t\t\t\t\t<\/h1>\n\t\t\t\t\t\t<\/div>\n\t\t\t\t<div class=\"elementor-element elementor-element-5e9de38a elementor-widget elementor-widget-text-editor\" data-id=\"5e9de38a\" data-element_type=\"widget\" data-e-type=\"widget\" data-widget_type=\"text-editor.default\">\n\t\t\t\t\t\t\t\t\t<p style=\"text-align: center;\"><p style=\"text-align: center;\">Wysy\u0142ka modafinilu do klient\u00f3w z \u00a0\ud83c\uddf5\ud83c\uddf1 Polski iz kraj\u00f3w \ud83c\uddea\ud83c\uddfa UE wi\u0105\u017ce si\u0119 z dodatkowymi kosztami z naszej strony, takimi jak magazyny zlokalizowane w Polsce i na W\u0119grzech (cz\u0142onkowie Unii Celnej Unii Europejskiej) w celu unikni\u0119cia jakichkolwiek kontroli celnych, podatek celny przy imporcie lek\u00f3w Rx do strefy UE oraz wi\u0119cej personelu. Z tych powod\u00f3w ceny modafinilu w Europie s\u0105 wy\u017csze. Op\u0142ata za wysy\u0142k\u0119 do UE obejmuje wszystkie te koszty i jest obliczana w nast\u0119puj\u0105cy spos\u00f3b: 49 \u20ac plus dodatkowe 50% kosztu produktu. Niestety nie mo\u017cemy zaoferowa\u0107 bezp\u0142atnej wysy\u0142ki do UE ani \u017cadnych zni\u017cek na op\u0142at\u0119 za wysy\u0142k\u0119 do UE.<\/p>\r\n<p style=\"text-align: center;\">Nasze ceny dla UE s\u0105 wy\u017csze, poniewa\u017c w razie potrzeby oferujemy bezp\u0142atne przesy\u0142ki zwrotne, wi\u0119c gwarantujemy, \u017ce w ko\u0144cu otrzymasz przesy\u0142k\u0119 lub odzyskasz pieni\u0105dze.<\/p>\r\n<p style=\"text-align: center;\">Dodatkowo mo\u017cesz spr\u00f3bowa\u0107 zarejestrowa\u0107 si\u0119 w us\u0142udze zwrot\u00f3w Skypax, kt\u00f3ra jest us\u0142ug\u0105 spedycji paczek, kt\u00f3ra umo\u017cliwia z\u0142o\u017cenie zam\u00f3wienia na adres w Wielkiej Brytanii, a nast\u0119pnie ponown\u0105 wysy\u0142k\u0119 paczki do kraju UE na w\u0142asny koszt. W tym przypadku ponad 80% paczek przechodzi sprawnie przez unijne odprawy celne.<\/p>\r\n<p style=\"text-align: center;\">Nasz proces wysy\u0142ki koncentruje si\u0119 bardziej na \u0142atwo\u015bci przesy\u0142ania paczek przez systemy pocztowe ni\u017c na og\u00f3lnej szybko\u015bci. Jedna dobrze wys\u0142ana paczka, kt\u00f3ra nie musi by\u0107 ponownie wys\u0142ana, prawie zawsze dotrze wcze\u015bniej ni\u017c taka, kt\u00f3ra szybko przesz\u0142a przez system pocztowy. Je\u015bli Twoje zam\u00f3wienie zostanie zatrzymane na d\u0142u\u017cej ni\u017c 15 dni roboczych, wy\u015blemy bezp\u0142atn\u0105 ponown\u0105 wysy\u0142k\u0119. Nie jest to automatyczne, prosimy o kontakt.<\/p>\r\n<p style=\"text-align: center;\">Je\u015bli Twoje zam\u00f3wienie nie dotrze do Ciebie z jakiegokolwiek powodu, takiego jak podanie nam nieprawid\u0142owego adresu wysy\u0142ki lub nieobecno\u015b\u0107 w domu, aby odebra\u0107 przesy\u0142k\u0119, bez wahania wy\u015blemy Ci ponownie. Wszystkie paczki s\u0105 pakowane w niewidoczne, dyskretne opakowania i nie mog\u0105 by\u0107 zwracane do nadawcy.<\/p><\/p>\n\t\t\t\t\t\t\t\t<\/div>\n\t\t\t\t\t<\/div>\n\t\t<\/div>\n\t\t\t\t\t<\/div>\n\t\t<\/section>\n\t\t\t\t<section class=\"elementor-section elementor-top-section elementor-element elementor-element-6226ce0 elementor-section-boxed elementor-section-height-default elementor-section-height-default\" data-id=\"6226ce0\" data-element_type=\"section\" data-e-type=\"section\">\n\t\t\t\t\t\t<div class=\"elementor-container elementor-column-gap-default\">\n\t\t\t\t\t<div class=\"elementor-column elementor-col-100 elementor-top-column elementor-element elementor-element-a9d326a\" data-id=\"a9d326a\" data-element_type=\"column\" data-e-type=\"column\">\n\t\t\t<div class=\"elementor-widget-wrap elementor-element-populated\">\n\t\t\t\t\t\t<div class=\"elementor-element elementor-element-441452d elementor-widget elementor-widget-text-editor\" data-id=\"441452d\" data-element_type=\"widget\" data-e-type=\"widget\" data-widget_type=\"text-editor.default\">\n\t\t\t\t\t\t\t\t\t<p>[vc_column width=&#8221;1\/2&#8243;]<p>Nasze marki lek\u00f3w zawieraj\u0105cych modafinil s\u0105 produkowane w Indiach i najpierw wysy\u0142ane do naszego magazynu w Wielkiej Brytanii, sk\u0105d wysy\u0142amy wszystkie zam\u00f3wienia.<\/p>\n<p>95% paczek wysy\u0142amy z Wielkiej Brytanii, poniewa\u017c wysy\u0142ka stamt\u0105d jest du\u017co szybsza ni\u017c z Indii. Jednak w niekt\u00f3rych szczeg\u00f3lnych przypadkach paczki mog\u0105 zosta\u0107 wys\u0142ane bezpo\u015brednio z Indii (przy zam\u00f3wieniach wi\u0119kszych ilo\u015bci, op\u00f3\u017anieniach w urz\u0119dzie celnym itd.).<\/p>\n<h4>Wysy\u0142amy Modafinil bezpo\u015brednio do<\/h4>\nTeraz wysy\u0142amy modafinil do  \ud83c\uddf5\ud83c\uddf1 Polski i ca\u0142ej \ud83c\uddea\ud83c\uddfa Europy (z Wielkiej Brytanii, aby unikn\u0105\u0107 problem\u00f3w celnych, 100% gwarantowana dostawa), \ud83c\uddfa\ud83c\uddf8 USA, \ud83c\uddec\ud83c\udde7 Wielkiej Brytanii i \ud83c\udde6\ud83c\uddfa Australii.\n\n<p>Przy zam\u00f3wieniach wysy\u0142anych do Wielkiej Brytanii z Singapuru lub Indii, kupuj\u0105cy pokrywa wszystkie koszty op\u0142at celnych, podatk\u00f3w i innych. Nie zdarza si\u0119 to zbyt cz\u0119sto: mniej ni\u017c 7% naszych klient\u00f3w z Wielkiej Brytanii zg\u0142asza, \u017ce musia\u0142o pokry\u0107 koszty podatku importowego. Zobacz nasz\u0105 now\u0105 opcj\u0119 dostawy \u2013 <a href=\"\/go\/domestic\/\">wysy\u0142ka krajowa w Wielkiej Brytanii w ci\u0105gu jednego dnia<\/a> \u2013 to \u015bwietna opcja, kt\u00f3ra wi\u0105\u017ce si\u0119 z wy\u017csz\u0105 cen\u0105 za tabletk\u0119 \u2013 nie musisz pokrywa\u0107 koszt\u00f3w c\u0142a.<\/p>\n<h4>Koszt wysy\u0142ki<\/h4>\n<p>Obecnie oferujemy dwie opcje wysy\u0142ki modafinilu z Wielkiej Brytanii:<\/p>\nWysy\u0142ka do UE 39 \u20ac plus 100% ca\u0142kowitego zam\u00f3wienia (bezp\u0142atna wysy\u0142ka nie jest dost\u0119pna)\n\n<h4>Zlokalizuj najlepszego lokalnego sprzedawc\u0119 Modafinilu<\/h4>\n<p>Je\u015bli mieszkasz w jednym z nast\u0119puj\u0105cych kraj\u00f3w, <a href=\"\/go\/modworldwide\/\" target=\"_blank\" rel=\"noopener noreferrer\">u\u017cyj tego linku > , aby znale\u017a\u0107<\/a> lokalnego sprzedawc\u0119 modafinilu.<\/p>\n<ul>\n<li>\ud83c\uddee\ud83c\uddea Irlandia<\/li>\n<li>\ud83c\uddf3\ud83c\uddff Nowa Zelandia<\/li>\n<\/ul>\n<p>Dzia\u0142a na przyk\u0142ad kilku zaufanych sprzedawc\u00f3w modafinilu w Europie, kt\u00f3rzy wysy\u0142aj\u0105 paczki z jednego z kraj\u00f3w Unii Europejskiej (W\u0119gier, Niemiec lub Polski).<\/p>\n<p>Obecnie oficerowie celni na granicy UE zatrzymuj\u0105 90% paczek pochodz\u0105cych z zagranicy. Z tego powodu kupowanie modafinilu od godnych zaufania, lokalnych sprzedawc\u00f3w to jedyna mo\u017cliwo\u015b\u0107 dla os\u00f3b mieszkaj\u0105cych we Francji, W\u0142oszech, Niemczech, Holandii, Hiszpanii, Portugalii, Szwecji itd.<\/p>\n[\/vc_column][vc_column width=&#8221;1\/2&#8243;]<div class=\"su-divider su-divider-style-default\" style=\"margin:10px 0;border-width:3px;border-color:#ffffff00\"><a href=\"#\" style=\"color:#ffffff009\">.<\/a><\/div>\ud83c\udf0e Other countries with stringent customs laws are advised to use a\u00a0UK reshipping service such as Skypax. It accepts your parcel to their address, re-packs, and labels it as \u2018health products\u2019 if needed. A few days later it forwards your new package from their UK warehouse to your country. It normally takes around a month for your package to be delivered to your shipping address.<\/p>\r\n<p><div class=\"su-divider su-divider-style-default\" style=\"margin:10px 0;border-width:3px;border-color:#ffffff00\"><a href=\"#\" style=\"color:#ffffff009\">.<\/a><\/div><\/p>\r\n<h4>Discreet Packaging &amp; 100% Delivery Guarantee<\/h4>\r\n<p><div class=\"su-divider su-divider-style-default\" style=\"margin:10px 0;border-width:3px;border-color:#ffffff00\"><a href=\"#\" style=\"color:#ffffff009\">.<\/a><\/div><\/p>\r\n<p>BuyModafinilOnline offers super <a href=\"\/?page_id=394969\">discreet packaging<\/a> and fast modafinil shipping.<\/p>\r\n<p>Customs declaration will be attached to your package to provide information to the customs authorities about the product you&#8217;re importing into the country. We must attach it to the parcel, International Postal Law requires it.<\/p>\r\n<p>Concerning your privacy,\u00a0we label all our products as health supplements, and it works in 99.9% of cases. If you are the &#8216;lucky guy&#8217; and the customs will delay your package, it will be destroyed. But no worries \u2013\u00a0will <a href=\"\/?page_id=395782\">re-ship your package free of charge<\/a>.<\/p>\r\n<p>This is why we split bulk orders of over 300 pills into several packages and ship them separately every 5-7 days.<\/p>\r\n<p><div class=\"su-divider su-divider-style-default\" style=\"margin:10px 0;border-width:3px;border-color:#ffffff00\"><a href=\"#\" style=\"color:#ffffff009\">.<\/a><\/div><\/p>\r\n<h4>Refunds &amp; Free Re-Shipments<\/h4>\r\n<p><div class=\"su-divider su-divider-style-default\" style=\"margin:10px 0;border-width:3px;border-color:#ffffff00\"><a href=\"#\" style=\"color:#ffffff009\">.<\/a><\/div><\/p>\r\n<p>We want you to have a very positive experience with us.<\/p>\r\n<p>Most of our deliveries are\u00a0hassle-free. In the unlikely event, if there\u2019s a problem with a product, our <a href=\"\/?page_id=395782\">refund policy<\/a> assures that our customers are 100% satisfied with the product they ordered, or always get money back.<\/p>\r\n<p>If your package is stuck in customs or gets lost, we will offer a full refund or reship it for free if preferred.<\/p>\r\n<p><div class=\"su-divider su-divider-style-default\" style=\"margin:10px 0;border-width:3px;border-color:#ffffff00\"><a href=\"#\" style=\"color:#ffffff009\">.<\/a><\/div><\/p>\r\n<h4>Track Order Status<\/h4>\r\n<p><div class=\"su-divider su-divider-style-default\" style=\"margin:10px 0;border-width:3px;border-color:#ffffff00\"><a href=\"#\" style=\"color:#ffffff009\">.<\/a><\/div><\/p>\r\n<p>You will be able to track your package once it reaches the destination country. Visit our special <a href=\"\/?page_id=394969\">order tracking FAQ<\/a> page to learn more.<\/p>\r\n<p>Enter your tracking number below (<em>e.g., LT105608935SG<\/em>), click the Track button, and select Singapore Post for the latest tracking update.<\/p>\r\n<div class=\"as-track-button\" data-size=\"medium\" data-domain=\"modafinilxl.aftership.com\">\u00a0<\/div>\u00a0[\/vc_column]\r\n<p><div class=\"su-divider su-divider-style-default\" style=\"margin:10px 0;border-width:3px;border-color:#ffffff00\"><a href=\"#\" style=\"color:#ffffff009\">.<\/a><\/div><\/p><\/p>\t\t\t\t\t\t\t\t<\/div>\n\t\t\t\t\t<\/div>\n\t\t<\/div>\n\t\t\t\t\t<\/div>\n\t\t<\/section>\n\t\t\t\t<\/div>\n\t\t","protected":false},"excerpt":{"rendered":"<p>Szybko wysy\u0142amy modafinil do \ud83c\uddf5\ud83c\uddf1 Polski, wszystkich kraj\u00f3w \ud83c\uddea\ud83c\uddfa UE i na ca\u0142ym \u015bwiecie<\/p>\n","protected":false},"author":1,"featured_media":0,"parent":0,"menu_order":0,"comment_status":"closed","ping_status":"closed","template":"elementor_header_footer","meta":{"_acf_changed":false,"footnotes":""},"class_list":["post-402446","page","type-page","status-publish","hentry"],"acf":[],"yoast_head":"<!-- This site is optimized with the Yoast SEO Premium plugin v23.6 (Yoast SEO v27.4) - https:\/\/yoast.com\/product\/yoast-seo-premium-wordpress\/ -->\n<title>Najlepszy dostawca modafinilu w Polsce - BuyModafinilOnline<\/title>\n<meta name=\"description\" content=\"Obecnie oficerowie celni na granicy UE zatrzymuj\u0105 90% paczek pochodz\u0105cych z zagranicy. Z tego powodu kupowanie modafinilu od godnych zaufania, lokalnych sprzedawc\u00f3w to jedyna mo\u017cliwo\u015b\u0107 dla os\u00f3b mieszkaj\u0105cych w Polsce, Niemczech, Holandii, Szwecji itd.\" \/>\n<meta name=\"robots\" content=\"index, follow, max-snippet:-1, max-image-preview:large, max-video-preview:-1\" \/>\n<link rel=\"canonical\" href=\"https:\/\/buymodafinilonline.com\/pl\/najlepszy-dostawca-w-polsce\/\" \/>\n<meta property=\"og:locale\" content=\"pl_PL\" \/>\n<meta property=\"og:type\" content=\"article\" \/>\n<meta property=\"og:title\" content=\"Znajd\u017a najlepszego dostawc\u0119 modafinilu w Polsce\" \/>\n<meta property=\"og:description\" content=\"Obecnie oficerowie celni na granicy UE zatrzymuj\u0105 90% paczek pochodz\u0105cych z zagranicy. Z tego powodu kupowanie modafinilu od godnych zaufania, lokalnych sprzedawc\u00f3w to jedyna mo\u017cliwo\u015b\u0107 dla os\u00f3b mieszkaj\u0105cych w Polsce, Niemczech, Holandii, Szwecji itd.\" \/>\n<meta property=\"og:url\" content=\"https:\/\/buymodafinilonline.com\/pl\/najlepszy-dostawca-w-polsce\/\" \/>\n<meta property=\"og:site_name\" content=\"BuyModafinilOnline.com\" \/>\n<meta property=\"article:modified_time\" content=\"2021-03-15T12:34:41+00:00\" \/>\n<script type=\"application\/ld+json\" class=\"yoast-schema-graph\">{\"@context\":\"https:\\\/\\\/schema.org\",\"@graph\":[{\"@type\":\"WebPage\",\"@id\":\"https:\\\/\\\/buymodafinilonline.com\\\/pl\\\/najlepszy-dostawca-w-polsce\\\/\",\"url\":\"https:\\\/\\\/buymodafinilonline.com\\\/pl\\\/najlepszy-dostawca-w-polsce\\\/\",\"name\":\"Najlepszy dostawca modafinilu w Polsce - BuyModafinilOnline\",\"isPartOf\":{\"@id\":\"https:\\\/\\\/buymodafinilonline.com\\\/pl\\\/#website\"},\"datePublished\":\"2020-05-11T20:56:18+00:00\",\"dateModified\":\"2021-03-15T12:34:41+00:00\",\"description\":\"Obecnie oficerowie celni na granicy UE zatrzymuj\u0105 90% paczek pochodz\u0105cych z zagranicy. Z tego powodu kupowanie modafinilu od godnych zaufania, lokalnych sprzedawc\u00f3w to jedyna mo\u017cliwo\u015b\u0107 dla os\u00f3b mieszkaj\u0105cych w Polsce, Niemczech, Holandii, Szwecji itd.\",\"breadcrumb\":{\"@id\":\"https:\\\/\\\/buymodafinilonline.com\\\/pl\\\/najlepszy-dostawca-w-polsce\\\/#breadcrumb\"},\"inLanguage\":\"pl-PL\",\"potentialAction\":[{\"@type\":\"ReadAction\",\"target\":[\"https:\\\/\\\/buymodafinilonline.com\\\/pl\\\/najlepszy-dostawca-w-polsce\\\/\"]}]},{\"@type\":\"BreadcrumbList\",\"@id\":\"https:\\\/\\\/buymodafinilonline.com\\\/pl\\\/najlepszy-dostawca-w-polsce\\\/#breadcrumb\",\"itemListElement\":[{\"@type\":\"ListItem\",\"position\":1,\"name\":\"Buy Modafinil Online\",\"item\":\"https:\\\/\\\/buymodafinilonline.com\\\/pl\\\/\"},{\"@type\":\"ListItem\",\"position\":2,\"name\":\"Znajd\u017a najlepszego dostawc\u0119 modafinilu w Polsce\"}]},{\"@type\":\"WebSite\",\"@id\":\"https:\\\/\\\/buymodafinilonline.com\\\/pl\\\/#website\",\"url\":\"https:\\\/\\\/buymodafinilonline.com\\\/pl\\\/\",\"name\":\"BuyModafinilOnline.com\",\"description\":\"Modafinil Online Pharmacy\",\"publisher\":{\"@id\":\"https:\\\/\\\/buymodafinilonline.com\\\/pl\\\/#organization\"},\"potentialAction\":[{\"@type\":\"SearchAction\",\"target\":{\"@type\":\"EntryPoint\",\"urlTemplate\":\"https:\\\/\\\/buymodafinilonline.com\\\/pl\\\/?s={search_term_string}\"},\"query-input\":{\"@type\":\"PropertyValueSpecification\",\"valueRequired\":true,\"valueName\":\"search_term_string\"}}],\"inLanguage\":\"pl-PL\"},{\"@type\":\"Organization\",\"@id\":\"https:\\\/\\\/buymodafinilonline.com\\\/pl\\\/#organization\",\"name\":\"BuyModafinilOnline\",\"url\":\"https:\\\/\\\/buymodafinilonline.com\\\/pl\\\/\",\"logo\":{\"@type\":\"ImageObject\",\"inLanguage\":\"pl-PL\",\"@id\":\"https:\\\/\\\/buymodafinilonline.com\\\/pl\\\/#\\\/schema\\\/logo\\\/image\\\/\",\"url\":\"https:\\\/\\\/buymodafinilonline.com\\\/wp-content\\\/uploads\\\/2020\\\/04\\\/logo-buy-modafinil-online-yellow.png\",\"contentUrl\":\"https:\\\/\\\/buymodafinilonline.com\\\/wp-content\\\/uploads\\\/2020\\\/04\\\/logo-buy-modafinil-online-yellow.png\",\"width\":200,\"height\":200,\"caption\":\"BuyModafinilOnline\"},\"image\":{\"@id\":\"https:\\\/\\\/buymodafinilonline.com\\\/pl\\\/#\\\/schema\\\/logo\\\/image\\\/\"}}]}<\/script>\n<!-- \/ Yoast SEO Premium plugin. -->","yoast_head_json":{"title":"Najlepszy dostawca modafinilu w Polsce - BuyModafinilOnline","description":"Obecnie oficerowie celni na granicy UE zatrzymuj\u0105 90% paczek pochodz\u0105cych z zagranicy. Z tego powodu kupowanie modafinilu od godnych zaufania, lokalnych sprzedawc\u00f3w to jedyna mo\u017cliwo\u015b\u0107 dla os\u00f3b mieszkaj\u0105cych w Polsce, Niemczech, Holandii, Szwecji itd.","robots":{"index":"index","follow":"follow","max-snippet":"max-snippet:-1","max-image-preview":"max-image-preview:large","max-video-preview":"max-video-preview:-1"},"canonical":"https:\/\/buymodafinilonline.com\/pl\/najlepszy-dostawca-w-polsce\/","og_locale":"pl_PL","og_type":"article","og_title":"Znajd\u017a najlepszego dostawc\u0119 modafinilu w Polsce","og_description":"Obecnie oficerowie celni na granicy UE zatrzymuj\u0105 90% paczek pochodz\u0105cych z zagranicy. Z tego powodu kupowanie modafinilu od godnych zaufania, lokalnych sprzedawc\u00f3w to jedyna mo\u017cliwo\u015b\u0107 dla os\u00f3b mieszkaj\u0105cych w Polsce, Niemczech, Holandii, Szwecji itd.","og_url":"https:\/\/buymodafinilonline.com\/pl\/najlepszy-dostawca-w-polsce\/","og_site_name":"BuyModafinilOnline.com","article_modified_time":"2021-03-15T12:34:41+00:00","schema":{"@context":"https:\/\/schema.org","@graph":[{"@type":"WebPage","@id":"https:\/\/buymodafinilonline.com\/pl\/najlepszy-dostawca-w-polsce\/","url":"https:\/\/buymodafinilonline.com\/pl\/najlepszy-dostawca-w-polsce\/","name":"Najlepszy dostawca modafinilu w Polsce - BuyModafinilOnline","isPartOf":{"@id":"https:\/\/buymodafinilonline.com\/pl\/#website"},"datePublished":"2020-05-11T20:56:18+00:00","dateModified":"2021-03-15T12:34:41+00:00","description":"Obecnie oficerowie celni na granicy UE zatrzymuj\u0105 90% paczek pochodz\u0105cych z zagranicy. Z tego powodu kupowanie modafinilu od godnych zaufania, lokalnych sprzedawc\u00f3w to jedyna mo\u017cliwo\u015b\u0107 dla os\u00f3b mieszkaj\u0105cych w Polsce, Niemczech, Holandii, Szwecji itd.","breadcrumb":{"@id":"https:\/\/buymodafinilonline.com\/pl\/najlepszy-dostawca-w-polsce\/#breadcrumb"},"inLanguage":"pl-PL","potentialAction":[{"@type":"ReadAction","target":["https:\/\/buymodafinilonline.com\/pl\/najlepszy-dostawca-w-polsce\/"]}]},{"@type":"BreadcrumbList","@id":"https:\/\/buymodafinilonline.com\/pl\/najlepszy-dostawca-w-polsce\/#breadcrumb","itemListElement":[{"@type":"ListItem","position":1,"name":"Buy Modafinil Online","item":"https:\/\/buymodafinilonline.com\/pl\/"},{"@type":"ListItem","position":2,"name":"Znajd\u017a najlepszego dostawc\u0119 modafinilu w Polsce"}]},{"@type":"WebSite","@id":"https:\/\/buymodafinilonline.com\/pl\/#website","url":"https:\/\/buymodafinilonline.com\/pl\/","name":"BuyModafinilOnline.com","description":"Modafinil Online Pharmacy","publisher":{"@id":"https:\/\/buymodafinilonline.com\/pl\/#organization"},"potentialAction":[{"@type":"SearchAction","target":{"@type":"EntryPoint","urlTemplate":"https:\/\/buymodafinilonline.com\/pl\/?s={search_term_string}"},"query-input":{"@type":"PropertyValueSpecification","valueRequired":true,"valueName":"search_term_string"}}],"inLanguage":"pl-PL"},{"@type":"Organization","@id":"https:\/\/buymodafinilonline.com\/pl\/#organization","name":"BuyModafinilOnline","url":"https:\/\/buymodafinilonline.com\/pl\/","logo":{"@type":"ImageObject","inLanguage":"pl-PL","@id":"https:\/\/buymodafinilonline.com\/pl\/#\/schema\/logo\/image\/","url":"https:\/\/buymodafinilonline.com\/wp-content\/uploads\/2020\/04\/logo-buy-modafinil-online-yellow.png","contentUrl":"https:\/\/buymodafinilonline.com\/wp-content\/uploads\/2020\/04\/logo-buy-modafinil-online-yellow.png","width":200,"height":200,"caption":"BuyModafinilOnline"},"image":{"@id":"https:\/\/buymodafinilonline.com\/pl\/#\/schema\/logo\/image\/"}}]}},"_links":{"self":[{"href":"https:\/\/buymodafinilonline.com\/pl\/wp-json\/wp\/v2\/pages\/402446","targetHints":{"allow":["GET"]}}],"collection":[{"href":"https:\/\/buymodafinilonline.com\/pl\/wp-json\/wp\/v2\/pages"}],"about":[{"href":"https:\/\/buymodafinilonline.com\/pl\/wp-json\/wp\/v2\/types\/page"}],"author":[{"embeddable":true,"href":"https:\/\/buymodafinilonline.com\/pl\/wp-json\/wp\/v2\/users\/1"}],"replies":[{"embeddable":true,"href":"https:\/\/buymodafinilonline.com\/pl\/wp-json\/wp\/v2\/comments?post=402446"}],"version-history":[{"count":8,"href":"https:\/\/buymodafinilonline.com\/pl\/wp-json\/wp\/v2\/pages\/402446\/revisions"}],"predecessor-version":[{"id":416851,"href":"https:\/\/buymodafinilonline.com\/pl\/wp-json\/wp\/v2\/pages\/402446\/revisions\/416851"}],"wp:attachment":[{"href":"https:\/\/buymodafinilonline.com\/pl\/wp-json\/wp\/v2\/media?parent=402446"}],"curies":[{"name":"wp","href":"https:\/\/api.w.org\/{rel}","templated":true}]}}