{"id":396432,"date":"2020-03-23T20:47:37","date_gmt":"2020-03-23T19:47:37","guid":{"rendered":"https:\/\/buymodafinilonline.com\/smart-drugs\/modalert-200-mg\/"},"modified":"2026-01-28T19:08:26","modified_gmt":"2026-01-28T18:08:26","slug":"modalert-200-mg","status":"publish","type":"product","link":"https:\/\/buymodafinilonline.com\/pl\/pigulki-madrosci\/modalert-200-mg\/","title":{"rendered":"Modalert 200 mg"},"content":{"rendered":"[vc_column width=&#8221;1\/2&#8243;]\n<h2>Co to jest Modalert 200 mg?<\/h2>\n<p>Modalert 200 mg to silnie dzia\u0142aj\u0105cy lek przepisywany przez lekarzy w celu leczenia narkolepsji, obturacyjnego bezdechu sennego, idiopatycznej hipersomnii, nadmiernej senno\u015bci w ci\u0105gu dnia i zaburze\u0144 snu zwi\u0105zanych z prac\u0105 zmianow\u0105. Jego zatwierdzenie wynika z modafinilu &#8211; aktywnego sk\u0142adnika zatwierdzonego do stosowania w takich schorzeniach. Jest to generyczna wersja markowego leku Provigil.  <\/p>\n<p>Jednak lek ten jest popularny jako \u015brodek wzmacniaj\u0105cy funkcje poznawcze, a wiele os\u00f3b, w tym profesjonali\u015bci, wojskowi, astronauci, pracownicy, a tak\u017ce studenci uniwersytet\u00f3w, u\u017cywaj\u0105 tego leku poza wskazaniami, zamierzaj\u0105c zwi\u0119kszy\u0107 swoj\u0105 aktywno\u015b\u0107 &#8211; moc poznawcz\u0105 i pom\u00f3c im nie zasn\u0105\u0107.<\/p>\n<h2>Jak dzia\u0142aj\u0105 te tabletki?<\/h2>\n<p>Leki stosowane w celu poprawy niekt\u00f3rych schorze\u0144 cz\u0119sto przynosz\u0105 dodatkowe korzy\u015bci. Tak jest w przypadku lek\u00f3w, kt\u00f3re dzia\u0142aj\u0105 poprzez wi\u0105zanie si\u0119 z okre\u015blonymi receptorami w organizmie. Organizm wykorzystuje r\u00f3\u017cne receptory do komunikacji. Jednak modafinil dzia\u0142a na specjalny zestaw receptor\u00f3w, zwanych receptorami transportu dopaminy.   <\/p>\n<p>Jest to bardzo wa\u017cny receptor zwi\u0105zany z sygna\u0142ami do neuron\u00f3w m\u00f3wi\u0105cymi, ile dopaminy powinny ponownie wch\u0142on\u0105\u0107. Im wi\u0119cej sygna\u0142\u00f3w jest wysy\u0142anych w celu wch\u0142oni\u0119cia wi\u0119kszej ilo\u015bci dopaminy, tym ni\u017csze jest jej st\u0119\u017cenie. <\/p>\n<p>To nie jedyny mechanizm dzia\u0142ania leku Modalert. Podnosi on r\u00f3wnie\u017c poziom histaminy, oreksyny i noradrenaliny w m\u00f3zgu. S\u0105 to najwa\u017cniejsze substancje chemiczne u\u017cywane do regulacji indywidualnego cyklu snu i czuwania, a ta tabletka robi to bardzo skutecznie.  <\/p>\n<p>Bezpieczne dawkowanie i w\u0142a\u015bciwe stosowanie<\/p>\n<p>Modalert 200 mg to zalecana dawka przepisywana wi\u0119kszo\u015bci os\u00f3b. Niekt\u00f3rzy mog\u0105 rozwa\u017cy\u0107 zmniejszenie dawki do 100 mg lub zwi\u0119kszenie jej do 400 mg w zale\u017cno\u015bci od skuteczno\u015bci i tolerancji leku. Tabletka 400 mg jest najlepsza dla wi\u0119kszych os\u00f3b, podczas gdy 100 mg jest lepsza dla wra\u017cliwych os\u00f3b, kt\u00f3re silnie reaguj\u0105 na lek lub do d\u0142ugotrwa\u0142ego stosowania.  <\/p>\n<p>Najskuteczniejszy i najbezpieczniejszy spos\u00f3b przyjmowania leku Modalert 200 mg zale\u017cy od indywidualnego schematu stosowania, wieku i masy cia\u0142a. Mo\u017cna go przyjmowa\u0107 codziennie w celu leczenia stan\u00f3w zwi\u0105zanych ze snem lub poprawy wzorc\u00f3w snu w celu zwi\u0119kszenia produktywno\u015bci. <\/p>\n<p>Modalert 200 mg jest bezpieczny. Zaleca si\u0119 przestrzeganie wskaz\u00f3wek na opakowaniu lub zalece\u0144 lekarza, aby unikn\u0105\u0107 przedawkowania lub niekorzystnych warunk\u00f3w zdrowotnych. <\/p>\n<h2>Mo\u017cliwe dzia\u0142ania niepo\u017c\u0105dane<\/h2>\n<p>Nale\u017cy pami\u0119ta\u0107, \u017ce dzia\u0142ania niepo\u017c\u0105dane wyst\u0119puj\u0105 rzadko i zazwyczaj nie s\u0105 powa\u017cne. Jednak u niekt\u00f3rych os\u00f3b, w przypadku wyst\u0105pienia dzia\u0142a\u0144 niepo\u017c\u0105danych podczas stosowania leku Modalert 200 mg, zaleca si\u0119 poszukiwanie pomocy medycznej. Cz\u0119ste dzia\u0142ania niepo\u017c\u0105dane obejmuj\u0105 rozstr\u00f3j \u017co\u0142\u0105dka lub dyskomfort, bezsenno\u015b\u0107, zawroty g\u0142owy, b\u00f3le g\u0142owy, nudno\u015bci, niepok\u00f3j.  <\/p>\n<p>Objawy te pojawiaj\u0105 si\u0119 i ust\u0119puj\u0105 wraz z ci\u0105g\u0142ym stosowaniem modafinilu. Jednak w rzadkich przypadkach mog\u0105 wyst\u0105pi\u0107 powa\u017cniejsze negatywne skutki. Mog\u0105 one obejmowa\u0107:  <\/p>\n<ul>\n<li>halucynacje;<\/li>\n<li>\u0142atwe siniaczenie lub krwawienie;<\/li>\n<li>b\u00f3l w klatce piersiowej;<\/li>\n<li>depresja;<\/li>\n<li>szybkie bicie serca\/nieregularne bicie serca;<\/li>\n<li>Zesp\u00f3\u0142 Stevena Johnsona (rzadkie, ale powa\u017cniejsze zaburzenie b\u0142on \u015bluzowych).<\/li>\n<\/ul>\n<p>Chocia\u017c nie jest to wyczerpuj\u0105ca lista, konieczne jest skonsultowanie si\u0119 z lekarzem, aby uzyska\u0107 wi\u0119cej informacji na temat tego samego i bezpiecznego dawkowania.<\/p>\n[\/vc_column][vc_column width=&#8221;1\/2&#8243;]\n<h2>Przeciwwskazania i \u015brodki ostro\u017cno\u015bci<\/h2>\n<p>Lek wchodzi w interakcje z innymi lekami. Nale\u017cy skonsultowa\u0107 z lekarzem inne stosowane leki, kt\u00f3rych nie nale\u017cy przyjmowa\u0107 razem z lekiem Modalert 200 mg. Oto lista stan\u00f3w przeciwwskazanych do stosowania tego leku. Lekarz mo\u017ce oceni\u0107 stan zdrowia pacjenta pod k\u0105tem nast\u0119puj\u0105cych schorze\u0144:   <\/p>\n<ul>\n<li>zachowanie maniakalne;<\/li>\n<li>zesp\u00f3\u0142 wypadania p\u0142atka zastawki mitralnej;<\/li>\n<li>my\u015bli samob\u00f3jcze;<\/li>\n<li>wysokie ci\u015bnienie krwi;<\/li>\n<li>agresywne zachowanie;<\/li>\n<li>zaburzenia psychotyczne;<\/li>\n<li>atak serca;<\/li>\n<li>ci\u0119\u017cka choroba w\u0105troby;<\/li>\n<li>depresja itp.<\/li>\n<\/ul>\n<p>Przeciwwskazane leki obejmuj\u0105 leki na nadci\u015bnienie, inhibitory monoaminooksydazy (inhibitory MAO), leki przeciwdepresyjne, leki pobudzaj\u0105ce uk\u0142ad nerwowy, propranolol (Inderal), fenytoin\u0119, karbamazepin\u0119, fenobarbital, ryfampin\u0119, ketokonazol, cyklosporyn\u0119, teofilin\u0119, warfaryn\u0119, diazepam i inne.<\/p>\n<p>Ta lista nie jest wyczerpuj\u0105ca. Lek Modalert 200 mg mo\u017cna przyjmowa\u0107 z wi\u0119kszo\u015bci\u0105 pokarm\u00f3w lub bez nich. Jednak sok grejpfrutowy i grejpfrut mog\u0105 nasila\u0107 dzia\u0142anie lub skutki uboczne tego silnego leku. Nie zaleca si\u0119 r\u00f3wnie\u017c spo\u017cywania alkoholu, poniewa\u017c mo\u017ce to prowadzi\u0107 do r\u00f3\u017cnych reakcji.   <\/p>\n<h2>Do\u015bwiadczenie konsumenta<\/h2>\n<p>Modafinil jest jednym z najwi\u0119kszych i najbardziej poszukiwanych lek\u00f3w stosowanych w leczeniu schorze\u0144, a przede wszystkim wykorzystywany przez r\u00f3\u017cne osoby, aby by\u0107 &#8220;inteligentnym&#8221; i zwi\u0119kszy\u0107 produktywno\u015b\u0107.<\/p>\n<p>Teraz, gdy lek ten jest wysoce skuteczny, konsumenci ocenili go niezwykle pozytywnie, zw\u0142aszcza ci, kt\u00f3rzy maj\u0105 zdrowy organizm.<\/p>\n<p>Wi\u0119kszo\u015b\u0107 os\u00f3b czuje si\u0119 pobudzona, czujna i gotowa do zwi\u0119kszenia swojej produktywno\u015bci. Pozytywne do\u015bwiadczenia s\u0105 wsp\u00f3lne z Modalert. Zwi\u0119ksza koncentracj\u0119, skupienie i pami\u0119\u0107, a tak\u017ce poprawia kreatywno\u015b\u0107. Jest bardzo popularny w sferze rywalizacji i osi\u0105gania najlepszych wynik\u00f3w na egzaminach. To \u015bwietnie.    <\/p>\n<p>A ty? Kup ten lek i oce\u0144 swoje do\u015bwiadczenia. <\/p>\n<h2>Kup generyczny Modalert 200mg (Modafinil) online<\/h2>\n<p>Modalert 200 mg mo\u017cna kupi\u0107 online za po\u015brednictwem dealer\u00f3w dzia\u0142aj\u0105cych w miejscach, w kt\u00f3rych sprzeda\u017c modafinilu jest otwarta dla publiczno\u015bci &#8211; w Indiach.<\/p>\n<p>Je\u015bli zastanawiasz si\u0119, gdzie kupi\u0107 Modalert w aptece internetowej, najlepszym miejscem na zakup tanich, ale wysokiej jako\u015bci tabletek jest BuyModafinilOnline.<\/p>\n<p>Oferujemy <a href=\"https:\/\/buymodafinilonline.com\/pl\/sklep\/\">leki modafinil bez recepty<\/a>. W przeciwie\u0144stwie do niekt\u00f3rych aptek internetowych, kt\u00f3re nie oferuj\u0105 lek\u00f3w, je\u015bli kupuj\u0105cy nie ma recepty, mamy oryginalne leki dost\u0119pne w sprzeda\u017cy i mo\u017cna je zam\u00f3wi\u0107 po ni\u017cszej cenie. <\/p>\n<p>Mo\u017cesz zap\u0142aci\u0107 bitcoinem i <a href=\"https:\/\/buymodafinilonline.com\/pl\/zaplac-bitcoinami-a-dostaniesz-33-rabatu\/\">otrzyma\u0107 23%<\/a> zni\u017cki na dowolny lek zam\u00f3wiony w <a href=\"https:\/\/buymodafinilonline.com\/pl\/\">BuyModafinilOnline<\/a>. Inne opcje p\u0142atno\u015bci to PayPal i karta kredytowa.<\/p>\n<p><a href=\"https:\/\/buymodafinilonline.com\/pl\/najlepszy-dostawca-w-polsce\/\">Wysy\u0142ka<\/a> jest bardzo szybka &#8211; na ca\u0142y \u015bwiat, z wyj\u0105tkiem kilku bardzo nielicznych kraj\u00f3w. Nawet je\u015bli dostawa nie powiod\u0142a si\u0119, mo\u017cliwa jest ponowna wysy\u0142ka lub zwrot pieni\u0119dzy.<\/p>\n<p>Ponadto w naszej aptece internetowej mo\u017cna kupi\u0107 tak popularne nootropy, jak <a href=\"https:\/\/buymodafinilonline.com\/pl\/pigulki-madrosci\/modvigil-200-mg\/\">Modvigil<\/a>, <a href=\"https:\/\/buymodafinilonline.com\/pl\/pigulki-madrosci\/vilafinil-200-mg\/\">Vilafinil<\/a>, <a href=\"https:\/\/buymodafinilonline.com\/pl\/pigulki-madrosci\/modawake-200-mg\/\">Modawake<\/a>, <a href=\"https:\/\/buymodafinilonline.com\/pl\/pigulki-madrosci\/artvigil-150-mg\/\">Artvigil<\/a>. I wspania\u0142y bonus dla ka\u017cdego: <a href=\"https:\/\/buymodafinilonline.com\/pl\/pigulki-madrosci\/darmowe-probki-modalert-200-mg-modafinil\/\">10 darmowych pr\u00f3bek modafinilu<\/a> do ka\u017cdego zam\u00f3wienia!<\/p>\n[\/vc_column]\n<div class=\"su-divider su-divider-style-default\" style=\"margin:10px 0;border-width:3px;border-color:#ffffff00\"><a href=\"#\" style=\"color:#ffffff009\">.<\/a><\/div>\n<h2>Modalert 200 Cena<\/h2>\n<table border=\"1\">\n<thead>\n<tr>\n<td><b>Modalert 200 (ilo\u015b\u0107) <\/b><\/td>\n<td><b>Koszt<\/b><\/td>\n<td><b>Cena za tabletk\u0119<\/b><\/td>\n<\/tr>\n<\/thead>\n<tbody>\n<tr>\n<td>10<\/td>\n<td>$29<\/td>\n<td>$2.99<\/td>\n<\/tr>\n<tr>\n<td>20<\/td>\n<td>$49<\/td>\n<td>$2.49<\/td>\n<\/tr>\n<tr>\n<td>30<\/td>\n<td>$69<\/td>\n<td>$2.29<\/td>\n<\/tr>\n<tr>\n<td>50<\/td>\n<td>$99<\/td>\n<td>$1.99<\/td>\n<\/tr>\n<tr>\n<td>100<\/td>\n<td>$169<\/td>\n<td>$1.69<\/td>\n<\/tr>\n<tr>\n<td>200<\/td>\n<td>$249<\/td>\n<td>$1.24<\/td>\n<\/tr>\n<tr>\n<td>300<\/td>\n<td>$359<\/td>\n<td>$1.29<\/td>\n<\/tr>\n<tr>\n<td>500<\/td>\n<td>$499<\/td>\n<td>$0.99<\/td>\n<\/tr>\n<tr>\n<td>1000<\/td>\n<td>$899<\/td>\n<td>$0.89<\/td>\n<\/tr>\n<\/tbody>\n<\/table>\n","protected":false},"excerpt":{"rendered":"[sc name=\"sun-suspended\"]\n<p>Jest to lek zaprojektowany przy u\u017cyciu modafinilu. Pojawi\u0142 si\u0119 jako ostateczne lekarstwo na leczenie zwi\u0105zane ze snem, poza wskazaniami, jest szeroko stosowany w celu poprawy funkcji poznawczych i innych korzy\u015bci. U\u017cyj tego leku, aby pozosta\u0107 skupionym i aktywnym w my\u015bleniu i perfekcyjnym wykonywaniu pracy. Jego cena jest znacznie ni\u017csza ni\u017c w przypadku markowej wersji Provigil, bez utraty jako\u015bci. Jest produkowany przez Sun Pharma i mo\u017cna go kupi\u0107 online w bardzo dobrej cenie.    <\/p>\n[sc name=\"s1\"]\n","protected":false},"featured_media":396433,"comment_status":"closed","ping_status":"closed","template":"","meta":{"_acf_changed":false},"product_brand":[],"product_cat":[3904,4045],"product_tag":[4051],"class_list":{"0":"post-396432","1":"product","2":"type-product","3":"status-publish","4":"has-post-thumbnail","6":"product_cat-hity-sprzedazy","7":"product_cat-marki-inteligentnych-lekow","8":"product_tag-modafinil-pl","10":"first","11":"instock","12":"sale","13":"featured","14":"shipping-taxable","15":"purchasable","16":"product-type-variable","17":"has-default-attributes"},"acf":[],"yoast_head":"<!-- This site is optimized with the Yoast SEO Premium plugin v23.6 (Yoast SEO v27.4) - https:\/\/yoast.com\/product\/yoast-seo-premium-wordpress\/ -->\n<title>Kup tabletki Modalert 200 mg (Modafinil) z Indii - BuyModafinilOnline<\/title>\n<meta name=\"description\" content=\"Zam\u00f3w Modalert 200 mg online bez recepty w aptece BuyModafinilOnline. 100% gwarancja dostawy z Indii. Kup tani Modalert (modafinil) za pomoc\u0105 Bitcoin lub PayPal i uzyskaj \u015bwietne rabaty!\" \/>\n<meta name=\"robots\" content=\"index, follow, max-snippet:-1, max-image-preview:large, max-video-preview:-1\" \/>\n<link rel=\"canonical\" href=\"https:\/\/buymodafinilonline.com\/pl\/pigulki-madrosci\/modalert-200-mg\/\" \/>\n<meta property=\"og:locale\" content=\"pl_PL\" \/>\n<meta property=\"og:type\" content=\"article\" \/>\n<meta property=\"og:title\" content=\"Modalert 200 mg\" \/>\n<meta property=\"og:description\" content=\"Zam\u00f3w Modalert 200 mg online bez recepty w aptece BuyModafinilOnline. 100% gwarancja dostawy z Indii. Kup tani Modalert (modafinil) za pomoc\u0105 Bitcoin lub PayPal i uzyskaj \u015bwietne rabaty!\" \/>\n<meta property=\"og:url\" content=\"https:\/\/buymodafinilonline.com\/pl\/pigulki-madrosci\/modalert-200-mg\/\" \/>\n<meta property=\"og:site_name\" content=\"BuyModafinilOnline.com\" \/>\n<meta property=\"article:modified_time\" content=\"2026-01-28T18:08:26+00:00\" \/>\n<meta property=\"og:image\" content=\"https:\/\/buymodafinilonline.com\/wp-content\/uploads\/2020\/04\/product-bmo-Modalert-1.png\" \/>\n\t<meta property=\"og:image:width\" content=\"1280\" \/>\n\t<meta property=\"og:image:height\" content=\"1500\" \/>\n\t<meta property=\"og:image:type\" content=\"image\/png\" \/>\n<meta name=\"twitter:label1\" content=\"Szacowany czas czytania\" \/>\n\t<meta name=\"twitter:data1\" content=\"5 minut\" \/>\n<script type=\"application\/ld+json\" class=\"yoast-schema-graph\">{\"@context\":\"https:\\\/\\\/schema.org\",\"@graph\":[{\"@type\":\"WebPage\",\"@id\":\"https:\\\/\\\/buymodafinilonline.com\\\/pl\\\/pigulki-madrosci\\\/modalert-200-mg\\\/\",\"url\":\"https:\\\/\\\/buymodafinilonline.com\\\/pl\\\/pigulki-madrosci\\\/modalert-200-mg\\\/\",\"name\":\"Kup tabletki Modalert 200 mg (Modafinil) z Indii - BuyModafinilOnline\",\"isPartOf\":{\"@id\":\"https:\\\/\\\/buymodafinilonline.com\\\/pl\\\/#website\"},\"primaryImageOfPage\":{\"@id\":\"https:\\\/\\\/buymodafinilonline.com\\\/pl\\\/pigulki-madrosci\\\/modalert-200-mg\\\/#primaryimage\"},\"image\":{\"@id\":\"https:\\\/\\\/buymodafinilonline.com\\\/pl\\\/pigulki-madrosci\\\/modalert-200-mg\\\/#primaryimage\"},\"thumbnailUrl\":\"https:\\\/\\\/buymodafinilonline.com\\\/wp-content\\\/uploads\\\/2020\\\/04\\\/product-bmo-Modalert-1.png\",\"datePublished\":\"2020-03-23T19:47:37+00:00\",\"dateModified\":\"2026-01-28T18:08:26+00:00\",\"description\":\"Zam\u00f3w Modalert 200 mg online bez recepty w aptece BuyModafinilOnline. 100% gwarancja dostawy z Indii. Kup tani Modalert (modafinil) za pomoc\u0105 Bitcoin lub PayPal i uzyskaj \u015bwietne rabaty!\",\"breadcrumb\":{\"@id\":\"https:\\\/\\\/buymodafinilonline.com\\\/pl\\\/pigulki-madrosci\\\/modalert-200-mg\\\/#breadcrumb\"},\"inLanguage\":\"pl-PL\",\"potentialAction\":[{\"@type\":\"ReadAction\",\"target\":[\"https:\\\/\\\/buymodafinilonline.com\\\/pl\\\/pigulki-madrosci\\\/modalert-200-mg\\\/\"]}]},{\"@type\":\"ImageObject\",\"inLanguage\":\"pl-PL\",\"@id\":\"https:\\\/\\\/buymodafinilonline.com\\\/pl\\\/pigulki-madrosci\\\/modalert-200-mg\\\/#primaryimage\",\"url\":\"https:\\\/\\\/buymodafinilonline.com\\\/wp-content\\\/uploads\\\/2020\\\/04\\\/product-bmo-Modalert-1.png\",\"contentUrl\":\"https:\\\/\\\/buymodafinilonline.com\\\/wp-content\\\/uploads\\\/2020\\\/04\\\/product-bmo-Modalert-1.png\",\"width\":1280,\"height\":1500,\"caption\":\"Modalert 200 mg\"},{\"@type\":\"BreadcrumbList\",\"@id\":\"https:\\\/\\\/buymodafinilonline.com\\\/pl\\\/pigulki-madrosci\\\/modalert-200-mg\\\/#breadcrumb\",\"itemListElement\":[{\"@type\":\"ListItem\",\"position\":1,\"name\":\"Buy Modafinil Online\",\"item\":\"https:\\\/\\\/buymodafinilonline.com\\\/pl\\\/\"},{\"@type\":\"ListItem\",\"position\":2,\"name\":\"Sklep\",\"item\":\"https:\\\/\\\/buymodafinilonline.com\\\/pl\\\/sklep\\\/\"},{\"@type\":\"ListItem\",\"position\":3,\"name\":\"Marki inteligentnych lek\u00f3w\",\"item\":\"https:\\\/\\\/buymodafinilonline.com\\\/pl\\\/kategoria-produktow\\\/marki-inteligentnych-lekow\\\/\"},{\"@type\":\"ListItem\",\"position\":4,\"name\":\"Modalert 200 mg\"}]},{\"@type\":\"WebSite\",\"@id\":\"https:\\\/\\\/buymodafinilonline.com\\\/pl\\\/#website\",\"url\":\"https:\\\/\\\/buymodafinilonline.com\\\/pl\\\/\",\"name\":\"BuyModafinilOnline.com\",\"description\":\"Modafinil Online Pharmacy\",\"publisher\":{\"@id\":\"https:\\\/\\\/buymodafinilonline.com\\\/pl\\\/#organization\"},\"potentialAction\":[{\"@type\":\"SearchAction\",\"target\":{\"@type\":\"EntryPoint\",\"urlTemplate\":\"https:\\\/\\\/buymodafinilonline.com\\\/pl\\\/?s={search_term_string}\"},\"query-input\":{\"@type\":\"PropertyValueSpecification\",\"valueRequired\":true,\"valueName\":\"search_term_string\"}}],\"inLanguage\":\"pl-PL\"},{\"@type\":\"Organization\",\"@id\":\"https:\\\/\\\/buymodafinilonline.com\\\/pl\\\/#organization\",\"name\":\"BuyModafinilOnline\",\"url\":\"https:\\\/\\\/buymodafinilonline.com\\\/pl\\\/\",\"logo\":{\"@type\":\"ImageObject\",\"inLanguage\":\"pl-PL\",\"@id\":\"https:\\\/\\\/buymodafinilonline.com\\\/pl\\\/#\\\/schema\\\/logo\\\/image\\\/\",\"url\":\"https:\\\/\\\/buymodafinilonline.com\\\/wp-content\\\/uploads\\\/2020\\\/04\\\/logo-buy-modafinil-online-yellow.png\",\"contentUrl\":\"https:\\\/\\\/buymodafinilonline.com\\\/wp-content\\\/uploads\\\/2020\\\/04\\\/logo-buy-modafinil-online-yellow.png\",\"width\":200,\"height\":200,\"caption\":\"BuyModafinilOnline\"},\"image\":{\"@id\":\"https:\\\/\\\/buymodafinilonline.com\\\/pl\\\/#\\\/schema\\\/logo\\\/image\\\/\"}}]}<\/script>\n<!-- \/ Yoast SEO Premium plugin. -->","yoast_head_json":{"title":"Kup tabletki Modalert 200 mg (Modafinil) z Indii - BuyModafinilOnline","description":"Zam\u00f3w Modalert 200 mg online bez recepty w aptece BuyModafinilOnline. 100% gwarancja dostawy z Indii. Kup tani Modalert (modafinil) za pomoc\u0105 Bitcoin lub PayPal i uzyskaj \u015bwietne rabaty!","robots":{"index":"index","follow":"follow","max-snippet":"max-snippet:-1","max-image-preview":"max-image-preview:large","max-video-preview":"max-video-preview:-1"},"canonical":"https:\/\/buymodafinilonline.com\/pl\/pigulki-madrosci\/modalert-200-mg\/","og_locale":"pl_PL","og_type":"article","og_title":"Modalert 200 mg","og_description":"Zam\u00f3w Modalert 200 mg online bez recepty w aptece BuyModafinilOnline. 100% gwarancja dostawy z Indii. Kup tani Modalert (modafinil) za pomoc\u0105 Bitcoin lub PayPal i uzyskaj \u015bwietne rabaty!","og_url":"https:\/\/buymodafinilonline.com\/pl\/pigulki-madrosci\/modalert-200-mg\/","og_site_name":"BuyModafinilOnline.com","article_modified_time":"2026-01-28T18:08:26+00:00","og_image":[{"width":1280,"height":1500,"url":"https:\/\/buymodafinilonline.com\/wp-content\/uploads\/2020\/04\/product-bmo-Modalert-1.png","type":"image\/png"}],"twitter_misc":{"Szacowany czas czytania":"5 minut"},"schema":{"@context":"https:\/\/schema.org","@graph":[{"@type":"WebPage","@id":"https:\/\/buymodafinilonline.com\/pl\/pigulki-madrosci\/modalert-200-mg\/","url":"https:\/\/buymodafinilonline.com\/pl\/pigulki-madrosci\/modalert-200-mg\/","name":"Kup tabletki Modalert 200 mg (Modafinil) z Indii - BuyModafinilOnline","isPartOf":{"@id":"https:\/\/buymodafinilonline.com\/pl\/#website"},"primaryImageOfPage":{"@id":"https:\/\/buymodafinilonline.com\/pl\/pigulki-madrosci\/modalert-200-mg\/#primaryimage"},"image":{"@id":"https:\/\/buymodafinilonline.com\/pl\/pigulki-madrosci\/modalert-200-mg\/#primaryimage"},"thumbnailUrl":"https:\/\/buymodafinilonline.com\/wp-content\/uploads\/2020\/04\/product-bmo-Modalert-1.png","datePublished":"2020-03-23T19:47:37+00:00","dateModified":"2026-01-28T18:08:26+00:00","description":"Zam\u00f3w Modalert 200 mg online bez recepty w aptece BuyModafinilOnline. 100% gwarancja dostawy z Indii. Kup tani Modalert (modafinil) za pomoc\u0105 Bitcoin lub PayPal i uzyskaj \u015bwietne rabaty!","breadcrumb":{"@id":"https:\/\/buymodafinilonline.com\/pl\/pigulki-madrosci\/modalert-200-mg\/#breadcrumb"},"inLanguage":"pl-PL","potentialAction":[{"@type":"ReadAction","target":["https:\/\/buymodafinilonline.com\/pl\/pigulki-madrosci\/modalert-200-mg\/"]}]},{"@type":"ImageObject","inLanguage":"pl-PL","@id":"https:\/\/buymodafinilonline.com\/pl\/pigulki-madrosci\/modalert-200-mg\/#primaryimage","url":"https:\/\/buymodafinilonline.com\/wp-content\/uploads\/2020\/04\/product-bmo-Modalert-1.png","contentUrl":"https:\/\/buymodafinilonline.com\/wp-content\/uploads\/2020\/04\/product-bmo-Modalert-1.png","width":1280,"height":1500,"caption":"Modalert 200 mg"},{"@type":"BreadcrumbList","@id":"https:\/\/buymodafinilonline.com\/pl\/pigulki-madrosci\/modalert-200-mg\/#breadcrumb","itemListElement":[{"@type":"ListItem","position":1,"name":"Buy Modafinil Online","item":"https:\/\/buymodafinilonline.com\/pl\/"},{"@type":"ListItem","position":2,"name":"Sklep","item":"https:\/\/buymodafinilonline.com\/pl\/sklep\/"},{"@type":"ListItem","position":3,"name":"Marki inteligentnych lek\u00f3w","item":"https:\/\/buymodafinilonline.com\/pl\/kategoria-produktow\/marki-inteligentnych-lekow\/"},{"@type":"ListItem","position":4,"name":"Modalert 200 mg"}]},{"@type":"WebSite","@id":"https:\/\/buymodafinilonline.com\/pl\/#website","url":"https:\/\/buymodafinilonline.com\/pl\/","name":"BuyModafinilOnline.com","description":"Modafinil Online Pharmacy","publisher":{"@id":"https:\/\/buymodafinilonline.com\/pl\/#organization"},"potentialAction":[{"@type":"SearchAction","target":{"@type":"EntryPoint","urlTemplate":"https:\/\/buymodafinilonline.com\/pl\/?s={search_term_string}"},"query-input":{"@type":"PropertyValueSpecification","valueRequired":true,"valueName":"search_term_string"}}],"inLanguage":"pl-PL"},{"@type":"Organization","@id":"https:\/\/buymodafinilonline.com\/pl\/#organization","name":"BuyModafinilOnline","url":"https:\/\/buymodafinilonline.com\/pl\/","logo":{"@type":"ImageObject","inLanguage":"pl-PL","@id":"https:\/\/buymodafinilonline.com\/pl\/#\/schema\/logo\/image\/","url":"https:\/\/buymodafinilonline.com\/wp-content\/uploads\/2020\/04\/logo-buy-modafinil-online-yellow.png","contentUrl":"https:\/\/buymodafinilonline.com\/wp-content\/uploads\/2020\/04\/logo-buy-modafinil-online-yellow.png","width":200,"height":200,"caption":"BuyModafinilOnline"},"image":{"@id":"https:\/\/buymodafinilonline.com\/pl\/#\/schema\/logo\/image\/"}}]}},"_links":{"self":[{"href":"https:\/\/buymodafinilonline.com\/pl\/wp-json\/wp\/v2\/product\/396432","targetHints":{"allow":["GET"]}}],"collection":[{"href":"https:\/\/buymodafinilonline.com\/pl\/wp-json\/wp\/v2\/product"}],"about":[{"href":"https:\/\/buymodafinilonline.com\/pl\/wp-json\/wp\/v2\/types\/product"}],"replies":[{"embeddable":true,"href":"https:\/\/buymodafinilonline.com\/pl\/wp-json\/wp\/v2\/comments?post=396432"}],"wp:featuredmedia":[{"embeddable":true,"href":"https:\/\/buymodafinilonline.com\/pl\/wp-json\/wp\/v2\/media\/396433"}],"wp:attachment":[{"href":"https:\/\/buymodafinilonline.com\/pl\/wp-json\/wp\/v2\/media?parent=396432"}],"wp:term":[{"taxonomy":"product_brand","embeddable":true,"href":"https:\/\/buymodafinilonline.com\/pl\/wp-json\/wp\/v2\/product_brand?post=396432"},{"taxonomy":"product_cat","embeddable":true,"href":"https:\/\/buymodafinilonline.com\/pl\/wp-json\/wp\/v2\/product_cat?post=396432"},{"taxonomy":"product_tag","embeddable":true,"href":"https:\/\/buymodafinilonline.com\/pl\/wp-json\/wp\/v2\/product_tag?post=396432"}],"curies":[{"name":"wp","href":"https:\/\/api.w.org\/{rel}","templated":true}]}}