{"id":399654,"date":"2020-03-23T16:59:08","date_gmt":"2020-03-23T15:59:08","guid":{"rendered":"https:\/\/buymodafinilonline.com\/smart-drugs\/artvigil-150-mg\/"},"modified":"2025-08-31T10:45:55","modified_gmt":"2025-08-31T09:45:55","slug":"artvigil-150-mg","status":"publish","type":"product","link":"https:\/\/buymodafinilonline.com\/pl\/pigulki-madrosci\/artvigil-150-mg\/","title":{"rendered":"Artvigil 150 mg"},"content":{"rendered":"[vc_column width=\u201d1\/2\u2033]\n<div class=\"su-divider su-divider-style-default\" style=\"margin:10px 0;border-width:3px;border-color:#ffffff00\"><a href=\"#\" style=\"color:#ffffff009\">.<\/a><\/div>\n<h2>Co to jest Artvigil 150 mg?<\/h2>\n<div class=\"su-divider su-divider-style-default\" style=\"margin:10px 0;border-width:3px;border-color:#ffffff00\"><a href=\"#\" style=\"color:#ffffff009\">.<\/a><\/div>\nArtvigil 150 mg to popularny lek stosowany do zwalczania senno\u015bci w ci\u0105gu dnia i skrajnej senno\u015bci u u\u017cytkownik\u00f3w. Zawiera armodafinil jako sk\u0142adnik aktywny, a w ostatnich latach okaza\u0142 si\u0119 bardzo skuteczny w ograniczaniu skrajnej senno\u015bci i braku motywacji. <\/p>\n<p>Je\u015bli znasz leki takie jak Modafinil lub Modalert, to prawdopodobnie s\u0142ysza\u0142e\u015b termin \u201cnootropy\u201d. Artvigil nale\u017cy do kategorii lek\u00f3w znanych jako nootropy i pomaga u\u017cytkownikom zachowa\u0107 koncentracj\u0119 i czujno\u015b\u0107 przez ca\u0142y dzie\u0144, a tak\u017ce cieszy\u0107 si\u0119 d\u0142u\u017cszym okresem czujno\u015bci umys\u0142owej. <\/p>\n<p>Dzi\u0119ki wysokiemu wska\u017anikowi skuteczno\u015bci, lek ten jest stosowany przez du\u017c\u0105 liczb\u0119 os\u00f3b, w tym student\u00f3w, artyst\u00f3w i osoby, kt\u00f3re pracuj\u0105 regularnie od 9 do 17.<\/p>\n<div class=\"su-divider su-divider-style-default\" style=\"margin:10px 0;border-width:3px;border-color:#ffffff00\"><a href=\"#\" style=\"color:#ffffff009\">.<\/a><\/div>\n<h2>Jak dzia\u0142aj\u0105 te tabletki?<\/h2>\n<div class=\"su-divider su-divider-style-default\" style=\"margin:10px 0;border-width:3px;border-color:#ffffff00\"><a href=\"#\" style=\"color:#ffffff009\">.<\/a><\/div>\nPrzez lata mechanizm dzia\u0142ania Artvigilu pozostawa\u0142 cz\u0119\u015bciow\u0105 tajemnic\u0105. Wielu ekspert\u00f3w nie potrafi dok\u0142adnie okre\u015bli\u0107, jak dzia\u0142a ten lek. Jednak wi\u0119kszo\u015b\u0107 uwa\u017ca, \u017ce dzia\u0142a on poprzez wp\u0142yw na substancje w m\u00f3zgu, kt\u00f3re kontroluj\u0105 cykl snu \/ czuwania.  <\/p>\n<p>Podobnie jak modafinil, armodafinil (aktywny sk\u0142adnik leku Artvigil) blokuje wychwyt zwrotny dopaminy, wi\u0105\u017c\u0105c si\u0119 z transporterem dopaminy i zwi\u0119kszaj\u0105c st\u0119\u017cenie dopaminy w niekt\u00f3rych regionach m\u00f3zgu.<\/p>\n<p>Pomaga to zwi\u0119kszy\u0107 produktywno\u015b\u0107 i czujno\u015b\u0107 u\u017cytkownika do niespotykanego wcze\u015bniej poziomu.<\/p>\n<div class=\"su-divider su-divider-style-default\" style=\"margin:10px 0;border-width:3px;border-color:#ffffff00\"><a href=\"#\" style=\"color:#ffffff009\">.<\/a><\/div>\n<h2>Bezpieczne dawkowanie i w\u0142a\u015bciwe stosowanie<\/h2>\n<div class=\"su-divider su-divider-style-default\" style=\"margin:10px 0;border-width:3px;border-color:#ffffff00\"><a href=\"#\" style=\"color:#ffffff009\">.<\/a><\/div>\nChocia\u017c Artvigil 150mg jest wysoce \u201cmagiczn\u0105\u201d pigu\u0142k\u0105, nale\u017cy go stosowa\u0107 z absolutn\u0105 ostro\u017cno\u015bci\u0105. Poniewa\u017c dzia\u0142anie tego leku zwykle utrzymuje si\u0119 przez d\u0142ugi czas, zaleca si\u0119 przyjmowanie go rano, na godzin\u0119 przed zmian\u0105 w pracy. <\/p>\n<p>Efekty dzia\u0142ania jednej tabletki utrzymuj\u0105 si\u0119 przez ca\u0142y dzie\u0144, wi\u0119c absolutnie nie ma potrzeby przyjmowania wi\u0119kszej ilo\u015bci. Podczas stosowania tego leku wa\u017cne jest, aby trzyma\u0107 si\u0119 zalecanej dawki. <\/p>\n<p>Wreszcie, nale\u017cy unika\u0107 stosowania tego leku jako alternatywy dla snu, poniewa\u017c naturalne pragnienie snu w ko\u0144cu zostanie nadrobione.<\/p>\n<div class=\"su-divider su-divider-style-default\" style=\"margin:10px 0;border-width:3px;border-color:#ffffff00\"><a href=\"#\" style=\"color:#ffffff009\">.<\/a><\/div>\n<h2>Mo\u017cliwe dzia\u0142ania niepo\u017c\u0105dane<\/h2>\n<div class=\"su-divider su-divider-style-default\" style=\"margin:10px 0;border-width:3px;border-color:#ffffff00\"><a href=\"#\" style=\"color:#ffffff009\">.<\/a><\/div>\nPodczas stosowania leku Artvigil 150 mg normalne jest do\u015bwiadczanie pewnych skutk\u00f3w ubocznych, z kt\u00f3rych najcz\u0119stszym jest bezsenno\u015b\u0107. Poniewa\u017c zosta\u0142 on stworzony specjalnie w celu zwalczania senno\u015bci, nie jest zaskakuj\u0105ce, \u017ce mo\u017ce powodowa\u0107 bezsenno\u015b\u0107 u niekt\u00f3rych u\u017cytkownik\u00f3w. <\/p>\n<p>Inne cz\u0119ste dzia\u0142ania niepo\u017c\u0105dane tego leku obejmuj\u0105 b\u00f3le g\u0142owy, nudno\u015bci, zawroty g\u0142owy, a w niekt\u00f3rych przypadkach sucho\u015b\u0107 w ustach.<\/p>\n<p>Istniej\u0105 bardziej powa\u017cne negatywne reakcje, kt\u00f3re mog\u0105 wynika\u0107 ze stosowania tego leku. Wyst\u0119puj\u0105 one jednak rzadko, ale gdy si\u0119 pojawi\u0105, zawsze zaleca si\u0119 natychmiastowe zwr\u00f3cenie si\u0119 o pomoc lekarsk\u0105. Niekt\u00f3re z tych skutk\u00f3w ubocznych obejmuj\u0105 dr\u017cenie, halucynacje, depresj\u0119 itp.<\/p>\n[\/vc_column][vc_column width=\u201d1\/2\u2033]\n<div class=\"su-divider su-divider-style-default\" style=\"margin:10px 0;border-width:3px;border-color:#ffffff00\"><a href=\"#\" style=\"color:#ffffff009\">.<\/a><\/div>\nWed\u0142ug kilku u\u017cytkownik\u00f3w, Artvigil mo\u017ce powodowa\u0107 utrat\u0119 apetytu. Dlatego osoby, kt\u00f3re planuj\u0105 stosowa\u0107 ten lek przez d\u0142u\u017cszy czas, powinny uwa\u017ca\u0107 na ekstremaln\u0105 utrat\u0119 wagi. <\/p>\n<div class=\"su-divider su-divider-style-default\" style=\"margin:10px 0;border-width:3px;border-color:#ffffff00\"><a href=\"#\" style=\"color:#ffffff009\">.<\/a><\/div>\n<h2>Przeciwwskazania i \u015brodki ostro\u017cno\u015bci<\/h2>\n<div class=\"su-divider su-divider-style-default\" style=\"margin:10px 0;border-width:3px;border-color:#ffffff00\"><a href=\"#\" style=\"color:#ffffff009\">.<\/a><\/div>\nInterakcje lekowe zazwyczaj zmieniaj\u0105 spos\u00f3b dzia\u0142ania leku lub zwi\u0119kszaj\u0105 ryzyko wyst\u0105pienia powa\u017cnych skutk\u00f3w ubocznych. Artvigil mo\u017ce wchodzi\u0107 w interakcje z narkotykami ulicznymi, takimi jak metamfetamina oraz niekt\u00f3rymi lekami na recept\u0119 i bez recepty, kt\u00f3re obejmuj\u0105: <\/p>\n<div class=\"su-divider su-divider-style-default\" style=\"margin:10px 0;border-width:3px;border-color:#ffffff00\"><a href=\"#\" style=\"color:#ffffff009\">.<\/a><\/div>\n<ul>\n<li>Lisinopril;<\/li>\n<li>Clonazepam;<\/li>\n<li>Omeprazol;<\/li>\n<li>Xanax;<\/li>\n<li>Trazodon;<\/li>\n<li>Percocet.<\/li>\n<\/ul>\n<div class=\"su-divider su-divider-style-default\" style=\"margin:10px 0;border-width:3px;border-color:#ffffff00\"><a href=\"#\" style=\"color:#ffffff009\">.<\/a><\/div>\nPrzyjmowanie kofeiny mo\u017ce r\u00f3wnie\u017c nasila\u0107 dzia\u0142ania niepo\u017c\u0105dane, kt\u00f3re zwykle wyst\u0119puj\u0105 podczas stosowania leku Artvigil. Alkohol mo\u017ce r\u00f3wnie\u017c wchodzi\u0107 w interakcje z tym lekiem, je\u015bli jest spo\u017cywany w nadmiernych ilo\u015bciach. Nie jest to pe\u0142na lista substancji, kt\u00f3re mog\u0105 wchodzi\u0107 w interakcje z lekiem Artvigil. Aby uzyska\u0107 bardziej szczeg\u00f3\u0142owe informacje na temat interakcji, nale\u017cy skonsultowa\u0107 si\u0119 z lekarzem.   <\/p>\n<div class=\"su-divider su-divider-style-default\" style=\"margin:10px 0;border-width:3px;border-color:#ffffff00\"><a href=\"#\" style=\"color:#ffffff009\">.<\/a><\/div>\n<h2>Do\u015bwiadczenie konsumenta<\/h2>\n<div class=\"su-divider su-divider-style-default\" style=\"margin:10px 0;border-width:3px;border-color:#ffffff00\"><a href=\"#\" style=\"color:#ffffff009\">.<\/a><\/div>\nW przypadku kilku lek\u00f3w mo\u017ce by\u0107 trudno znale\u017a\u0107 prawdziwe pozytywne recenzje od klient\u00f3w, kt\u00f3rzy stosowali dany lek. Jednak je\u015bli chodzi o Artvigil i inne nootropy, fakty m\u00f3wi\u0105 same za siebie. <\/p>\n<p>Wiele os\u00f3b, kt\u00f3re stosowa\u0142y Artvigil 150mg zg\u0142osi\u0142o popraw\u0119 czujno\u015bci i koncentracji. Wi\u0119kszo\u015b\u0107 z nich oceni\u0142a go pozytywnie pod wzgl\u0119dem skuteczno\u015bci, tolerancji i \u0142atwo\u015bci stosowania. <\/p>\n<p>Artvigil pomaga u\u017cytkownikom szybko wykonywa\u0107 zadania, bez uczucia zm\u0119czenia, senno\u015bci lub znu\u017cenia. Jednak przed u\u017cyciem jakiegokolwiek nootropu nale\u017cy skonsultowa\u0107 si\u0119 z lekarzem. <\/p>\n<div class=\"su-divider su-divider-style-default\" style=\"margin:10px 0;border-width:3px;border-color:#ffffff00\"><a href=\"#\" style=\"color:#ffffff009\">.<\/a><\/div>\n<h2>Kup online generyczny Artvigil 150 mg (Armodafinil)<\/h2>\n<div class=\"su-divider su-divider-style-default\" style=\"margin:10px 0;border-width:3px;border-color:#ffffff00\"><a href=\"#\" style=\"color:#ffffff009\">.<\/a><\/div>\nSzukasz najlepszego miejsca na zakup Artvigil 150 mg online? Nie szukaj dalej! W naszej aptece internetowej oferujemy Artvigil wraz z innymi inteligentnymi lekami na sprzeda\u017c w najni\u017cszych mo\u017cliwych cenach. Co wi\u0119cej, klienci kupuj\u0105cy u nas mog\u0105 cieszy\u0107 si\u0119 \u015bwietnym stosunkiem jako\u015bci do ceny.   <\/p>\n<p>Mamy atrakcyjny system zni\u017cek:<\/p>\n<div class=\"su-divider su-divider-style-default\" style=\"margin:10px 0;border-width:3px;border-color:#ffffff00\"><a href=\"#\" style=\"color:#ffffff009\">.<\/a><\/div>\n<ul>\n<li>25 USD powracaj\u0105cych klient\u00f3w;<\/li>\n<li>23% zni\u017cki przy <a href=\"https:\/\/buymodafinilonline.com\/pl\/zaplac-bitcoinami-a-dostaniesz-33-rabatu\/\">p\u0142atno\u015bci BTC<\/a>.<\/li>\n<\/ul>\n<div class=\"su-divider su-divider-style-default\" style=\"margin:10px 0;border-width:3px;border-color:#ffffff00\"><a href=\"#\" style=\"color:#ffffff009\">.<\/a><\/div>\nArtvigil jest 10 razy ta\u0144szy ni\u017c markowa wersja Nuvigil, ale jako\u015b\u0107 jest taka sama. W <a href=\"https:\/\/buymodafinilonline.com\/pl\/\">BuyModafinilOnline<\/a> oferujemy wy\u0142\u0105cznie oryginalne leki generyczne, takie jak Vilafinil 200 mg, <a href=\"https:\/\/buymodafinilonline.com\/pl\/pigulki-madrosci\/waklert-150-mg-tabletki\/\">Waklert 150 mg<\/a>, Modaheal 200 mg itp. Nie musisz wi\u0119c martwi\u0107 si\u0119 o zakup <a href=\"https:\/\/buymodafinilonline.com\/pl\/nie-sprzedajemy-falszywych-lekow-z-modafinilem\/\">podr\u00f3bek inteligentnych lek\u00f3w<\/a>.  <\/p>\n<p>Gotowy zam\u00f3wi\u0107 Artvigil 150 mg w przyst\u0119pnej cenie? Ciesz si\u0119 nowymi i pewnymi zakupami w naszej aptece internetowej.<\/p>\n[\/vc_column]\n<div class=\"su-divider su-divider-style-default\" style=\"margin:10px 0;border-width:3px;border-color:#ffffff00\"><a href=\"#\" style=\"color:#ffffff009\">.<\/a><\/div>\n","protected":false},"excerpt":{"rendered":"<p>Artvigil 150 mg firmy HAB Pharma to tabletka stosowana w celu pobudzenia koncentracji i zwalczania senno\u015bci w ci\u0105gu dnia. Zawiera 150 mg armodafinilu i mo\u017cna go kupi\u0107 tutaj. Dzi\u0119ki naszej aptece mo\u017cesz mie\u0107 pewno\u015b\u0107, \u017ce otrzymasz oryginalne tabletki w jednej z najni\u017cszych mo\u017cliwych cen. \u015awietne oferty i zni\u017cki za po\u015brednictwem kod\u00f3w kupon\u00f3w i voucher\u00f3w s\u0105 zawsze dost\u0119pne.   <\/p>\n[sc name=\"s1\"]\n","protected":false},"featured_media":399723,"comment_status":"closed","ping_status":"closed","template":"","meta":{"_acf_changed":false},"product_brand":[],"product_cat":[3904,4045],"product_tag":[4046],"class_list":{"0":"post-399654","1":"product","2":"type-product","3":"status-publish","4":"has-post-thumbnail","6":"product_cat-hity-sprzedazy","7":"product_cat-marki-inteligentnych-lekow","8":"product_tag-armodafinil-pl-2","10":"first","11":"instock","12":"sale","13":"featured","14":"shipping-taxable","15":"purchasable","16":"product-type-variable","17":"has-default-attributes"},"acf":[],"yoast_head":"<!-- This site is optimized with the Yoast SEO Premium plugin v23.6 (Yoast SEO v27.5) - https:\/\/yoast.com\/product\/yoast-seo-premium-wordpress\/ -->\n<title>Kup tani Artvigil 150 mg (Armodafinil) z Indii - BuyModafinilOnline<\/title>\n<meta name=\"description\" content=\"Zam\u00f3w Artvigil 150 mg leki online i uzyskaj 23% ZNI\u017bKI na p\u0142atno\u015bci Bitcoin. Tutaj mo\u017cna kupi\u0107 Artvigil (armodafinil) ze 100% gwarancj\u0105 dostawy. Apteka internetowa BuyModafinil - najlepsze miejsce do zakupu bezpiecznych nootrop\u00f3w.\" \/>\n<meta name=\"robots\" content=\"index, follow, max-snippet:-1, max-image-preview:large, max-video-preview:-1\" \/>\n<link rel=\"canonical\" href=\"https:\/\/buymodafinilonline.com\/pl\/pigulki-madrosci\/artvigil-150-mg\/\" \/>\n<meta property=\"og:locale\" content=\"pl_PL\" \/>\n<meta property=\"og:type\" content=\"article\" \/>\n<meta property=\"og:title\" content=\"Artvigil 150 mg\" \/>\n<meta property=\"og:description\" content=\"Zam\u00f3w Artvigil 150 mg leki online i uzyskaj 23% ZNI\u017bKI na p\u0142atno\u015bci Bitcoin. Tutaj mo\u017cna kupi\u0107 Artvigil (armodafinil) ze 100% gwarancj\u0105 dostawy. Apteka internetowa BuyModafinil - najlepsze miejsce do zakupu bezpiecznych nootrop\u00f3w.\" \/>\n<meta property=\"og:url\" content=\"https:\/\/buymodafinilonline.com\/pl\/pigulki-madrosci\/artvigil-150-mg\/\" \/>\n<meta property=\"og:site_name\" content=\"BuyModafinilOnline.com\" \/>\n<meta property=\"article:modified_time\" content=\"2025-08-31T09:45:55+00:00\" \/>\n<meta property=\"og:image\" content=\"https:\/\/buymodafinilonline.com\/wp-content\/uploads\/2020\/04\/product-bmo-Artvigil-2.png\" \/>\n\t<meta property=\"og:image:width\" content=\"1280\" \/>\n\t<meta property=\"og:image:height\" content=\"1500\" \/>\n\t<meta property=\"og:image:type\" content=\"image\/png\" \/>\n<meta name=\"twitter:label1\" content=\"Szacowany czas czytania\" \/>\n\t<meta name=\"twitter:data1\" content=\"5 minut\" \/>\n<script type=\"application\/ld+json\" class=\"yoast-schema-graph\">{\"@context\":\"https:\\\/\\\/schema.org\",\"@graph\":[{\"@type\":\"WebPage\",\"@id\":\"https:\\\/\\\/buymodafinilonline.com\\\/pl\\\/pigulki-madrosci\\\/artvigil-150-mg\\\/\",\"url\":\"https:\\\/\\\/buymodafinilonline.com\\\/pl\\\/pigulki-madrosci\\\/artvigil-150-mg\\\/\",\"name\":\"Kup tani Artvigil 150 mg (Armodafinil) z Indii - BuyModafinilOnline\",\"isPartOf\":{\"@id\":\"https:\\\/\\\/buymodafinilonline.com\\\/pl\\\/#website\"},\"primaryImageOfPage\":{\"@id\":\"https:\\\/\\\/buymodafinilonline.com\\\/pl\\\/pigulki-madrosci\\\/artvigil-150-mg\\\/#primaryimage\"},\"image\":{\"@id\":\"https:\\\/\\\/buymodafinilonline.com\\\/pl\\\/pigulki-madrosci\\\/artvigil-150-mg\\\/#primaryimage\"},\"thumbnailUrl\":\"https:\\\/\\\/buymodafinilonline.com\\\/wp-content\\\/uploads\\\/2020\\\/04\\\/product-bmo-Artvigil-2.png\",\"datePublished\":\"2020-03-23T15:59:08+00:00\",\"dateModified\":\"2025-08-31T09:45:55+00:00\",\"description\":\"Zam\u00f3w Artvigil 150 mg leki online i uzyskaj 23% ZNI\u017bKI na p\u0142atno\u015bci Bitcoin. Tutaj mo\u017cna kupi\u0107 Artvigil (armodafinil) ze 100% gwarancj\u0105 dostawy. Apteka internetowa BuyModafinil - najlepsze miejsce do zakupu bezpiecznych nootrop\u00f3w.\",\"breadcrumb\":{\"@id\":\"https:\\\/\\\/buymodafinilonline.com\\\/pl\\\/pigulki-madrosci\\\/artvigil-150-mg\\\/#breadcrumb\"},\"inLanguage\":\"pl-PL\",\"potentialAction\":[{\"@type\":\"ReadAction\",\"target\":[\"https:\\\/\\\/buymodafinilonline.com\\\/pl\\\/pigulki-madrosci\\\/artvigil-150-mg\\\/\"]}]},{\"@type\":\"ImageObject\",\"inLanguage\":\"pl-PL\",\"@id\":\"https:\\\/\\\/buymodafinilonline.com\\\/pl\\\/pigulki-madrosci\\\/artvigil-150-mg\\\/#primaryimage\",\"url\":\"https:\\\/\\\/buymodafinilonline.com\\\/wp-content\\\/uploads\\\/2020\\\/04\\\/product-bmo-Artvigil-2.png\",\"contentUrl\":\"https:\\\/\\\/buymodafinilonline.com\\\/wp-content\\\/uploads\\\/2020\\\/04\\\/product-bmo-Artvigil-2.png\",\"width\":1280,\"height\":1500,\"caption\":\"Artvigil 150 mg\"},{\"@type\":\"BreadcrumbList\",\"@id\":\"https:\\\/\\\/buymodafinilonline.com\\\/pl\\\/pigulki-madrosci\\\/artvigil-150-mg\\\/#breadcrumb\",\"itemListElement\":[{\"@type\":\"ListItem\",\"position\":1,\"name\":\"Buy Modafinil Online\",\"item\":\"https:\\\/\\\/buymodafinilonline.com\\\/pl\\\/\"},{\"@type\":\"ListItem\",\"position\":2,\"name\":\"Sklep\",\"item\":\"https:\\\/\\\/buymodafinilonline.com\\\/pl\\\/sklep\\\/\"},{\"@type\":\"ListItem\",\"position\":3,\"name\":\"Marki inteligentnych lek\u00f3w\",\"item\":\"https:\\\/\\\/buymodafinilonline.com\\\/pl\\\/kategoria-produktow\\\/marki-inteligentnych-lekow\\\/\"},{\"@type\":\"ListItem\",\"position\":4,\"name\":\"Artvigil 150 mg\"}]},{\"@type\":\"WebSite\",\"@id\":\"https:\\\/\\\/buymodafinilonline.com\\\/pl\\\/#website\",\"url\":\"https:\\\/\\\/buymodafinilonline.com\\\/pl\\\/\",\"name\":\"BuyModafinilOnline.com\",\"description\":\"Modafinil Online Pharmacy\",\"publisher\":{\"@id\":\"https:\\\/\\\/buymodafinilonline.com\\\/pl\\\/#organization\"},\"potentialAction\":[{\"@type\":\"SearchAction\",\"target\":{\"@type\":\"EntryPoint\",\"urlTemplate\":\"https:\\\/\\\/buymodafinilonline.com\\\/pl\\\/?s={search_term_string}\"},\"query-input\":{\"@type\":\"PropertyValueSpecification\",\"valueRequired\":true,\"valueName\":\"search_term_string\"}}],\"inLanguage\":\"pl-PL\"},{\"@type\":\"Organization\",\"@id\":\"https:\\\/\\\/buymodafinilonline.com\\\/pl\\\/#organization\",\"name\":\"BuyModafinilOnline\",\"url\":\"https:\\\/\\\/buymodafinilonline.com\\\/pl\\\/\",\"logo\":{\"@type\":\"ImageObject\",\"inLanguage\":\"pl-PL\",\"@id\":\"https:\\\/\\\/buymodafinilonline.com\\\/pl\\\/#\\\/schema\\\/logo\\\/image\\\/\",\"url\":\"https:\\\/\\\/buymodafinilonline.com\\\/wp-content\\\/uploads\\\/2020\\\/04\\\/logo-buy-modafinil-online-yellow.png\",\"contentUrl\":\"https:\\\/\\\/buymodafinilonline.com\\\/wp-content\\\/uploads\\\/2020\\\/04\\\/logo-buy-modafinil-online-yellow.png\",\"width\":200,\"height\":200,\"caption\":\"BuyModafinilOnline\"},\"image\":{\"@id\":\"https:\\\/\\\/buymodafinilonline.com\\\/pl\\\/#\\\/schema\\\/logo\\\/image\\\/\"}}]}<\/script>\n<!-- \/ Yoast SEO Premium plugin. -->","yoast_head_json":{"title":"Kup tani Artvigil 150 mg (Armodafinil) z Indii - BuyModafinilOnline","description":"Zam\u00f3w Artvigil 150 mg leki online i uzyskaj 23% ZNI\u017bKI na p\u0142atno\u015bci Bitcoin. Tutaj mo\u017cna kupi\u0107 Artvigil (armodafinil) ze 100% gwarancj\u0105 dostawy. Apteka internetowa BuyModafinil - najlepsze miejsce do zakupu bezpiecznych nootrop\u00f3w.","robots":{"index":"index","follow":"follow","max-snippet":"max-snippet:-1","max-image-preview":"max-image-preview:large","max-video-preview":"max-video-preview:-1"},"canonical":"https:\/\/buymodafinilonline.com\/pl\/pigulki-madrosci\/artvigil-150-mg\/","og_locale":"pl_PL","og_type":"article","og_title":"Artvigil 150 mg","og_description":"Zam\u00f3w Artvigil 150 mg leki online i uzyskaj 23% ZNI\u017bKI na p\u0142atno\u015bci Bitcoin. Tutaj mo\u017cna kupi\u0107 Artvigil (armodafinil) ze 100% gwarancj\u0105 dostawy. Apteka internetowa BuyModafinil - najlepsze miejsce do zakupu bezpiecznych nootrop\u00f3w.","og_url":"https:\/\/buymodafinilonline.com\/pl\/pigulki-madrosci\/artvigil-150-mg\/","og_site_name":"BuyModafinilOnline.com","article_modified_time":"2025-08-31T09:45:55+00:00","og_image":[{"width":1280,"height":1500,"url":"https:\/\/buymodafinilonline.com\/wp-content\/uploads\/2020\/04\/product-bmo-Artvigil-2.png","type":"image\/png"}],"twitter_misc":{"Szacowany czas czytania":"5 minut"},"schema":{"@context":"https:\/\/schema.org","@graph":[{"@type":"WebPage","@id":"https:\/\/buymodafinilonline.com\/pl\/pigulki-madrosci\/artvigil-150-mg\/","url":"https:\/\/buymodafinilonline.com\/pl\/pigulki-madrosci\/artvigil-150-mg\/","name":"Kup tani Artvigil 150 mg (Armodafinil) z Indii - BuyModafinilOnline","isPartOf":{"@id":"https:\/\/buymodafinilonline.com\/pl\/#website"},"primaryImageOfPage":{"@id":"https:\/\/buymodafinilonline.com\/pl\/pigulki-madrosci\/artvigil-150-mg\/#primaryimage"},"image":{"@id":"https:\/\/buymodafinilonline.com\/pl\/pigulki-madrosci\/artvigil-150-mg\/#primaryimage"},"thumbnailUrl":"https:\/\/buymodafinilonline.com\/wp-content\/uploads\/2020\/04\/product-bmo-Artvigil-2.png","datePublished":"2020-03-23T15:59:08+00:00","dateModified":"2025-08-31T09:45:55+00:00","description":"Zam\u00f3w Artvigil 150 mg leki online i uzyskaj 23% ZNI\u017bKI na p\u0142atno\u015bci Bitcoin. Tutaj mo\u017cna kupi\u0107 Artvigil (armodafinil) ze 100% gwarancj\u0105 dostawy. Apteka internetowa BuyModafinil - najlepsze miejsce do zakupu bezpiecznych nootrop\u00f3w.","breadcrumb":{"@id":"https:\/\/buymodafinilonline.com\/pl\/pigulki-madrosci\/artvigil-150-mg\/#breadcrumb"},"inLanguage":"pl-PL","potentialAction":[{"@type":"ReadAction","target":["https:\/\/buymodafinilonline.com\/pl\/pigulki-madrosci\/artvigil-150-mg\/"]}]},{"@type":"ImageObject","inLanguage":"pl-PL","@id":"https:\/\/buymodafinilonline.com\/pl\/pigulki-madrosci\/artvigil-150-mg\/#primaryimage","url":"https:\/\/buymodafinilonline.com\/wp-content\/uploads\/2020\/04\/product-bmo-Artvigil-2.png","contentUrl":"https:\/\/buymodafinilonline.com\/wp-content\/uploads\/2020\/04\/product-bmo-Artvigil-2.png","width":1280,"height":1500,"caption":"Artvigil 150 mg"},{"@type":"BreadcrumbList","@id":"https:\/\/buymodafinilonline.com\/pl\/pigulki-madrosci\/artvigil-150-mg\/#breadcrumb","itemListElement":[{"@type":"ListItem","position":1,"name":"Buy Modafinil Online","item":"https:\/\/buymodafinilonline.com\/pl\/"},{"@type":"ListItem","position":2,"name":"Sklep","item":"https:\/\/buymodafinilonline.com\/pl\/sklep\/"},{"@type":"ListItem","position":3,"name":"Marki inteligentnych lek\u00f3w","item":"https:\/\/buymodafinilonline.com\/pl\/kategoria-produktow\/marki-inteligentnych-lekow\/"},{"@type":"ListItem","position":4,"name":"Artvigil 150 mg"}]},{"@type":"WebSite","@id":"https:\/\/buymodafinilonline.com\/pl\/#website","url":"https:\/\/buymodafinilonline.com\/pl\/","name":"BuyModafinilOnline.com","description":"Modafinil Online Pharmacy","publisher":{"@id":"https:\/\/buymodafinilonline.com\/pl\/#organization"},"potentialAction":[{"@type":"SearchAction","target":{"@type":"EntryPoint","urlTemplate":"https:\/\/buymodafinilonline.com\/pl\/?s={search_term_string}"},"query-input":{"@type":"PropertyValueSpecification","valueRequired":true,"valueName":"search_term_string"}}],"inLanguage":"pl-PL"},{"@type":"Organization","@id":"https:\/\/buymodafinilonline.com\/pl\/#organization","name":"BuyModafinilOnline","url":"https:\/\/buymodafinilonline.com\/pl\/","logo":{"@type":"ImageObject","inLanguage":"pl-PL","@id":"https:\/\/buymodafinilonline.com\/pl\/#\/schema\/logo\/image\/","url":"https:\/\/buymodafinilonline.com\/wp-content\/uploads\/2020\/04\/logo-buy-modafinil-online-yellow.png","contentUrl":"https:\/\/buymodafinilonline.com\/wp-content\/uploads\/2020\/04\/logo-buy-modafinil-online-yellow.png","width":200,"height":200,"caption":"BuyModafinilOnline"},"image":{"@id":"https:\/\/buymodafinilonline.com\/pl\/#\/schema\/logo\/image\/"}}]}},"_links":{"self":[{"href":"https:\/\/buymodafinilonline.com\/pl\/wp-json\/wp\/v2\/product\/399654","targetHints":{"allow":["GET"]}}],"collection":[{"href":"https:\/\/buymodafinilonline.com\/pl\/wp-json\/wp\/v2\/product"}],"about":[{"href":"https:\/\/buymodafinilonline.com\/pl\/wp-json\/wp\/v2\/types\/product"}],"replies":[{"embeddable":true,"href":"https:\/\/buymodafinilonline.com\/pl\/wp-json\/wp\/v2\/comments?post=399654"}],"wp:featuredmedia":[{"embeddable":true,"href":"https:\/\/buymodafinilonline.com\/pl\/wp-json\/wp\/v2\/media\/399723"}],"wp:attachment":[{"href":"https:\/\/buymodafinilonline.com\/pl\/wp-json\/wp\/v2\/media?parent=399654"}],"wp:term":[{"taxonomy":"product_brand","embeddable":true,"href":"https:\/\/buymodafinilonline.com\/pl\/wp-json\/wp\/v2\/product_brand?post=399654"},{"taxonomy":"product_cat","embeddable":true,"href":"https:\/\/buymodafinilonline.com\/pl\/wp-json\/wp\/v2\/product_cat?post=399654"},{"taxonomy":"product_tag","embeddable":true,"href":"https:\/\/buymodafinilonline.com\/pl\/wp-json\/wp\/v2\/product_tag?post=399654"}],"curies":[{"name":"wp","href":"https:\/\/api.w.org\/{rel}","templated":true}]}}