{"id":399775,"date":"2020-03-23T19:42:04","date_gmt":"2020-03-23T18:42:04","guid":{"rendered":"https:\/\/buymodafinilonline.com\/smart-drugs\/modvigil-200-mg\/"},"modified":"2026-01-28T19:08:57","modified_gmt":"2026-01-28T18:08:57","slug":"modvigil-200-mg","status":"publish","type":"product","link":"https:\/\/buymodafinilonline.com\/pl\/pigulki-madrosci\/modvigil-200-mg\/","title":{"rendered":"Modvigil 200 mg"},"content":{"rendered":"[vc_column width=\u201d1\/2\u2033]\n<div class=\"su-divider su-divider-style-default\" style=\"margin:10px 0;border-width:3px;border-color:#ffffff00\"><a href=\"#\" style=\"color:#ffffff009\">.<\/a><\/div>\n<h2>Co to jest Modvigil 200mg?<\/h2>\n<div class=\"su-divider su-divider-style-default\" style=\"margin:10px 0;border-width:3px;border-color:#ffffff00\"><a href=\"#\" style=\"color:#ffffff009\">.<\/a><\/div>\nM\u00f3wi\u0105c pro\u015bciej, Modvigil jest generyczn\u0105 form\u0105 Modafinilu, produkowan\u0105 przez HAB Pharmaceuticals. Jest on stosowany g\u0142\u00f3wnie w celu promowania czuwania i czujno\u015bci u pacjent\u00f3w cierpi\u0105cych na senno\u015b\u0107 w ci\u0105gu dnia. <\/p>\n<p>Zazwyczaj pacjenci cierpi\u0105cy na narkolepsj\u0119 lub osoby cierpi\u0105ce na obturacyjny bezdech senny i zaburzenia pracy zmianowej mog\u0105 mie\u0107 trudno\u015bci z utrzymaniem czujno\u015bci. Na szcz\u0119\u015bcie ta pigu\u0142ka mo\u017ce pom\u00f3c im poprawi\u0107 czujno\u015b\u0107 i zachowa\u0107 czujno\u015b\u0107 zar\u00f3wno fizyczn\u0105, jak i psychiczn\u0105. W tym samym duchu, du\u017ca liczba student\u00f3w korzysta z Modvigil, aby poprawi\u0107 swoje nawyki uczenia si\u0119 i wydajno\u015b\u0107 poznawcz\u0105.  <\/p>\n<p>Z biegiem lat popularno\u015b\u0107 Modvigil wzros\u0142a ze wzgl\u0119du na jego skuteczno\u015b\u0107 w poprawie czujno\u015bci. Jednak zawsze zaleca si\u0119 skonsultowanie si\u0119 z lekarzem przed u\u017cyciem tego leku. <\/p>\n<div class=\"su-divider su-divider-style-default\" style=\"margin:10px 0;border-width:3px;border-color:#ffffff00\"><a href=\"#\" style=\"color:#ffffff009\">.<\/a><\/div>\n<h2>Jak dzia\u0142aj\u0105 te tabletki?<\/h2>\n<div class=\"su-divider su-divider-style-default\" style=\"margin:10px 0;border-width:3px;border-color:#ffffff00\"><a href=\"#\" style=\"color:#ffffff009\">.<\/a><\/div>\nPodobnie jak w przypadku wielu innych inteligentnych lek\u00f3w, mechanizm dzia\u0142ania Modvigilu jest do\u015b\u0107 niejasny. Wielu ekspert\u00f3w uwa\u017ca jednak, \u017ce jego aktywny sk\u0142adnik \u2013 modafinil \u2013 zwi\u0119ksza poziom dopaminy w m\u00f3zgu poprzez zmniejszenie jej wychwytu zwrotnego do nerw\u00f3w. Uwa\u017ca si\u0119, \u017ce dopamina jest powi\u0105zana z motywacj\u0105, cyklami snu i czuwania organizmu oraz ludzk\u0105 zdolno\u015bci\u0105 koncentracji. Tak wi\u0119c, w istocie, Modvigil promuje czuwanie i czujno\u015b\u0107 poprzez stymulacj\u0119 odpowiednich obszar\u00f3w w m\u00f3zgu.   <\/p>\n<div class=\"su-divider su-divider-style-default\" style=\"margin:10px 0;border-width:3px;border-color:#ffffff00\"><a href=\"#\" style=\"color:#ffffff009\">.<\/a><\/div>\n<h2>Bezpieczne dawkowanie i w\u0142a\u015bciwe stosowanie<\/h2>\n<div class=\"su-divider su-divider-style-default\" style=\"margin:10px 0;border-width:3px;border-color:#ffffff00\"><a href=\"#\" style=\"color:#ffffff009\">.<\/a><\/div>\nDawkowanie leku Modvigil zale\u017cy od stanu zdrowia u\u017cytkownika i jego reakcji na leczenie. Jednak og\u00f3lna zalecana dawka to 200 mg, kt\u00f3r\u0105 nale\u017cy przyjmowa\u0107 raz na dob\u0119. Je\u015bli pacjent cierpi na narkolepsj\u0119, lek nale\u017cy przyjmowa\u0107 rano. Jednak w przypadku leczenia zaburze\u0144 snu zwi\u0105zanych z prac\u0105 zmianow\u0105 lek nale\u017cy przyjmowa\u0107 na godzin\u0119 przed rozpocz\u0119ciem pracy. Nie nale\u017cy przyjmowa\u0107 kilku tabletek jednego dnia.    <\/p>\n<p>Lek Modvigil 200 mg nale\u017cy przyjmowa\u0107 doustnie, popijaj\u0105c szklank\u0105 wody. W zale\u017cno\u015bci od preferencji lek mo\u017cna przyjmowa\u0107 z jedzeniem lub bez jedzenia. <\/p>\n<p>Zdecydowanie zaleca si\u0119 skonsultowanie si\u0119 z lekarzem przed przyj\u0119ciem leku Modvigil w celu sprawdzenia stanu zdrowia i upewnienia si\u0119, \u017ce jest on bezpieczny dla pacjenta.<\/p>\n<div class=\"su-divider su-divider-style-default\" style=\"margin:10px 0;border-width:3px;border-color:#ffffff00\"><a href=\"#\" style=\"color:#ffffff009\">.<\/a><\/div>\n<h2>Mo\u017cliwe dzia\u0142ania niepo\u017c\u0105dane<\/h2>\n<div class=\"su-divider su-divider-style-default\" style=\"margin:10px 0;border-width:3px;border-color:#ffffff00\"><a href=\"#\" style=\"color:#ffffff009\">.<\/a><\/div>\nPodczas stosowania Modvigil 200mg (lub og\u00f3lnie nootrop\u00f3w) wa\u017cne jest, aby uwa\u017ca\u0107 na skutki uboczne. Modvigil mo\u017ce powodowa\u0107 typowe dzia\u0142ania niepo\u017c\u0105dane, takie jak: <\/p>\n<div class=\"su-divider su-divider-style-default\" style=\"margin:10px 0;border-width:3px;border-color:#ffffff00\"><a href=\"#\" style=\"color:#ffffff009\">.<\/a><\/div>\n<ul>\n<li>niepok\u00f3j;<\/li>\n<li>nerwowo\u015b\u0107;<\/li>\n<li>b\u00f3le g\u0142owy;<\/li>\n<li>md\u0142o\u015bci.<\/li>\n<\/ul>\n<div class=\"su-divider su-divider-style-default\" style=\"margin:10px 0;border-width:3px;border-color:#ffffff00\"><a href=\"#\" style=\"color:#ffffff009\">.<\/a><\/div>\nJednak te skutki uboczne s\u0105 ca\u0142kiem normalne i zwykle nie ma si\u0119 czym martwi\u0107. W rzadkich przypadkach mog\u0105 wyst\u0105pi\u0107 inne skutki uboczne, takie jak: <\/p>\n<div class=\"su-divider su-divider-style-default\" style=\"margin:10px 0;border-width:3px;border-color:#ffffff00\"><a href=\"#\" style=\"color:#ffffff009\">.<\/a><\/div>\n<ul>\n<li>sucho\u015b\u0107 w ustach;<\/li>\n<li>biegunka;<\/li>\n<li>zaparcia;<\/li>\n<li>wymioty;<\/li>\n<li>odbijanie itp.<\/li>\n<\/ul>\n<div class=\"su-divider su-divider-style-default\" style=\"margin:10px 0;border-width:3px;border-color:#ffffff00\"><a href=\"#\" style=\"color:#ffffff009\">.<\/a><\/div>\nW przypadku wyst\u0105pienia ci\u0119\u017ckich, d\u0142ugotrwa\u0142ych dzia\u0142a\u0144 niepo\u017c\u0105danych nale\u017cy niezw\u0142ocznie skontaktowa\u0107 si\u0119 z lekarzem. W niekt\u00f3rych przypadkach Modvigil 200mg mo\u017ce r\u00f3wnie\u017c powodowa\u0107 zawroty g\u0142owy. W zwi\u0105zku z tym osobom, kt\u00f3re go stosuj\u0105, odradza si\u0119 prowadzenie pojazd\u00f3w lub obs\u0142ugiwanie jakichkolwiek maszyn, dop\u00f3ki nie dowiedz\u0105 si\u0119, jak reaguj\u0105 na Modvigil.<\/p>\n[\/vc_column][vc_column width=\u201d1\/2\u2033]\n<div class=\"su-divider su-divider-style-default\" style=\"margin:10px 0;border-width:3px;border-color:#ffffff00\"><a href=\"#\" style=\"color:#ffffff009\">.<\/a><\/div>\n<h2>Przeciwwskazania i \u015brodki ostro\u017cno\u015bci<\/h2>\n<div class=\"su-divider su-divider-style-default\" style=\"margin:10px 0;border-width:3px;border-color:#ffffff00\"><a href=\"#\" style=\"color:#ffffff009\">.<\/a><\/div>\nPodczas stosowania nootrop\u00f3w lub jakichkolwiek innych lek\u00f3w wa\u017cne jest, aby unika\u0107 interakcji lekowych. Mog\u0105 one zmniejszy\u0107 skuteczno\u015b\u0107 leku lub zwi\u0119kszy\u0107 ryzyko wyst\u0105pienia skutk\u00f3w ubocznych. Modvigil 200mg wchodzi w interakcje z kilkoma lekami, kt\u00f3re obejmuj\u0105:  <\/p>\n<div class=\"su-divider su-divider-style-default\" style=\"margin:10px 0;border-width:3px;border-color:#ffffff00\"><a href=\"#\" style=\"color:#ffffff009\">.<\/a><\/div>\n<ul>\n<li>Erytromycyna lub ketokonazol. Przyjmowanie leku Modvigil z erytromycyn\u0105 lub ketokonazolem mo\u017ce zwi\u0119kszy\u0107 ryzyko wyst\u0105pienia dzia\u0142a\u0144 niepo\u017c\u0105danych; <\/li>\n<li>Ryfampina lub karbamazepina. Leki te mog\u0105 zmniejsza\u0107 skuteczno\u015b\u0107 leku Modvigil 200 mg w przypadku jednoczesnego stosowania; <\/li>\n<li>Klomipramina. Wed\u0142ug ekspert\u00f3w, leki takie jak klomipramina lub dezipramina mog\u0105 powodowa\u0107 nasilone dzia\u0142ania niepo\u017c\u0105dane w po\u0142\u0105czeniu z lekiem Modvigil; <\/li>\n<li>Produkty hormonalne. Skuteczno\u015b\u0107 produkt\u00f3w hormonalnych, takich jak tabletki antykoncepcyjne, mo\u017ce by\u0107 zmniejszona w przypadku przyjmowania ich w skojarzeniu z lekiem Modvigil. <\/li>\n<\/ul>\n<div class=\"su-divider su-divider-style-default\" style=\"margin:10px 0;border-width:3px;border-color:#ffffff00\"><a href=\"#\" style=\"color:#ffffff009\">.<\/a><\/div>\nOpr\u00f3cz wy\u017cej wymienionych lek\u00f3w, u\u017cytkownikom Modvigilu zaleca si\u0119 r\u00f3wnie\u017c trzymanie si\u0119 z dala od substancji takich jak alkohol podczas jego stosowania. Co wi\u0119cej, lek ten mo\u017ce wchodzi\u0107 w interakcje z niekt\u00f3rymi rodzajami \u017cywno\u015bci i czasem ich spo\u017cywania. <\/p>\n<p>Na przyk\u0142ad t\u0142uste potrawy, takie jak ser i pizza, znajduj\u0105ce si\u0119 w przewodzie pokarmowym mog\u0105 spowalnia\u0107 wch\u0142anianie leku. Mo\u017cna tego unikn\u0105\u0107, przyjmuj\u0105c Modvigil na godzin\u0119 przed spo\u017cyciem takich posi\u0142k\u00f3w lub dwie godziny po jedzeniu.<br \/>\n<div class=\"su-divider su-divider-style-default\" style=\"margin:10px 0;border-width:3px;border-color:#ffffff00\"><a href=\"#\" style=\"color:#ffffff009\">.<\/a><\/div>\n<h2>Do\u015bwiadczenie konsumenta<\/h2>\n<div class=\"su-divider su-divider-style-default\" style=\"margin:10px 0;border-width:3px;border-color:#ffffff00\"><a href=\"#\" style=\"color:#ffffff009\">.<\/a><\/div>\nOd momentu pojawienia si\u0119 na rynku, Modvigil 200mg podbi\u0142 serca wielu u\u017cytkownik\u00f3w dzi\u0119ki swojej skuteczno\u015bci i ogromnej liczbie korzy\u015bci, jakie oferuje. Oto niekt\u00f3re z korzy\u015bci, kt\u00f3re potwierdzaj\u0105 badania i konsumenci: <\/p>\n<div class=\"su-divider su-divider-style-default\" style=\"margin:10px 0;border-width:3px;border-color:#ffffff00\"><a href=\"#\" style=\"color:#ffffff009\">.<\/a><\/div>\n<ul>\n<li>zwi\u0119kszona czujno\u015b\u0107;<\/li>\n<li>wzmocnione funkcje poznawcze;<\/li>\n<li>zwi\u0119kszona produktywno\u015b\u0107.<\/li>\n<\/ul>\n<div class=\"su-divider su-divider-style-default\" style=\"margin:10px 0;border-width:3px;border-color:#ffffff00\"><a href=\"#\" style=\"color:#ffffff009\">.<\/a><\/div>\nCo wi\u0119cej, badania pokazuj\u0105 r\u00f3wnie\u017c, \u017ce osoby stosuj\u0105ce ten lek mog\u0105 cieszy\u0107 si\u0119 ponad dwunastogodzinnym skupieniem przypominaj\u0105cym laser.<\/p>\n<p>Podsumowuj\u0105c, nie jest ju\u017c nowo\u015bci\u0105, \u017ce Modvigil 200 mg oferuje zupe\u0142nie nowy poziom czujno\u015bci i produktywno\u015bci, je\u015bli jest w\u0142a\u015bciwie stosowany.<\/p>\n<div class=\"su-divider su-divider-style-default\" style=\"margin:10px 0;border-width:3px;border-color:#ffffff00\"><a href=\"#\" style=\"color:#ffffff009\">.<\/a><\/div>\n<h2>Kup online generyczny Modvigil 200 mg (Modafinil)<\/h2>\n<div class=\"su-divider su-divider-style-default\" style=\"margin:10px 0;border-width:3px;border-color:#ffffff00\"><a href=\"#\" style=\"color:#ffffff009\">.<\/a><\/div>\nZakup Modvigil 200mg z apteki internetowej mo\u017ce by\u0107 naprawd\u0119 trudny, zw\u0142aszcza je\u015bli nie mo\u017cesz r\u0119czy\u0107 za wiarygodno\u015b\u0107 lub autentyczno\u015b\u0107 apteki. Na szcz\u0119\u015bcie istnieje sprzedawca, kt\u00f3ry usunie wszelkie zastrze\u017cenia dotycz\u0105ce aptek internetowych. <\/p>\n<p>W <a href=\"https:\/\/buymodafinilonline.com\/pl\/\">BuyModafinilOnline<\/a> oferujemy oryginalne <a href=\"https:\/\/buymodafinilonline.com\/pl\/sklep\/\">leki generyczne<\/a> na sprzeda\u017c w \u015bmiesznie niskich cenach. Nie musisz ju\u017c rozbija\u0107 banku, aby kupi\u0107 sw\u00f3j ulubiony wzmacniacz funkcji m\u00f3zgu. <\/p>\n<p>Akceptowane przez nas metody p\u0142atno\u015bci s\u0105 elastyczne. Mo\u017cesz zap\u0142aci\u0107 kart\u0105 kredytow\u0105, PayPal lub nawet <a href=\"https:\/\/buymodafinilonline.com\/pl\/zaplac-bitcoinami-a-dostaniesz-33-rabatu\/\">Bitcoin<\/a> (-23% OFF). Wysy\u0142amy b\u0142yskawicznie do kilku kraj\u00f3w, w tym do USA.  <\/p>\n<p>Wystarczy skontaktowa\u0107 si\u0119 z nami i cieszy\u0107 si\u0119 oryginalnymi lekami (Artvigil, Modalert, Modafil MD itp.) z szybk\u0105 dostaw\u0105!<\/p>\n[\/vc_column]\n<div class=\"su-divider su-divider-style-default\" style=\"margin:10px 0;border-width:3px;border-color:#ffffff00\"><a href=\"#\" style=\"color:#ffffff009\">.<\/a><\/div>\n","protected":false},"excerpt":{"rendered":"<p>Modvigil to inteligentny lek, zaprojektowany specjalnie do leczenia pacjent\u00f3w, kt\u00f3rzy do\u015bwiadczaj\u0105 ekstremalnej senno\u015bci w ci\u0105gu dnia. Jest produkowany przez firm\u0119 farmaceutyczn\u0105 w Indiach znan\u0105 jako HAB Pharma i zawiera modafinil jako substancj\u0119 czynn\u0105. U\u017cytkownicy, kt\u00f3rzy chc\u0105 uzyska\u0107 ten lek, mog\u0105 teraz kupi\u0107 go w naszej aptece internetowej po niskich cenach bez \u017cadnych k\u0142opot\u00f3w!  <\/p>\n[sc name=\"s1\"]\n","protected":false},"featured_media":398011,"comment_status":"closed","ping_status":"closed","template":"","meta":{"_acf_changed":false},"product_brand":[],"product_cat":[3904,4045],"product_tag":[4051],"class_list":{"0":"post-399775","1":"product","2":"type-product","3":"status-publish","4":"has-post-thumbnail","6":"product_cat-hity-sprzedazy","7":"product_cat-marki-inteligentnych-lekow","8":"product_tag-modafinil-pl","10":"first","11":"instock","12":"sale","13":"featured","14":"shipping-taxable","15":"purchasable","16":"product-type-variable","17":"has-default-attributes"},"acf":[],"yoast_head":"<!-- This site is optimized with the Yoast SEO Premium plugin v23.6 (Yoast SEO v27.5) - https:\/\/yoast.com\/product\/yoast-seo-premium-wordpress\/ -->\n<title>Kup tabletki Modvigil 200 mg (Modafinil) z Indii - BuyModafinilOnline<\/title>\n<meta name=\"description\" content=\"Zam\u00f3w Modvigil online od producenta HAB Pharmaceuticals w niskiej cenie. Generyczny Modvigil 200 mg (modafinil) na sprzeda\u017c w aptece BuyModafinilOnline. P\u0142a\u0107 za pomoc\u0105 BTC, PayPal lub kart kredytowych i otrzymuj du\u017ce rabaty!\" \/>\n<meta name=\"robots\" content=\"index, follow, max-snippet:-1, max-image-preview:large, max-video-preview:-1\" \/>\n<link rel=\"canonical\" href=\"https:\/\/buymodafinilonline.com\/pl\/pigulki-madrosci\/modvigil-200-mg\/\" \/>\n<meta property=\"og:locale\" content=\"pl_PL\" \/>\n<meta property=\"og:type\" content=\"article\" \/>\n<meta property=\"og:title\" content=\"Modvigil 200 mg\" \/>\n<meta property=\"og:description\" content=\"Zam\u00f3w Modvigil online od producenta HAB Pharmaceuticals w niskiej cenie. Generyczny Modvigil 200 mg (modafinil) na sprzeda\u017c w aptece BuyModafinilOnline. P\u0142a\u0107 za pomoc\u0105 BTC, PayPal lub kart kredytowych i otrzymuj du\u017ce rabaty!\" \/>\n<meta property=\"og:url\" content=\"https:\/\/buymodafinilonline.com\/pl\/pigulki-madrosci\/modvigil-200-mg\/\" \/>\n<meta property=\"og:site_name\" content=\"BuyModafinilOnline.com\" \/>\n<meta property=\"article:modified_time\" content=\"2026-01-28T18:08:57+00:00\" \/>\n<meta property=\"og:image\" content=\"https:\/\/buymodafinilonline.com\/wp-content\/uploads\/2020\/04\/product-bmo-Modvigil-2.png\" \/>\n\t<meta property=\"og:image:width\" content=\"1280\" \/>\n\t<meta property=\"og:image:height\" content=\"1500\" \/>\n\t<meta property=\"og:image:type\" content=\"image\/png\" \/>\n<meta name=\"twitter:label1\" content=\"Szacowany czas czytania\" \/>\n\t<meta name=\"twitter:data1\" content=\"5 minut\" \/>\n<script type=\"application\/ld+json\" class=\"yoast-schema-graph\">{\"@context\":\"https:\\\/\\\/schema.org\",\"@graph\":[{\"@type\":\"WebPage\",\"@id\":\"https:\\\/\\\/buymodafinilonline.com\\\/pl\\\/pigulki-madrosci\\\/modvigil-200-mg\\\/\",\"url\":\"https:\\\/\\\/buymodafinilonline.com\\\/pl\\\/pigulki-madrosci\\\/modvigil-200-mg\\\/\",\"name\":\"Kup tabletki Modvigil 200 mg (Modafinil) z Indii - BuyModafinilOnline\",\"isPartOf\":{\"@id\":\"https:\\\/\\\/buymodafinilonline.com\\\/pl\\\/#website\"},\"primaryImageOfPage\":{\"@id\":\"https:\\\/\\\/buymodafinilonline.com\\\/pl\\\/pigulki-madrosci\\\/modvigil-200-mg\\\/#primaryimage\"},\"image\":{\"@id\":\"https:\\\/\\\/buymodafinilonline.com\\\/pl\\\/pigulki-madrosci\\\/modvigil-200-mg\\\/#primaryimage\"},\"thumbnailUrl\":\"https:\\\/\\\/buymodafinilonline.com\\\/wp-content\\\/uploads\\\/2020\\\/04\\\/product-bmo-Modvigil-2.png\",\"datePublished\":\"2020-03-23T18:42:04+00:00\",\"dateModified\":\"2026-01-28T18:08:57+00:00\",\"description\":\"Zam\u00f3w Modvigil online od producenta HAB Pharmaceuticals w niskiej cenie. Generyczny Modvigil 200 mg (modafinil) na sprzeda\u017c w aptece BuyModafinilOnline. P\u0142a\u0107 za pomoc\u0105 BTC, PayPal lub kart kredytowych i otrzymuj du\u017ce rabaty!\",\"breadcrumb\":{\"@id\":\"https:\\\/\\\/buymodafinilonline.com\\\/pl\\\/pigulki-madrosci\\\/modvigil-200-mg\\\/#breadcrumb\"},\"inLanguage\":\"pl-PL\",\"potentialAction\":[{\"@type\":\"ReadAction\",\"target\":[\"https:\\\/\\\/buymodafinilonline.com\\\/pl\\\/pigulki-madrosci\\\/modvigil-200-mg\\\/\"]}]},{\"@type\":\"ImageObject\",\"inLanguage\":\"pl-PL\",\"@id\":\"https:\\\/\\\/buymodafinilonline.com\\\/pl\\\/pigulki-madrosci\\\/modvigil-200-mg\\\/#primaryimage\",\"url\":\"https:\\\/\\\/buymodafinilonline.com\\\/wp-content\\\/uploads\\\/2020\\\/04\\\/product-bmo-Modvigil-2.png\",\"contentUrl\":\"https:\\\/\\\/buymodafinilonline.com\\\/wp-content\\\/uploads\\\/2020\\\/04\\\/product-bmo-Modvigil-2.png\",\"width\":1280,\"height\":1500,\"caption\":\"Modvigil 200 mg\"},{\"@type\":\"BreadcrumbList\",\"@id\":\"https:\\\/\\\/buymodafinilonline.com\\\/pl\\\/pigulki-madrosci\\\/modvigil-200-mg\\\/#breadcrumb\",\"itemListElement\":[{\"@type\":\"ListItem\",\"position\":1,\"name\":\"Buy Modafinil Online\",\"item\":\"https:\\\/\\\/buymodafinilonline.com\\\/pl\\\/\"},{\"@type\":\"ListItem\",\"position\":2,\"name\":\"Sklep\",\"item\":\"https:\\\/\\\/buymodafinilonline.com\\\/pl\\\/sklep\\\/\"},{\"@type\":\"ListItem\",\"position\":3,\"name\":\"Marki inteligentnych lek\u00f3w\",\"item\":\"https:\\\/\\\/buymodafinilonline.com\\\/pl\\\/kategoria-produktow\\\/marki-inteligentnych-lekow\\\/\"},{\"@type\":\"ListItem\",\"position\":4,\"name\":\"Modvigil 200 mg\"}]},{\"@type\":\"WebSite\",\"@id\":\"https:\\\/\\\/buymodafinilonline.com\\\/pl\\\/#website\",\"url\":\"https:\\\/\\\/buymodafinilonline.com\\\/pl\\\/\",\"name\":\"BuyModafinilOnline.com\",\"description\":\"Modafinil Online Pharmacy\",\"publisher\":{\"@id\":\"https:\\\/\\\/buymodafinilonline.com\\\/pl\\\/#organization\"},\"potentialAction\":[{\"@type\":\"SearchAction\",\"target\":{\"@type\":\"EntryPoint\",\"urlTemplate\":\"https:\\\/\\\/buymodafinilonline.com\\\/pl\\\/?s={search_term_string}\"},\"query-input\":{\"@type\":\"PropertyValueSpecification\",\"valueRequired\":true,\"valueName\":\"search_term_string\"}}],\"inLanguage\":\"pl-PL\"},{\"@type\":\"Organization\",\"@id\":\"https:\\\/\\\/buymodafinilonline.com\\\/pl\\\/#organization\",\"name\":\"BuyModafinilOnline\",\"url\":\"https:\\\/\\\/buymodafinilonline.com\\\/pl\\\/\",\"logo\":{\"@type\":\"ImageObject\",\"inLanguage\":\"pl-PL\",\"@id\":\"https:\\\/\\\/buymodafinilonline.com\\\/pl\\\/#\\\/schema\\\/logo\\\/image\\\/\",\"url\":\"https:\\\/\\\/buymodafinilonline.com\\\/wp-content\\\/uploads\\\/2020\\\/04\\\/logo-buy-modafinil-online-yellow.png\",\"contentUrl\":\"https:\\\/\\\/buymodafinilonline.com\\\/wp-content\\\/uploads\\\/2020\\\/04\\\/logo-buy-modafinil-online-yellow.png\",\"width\":200,\"height\":200,\"caption\":\"BuyModafinilOnline\"},\"image\":{\"@id\":\"https:\\\/\\\/buymodafinilonline.com\\\/pl\\\/#\\\/schema\\\/logo\\\/image\\\/\"}}]}<\/script>\n<!-- \/ Yoast SEO Premium plugin. -->","yoast_head_json":{"title":"Kup tabletki Modvigil 200 mg (Modafinil) z Indii - BuyModafinilOnline","description":"Zam\u00f3w Modvigil online od producenta HAB Pharmaceuticals w niskiej cenie. Generyczny Modvigil 200 mg (modafinil) na sprzeda\u017c w aptece BuyModafinilOnline. P\u0142a\u0107 za pomoc\u0105 BTC, PayPal lub kart kredytowych i otrzymuj du\u017ce rabaty!","robots":{"index":"index","follow":"follow","max-snippet":"max-snippet:-1","max-image-preview":"max-image-preview:large","max-video-preview":"max-video-preview:-1"},"canonical":"https:\/\/buymodafinilonline.com\/pl\/pigulki-madrosci\/modvigil-200-mg\/","og_locale":"pl_PL","og_type":"article","og_title":"Modvigil 200 mg","og_description":"Zam\u00f3w Modvigil online od producenta HAB Pharmaceuticals w niskiej cenie. Generyczny Modvigil 200 mg (modafinil) na sprzeda\u017c w aptece BuyModafinilOnline. P\u0142a\u0107 za pomoc\u0105 BTC, PayPal lub kart kredytowych i otrzymuj du\u017ce rabaty!","og_url":"https:\/\/buymodafinilonline.com\/pl\/pigulki-madrosci\/modvigil-200-mg\/","og_site_name":"BuyModafinilOnline.com","article_modified_time":"2026-01-28T18:08:57+00:00","og_image":[{"width":1280,"height":1500,"url":"https:\/\/buymodafinilonline.com\/wp-content\/uploads\/2020\/04\/product-bmo-Modvigil-2.png","type":"image\/png"}],"twitter_misc":{"Szacowany czas czytania":"5 minut"},"schema":{"@context":"https:\/\/schema.org","@graph":[{"@type":"WebPage","@id":"https:\/\/buymodafinilonline.com\/pl\/pigulki-madrosci\/modvigil-200-mg\/","url":"https:\/\/buymodafinilonline.com\/pl\/pigulki-madrosci\/modvigil-200-mg\/","name":"Kup tabletki Modvigil 200 mg (Modafinil) z Indii - BuyModafinilOnline","isPartOf":{"@id":"https:\/\/buymodafinilonline.com\/pl\/#website"},"primaryImageOfPage":{"@id":"https:\/\/buymodafinilonline.com\/pl\/pigulki-madrosci\/modvigil-200-mg\/#primaryimage"},"image":{"@id":"https:\/\/buymodafinilonline.com\/pl\/pigulki-madrosci\/modvigil-200-mg\/#primaryimage"},"thumbnailUrl":"https:\/\/buymodafinilonline.com\/wp-content\/uploads\/2020\/04\/product-bmo-Modvigil-2.png","datePublished":"2020-03-23T18:42:04+00:00","dateModified":"2026-01-28T18:08:57+00:00","description":"Zam\u00f3w Modvigil online od producenta HAB Pharmaceuticals w niskiej cenie. Generyczny Modvigil 200 mg (modafinil) na sprzeda\u017c w aptece BuyModafinilOnline. P\u0142a\u0107 za pomoc\u0105 BTC, PayPal lub kart kredytowych i otrzymuj du\u017ce rabaty!","breadcrumb":{"@id":"https:\/\/buymodafinilonline.com\/pl\/pigulki-madrosci\/modvigil-200-mg\/#breadcrumb"},"inLanguage":"pl-PL","potentialAction":[{"@type":"ReadAction","target":["https:\/\/buymodafinilonline.com\/pl\/pigulki-madrosci\/modvigil-200-mg\/"]}]},{"@type":"ImageObject","inLanguage":"pl-PL","@id":"https:\/\/buymodafinilonline.com\/pl\/pigulki-madrosci\/modvigil-200-mg\/#primaryimage","url":"https:\/\/buymodafinilonline.com\/wp-content\/uploads\/2020\/04\/product-bmo-Modvigil-2.png","contentUrl":"https:\/\/buymodafinilonline.com\/wp-content\/uploads\/2020\/04\/product-bmo-Modvigil-2.png","width":1280,"height":1500,"caption":"Modvigil 200 mg"},{"@type":"BreadcrumbList","@id":"https:\/\/buymodafinilonline.com\/pl\/pigulki-madrosci\/modvigil-200-mg\/#breadcrumb","itemListElement":[{"@type":"ListItem","position":1,"name":"Buy Modafinil Online","item":"https:\/\/buymodafinilonline.com\/pl\/"},{"@type":"ListItem","position":2,"name":"Sklep","item":"https:\/\/buymodafinilonline.com\/pl\/sklep\/"},{"@type":"ListItem","position":3,"name":"Marki inteligentnych lek\u00f3w","item":"https:\/\/buymodafinilonline.com\/pl\/kategoria-produktow\/marki-inteligentnych-lekow\/"},{"@type":"ListItem","position":4,"name":"Modvigil 200 mg"}]},{"@type":"WebSite","@id":"https:\/\/buymodafinilonline.com\/pl\/#website","url":"https:\/\/buymodafinilonline.com\/pl\/","name":"BuyModafinilOnline.com","description":"Modafinil Online Pharmacy","publisher":{"@id":"https:\/\/buymodafinilonline.com\/pl\/#organization"},"potentialAction":[{"@type":"SearchAction","target":{"@type":"EntryPoint","urlTemplate":"https:\/\/buymodafinilonline.com\/pl\/?s={search_term_string}"},"query-input":{"@type":"PropertyValueSpecification","valueRequired":true,"valueName":"search_term_string"}}],"inLanguage":"pl-PL"},{"@type":"Organization","@id":"https:\/\/buymodafinilonline.com\/pl\/#organization","name":"BuyModafinilOnline","url":"https:\/\/buymodafinilonline.com\/pl\/","logo":{"@type":"ImageObject","inLanguage":"pl-PL","@id":"https:\/\/buymodafinilonline.com\/pl\/#\/schema\/logo\/image\/","url":"https:\/\/buymodafinilonline.com\/wp-content\/uploads\/2020\/04\/logo-buy-modafinil-online-yellow.png","contentUrl":"https:\/\/buymodafinilonline.com\/wp-content\/uploads\/2020\/04\/logo-buy-modafinil-online-yellow.png","width":200,"height":200,"caption":"BuyModafinilOnline"},"image":{"@id":"https:\/\/buymodafinilonline.com\/pl\/#\/schema\/logo\/image\/"}}]}},"_links":{"self":[{"href":"https:\/\/buymodafinilonline.com\/pl\/wp-json\/wp\/v2\/product\/399775","targetHints":{"allow":["GET"]}}],"collection":[{"href":"https:\/\/buymodafinilonline.com\/pl\/wp-json\/wp\/v2\/product"}],"about":[{"href":"https:\/\/buymodafinilonline.com\/pl\/wp-json\/wp\/v2\/types\/product"}],"replies":[{"embeddable":true,"href":"https:\/\/buymodafinilonline.com\/pl\/wp-json\/wp\/v2\/comments?post=399775"}],"wp:featuredmedia":[{"embeddable":true,"href":"https:\/\/buymodafinilonline.com\/pl\/wp-json\/wp\/v2\/media\/398011"}],"wp:attachment":[{"href":"https:\/\/buymodafinilonline.com\/pl\/wp-json\/wp\/v2\/media?parent=399775"}],"wp:term":[{"taxonomy":"product_brand","embeddable":true,"href":"https:\/\/buymodafinilonline.com\/pl\/wp-json\/wp\/v2\/product_brand?post=399775"},{"taxonomy":"product_cat","embeddable":true,"href":"https:\/\/buymodafinilonline.com\/pl\/wp-json\/wp\/v2\/product_cat?post=399775"},{"taxonomy":"product_tag","embeddable":true,"href":"https:\/\/buymodafinilonline.com\/pl\/wp-json\/wp\/v2\/product_tag?post=399775"}],"curies":[{"name":"wp","href":"https:\/\/api.w.org\/{rel}","templated":true}]}}