{"id":399848,"date":"2020-03-23T23:19:27","date_gmt":"2020-03-23T22:19:27","guid":{"rendered":"https:\/\/buymodafinilonline.com\/smart-drugs\/darmowe-probki-modalert-200-mg-modafinil\/"},"modified":"2026-01-28T20:02:50","modified_gmt":"2026-01-28T19:02:50","slug":"darmowe-probki-modalert-200-mg-modafinil","status":"publish","type":"product","link":"https:\/\/buymodafinilonline.com\/pl\/pigulki-madrosci\/darmowe-probki-modalert-200-mg-modafinil\/","title":{"rendered":"Bezp\u0142atne pr\u00f3bki Modalert 200 mg Modafinil"},"content":{"rendered":"[vc_column width=\u201d1\/2\u2033]\n<div class=\"su-divider su-divider-style-default\" style=\"margin:10px 0;border-width:3px;border-color:#ffffff00\"><a href=\"#\" style=\"color:#ffffff009\">.<\/a><\/div>\n<h2>Korzy\u015bci z zamawiania pr\u00f3bek pr\u00f3bnych Modalert 200mg Modafinil<\/h2>\n<div class=\"su-divider su-divider-style-default\" style=\"margin:10px 0;border-width:3px;border-color:#ffffff00\"><a href=\"#\" style=\"color:#ffffff009\">.<\/a><\/div>\nModalert jest przepisywany w leczeniu r\u00f3\u017cnych schorze\u0144 zwi\u0105zanych ze snem, w tym narkolepsji, obturacyjnego bezdechu sennego, nadmiernej senno\u015bci w ci\u0105gu dnia, idiopatycznej hipersomnii, zaburze\u0144 snu zwi\u0105zanych z prac\u0105 zmianow\u0105 i innych schorze\u0144.<\/p>\n<p>Specjali\u015bci medyczni mog\u0105 r\u00f3wnie\u017c przepisa\u0107 ten lek osobom cierpi\u0105cym na ADD\/ADHD ze wzgl\u0119du na jego zdolno\u015b\u0107 do poprawy koncentracji, skupienia i przywr\u00f3cenia czuwania.<\/p>\n<p>Istnieje jeszcze jedno zastosowanie modafinilu \u2013 poza wskazaniami. Jest on stosowany w celu poprawy produktywno\u015bci w pracy lub szkole. Jest to r\u00f3wnie\u017c wysoce skuteczny \u015brodek przydatny w d\u0142ugich, d\u0142ugotrwa\u0142ych okresach pracy (dlatego wojskowi i astronauci u\u017cywaj\u0105 go podczas d\u0142ugich misji) lub podczas wykonywania powtarzalnych zada\u0144.  <\/p>\n<p>Czy Modalert mo\u017ce by\u0107 skuteczny?<\/p>\n<p>Najlepiej jest najpierw skorzysta\u0107 z opakowania pr\u00f3bnego, aby przetestowa\u0107 ten lek. Dlatego bezp\u0142atne pr\u00f3bki pr\u00f3bne s\u0105 na li\u015bcie, zanim zdecydujesz si\u0119 zap\u0142aci\u0107 wi\u0119cej za du\u017c\u0105 ilo\u015b\u0107 tabletek Modalert 200 mg. <\/p>\n<div class=\"su-divider su-divider-style-default\" style=\"margin:10px 0;border-width:3px;border-color:#ffffff00\"><a href=\"#\" style=\"color:#ffffff009\">.<\/a><\/div>\n<h2>Jak dzia\u0142aj\u0105 te tabletki?<\/h2>\n<div class=\"su-divider su-divider-style-default\" style=\"margin:10px 0;border-width:3px;border-color:#ffffff00\"><a href=\"#\" style=\"color:#ffffff009\">.<\/a><\/div>\nModalert dzia\u0142a podobnie jak markowy lek Provigil zawieraj\u0105cy modafinil jako substancj\u0119 czynn\u0105. Jego dzia\u0142anie polega na stymulowaniu uwalniania pewnych substancji chemicznych w m\u00f3zgu, kt\u00f3re pobudzaj\u0105 czuwanie. <\/p>\n<p>Chocia\u017c jego dok\u0142adny mechanizm dzia\u0142ania nie jest w pe\u0142ni poznany, wiadomo, \u017ce dzia\u0142a poprzez zwi\u0119kszenie ilo\u015bci dopaminy (neuroprzeka\u017anika chemicznego, kt\u00f3rego nerwy m\u00f3zgowe u\u017cywaj\u0105 do komunikowania si\u0119 ze sob\u0105) w organizmie.<\/p>\n<p>Hamuj\u0105c neurony dopaminergiczne, Modalert zwi\u0119ksza poziom hipokretyny i dopaminy, promuj\u0105c w ten spos\u00f3b uczucie czujno\u015bci, czuwanie w m\u00f3zgu, popraw\u0119 my\u015blenia, popraw\u0119 nastroju, ostro\u015b\u0107 umys\u0142u i przetwarzanie, percepcj\u0119, skupienie, motywacj\u0119 i poziom energii.<\/p>\n<div class=\"su-divider su-divider-style-default\" style=\"margin:10px 0;border-width:3px;border-color:#ffffff00\"><a href=\"#\" style=\"color:#ffffff009\">.<\/a><\/div>\n<h2>Bezpieczne dawkowanie i w\u0142a\u015bciwe stosowanie<\/h2>\n<div class=\"su-divider su-divider-style-default\" style=\"margin:10px 0;border-width:3px;border-color:#ffffff00\"><a href=\"#\" style=\"color:#ffffff009\">.<\/a><\/div>\nZalecenia lekarza specjalisty s\u0105 niezb\u0119dnym warunkiem bezpiecznego przyjmowania leku. Lekarz specjalista mo\u017ce zaleci\u0107, jak przyjmowa\u0107 Modalert 200mg, aby uzyska\u0107 najlepsze wyniki i mniej negatywnych skutk\u00f3w. <\/p>\n<p>Zaleca si\u0119, aby najpierw stosowa\u0107 leki z modafinilem w ni\u017cszej dawce, a w razie potrzeby mo\u017cna j\u0105 zwi\u0119kszy\u0107 (maks. 400 mg), a\u017c do uzyskania odpowiedniej mocy dawki o wysokiej skuteczno\u015bci i tolerancji daj\u0105cej po\u017c\u0105dane rezultaty.<\/p>\n<p>Optymalna dzienna porcja to 100-200 mg modafinilu.<\/p>\n<p>W zwi\u0105zku z tym czas przyjmowania leku zale\u017cy od rodzaju schorzenia, kt\u00f3re ma by\u0107 leczone. Modalert po\u0142yka si\u0119, popijaj\u0105c pe\u0142n\u0105 szklank\u0105 wody, z jedzeniem lub na pusty \u017co\u0142\u0105dek. Co najwa\u017cniejsze, jego dzia\u0142anie trwa 6-12 godzin, cho\u0107 mo\u017ce si\u0119 r\u00f3\u017cni\u0107 w zale\u017cno\u015bci od stanu zdrowia u\u017cytkownika.  <\/p>\n<div class=\"su-divider su-divider-style-default\" style=\"margin:10px 0;border-width:3px;border-color:#ffffff00\"><a href=\"#\" style=\"color:#ffffff009\">.<\/a><\/div>\n<h2>Mo\u017cliwe dzia\u0142ania niepo\u017c\u0105dane<\/h2>\n<div class=\"su-divider su-divider-style-default\" style=\"margin:10px 0;border-width:3px;border-color:#ffffff00\"><a href=\"#\" style=\"color:#ffffff009\">.<\/a><\/div>\nModalert jest bezpieczny dla os\u00f3b o zdrowym organizmie. Jednak u niekt\u00f3rych os\u00f3b mog\u0105 wyst\u0105pi\u0107 niewielkie skutki uboczne, kt\u00f3re mog\u0105 wyst\u0105pi\u0107 i zanika\u0107 wraz z ci\u0105g\u0142ym stosowaniem leku. <\/p>\n<p>Cz\u0119ste negatywne skutki stosowania leku Modalert 200 mg obejmuj\u0105 b\u00f3le g\u0142owy, uczucie zdenerwowania, b\u00f3l w klatce piersiowej, trudno\u015bci w zasypianiu, wahania nastroju.<\/p>\n<p>Te powa\u017cniejsze dzia\u0142ania niepo\u017c\u0105dane wyst\u0119puj\u0105 rzadko, ale mog\u0105 wyst\u0105pi\u0107 u niekt\u00f3rych os\u00f3b: nieregularne bicie serca, sw\u0119dzenie sk\u00f3ry, wymioty, pokrzywka, wysypka sk\u00f3rna.<\/p>\n<p>Ta lista nie jest kompletna. Niekt\u00f3re negatywne skutki mog\u0105 by\u0107 powa\u017cne i szkodliwe dla zdrowia niekt\u00f3rych os\u00f3b. Zawsze, gdy zauwa\u017cysz jakie\u015b dziwne oznaki, niezw\u0142ocznie zasi\u0119gnij pomocy medycznej. Konieczna jest rozmowa z lekarzem.<\/p>\n[\/vc_column][vc_column width=\u201d1\/2\u2033]\n<div class=\"su-divider su-divider-style-default\" style=\"margin:10px 0;border-width:3px;border-color:#ffffff00\"><a href=\"#\" style=\"color:#ffffff009\">.<\/a><\/div>\n<h2>Przeciwwskazania i \u015brodki ostro\u017cno\u015bci<\/h2>\n<div class=\"su-divider su-divider-style-default\" style=\"margin:10px 0;border-width:3px;border-color:#ffffff00\"><a href=\"#\" style=\"color:#ffffff009\">.<\/a><\/div>\nLek ten jest przeciwwskazany do stosowania w przypadku niekt\u00f3rych problem\u00f3w zdrowotnych, takich jak choroby w\u0105troby\/serca, nadci\u015bnienie, psychoza, mania i depresja. Nie jest to wyczerpuj\u0105ca lista niekt\u00f3rych schorze\u0144 <\/p>\n<p>Niekt\u00f3re interakcje z lekami mog\u0105 by\u0107 powa\u017cne i konieczne s\u0105 dodatkowe \u015brodki ostro\u017cno\u015bci. Modalert 200 mg wchodzi w interakcje z niekt\u00f3rymi lekami, takimi jak:<\/p>\n<div class=\"su-divider su-divider-style-default\" style=\"margin:10px 0;border-width:3px;border-color:#ffffff00\"><a href=\"#\" style=\"color:#ffffff009\">.<\/a><\/div>\n<ul>\n<li>cyklosporyna;<\/li>\n<li>teofilina (Theo-24);<\/li>\n<li>imipramina;<\/li>\n<li>desipramina;<\/li>\n<li>fenytoina;<\/li>\n<li>ryfampina.<\/li>\n<\/ul>\n<div class=\"su-divider su-divider-style-default\" style=\"margin:10px 0;border-width:3px;border-color:#ffffff00\"><a href=\"#\" style=\"color:#ffffff009\">.<\/a><\/div>\nTa lista nie jest kompletna. Lekarz specjalista powinien oceni\u0107 wszystkie stosowane leki, a tak\u017ce przeprowadzi\u0107 dog\u0142\u0119bn\u0105 analiz\u0119 stanu zdrowia, aby zidentyfikowa\u0107 choroby, na kt\u00f3re cierpisz.<\/p>\n<p>Lek ten dzia\u0142a dobrze z jedzeniem, chocia\u017c przyjmowanie t\u0142ustych posi\u0142k\u00f3w mo\u017ce op\u00f3\u017ani\u0107 pocz\u0105tek jego dzia\u0142ania.<\/p>\n<p>Podczas stosowania leku Modalert 200 mg nie nale\u017cy r\u00f3wnie\u017c pi\u0107 alkoholu.<\/p>\n<p>Wskaz\u00f3wka: Nie nale\u017cy nagle odstawia\u0107 leku \u2013 mog\u0105 wyst\u0105pi\u0107 objawy odstawienia, a tak\u017ce nie zaleca si\u0119 przyjmowania leku Modalert w przypadku uczulenia na niego.<\/p>\n<div class=\"su-divider su-divider-style-default\" style=\"margin:10px 0;border-width:3px;border-color:#ffffff00\"><a href=\"#\" style=\"color:#ffffff009\">.<\/a><\/div>\n<h2>Do\u015bwiadczenie konsumenta<\/h2>\n<div class=\"su-divider su-divider-style-default\" style=\"margin:10px 0;border-width:3px;border-color:#ffffff00\"><a href=\"#\" style=\"color:#ffffff009\">.<\/a><\/div>\nModalert to skuteczny lek, kt\u00f3ry promuje czuwanie i efekty poznawcze. Ludzie u\u017cywaj\u0105 tego leku, aby wykona\u0107 bardziej z\u0142o\u017con\u0105 prac\u0119, poniewa\u017c jest to silny lek, kt\u00f3ry wzmacnia funkcje poznawcze oraz zwi\u0119ksza koncentracj\u0119 i ostro\u015b\u0107 umys\u0142u. <\/p>\n<p>Zdrowe osoby zazwyczaj nie do\u015bwiadczaj\u0105 powa\u017cnych problem\u00f3w zdrowotnych podczas stosowania modafinilu, jest to bezpieczny lek i nie stanowi dodatku. Przeprowadzenie niewielkich bada\u0144 na temat tego leku w Internecie zaskakuje, poniewa\u017c jest on oceniany pozytywnie ze wzgl\u0119du na imponuj\u0105ce korzy\u015bci dla kilku os\u00f3b z r\u00f3\u017cnych \u015brodowisk. <\/p>\n<p>Ze wzgl\u0119du na r\u00f3\u017cne korzy\u015bci, jakie oferuje, konieczne jest skonsultowanie si\u0119 z lekarzem przed przyj\u0119ciem tego typu leku.<\/p>\n<div class=\"su-divider su-divider-style-default\" style=\"margin:10px 0;border-width:3px;border-color:#ffffff00\"><a href=\"#\" style=\"color:#ffffff009\">.<\/a><\/div>\n<h2>Jak uzyska\u0107 Modafinil za darmo (Trial Modalert 200 mg) online?<\/h2>\n<div class=\"su-divider su-divider-style-default\" style=\"margin:10px 0;border-width:3px;border-color:#ffffff00\"><a href=\"#\" style=\"color:#ffffff009\">.<\/a><\/div>\nChocia\u017c oferujemy wysokiej jako\u015bci leki pochodz\u0105ce od zatwierdzonych producent\u00f3w, uwa\u017camy za uzasadnione, aby najpierw przedstawi\u0107 naszym nabywcom bezp\u0142atne pr\u00f3bki pr\u00f3bne, zanim zdecyduj\u0105 si\u0119 wykorzysta\u0107 swoje pieni\u0105dze na zam\u00f3wienie wi\u0119kszej ilo\u015bci tabletek.<\/p>\n<p>W <a href=\"https:\/\/buymodafinilonline.com\/pl\/\">BuyModafinilOnline<\/a> oferujemy <a href=\"https:\/\/buymodafinilonline.com\/free-trial\/\">bezp\u0142atne pr\u00f3bki lek\u00f3w generycznych modafinil<\/a>. Wystarczy ui\u015bci\u0107 op\u0142at\u0119 za wysy\u0142k\u0119 i otrzyma\u0107 tabletki w odpowiednim czasie. <\/p>\n<p>Zakupy innych produkt\u00f3w (takich jak <a href=\"https:\/\/buymodafinilonline.com\/pl\/pigulki-madrosci\/waklert-150-mg-tabletki\/\">Waklert<\/a>, <a href=\"https:\/\/buymodafinilonline.com\/pl\/pigulki-madrosci\/modvigil-200-mg\/\">Modvigil<\/a>, <a href=\"https:\/\/buymodafinilonline.com\/pl\/pigulki-madrosci\/modafil-md-200-mg-podjezykowe\/\">Modafil MD<\/a> itp.) w naszym sklepie daj\u0105 wiele korzy\u015bci, w tym:<\/p>\n<div class=\"su-divider su-divider-style-default\" style=\"margin:10px 0;border-width:3px;border-color:#ffffff00\"><a href=\"#\" style=\"color:#ffffff009\">.<\/a><\/div>\n<ul>\n<li>23% zni\u017cki na <a href=\"https:\/\/buymodafinilonline.com\/pl\/zaplac-bitcoinami-a-dostaniesz-33-rabatu\/\">p\u0142atno\u015b\u0107 bitcoinami<\/a>. Mamy te\u017c inne opcje p\u0142atno\u015bci; <\/li>\n<li><a href=\"https:\/\/buymodafinilonline.com\/pl\/najlepszy-dostawca-w-polsce\/\">Bardzo szybka wysy\u0142ka<\/a> do wi\u0119kszo\u015bci cz\u0119\u015bci \u015bwiata;<\/li>\n<li>bezp\u0142atna wysy\u0142ka przy zam\u00f3wieniach o warto\u015bci co najmniej 80 USD;<\/li>\n<li>dodatkowe kupony, oferty i rabaty, kt\u00f3re pomog\u0105 obni\u017cy\u0107 ca\u0142kowity koszt produktu;<\/li>\n<li>mi\u0142y kupon tylko za pozostawienie recenzji lub zostanie powracaj\u0105cym kupuj\u0105cym.<\/li>\n<\/ul>\n<div class=\"su-divider su-divider-style-default\" style=\"margin:10px 0;border-width:3px;border-color:#ffffff00\"><a href=\"#\" style=\"color:#ffffff009\">.<\/a><\/div>\nRobimy to, co obiecujemy, i oferujemy wysokiej jako\u015bci leki pochodz\u0105ce od zatwierdzonych producent\u00f3w i wyceniamy je po kosztach produkcji. \u017badnych podwy\u017cek cen! <\/p>\n<p>\u00a0<\/p>\n[\/vc_column]\n<div class=\"su-divider su-divider-style-default\" style=\"margin:10px 0;border-width:3px;border-color:#ffffff00\"><a href=\"#\" style=\"color:#ffffff009\">.<\/a><\/div>\n","protected":false},"excerpt":{"rendered":"<p>Nasza apteka internetowa oferuje 10 darmowych pr\u00f3bek Modafinilu. Darmowe pr\u00f3bki modafinilu s\u0105 oznak\u0105 zaufania, niezawodno\u015bci i jako\u015bci naszego bestsellera &#8211; Modalert 200 mg. <\/p>\n<p>Mimo \u017ce jest ona darmowa, za standardow\u0105 wysy\u0142k\u0119 do USA, Wielkiej Brytanii i niekt\u00f3rych innych kraj\u00f3w trzeba zap\u0142aci\u0107 TYLKO 39 USD.<\/p>\n[sc name=\"s1\"]\n[sc name=\"free-samples-notice-product\"]\n[sc name=\"s1\"]\n","protected":false},"featured_media":398170,"comment_status":"closed","ping_status":"closed","template":"","meta":{"_acf_changed":false},"product_brand":[],"product_cat":[4243,4045,8920],"product_tag":[4051],"class_list":{"0":"post-399848","1":"product","2":"type-product","3":"status-publish","4":"has-post-thumbnail","6":"product_cat-darmowe-probki","7":"product_cat-marki-inteligentnych-lekow","8":"product_cat-us-domestic-shipping-pl","9":"product_tag-modafinil-pl","11":"first","12":"instock","13":"sale","14":"shipping-taxable","15":"purchasable","16":"product-type-simple"},"acf":[],"yoast_head":"<!-- This site is optimized with the Yoast SEO Premium plugin v23.6 (Yoast SEO v27.5) - https:\/\/yoast.com\/product\/yoast-seo-premium-wordpress\/ -->\n<title>Darmowe pr\u00f3bki Modafinilu (pakiet pr\u00f3bny Modalert 200mg) - BuyModafinilOnline<\/title>\n<meta name=\"description\" content=\"Pospiesz si\u0119, aby otrzyma\u0107 10 pr\u00f3bek modafinilu ca\u0142kowicie za darmo na BuyModafinilOnline. To pr\u00f3bne opakowanie Modalert 200mg jest dost\u0119pne przy ka\u017cdym zam\u00f3wieniu! 100% gwarancja dostawy i doskona\u0142a obs\u0142uga.\" \/>\n<meta name=\"robots\" content=\"index, follow, max-snippet:-1, max-image-preview:large, max-video-preview:-1\" \/>\n<link rel=\"canonical\" href=\"https:\/\/buymodafinilonline.com\/pl\/pigulki-madrosci\/darmowe-probki-modalert-200-mg-modafinil\/\" \/>\n<meta property=\"og:locale\" content=\"pl_PL\" \/>\n<meta property=\"og:type\" content=\"article\" \/>\n<meta property=\"og:title\" content=\"Bezp\u0142atne pr\u00f3bki Modalert 200 mg Modafinil\" \/>\n<meta property=\"og:description\" content=\"Pospiesz si\u0119, aby otrzyma\u0107 10 pr\u00f3bek modafinilu ca\u0142kowicie za darmo na BuyModafinilOnline. To pr\u00f3bne opakowanie Modalert 200mg jest dost\u0119pne przy ka\u017cdym zam\u00f3wieniu! 100% gwarancja dostawy i doskona\u0142a obs\u0142uga.\" \/>\n<meta property=\"og:url\" content=\"https:\/\/buymodafinilonline.com\/pl\/pigulki-madrosci\/darmowe-probki-modalert-200-mg-modafinil\/\" \/>\n<meta property=\"og:site_name\" content=\"BuyModafinilOnline.com\" \/>\n<meta property=\"article:modified_time\" content=\"2026-01-28T19:02:50+00:00\" \/>\n<meta property=\"og:image\" content=\"https:\/\/buymodafinilonline.com\/wp-content\/uploads\/2020\/04\/bmo-product-modalert-free-samples-.png\" \/>\n\t<meta property=\"og:image:width\" content=\"1280\" \/>\n\t<meta property=\"og:image:height\" content=\"1500\" \/>\n\t<meta property=\"og:image:type\" content=\"image\/png\" \/>\n<meta name=\"twitter:label1\" content=\"Szacowany czas czytania\" \/>\n\t<meta name=\"twitter:data1\" content=\"6 minut\" \/>\n<script type=\"application\/ld+json\" class=\"yoast-schema-graph\">{\"@context\":\"https:\\\/\\\/schema.org\",\"@graph\":[{\"@type\":\"WebPage\",\"@id\":\"https:\\\/\\\/buymodafinilonline.com\\\/pl\\\/pigulki-madrosci\\\/darmowe-probki-modalert-200-mg-modafinil\\\/\",\"url\":\"https:\\\/\\\/buymodafinilonline.com\\\/pl\\\/pigulki-madrosci\\\/darmowe-probki-modalert-200-mg-modafinil\\\/\",\"name\":\"Darmowe pr\u00f3bki Modafinilu (pakiet pr\u00f3bny Modalert 200mg) - BuyModafinilOnline\",\"isPartOf\":{\"@id\":\"https:\\\/\\\/buymodafinilonline.com\\\/pl\\\/#website\"},\"primaryImageOfPage\":{\"@id\":\"https:\\\/\\\/buymodafinilonline.com\\\/pl\\\/pigulki-madrosci\\\/darmowe-probki-modalert-200-mg-modafinil\\\/#primaryimage\"},\"image\":{\"@id\":\"https:\\\/\\\/buymodafinilonline.com\\\/pl\\\/pigulki-madrosci\\\/darmowe-probki-modalert-200-mg-modafinil\\\/#primaryimage\"},\"thumbnailUrl\":\"https:\\\/\\\/buymodafinilonline.com\\\/wp-content\\\/uploads\\\/2020\\\/04\\\/bmo-product-modalert-free-samples-.png\",\"datePublished\":\"2020-03-23T22:19:27+00:00\",\"dateModified\":\"2026-01-28T19:02:50+00:00\",\"description\":\"Pospiesz si\u0119, aby otrzyma\u0107 10 pr\u00f3bek modafinilu ca\u0142kowicie za darmo na BuyModafinilOnline. To pr\u00f3bne opakowanie Modalert 200mg jest dost\u0119pne przy ka\u017cdym zam\u00f3wieniu! 100% gwarancja dostawy i doskona\u0142a obs\u0142uga.\",\"breadcrumb\":{\"@id\":\"https:\\\/\\\/buymodafinilonline.com\\\/pl\\\/pigulki-madrosci\\\/darmowe-probki-modalert-200-mg-modafinil\\\/#breadcrumb\"},\"inLanguage\":\"pl-PL\",\"potentialAction\":[{\"@type\":\"ReadAction\",\"target\":[\"https:\\\/\\\/buymodafinilonline.com\\\/pl\\\/pigulki-madrosci\\\/darmowe-probki-modalert-200-mg-modafinil\\\/\"]}]},{\"@type\":\"ImageObject\",\"inLanguage\":\"pl-PL\",\"@id\":\"https:\\\/\\\/buymodafinilonline.com\\\/pl\\\/pigulki-madrosci\\\/darmowe-probki-modalert-200-mg-modafinil\\\/#primaryimage\",\"url\":\"https:\\\/\\\/buymodafinilonline.com\\\/wp-content\\\/uploads\\\/2020\\\/04\\\/bmo-product-modalert-free-samples-.png\",\"contentUrl\":\"https:\\\/\\\/buymodafinilonline.com\\\/wp-content\\\/uploads\\\/2020\\\/04\\\/bmo-product-modalert-free-samples-.png\",\"width\":1280,\"height\":1500,\"caption\":\"Darmowe pr\u00f3bki Modalert 200 mg Modafinil\"},{\"@type\":\"BreadcrumbList\",\"@id\":\"https:\\\/\\\/buymodafinilonline.com\\\/pl\\\/pigulki-madrosci\\\/darmowe-probki-modalert-200-mg-modafinil\\\/#breadcrumb\",\"itemListElement\":[{\"@type\":\"ListItem\",\"position\":1,\"name\":\"Buy Modafinil Online\",\"item\":\"https:\\\/\\\/buymodafinilonline.com\\\/pl\\\/\"},{\"@type\":\"ListItem\",\"position\":2,\"name\":\"Sklep\",\"item\":\"https:\\\/\\\/buymodafinilonline.com\\\/pl\\\/sklep\\\/\"},{\"@type\":\"ListItem\",\"position\":3,\"name\":\"Marki inteligentnych lek\u00f3w\",\"item\":\"https:\\\/\\\/buymodafinilonline.com\\\/pl\\\/kategoria-produktow\\\/marki-inteligentnych-lekow\\\/\"},{\"@type\":\"ListItem\",\"position\":4,\"name\":\"Bezp\u0142atne pr\u00f3bki Modalert 200 mg Modafinil\"}]},{\"@type\":\"WebSite\",\"@id\":\"https:\\\/\\\/buymodafinilonline.com\\\/pl\\\/#website\",\"url\":\"https:\\\/\\\/buymodafinilonline.com\\\/pl\\\/\",\"name\":\"BuyModafinilOnline.com\",\"description\":\"Modafinil Online Pharmacy\",\"publisher\":{\"@id\":\"https:\\\/\\\/buymodafinilonline.com\\\/pl\\\/#organization\"},\"potentialAction\":[{\"@type\":\"SearchAction\",\"target\":{\"@type\":\"EntryPoint\",\"urlTemplate\":\"https:\\\/\\\/buymodafinilonline.com\\\/pl\\\/?s={search_term_string}\"},\"query-input\":{\"@type\":\"PropertyValueSpecification\",\"valueRequired\":true,\"valueName\":\"search_term_string\"}}],\"inLanguage\":\"pl-PL\"},{\"@type\":\"Organization\",\"@id\":\"https:\\\/\\\/buymodafinilonline.com\\\/pl\\\/#organization\",\"name\":\"BuyModafinilOnline\",\"url\":\"https:\\\/\\\/buymodafinilonline.com\\\/pl\\\/\",\"logo\":{\"@type\":\"ImageObject\",\"inLanguage\":\"pl-PL\",\"@id\":\"https:\\\/\\\/buymodafinilonline.com\\\/pl\\\/#\\\/schema\\\/logo\\\/image\\\/\",\"url\":\"https:\\\/\\\/buymodafinilonline.com\\\/wp-content\\\/uploads\\\/2020\\\/04\\\/logo-buy-modafinil-online-yellow.png\",\"contentUrl\":\"https:\\\/\\\/buymodafinilonline.com\\\/wp-content\\\/uploads\\\/2020\\\/04\\\/logo-buy-modafinil-online-yellow.png\",\"width\":200,\"height\":200,\"caption\":\"BuyModafinilOnline\"},\"image\":{\"@id\":\"https:\\\/\\\/buymodafinilonline.com\\\/pl\\\/#\\\/schema\\\/logo\\\/image\\\/\"}}]}<\/script>\n<!-- \/ Yoast SEO Premium plugin. -->","yoast_head_json":{"title":"Darmowe pr\u00f3bki Modafinilu (pakiet pr\u00f3bny Modalert 200mg) - BuyModafinilOnline","description":"Pospiesz si\u0119, aby otrzyma\u0107 10 pr\u00f3bek modafinilu ca\u0142kowicie za darmo na BuyModafinilOnline. To pr\u00f3bne opakowanie Modalert 200mg jest dost\u0119pne przy ka\u017cdym zam\u00f3wieniu! 100% gwarancja dostawy i doskona\u0142a obs\u0142uga.","robots":{"index":"index","follow":"follow","max-snippet":"max-snippet:-1","max-image-preview":"max-image-preview:large","max-video-preview":"max-video-preview:-1"},"canonical":"https:\/\/buymodafinilonline.com\/pl\/pigulki-madrosci\/darmowe-probki-modalert-200-mg-modafinil\/","og_locale":"pl_PL","og_type":"article","og_title":"Bezp\u0142atne pr\u00f3bki Modalert 200 mg Modafinil","og_description":"Pospiesz si\u0119, aby otrzyma\u0107 10 pr\u00f3bek modafinilu ca\u0142kowicie za darmo na BuyModafinilOnline. To pr\u00f3bne opakowanie Modalert 200mg jest dost\u0119pne przy ka\u017cdym zam\u00f3wieniu! 100% gwarancja dostawy i doskona\u0142a obs\u0142uga.","og_url":"https:\/\/buymodafinilonline.com\/pl\/pigulki-madrosci\/darmowe-probki-modalert-200-mg-modafinil\/","og_site_name":"BuyModafinilOnline.com","article_modified_time":"2026-01-28T19:02:50+00:00","og_image":[{"width":1280,"height":1500,"url":"https:\/\/buymodafinilonline.com\/wp-content\/uploads\/2020\/04\/bmo-product-modalert-free-samples-.png","type":"image\/png"}],"twitter_misc":{"Szacowany czas czytania":"6 minut"},"schema":{"@context":"https:\/\/schema.org","@graph":[{"@type":"WebPage","@id":"https:\/\/buymodafinilonline.com\/pl\/pigulki-madrosci\/darmowe-probki-modalert-200-mg-modafinil\/","url":"https:\/\/buymodafinilonline.com\/pl\/pigulki-madrosci\/darmowe-probki-modalert-200-mg-modafinil\/","name":"Darmowe pr\u00f3bki Modafinilu (pakiet pr\u00f3bny Modalert 200mg) - BuyModafinilOnline","isPartOf":{"@id":"https:\/\/buymodafinilonline.com\/pl\/#website"},"primaryImageOfPage":{"@id":"https:\/\/buymodafinilonline.com\/pl\/pigulki-madrosci\/darmowe-probki-modalert-200-mg-modafinil\/#primaryimage"},"image":{"@id":"https:\/\/buymodafinilonline.com\/pl\/pigulki-madrosci\/darmowe-probki-modalert-200-mg-modafinil\/#primaryimage"},"thumbnailUrl":"https:\/\/buymodafinilonline.com\/wp-content\/uploads\/2020\/04\/bmo-product-modalert-free-samples-.png","datePublished":"2020-03-23T22:19:27+00:00","dateModified":"2026-01-28T19:02:50+00:00","description":"Pospiesz si\u0119, aby otrzyma\u0107 10 pr\u00f3bek modafinilu ca\u0142kowicie za darmo na BuyModafinilOnline. To pr\u00f3bne opakowanie Modalert 200mg jest dost\u0119pne przy ka\u017cdym zam\u00f3wieniu! 100% gwarancja dostawy i doskona\u0142a obs\u0142uga.","breadcrumb":{"@id":"https:\/\/buymodafinilonline.com\/pl\/pigulki-madrosci\/darmowe-probki-modalert-200-mg-modafinil\/#breadcrumb"},"inLanguage":"pl-PL","potentialAction":[{"@type":"ReadAction","target":["https:\/\/buymodafinilonline.com\/pl\/pigulki-madrosci\/darmowe-probki-modalert-200-mg-modafinil\/"]}]},{"@type":"ImageObject","inLanguage":"pl-PL","@id":"https:\/\/buymodafinilonline.com\/pl\/pigulki-madrosci\/darmowe-probki-modalert-200-mg-modafinil\/#primaryimage","url":"https:\/\/buymodafinilonline.com\/wp-content\/uploads\/2020\/04\/bmo-product-modalert-free-samples-.png","contentUrl":"https:\/\/buymodafinilonline.com\/wp-content\/uploads\/2020\/04\/bmo-product-modalert-free-samples-.png","width":1280,"height":1500,"caption":"Darmowe pr\u00f3bki Modalert 200 mg Modafinil"},{"@type":"BreadcrumbList","@id":"https:\/\/buymodafinilonline.com\/pl\/pigulki-madrosci\/darmowe-probki-modalert-200-mg-modafinil\/#breadcrumb","itemListElement":[{"@type":"ListItem","position":1,"name":"Buy Modafinil Online","item":"https:\/\/buymodafinilonline.com\/pl\/"},{"@type":"ListItem","position":2,"name":"Sklep","item":"https:\/\/buymodafinilonline.com\/pl\/sklep\/"},{"@type":"ListItem","position":3,"name":"Marki inteligentnych lek\u00f3w","item":"https:\/\/buymodafinilonline.com\/pl\/kategoria-produktow\/marki-inteligentnych-lekow\/"},{"@type":"ListItem","position":4,"name":"Bezp\u0142atne pr\u00f3bki Modalert 200 mg Modafinil"}]},{"@type":"WebSite","@id":"https:\/\/buymodafinilonline.com\/pl\/#website","url":"https:\/\/buymodafinilonline.com\/pl\/","name":"BuyModafinilOnline.com","description":"Modafinil Online Pharmacy","publisher":{"@id":"https:\/\/buymodafinilonline.com\/pl\/#organization"},"potentialAction":[{"@type":"SearchAction","target":{"@type":"EntryPoint","urlTemplate":"https:\/\/buymodafinilonline.com\/pl\/?s={search_term_string}"},"query-input":{"@type":"PropertyValueSpecification","valueRequired":true,"valueName":"search_term_string"}}],"inLanguage":"pl-PL"},{"@type":"Organization","@id":"https:\/\/buymodafinilonline.com\/pl\/#organization","name":"BuyModafinilOnline","url":"https:\/\/buymodafinilonline.com\/pl\/","logo":{"@type":"ImageObject","inLanguage":"pl-PL","@id":"https:\/\/buymodafinilonline.com\/pl\/#\/schema\/logo\/image\/","url":"https:\/\/buymodafinilonline.com\/wp-content\/uploads\/2020\/04\/logo-buy-modafinil-online-yellow.png","contentUrl":"https:\/\/buymodafinilonline.com\/wp-content\/uploads\/2020\/04\/logo-buy-modafinil-online-yellow.png","width":200,"height":200,"caption":"BuyModafinilOnline"},"image":{"@id":"https:\/\/buymodafinilonline.com\/pl\/#\/schema\/logo\/image\/"}}]}},"_links":{"self":[{"href":"https:\/\/buymodafinilonline.com\/pl\/wp-json\/wp\/v2\/product\/399848","targetHints":{"allow":["GET"]}}],"collection":[{"href":"https:\/\/buymodafinilonline.com\/pl\/wp-json\/wp\/v2\/product"}],"about":[{"href":"https:\/\/buymodafinilonline.com\/pl\/wp-json\/wp\/v2\/types\/product"}],"replies":[{"embeddable":true,"href":"https:\/\/buymodafinilonline.com\/pl\/wp-json\/wp\/v2\/comments?post=399848"}],"wp:featuredmedia":[{"embeddable":true,"href":"https:\/\/buymodafinilonline.com\/pl\/wp-json\/wp\/v2\/media\/398170"}],"wp:attachment":[{"href":"https:\/\/buymodafinilonline.com\/pl\/wp-json\/wp\/v2\/media?parent=399848"}],"wp:term":[{"taxonomy":"product_brand","embeddable":true,"href":"https:\/\/buymodafinilonline.com\/pl\/wp-json\/wp\/v2\/product_brand?post=399848"},{"taxonomy":"product_cat","embeddable":true,"href":"https:\/\/buymodafinilonline.com\/pl\/wp-json\/wp\/v2\/product_cat?post=399848"},{"taxonomy":"product_tag","embeddable":true,"href":"https:\/\/buymodafinilonline.com\/pl\/wp-json\/wp\/v2\/product_tag?post=399848"}],"curies":[{"name":"wp","href":"https:\/\/api.w.org\/{rel}","templated":true}]}}