{"id":399866,"date":"2020-03-23T23:44:33","date_gmt":"2020-03-23T22:44:33","guid":{"rendered":"https:\/\/buymodafinilonline.com\/smart-drugs\/darmowe-probki-artvigil-150-mg-armodafinil\/"},"modified":"2026-01-28T20:02:39","modified_gmt":"2026-01-28T19:02:39","slug":"darmowe-probki-artvigil-150-mg-armodafinil","status":"publish","type":"product","link":"https:\/\/buymodafinilonline.com\/pl\/pigulki-madrosci\/darmowe-probki-artvigil-150-mg-armodafinil\/","title":{"rendered":"Bezp\u0142atne pr\u00f3bki leku Artvigil 150 mg Armodafinil"},"content":{"rendered":"[vc_column width=&#8221;1\/2&#8243;]\n<div class=\"su-divider su-divider-style-default\" style=\"margin:10px 0;border-width:3px;border-color:#ffffff00\"><a href=\"#\" style=\"color:#ffffff009\">.<\/a><\/div>\n<h2>Korzy\u015bci z zamawiania pr\u00f3bek pr\u00f3bnych Artvigil 150 mg Armodafinil<\/h2>\n<div class=\"su-divider su-divider-style-default\" style=\"margin:10px 0;border-width:3px;border-color:#ffffff00\"><a href=\"#\" style=\"color:#ffffff009\">.<\/a><\/div>\nArtvigil zawiera substancj\u0119 czynn\u0105 &#8211; armodafinil, kt\u00f3ry zosta\u0142 zatwierdzony do leczenia nadmiernej senno\u015bci w ci\u0105gu dnia zwi\u0105zanej z narkolepsj\u0105, obturacyjnym bezdechem sennym i zaburzeniami pracy zmianowej.<\/p>\n<p>Jest on jednak powszechnie stosowany poza wskazaniami w leczeniu zespo\u0142u przewlek\u0142ego zm\u0119czenia, zespo\u0142u nadpobudliwo\u015bci psychoruchowej z deficytem uwagi i du\u017cych zaburze\u0144 depresyjnych.<\/p>\n<p>Nazwany pierwszym na \u015bwiecie &#8220;inteligentnym&#8221; lekiem ze wzgl\u0119du na jego szerokie zastosowanie jako wzmacniacza funkcji poznawczych. Dyrektorzy generalni, studenci, wojskowi, pracownicy, astronauci i inni u\u017cywaj\u0105 tego leku, aby zwi\u0119kszy\u0107 swoj\u0105 produktywno\u015b\u0107 dzi\u0119ki korzy\u015bciom, jakie daje ten lek, je\u015bli chodzi o moc poznawcz\u0105. <\/p>\n<p>Aby zrozumie\u0107, czy te tabletki mog\u0105 dzia\u0142a\u0107, czy nie, wy\u015blemy Ci 10 bezp\u0142atnych pr\u00f3bek do wypr\u00f3bowania. Nie musisz za to p\u0142aci\u0107 i nie przynosi to korzy\u015bci medycznych. <\/p>\n<p>10 bezp\u0142atnych pr\u00f3bek armodafinilu wystarczy, aby uzyska\u0107 ostateczne wyniki, czy te tabletki s\u0105 dla Ciebie odpowiednie, czy nie. Ostatecznie, zgoda lekarza jest najwa\u017cniejsza przed podj\u0119ciem decyzji o zakupie lub otrzymaniu bezp\u0142atnych pr\u00f3bek pr\u00f3bnych tabletek armodafinilu. <\/p>\n<div class=\"su-divider su-divider-style-default\" style=\"margin:10px 0;border-width:3px;border-color:#ffffff00\"><a href=\"#\" style=\"color:#ffffff009\">.<\/a><\/div>\n<h2>Jak dzia\u0142aj\u0105 te tabletki?<\/h2>\n<div class=\"su-divider su-divider-style-default\" style=\"margin:10px 0;border-width:3px;border-color:#ffffff00\"><a href=\"#\" style=\"color:#ffffff009\">.<\/a><\/div>\nArvigil 150 mg dzia\u0142a poprzez stymulowanie uwalniania substancji chemicznych w m\u00f3zgu, kt\u00f3re promuj\u0105 czuwanie &#8211; dzia\u0142a jako \u015brodek promuj\u0105cy czuwanie.<\/p>\n<p>Chocia\u017c jego dok\u0142adny mechanizm dzia\u0142ania nie jest w pe\u0142ni zrozumia\u0142y, naukowcy rozumiej\u0105, \u017ce dzia\u0142a on poprzez zwi\u0119kszenie ilo\u015bci dopaminy (chemicznego neuroprzeka\u017anika, kt\u00f3rego nerwy m\u00f3zgowe u\u017cywaj\u0105 do skutecznej komunikacji mi\u0119dzy sob\u0105) w organizmie.<\/p>\n<p>Armodafinil hamuje inne nerwy i substancje odpowiedzialne za wch\u0142anianie wi\u0119kszej ilo\u015bci dopaminy w organizmie, promuj\u0105c w ten spos\u00f3b funkcjonowanie m\u00f3zgu w zakresie czuwania, lepszego my\u015blenia, ostro\u015bci umys\u0142u, poprawy nastroju i koncentracji, percepcji, skupienia, motywacji i poziomu energii.<\/p>\n<div class=\"su-divider su-divider-style-default\" style=\"margin:10px 0;border-width:3px;border-color:#ffffff00\"><a href=\"#\" style=\"color:#ffffff009\">.<\/a><\/div>\n<h2>Bezpieczne dawkowanie i w\u0142a\u015bciwe stosowanie<\/h2>\n<div class=\"su-divider su-divider-style-default\" style=\"margin:10px 0;border-width:3px;border-color:#ffffff00\"><a href=\"#\" style=\"color:#ffffff009\">.<\/a><\/div>\nZaleca si\u0119 przyjmowanie 150 mg dziennie (1 tabletka), przekroczenie dawki zwi\u0119ksza ryzyko wyst\u0105pienia dzia\u0142a\u0144 niepo\u017c\u0105danych.<\/p>\n<p>W ka\u017cdym razie zawsze mo\u017cna podzieli\u0107 dawk\u0119. W przypadku leczenia narkolepsji najlepiej przyjmowa\u0107 go rano po przebudzeniu lub 1 godzin\u0119 po przygotowaniu si\u0119 do pracy lub nauki. Jego czas dzia\u0142ania wynosi ponad 10 godzin.  <\/p>\n<p>Szybsze efekty uzyskuje si\u0119, przyjmuj\u0105c go na pusty \u017co\u0142\u0105dek z wod\u0105. Szczytowe efekty s\u0105 odczuwalne w ci\u0105gu 2-3 godzin po odpowiednim podaniu. <\/p>\n<p>Nale\u017cy pami\u0119ta\u0107, \u017ce jest to lek na recept\u0119 i nale\u017cy najpierw skonsultowa\u0107 si\u0119 z lekarzem.<\/p>\n<div class=\"su-divider su-divider-style-default\" style=\"margin:10px 0;border-width:3px;border-color:#ffffff00\"><a href=\"#\" style=\"color:#ffffff009\">.<\/a><\/div>\n<h2>Mo\u017cliwe dzia\u0142ania niepo\u017c\u0105dane<\/h2>\n<div class=\"su-divider su-divider-style-default\" style=\"margin:10px 0;border-width:3px;border-color:#ffffff00\"><a href=\"#\" style=\"color:#ffffff009\">.<\/a><\/div>\nLek ten rzadko powoduje negatywne skutki. Jednak cz\u0119ste dzia\u0142ania niepo\u017c\u0105dane obejmuj\u0105 przekrwienie b\u0142ony \u015bluzowej nosa, b\u00f3l plec\u00f3w, niepok\u00f3j, bezsenno\u015b\u0107, niestrawno\u015b\u0107, biegunk\u0119, nudno\u015bci, b\u00f3l g\u0142owy. <\/p>\n<p>Znacznie rzadziej wyst\u0119puj\u0105cymi, ale mog\u0105cymi by\u0107 powa\u017cnymi negatywnymi skutkami mog\u0105 by\u0107: nieregularne bicie serca, wymioty, wysypka sk\u00f3rna, ciemny mocz, owrzodzenia jamy ustnej, pokrzywka, sw\u0119dzenie sk\u00f3ry.<\/p>\n<p>Je\u015bli kt\u00f3rykolwiek z efekt\u00f3w ubocznych nie ust\u0119puje po ci\u0105g\u0142ym stosowaniu lub odstawieniu leku, a stan zdrowia pogarsza si\u0119, zaleca si\u0119 natychmiastowe zwr\u00f3cenie si\u0119 o pomoc lekarsk\u0105.<\/p>\n[\/vc_column][vc_column width=&#8221;1\/2&#8243;]\n<div class=\"su-divider su-divider-style-default\" style=\"margin:10px 0;border-width:3px;border-color:#ffffff00\"><a href=\"#\" style=\"color:#ffffff009\">.<\/a><\/div>\n<h2>Przeciwwskazania i \u015brodki ostro\u017cno\u015bci<\/h2>\n<div class=\"su-divider su-divider-style-default\" style=\"margin:10px 0;border-width:3px;border-color:#ffffff00\"><a href=\"#\" style=\"color:#ffffff009\">.<\/a><\/div>\nJak ka\u017cdy lek, \u015brodki ostro\u017cno\u015bci i ostrze\u017cenia mog\u0105 by\u0107 opisane na ulotce. Przed za\u017cyciem modafinilu nale\u017cy podj\u0105\u0107 \u015brodki ostro\u017cno\u015bci okre\u015blone przez lekarza specjalist\u0119, a co najwa\u017cniejsze, zaleca si\u0119 przestrzeganie instrukcji przedstawionych na ulotce leku. <\/p>\n<p>Artvigil wchodzi w interakcje z niekt\u00f3rymi lekami, takimi jak<\/p>\n<div class=\"su-divider su-divider-style-default\" style=\"margin:10px 0;border-width:3px;border-color:#ffffff00\"><a href=\"#\" style=\"color:#ffffff009\">.<\/a><\/div>\n<ul>\n<li>\u015brodki uspokajaj\u0105ce lub nasenne;<\/li>\n<li>przeciwskurczowe;<\/li>\n<li>leki przeciwdepresyjne;<\/li>\n<li>leki antykoncepcyjne;<\/li>\n<li>leki przeciwdrgawkowe.<\/li>\n<\/ul>\n<div class=\"su-divider su-divider-style-default\" style=\"margin:10px 0;border-width:3px;border-color:#ffffff00\"><a href=\"#\" style=\"color:#ffffff009\">.<\/a><\/div>\nTa lista nie jest kompletna. Nale\u017cy na przyk\u0142ad pami\u0119ta\u0107 o niekt\u00f3rych schorzeniach, w tym chorobach serca.<\/p>\n<p>Nie nale\u017cy r\u00f3wnie\u017c pi\u0107 alkoholu podczas stosowania leku Artvigil. Nie nale\u017cy prowadzi\u0107 pojazd\u00f3w ani obs\u0142ugiwa\u0107 ci\u0119\u017ckich maszyn po za\u017cyciu armodafinilu, poniewa\u017c mo\u017ce on powodowa\u0107 zawroty g\u0142owy lub niewyra\u017ane widzenie. Nie nale\u017cy r\u00f3wnie\u017c nagle odstawia\u0107 armodafinilu &#8211; mo\u017ce to przyczyni\u0107 si\u0119 do wyst\u0105pienia objaw\u00f3w odstawienia.  <\/p>\n<div class=\"su-divider su-divider-style-default\" style=\"margin:10px 0;border-width:3px;border-color:#ffffff00\"><a href=\"#\" style=\"color:#ffffff009\">.<\/a><\/div>\n<h2>Do\u015bwiadczenie konsumenta<\/h2>\n<div class=\"su-divider su-divider-style-default\" style=\"margin:10px 0;border-width:3px;border-color:#ffffff00\"><a href=\"#\" style=\"color:#ffffff009\">.<\/a><\/div>\nDlaczego potrzebujesz darmowych pr\u00f3bek modafinilu i Artvigilu? Prawda jest taka: Przed podj\u0119ciem decyzji o zam\u00f3wieniu inteligentnych lek\u00f3w luzem, najlepiej przetestowa\u0107 ich skuteczno\u015b\u0107 i tolerancj\u0119. R\u00f3\u017cni ludzie r\u00f3\u017cnie reaguj\u0105 na leki. Pobierz bezp\u0142atn\u0105 pr\u00f3bk\u0119 i sprawd\u017a swoje do\u015bwiadczenia.   <\/p>\n<p>Z naszych opinii u\u017cytkownik\u00f3w, kilku z nich oceni\u0142o ten lek jako bezpieczny, skuteczny i dobrze tolerowany. Promuje on czuwanie i skutecznie poprawia funkcje poznawcze. Chocia\u017c jest to silny lek zatwierdzony do stosowania w r\u00f3\u017cnych stanach zaburze\u0144 snu, kilka os\u00f3b przedstawionych w internetowych recenzjach i ocenach lek\u00f3w pozytywnie ocenia modafinil, je\u015bli chodzi o jego dzia\u0142anie poznawcze.  <\/p>\n<p>Ludzie ocenili Artvigil 150 mg z takimi efektami jak zwi\u0119kszona koncentracja, skupienie, poprawa pami\u0119ci i ostro\u015bci umys\u0142u. Ponadto, wed\u0142ug niekt\u00f3rych zaufanych \u017ar\u00f3de\u0142 wiadomo\u015bci, wi\u0119kszo\u015b\u0107 najlepszych dyrektor\u00f3w generalnych i profesjonalist\u00f3w pozytywnie ocenia modafinil i armodafinil, poniewa\u017c zwi\u0119kszaj\u0105 one ich zdolno\u015bci poznawcze i kreatywno\u015b\u0107, podczas gdy inni pracownicy twierdz\u0105, \u017ce zwi\u0119kszaj\u0105 one ich produktywno\u015b\u0107 w pracy, sprawiaj\u0105c, \u017ce czuj\u0105 si\u0119 przytomni i czujni. <\/p>\n<div class=\"su-divider su-divider-style-default\" style=\"margin:10px 0;border-width:3px;border-color:#ffffff00\"><a href=\"#\" style=\"color:#ffffff009\">.<\/a><\/div>\n<h2>Jak uzyska\u0107 Armodafinil za darmo (Trial Artvigil 150mg) online?<\/h2>\n<div class=\"su-divider su-divider-style-default\" style=\"margin:10px 0;border-width:3px;border-color:#ffffff00\"><a href=\"#\" style=\"color:#ffffff009\">.<\/a><\/div>\nUzyskanie pr\u00f3bek pr\u00f3bnych lek\u00f3w armodafinil jest konieczne. Nie jest to du\u017cy k\u0142opot, a daje gwarancj\u0119, \u017ce testujesz spos\u00f3b, w jaki dana apteka internetowa prowadzi swoj\u0105 dzia\u0142alno\u015b\u0107 oraz jako\u015b\u0107 i skuteczno\u015b\u0107 swoich lek\u00f3w. <\/p>\n<p>To w\u0142a\u015bnie robimy w <a href=\"https:\/\/buymodafinilonline.com\/pl\/\">aptece BuyModafinilOnline<\/a>. Robimy to, co obiecujemy i oferujemy tylko oryginalne leki od legalnych i zaufanych firm farmaceutycznych. <\/p>\n<p>Decydujesz si\u0119 zam\u00f3wi\u0107 wi\u0119cej tabletek? <a href=\"https:\/\/buymodafinilonline.com\/pl\/pigulki-madrosci\/modvigil-200-mg\/\">Modvigil 200 mg<\/a>, <a href=\"https:\/\/buymodafinilonline.com\/pl\/pigulki-madrosci\/vilafinil-200-mg\/\">Vilafinil 200 mg<\/a>, <a href=\"https:\/\/buymodafinilonline.com\/pl\/pigulki-madrosci\/modalert-200-mg\/\">Modalert 200 mg<\/a> i wiele innych nootrop\u00f3w jest dost\u0119pnych dla ka\u017cdego!<\/p>\n<p>BuyModafinilOnline to najlepsza apteka internetowa, kt\u00f3ra oferuje r\u00f3\u017cne mo\u017cliwo\u015bci obni\u017cenia ceny, w tym kupony, rabaty<a href=\"https:\/\/buymodafinilonline.com\/pl\/zaplac-bitcoinami-a-dostaniesz-33-rabatu\/\">(23% zni\u017cki za p\u0142atno\u015b\u0107 bitcoinem<\/a>) i oferty. Mo\u017cesz otrzyma\u0107 kupon o warto\u015bci 30 USD za napisanie recenzji lub je\u015bli jeste\u015b powracaj\u0105cym klientem (25 USD). <\/p>\n<p>Ceny lek\u00f3w w naszej aptece internetowej s\u0105 niezwykle niskie, poniewa\u017c opieraj\u0105 si\u0119 na kosztach produkcji.<\/p>\n<div class=\"su-divider su-divider-style-default\" style=\"margin:10px 0;border-width:3px;border-color:#ffffff00\"><a href=\"#\" style=\"color:#ffffff009\">.<\/a><\/div>\n[\/vc_column]\n","protected":false},"excerpt":{"rendered":"<p>Artvigil 150 mg (firmy HAB Pharma) to armodafinil, kt\u00f3ry zwi\u0119ksza motywacj\u0119, pobudza aktywno\u015b\u0107 umys\u0142ow\u0105 i pomaga skupi\u0107 si\u0119 w pracy. Czy ten lek mo\u017ce by\u0107 skuteczny? Jeste\u015bmy gotowi da\u0107 ci 10 darmowych pr\u00f3bek armodafinilu.  <\/p>\n<p>B\u0119dziesz musia\u0142 zap\u0142aci\u0107 tylko za wysy\u0142k\u0119 (29 USD za wysy\u0142k\u0119 standardow\u0105 lub 39 USD za wysy\u0142k\u0119 ekspresow\u0105 &#8211; tylko 7-dniowy okres dostawy).<\/p>\n[sc name=\"s1\"]\n[sc name=\"free-samples-notice-product\"]\n","protected":false},"featured_media":398135,"comment_status":"closed","ping_status":"closed","template":"","meta":{"_acf_changed":false},"product_brand":[],"product_cat":[4243,4045,8920],"product_tag":[4046],"class_list":{"0":"post-399866","1":"product","2":"type-product","3":"status-publish","4":"has-post-thumbnail","6":"product_cat-darmowe-probki","7":"product_cat-marki-inteligentnych-lekow","8":"product_cat-us-domestic-shipping-pl","9":"product_tag-armodafinil-pl-2","11":"first","12":"instock","13":"sale","14":"shipping-taxable","15":"purchasable","16":"product-type-simple"},"acf":[],"yoast_head":"<!-- This site is optimized with the Yoast SEO Premium plugin v23.6 (Yoast SEO v27.3) - https:\/\/yoast.com\/product\/yoast-seo-premium-wordpress\/ -->\n<title>Uzyskaj bezp\u0142atne pr\u00f3bki Armodafinilu (pakiet pr\u00f3bny Artvigil 150 mg) - BuyModafinilOnline<\/title>\n<meta name=\"description\" content=\"Tutaj mo\u017cesz otrzyma\u0107 10 darmowych pr\u00f3bek armodafinilu bez recepty online. W 100% legalne opakowanie pr\u00f3bne Artvigil 150 mg jest dost\u0119pne przy ka\u017cdym zam\u00f3wieniu w koszyku na BuyModafinilOnline!\" \/>\n<meta name=\"robots\" content=\"index, follow, max-snippet:-1, max-image-preview:large, max-video-preview:-1\" \/>\n<link rel=\"canonical\" href=\"https:\/\/buymodafinilonline.com\/pl\/pigulki-madrosci\/darmowe-probki-artvigil-150-mg-armodafinil\/\" \/>\n<meta property=\"og:locale\" content=\"pl_PL\" \/>\n<meta property=\"og:type\" content=\"article\" \/>\n<meta property=\"og:title\" content=\"Bezp\u0142atne pr\u00f3bki leku Artvigil 150 mg Armodafinil\" \/>\n<meta property=\"og:description\" content=\"Tutaj mo\u017cesz otrzyma\u0107 10 darmowych pr\u00f3bek armodafinilu bez recepty online. W 100% legalne opakowanie pr\u00f3bne Artvigil 150 mg jest dost\u0119pne przy ka\u017cdym zam\u00f3wieniu w koszyku na BuyModafinilOnline!\" \/>\n<meta property=\"og:url\" content=\"https:\/\/buymodafinilonline.com\/pl\/pigulki-madrosci\/darmowe-probki-artvigil-150-mg-armodafinil\/\" \/>\n<meta property=\"og:site_name\" content=\"BuyModafinilOnline.com\" \/>\n<meta property=\"article:modified_time\" content=\"2026-01-28T19:02:39+00:00\" \/>\n<meta property=\"og:image\" content=\"https:\/\/buymodafinilonline.com\/wp-content\/uploads\/2020\/04\/bmo-product-artvigil-free-samples-.png\" \/>\n\t<meta property=\"og:image:width\" content=\"1280\" \/>\n\t<meta property=\"og:image:height\" content=\"1500\" \/>\n\t<meta property=\"og:image:type\" content=\"image\/png\" \/>\n<meta name=\"twitter:label1\" content=\"Szacowany czas czytania\" \/>\n\t<meta name=\"twitter:data1\" content=\"5 minut\" \/>\n<script type=\"application\/ld+json\" class=\"yoast-schema-graph\">{\"@context\":\"https:\\\/\\\/schema.org\",\"@graph\":[{\"@type\":\"WebPage\",\"@id\":\"https:\\\/\\\/buymodafinilonline.com\\\/pl\\\/pigulki-madrosci\\\/darmowe-probki-artvigil-150-mg-armodafinil\\\/\",\"url\":\"https:\\\/\\\/buymodafinilonline.com\\\/pl\\\/pigulki-madrosci\\\/darmowe-probki-artvigil-150-mg-armodafinil\\\/\",\"name\":\"Uzyskaj bezp\u0142atne pr\u00f3bki Armodafinilu (pakiet pr\u00f3bny Artvigil 150 mg) - BuyModafinilOnline\",\"isPartOf\":{\"@id\":\"https:\\\/\\\/buymodafinilonline.com\\\/pl\\\/#website\"},\"primaryImageOfPage\":{\"@id\":\"https:\\\/\\\/buymodafinilonline.com\\\/pl\\\/pigulki-madrosci\\\/darmowe-probki-artvigil-150-mg-armodafinil\\\/#primaryimage\"},\"image\":{\"@id\":\"https:\\\/\\\/buymodafinilonline.com\\\/pl\\\/pigulki-madrosci\\\/darmowe-probki-artvigil-150-mg-armodafinil\\\/#primaryimage\"},\"thumbnailUrl\":\"https:\\\/\\\/buymodafinilonline.com\\\/wp-content\\\/uploads\\\/2020\\\/04\\\/bmo-product-artvigil-free-samples-.png\",\"datePublished\":\"2020-03-23T22:44:33+00:00\",\"dateModified\":\"2026-01-28T19:02:39+00:00\",\"description\":\"Tutaj mo\u017cesz otrzyma\u0107 10 darmowych pr\u00f3bek armodafinilu bez recepty online. W 100% legalne opakowanie pr\u00f3bne Artvigil 150 mg jest dost\u0119pne przy ka\u017cdym zam\u00f3wieniu w koszyku na BuyModafinilOnline!\",\"breadcrumb\":{\"@id\":\"https:\\\/\\\/buymodafinilonline.com\\\/pl\\\/pigulki-madrosci\\\/darmowe-probki-artvigil-150-mg-armodafinil\\\/#breadcrumb\"},\"inLanguage\":\"pl-PL\",\"potentialAction\":[{\"@type\":\"ReadAction\",\"target\":[\"https:\\\/\\\/buymodafinilonline.com\\\/pl\\\/pigulki-madrosci\\\/darmowe-probki-artvigil-150-mg-armodafinil\\\/\"]}]},{\"@type\":\"ImageObject\",\"inLanguage\":\"pl-PL\",\"@id\":\"https:\\\/\\\/buymodafinilonline.com\\\/pl\\\/pigulki-madrosci\\\/darmowe-probki-artvigil-150-mg-armodafinil\\\/#primaryimage\",\"url\":\"https:\\\/\\\/buymodafinilonline.com\\\/wp-content\\\/uploads\\\/2020\\\/04\\\/bmo-product-artvigil-free-samples-.png\",\"contentUrl\":\"https:\\\/\\\/buymodafinilonline.com\\\/wp-content\\\/uploads\\\/2020\\\/04\\\/bmo-product-artvigil-free-samples-.png\",\"width\":1280,\"height\":1500,\"caption\":\"Darmowe pr\u00f3bki Artvigil 150 mg Armodafinil\"},{\"@type\":\"BreadcrumbList\",\"@id\":\"https:\\\/\\\/buymodafinilonline.com\\\/pl\\\/pigulki-madrosci\\\/darmowe-probki-artvigil-150-mg-armodafinil\\\/#breadcrumb\",\"itemListElement\":[{\"@type\":\"ListItem\",\"position\":1,\"name\":\"Buy Modafinil Online\",\"item\":\"https:\\\/\\\/buymodafinilonline.com\\\/pl\\\/\"},{\"@type\":\"ListItem\",\"position\":2,\"name\":\"Sklep\",\"item\":\"https:\\\/\\\/buymodafinilonline.com\\\/pl\\\/sklep\\\/\"},{\"@type\":\"ListItem\",\"position\":3,\"name\":\"Marki inteligentnych lek\u00f3w\",\"item\":\"https:\\\/\\\/buymodafinilonline.com\\\/pl\\\/kategoria-produktow\\\/marki-inteligentnych-lekow\\\/\"},{\"@type\":\"ListItem\",\"position\":4,\"name\":\"Bezp\u0142atne pr\u00f3bki leku Artvigil 150 mg Armodafinil\"}]},{\"@type\":\"WebSite\",\"@id\":\"https:\\\/\\\/buymodafinilonline.com\\\/pl\\\/#website\",\"url\":\"https:\\\/\\\/buymodafinilonline.com\\\/pl\\\/\",\"name\":\"BuyModafinilOnline.com\",\"description\":\"Modafinil Online Pharmacy\",\"publisher\":{\"@id\":\"https:\\\/\\\/buymodafinilonline.com\\\/pl\\\/#organization\"},\"potentialAction\":[{\"@type\":\"SearchAction\",\"target\":{\"@type\":\"EntryPoint\",\"urlTemplate\":\"https:\\\/\\\/buymodafinilonline.com\\\/pl\\\/?s={search_term_string}\"},\"query-input\":{\"@type\":\"PropertyValueSpecification\",\"valueRequired\":true,\"valueName\":\"search_term_string\"}}],\"inLanguage\":\"pl-PL\"},{\"@type\":\"Organization\",\"@id\":\"https:\\\/\\\/buymodafinilonline.com\\\/pl\\\/#organization\",\"name\":\"BuyModafinilOnline\",\"url\":\"https:\\\/\\\/buymodafinilonline.com\\\/pl\\\/\",\"logo\":{\"@type\":\"ImageObject\",\"inLanguage\":\"pl-PL\",\"@id\":\"https:\\\/\\\/buymodafinilonline.com\\\/pl\\\/#\\\/schema\\\/logo\\\/image\\\/\",\"url\":\"https:\\\/\\\/buymodafinilonline.com\\\/wp-content\\\/uploads\\\/2020\\\/04\\\/logo-buy-modafinil-online-yellow.png\",\"contentUrl\":\"https:\\\/\\\/buymodafinilonline.com\\\/wp-content\\\/uploads\\\/2020\\\/04\\\/logo-buy-modafinil-online-yellow.png\",\"width\":200,\"height\":200,\"caption\":\"BuyModafinilOnline\"},\"image\":{\"@id\":\"https:\\\/\\\/buymodafinilonline.com\\\/pl\\\/#\\\/schema\\\/logo\\\/image\\\/\"}}]}<\/script>\n<!-- \/ Yoast SEO Premium plugin. -->","yoast_head_json":{"title":"Uzyskaj bezp\u0142atne pr\u00f3bki Armodafinilu (pakiet pr\u00f3bny Artvigil 150 mg) - BuyModafinilOnline","description":"Tutaj mo\u017cesz otrzyma\u0107 10 darmowych pr\u00f3bek armodafinilu bez recepty online. W 100% legalne opakowanie pr\u00f3bne Artvigil 150 mg jest dost\u0119pne przy ka\u017cdym zam\u00f3wieniu w koszyku na BuyModafinilOnline!","robots":{"index":"index","follow":"follow","max-snippet":"max-snippet:-1","max-image-preview":"max-image-preview:large","max-video-preview":"max-video-preview:-1"},"canonical":"https:\/\/buymodafinilonline.com\/pl\/pigulki-madrosci\/darmowe-probki-artvigil-150-mg-armodafinil\/","og_locale":"pl_PL","og_type":"article","og_title":"Bezp\u0142atne pr\u00f3bki leku Artvigil 150 mg Armodafinil","og_description":"Tutaj mo\u017cesz otrzyma\u0107 10 darmowych pr\u00f3bek armodafinilu bez recepty online. W 100% legalne opakowanie pr\u00f3bne Artvigil 150 mg jest dost\u0119pne przy ka\u017cdym zam\u00f3wieniu w koszyku na BuyModafinilOnline!","og_url":"https:\/\/buymodafinilonline.com\/pl\/pigulki-madrosci\/darmowe-probki-artvigil-150-mg-armodafinil\/","og_site_name":"BuyModafinilOnline.com","article_modified_time":"2026-01-28T19:02:39+00:00","og_image":[{"width":1280,"height":1500,"url":"https:\/\/buymodafinilonline.com\/wp-content\/uploads\/2020\/04\/bmo-product-artvigil-free-samples-.png","type":"image\/png"}],"twitter_misc":{"Szacowany czas czytania":"5 minut"},"schema":{"@context":"https:\/\/schema.org","@graph":[{"@type":"WebPage","@id":"https:\/\/buymodafinilonline.com\/pl\/pigulki-madrosci\/darmowe-probki-artvigil-150-mg-armodafinil\/","url":"https:\/\/buymodafinilonline.com\/pl\/pigulki-madrosci\/darmowe-probki-artvigil-150-mg-armodafinil\/","name":"Uzyskaj bezp\u0142atne pr\u00f3bki Armodafinilu (pakiet pr\u00f3bny Artvigil 150 mg) - BuyModafinilOnline","isPartOf":{"@id":"https:\/\/buymodafinilonline.com\/pl\/#website"},"primaryImageOfPage":{"@id":"https:\/\/buymodafinilonline.com\/pl\/pigulki-madrosci\/darmowe-probki-artvigil-150-mg-armodafinil\/#primaryimage"},"image":{"@id":"https:\/\/buymodafinilonline.com\/pl\/pigulki-madrosci\/darmowe-probki-artvigil-150-mg-armodafinil\/#primaryimage"},"thumbnailUrl":"https:\/\/buymodafinilonline.com\/wp-content\/uploads\/2020\/04\/bmo-product-artvigil-free-samples-.png","datePublished":"2020-03-23T22:44:33+00:00","dateModified":"2026-01-28T19:02:39+00:00","description":"Tutaj mo\u017cesz otrzyma\u0107 10 darmowych pr\u00f3bek armodafinilu bez recepty online. W 100% legalne opakowanie pr\u00f3bne Artvigil 150 mg jest dost\u0119pne przy ka\u017cdym zam\u00f3wieniu w koszyku na BuyModafinilOnline!","breadcrumb":{"@id":"https:\/\/buymodafinilonline.com\/pl\/pigulki-madrosci\/darmowe-probki-artvigil-150-mg-armodafinil\/#breadcrumb"},"inLanguage":"pl-PL","potentialAction":[{"@type":"ReadAction","target":["https:\/\/buymodafinilonline.com\/pl\/pigulki-madrosci\/darmowe-probki-artvigil-150-mg-armodafinil\/"]}]},{"@type":"ImageObject","inLanguage":"pl-PL","@id":"https:\/\/buymodafinilonline.com\/pl\/pigulki-madrosci\/darmowe-probki-artvigil-150-mg-armodafinil\/#primaryimage","url":"https:\/\/buymodafinilonline.com\/wp-content\/uploads\/2020\/04\/bmo-product-artvigil-free-samples-.png","contentUrl":"https:\/\/buymodafinilonline.com\/wp-content\/uploads\/2020\/04\/bmo-product-artvigil-free-samples-.png","width":1280,"height":1500,"caption":"Darmowe pr\u00f3bki Artvigil 150 mg Armodafinil"},{"@type":"BreadcrumbList","@id":"https:\/\/buymodafinilonline.com\/pl\/pigulki-madrosci\/darmowe-probki-artvigil-150-mg-armodafinil\/#breadcrumb","itemListElement":[{"@type":"ListItem","position":1,"name":"Buy Modafinil Online","item":"https:\/\/buymodafinilonline.com\/pl\/"},{"@type":"ListItem","position":2,"name":"Sklep","item":"https:\/\/buymodafinilonline.com\/pl\/sklep\/"},{"@type":"ListItem","position":3,"name":"Marki inteligentnych lek\u00f3w","item":"https:\/\/buymodafinilonline.com\/pl\/kategoria-produktow\/marki-inteligentnych-lekow\/"},{"@type":"ListItem","position":4,"name":"Bezp\u0142atne pr\u00f3bki leku Artvigil 150 mg Armodafinil"}]},{"@type":"WebSite","@id":"https:\/\/buymodafinilonline.com\/pl\/#website","url":"https:\/\/buymodafinilonline.com\/pl\/","name":"BuyModafinilOnline.com","description":"Modafinil Online Pharmacy","publisher":{"@id":"https:\/\/buymodafinilonline.com\/pl\/#organization"},"potentialAction":[{"@type":"SearchAction","target":{"@type":"EntryPoint","urlTemplate":"https:\/\/buymodafinilonline.com\/pl\/?s={search_term_string}"},"query-input":{"@type":"PropertyValueSpecification","valueRequired":true,"valueName":"search_term_string"}}],"inLanguage":"pl-PL"},{"@type":"Organization","@id":"https:\/\/buymodafinilonline.com\/pl\/#organization","name":"BuyModafinilOnline","url":"https:\/\/buymodafinilonline.com\/pl\/","logo":{"@type":"ImageObject","inLanguage":"pl-PL","@id":"https:\/\/buymodafinilonline.com\/pl\/#\/schema\/logo\/image\/","url":"https:\/\/buymodafinilonline.com\/wp-content\/uploads\/2020\/04\/logo-buy-modafinil-online-yellow.png","contentUrl":"https:\/\/buymodafinilonline.com\/wp-content\/uploads\/2020\/04\/logo-buy-modafinil-online-yellow.png","width":200,"height":200,"caption":"BuyModafinilOnline"},"image":{"@id":"https:\/\/buymodafinilonline.com\/pl\/#\/schema\/logo\/image\/"}}]}},"_links":{"self":[{"href":"https:\/\/buymodafinilonline.com\/pl\/wp-json\/wp\/v2\/product\/399866","targetHints":{"allow":["GET"]}}],"collection":[{"href":"https:\/\/buymodafinilonline.com\/pl\/wp-json\/wp\/v2\/product"}],"about":[{"href":"https:\/\/buymodafinilonline.com\/pl\/wp-json\/wp\/v2\/types\/product"}],"replies":[{"embeddable":true,"href":"https:\/\/buymodafinilonline.com\/pl\/wp-json\/wp\/v2\/comments?post=399866"}],"wp:featuredmedia":[{"embeddable":true,"href":"https:\/\/buymodafinilonline.com\/pl\/wp-json\/wp\/v2\/media\/398135"}],"wp:attachment":[{"href":"https:\/\/buymodafinilonline.com\/pl\/wp-json\/wp\/v2\/media?parent=399866"}],"wp:term":[{"taxonomy":"product_brand","embeddable":true,"href":"https:\/\/buymodafinilonline.com\/pl\/wp-json\/wp\/v2\/product_brand?post=399866"},{"taxonomy":"product_cat","embeddable":true,"href":"https:\/\/buymodafinilonline.com\/pl\/wp-json\/wp\/v2\/product_cat?post=399866"},{"taxonomy":"product_tag","embeddable":true,"href":"https:\/\/buymodafinilonline.com\/pl\/wp-json\/wp\/v2\/product_tag?post=399866"}],"curies":[{"name":"wp","href":"https:\/\/api.w.org\/{rel}","templated":true}]}}