{"id":408435,"date":"2020-03-23T20:21:55","date_gmt":"2020-11-08T16:09:43","guid":{"rendered":"https:\/\/buymodafinilonline.com\/smart-drugs\/vilafinil-200-mg\/"},"modified":"2025-05-11T15:09:54","modified_gmt":"2025-05-11T14:09:54","slug":"vilafinil-200-mg","status":"publish","type":"product","link":"https:\/\/buymodafinilonline.com\/pl\/pigulki-madrosci\/vilafinil-200-mg\/","title":{"rendered":"Vilafinil 200 mg"},"content":{"rendered":"[vc_column width=&#8221;1\/2&#8243;]\n<div class=\"su-divider su-divider-style-default\" style=\"margin:10px 0;border-width:3px;border-color:#ffffff00\"><a href=\"#\" style=\"color:#ffffff009\">.<\/a><\/div>\n<h2>Co to jest Vilafinil 200mg?<\/h2>\n<div class=\"su-divider su-divider-style-default\" style=\"margin:10px 0;border-width:3px;border-color:#ffffff00\"><a href=\"#\" style=\"color:#ffffff009\">.<\/a><\/div>\nProvigil to lek pierwszego wyboru do leczenia problem\u00f3w zwi\u0105zanych ze snem i poprawy funkcji poznawczych, kt\u00f3ry zosta\u0142 zatwierdzony do u\u017cytku medycznego w Stanach Zjednoczonych w 1998 roku. Szybko do przodu do 2010 roku, jego patent wygas\u0142 i sta\u0142 si\u0119 otwarty dla produkcji przez inne firmy farmaceutyczne.<\/p>\n<p>Centurion Laboratories, du\u017cy producent z siedzib\u0105 w Indiach, wymy\u015bli\u0142 w\u0142asn\u0105 wersj\u0119 generyczn\u0105 i nazwa\u0142 j\u0105 Vilafinil. Zawiera ten sam aktywny sk\u0142adnik co markowy lek i oferuje dok\u0142adnie takie same korzy\u015bci i skutki uboczne. Jest to jednak o wiele ta\u0144sze. Wynika to z faktu, \u017ce Centurion Labs nie wyda\u0142o pieni\u0119dzy na rozw\u00f3j i marketing, tak jak robi\u0142a to marka.<\/p>\n<p>Vilafinil 200 mg jest zwykle przepisywany w leczeniu nadmiernej senno\u015bci spowodowanej narkolepsj\u0105, zaburzeniami snu zwi\u0105zanymi z prac\u0105 zmianow\u0105 i bezdechem sennym. Jest u\u017cywany poza wskazaniami, aby zwi\u0119kszy\u0107 energi\u0119, skupienie i motywacj\u0119, a tak\u017ce poprawi\u0107 pami\u0119\u0107.<\/p>\n<div class=\"su-divider su-divider-style-default\" style=\"margin:10px 0;border-width:3px;border-color:#ffffff00\"><a href=\"#\" style=\"color:#ffffff009\">.<\/a><\/div>\n<h2>Jak dzia\u0142aj\u0105 te tabletki?<\/h2>\n<div class=\"su-divider su-divider-style-default\" style=\"margin:10px 0;border-width:3px;border-color:#ffffff00\"><a href=\"#\" style=\"color:#ffffff009\">.<\/a><\/div>\nDok\u0142adny spos\u00f3b dzia\u0142ania tabletek Vilafinil nie zosta\u0142 jeszcze ustalony. Uwa\u017ca si\u0119 jednak, \u017ce dzia\u0142a poprzez wp\u0142yw na substancje chemiczne w obszarach m\u00f3zgu, kt\u00f3re kontroluj\u0105 cykl czuwania. W szczeg\u00f3lno\u015bci zwi\u0119ksza poziom dopaminy w m\u00f3zgu. Dopamina to hormon zwi\u0105zany z motywacj\u0105 do czucia, zdolno\u015bci\u0105 do koncentracji, a tak\u017ce cyklem snu i czuwania. Dlatego uwa\u017ca si\u0119, \u017ce modafinil wp\u0142ywaj\u0105c na jego poziom, sprawia, \u017ce jego u\u017cytkownicy s\u0105 czujni, skoncentrowani i skupieni przez d\u0142u\u017cszy czas, op\u00f3\u017aniaj\u0105c zm\u0119czenie.<\/p>\n<div class=\"su-divider su-divider-style-default\" style=\"margin:10px 0;border-width:3px;border-color:#ffffff00\"><a href=\"#\" style=\"color:#ffffff009\">.<\/a><\/div>\n<h2>Bezpieczne dawkowanie i w\u0142a\u015bciwe stosowanie<\/h2>\n<div class=\"su-divider su-divider-style-default\" style=\"margin:10px 0;border-width:3px;border-color:#ffffff00\"><a href=\"#\" style=\"color:#ffffff009\">.<\/a><\/div>\nZalecana bezpieczna dawka tego leku to 100-200 mg dziennie. Jednak mo\u017ce si\u0119 r\u00f3\u017cni\u0107 w zale\u017cno\u015bci od aktualnego stanu zdrowia i odpowiedniej odpowiedzi na leczenie, gdy jest stosowany w zwalczaniu bezdechu sennego, narkolepsji lub innych schorze\u0144 zwi\u0105zanych ze snem. Aby uzyska\u0107 najlepsze rezultaty, Vilafinil nale\u017cy przyjmowa\u0107 regularnie.<\/p>\n<p>Skonsultuj si\u0119 z lekarzem przed rozpocz\u0119ciem leczenia tym lekiem. Na podstawie historii medycznej, stanu zdrowia i innych lek\u00f3w, kt\u00f3re mo\u017cesz przyjmowa\u0107, pomog\u0105 one okre\u015bli\u0107 w\u0142a\u015bciw\u0105 dawk\u0119, kt\u00f3ra b\u0119dzie bezpieczna i skuteczna dla Ciebie.<\/p>\n<div class=\"su-divider su-divider-style-default\" style=\"margin:10px 0;border-width:3px;border-color:#ffffff00\"><a href=\"#\" style=\"color:#ffffff009\">.<\/a><\/div>\n<h2>Mo\u017cliwe dzia\u0142ania niepo\u017c\u0105dane<\/h2>\n<div class=\"su-divider su-divider-style-default\" style=\"margin:10px 0;border-width:3px;border-color:#ffffff00\"><a href=\"#\" style=\"color:#ffffff009\">.<\/a><\/div>\nChocia\u017c ten lek jest skuteczny, powoduje pewne skutki uboczne. Mog\u0105 waha\u0107 si\u0119 od \u0142agodnych do ci\u0119\u017ckich, w zale\u017cno\u015bci od podanej dawki, budowy cia\u0142a, podstawowego stanu zdrowia lub innych lek\u00f3w, z kt\u00f3rymi jest przyjmowany.<\/p>\n<p>\u0141agodne \/ cz\u0119ste dzia\u0142ania niepo\u017c\u0105dane s\u0105 nast\u0119puj\u0105ce:<\/p>\n<div class=\"su-divider su-divider-style-default\" style=\"margin:10px 0;border-width:3px;border-color:#ffffff00\"><a href=\"#\" style=\"color:#ffffff009\">.<\/a><\/div>\n<ul>\n<li>md\u0142o\u015bci;<\/li>\n<li>b\u00f3l g\u0142owy;<\/li>\n<li>trudno\u015bci z zasypianiem;<\/li>\n<li>nerwowo\u015b\u0107.<\/li>\n<\/ul>\n<div class=\"su-divider su-divider-style-default\" style=\"margin:10px 0;border-width:3px;border-color:#ffffff00\"><a href=\"#\" style=\"color:#ffffff009\">.<\/a><\/div>\nCi\u0119\u017ckie \/ rzadkie dzia\u0142ania niepo\u017c\u0105dane zwi\u0105zane z tym lekiem obejmuj\u0105 omamy, depresj\u0119, nieregularne bicie serca.<\/p>\n[\/vc_column][vc_column width=&#8221;1\/2&#8243;]\n<div class=\"su-divider su-divider-style-default\" style=\"margin:10px 0;border-width:3px;border-color:#ffffff00\"><a href=\"#\" style=\"color:#ffffff009\">.<\/a><\/div>\n<p>Reakcja alergiczna i b\u00f3l w klatce piersiowej to dwa inne bardzo powa\u017cne skutki uboczne, kt\u00f3re mog\u0105 wynika\u0107 ze stosowania tego leku. Objawy mog\u0105 obejmowa\u0107 trudno\u015bci w oddychaniu, wysypk\u0119, obrz\u0119k w\u0119z\u0142\u00f3w ch\u0142onnych, drapanie itp. W przypadku wyst\u0105pienia kt\u00f3regokolwiek z tych objaw\u00f3w nale\u017cy natychmiast zwr\u00f3ci\u0107 si\u0119 o pomoc medyczn\u0105. Zawsze najlepiej skonsultowa\u0107 si\u0119 z lekarzem przed rozpocz\u0119ciem leczenia tym lekiem.<\/p>\n<div class=\"su-divider su-divider-style-default\" style=\"margin:10px 0;border-width:3px;border-color:#ffffff00\"><a href=\"#\" style=\"color:#ffffff009\">.<\/a><\/div>\n<h2>Przeciwwskazania i \u015brodki ostro\u017cno\u015bci<\/h2>\n<div class=\"su-divider su-divider-style-default\" style=\"margin:10px 0;border-width:3px;border-color:#ffffff00\"><a href=\"#\" style=\"color:#ffffff009\">.<\/a><\/div>\nVilafinil mo\u017ce wchodzi\u0107 w interakcje z niekt\u00f3rymi lekami, jedzeniem i alkoholem. Interakcja mo\u017ce zmniejszy\u0107 skuteczno\u015b\u0107 jednego lub obu lek\u00f3w lub zwi\u0119kszy\u0107 ryzyko skutk\u00f3w ubocznych. Niekt\u00f3re leki, kt\u00f3re oddzia\u0142uj\u0105 z modafinilem, obejmuj\u0105:<\/p>\n<div class=\"su-divider su-divider-style-default\" style=\"margin:10px 0;border-width:3px;border-color:#ffffff00\"><a href=\"#\" style=\"color:#ffffff009\">.<\/a><\/div>\n<ul>\n<li>leki stosowane w leczeniu przewlek\u0142ego zapalenia w\u0105troby typu C, na przyk\u0142ad Ombitasvir \/ Paritaprevir \/ Ritonavir, Asunaprewir;<\/li>\n<li>narkotyki uliczne, takie jak ecstasy, metamfetamina itp .;<\/li>\n<li>kodeina;<\/li>\n<li>Citalopram;<\/li>\n<li>buprenorfina.<\/li>\n<\/ul>\n<div class=\"su-divider su-divider-style-default\" style=\"margin:10px 0;border-width:3px;border-color:#ffffff00\"><a href=\"#\" style=\"color:#ffffff009\">.<\/a><\/div>\nPrzyjmowanie Vilafinilu z niekt\u00f3rymi rodzajami \u017cywno\u015bci lub w czasie jedzenia mo\u017ce nie by\u0107 odpowiednie. R\u00f3wnie\u017c spo\u017cywanie alkoholu z tym lekiem, szczeg\u00f3lnie w nadmiernych ilo\u015bciach, mo\u017ce powodowa\u0107 interakcje. Skonsultuj si\u0119 z lekarzem przed po\u0142\u0105czeniem tego leku z jakimkolwiek lekiem, jedzeniem i alkoholem.<\/p>\n<div class=\"su-divider su-divider-style-default\" style=\"margin:10px 0;border-width:3px;border-color:#ffffff00\"><a href=\"#\" style=\"color:#ffffff009\">.<\/a><\/div>\n<h2>Do\u015bwiadczenie konsumenta<\/h2>\n<div class=\"su-divider su-divider-style-default\" style=\"margin:10px 0;border-width:3px;border-color:#ffffff00\"><a href=\"#\" style=\"color:#ffffff009\">.<\/a><\/div>\nChocia\u017c popularno\u015b\u0107 Vilafinilu wci\u0105\u017c ro\u015bnie, wiele os\u00f3b ma na to dobre s\u0142owo. Wi\u0119kszo\u015b\u0107 z nich zg\u0142osi\u0142a, \u017ce odczuwa wzrost energii, zwi\u0119kszon\u0105 koncentracj\u0119 i czujno\u015b\u0107 od czasu jego u\u017cycia. Wielu u\u017cytkownik\u00f3w umie\u015bci\u0142o go na tym samym poziomie, co lek markowy, pod wzgl\u0119dem skuteczno\u015bci i tolerancji.<\/p>\n<p>Z drugiej strony s\u0105 te\u017c tacy, kt\u00f3rzy zg\u0142aszali wyst\u0105pienie dzia\u0142a\u0144 niepo\u017c\u0105danych, takich jak zawroty g\u0142owy i b\u00f3le g\u0142owy po za\u017cyciu. Jest to jednak uwa\u017cane za normalne, szczeg\u00f3lnie w przypadku u\u017cytkownik\u00f3w po raz pierwszy. Te skutki uboczne s\u0105 cz\u0119sto kr\u00f3tkotrwa\u0142e.<\/p>\n<p>Skonsultuj si\u0119 z lekarzem przed za\u017cyciem tego leku, aby uzyska\u0107 jak najwi\u0119cej z niego.<\/p>\n<div class=\"su-divider su-divider-style-default\" style=\"margin:10px 0;border-width:3px;border-color:#ffffff00\"><a href=\"#\" style=\"color:#ffffff009\">.<\/a><\/div>\n<h2>Kup Generyczny Vilafinil 200 mg (Modafinil) online<\/h2>\n<div class=\"su-divider su-divider-style-default\" style=\"margin:10px 0;border-width:3px;border-color:#ffffff00\"><a href=\"#\" style=\"color:#ffffff009\">.<\/a><\/div>\nJe\u015bli zdecydowa\u0142e\u015b si\u0119 kupi\u0107 Vilafinil 200mg online od jednego ze sprzedawc\u00f3w sprzedaj\u0105cych go bez recepty ze wzgl\u0119du na wygod\u0119 i zwi\u0105zane z tym rabaty, BuyModafinilOnline jest jednym z najlepszych miejsc do szukania.<\/p>\n<p>Tutaj mo\u017cesz mie\u0107 pewno\u015b\u0107, \u017ce otrzymasz najlepszy stosunek jako\u015bci do ceny. Nasze ceny s\u0105 po prostu jednymi z najlepszych na rynku, a to dlatego, \u017ce wsp\u00f3\u0142pracujemy bezpo\u015brednio z najbardziej godnymi zaufania producentami z Indii. Ponadto mo\u017cesz p\u0142aci\u0107 bitcoinami i uzyska\u0107 <a href=\"https:\/\/buymodafinilonline.com\/pl\/zaplac-bitcoinami-a-dostaniesz-33-rabatu\/\">23% zni\u017cki<\/a>!<\/p>\n<p>W<a href=\"https:\/\/buymodafinilonline.com\/pl\/\"> Kup ModafinilOnline<\/a> , mamy szerok\u0105 gam\u0119 plik\u00f3w<a href=\"https:\/\/buymodafinilonline.com\/pl\/sklep\/\"> sprzeda\u017c inteligentnych lek\u00f3w<\/a> do wyboru<a href=\"https:\/\/buymodafinilonline.com\/pl\/pigulki-madrosci\/modvigil-200-mg\/\"> Modvigil<\/a> , Modawake,<a href=\"https:\/\/buymodafinilonline.com\/pl\/pigulki-madrosci\/waklert-150-mg-tabletki\/\"> Waklert<\/a> , Modalert i inne.<\/p>\n<p>Nie jeste\u015b jeszcze pewien, kt\u00f3ry lek za\u017cywa\u0107? Mo\u017cesz otrzyma\u0107 bezp\u0142atne pr\u00f3bki dostarczone do Ciebie. I z pomoc\u0105 naszego<a href=\"https:\/\/buymodafinilonline.com\/pl\/najlepszy-dostawca-w-polsce\/\"> szybka dostawa<\/a> , otrzymasz zam\u00f3wienie w ci\u0105gu kilku dni. Kupuj od razu, aby cieszy\u0107 si\u0119 najlepszymi ofertami.<\/p>\n[\/vc_column]\n<div class=\"su-divider su-divider-style-default\" style=\"margin:10px 0;border-width:3px;border-color:#ffffff00\"><a href=\"#\" style=\"color:#ffffff009\">.<\/a><\/div>\n","protected":false},"excerpt":{"rendered":"<p>Vilafinil firmy Centurion Laboratories to generyczna forma markowego leku znanego jako Provigil. S\u0142u\u017cy do zwalczania senno\u015bci w ci\u0105gu dnia i promowania skupienia. Z ka\u017cd\u0105 tabletk\u0105 zawieraj\u0105c\u0105 200 mg modafinilu jako sk\u0142adnika aktywnego, Vilafinil jest w 100% tak skuteczny jak Provigil i 10 razy ta\u0144szy. Kupuj u nas, aby cieszy\u0107 si\u0119 niesamowitymi ofertami i rabatami.<\/p>\n[sc name=\"s1\"]\n","protected":false},"featured_media":426136,"comment_status":"closed","ping_status":"closed","template":"","meta":{"_acf_changed":false},"product_brand":[],"product_cat":[4045],"product_tag":[4051],"class_list":{"0":"post-408435","1":"product","2":"type-product","3":"status-publish","4":"has-post-thumbnail","6":"product_cat-marki-inteligentnych-lekow","7":"product_tag-modafinil-pl","9":"first","10":"instock","11":"sale","12":"shipping-taxable","13":"purchasable","14":"product-type-variable","15":"has-default-attributes"},"acf":[],"yoast_head":"<!-- This site is optimized with the Yoast SEO Premium plugin v23.6 (Yoast SEO v27.4) - https:\/\/yoast.com\/product\/yoast-seo-premium-wordpress\/ -->\n<title>Kup Vilafinil 200mg (Modafinil) bez recepty - KupModafinilOnline<\/title>\n<meta name=\"description\" content=\"Kup tanie tabletki Vilafinil 200 mg online z Indii w aptece BuyModafinilOnline. Zdob\u0105d\u017a 20 DARMOWYCH tabletek (modafinil + armodafinil) przy ka\u017cdym zam\u00f3wieniu i 25 USD zni\u017cki dla powracaj\u0105cych klient\u00f3w!\" \/>\n<meta name=\"robots\" content=\"index, follow, max-snippet:-1, max-image-preview:large, max-video-preview:-1\" \/>\n<link rel=\"canonical\" href=\"https:\/\/buymodafinilonline.com\/pl\/pigulki-madrosci\/vilafinil-200-mg\/\" \/>\n<meta property=\"og:locale\" content=\"pl_PL\" \/>\n<meta property=\"og:type\" content=\"article\" \/>\n<meta property=\"og:title\" content=\"Vilafinil 200 mg\" \/>\n<meta property=\"og:description\" content=\"Kup tanie tabletki Vilafinil 200 mg online z Indii w aptece BuyModafinilOnline. Zdob\u0105d\u017a 20 DARMOWYCH tabletek (modafinil + armodafinil) przy ka\u017cdym zam\u00f3wieniu i 25 USD zni\u017cki dla powracaj\u0105cych klient\u00f3w!\" \/>\n<meta property=\"og:url\" content=\"https:\/\/buymodafinilonline.com\/pl\/pigulki-madrosci\/vilafinil-200-mg\/\" \/>\n<meta property=\"og:site_name\" content=\"BuyModafinilOnline.com\" \/>\n<meta property=\"article:modified_time\" content=\"2025-05-11T14:09:54+00:00\" \/>\n<meta property=\"og:image\" content=\"https:\/\/buymodafinilonline.com\/wp-content\/uploads\/2021\/09\/bmo-product-vilafinil-new.png\" \/>\n\t<meta property=\"og:image:width\" content=\"1280\" \/>\n\t<meta property=\"og:image:height\" content=\"1500\" \/>\n\t<meta property=\"og:image:type\" content=\"image\/png\" \/>\n<meta name=\"twitter:label1\" content=\"Szacowany czas czytania\" \/>\n\t<meta name=\"twitter:data1\" content=\"5 minut\" \/>\n<script type=\"application\/ld+json\" class=\"yoast-schema-graph\">{\"@context\":\"https:\\\/\\\/schema.org\",\"@graph\":[{\"@type\":\"WebPage\",\"@id\":\"https:\\\/\\\/buymodafinilonline.com\\\/pl\\\/pigulki-madrosci\\\/vilafinil-200-mg\\\/\",\"url\":\"https:\\\/\\\/buymodafinilonline.com\\\/pl\\\/pigulki-madrosci\\\/vilafinil-200-mg\\\/\",\"name\":\"Kup Vilafinil 200mg (Modafinil) bez recepty - KupModafinilOnline\",\"isPartOf\":{\"@id\":\"https:\\\/\\\/buymodafinilonline.com\\\/pl\\\/#website\"},\"primaryImageOfPage\":{\"@id\":\"https:\\\/\\\/buymodafinilonline.com\\\/pl\\\/pigulki-madrosci\\\/vilafinil-200-mg\\\/#primaryimage\"},\"image\":{\"@id\":\"https:\\\/\\\/buymodafinilonline.com\\\/pl\\\/pigulki-madrosci\\\/vilafinil-200-mg\\\/#primaryimage\"},\"thumbnailUrl\":\"https:\\\/\\\/buymodafinilonline.com\\\/wp-content\\\/uploads\\\/2021\\\/09\\\/bmo-product-vilafinil-new.png\",\"datePublished\":\"2020-11-08T16:09:43+00:00\",\"dateModified\":\"2025-05-11T14:09:54+00:00\",\"description\":\"Kup tanie tabletki Vilafinil 200 mg online z Indii w aptece BuyModafinilOnline. Zdob\u0105d\u017a 20 DARMOWYCH tabletek (modafinil + armodafinil) przy ka\u017cdym zam\u00f3wieniu i 25 USD zni\u017cki dla powracaj\u0105cych klient\u00f3w!\",\"breadcrumb\":{\"@id\":\"https:\\\/\\\/buymodafinilonline.com\\\/pl\\\/pigulki-madrosci\\\/vilafinil-200-mg\\\/#breadcrumb\"},\"inLanguage\":\"pl-PL\",\"potentialAction\":[{\"@type\":\"ReadAction\",\"target\":[\"https:\\\/\\\/buymodafinilonline.com\\\/pl\\\/pigulki-madrosci\\\/vilafinil-200-mg\\\/\"]}]},{\"@type\":\"ImageObject\",\"inLanguage\":\"pl-PL\",\"@id\":\"https:\\\/\\\/buymodafinilonline.com\\\/pl\\\/pigulki-madrosci\\\/vilafinil-200-mg\\\/#primaryimage\",\"url\":\"https:\\\/\\\/buymodafinilonline.com\\\/wp-content\\\/uploads\\\/2021\\\/09\\\/bmo-product-vilafinil-new.png\",\"contentUrl\":\"https:\\\/\\\/buymodafinilonline.com\\\/wp-content\\\/uploads\\\/2021\\\/09\\\/bmo-product-vilafinil-new.png\",\"width\":1280,\"height\":1500,\"caption\":\"Vilafinil 200 mg\"},{\"@type\":\"BreadcrumbList\",\"@id\":\"https:\\\/\\\/buymodafinilonline.com\\\/pl\\\/pigulki-madrosci\\\/vilafinil-200-mg\\\/#breadcrumb\",\"itemListElement\":[{\"@type\":\"ListItem\",\"position\":1,\"name\":\"Buy Modafinil Online\",\"item\":\"https:\\\/\\\/buymodafinilonline.com\\\/pl\\\/\"},{\"@type\":\"ListItem\",\"position\":2,\"name\":\"Sklep\",\"item\":\"https:\\\/\\\/buymodafinilonline.com\\\/pl\\\/sklep\\\/\"},{\"@type\":\"ListItem\",\"position\":3,\"name\":\"Marki inteligentnych lek\u00f3w\",\"item\":\"https:\\\/\\\/buymodafinilonline.com\\\/pl\\\/kategoria-produktow\\\/marki-inteligentnych-lekow\\\/\"},{\"@type\":\"ListItem\",\"position\":4,\"name\":\"Vilafinil 200 mg\"}]},{\"@type\":\"WebSite\",\"@id\":\"https:\\\/\\\/buymodafinilonline.com\\\/pl\\\/#website\",\"url\":\"https:\\\/\\\/buymodafinilonline.com\\\/pl\\\/\",\"name\":\"BuyModafinilOnline.com\",\"description\":\"Modafinil Online Pharmacy\",\"publisher\":{\"@id\":\"https:\\\/\\\/buymodafinilonline.com\\\/pl\\\/#organization\"},\"potentialAction\":[{\"@type\":\"SearchAction\",\"target\":{\"@type\":\"EntryPoint\",\"urlTemplate\":\"https:\\\/\\\/buymodafinilonline.com\\\/pl\\\/?s={search_term_string}\"},\"query-input\":{\"@type\":\"PropertyValueSpecification\",\"valueRequired\":true,\"valueName\":\"search_term_string\"}}],\"inLanguage\":\"pl-PL\"},{\"@type\":\"Organization\",\"@id\":\"https:\\\/\\\/buymodafinilonline.com\\\/pl\\\/#organization\",\"name\":\"BuyModafinilOnline\",\"url\":\"https:\\\/\\\/buymodafinilonline.com\\\/pl\\\/\",\"logo\":{\"@type\":\"ImageObject\",\"inLanguage\":\"pl-PL\",\"@id\":\"https:\\\/\\\/buymodafinilonline.com\\\/pl\\\/#\\\/schema\\\/logo\\\/image\\\/\",\"url\":\"https:\\\/\\\/buymodafinilonline.com\\\/wp-content\\\/uploads\\\/2020\\\/04\\\/logo-buy-modafinil-online-yellow.png\",\"contentUrl\":\"https:\\\/\\\/buymodafinilonline.com\\\/wp-content\\\/uploads\\\/2020\\\/04\\\/logo-buy-modafinil-online-yellow.png\",\"width\":200,\"height\":200,\"caption\":\"BuyModafinilOnline\"},\"image\":{\"@id\":\"https:\\\/\\\/buymodafinilonline.com\\\/pl\\\/#\\\/schema\\\/logo\\\/image\\\/\"}}]}<\/script>\n<!-- \/ Yoast SEO Premium plugin. -->","yoast_head_json":{"title":"Kup Vilafinil 200mg (Modafinil) bez recepty - KupModafinilOnline","description":"Kup tanie tabletki Vilafinil 200 mg online z Indii w aptece BuyModafinilOnline. Zdob\u0105d\u017a 20 DARMOWYCH tabletek (modafinil + armodafinil) przy ka\u017cdym zam\u00f3wieniu i 25 USD zni\u017cki dla powracaj\u0105cych klient\u00f3w!","robots":{"index":"index","follow":"follow","max-snippet":"max-snippet:-1","max-image-preview":"max-image-preview:large","max-video-preview":"max-video-preview:-1"},"canonical":"https:\/\/buymodafinilonline.com\/pl\/pigulki-madrosci\/vilafinil-200-mg\/","og_locale":"pl_PL","og_type":"article","og_title":"Vilafinil 200 mg","og_description":"Kup tanie tabletki Vilafinil 200 mg online z Indii w aptece BuyModafinilOnline. Zdob\u0105d\u017a 20 DARMOWYCH tabletek (modafinil + armodafinil) przy ka\u017cdym zam\u00f3wieniu i 25 USD zni\u017cki dla powracaj\u0105cych klient\u00f3w!","og_url":"https:\/\/buymodafinilonline.com\/pl\/pigulki-madrosci\/vilafinil-200-mg\/","og_site_name":"BuyModafinilOnline.com","article_modified_time":"2025-05-11T14:09:54+00:00","og_image":[{"width":1280,"height":1500,"url":"https:\/\/buymodafinilonline.com\/wp-content\/uploads\/2021\/09\/bmo-product-vilafinil-new.png","type":"image\/png"}],"twitter_misc":{"Szacowany czas czytania":"5 minut"},"schema":{"@context":"https:\/\/schema.org","@graph":[{"@type":"WebPage","@id":"https:\/\/buymodafinilonline.com\/pl\/pigulki-madrosci\/vilafinil-200-mg\/","url":"https:\/\/buymodafinilonline.com\/pl\/pigulki-madrosci\/vilafinil-200-mg\/","name":"Kup Vilafinil 200mg (Modafinil) bez recepty - KupModafinilOnline","isPartOf":{"@id":"https:\/\/buymodafinilonline.com\/pl\/#website"},"primaryImageOfPage":{"@id":"https:\/\/buymodafinilonline.com\/pl\/pigulki-madrosci\/vilafinil-200-mg\/#primaryimage"},"image":{"@id":"https:\/\/buymodafinilonline.com\/pl\/pigulki-madrosci\/vilafinil-200-mg\/#primaryimage"},"thumbnailUrl":"https:\/\/buymodafinilonline.com\/wp-content\/uploads\/2021\/09\/bmo-product-vilafinil-new.png","datePublished":"2020-11-08T16:09:43+00:00","dateModified":"2025-05-11T14:09:54+00:00","description":"Kup tanie tabletki Vilafinil 200 mg online z Indii w aptece BuyModafinilOnline. Zdob\u0105d\u017a 20 DARMOWYCH tabletek (modafinil + armodafinil) przy ka\u017cdym zam\u00f3wieniu i 25 USD zni\u017cki dla powracaj\u0105cych klient\u00f3w!","breadcrumb":{"@id":"https:\/\/buymodafinilonline.com\/pl\/pigulki-madrosci\/vilafinil-200-mg\/#breadcrumb"},"inLanguage":"pl-PL","potentialAction":[{"@type":"ReadAction","target":["https:\/\/buymodafinilonline.com\/pl\/pigulki-madrosci\/vilafinil-200-mg\/"]}]},{"@type":"ImageObject","inLanguage":"pl-PL","@id":"https:\/\/buymodafinilonline.com\/pl\/pigulki-madrosci\/vilafinil-200-mg\/#primaryimage","url":"https:\/\/buymodafinilonline.com\/wp-content\/uploads\/2021\/09\/bmo-product-vilafinil-new.png","contentUrl":"https:\/\/buymodafinilonline.com\/wp-content\/uploads\/2021\/09\/bmo-product-vilafinil-new.png","width":1280,"height":1500,"caption":"Vilafinil 200 mg"},{"@type":"BreadcrumbList","@id":"https:\/\/buymodafinilonline.com\/pl\/pigulki-madrosci\/vilafinil-200-mg\/#breadcrumb","itemListElement":[{"@type":"ListItem","position":1,"name":"Buy Modafinil Online","item":"https:\/\/buymodafinilonline.com\/pl\/"},{"@type":"ListItem","position":2,"name":"Sklep","item":"https:\/\/buymodafinilonline.com\/pl\/sklep\/"},{"@type":"ListItem","position":3,"name":"Marki inteligentnych lek\u00f3w","item":"https:\/\/buymodafinilonline.com\/pl\/kategoria-produktow\/marki-inteligentnych-lekow\/"},{"@type":"ListItem","position":4,"name":"Vilafinil 200 mg"}]},{"@type":"WebSite","@id":"https:\/\/buymodafinilonline.com\/pl\/#website","url":"https:\/\/buymodafinilonline.com\/pl\/","name":"BuyModafinilOnline.com","description":"Modafinil Online Pharmacy","publisher":{"@id":"https:\/\/buymodafinilonline.com\/pl\/#organization"},"potentialAction":[{"@type":"SearchAction","target":{"@type":"EntryPoint","urlTemplate":"https:\/\/buymodafinilonline.com\/pl\/?s={search_term_string}"},"query-input":{"@type":"PropertyValueSpecification","valueRequired":true,"valueName":"search_term_string"}}],"inLanguage":"pl-PL"},{"@type":"Organization","@id":"https:\/\/buymodafinilonline.com\/pl\/#organization","name":"BuyModafinilOnline","url":"https:\/\/buymodafinilonline.com\/pl\/","logo":{"@type":"ImageObject","inLanguage":"pl-PL","@id":"https:\/\/buymodafinilonline.com\/pl\/#\/schema\/logo\/image\/","url":"https:\/\/buymodafinilonline.com\/wp-content\/uploads\/2020\/04\/logo-buy-modafinil-online-yellow.png","contentUrl":"https:\/\/buymodafinilonline.com\/wp-content\/uploads\/2020\/04\/logo-buy-modafinil-online-yellow.png","width":200,"height":200,"caption":"BuyModafinilOnline"},"image":{"@id":"https:\/\/buymodafinilonline.com\/pl\/#\/schema\/logo\/image\/"}}]}},"_links":{"self":[{"href":"https:\/\/buymodafinilonline.com\/pl\/wp-json\/wp\/v2\/product\/408435","targetHints":{"allow":["GET"]}}],"collection":[{"href":"https:\/\/buymodafinilonline.com\/pl\/wp-json\/wp\/v2\/product"}],"about":[{"href":"https:\/\/buymodafinilonline.com\/pl\/wp-json\/wp\/v2\/types\/product"}],"replies":[{"embeddable":true,"href":"https:\/\/buymodafinilonline.com\/pl\/wp-json\/wp\/v2\/comments?post=408435"}],"wp:featuredmedia":[{"embeddable":true,"href":"https:\/\/buymodafinilonline.com\/pl\/wp-json\/wp\/v2\/media\/426136"}],"wp:attachment":[{"href":"https:\/\/buymodafinilonline.com\/pl\/wp-json\/wp\/v2\/media?parent=408435"}],"wp:term":[{"taxonomy":"product_brand","embeddable":true,"href":"https:\/\/buymodafinilonline.com\/pl\/wp-json\/wp\/v2\/product_brand?post=408435"},{"taxonomy":"product_cat","embeddable":true,"href":"https:\/\/buymodafinilonline.com\/pl\/wp-json\/wp\/v2\/product_cat?post=408435"},{"taxonomy":"product_tag","embeddable":true,"href":"https:\/\/buymodafinilonline.com\/pl\/wp-json\/wp\/v2\/product_tag?post=408435"}],"curies":[{"name":"wp","href":"https:\/\/api.w.org\/{rel}","templated":true}]}}