{"id":408485,"date":"2020-03-23T21:52:14","date_gmt":"2020-11-08T16:09:58","guid":{"rendered":"https:\/\/buymodafinilonline.com\/smart-drugs\/modaheal-200-mg\/"},"modified":"2025-05-11T15:21:52","modified_gmt":"2025-05-11T14:21:52","slug":"modaheal-200-mg-tabletki","status":"publish","type":"product","link":"https:\/\/buymodafinilonline.com\/pl\/pigulki-madrosci\/modaheal-200-mg-tabletki\/","title":{"rendered":"Modaheal 200 mg"},"content":{"rendered":"[vc_column width=&#8221;1\/2&#8243;]\n<div class=\"su-divider su-divider-style-default\" style=\"margin:10px 0;border-width:3px;border-color:#ffffff00\"><a href=\"#\" style=\"color:#ffffff009\">.<\/a><\/div>\n<h2>Co to jest Modaheal 200 mg?<\/h2>\n<div class=\"su-divider su-divider-style-default\" style=\"margin:10px 0;border-width:3px;border-color:#ffffff00\"><a href=\"#\" style=\"color:#ffffff009\">.<\/a><\/div>\nModaheal to og\u00f3lna wersja modafinilu. Jest wytwarzany w tych samych 200 mg dawkach, co wiele innych marek modafinilu i produkt\u00f3w generycznych. Jest r\u00f3wnie\u017c dost\u0119pny w dawce 100 mg. Modaheal jest cz\u0119sto sprzedawany g\u0142\u00f3wnie ze wzgl\u0119du na imponuj\u0105ce efekty eugeroiczne (promuj\u0105ce przebudzenie).<\/p>\n<p>Jest to bardzo silny lek przepisywany przez lekarzy w leczeniu narkolepsji, obturacyjnego bezdechu sennego, nadmiernej senno\u015bci w ci\u0105gu dnia, idiopatycznej hipersomnii, zaburze\u0144 snu zwi\u0105zanych z prac\u0105 zmianow\u0105 i innych schorze\u0144.<\/p>\n<div class=\"su-divider su-divider-style-default\" style=\"margin:10px 0;border-width:3px;border-color:#ffffff00\"><a href=\"#\" style=\"color:#ffffff009\">.<\/a><\/div>\n<h2>Jak dzia\u0142aj\u0105 te tabletki?<\/h2>\n<div class=\"su-divider su-divider-style-default\" style=\"margin:10px 0;border-width:3px;border-color:#ffffff00\"><a href=\"#\" style=\"color:#ffffff009\">.<\/a><\/div>\nModafinil to wysoce skuteczny lek, kt\u00f3ry dzia\u0142a poprzez stymulacj\u0119 uwalniania substancji chemicznych, kt\u00f3re sprzyjaj\u0105 czuwaniu. Jest powszechnie znany jako \u015brodek promuj\u0105cy stan czuwania.<\/p>\n<p>Modaheal dzia\u0142a poprzez zmniejszenie wychwytu zwrotnego dopaminy do nerw\u00f3w, w ten spos\u00f3b promuj\u0105c funkcje m\u00f3zgu, zwi\u0119kszaj\u0105c aktywno\u015b\u0107 umys\u0142ow\u0105 i efekty wzmacniaj\u0105ce funkcje poznawcze.<\/p>\n<div class=\"su-divider su-divider-style-default\" style=\"margin:10px 0;border-width:3px;border-color:#ffffff00\"><a href=\"#\" style=\"color:#ffffff009\">.<\/a><\/div>\n<h2>Bezpieczne dawkowanie i w\u0142a\u015bciwe stosowanie<\/h2>\n<div class=\"su-divider su-divider-style-default\" style=\"margin:10px 0;border-width:3px;border-color:#ffffff00\"><a href=\"#\" style=\"color:#ffffff009\">.<\/a><\/div>\nJe\u015bli przepisano go na narkolepsj\u0119 lub bezdech senny, 200 mg tego leku nale\u017cy przyjmowa\u0107 raz dziennie rano. W przypadku os\u00f3b przepisanych w celu leczenia zaburze\u0144 snu spowodowanych prac\u0105 zmianow\u0105 nale\u017cy j\u0105 przyj\u0105\u0107 1 godzin\u0119 przed rozpocz\u0119ciem zmiany. Dzia\u0142a to w celu poprawy czuwania u pacjent\u00f3w z nadmiern\u0105 senno\u015bci\u0105.<\/p>\n<p>Osoby przyjmuj\u0105ce ten lek na funkcje poznawcze powinny przyjmowa\u0107 go raz dziennie w razie potrzeby. Jednak konsultacja z lekarzem przed podaniem Modaheal jest konieczna, aby unikn\u0105\u0107 wyst\u0105pienia powa\u017cnych skutk\u00f3w ubocznych i interakcji z lekami. Twoje zdrowie powinno zosta\u0107 ocenione przed za\u017cyciem.<\/p>\n<div class=\"su-divider su-divider-style-default\" style=\"margin:10px 0;border-width:3px;border-color:#ffffff00\"><a href=\"#\" style=\"color:#ffffff009\">.<\/a><\/div>\n<h2>Mo\u017cliwe dzia\u0142ania niepo\u017c\u0105dane<\/h2>\n<div class=\"su-divider su-divider-style-default\" style=\"margin:10px 0;border-width:3px;border-color:#ffffff00\"><a href=\"#\" style=\"color:#ffffff009\">.<\/a><\/div>\nJak ka\u017cdy skuteczny lek, dzia\u0142ania niepo\u017c\u0105dane mog\u0105 wyst\u0105pi\u0107 w zale\u017cno\u015bci od indywidualnego stanu zdrowia, reakcji i przestrzegania dawkowania.<\/p>\n<p>Typowe negatywne skutki mog\u0105 obejmowa\u0107:<\/p>\n<div class=\"su-divider su-divider-style-default\" style=\"margin:10px 0;border-width:3px;border-color:#ffffff00\"><a href=\"#\" style=\"color:#ffffff009\">.<\/a><\/div>\n<ul>\n<li>b\u00f3l g\u0142owy;<\/li>\n<li>uczucie nerwowo\u015bci lub l\u0119ku;<\/li>\n<li>b\u00f3l plec\u00f3w;<\/li>\n<li>problemy ze snem (bezsenno\u015b\u0107);<\/li>\n<li>zawroty g\u0142owy;<\/li>\n<li>nudno\u015bci, rozstr\u00f3j \u017co\u0142\u0105dka, biegunka;<\/li>\n<li>zatkany nos.<\/li>\n<\/ul>\n<div class=\"su-divider su-divider-style-default\" style=\"margin:10px 0;border-width:3px;border-color:#ffffff00\"><a href=\"#\" style=\"color:#ffffff009\">.<\/a><\/div>\nJednak mog\u0105 wyst\u0105pi\u0107 powa\u017cne skutki uboczne, w tym:<\/p>\n<div class=\"su-divider su-divider-style-default\" style=\"margin:10px 0;border-width:3px;border-color:#ffffff00\"><a href=\"#\" style=\"color:#ffffff009\">.<\/a><\/div>\n<ul>\n<li>gor\u0105czka;<\/li>\n<li>uporczywa senno\u015b\u0107;<\/li>\n<li>obrz\u0119k naczynioruchowy i reakcje anafilaktyczne;<\/li>\n<li>b\u00f3l w klatce piersiowej;<\/li>\n<li>\u0142atwe siniaczenie lub krwawienie;<\/li>\n<li>halucynacje;<\/li>\n<li>szybkie \/ bicie \/ nieregularne bicie serca;<\/li>\n<li>depresja;<\/li>\n<li>reakcje nadwra\u017cliwo\u015bci wielonarz\u0105dowej;<\/li>\n<li>zmiany psychiczne \/ nastroju (takie jak omamy, spl\u0105tanie, rzadkie my\u015bli samob\u00f3jcze).<\/li>\n<\/ul>\n<div class=\"su-divider su-divider-style-default\" style=\"margin:10px 0;border-width:3px;border-color:#ffffff00\"><a href=\"#\" style=\"color:#ffffff009\">.<\/a><\/div>\nTo nie jest pe\u0142na lista mo\u017cliwych niekorzystnych, rzadkich lub typowych negatywnych skutk\u00f3w &#8211; mog\u0105 wyst\u0105pi\u0107 inne. Zasi\u0119gnij porady lekarza przed przyj\u0119ciem tego leku.<\/p>\n[\/vc_column][vc_column width=&#8221;1\/2&#8243;]\n<div class=\"su-divider su-divider-style-default\" style=\"margin:10px 0;border-width:3px;border-color:#ffffff00\"><a href=\"#\" style=\"color:#ffffff009\">.<\/a><\/div>\n<h2>Przeciwwskazania i \u015brodki ostro\u017cno\u015bci<\/h2>\n<div class=\"su-divider su-divider-style-default\" style=\"margin:10px 0;border-width:3px;border-color:#ffffff00\"><a href=\"#\" style=\"color:#ffffff009\">.<\/a><\/div>\nJak ka\u017cdy lek, mog\u0105 wyst\u0105pi\u0107 interakcje z modafinilem. Tego leku nie nale\u017cy miesza\u0107 z niekt\u00f3rymi lekami.<\/p>\n<p>Na przyk\u0142ad:<\/p>\n<div class=\"su-divider su-divider-style-default\" style=\"margin:10px 0;border-width:3px;border-color:#ffffff00\"><a href=\"#\" style=\"color:#ffffff009\">.<\/a><\/div>\n<ul>\n<li>cyklosporyna (Sandimmune);<\/li>\n<li>hormonalne \u015brodki antykoncepcyjne (tj. Micronor);<\/li>\n<li>Ketokonazol (Nizoral);<\/li>\n<li>teofilina (Theo-24);<\/li>\n<li>warfaryna (Coumadin);<\/li>\n<li>propranolol (Inderal);<\/li>\n<li>ryfampicyna (ryfadyna);<\/li>\n<li>diazepam (Valium);<\/li>\n<li>itrakonazol (Sporanox).<\/li>\n<\/ul>\n<div class=\"su-divider su-divider-style-default\" style=\"margin:10px 0;border-width:3px;border-color:#ffffff00\"><a href=\"#\" style=\"color:#ffffff009\">.<\/a><\/div>\nTa lista nie jest kompletna. Tw\u00f3j lekarz powinien oceni\u0107 lek, kt\u00f3rego u\u017cywasz, i chorob\u0119, kt\u00f3r\u0105 masz. Przed karmieniem piersi\u0105 skonsultuj si\u0119 ze swoim lekarzem.<\/p>\n<p>Nie pij r\u00f3wnie\u017c alkoholu podczas stosowania tego leku. Ten lek jest zalecany do stosowania przez osoby powy\u017cej 18 lat, a je\u015bli go przyjmuj\u0105, nie nale\u017cy nagle przerywa\u0107 leczenia, poniewa\u017c mog\u0105 wyst\u0105pi\u0107 objawy odstawienia. Nie zaleca si\u0119 przyjmowania leku Modaheal 200 mg w przypadku uczulenia na to.<\/p>\n<p>Jedzenie dobrze dzia\u0142a z tego typu lekami. Mo\u017cesz go przyjmowa\u0107 na pusty \u017co\u0142\u0105dek lub z jedzeniem.<\/p>\n<div class=\"su-divider su-divider-style-default\" style=\"margin:10px 0;border-width:3px;border-color:#ffffff00\"><a href=\"#\" style=\"color:#ffffff009\">.<\/a><\/div>\n<h2>Do\u015bwiadczenie konsumenta<\/h2>\n<div class=\"su-divider su-divider-style-default\" style=\"margin:10px 0;border-width:3px;border-color:#ffffff00\"><a href=\"#\" style=\"color:#ffffff009\">.<\/a><\/div>\nPytania i wyszukiwania dotycz\u0105ce modafinilu zosta\u0142y dog\u0142\u0119bnie zbadane, a osoby u\u017cywaj\u0105ce go zg\u0142aszaj\u0105, \u017ce do\u015bwiadczaj\u0105 wy\u017cszej skuteczno\u015bci. To najlepszy lek poprawiaj\u0105cy stan czuwania i promuj\u0105cy funkcje poznawcze przy zwi\u0119kszonej produktywno\u015bci.<\/p>\n<p>Modafinil to lek poznawczy wysoko oceniany w Internecie jako bezpieczny bez uzale\u017cnienia, chocia\u017c konieczne jest monitorowanie i kontrola lek\u00f3w. Przed u\u017cyciem zawsze skonsultuj si\u0119 z lekarzem. Kilka os\u00f3b prowadz\u0105cych zdrowe \u017cycie do\u015bwiadcza niewielkich lub \u017cadnych negatywnych skutk\u00f3w, a dost\u0119pno\u015b\u0107 lek\u00f3w generycznych sprawia, \u017ce jest on bardzo poszukiwany i \u0142atwo dost\u0119pny dla r\u00f3\u017cnych ludzi na ca\u0142ym \u015bwiecie, poniewa\u017c modafinil jest generyczny.<\/p>\n<div class=\"su-divider su-divider-style-default\" style=\"margin:10px 0;border-width:3px;border-color:#ffffff00\"><a href=\"#\" style=\"color:#ffffff009\">.<\/a><\/div>\n<h2>Kup Generic Modaheal 200mg (Modafinil) Online<\/h2>\n<div class=\"su-divider su-divider-style-default\" style=\"margin:10px 0;border-width:3px;border-color:#ffffff00\"><a href=\"#\" style=\"color:#ffffff009\">.<\/a><\/div>\n\u015arodki ostro\u017cno\u015bci powinny si\u0119 przyda\u0107 przy kupowaniu lek\u00f3w na recept\u0119 lub poza wskazaniami. Dostanie si\u0119 do internetu lek\u00f3w o wysokich wymaganiach mo\u017ce wywo\u0142a\u0107 niepo\u017c\u0105dane do\u015bwiadczenia. Fa\u0142szywe lub podrabiane leki s\u0105 sprzedawane online z nielegalnych witryn, kt\u00f3re dzia\u0142aj\u0105 jako oszustwa.<\/p>\n<p>Je\u015bli szukasz najlepszego miejsca na zakup tanich, ale wysokiej jako\u015bci generycznych tabletek Modaheal, mo\u017cesz bezpiecznie je kupi\u0107 w BuyModafinilOnline &#8211; internetowej najlepszej aptece internetowej oferuj\u0105cej oryginalne leki z modafinilem pozyskiwane z zatwierdzonych producent\u00f3w bez recepty.<\/p>\n<p>Mo\u017cesz te\u017c kupi\u0107 takie popularne nootropy, jak<a href=\"https:\/\/buymodafinilonline.com\/pl\/pigulki-madrosci\/waklert-150-mg-tabletki\/\"> Waklert<\/a> ,<a href=\"https:\/\/buymodafinilonline.com\/pl\/pigulki-madrosci\/vilafinil-200-mg\/\"> Vilafinil<\/a> ,<a href=\"https:\/\/buymodafinilonline.com\/pl\/pigulki-madrosci\/modafresh-200-mg\/\"> Modafresh<\/a> , i inni.<\/p>\n<p><a href=\"https:\/\/buymodafinilonline.com\/pl\/\">Kup ModafinilOnline<\/a> &#8211; oferuje leki modafinilowe bez recepty. Ceny lek\u00f3w z tego sklepu s\u0105 niezwykle tanie &#8211; sprzedawane po kosztach produkcji. Oferuje r\u00f3wnie\u017c r\u00f3\u017cne opcje p\u0142atno\u015bci, w tym <a href=\"https:\/\/buymodafinilonline.com\/pl\/zaplac-bitcoinami-a-dostaniesz-33-rabatu\/\">bitcoiny<\/a> (23% zni\u017cki). Inne opcje p\u0142atno\u015bci to PayPal i karta kredytowa.<\/p>\n<p>Plik<a href=\"https:\/\/buymodafinilonline.com\/pl\/najlepszy-dostawca-w-polsce\/\"> Wysy\u0142ka \ue838<\/a> paczek kupuj\u0105cych jest bardzo szybka &#8211; na ca\u0142y \u015bwiat &#8211; w tym mi\u0119dzy innymi do USA, Wielkiej Brytanii, Australii i Nowej Zelandii, z wyj\u0105tkiem kilku wymienionych kraj\u00f3w. Nawet je\u015bli dostawa nie powiod\u0142a si\u0119, mo\u017cliwa jest ponowna wysy\u0142ka lub zwrot pieni\u0119dzy.<\/p>\n<p>Zam\u00f3w Modaheal 200 mg i skorzystaj z dost\u0119pnych rabat\u00f3w i kupon\u00f3w, aby zaoszcz\u0119dzi\u0107 wi\u0119cej pieni\u0119dzy!<\/p>\n[\/vc_column]\n<div class=\"su-divider su-divider-style-default\" style=\"margin:10px 0;border-width:3px;border-color:#ffffff00\"><a href=\"#\" style=\"color:#ffffff009\">.<\/a><\/div>\n","protected":false},"excerpt":{"rendered":"<p>Kup ten lek, aby promowa\u0107 stan czuwania i poprawi\u0107 funkcje poznawcze. Modaheal 200 mg jest wytwarzany przy u\u017cyciu aktywnego sk\u0142adnika &#8211; modafinilu, jednego z najbardziej znanych i popularnych lek\u00f3w. Modaheal jest produkowany przez Healing Pharma w Indiach. Pobranie go z naszego sklepu gwarantuje, \u017ce otrzymasz wysokiej jako\u015bci lek zatwierdzony do leczenia r\u00f3\u017cnych schorze\u0144 pozbawionych czuwania. Kup za bardzo nisk\u0105 cen\u0119 z gwarancj\u0105 dostawy.<\/p>\n[sc name=\"s1\"]\n","protected":false},"featured_media":426129,"comment_status":"open","ping_status":"closed","template":"","meta":{"_acf_changed":false},"product_brand":[],"product_cat":[4045],"product_tag":[4051],"class_list":{"0":"post-408485","1":"product","2":"type-product","3":"status-publish","4":"has-post-thumbnail","6":"product_cat-marki-inteligentnych-lekow","7":"product_tag-modafinil-pl","9":"first","10":"instock","11":"sale","12":"shipping-taxable","13":"purchasable","14":"product-type-variable","15":"has-default-attributes"},"acf":[],"yoast_head":"<!-- This site is optimized with the Yoast SEO Premium plugin v23.6 (Yoast SEO v27.3) - https:\/\/yoast.com\/product\/yoast-seo-premium-wordpress\/ -->\n<title>Kup leki bez recepty Modaheal 200 mg (Modafinil) - Kup ModafinilOnline<\/title>\n<meta name=\"description\" content=\"Kup tanie tabletki Modaheal 200 mg online bez recepty w aptece BuyModafinilOnline. P\u0142a\u0107 Bitcoinami i otrzymaj gwarantowane 23% ZNI\u017bKI na zakup lek\u00f3w Modaheal 200mg!\" \/>\n<meta name=\"robots\" content=\"index, follow, max-snippet:-1, max-image-preview:large, max-video-preview:-1\" \/>\n<link rel=\"canonical\" href=\"https:\/\/buymodafinilonline.com\/pl\/pigulki-madrosci\/modaheal-200-mg-tabletki\/\" \/>\n<meta property=\"og:locale\" content=\"pl_PL\" \/>\n<meta property=\"og:type\" content=\"article\" \/>\n<meta property=\"og:title\" content=\"Modaheal 200 mg\" \/>\n<meta property=\"og:description\" content=\"Kup tanie tabletki Modaheal 200 mg online bez recepty w aptece BuyModafinilOnline. P\u0142a\u0107 Bitcoinami i otrzymaj gwarantowane 23% ZNI\u017bKI na zakup lek\u00f3w Modaheal 200mg!\" \/>\n<meta property=\"og:url\" content=\"https:\/\/buymodafinilonline.com\/pl\/pigulki-madrosci\/modaheal-200-mg-tabletki\/\" \/>\n<meta property=\"og:site_name\" content=\"BuyModafinilOnline.com\" \/>\n<meta property=\"article:modified_time\" content=\"2025-05-11T14:21:52+00:00\" \/>\n<meta property=\"og:image\" content=\"https:\/\/buymodafinilonline.com\/wp-content\/uploads\/2021\/09\/bmo-product-modaheal-new.png\" \/>\n\t<meta property=\"og:image:width\" content=\"1280\" \/>\n\t<meta property=\"og:image:height\" content=\"1500\" \/>\n\t<meta property=\"og:image:type\" content=\"image\/png\" \/>\n<meta name=\"twitter:label1\" content=\"Szacowany czas czytania\" \/>\n\t<meta name=\"twitter:data1\" content=\"5 minut\" \/>\n<script type=\"application\/ld+json\" class=\"yoast-schema-graph\">{\"@context\":\"https:\\\/\\\/schema.org\",\"@graph\":[{\"@type\":\"WebPage\",\"@id\":\"https:\\\/\\\/buymodafinilonline.com\\\/pl\\\/pigulki-madrosci\\\/modaheal-200-mg-tabletki\\\/\",\"url\":\"https:\\\/\\\/buymodafinilonline.com\\\/pl\\\/pigulki-madrosci\\\/modaheal-200-mg-tabletki\\\/\",\"name\":\"Kup leki bez recepty Modaheal 200 mg (Modafinil) - Kup ModafinilOnline\",\"isPartOf\":{\"@id\":\"https:\\\/\\\/buymodafinilonline.com\\\/pl\\\/#website\"},\"primaryImageOfPage\":{\"@id\":\"https:\\\/\\\/buymodafinilonline.com\\\/pl\\\/pigulki-madrosci\\\/modaheal-200-mg-tabletki\\\/#primaryimage\"},\"image\":{\"@id\":\"https:\\\/\\\/buymodafinilonline.com\\\/pl\\\/pigulki-madrosci\\\/modaheal-200-mg-tabletki\\\/#primaryimage\"},\"thumbnailUrl\":\"https:\\\/\\\/buymodafinilonline.com\\\/wp-content\\\/uploads\\\/2021\\\/09\\\/bmo-product-modaheal-new.png\",\"datePublished\":\"2020-11-08T16:09:58+00:00\",\"dateModified\":\"2025-05-11T14:21:52+00:00\",\"description\":\"Kup tanie tabletki Modaheal 200 mg online bez recepty w aptece BuyModafinilOnline. P\u0142a\u0107 Bitcoinami i otrzymaj gwarantowane 23% ZNI\u017bKI na zakup lek\u00f3w Modaheal 200mg!\",\"breadcrumb\":{\"@id\":\"https:\\\/\\\/buymodafinilonline.com\\\/pl\\\/pigulki-madrosci\\\/modaheal-200-mg-tabletki\\\/#breadcrumb\"},\"inLanguage\":\"pl-PL\",\"potentialAction\":[{\"@type\":\"ReadAction\",\"target\":[\"https:\\\/\\\/buymodafinilonline.com\\\/pl\\\/pigulki-madrosci\\\/modaheal-200-mg-tabletki\\\/\"]}]},{\"@type\":\"ImageObject\",\"inLanguage\":\"pl-PL\",\"@id\":\"https:\\\/\\\/buymodafinilonline.com\\\/pl\\\/pigulki-madrosci\\\/modaheal-200-mg-tabletki\\\/#primaryimage\",\"url\":\"https:\\\/\\\/buymodafinilonline.com\\\/wp-content\\\/uploads\\\/2021\\\/09\\\/bmo-product-modaheal-new.png\",\"contentUrl\":\"https:\\\/\\\/buymodafinilonline.com\\\/wp-content\\\/uploads\\\/2021\\\/09\\\/bmo-product-modaheal-new.png\",\"width\":1280,\"height\":1500,\"caption\":\"Modaheal 200 mg\"},{\"@type\":\"BreadcrumbList\",\"@id\":\"https:\\\/\\\/buymodafinilonline.com\\\/pl\\\/pigulki-madrosci\\\/modaheal-200-mg-tabletki\\\/#breadcrumb\",\"itemListElement\":[{\"@type\":\"ListItem\",\"position\":1,\"name\":\"Buy Modafinil Online\",\"item\":\"https:\\\/\\\/buymodafinilonline.com\\\/pl\\\/\"},{\"@type\":\"ListItem\",\"position\":2,\"name\":\"Sklep\",\"item\":\"https:\\\/\\\/buymodafinilonline.com\\\/pl\\\/sklep\\\/\"},{\"@type\":\"ListItem\",\"position\":3,\"name\":\"Marki inteligentnych lek\u00f3w\",\"item\":\"https:\\\/\\\/buymodafinilonline.com\\\/pl\\\/kategoria-produktow\\\/marki-inteligentnych-lekow\\\/\"},{\"@type\":\"ListItem\",\"position\":4,\"name\":\"Modaheal 200 mg\"}]},{\"@type\":\"WebSite\",\"@id\":\"https:\\\/\\\/buymodafinilonline.com\\\/pl\\\/#website\",\"url\":\"https:\\\/\\\/buymodafinilonline.com\\\/pl\\\/\",\"name\":\"BuyModafinilOnline.com\",\"description\":\"Modafinil Online Pharmacy\",\"publisher\":{\"@id\":\"https:\\\/\\\/buymodafinilonline.com\\\/pl\\\/#organization\"},\"potentialAction\":[{\"@type\":\"SearchAction\",\"target\":{\"@type\":\"EntryPoint\",\"urlTemplate\":\"https:\\\/\\\/buymodafinilonline.com\\\/pl\\\/?s={search_term_string}\"},\"query-input\":{\"@type\":\"PropertyValueSpecification\",\"valueRequired\":true,\"valueName\":\"search_term_string\"}}],\"inLanguage\":\"pl-PL\"},{\"@type\":\"Organization\",\"@id\":\"https:\\\/\\\/buymodafinilonline.com\\\/pl\\\/#organization\",\"name\":\"BuyModafinilOnline\",\"url\":\"https:\\\/\\\/buymodafinilonline.com\\\/pl\\\/\",\"logo\":{\"@type\":\"ImageObject\",\"inLanguage\":\"pl-PL\",\"@id\":\"https:\\\/\\\/buymodafinilonline.com\\\/pl\\\/#\\\/schema\\\/logo\\\/image\\\/\",\"url\":\"https:\\\/\\\/buymodafinilonline.com\\\/wp-content\\\/uploads\\\/2020\\\/04\\\/logo-buy-modafinil-online-yellow.png\",\"contentUrl\":\"https:\\\/\\\/buymodafinilonline.com\\\/wp-content\\\/uploads\\\/2020\\\/04\\\/logo-buy-modafinil-online-yellow.png\",\"width\":200,\"height\":200,\"caption\":\"BuyModafinilOnline\"},\"image\":{\"@id\":\"https:\\\/\\\/buymodafinilonline.com\\\/pl\\\/#\\\/schema\\\/logo\\\/image\\\/\"}}]}<\/script>\n<!-- \/ Yoast SEO Premium plugin. -->","yoast_head_json":{"title":"Kup leki bez recepty Modaheal 200 mg (Modafinil) - Kup ModafinilOnline","description":"Kup tanie tabletki Modaheal 200 mg online bez recepty w aptece BuyModafinilOnline. P\u0142a\u0107 Bitcoinami i otrzymaj gwarantowane 23% ZNI\u017bKI na zakup lek\u00f3w Modaheal 200mg!","robots":{"index":"index","follow":"follow","max-snippet":"max-snippet:-1","max-image-preview":"max-image-preview:large","max-video-preview":"max-video-preview:-1"},"canonical":"https:\/\/buymodafinilonline.com\/pl\/pigulki-madrosci\/modaheal-200-mg-tabletki\/","og_locale":"pl_PL","og_type":"article","og_title":"Modaheal 200 mg","og_description":"Kup tanie tabletki Modaheal 200 mg online bez recepty w aptece BuyModafinilOnline. P\u0142a\u0107 Bitcoinami i otrzymaj gwarantowane 23% ZNI\u017bKI na zakup lek\u00f3w Modaheal 200mg!","og_url":"https:\/\/buymodafinilonline.com\/pl\/pigulki-madrosci\/modaheal-200-mg-tabletki\/","og_site_name":"BuyModafinilOnline.com","article_modified_time":"2025-05-11T14:21:52+00:00","og_image":[{"width":1280,"height":1500,"url":"https:\/\/buymodafinilonline.com\/wp-content\/uploads\/2021\/09\/bmo-product-modaheal-new.png","type":"image\/png"}],"twitter_misc":{"Szacowany czas czytania":"5 minut"},"schema":{"@context":"https:\/\/schema.org","@graph":[{"@type":"WebPage","@id":"https:\/\/buymodafinilonline.com\/pl\/pigulki-madrosci\/modaheal-200-mg-tabletki\/","url":"https:\/\/buymodafinilonline.com\/pl\/pigulki-madrosci\/modaheal-200-mg-tabletki\/","name":"Kup leki bez recepty Modaheal 200 mg (Modafinil) - Kup ModafinilOnline","isPartOf":{"@id":"https:\/\/buymodafinilonline.com\/pl\/#website"},"primaryImageOfPage":{"@id":"https:\/\/buymodafinilonline.com\/pl\/pigulki-madrosci\/modaheal-200-mg-tabletki\/#primaryimage"},"image":{"@id":"https:\/\/buymodafinilonline.com\/pl\/pigulki-madrosci\/modaheal-200-mg-tabletki\/#primaryimage"},"thumbnailUrl":"https:\/\/buymodafinilonline.com\/wp-content\/uploads\/2021\/09\/bmo-product-modaheal-new.png","datePublished":"2020-11-08T16:09:58+00:00","dateModified":"2025-05-11T14:21:52+00:00","description":"Kup tanie tabletki Modaheal 200 mg online bez recepty w aptece BuyModafinilOnline. P\u0142a\u0107 Bitcoinami i otrzymaj gwarantowane 23% ZNI\u017bKI na zakup lek\u00f3w Modaheal 200mg!","breadcrumb":{"@id":"https:\/\/buymodafinilonline.com\/pl\/pigulki-madrosci\/modaheal-200-mg-tabletki\/#breadcrumb"},"inLanguage":"pl-PL","potentialAction":[{"@type":"ReadAction","target":["https:\/\/buymodafinilonline.com\/pl\/pigulki-madrosci\/modaheal-200-mg-tabletki\/"]}]},{"@type":"ImageObject","inLanguage":"pl-PL","@id":"https:\/\/buymodafinilonline.com\/pl\/pigulki-madrosci\/modaheal-200-mg-tabletki\/#primaryimage","url":"https:\/\/buymodafinilonline.com\/wp-content\/uploads\/2021\/09\/bmo-product-modaheal-new.png","contentUrl":"https:\/\/buymodafinilonline.com\/wp-content\/uploads\/2021\/09\/bmo-product-modaheal-new.png","width":1280,"height":1500,"caption":"Modaheal 200 mg"},{"@type":"BreadcrumbList","@id":"https:\/\/buymodafinilonline.com\/pl\/pigulki-madrosci\/modaheal-200-mg-tabletki\/#breadcrumb","itemListElement":[{"@type":"ListItem","position":1,"name":"Buy Modafinil Online","item":"https:\/\/buymodafinilonline.com\/pl\/"},{"@type":"ListItem","position":2,"name":"Sklep","item":"https:\/\/buymodafinilonline.com\/pl\/sklep\/"},{"@type":"ListItem","position":3,"name":"Marki inteligentnych lek\u00f3w","item":"https:\/\/buymodafinilonline.com\/pl\/kategoria-produktow\/marki-inteligentnych-lekow\/"},{"@type":"ListItem","position":4,"name":"Modaheal 200 mg"}]},{"@type":"WebSite","@id":"https:\/\/buymodafinilonline.com\/pl\/#website","url":"https:\/\/buymodafinilonline.com\/pl\/","name":"BuyModafinilOnline.com","description":"Modafinil Online Pharmacy","publisher":{"@id":"https:\/\/buymodafinilonline.com\/pl\/#organization"},"potentialAction":[{"@type":"SearchAction","target":{"@type":"EntryPoint","urlTemplate":"https:\/\/buymodafinilonline.com\/pl\/?s={search_term_string}"},"query-input":{"@type":"PropertyValueSpecification","valueRequired":true,"valueName":"search_term_string"}}],"inLanguage":"pl-PL"},{"@type":"Organization","@id":"https:\/\/buymodafinilonline.com\/pl\/#organization","name":"BuyModafinilOnline","url":"https:\/\/buymodafinilonline.com\/pl\/","logo":{"@type":"ImageObject","inLanguage":"pl-PL","@id":"https:\/\/buymodafinilonline.com\/pl\/#\/schema\/logo\/image\/","url":"https:\/\/buymodafinilonline.com\/wp-content\/uploads\/2020\/04\/logo-buy-modafinil-online-yellow.png","contentUrl":"https:\/\/buymodafinilonline.com\/wp-content\/uploads\/2020\/04\/logo-buy-modafinil-online-yellow.png","width":200,"height":200,"caption":"BuyModafinilOnline"},"image":{"@id":"https:\/\/buymodafinilonline.com\/pl\/#\/schema\/logo\/image\/"}}]}},"_links":{"self":[{"href":"https:\/\/buymodafinilonline.com\/pl\/wp-json\/wp\/v2\/product\/408485","targetHints":{"allow":["GET"]}}],"collection":[{"href":"https:\/\/buymodafinilonline.com\/pl\/wp-json\/wp\/v2\/product"}],"about":[{"href":"https:\/\/buymodafinilonline.com\/pl\/wp-json\/wp\/v2\/types\/product"}],"replies":[{"embeddable":true,"href":"https:\/\/buymodafinilonline.com\/pl\/wp-json\/wp\/v2\/comments?post=408485"}],"wp:featuredmedia":[{"embeddable":true,"href":"https:\/\/buymodafinilonline.com\/pl\/wp-json\/wp\/v2\/media\/426129"}],"wp:attachment":[{"href":"https:\/\/buymodafinilonline.com\/pl\/wp-json\/wp\/v2\/media?parent=408485"}],"wp:term":[{"taxonomy":"product_brand","embeddable":true,"href":"https:\/\/buymodafinilonline.com\/pl\/wp-json\/wp\/v2\/product_brand?post=408485"},{"taxonomy":"product_cat","embeddable":true,"href":"https:\/\/buymodafinilonline.com\/pl\/wp-json\/wp\/v2\/product_cat?post=408485"},{"taxonomy":"product_tag","embeddable":true,"href":"https:\/\/buymodafinilonline.com\/pl\/wp-json\/wp\/v2\/product_tag?post=408485"}],"curies":[{"name":"wp","href":"https:\/\/api.w.org\/{rel}","templated":true}]}}