{"id":408599,"date":"2020-04-18T19:37:19","date_gmt":"2020-11-08T16:10:50","guid":{"rendered":"https:\/\/buymodafinilonline.com\/smart-drugs\/modafil-200mg\/"},"modified":"2025-05-11T15:26:49","modified_gmt":"2025-05-11T14:26:49","slug":"modafil-200mg","status":"publish","type":"product","link":"https:\/\/buymodafinilonline.com\/pl\/pigulki-madrosci\/modafil-200mg\/","title":{"rendered":"Modafil 200mg"},"content":{"rendered":"[vc_column width=&#8221;1\/2&#8243;]\n<div class=\"su-divider su-divider-style-default\" style=\"margin:10px 0;border-width:3px;border-color:#ffffff00\"><a href=\"#\" style=\"color:#ffffff009\">.<\/a><\/div>\n<h2>Co to jest Modafil 200mg?<\/h2>\n<div class=\"su-divider su-divider-style-default\" style=\"margin:10px 0;border-width:3px;border-color:#ffffff00\"><a href=\"#\" style=\"color:#ffffff009\">.<\/a><\/div>\nB\u0119d\u0105c aktywnym sk\u0142adnikiem leku Modafil,<a href=\"https:\/\/buymodafinilonline.com\/pl\/prawda-o-modafinilu\/\"> modafinil<\/a> jest znany naukowcom jako \u201epierwszy na \u015bwiecie bezpieczny inteligentny lek\u201d. Food and Drug Administration zatwierdzi\u0142a go jako \u015brodek promuj\u0105cy czuwanie w celu zmniejszenia nadmiernej senno\u015bci w ci\u0105gu dnia spowodowanej obturacyjnym bezdechem sennym (OBS), zaburzeniami snu zwi\u0105zanymi z prac\u0105 zmianow\u0105 (SWSD) i narkolepsj\u0105. Jednak ten lek jest r\u00f3wnie\u017c stosowany poza wskazaniami do leczenia r\u00f3\u017cnych problem\u00f3w zdrowotnych, takich jak zesp\u00f3\u0142 nadpobudliwo\u015bci psychoruchowej z deficytem uwagi (ADHD), zm\u0119czenie zwi\u0105zane ze stwardnieniem rozsianym, choroba Parkinsona, depresja, zesp\u00f3\u0142 chronicznego zm\u0119czenia, sedacja zwi\u0105zana z opioidami i inne schorzenia.<\/p>\n<p>Zdrowi ludzie u\u017cywaj\u0105 Modafil 200 mg jako bezpiecznego i silnego leku poprawiaj\u0105cego funkcjonowanie m\u00f3zgu i zwi\u0119kszaj\u0105cego produktywno\u015b\u0107. Chocia\u017c dok\u0142adny mechanizm dzia\u0142ania tego leku nie jest dobrze poznany, uwa\u017ca si\u0119, \u017ce dzia\u0142a on poprzez zwi\u0119kszenie poziomu niekt\u00f3rych neuroprzeka\u017anik\u00f3w, takich jak dopamina, histamina i oreksyna, w obszarach m\u00f3zgu kontroluj\u0105cych cykl snu i czuwania.<\/p>\n<div class=\"su-divider su-divider-style-default\" style=\"margin:10px 0;border-width:3px;border-color:#ffffff00\"><a href=\"#\" style=\"color:#ffffff009\">.<\/a><\/div>\n<h2>Bezpieczne dawkowanie i w\u0142a\u015bciwe stosowanie<\/h2>\n<div class=\"su-divider su-divider-style-default\" style=\"margin:10px 0;border-width:3px;border-color:#ffffff00\"><a href=\"#\" style=\"color:#ffffff009\">.<\/a><\/div>\nZalecana dawka modafilu to 200 mg raz na dob\u0119. Tabletk\u0119 nale\u017cy podawa\u0107 rano w leczeniu narkolepsji i OBS lub na godzin\u0119 przed zmian\u0105 w pracy, je\u015bli zwalcza si\u0119 SWSD. Chocia\u017c nie jest zalecane do stosowania u pacjent\u00f3w uczulonych na modafinil lub inne nootropy.<\/p>\n<p>U os\u00f3b, u kt\u00f3rych zdiagnozowano ci\u0119\u017ckie zaburzenia czynno\u015bci w\u0105troby, dawk\u0119 200 mg modafilu nale\u017cy zmniejszy\u0107 o po\u0142ow\u0119. Je\u015bli zdejmiesz to poza wskazaniem, musisz najpierw skonsultowa\u0107 si\u0119 ze specjalist\u0105 medycznym, aby ustali\u0107, czy jeste\u015b w dobrym stanie zdrowia, aby u\u017cy\u0107 nootropu.<\/p>\n<div class=\"su-divider su-divider-style-default\" style=\"margin:10px 0;border-width:3px;border-color:#ffffff00\"><a href=\"#\" style=\"color:#ffffff009\">.<\/a><\/div>\n<h2>Mo\u017cliwe dzia\u0142ania niepo\u017c\u0105dane<\/h2>\n<div class=\"su-divider su-divider-style-default\" style=\"margin:10px 0;border-width:3px;border-color:#ffffff00\"><a href=\"#\" style=\"color:#ffffff009\">.<\/a><\/div>\nTen lek dzia\u0142a dobrze u zdrowych os\u00f3b, chocia\u017c nie mo\u017cna w pe\u0142ni wykluczy\u0107 negatywnych reakcji. Mog\u0105 wyst\u0105pi\u0107 nast\u0119puj\u0105ce cz\u0119ste dzia\u0142ania niepo\u017c\u0105dane, kt\u00f3re s\u0105 kr\u00f3tkotrwa\u0142e:<\/p>\n<div class=\"su-divider su-divider-style-default\" style=\"margin:10px 0;border-width:3px;border-color:#ffffff00\"><a href=\"#\" style=\"color:#ffffff009\">.<\/a><\/div>\n<ul>\n<li>b\u00f3le g\u0142owy, zawroty g\u0142owy;<\/li>\n<li>b\u00f3l plec\u00f3w;<\/li>\n<li>nudno\u015bci, rozstr\u00f3j \u017co\u0142\u0105dka, biegunka;<\/li>\n<li>problemy ze snem;<\/li>\n<li>uczucie l\u0119ku lub nerwowo\u015bci;<\/li>\n<li>zatkany nos.<\/li>\n<\/ul>\n<div class=\"su-divider su-divider-style-default\" style=\"margin:10px 0;border-width:3px;border-color:#ffffff00\"><a href=\"#\" style=\"color:#ffffff009\">.<\/a><\/div>\nRzadkie, ale powa\u017cniejsze negatywne skutki obejmuj\u0105:<\/p>\n<div class=\"su-divider su-divider-style-default\" style=\"margin:10px 0;border-width:3px;border-color:#ffffff00\"><a href=\"#\" style=\"color:#ffffff009\">.<\/a><\/div>\n<ul>\n<li>nadwra\u017cliwo\u015b\u0107;<\/li>\n<li>gor\u0105czka i dreszcze;<\/li>\n<li>b\u00f3l w klatce piersiowej;<\/li>\n<li>dezorientacja;<\/li>\n<li>niezwyk\u0142e zm\u0119czenie i os\u0142abienie;<\/li>\n<li>Zesp\u00f3\u0142 Stevensa-Johnsona i inne.<\/li>\n<\/ul>\n<div class=\"su-divider su-divider-style-default\" style=\"margin:10px 0;border-width:3px;border-color:#ffffff00\"><a href=\"#\" style=\"color:#ffffff009\">.<\/a><\/div>\nTo nie jest pe\u0142na lista mo\u017cliwych skutk\u00f3w ubocznych. Modafil 200 mg mo\u017ce r\u00f3wnie\u017c os\u0142abia\u0107 Twoje reakcje, dlatego nie nale\u017cy prowadzi\u0107 pojazd\u00f3w ani obs\u0142ugiwa\u0107 ci\u0119\u017ckich maszyn, dop\u00f3ki nie dowiesz si\u0119, jak wp\u0142ywa na Tw\u00f3j organizm.<\/p>\n[\/vc_column][vc_column width=&#8221;1\/2&#8243;]\n<div class=\"su-divider su-divider-style-default\" style=\"margin:10px 0;border-width:3px;border-color:#ffffff00\"><a href=\"#\" style=\"color:#ffffff009\">.<\/a><\/div>\n<p>Poinformuj lekarza specjalist\u0119, je\u015bli wyst\u0105pi\u0105 jakiekolwiek nietypowe zmiany nastroju lub zachowania, lub je\u015bli masz my\u015bli samob\u00f3jcze, now\u0105 lub pog\u0142\u0119biaj\u0105c\u0105 si\u0119 depresj\u0119. Je\u015bli te negatywne skutki wyst\u0105pi\u0105 i przeszkadzaj\u0105 Ci nawet po zaprzestaniu leczenia modafinilem lub nie ust\u0119puj\u0105, skonsultuj si\u0119 ze swoim lekarzem w celu uzyskania pomocy.<\/p>\n<div class=\"su-divider su-divider-style-default\" style=\"margin:10px 0;border-width:3px;border-color:#ffffff00\"><a href=\"#\" style=\"color:#ffffff009\">.<\/a><\/div>\n<h2>Przeciwwskazania i \u015brodki ostro\u017cno\u015bci<\/h2>\n<div class=\"su-divider su-divider-style-default\" style=\"margin:10px 0;border-width:3px;border-color:#ffffff00\"><a href=\"#\" style=\"color:#ffffff009\">.<\/a><\/div>\nModafil 200 mg jest bezpieczny, je\u015bli jest przyjmowany niezale\u017cnie, bez mieszania z innymi lekami. Pami\u0119taj, aby poda\u0107 lekarzowi pe\u0142n\u0105 list\u0119 lek\u00f3w (na recept\u0119 \/ bez recepty) lub preparat\u00f3w zio\u0142owych, kt\u00f3re stosujesz, przed przyj\u0119ciem leku Modafil. Chocia\u017c mo\u017cliwe zagro\u017cenia nie s\u0105 znane, kobietom w ci\u0105\u017cy i matkom karmi\u0105cym nie zaleca si\u0119 stosowania \u017cadnych nootrop\u00f3w. Je\u015bli to konieczne, lekarz powinien om\u00f3wi\u0107 ryzyko i korzy\u015bci przed przyj\u0119ciem Modafil 200 mg.<\/p>\n<p>Mo\u017cliwe interakcje z innymi lekami obejmuj\u0105:<\/p>\n<div class=\"su-divider su-divider-style-default\" style=\"margin:10px 0;border-width:3px;border-color:#ffffff00\"><a href=\"#\" style=\"color:#ffffff009\">.<\/a><\/div>\n<ul>\n<li>Substraty CYP3A4 \/ 5 i CYP2C19;<\/li>\n<li>leki rozrzedzaj\u0105ce krew, takie jak warfaryna;<\/li>\n<li>leki antykoncepcyjne;<\/li>\n<li>Inhibitory MAO;<\/li>\n<li>Stymulanty OUN i inne.<\/li>\n<\/ul>\n<div class=\"su-divider su-divider-style-default\" style=\"margin:10px 0;border-width:3px;border-color:#ffffff00\"><a href=\"#\" style=\"color:#ffffff009\">.<\/a><\/div>\nMo\u017ce r\u00f3wnie\u017c wyst\u0105pi\u0107 interakcja choroby. Poinformuj swojego lekarza specjalist\u0119 o swoim stanie zdrowia, w tym niewydolno\u015bci nerek lub w\u0105troby, chorobach serca lub historii napad\u00f3w, a tak\u017ce o innych problemach zdrowotnych przed przyj\u0119ciem tego leku nootropowego. Modafil 200 mg dzia\u0142a dobrze z wi\u0119kszo\u015bci\u0105 pokarm\u00f3w, ale t\u0142uste posi\u0142ki mog\u0105 op\u00f3\u017ania\u0107 jego dzia\u0142anie.<\/p>\n<p>Nie zaleca si\u0119 mieszania go z alkoholem, poniewa\u017c mo\u017ce to zwi\u0119kszy\u0107 ryzyko senno\u015bci, zaburzenia oceny i zawrot\u00f3w g\u0142owy, a tak\u017ce inne bezprecedensowe negatywne skutki.<\/p>\n<div class=\"su-divider su-divider-style-default\" style=\"margin:10px 0;border-width:3px;border-color:#ffffff00\"><a href=\"#\" style=\"color:#ffffff009\">.<\/a><\/div>\n<h2>Kup Generic Modafil 200 mg (Modafinil) Online<\/h2>\n<div class=\"su-divider su-divider-style-default\" style=\"margin:10px 0;border-width:3px;border-color:#ffffff00\"><a href=\"#\" style=\"color:#ffffff009\">.<\/a><\/div>\nJe\u015bli chodzi o to, jak uzyska\u0107 online Modafil 200 mg bez recepty, e-apteka BuyModafinilOnline oferuje \u201e<a href=\"https:\/\/buymodafinilonline.com\/smart-drugs-brands\/\"> inteligentne leki<\/a> \u201dPochodzi wy\u0142\u0105cznie od zatwierdzonych producent\u00f3w. Chocia\u017c Modafil mo\u017cna kupi\u0107 w wielu e-drogeriach, jest to bardzo ryzykowna praktyka. Kupowanie nootrop\u00f3w online nie jest nielegalne, ale powiniene\u015b by\u0107 w pe\u0142ni \u015bwiadomy ryzyka zwi\u0105zanego z zamawianiem na oszuka\u0144czych witrynach, kt\u00f3re obiecuj\u0105 oferowanie wysokiej jako\u015bci produkt\u00f3w.<\/p>\n<p>Wybieraj\u0105c nas, mo\u017cesz mie\u0107 pewno\u015b\u0107, \u017ce otrzymasz tylko oryginalne tabletki. Jeste\u015bmy najlepszym miejscem do zakupu taniego modafinilu (Modalert, Modvigil itp.), Poniewa\u017c Twoje zdrowie jest dla nas priorytetem.<\/p>\n<p>Akceptujemy MasterCard, Visa, AmEx, PayPal, Zelle, e-Check, Bitcoin (23% zni\u017cki) i inne kryptowaluty jako metody p\u0142atno\u015bci. W BuyModafinilOnline oferujemy<a href=\"https:\/\/buymodafinilonline.com\/free-trial\/\"> 20 bezp\u0142atnych pr\u00f3bek pr\u00f3bnych<\/a> modafinilu i armodafinilu, aby nasi klienci mogli przetestowa\u0107 skuteczno\u015b\u0107 i bezpiecze\u0144stwo naszych \u201einteligentnych lek\u00f3w\u201d.<\/p>\n<p>Zaoszcz\u0119d\u017a wi\u0119cej pieni\u0119dzy, korzystaj\u0105c z dost\u0119pnych<a href=\"https:\/\/buymodafinilonline.com\/coupons-deals-promo-codes\/\"> rabaty i kupony<\/a> . Nasza wysy\u0142ka jest bardzo szybka, a my oferujemy<a href=\"https:\/\/buymodafinilonline.com\/refund-reshipment\/\"> pe\u0142ny zwrot pieni\u0119dzy lub zwrot koszt\u00f3w<\/a> je\u015bli twoja przesy\u0142ka utknie lub zginie w urz\u0119dzie celnym.<\/p>\n<div class=\"su-divider su-divider-style-default\" style=\"margin:10px 0;border-width:3px;border-color:#ffffff00\"><a href=\"#\" style=\"color:#ffffff009\">.<\/a><\/div>\n[\/vc_column]\n<div class=\"su-divider su-divider-style-default\" style=\"margin:10px 0;border-width:3px;border-color:#ffffff00\"><a href=\"#\" style=\"color:#ffffff009\">.<\/a><\/div>\n","protected":false},"excerpt":{"rendered":"<p>Modafil 200 mg zawiera modafinil jako sk\u0142adnik aktywny. Wyprodukowany przez INTAS Pharma Ltd &#8211; indyjsk\u0105 firm\u0119 farmaceutyczn\u0105, s\u0142u\u017cy do promowania czuwania u pacjent\u00f3w z ekstremaln\u0105 senno\u015bci\u0105 w ci\u0105gu dnia lub w pracy z powodu zaburze\u0144 snu. Leczy r\u00f3wnie\u017c inne schorzenia i jest szeroko stosowany poza wskazaniami przez zdrowych ludzi jako wzmacniacz produktywno\u015bci i zdolno\u015bci poznawcze.<\/p>\n<p>Kup ten lek w naszej e-aptece po najni\u017cszych kosztach lub uzyskaj bezp\u0142atne pr\u00f3bki pr\u00f3bne naszych bestseller\u00f3w nootropowych, aby sprawdzi\u0107 ich skuteczno\u015b\u0107.<\/p>\n[sc name=\"s1\"]\n","protected":false},"featured_media":398163,"comment_status":"open","ping_status":"closed","template":"","meta":{"_acf_changed":false},"product_brand":[],"product_cat":[4045],"product_tag":[4051],"class_list":{"0":"post-408599","1":"product","2":"type-product","3":"status-publish","4":"has-post-thumbnail","6":"product_cat-marki-inteligentnych-lekow","7":"product_tag-modafinil-pl","9":"first","10":"instock","11":"sale","12":"shipping-taxable","13":"purchasable","14":"product-type-variable","15":"has-default-attributes"},"acf":[],"yoast_head":"<!-- This site is optimized with the Yoast SEO Premium plugin v23.6 (Yoast SEO v27.3) - https:\/\/yoast.com\/product\/yoast-seo-premium-wordpress\/ -->\n<title>Kup leki Modafil 200 mg (Modafinil) z du\u017cym rabatem - KupModafinilOnline<\/title>\n<meta name=\"description\" content=\"Kup tabletki Modafil 200 mg przez Internet od producenta INTAS Pharma. Kup Modafil 200 mg (modafinil) w najlepszej cenie w aptece BuyModafinilOnline. Korzystne kupony i doskona\u0142a obs\u0142uga.\" \/>\n<meta name=\"robots\" content=\"index, follow, max-snippet:-1, max-image-preview:large, max-video-preview:-1\" \/>\n<link rel=\"canonical\" href=\"https:\/\/buymodafinilonline.com\/pl\/pigulki-madrosci\/modafil-200mg\/\" \/>\n<meta property=\"og:locale\" content=\"pl_PL\" \/>\n<meta property=\"og:type\" content=\"article\" \/>\n<meta property=\"og:title\" content=\"Modafil 200mg\" \/>\n<meta property=\"og:description\" content=\"Kup tabletki Modafil 200 mg przez Internet od producenta INTAS Pharma. Kup Modafil 200 mg (modafinil) w najlepszej cenie w aptece BuyModafinilOnline. Korzystne kupony i doskona\u0142a obs\u0142uga.\" \/>\n<meta property=\"og:url\" content=\"https:\/\/buymodafinilonline.com\/pl\/pigulki-madrosci\/modafil-200mg\/\" \/>\n<meta property=\"og:site_name\" content=\"BuyModafinilOnline.com\" \/>\n<meta property=\"article:modified_time\" content=\"2025-05-11T14:26:49+00:00\" \/>\n<meta property=\"og:image\" content=\"https:\/\/buymodafinilonline.com\/wp-content\/uploads\/2020\/04\/bmo-product-modafil-200-mg.png\" \/>\n\t<meta property=\"og:image:width\" content=\"1280\" \/>\n\t<meta property=\"og:image:height\" content=\"1500\" \/>\n\t<meta property=\"og:image:type\" content=\"image\/png\" \/>\n<meta name=\"twitter:label1\" content=\"Szacowany czas czytania\" \/>\n\t<meta name=\"twitter:data1\" content=\"5 minut\" \/>\n<script type=\"application\/ld+json\" class=\"yoast-schema-graph\">{\"@context\":\"https:\\\/\\\/schema.org\",\"@graph\":[{\"@type\":\"WebPage\",\"@id\":\"https:\\\/\\\/buymodafinilonline.com\\\/pl\\\/pigulki-madrosci\\\/modafil-200mg\\\/\",\"url\":\"https:\\\/\\\/buymodafinilonline.com\\\/pl\\\/pigulki-madrosci\\\/modafil-200mg\\\/\",\"name\":\"Kup leki Modafil 200 mg (Modafinil) z du\u017cym rabatem - KupModafinilOnline\",\"isPartOf\":{\"@id\":\"https:\\\/\\\/buymodafinilonline.com\\\/pl\\\/#website\"},\"primaryImageOfPage\":{\"@id\":\"https:\\\/\\\/buymodafinilonline.com\\\/pl\\\/pigulki-madrosci\\\/modafil-200mg\\\/#primaryimage\"},\"image\":{\"@id\":\"https:\\\/\\\/buymodafinilonline.com\\\/pl\\\/pigulki-madrosci\\\/modafil-200mg\\\/#primaryimage\"},\"thumbnailUrl\":\"https:\\\/\\\/buymodafinilonline.com\\\/wp-content\\\/uploads\\\/2020\\\/04\\\/bmo-product-modafil-200-mg.png\",\"datePublished\":\"2020-11-08T16:10:50+00:00\",\"dateModified\":\"2025-05-11T14:26:49+00:00\",\"description\":\"Kup tabletki Modafil 200 mg przez Internet od producenta INTAS Pharma. Kup Modafil 200 mg (modafinil) w najlepszej cenie w aptece BuyModafinilOnline. Korzystne kupony i doskona\u0142a obs\u0142uga.\",\"breadcrumb\":{\"@id\":\"https:\\\/\\\/buymodafinilonline.com\\\/pl\\\/pigulki-madrosci\\\/modafil-200mg\\\/#breadcrumb\"},\"inLanguage\":\"pl-PL\",\"potentialAction\":[{\"@type\":\"ReadAction\",\"target\":[\"https:\\\/\\\/buymodafinilonline.com\\\/pl\\\/pigulki-madrosci\\\/modafil-200mg\\\/\"]}]},{\"@type\":\"ImageObject\",\"inLanguage\":\"pl-PL\",\"@id\":\"https:\\\/\\\/buymodafinilonline.com\\\/pl\\\/pigulki-madrosci\\\/modafil-200mg\\\/#primaryimage\",\"url\":\"https:\\\/\\\/buymodafinilonline.com\\\/wp-content\\\/uploads\\\/2020\\\/04\\\/bmo-product-modafil-200-mg.png\",\"contentUrl\":\"https:\\\/\\\/buymodafinilonline.com\\\/wp-content\\\/uploads\\\/2020\\\/04\\\/bmo-product-modafil-200-mg.png\",\"width\":1280,\"height\":1500,\"caption\":\"Modafil 200mg\"},{\"@type\":\"BreadcrumbList\",\"@id\":\"https:\\\/\\\/buymodafinilonline.com\\\/pl\\\/pigulki-madrosci\\\/modafil-200mg\\\/#breadcrumb\",\"itemListElement\":[{\"@type\":\"ListItem\",\"position\":1,\"name\":\"Buy Modafinil Online\",\"item\":\"https:\\\/\\\/buymodafinilonline.com\\\/pl\\\/\"},{\"@type\":\"ListItem\",\"position\":2,\"name\":\"Sklep\",\"item\":\"https:\\\/\\\/buymodafinilonline.com\\\/pl\\\/sklep\\\/\"},{\"@type\":\"ListItem\",\"position\":3,\"name\":\"Marki inteligentnych lek\u00f3w\",\"item\":\"https:\\\/\\\/buymodafinilonline.com\\\/pl\\\/kategoria-produktow\\\/marki-inteligentnych-lekow\\\/\"},{\"@type\":\"ListItem\",\"position\":4,\"name\":\"Modafil 200mg\"}]},{\"@type\":\"WebSite\",\"@id\":\"https:\\\/\\\/buymodafinilonline.com\\\/pl\\\/#website\",\"url\":\"https:\\\/\\\/buymodafinilonline.com\\\/pl\\\/\",\"name\":\"BuyModafinilOnline.com\",\"description\":\"Modafinil Online Pharmacy\",\"publisher\":{\"@id\":\"https:\\\/\\\/buymodafinilonline.com\\\/pl\\\/#organization\"},\"potentialAction\":[{\"@type\":\"SearchAction\",\"target\":{\"@type\":\"EntryPoint\",\"urlTemplate\":\"https:\\\/\\\/buymodafinilonline.com\\\/pl\\\/?s={search_term_string}\"},\"query-input\":{\"@type\":\"PropertyValueSpecification\",\"valueRequired\":true,\"valueName\":\"search_term_string\"}}],\"inLanguage\":\"pl-PL\"},{\"@type\":\"Organization\",\"@id\":\"https:\\\/\\\/buymodafinilonline.com\\\/pl\\\/#organization\",\"name\":\"BuyModafinilOnline\",\"url\":\"https:\\\/\\\/buymodafinilonline.com\\\/pl\\\/\",\"logo\":{\"@type\":\"ImageObject\",\"inLanguage\":\"pl-PL\",\"@id\":\"https:\\\/\\\/buymodafinilonline.com\\\/pl\\\/#\\\/schema\\\/logo\\\/image\\\/\",\"url\":\"https:\\\/\\\/buymodafinilonline.com\\\/wp-content\\\/uploads\\\/2020\\\/04\\\/logo-buy-modafinil-online-yellow.png\",\"contentUrl\":\"https:\\\/\\\/buymodafinilonline.com\\\/wp-content\\\/uploads\\\/2020\\\/04\\\/logo-buy-modafinil-online-yellow.png\",\"width\":200,\"height\":200,\"caption\":\"BuyModafinilOnline\"},\"image\":{\"@id\":\"https:\\\/\\\/buymodafinilonline.com\\\/pl\\\/#\\\/schema\\\/logo\\\/image\\\/\"}}]}<\/script>\n<!-- \/ Yoast SEO Premium plugin. -->","yoast_head_json":{"title":"Kup leki Modafil 200 mg (Modafinil) z du\u017cym rabatem - KupModafinilOnline","description":"Kup tabletki Modafil 200 mg przez Internet od producenta INTAS Pharma. Kup Modafil 200 mg (modafinil) w najlepszej cenie w aptece BuyModafinilOnline. Korzystne kupony i doskona\u0142a obs\u0142uga.","robots":{"index":"index","follow":"follow","max-snippet":"max-snippet:-1","max-image-preview":"max-image-preview:large","max-video-preview":"max-video-preview:-1"},"canonical":"https:\/\/buymodafinilonline.com\/pl\/pigulki-madrosci\/modafil-200mg\/","og_locale":"pl_PL","og_type":"article","og_title":"Modafil 200mg","og_description":"Kup tabletki Modafil 200 mg przez Internet od producenta INTAS Pharma. Kup Modafil 200 mg (modafinil) w najlepszej cenie w aptece BuyModafinilOnline. Korzystne kupony i doskona\u0142a obs\u0142uga.","og_url":"https:\/\/buymodafinilonline.com\/pl\/pigulki-madrosci\/modafil-200mg\/","og_site_name":"BuyModafinilOnline.com","article_modified_time":"2025-05-11T14:26:49+00:00","og_image":[{"width":1280,"height":1500,"url":"https:\/\/buymodafinilonline.com\/wp-content\/uploads\/2020\/04\/bmo-product-modafil-200-mg.png","type":"image\/png"}],"twitter_misc":{"Szacowany czas czytania":"5 minut"},"schema":{"@context":"https:\/\/schema.org","@graph":[{"@type":"WebPage","@id":"https:\/\/buymodafinilonline.com\/pl\/pigulki-madrosci\/modafil-200mg\/","url":"https:\/\/buymodafinilonline.com\/pl\/pigulki-madrosci\/modafil-200mg\/","name":"Kup leki Modafil 200 mg (Modafinil) z du\u017cym rabatem - KupModafinilOnline","isPartOf":{"@id":"https:\/\/buymodafinilonline.com\/pl\/#website"},"primaryImageOfPage":{"@id":"https:\/\/buymodafinilonline.com\/pl\/pigulki-madrosci\/modafil-200mg\/#primaryimage"},"image":{"@id":"https:\/\/buymodafinilonline.com\/pl\/pigulki-madrosci\/modafil-200mg\/#primaryimage"},"thumbnailUrl":"https:\/\/buymodafinilonline.com\/wp-content\/uploads\/2020\/04\/bmo-product-modafil-200-mg.png","datePublished":"2020-11-08T16:10:50+00:00","dateModified":"2025-05-11T14:26:49+00:00","description":"Kup tabletki Modafil 200 mg przez Internet od producenta INTAS Pharma. Kup Modafil 200 mg (modafinil) w najlepszej cenie w aptece BuyModafinilOnline. Korzystne kupony i doskona\u0142a obs\u0142uga.","breadcrumb":{"@id":"https:\/\/buymodafinilonline.com\/pl\/pigulki-madrosci\/modafil-200mg\/#breadcrumb"},"inLanguage":"pl-PL","potentialAction":[{"@type":"ReadAction","target":["https:\/\/buymodafinilonline.com\/pl\/pigulki-madrosci\/modafil-200mg\/"]}]},{"@type":"ImageObject","inLanguage":"pl-PL","@id":"https:\/\/buymodafinilonline.com\/pl\/pigulki-madrosci\/modafil-200mg\/#primaryimage","url":"https:\/\/buymodafinilonline.com\/wp-content\/uploads\/2020\/04\/bmo-product-modafil-200-mg.png","contentUrl":"https:\/\/buymodafinilonline.com\/wp-content\/uploads\/2020\/04\/bmo-product-modafil-200-mg.png","width":1280,"height":1500,"caption":"Modafil 200mg"},{"@type":"BreadcrumbList","@id":"https:\/\/buymodafinilonline.com\/pl\/pigulki-madrosci\/modafil-200mg\/#breadcrumb","itemListElement":[{"@type":"ListItem","position":1,"name":"Buy Modafinil Online","item":"https:\/\/buymodafinilonline.com\/pl\/"},{"@type":"ListItem","position":2,"name":"Sklep","item":"https:\/\/buymodafinilonline.com\/pl\/sklep\/"},{"@type":"ListItem","position":3,"name":"Marki inteligentnych lek\u00f3w","item":"https:\/\/buymodafinilonline.com\/pl\/kategoria-produktow\/marki-inteligentnych-lekow\/"},{"@type":"ListItem","position":4,"name":"Modafil 200mg"}]},{"@type":"WebSite","@id":"https:\/\/buymodafinilonline.com\/pl\/#website","url":"https:\/\/buymodafinilonline.com\/pl\/","name":"BuyModafinilOnline.com","description":"Modafinil Online Pharmacy","publisher":{"@id":"https:\/\/buymodafinilonline.com\/pl\/#organization"},"potentialAction":[{"@type":"SearchAction","target":{"@type":"EntryPoint","urlTemplate":"https:\/\/buymodafinilonline.com\/pl\/?s={search_term_string}"},"query-input":{"@type":"PropertyValueSpecification","valueRequired":true,"valueName":"search_term_string"}}],"inLanguage":"pl-PL"},{"@type":"Organization","@id":"https:\/\/buymodafinilonline.com\/pl\/#organization","name":"BuyModafinilOnline","url":"https:\/\/buymodafinilonline.com\/pl\/","logo":{"@type":"ImageObject","inLanguage":"pl-PL","@id":"https:\/\/buymodafinilonline.com\/pl\/#\/schema\/logo\/image\/","url":"https:\/\/buymodafinilonline.com\/wp-content\/uploads\/2020\/04\/logo-buy-modafinil-online-yellow.png","contentUrl":"https:\/\/buymodafinilonline.com\/wp-content\/uploads\/2020\/04\/logo-buy-modafinil-online-yellow.png","width":200,"height":200,"caption":"BuyModafinilOnline"},"image":{"@id":"https:\/\/buymodafinilonline.com\/pl\/#\/schema\/logo\/image\/"}}]}},"_links":{"self":[{"href":"https:\/\/buymodafinilonline.com\/pl\/wp-json\/wp\/v2\/product\/408599","targetHints":{"allow":["GET"]}}],"collection":[{"href":"https:\/\/buymodafinilonline.com\/pl\/wp-json\/wp\/v2\/product"}],"about":[{"href":"https:\/\/buymodafinilonline.com\/pl\/wp-json\/wp\/v2\/types\/product"}],"replies":[{"embeddable":true,"href":"https:\/\/buymodafinilonline.com\/pl\/wp-json\/wp\/v2\/comments?post=408599"}],"wp:featuredmedia":[{"embeddable":true,"href":"https:\/\/buymodafinilonline.com\/pl\/wp-json\/wp\/v2\/media\/398163"}],"wp:attachment":[{"href":"https:\/\/buymodafinilonline.com\/pl\/wp-json\/wp\/v2\/media?parent=408599"}],"wp:term":[{"taxonomy":"product_brand","embeddable":true,"href":"https:\/\/buymodafinilonline.com\/pl\/wp-json\/wp\/v2\/product_brand?post=408599"},{"taxonomy":"product_cat","embeddable":true,"href":"https:\/\/buymodafinilonline.com\/pl\/wp-json\/wp\/v2\/product_cat?post=408599"},{"taxonomy":"product_tag","embeddable":true,"href":"https:\/\/buymodafinilonline.com\/pl\/wp-json\/wp\/v2\/product_tag?post=408599"}],"curies":[{"name":"wp","href":"https:\/\/api.w.org\/{rel}","templated":true}]}}