{"id":408666,"date":"2020-03-23T22:29:33","date_gmt":"2020-11-08T16:11:12","guid":{"rendered":"https:\/\/buymodafinilonline.com\/smart-drugs\/modafresh-200-mg\/"},"modified":"2025-05-11T15:22:30","modified_gmt":"2025-05-11T14:22:30","slug":"modafresh-200-mg","status":"publish","type":"product","link":"https:\/\/buymodafinilonline.com\/pl\/pigulki-madrosci\/modafresh-200-mg\/","title":{"rendered":"Modafresh 200 mg"},"content":{"rendered":"[vc_column width=\u201d1\/2\u2033]\n<div class=\"su-divider su-divider-style-default\" style=\"margin:10px 0;border-width:3px;border-color:#ffffff00\"><a href=\"#\" style=\"color:#ffffff009\">.<\/a><\/div>\n<h2>Co to jest Modafresh 200 mg?<\/h2>\n<div class=\"su-divider su-divider-style-default\" style=\"margin:10px 0;border-width:3px;border-color:#ffffff00\"><a href=\"#\" style=\"color:#ffffff009\">.<\/a><\/div>\nModafresh to jedna z najnowszych generycznych wersji modafinilu wprowadzonych na rynek. Wyst\u0119puje w postaci tabletki zawieraj\u0105cej dawki 100 lub 200 mg aktywnych sk\u0142adnik\u00f3w, zwykle okre\u015blanych jako S- i R- modafinil.<\/p>\n<p>Jest to skuteczny lek o dzia\u0142aniu identycznym z markow\u0105 wersj\u0105 Provigil\u00ae firmy Cephalon Inc.<\/p>\n<p>Ten lek jest przepisywany w celu leczenia chor\u00f3b zwi\u0105zanych ze snem, takich jak narkolepsja, obturacyjny bezdech senny, nadmierna senno\u015b\u0107 w ci\u0105gu dnia, idiopatyczna hipersomnia, zaburzenia snu zwi\u0105zane z prac\u0105 zmianow\u0105 i inne.<\/p>\n<p>Lekarze mog\u0105 r\u00f3wnie\u017c przepisa\u0107 Modafresh 200 mg osobom cierpi\u0105cym na ADD \/ ADHD ze wzgl\u0119du na jego zdolno\u015b\u0107 do poprawy koncentracji, skupienia i przywracania czuwania.<\/p>\n<div class=\"su-divider su-divider-style-default\" style=\"margin:10px 0;border-width:3px;border-color:#ffffff00\"><a href=\"#\" style=\"color:#ffffff009\">.<\/a><\/div>\n<h2>Jak dzia\u0142aj\u0105 te tabletki?<\/h2>\n<div class=\"su-divider su-divider-style-default\" style=\"margin:10px 0;border-width:3px;border-color:#ffffff00\"><a href=\"#\" style=\"color:#ffffff009\">.<\/a><\/div>\nModafresh to wysoce skuteczny lek, kt\u00f3ry dzia\u0142a poprzez stymulacj\u0119 uwalniania w m\u00f3zgu substancji chemicznych, kt\u00f3re sprzyjaj\u0105 czuwaniu. Jest powszechnie znany jako \u015brodek promuj\u0105cy stan czuwania. Jego dok\u0142adny mechanizm dzia\u0142ania nie jest w pe\u0142ni poznany.<\/p>\n<p>Jednak naukowcy przedstawiaj\u0105, \u017ce jest to silny lek, kt\u00f3ry dzia\u0142a poprzez zwi\u0119kszenie ilo\u015bci dopaminy (chemicznego neuroprzeka\u017anika, kt\u00f3rego u\u017cywaj\u0105 nerwy m\u00f3zgowe do komunikacji mi\u0119dzy sob\u0105). Hamuje inne nerwy i substancje odpowiedzialne za wch\u0142anianie wi\u0119kszej ilo\u015bci dopaminy w organizmie \u2013 prowadz\u0105c do stan\u00f3w snu.<\/p>\n<p>Modafresh 200 mg dzia\u0142a poprzez zmniejszenie wychwytu zwrotnego dopaminy do nerw\u00f3w, a tym samym promuje funkcje m\u00f3zgu w zakresie czuwania i efekt\u00f3w wzmacniaj\u0105cych funkcje poznawcze.<\/p>\n<p>Ostatecznym celem tego leku jest promowanie czuwania w m\u00f3zgu i innych funkcji poznawczych, takich jak promowanie ostro\u015bci umys\u0142u i przetwarzania, zwi\u0119kszanie skupienia, motywacji i energii.<\/p>\n<div class=\"su-divider su-divider-style-default\" style=\"margin:10px 0;border-width:3px;border-color:#ffffff00\"><a href=\"#\" style=\"color:#ffffff009\">.<\/a><\/div>\n<h2>Bezpieczne dawkowanie i w\u0142a\u015bciwe stosowanie<\/h2>\n<div class=\"su-divider su-divider-style-default\" style=\"margin:10px 0;border-width:3px;border-color:#ffffff00\"><a href=\"#\" style=\"color:#ffffff009\">.<\/a><\/div>\nModafresh, podobnie jak wszystkie generyczne wersje modafinilu, zwykle trafia na rynek z r\u00f3\u017cnymi dawkami, takimi jak Modafresh 100 mg i 200 mg. Maksymalna dzienna dawka Modafresh wynosi 200 mg. Nale\u017cy go przyjmowa\u0107 wcze\u015bnie rano, je\u015bli jest przepisywany jako lekarstwo na schorzenia zwi\u0105zane ze snem.<\/p>\n<p>Zmienno\u015b\u0107 dawkowania wynika z indywidualnej odpowiedzi na skuteczno\u015b\u0107 leku i jego tolerancj\u0119. Niekt\u00f3rzy ludzie s\u0105 stabilni, zwi\u0119kszaj\u0105c dawk\u0119 do 200 mg lub zmniejszaj\u0105c j\u0105 do 100 mg lub mniej.<\/p>\n<p>Je\u015bli u\u017cywasz go do cel\u00f3w niezgodnych z zaleceniami, we\u017a go zgodnie z zaleceniami lekarza specjalisty. Jednak bezpiecznej dawki nie nale\u017cy leczy\u0107 samodzielnie. Konsultacja lekarska pomaga oceni\u0107 stan indywidualnego zdrowia, aby zapobiec mo\u017cliwym skutkom ubocznym interakcji choroby lub niepo\u017c\u0105danym skutkom interakcji lek\u00f3w.<\/p>\n<p>Przed u\u017cyciem nale\u017cy zasi\u0119gn\u0105\u0107 porady lekarza w sprawie bezpiecznego dawkowania.<\/p>\n<div class=\"su-divider su-divider-style-default\" style=\"margin:10px 0;border-width:3px;border-color:#ffffff00\"><a href=\"#\" style=\"color:#ffffff009\">.<\/a><\/div>\n<h2>Mo\u017cliwe dzia\u0142ania niepo\u017c\u0105dane<\/h2>\n<div class=\"su-divider su-divider-style-default\" style=\"margin:10px 0;border-width:3px;border-color:#ffffff00\"><a href=\"#\" style=\"color:#ffffff009\">.<\/a><\/div>\nModafinil jest bezpieczny dla os\u00f3b przyjmuj\u0105cych go ze zdrowym cia\u0142em, mog\u0105 wyst\u0105pi\u0107 pewne \u201edrobne\u201d skutki uboczne \u2013 ust\u0105pi\u0105 one wraz z dalszym stosowaniem lek\u00f3w.<\/p>\n<p>Typowe negatywne skutki Modafresh obejmuj\u0105 b\u00f3le g\u0142owy, trudno\u015bci w zasypianiu, b\u00f3l w klatce piersiowej, nudno\u015bci, sucho\u015b\u0107 w ustach, utrat\u0119 apetytu, rozstr\u00f3j \u017co\u0142\u0105dka, nerwowo\u015b\u0107, zawroty g\u0142owy, wahania nastroju.<\/p>\n<p>Powa\u017cniejsze dzia\u0142ania niepo\u017c\u0105dane wyst\u0119puj\u0105 rzadko, ale mog\u0105 wyst\u0105pi\u0107 u niekt\u00f3rych os\u00f3b. Nale\u017c\u0105 do nich nieregularne bicie serca, wymioty, pokrzywka, sw\u0119dzenie sk\u00f3ry, wysypka sk\u00f3rna, ciemny mocz, gor\u0105czka.<\/p>\n<p>Ta lista nie jest kompletna. Niekt\u00f3re skutki uboczne mog\u0105 by\u0107 powa\u017cne i szkodliwe dla zdrowia. Ilekro\u0107 zauwa\u017cysz dziwne objawy, poszukaj natychmiastowej pomocy medycznej. Niekt\u00f3re osoby mog\u0105 r\u00f3wnie\u017c spotka\u0107 si\u0119 m.in. z halucynacjami, agresj\u0105, my\u015blami samob\u00f3jczymi.<\/p>\n[\/vc_column][vc_column width=\u201d1\/2\u2033]\n<div class=\"su-divider su-divider-style-default\" style=\"margin:10px 0;border-width:3px;border-color:#ffffff00\"><a href=\"#\" style=\"color:#ffffff009\">.<\/a><\/div>\n<h2>Przeciwwskazania i \u015brodki ostro\u017cno\u015bci<\/h2>\n<div class=\"su-divider su-divider-style-default\" style=\"margin:10px 0;border-width:3px;border-color:#ffffff00\"><a href=\"#\" style=\"color:#ffffff009\">.<\/a><\/div>\nJak w przypadku ka\u017cdego silnego leku, konieczne jest podj\u0119cie \u015brodk\u00f3w ostro\u017cno\u015bci zgodnie z zaleceniami lekarza specjalisty lub post\u0119powanie zgodnie z instrukcjami zamieszczonymi na ulotce leku.<\/p>\n<p>Niekt\u00f3re interakcje mog\u0105 by\u0107 powa\u017cne i konieczne s\u0105 dodatkowe \u015brodki ostro\u017cno\u015bci. Modafresh wsp\u00f3\u0142dzia\u0142a z niekt\u00f3rymi lekami, takimi jak:<\/p>\n<div class=\"su-divider su-divider-style-default\" style=\"margin:10px 0;border-width:3px;border-color:#ffffff00\"><a href=\"#\" style=\"color:#ffffff009\">.<\/a><\/div>\n<ul>\n<li>cyklosporyna (Sandimmune);<\/li>\n<li>hormonalne \u015brodki antykoncepcyjne (tj. Micronor);<\/li>\n<li>Ketokonazol (Nizoral);<\/li>\n<li>teofilina (Theo-24);<\/li>\n<li>imipramina (tofranil);<\/li>\n<li>i inni.<\/li>\n<\/ul>\n<div class=\"su-divider su-divider-style-default\" style=\"margin:10px 0;border-width:3px;border-color:#ffffff00\"><a href=\"#\" style=\"color:#ffffff009\">.<\/a><\/div>\nTa lista nie jest kompletna. Tw\u00f3j lekarz powinien oceni\u0107 wszystkie leki, kt\u00f3rych u\u017cywasz, a tak\u017ce przeprowadzi\u0107 dog\u0142\u0119bn\u0105 analiz\u0119, aby zidentyfikowa\u0107 niekt\u00f3re choroby, kt\u00f3re masz. Na przyk\u0142ad problemy z sercem, takie jak:<\/p>\n<div class=\"su-divider su-divider-style-default\" style=\"margin:10px 0;border-width:3px;border-color:#ffffff00\"><a href=\"#\" style=\"color:#ffffff009\">.<\/a><\/div>\n<ul>\n<li>nieregularny rytm serca.<\/li>\n<li>problem z zastawk\u0105 mitraln\u0105;<\/li>\n<li>b\u00f3l w klatce piersiowej;<\/li>\n<li>powi\u0119kszone serce;<\/li>\n<li>zawa\u0142 serca.<\/li>\n<\/ul>\n<div class=\"su-divider su-divider-style-default\" style=\"margin:10px 0;border-width:3px;border-color:#ffffff00\"><a href=\"#\" style=\"color:#ffffff009\">.<\/a><\/div>\nPonadto lek ten nie zosta\u0142 wystarczaj\u0105co zbadany u kobiet w ci\u0105\u017cy. Konieczna jest konsultacja ze specjalist\u0105 medycznym przed karmieniem piersi\u0105.<\/p>\n<p>Nie pi\u0107 alkoholu podczas stosowania tego leku. Nie nale\u017cy r\u00f3wnie\u017c nagle przerywa\u0107 leczenia, poniewa\u017c mog\u0105 wyst\u0105pi\u0107 objawy odstawienia.<\/p>\n<p>Jedzenie dobrze dzia\u0142a z tego typu lekami. Mo\u017cesz przyjmowa\u0107 go z jedzeniem lub na czczo.<\/p>\n<div class=\"su-divider su-divider-style-default\" style=\"margin:10px 0;border-width:3px;border-color:#ffffff00\"><a href=\"#\" style=\"color:#ffffff009\">.<\/a><\/div>\n<h2>Do\u015bwiadczenie konsumenta<\/h2>\n<div class=\"su-divider su-divider-style-default\" style=\"margin:10px 0;border-width:3px;border-color:#ffffff00\"><a href=\"#\" style=\"color:#ffffff009\">.<\/a><\/div>\nLudzie polecali leki, kt\u00f3re dzia\u0142aj\u0105 dobrze i s\u0105 bezpieczne. Modafinil jest popularnym lekiem zatwierdzonym na r\u00f3\u017cne problemy zdrowotne ze wzgl\u0119du na jego skuteczno\u015b\u0107 i tolerancj\u0119. Jego u\u017cycie poza wskazaniami jest r\u00f3wnie\u017c korzystne i pomaga ludziom poprawi\u0107 funkcje poznawcze dzi\u0119ki zwi\u0119kszonej produktywno\u015bci i wykonywaniu zada\u0144 na czas z doskona\u0142ym wynikiem.<\/p>\n<p>Dlatego kilka os\u00f3b poleca Modafresh 200 mg. Jest bezpieczny i dobrze tolerowany. Dla uzyskania korzystnego efektu przy d\u0142ugotrwa\u0142ym stosowaniu najlepiej przyjmowa\u0107 w niewielkich ilo\u015bciach. Chocia\u017c nie ma sprawdzonych bada\u0144 wskazuj\u0105cych, \u017ce ten lek mo\u017ce uzale\u017cnia\u0107, jego prawdopodobie\u0144stwo jest wysokie. Przede wszystkim osoby staraj\u0105ce si\u0119 stosowa\u0107 ten lek nigdy nie powinny go przyjmowa\u0107 bez uprzedniej konsultacji z lekarzem specjalist\u0105.<\/p>\n<div class=\"su-divider su-divider-style-default\" style=\"margin:10px 0;border-width:3px;border-color:#ffffff00\"><a href=\"#\" style=\"color:#ffffff009\">.<\/a><\/div>\n<h2>Kup Generic Modafresh 200mg (Modafinil) Online<\/h2>\n<div class=\"su-divider su-divider-style-default\" style=\"margin:10px 0;border-width:3px;border-color:#ffffff00\"><a href=\"#\" style=\"color:#ffffff009\">.<\/a><\/div>\nNale\u017cy pami\u0119ta\u0107, \u017ce mog\u0105 istnie\u0107 fa\u0142szywi sprzedawcy oferuj\u0105cy niskiej jako\u015bci lub fa\u0142szywy modafinil i inne leki dost\u0119pne bez recepty.<\/p>\n<p>Zachowaj bezpiecze\u0144stwo, u\u017cywaj\u0105c<a href=\"https:\/\/buymodafinilonline.com\/pl\/\"> Kup ModafinilOnline<\/a> . Jest to najlepsza e-apteka, kt\u00f3ra oferuje r\u00f3\u017cne mo\u017cliwo\u015bci obni\u017cenia ceny, w tym kupony, rabaty<a href=\"https:\/\/buymodafinilonline.com\/pl\/zaplac-bitcoinami-a-dostaniesz-33-rabatu\/\">(23% zni\u017cki za p\u0142atno\u015b\u0107 bitcoinem<\/a>), kupony za napisanie recenzji i kupon o warto\u015bci 25 USD dla powracaj\u0105cego klienta.<\/p>\n<p>R\u00f3wnie\u017c tutaj mo\u017cesz kupi\u0107 takie<a href=\"https:\/\/buymodafinilonline.com\/pl\/sklep\/\"> popularne nootropy<\/a> , tak jak<a href=\"https:\/\/buymodafinilonline.com\/pl\/pigulki-madrosci\/modvigil-200-mg\/\"> Modvigil 200 mg<\/a> ,<a href=\"https:\/\/buymodafinilonline.com\/pl\/pigulki-madrosci\/vilafinil-200-mg\/\"> Vilafinil 200 mg<\/a> ,<a href=\"https:\/\/buymodafinilonline.com\/pl\/pigulki-madrosci\/artvigil-150-mg\/\"> Artvigil 150 mg<\/a> ,<a href=\"https:\/\/buymodafinilonline.com\/pl\/pigulki-madrosci\/modalert-200-mg\/\"> Modalert 200 mg<\/a> itp. Ceny modafresh w tej e-aptece s\u0105 wyj\u0105tkowo niskie. Ponadto pozyskuje leki od zatwierdzonych producent\u00f3w wytwarzaj\u0105cych wysokiej jako\u015bci i bezpieczne tabletki modafinilu.<\/p>\n<p>I to nie wszystko!<a href=\"https:\/\/buymodafinilonline.com\/pl\/najlepszy-dostawca-w-polsce\/\"> Wysy\u0142ka odbywa si\u0119 na ca\u0142y \u015bwiat<\/a> \u2013 do wi\u0119kszo\u015bci kraj\u00f3w z wyj\u0105tkiem kilku wymienionych na li\u015bcie kraj\u00f3w, do kt\u00f3rych nie jest wysy\u0142any. Co wi\u0119cej, gwarantowana jest ultraszybka wysy\u0142ka. Niemniej jednak w niekt\u00f3rych przypadkach, je\u015bli paczka zostanie zgubiona lub utknie w urz\u0119dzie celnym, je\u015bli oferuje bezp\u0142atny zwrot lub 100% gwarancj\u0119 zwrotu pieni\u0119dzy.[\/vc_column]\n<div class=\"su-divider su-divider-style-default\" style=\"margin:10px 0;border-width:3px;border-color:#ffffff00\"><a href=\"#\" style=\"color:#ffffff009\">.<\/a><\/div>\n","protected":false},"excerpt":{"rendered":"<p>Modafresh 200 mg to bardzo silny lek przepisywany w celu promowania czuwania. Jego u\u017cycie poza wskazaniami ma na celu popraw\u0119 funkcji poznawczych z lepszym wp\u0142ywem na m\u00f3zg. Jego substancj\u0105 czynn\u0105 jest modafinil i jest produktem ameryka\u0144skiej firmy farmaceutycznej Sunrise Pharmaceuticals. Zakup Modafresh 200 mg w naszej aptece kosztuje mniej pieni\u0119dzy z oryginalnymi lekami i gwarantuje dostaw\u0119.<\/p>\n[sc name=\"s1\"]\n","protected":false},"featured_media":408673,"comment_status":"open","ping_status":"closed","template":"","meta":{"_acf_changed":false},"product_brand":[],"product_cat":[4045],"product_tag":[4051],"class_list":{"0":"post-408666","1":"product","2":"type-product","3":"status-publish","4":"has-post-thumbnail","6":"product_cat-marki-inteligentnych-lekow","7":"product_tag-modafinil-pl","9":"first","10":"instock","11":"sale","12":"shipping-taxable","13":"purchasable","14":"product-type-variable","15":"has-default-attributes"},"acf":[],"yoast_head":"<!-- This site is optimized with the Yoast SEO Premium plugin v23.6 (Yoast SEO v27.6) - https:\/\/yoast.com\/product\/yoast-seo-premium-wordpress\/ -->\n<title>Kup Modafresh 200 mg (Modafinil) Leki OTC - Kup ModafinilOnline<\/title>\n<meta name=\"description\" content=\"Kup tanie tabletki Modafresh 200 mg online bez recepty w aptece BuyModafinilOnline. P\u0142a\u0107 Bitcoinami i otrzymaj gwarantowane 23% ZNI\u017bKI na zakup lek\u00f3w Modafresh 200mg!\" \/>\n<meta name=\"robots\" content=\"index, follow, max-snippet:-1, max-image-preview:large, max-video-preview:-1\" \/>\n<link rel=\"canonical\" href=\"https:\/\/buymodafinilonline.com\/pl\/pigulki-madrosci\/modafresh-200-mg\/\" \/>\n<meta property=\"og:locale\" content=\"pl_PL\" \/>\n<meta property=\"og:type\" content=\"article\" \/>\n<meta property=\"og:title\" content=\"Modafresh 200 mg\" \/>\n<meta property=\"og:description\" content=\"Kup tanie tabletki Modafresh 200 mg online bez recepty w aptece BuyModafinilOnline. P\u0142a\u0107 Bitcoinami i otrzymaj gwarantowane 23% ZNI\u017bKI na zakup lek\u00f3w Modafresh 200mg!\" \/>\n<meta property=\"og:url\" content=\"https:\/\/buymodafinilonline.com\/pl\/pigulki-madrosci\/modafresh-200-mg\/\" \/>\n<meta property=\"og:site_name\" content=\"BuyModafinilOnline.com\" \/>\n<meta property=\"article:modified_time\" content=\"2025-05-11T14:22:30+00:00\" \/>\n<meta property=\"og:image\" content=\"https:\/\/buymodafinilonline.com\/wp-content\/uploads\/2020\/04\/product-bmo-ModaFresh-1.png\" \/>\n\t<meta property=\"og:image:width\" content=\"1280\" \/>\n\t<meta property=\"og:image:height\" content=\"1500\" \/>\n\t<meta property=\"og:image:type\" content=\"image\/png\" \/>\n<meta name=\"twitter:label1\" content=\"Szacowany czas czytania\" \/>\n\t<meta name=\"twitter:data1\" content=\"6 minut\" \/>\n<script type=\"application\/ld+json\" class=\"yoast-schema-graph\">{\"@context\":\"https:\\\/\\\/schema.org\",\"@graph\":[{\"@type\":\"WebPage\",\"@id\":\"https:\\\/\\\/buymodafinilonline.com\\\/pl\\\/pigulki-madrosci\\\/modafresh-200-mg\\\/\",\"url\":\"https:\\\/\\\/buymodafinilonline.com\\\/pl\\\/pigulki-madrosci\\\/modafresh-200-mg\\\/\",\"name\":\"Kup Modafresh 200 mg (Modafinil) Leki OTC - Kup ModafinilOnline\",\"isPartOf\":{\"@id\":\"https:\\\/\\\/buymodafinilonline.com\\\/pl\\\/#website\"},\"primaryImageOfPage\":{\"@id\":\"https:\\\/\\\/buymodafinilonline.com\\\/pl\\\/pigulki-madrosci\\\/modafresh-200-mg\\\/#primaryimage\"},\"image\":{\"@id\":\"https:\\\/\\\/buymodafinilonline.com\\\/pl\\\/pigulki-madrosci\\\/modafresh-200-mg\\\/#primaryimage\"},\"thumbnailUrl\":\"https:\\\/\\\/buymodafinilonline.com\\\/wp-content\\\/uploads\\\/2020\\\/04\\\/product-bmo-ModaFresh-1.png\",\"datePublished\":\"2020-11-08T16:11:12+00:00\",\"dateModified\":\"2025-05-11T14:22:30+00:00\",\"description\":\"Kup tanie tabletki Modafresh 200 mg online bez recepty w aptece BuyModafinilOnline. P\u0142a\u0107 Bitcoinami i otrzymaj gwarantowane 23% ZNI\u017bKI na zakup lek\u00f3w Modafresh 200mg!\",\"breadcrumb\":{\"@id\":\"https:\\\/\\\/buymodafinilonline.com\\\/pl\\\/pigulki-madrosci\\\/modafresh-200-mg\\\/#breadcrumb\"},\"inLanguage\":\"pl-PL\",\"potentialAction\":[{\"@type\":\"ReadAction\",\"target\":[\"https:\\\/\\\/buymodafinilonline.com\\\/pl\\\/pigulki-madrosci\\\/modafresh-200-mg\\\/\"]}]},{\"@type\":\"ImageObject\",\"inLanguage\":\"pl-PL\",\"@id\":\"https:\\\/\\\/buymodafinilonline.com\\\/pl\\\/pigulki-madrosci\\\/modafresh-200-mg\\\/#primaryimage\",\"url\":\"https:\\\/\\\/buymodafinilonline.com\\\/wp-content\\\/uploads\\\/2020\\\/04\\\/product-bmo-ModaFresh-1.png\",\"contentUrl\":\"https:\\\/\\\/buymodafinilonline.com\\\/wp-content\\\/uploads\\\/2020\\\/04\\\/product-bmo-ModaFresh-1.png\",\"width\":1280,\"height\":1500,\"caption\":\"Modafresh 200 mg\"},{\"@type\":\"BreadcrumbList\",\"@id\":\"https:\\\/\\\/buymodafinilonline.com\\\/pl\\\/pigulki-madrosci\\\/modafresh-200-mg\\\/#breadcrumb\",\"itemListElement\":[{\"@type\":\"ListItem\",\"position\":1,\"name\":\"Buy Modafinil Online\",\"item\":\"https:\\\/\\\/buymodafinilonline.com\\\/pl\\\/\"},{\"@type\":\"ListItem\",\"position\":2,\"name\":\"Sklep\",\"item\":\"https:\\\/\\\/buymodafinilonline.com\\\/pl\\\/sklep\\\/\"},{\"@type\":\"ListItem\",\"position\":3,\"name\":\"Marki inteligentnych lek\u00f3w\",\"item\":\"https:\\\/\\\/buymodafinilonline.com\\\/pl\\\/kategoria-produktow\\\/marki-inteligentnych-lekow\\\/\"},{\"@type\":\"ListItem\",\"position\":4,\"name\":\"Modafresh 200 mg\"}]},{\"@type\":\"WebSite\",\"@id\":\"https:\\\/\\\/buymodafinilonline.com\\\/pl\\\/#website\",\"url\":\"https:\\\/\\\/buymodafinilonline.com\\\/pl\\\/\",\"name\":\"BuyModafinilOnline.com\",\"description\":\"Modafinil Online Pharmacy\",\"publisher\":{\"@id\":\"https:\\\/\\\/buymodafinilonline.com\\\/pl\\\/#organization\"},\"potentialAction\":[{\"@type\":\"SearchAction\",\"target\":{\"@type\":\"EntryPoint\",\"urlTemplate\":\"https:\\\/\\\/buymodafinilonline.com\\\/pl\\\/?s={search_term_string}\"},\"query-input\":{\"@type\":\"PropertyValueSpecification\",\"valueRequired\":true,\"valueName\":\"search_term_string\"}}],\"inLanguage\":\"pl-PL\"},{\"@type\":\"Organization\",\"@id\":\"https:\\\/\\\/buymodafinilonline.com\\\/pl\\\/#organization\",\"name\":\"BuyModafinilOnline\",\"url\":\"https:\\\/\\\/buymodafinilonline.com\\\/pl\\\/\",\"logo\":{\"@type\":\"ImageObject\",\"inLanguage\":\"pl-PL\",\"@id\":\"https:\\\/\\\/buymodafinilonline.com\\\/pl\\\/#\\\/schema\\\/logo\\\/image\\\/\",\"url\":\"https:\\\/\\\/buymodafinilonline.com\\\/wp-content\\\/uploads\\\/2020\\\/04\\\/logo-buy-modafinil-online-yellow.png\",\"contentUrl\":\"https:\\\/\\\/buymodafinilonline.com\\\/wp-content\\\/uploads\\\/2020\\\/04\\\/logo-buy-modafinil-online-yellow.png\",\"width\":200,\"height\":200,\"caption\":\"BuyModafinilOnline\"},\"image\":{\"@id\":\"https:\\\/\\\/buymodafinilonline.com\\\/pl\\\/#\\\/schema\\\/logo\\\/image\\\/\"}}]}<\/script>\n<!-- \/ Yoast SEO Premium plugin. -->","yoast_head_json":{"title":"Kup Modafresh 200 mg (Modafinil) Leki OTC - Kup ModafinilOnline","description":"Kup tanie tabletki Modafresh 200 mg online bez recepty w aptece BuyModafinilOnline. P\u0142a\u0107 Bitcoinami i otrzymaj gwarantowane 23% ZNI\u017bKI na zakup lek\u00f3w Modafresh 200mg!","robots":{"index":"index","follow":"follow","max-snippet":"max-snippet:-1","max-image-preview":"max-image-preview:large","max-video-preview":"max-video-preview:-1"},"canonical":"https:\/\/buymodafinilonline.com\/pl\/pigulki-madrosci\/modafresh-200-mg\/","og_locale":"pl_PL","og_type":"article","og_title":"Modafresh 200 mg","og_description":"Kup tanie tabletki Modafresh 200 mg online bez recepty w aptece BuyModafinilOnline. P\u0142a\u0107 Bitcoinami i otrzymaj gwarantowane 23% ZNI\u017bKI na zakup lek\u00f3w Modafresh 200mg!","og_url":"https:\/\/buymodafinilonline.com\/pl\/pigulki-madrosci\/modafresh-200-mg\/","og_site_name":"BuyModafinilOnline.com","article_modified_time":"2025-05-11T14:22:30+00:00","og_image":[{"width":1280,"height":1500,"url":"https:\/\/buymodafinilonline.com\/wp-content\/uploads\/2020\/04\/product-bmo-ModaFresh-1.png","type":"image\/png"}],"twitter_misc":{"Szacowany czas czytania":"6 minut"},"schema":{"@context":"https:\/\/schema.org","@graph":[{"@type":"WebPage","@id":"https:\/\/buymodafinilonline.com\/pl\/pigulki-madrosci\/modafresh-200-mg\/","url":"https:\/\/buymodafinilonline.com\/pl\/pigulki-madrosci\/modafresh-200-mg\/","name":"Kup Modafresh 200 mg (Modafinil) Leki OTC - Kup ModafinilOnline","isPartOf":{"@id":"https:\/\/buymodafinilonline.com\/pl\/#website"},"primaryImageOfPage":{"@id":"https:\/\/buymodafinilonline.com\/pl\/pigulki-madrosci\/modafresh-200-mg\/#primaryimage"},"image":{"@id":"https:\/\/buymodafinilonline.com\/pl\/pigulki-madrosci\/modafresh-200-mg\/#primaryimage"},"thumbnailUrl":"https:\/\/buymodafinilonline.com\/wp-content\/uploads\/2020\/04\/product-bmo-ModaFresh-1.png","datePublished":"2020-11-08T16:11:12+00:00","dateModified":"2025-05-11T14:22:30+00:00","description":"Kup tanie tabletki Modafresh 200 mg online bez recepty w aptece BuyModafinilOnline. P\u0142a\u0107 Bitcoinami i otrzymaj gwarantowane 23% ZNI\u017bKI na zakup lek\u00f3w Modafresh 200mg!","breadcrumb":{"@id":"https:\/\/buymodafinilonline.com\/pl\/pigulki-madrosci\/modafresh-200-mg\/#breadcrumb"},"inLanguage":"pl-PL","potentialAction":[{"@type":"ReadAction","target":["https:\/\/buymodafinilonline.com\/pl\/pigulki-madrosci\/modafresh-200-mg\/"]}]},{"@type":"ImageObject","inLanguage":"pl-PL","@id":"https:\/\/buymodafinilonline.com\/pl\/pigulki-madrosci\/modafresh-200-mg\/#primaryimage","url":"https:\/\/buymodafinilonline.com\/wp-content\/uploads\/2020\/04\/product-bmo-ModaFresh-1.png","contentUrl":"https:\/\/buymodafinilonline.com\/wp-content\/uploads\/2020\/04\/product-bmo-ModaFresh-1.png","width":1280,"height":1500,"caption":"Modafresh 200 mg"},{"@type":"BreadcrumbList","@id":"https:\/\/buymodafinilonline.com\/pl\/pigulki-madrosci\/modafresh-200-mg\/#breadcrumb","itemListElement":[{"@type":"ListItem","position":1,"name":"Buy Modafinil Online","item":"https:\/\/buymodafinilonline.com\/pl\/"},{"@type":"ListItem","position":2,"name":"Sklep","item":"https:\/\/buymodafinilonline.com\/pl\/sklep\/"},{"@type":"ListItem","position":3,"name":"Marki inteligentnych lek\u00f3w","item":"https:\/\/buymodafinilonline.com\/pl\/kategoria-produktow\/marki-inteligentnych-lekow\/"},{"@type":"ListItem","position":4,"name":"Modafresh 200 mg"}]},{"@type":"WebSite","@id":"https:\/\/buymodafinilonline.com\/pl\/#website","url":"https:\/\/buymodafinilonline.com\/pl\/","name":"BuyModafinilOnline.com","description":"Modafinil Online Pharmacy","publisher":{"@id":"https:\/\/buymodafinilonline.com\/pl\/#organization"},"potentialAction":[{"@type":"SearchAction","target":{"@type":"EntryPoint","urlTemplate":"https:\/\/buymodafinilonline.com\/pl\/?s={search_term_string}"},"query-input":{"@type":"PropertyValueSpecification","valueRequired":true,"valueName":"search_term_string"}}],"inLanguage":"pl-PL"},{"@type":"Organization","@id":"https:\/\/buymodafinilonline.com\/pl\/#organization","name":"BuyModafinilOnline","url":"https:\/\/buymodafinilonline.com\/pl\/","logo":{"@type":"ImageObject","inLanguage":"pl-PL","@id":"https:\/\/buymodafinilonline.com\/pl\/#\/schema\/logo\/image\/","url":"https:\/\/buymodafinilonline.com\/wp-content\/uploads\/2020\/04\/logo-buy-modafinil-online-yellow.png","contentUrl":"https:\/\/buymodafinilonline.com\/wp-content\/uploads\/2020\/04\/logo-buy-modafinil-online-yellow.png","width":200,"height":200,"caption":"BuyModafinilOnline"},"image":{"@id":"https:\/\/buymodafinilonline.com\/pl\/#\/schema\/logo\/image\/"}}]}},"_links":{"self":[{"href":"https:\/\/buymodafinilonline.com\/pl\/wp-json\/wp\/v2\/product\/408666","targetHints":{"allow":["GET"]}}],"collection":[{"href":"https:\/\/buymodafinilonline.com\/pl\/wp-json\/wp\/v2\/product"}],"about":[{"href":"https:\/\/buymodafinilonline.com\/pl\/wp-json\/wp\/v2\/types\/product"}],"replies":[{"embeddable":true,"href":"https:\/\/buymodafinilonline.com\/pl\/wp-json\/wp\/v2\/comments?post=408666"}],"wp:featuredmedia":[{"embeddable":true,"href":"https:\/\/buymodafinilonline.com\/pl\/wp-json\/wp\/v2\/media\/408673"}],"wp:attachment":[{"href":"https:\/\/buymodafinilonline.com\/pl\/wp-json\/wp\/v2\/media?parent=408666"}],"wp:term":[{"taxonomy":"product_brand","embeddable":true,"href":"https:\/\/buymodafinilonline.com\/pl\/wp-json\/wp\/v2\/product_brand?post=408666"},{"taxonomy":"product_cat","embeddable":true,"href":"https:\/\/buymodafinilonline.com\/pl\/wp-json\/wp\/v2\/product_cat?post=408666"},{"taxonomy":"product_tag","embeddable":true,"href":"https:\/\/buymodafinilonline.com\/pl\/wp-json\/wp\/v2\/product_tag?post=408666"}],"curies":[{"name":"wp","href":"https:\/\/api.w.org\/{rel}","templated":true}]}}