{"id":408679,"date":"2020-04-18T19:42:15","date_gmt":"2020-11-08T16:11:17","guid":{"rendered":"https:\/\/buymodafinilonline.com\/smart-drugs\/mofy-200-mg\/"},"modified":"2025-05-11T15:27:25","modified_gmt":"2025-05-11T14:27:25","slug":"mofy-200mg","status":"publish","type":"product","link":"https:\/\/buymodafinilonline.com\/pl\/pigulki-madrosci\/mofy-200mg\/","title":{"rendered":"Mofy 200 MG"},"content":{"rendered":"[vc_column width=&#8221;1\/2&#8243;]\n<div class=\"su-divider su-divider-style-default\" style=\"margin:10px 0;border-width:3px;border-color:#ffffff00\"><a href=\"#\" style=\"color:#ffffff009\">.<\/a><\/div>\n<h2>Co to jest Mofy 200 mg?<\/h2>\n<div class=\"su-divider su-divider-style-default\" style=\"margin:10px 0;border-width:3px;border-color:#ffffff00\"><a href=\"#\" style=\"color:#ffffff009\">.<\/a><\/div>\nMofy 200 mg zawiera<a href=\"https:\/\/buymodafinilonline.com\/pl\/prawda-o-modafinilu\/\"> modafinil<\/a> , jest to bezpieczny lek zatwierdzony jako lekarstwo na r\u00f3\u017cne zaburzenia snu spowodowane zaburzeniami snu w pracy zmianowej (SWSD), zespo\u0142em obturacyjnego bezdechu sennego \/ hipopnea (OSAHS) i narkolepsj\u0105.<\/p>\n<p>Lek ten bardzo skutecznie pomaga pacjentowi nie zasn\u0105\u0107 w ci\u0105gu dnia i zmniejsza sk\u0142onno\u015b\u0107 do zasypiania podczas pracy na nocn\u0105 zmian\u0119. Opr\u00f3cz zatwierdzenia przez FDA (Food and Drug Administration), lek ten jest r\u00f3wnie\u017c szeroko stosowany poza wskazaniami do leczenia kilku innych problem\u00f3w zdrowotnych, takich jak zesp\u00f3\u0142 nadpobudliwo\u015bci psychoruchowej z deficytem uwagi (ADHD), depresja, jet lag, utrata pami\u0119ci u pacjent\u00f3w z chorob\u0105 Alzheimera i funkcje poznawcze upo\u015bledzenie itp.<\/p>\n<p>Po spo\u017cyciu mechanizm Mofy skutecznie przywraca normalny cykl snu, poniewa\u017c moduluje st\u0119\u017cenie przeka\u017anik\u00f3w chemicznych w m\u00f3zgu, takich jak zwi\u0119kszanie wychwytu zwrotnego dopaminy, histaminy i oreksyny. W ten spos\u00f3b modafinil wywiera dzia\u0142anie pobudzaj\u0105ce, zmniejszaj\u0105c skrajn\u0105 senno\u015b\u0107, a podnosz\u0105c poziom dopaminy, nagradza si\u0119 innymi efektami, kt\u00f3re powoduj\u0105 popraw\u0119 funkcji poznawczych.<\/p>\n<p>Jako lek modafinil, Mofy jest potajemnie u\u017cywany przez ci\u0119\u017cko pracuj\u0105cych biznesmen\u00f3w, personel sportowy, student\u00f3w, astronaut\u00f3w, pracownik\u00f3w i pracownik\u00f3w call center. Poprawia zdolno\u015b\u0107 planowania i podejmowania decyzji oraz pozytywnie wp\u0142ywa na uczenie si\u0119, pami\u0119\u0107 i kreatywno\u015b\u0107.<\/p>\n<div class=\"su-divider su-divider-style-default\" style=\"margin:10px 0;border-width:3px;border-color:#ffffff00\"><a href=\"#\" style=\"color:#ffffff009\">.<\/a><\/div>\n<h2><strong>Bezpieczne dawkowanie i w\u0142a\u015bciwe stosowanie<\/strong><\/h2>\n<div class=\"su-divider su-divider-style-default\" style=\"margin:10px 0;border-width:3px;border-color:#ffffff00\"><a href=\"#\" style=\"color:#ffffff009\">.<\/a><\/div>\nW zale\u017cno\u015bci od celu leczenia zalecan\u0105 dawk\u0105 dobow\u0105 jest tabletka Mofy 200 mg. Nale\u017cy go przyjmowa\u0107 wy\u0142\u0105cznie zgodnie z zaleceniami lekarza, a umo\u017cliwienie lekarzowi oceny stanu zdrowia pod k\u0105tem ewentualnych problem\u00f3w zdrowotnych jest najwa\u017cniejsze.<\/p>\n<p>Mofy jest bezpieczny, je\u015bli jest przyjmowany przez zdrowych ludzi bez \u017cadnego problemu zdrowotnego. Mo\u017cna go bezpiecznie przyjmowa\u0107 z jedzeniem lub bez, ale niekt\u00f3re produkty mog\u0105 spowolni\u0107 jego szybko\u015b\u0107 wch\u0142aniania.<\/p>\n<p>Nie pomijaj \u017cadnej dawki Mofy i zako\u0144cz pe\u0142n\u0105 kuracj\u0119, nawet je\u015bli poczujesz si\u0119 lepiej.<\/p>\n<p>Nie przerywaj nagle modafinilu, poniewa\u017c mo\u017ce to pogorszy\u0107 objawy. W przypadku zdejmowania leku poza wskazaniami nale\u017cy post\u0119powa\u0107 zgodnie z zaleceniami lekarza i zapozna\u0107 si\u0119 ze wszystkimi informacjami podanymi na ulotce leku.<\/p>\n<div class=\"su-divider su-divider-style-default\" style=\"margin:10px 0;border-width:3px;border-color:#ffffff00\"><a href=\"#\" style=\"color:#ffffff009\">.<\/a><\/div>\n<h2><strong>Mo\u017cliwe dzia\u0142ania niepo\u017c\u0105dane<\/strong><\/h2>\n<div class=\"su-divider su-divider-style-default\" style=\"margin:10px 0;border-width:3px;border-color:#ffffff00\"><a href=\"#\" style=\"color:#ffffff009\">.<\/a><\/div>\nMofy 200mg jest bezpieczny i dobrze tolerowany. Jednak u niekt\u00f3rych os\u00f3b mog\u0105 wyst\u0105pi\u0107 niepo\u017c\u0105dane skutki. Niekt\u00f3re negatywne skutki s\u0105 kr\u00f3tkotrwa\u0142e i zanikaj\u0105 wraz z ci\u0105g\u0142ym stosowaniem lub zaprzestaniem (je\u015bli utrzymuje si\u0119) Mofy.<\/p>\n<p>Cz\u0119ste dzia\u0142ania niepo\u017c\u0105dane obejmuj\u0105 b\u00f3le g\u0142owy, bezsenno\u015b\u0107, zawroty g\u0142owy, b\u00f3le plec\u00f3w, nudno\u015bci, rozstr\u00f3j \u017co\u0142\u0105dka, biegunk\u0119, uczucie niepokoju lub nerwowo\u015bci, zatkany nos.<\/p>\n<p>Powoduje nawet senno\u015b\u0107 i zawroty g\u0142owy, wi\u0119c nie prowad\u017a pojazd\u00f3w ani nie r\u00f3b niczego, co wymaga skupienia umys\u0142owego, dop\u00f3ki efekt leku nie ust\u0105pi.<\/p>\n<p>Rzadkie, ale powa\u017cniejsze negatywne skutki mog\u0105 obejmowa\u0107 nadwra\u017cliwo\u015b\u0107, gor\u0105czk\u0119 i dreszcze, spl\u0105tanie, my\u015bli samob\u00f3jcze, niezwyk\u0142e zm\u0119czenie i os\u0142abienie, b\u00f3l w klatce piersiowej.<\/p>\n<p>To nie jest pe\u0142na lista mo\u017cliwych skutk\u00f3w ubocznych. Skontaktuj si\u0119 ze swoim lekarzem, je\u015bli te negatywne skutki Ci przeszkadzaj\u0105 lub nie ust\u0119puj\u0105.<\/p>\n[\/vc_column][vc_column width=&#8221;1\/2&#8243;]\n<div class=\"su-divider su-divider-style-default\" style=\"margin:10px 0;border-width:3px;border-color:#ffffff00\"><a href=\"#\" style=\"color:#ffffff009\">.<\/a><\/div>\n<h2><strong>Przeciwwskazania i \u015brodki ostro\u017cno\u015bci<\/strong><\/h2>\n<div class=\"su-divider su-divider-style-default\" style=\"margin:10px 0;border-width:3px;border-color:#ffffff00\"><a href=\"#\" style=\"color:#ffffff009\">.<\/a><\/div>\nEugeroics s\u0105 bezpieczne, je\u015bli s\u0105 przyjmowane zgodnie z recept\u0105 i bez mieszania z innymi lekami, kt\u00f3re mog\u0105 powodowa\u0107 powa\u017cne interakcje. Zaleca si\u0119 post\u0119powa\u0107 zgodnie z instrukcjami przedstawionymi na ulotce leku i przekaza\u0107 lekarzowi do oceny pe\u0142n\u0105 list\u0119 innych przyjmowanych lek\u00f3w.<\/p>\n<p>Mo\u017cliwe interakcje Mofy z innymi lekami obejmuj\u0105:<\/p>\n<div class=\"su-divider su-divider-style-default\" style=\"margin:10px 0;border-width:3px;border-color:#ffffff00\"><a href=\"#\" style=\"color:#ffffff009\">.<\/a><\/div>\n<ul>\n<li>leki antykoncepcyjne;<\/li>\n<li>Inhibitory MAO;<\/li>\n<li>Stymulanty OUN;<\/li>\n<li>Substraty CYP3A4 \/ 5 i CYP2C19;<\/li>\n<li>warfaryna i inne.<\/li>\n<\/ul>\n<div class=\"su-divider su-divider-style-default\" style=\"margin:10px 0;border-width:3px;border-color:#ffffff00\"><a href=\"#\" style=\"color:#ffffff009\">.<\/a><\/div>\nMofy 200 mg nie jest zalecany do stosowania u pacjent\u00f3w i os\u00f3b zdrowych uczulonych na modafinil lub jakikolwiek lek nootropowy. Je\u015bli jeste\u015b uczulony na niekt\u00f3re leki, przyjmowanie modafinilu mo\u017ce objawia\u0107 si\u0119 objawami powa\u017cnej reakcji alergicznej. Kobietom w ci\u0105\u017cy lub karmi\u0105cym piersi\u0105 zaleca si\u0119 niestosowanie lek\u00f3w Mofy, chyba \u017ce jest to konieczne. Ryzyko i korzy\u015bci nale\u017cy om\u00f3wi\u0107 ze specjalist\u0105 medycznym przed przyj\u0119ciem tego leku.<\/p>\n<p>W ramach \u015brodk\u00f3w ostro\u017cno\u015bci nie zaleca si\u0119 przyjmowania leku Mofy pod wp\u0142ywem alkoholu. Mo\u017ce zwi\u0119kszy\u0107 ryzyko negatywnych skutk\u00f3w, takich jak zaburzenia oceny, zawroty g\u0142owy i senno\u015b\u0107, a tak\u017ce inne bezprecedensowe negatywne skutki.<\/p>\n<p>Poinformuj lekarza specjalist\u0119, je\u015bli wyst\u0105pi\u0105 jakiekolwiek my\u015bli samob\u00f3jcze, nowa lub pogarszaj\u0105ca si\u0119 depresja, lub je\u015bli wyst\u0105pi\u0105 jakiekolwiek nietypowe zmiany nastroju lub zachowania, mi\u0119dzy innymi, podczas stosowania tego leku.<\/p>\n<div class=\"su-divider su-divider-style-default\" style=\"margin:10px 0;border-width:3px;border-color:#ffffff00\"><a href=\"#\" style=\"color:#ffffff009\">.<\/a><\/div>\n<h2><strong>Og\u00f3lny Mofy 200 mg (Modafinil) Online<\/strong><\/h2>\n<div class=\"su-divider su-divider-style-default\" style=\"margin:10px 0;border-width:3px;border-color:#ffffff00\"><a href=\"#\" style=\"color:#ffffff009\">.<\/a><\/div>\nW e-aptece BuyModafinilOnline leki generyczne Modafinil s\u0105 oryginalne i niezwykle tanie. Pozyskujemy \u201einteligentne leki\u201d od zatwierdzonych producent\u00f3w i oferujemy je po kosztach produkcji.<a href=\"https:\/\/buymodafinilonline.com\/smart-drugs-bestsellers\/\"> Najlepsze nootropy<\/a> s\u0105 dost\u0119pne w sprzeda\u017cy w naszej e-drogerii.<\/p>\n<p>W najlepszym razie oferujemy r\u00f3wnie\u017c<a href=\"https:\/\/buymodafinilonline.com\/free-trial\/\"> bezp\u0142atne pr\u00f3bki pr\u00f3bne<\/a> modafinilu i armodafinilu w celu zbadania bezpiecze\u0144stwa i skuteczno\u015bci oferowanych przez nas lek\u00f3w. Zajmujemy si\u0119 tylko najbardziej zaufanymi lekami.<\/p>\n<p>\u0141atwo i legalnie kup Mofy 200 mg lub inne nootropy<a href=\"https:\/\/buymodafinilonline.com\/pl\/pigulki-madrosci\/modalert-200-mg\/\">(Modalert<\/a>, <a href=\"https:\/\/buymodafinilonline.com\/pl\/pigulki-madrosci\/modafil-md-200-mg-podjezykowe\/\">Modafil MD<\/a>, <a href=\"https:\/\/buymodafinilonline.com\/pl\/pigulki-madrosci\/modvigil-200-mg\/\">Modvigil<\/a>, <a href=\"https:\/\/buymodafinilonline.com\/pl\/pigulki-madrosci\/artvigil-150-mg\/\">Artvigil<\/a>, <a href=\"https:\/\/buymodafinilonline.com\/pl\/pigulki-madrosci\/waklert-150-mg-tabletki\/\">Waklert<\/a> itp.) w naszej aptece internetowej bez recepty. Oferowane przez nas <a href=\"https:\/\/buymodafinilonline.com\/smart-drugs-brands\/\">wysokiej jako\u015bci tabletki modafinil i armodafinil<\/a> to najlepszy spos\u00f3b, aby zaoszcz\u0119dzi\u0107 wi\u0119cej pieni\u0119dzy, korzystaj\u0105c z <a href=\"https:\/\/buymodafinilonline.com\/coupons-deals-promo-codes\/\">kupon\u00f3w, ofert i kod\u00f3w promocyjnych<\/a> oraz rabat\u00f3w.<\/p>\n<p>Wysy\u0142amy na ca\u0142y \u015bwiat i pozwalamy Ci do\u015bwiadczy\u0107 naszych<a href=\"https:\/\/buymodafinilonline.com\/pl\/najlepszy-dostawca-w-polsce\/\"> ekskluzywna ultraszybka wysy\u0142ka<\/a> z bezp\u0142atn\u0105 dostaw\u0105 przy zam\u00f3wieniach powy\u017cej 80 USD, je\u015bli korzystasz z wysy\u0142ki poleconej poczt\u0105 lotnicz\u0105 lub uzyskaj bezp\u0142atn\u0105 wysy\u0142k\u0119 ekspresow\u0105 dla wszystkich zam\u00f3wie\u0144 powy\u017cej 150 USD.<\/p>\n<p>W przypadku nieudanej dostawy nie martw si\u0119! Oferujemy<a href=\"https:\/\/buymodafinilonline.com\/refund-reshipment\/\"> 100% zwrotu<\/a> lub otrzymasz kolejn\u0105 bezp\u0142atn\u0105 zwrotn\u0105 wysy\u0142k\u0119. Nie masz nic do stracenia w naszej internetowej aptece z modafinilem.<\/p>\n<p>Nasza drogeria jest wysoce zabezpieczona certyfikatem SSL. Oferujemy doskona\u0142e opcje p\u0142atno\u015bci, w tym<a href=\"https:\/\/buymodafinilonline.com\/pl\/zaplac-bitcoinami-a-dostaniesz-33-rabatu\/\"> Bitcoin<\/a> (BTC), PayPal i g\u0142\u00f3wne karty kredytowe. Zaoszcz\u0119d\u017a 23% od ca\u0142kowitego kosztu, p\u0142ac\u0105c za pomoc\u0105 BTC! Im wi\u0119cej kupisz tabletek, tym ni\u017csza cena!<\/p>\n<div class=\"su-divider su-divider-style-default\" style=\"margin:10px 0;border-width:3px;border-color:#ffffff00\"><a href=\"#\" style=\"color:#ffffff009\">.<\/a><\/div>\n[\/vc_column]\n<div class=\"su-divider su-divider-style-default\" style=\"margin:10px 0;border-width:3px;border-color:#ffffff00\"><a href=\"#\" style=\"color:#ffffff009\">.<\/a><\/div>\n","protected":false},"excerpt":{"rendered":"<p>Kup tabletki Mofy 200 mg w naszej aptece, kt\u00f3re pozyskujemy od producenta Bondane Pharma &#8211; z Indii. Zwykle lek ten jest stosowany w leczeniu nadmiernej senno\u015bci w ci\u0105gu dnia. Zdrowi ludzie szeroko popularyzuj\u0105 go jako wzmacniacza produktywno\u015bci i funkcji poznawczych. Mofy zawiera modafinil jako substancj\u0119 czynn\u0105. W naszej e-aptece mo\u017cesz dosta\u0107 ten nootropik w najlepszej cenie po koszcie produkcji.<\/p>\n[sc name=\"s1\"]\n","protected":false},"featured_media":398205,"comment_status":"open","ping_status":"closed","template":"","meta":{"_acf_changed":false},"product_brand":[],"product_cat":[4045],"product_tag":[4051],"class_list":{"0":"post-408679","1":"product","2":"type-product","3":"status-publish","4":"has-post-thumbnail","6":"product_cat-marki-inteligentnych-lekow","7":"product_tag-modafinil-pl","9":"first","10":"instock","11":"sale","12":"shipping-taxable","13":"purchasable","14":"product-type-variable","15":"has-default-attributes"},"acf":[],"yoast_head":"<!-- This site is optimized with the Yoast SEO Premium plugin v23.6 (Yoast SEO v27.4) - https:\/\/yoast.com\/product\/yoast-seo-premium-wordpress\/ -->\n<title>Kup tanie leki Mofy 200 MG (modafinil) OTC - KupModafinilOnline<\/title>\n<meta name=\"description\" content=\"Kup tabletki Mofy 200 mg przez Internet od producenta Bondane Pharma. Kup Mofy 200mg (modafinil) bez recepty w aptece BuyModafinilOnline. P\u0142a\u0107 Bitcoinem - zaoszcz\u0119d\u017a 23%!\" \/>\n<meta name=\"robots\" content=\"index, follow, max-snippet:-1, max-image-preview:large, max-video-preview:-1\" \/>\n<link rel=\"canonical\" href=\"https:\/\/buymodafinilonline.com\/pl\/pigulki-madrosci\/mofy-200mg\/\" \/>\n<meta property=\"og:locale\" content=\"pl_PL\" \/>\n<meta property=\"og:type\" content=\"article\" \/>\n<meta property=\"og:title\" content=\"Mofy 200 MG\" \/>\n<meta property=\"og:description\" content=\"Kup tabletki Mofy 200 mg przez Internet od producenta Bondane Pharma. Kup Mofy 200mg (modafinil) bez recepty w aptece BuyModafinilOnline. P\u0142a\u0107 Bitcoinem - zaoszcz\u0119d\u017a 23%!\" \/>\n<meta property=\"og:url\" content=\"https:\/\/buymodafinilonline.com\/pl\/pigulki-madrosci\/mofy-200mg\/\" \/>\n<meta property=\"og:site_name\" content=\"BuyModafinilOnline.com\" \/>\n<meta property=\"article:modified_time\" content=\"2025-05-11T14:27:25+00:00\" \/>\n<meta property=\"og:image\" content=\"https:\/\/buymodafinilonline.com\/wp-content\/uploads\/2020\/04\/bmo-product-mofy-200-mg.png\" \/>\n\t<meta property=\"og:image:width\" content=\"1280\" \/>\n\t<meta property=\"og:image:height\" content=\"1500\" \/>\n\t<meta property=\"og:image:type\" content=\"image\/png\" \/>\n<meta name=\"twitter:label1\" content=\"Szacowany czas czytania\" \/>\n\t<meta name=\"twitter:data1\" content=\"5 minut\" \/>\n<script type=\"application\/ld+json\" class=\"yoast-schema-graph\">{\"@context\":\"https:\\\/\\\/schema.org\",\"@graph\":[{\"@type\":\"WebPage\",\"@id\":\"https:\\\/\\\/buymodafinilonline.com\\\/pl\\\/pigulki-madrosci\\\/mofy-200mg\\\/\",\"url\":\"https:\\\/\\\/buymodafinilonline.com\\\/pl\\\/pigulki-madrosci\\\/mofy-200mg\\\/\",\"name\":\"Kup tanie leki Mofy 200 MG (modafinil) OTC - KupModafinilOnline\",\"isPartOf\":{\"@id\":\"https:\\\/\\\/buymodafinilonline.com\\\/pl\\\/#website\"},\"primaryImageOfPage\":{\"@id\":\"https:\\\/\\\/buymodafinilonline.com\\\/pl\\\/pigulki-madrosci\\\/mofy-200mg\\\/#primaryimage\"},\"image\":{\"@id\":\"https:\\\/\\\/buymodafinilonline.com\\\/pl\\\/pigulki-madrosci\\\/mofy-200mg\\\/#primaryimage\"},\"thumbnailUrl\":\"https:\\\/\\\/buymodafinilonline.com\\\/wp-content\\\/uploads\\\/2020\\\/04\\\/bmo-product-mofy-200-mg.png\",\"datePublished\":\"2020-11-08T16:11:17+00:00\",\"dateModified\":\"2025-05-11T14:27:25+00:00\",\"description\":\"Kup tabletki Mofy 200 mg przez Internet od producenta Bondane Pharma. Kup Mofy 200mg (modafinil) bez recepty w aptece BuyModafinilOnline. P\u0142a\u0107 Bitcoinem - zaoszcz\u0119d\u017a 23%!\",\"breadcrumb\":{\"@id\":\"https:\\\/\\\/buymodafinilonline.com\\\/pl\\\/pigulki-madrosci\\\/mofy-200mg\\\/#breadcrumb\"},\"inLanguage\":\"pl-PL\",\"potentialAction\":[{\"@type\":\"ReadAction\",\"target\":[\"https:\\\/\\\/buymodafinilonline.com\\\/pl\\\/pigulki-madrosci\\\/mofy-200mg\\\/\"]}]},{\"@type\":\"ImageObject\",\"inLanguage\":\"pl-PL\",\"@id\":\"https:\\\/\\\/buymodafinilonline.com\\\/pl\\\/pigulki-madrosci\\\/mofy-200mg\\\/#primaryimage\",\"url\":\"https:\\\/\\\/buymodafinilonline.com\\\/wp-content\\\/uploads\\\/2020\\\/04\\\/bmo-product-mofy-200-mg.png\",\"contentUrl\":\"https:\\\/\\\/buymodafinilonline.com\\\/wp-content\\\/uploads\\\/2020\\\/04\\\/bmo-product-mofy-200-mg.png\",\"width\":1280,\"height\":1500,\"caption\":\"Mofy 200 mg\"},{\"@type\":\"BreadcrumbList\",\"@id\":\"https:\\\/\\\/buymodafinilonline.com\\\/pl\\\/pigulki-madrosci\\\/mofy-200mg\\\/#breadcrumb\",\"itemListElement\":[{\"@type\":\"ListItem\",\"position\":1,\"name\":\"Buy Modafinil Online\",\"item\":\"https:\\\/\\\/buymodafinilonline.com\\\/pl\\\/\"},{\"@type\":\"ListItem\",\"position\":2,\"name\":\"Sklep\",\"item\":\"https:\\\/\\\/buymodafinilonline.com\\\/pl\\\/sklep\\\/\"},{\"@type\":\"ListItem\",\"position\":3,\"name\":\"Marki inteligentnych lek\u00f3w\",\"item\":\"https:\\\/\\\/buymodafinilonline.com\\\/pl\\\/kategoria-produktow\\\/marki-inteligentnych-lekow\\\/\"},{\"@type\":\"ListItem\",\"position\":4,\"name\":\"Mofy 200 MG\"}]},{\"@type\":\"WebSite\",\"@id\":\"https:\\\/\\\/buymodafinilonline.com\\\/pl\\\/#website\",\"url\":\"https:\\\/\\\/buymodafinilonline.com\\\/pl\\\/\",\"name\":\"BuyModafinilOnline.com\",\"description\":\"Modafinil Online Pharmacy\",\"publisher\":{\"@id\":\"https:\\\/\\\/buymodafinilonline.com\\\/pl\\\/#organization\"},\"potentialAction\":[{\"@type\":\"SearchAction\",\"target\":{\"@type\":\"EntryPoint\",\"urlTemplate\":\"https:\\\/\\\/buymodafinilonline.com\\\/pl\\\/?s={search_term_string}\"},\"query-input\":{\"@type\":\"PropertyValueSpecification\",\"valueRequired\":true,\"valueName\":\"search_term_string\"}}],\"inLanguage\":\"pl-PL\"},{\"@type\":\"Organization\",\"@id\":\"https:\\\/\\\/buymodafinilonline.com\\\/pl\\\/#organization\",\"name\":\"BuyModafinilOnline\",\"url\":\"https:\\\/\\\/buymodafinilonline.com\\\/pl\\\/\",\"logo\":{\"@type\":\"ImageObject\",\"inLanguage\":\"pl-PL\",\"@id\":\"https:\\\/\\\/buymodafinilonline.com\\\/pl\\\/#\\\/schema\\\/logo\\\/image\\\/\",\"url\":\"https:\\\/\\\/buymodafinilonline.com\\\/wp-content\\\/uploads\\\/2020\\\/04\\\/logo-buy-modafinil-online-yellow.png\",\"contentUrl\":\"https:\\\/\\\/buymodafinilonline.com\\\/wp-content\\\/uploads\\\/2020\\\/04\\\/logo-buy-modafinil-online-yellow.png\",\"width\":200,\"height\":200,\"caption\":\"BuyModafinilOnline\"},\"image\":{\"@id\":\"https:\\\/\\\/buymodafinilonline.com\\\/pl\\\/#\\\/schema\\\/logo\\\/image\\\/\"}}]}<\/script>\n<!-- \/ Yoast SEO Premium plugin. -->","yoast_head_json":{"title":"Kup tanie leki Mofy 200 MG (modafinil) OTC - KupModafinilOnline","description":"Kup tabletki Mofy 200 mg przez Internet od producenta Bondane Pharma. Kup Mofy 200mg (modafinil) bez recepty w aptece BuyModafinilOnline. P\u0142a\u0107 Bitcoinem - zaoszcz\u0119d\u017a 23%!","robots":{"index":"index","follow":"follow","max-snippet":"max-snippet:-1","max-image-preview":"max-image-preview:large","max-video-preview":"max-video-preview:-1"},"canonical":"https:\/\/buymodafinilonline.com\/pl\/pigulki-madrosci\/mofy-200mg\/","og_locale":"pl_PL","og_type":"article","og_title":"Mofy 200 MG","og_description":"Kup tabletki Mofy 200 mg przez Internet od producenta Bondane Pharma. Kup Mofy 200mg (modafinil) bez recepty w aptece BuyModafinilOnline. P\u0142a\u0107 Bitcoinem - zaoszcz\u0119d\u017a 23%!","og_url":"https:\/\/buymodafinilonline.com\/pl\/pigulki-madrosci\/mofy-200mg\/","og_site_name":"BuyModafinilOnline.com","article_modified_time":"2025-05-11T14:27:25+00:00","og_image":[{"width":1280,"height":1500,"url":"https:\/\/buymodafinilonline.com\/wp-content\/uploads\/2020\/04\/bmo-product-mofy-200-mg.png","type":"image\/png"}],"twitter_misc":{"Szacowany czas czytania":"5 minut"},"schema":{"@context":"https:\/\/schema.org","@graph":[{"@type":"WebPage","@id":"https:\/\/buymodafinilonline.com\/pl\/pigulki-madrosci\/mofy-200mg\/","url":"https:\/\/buymodafinilonline.com\/pl\/pigulki-madrosci\/mofy-200mg\/","name":"Kup tanie leki Mofy 200 MG (modafinil) OTC - KupModafinilOnline","isPartOf":{"@id":"https:\/\/buymodafinilonline.com\/pl\/#website"},"primaryImageOfPage":{"@id":"https:\/\/buymodafinilonline.com\/pl\/pigulki-madrosci\/mofy-200mg\/#primaryimage"},"image":{"@id":"https:\/\/buymodafinilonline.com\/pl\/pigulki-madrosci\/mofy-200mg\/#primaryimage"},"thumbnailUrl":"https:\/\/buymodafinilonline.com\/wp-content\/uploads\/2020\/04\/bmo-product-mofy-200-mg.png","datePublished":"2020-11-08T16:11:17+00:00","dateModified":"2025-05-11T14:27:25+00:00","description":"Kup tabletki Mofy 200 mg przez Internet od producenta Bondane Pharma. Kup Mofy 200mg (modafinil) bez recepty w aptece BuyModafinilOnline. P\u0142a\u0107 Bitcoinem - zaoszcz\u0119d\u017a 23%!","breadcrumb":{"@id":"https:\/\/buymodafinilonline.com\/pl\/pigulki-madrosci\/mofy-200mg\/#breadcrumb"},"inLanguage":"pl-PL","potentialAction":[{"@type":"ReadAction","target":["https:\/\/buymodafinilonline.com\/pl\/pigulki-madrosci\/mofy-200mg\/"]}]},{"@type":"ImageObject","inLanguage":"pl-PL","@id":"https:\/\/buymodafinilonline.com\/pl\/pigulki-madrosci\/mofy-200mg\/#primaryimage","url":"https:\/\/buymodafinilonline.com\/wp-content\/uploads\/2020\/04\/bmo-product-mofy-200-mg.png","contentUrl":"https:\/\/buymodafinilonline.com\/wp-content\/uploads\/2020\/04\/bmo-product-mofy-200-mg.png","width":1280,"height":1500,"caption":"Mofy 200 mg"},{"@type":"BreadcrumbList","@id":"https:\/\/buymodafinilonline.com\/pl\/pigulki-madrosci\/mofy-200mg\/#breadcrumb","itemListElement":[{"@type":"ListItem","position":1,"name":"Buy Modafinil Online","item":"https:\/\/buymodafinilonline.com\/pl\/"},{"@type":"ListItem","position":2,"name":"Sklep","item":"https:\/\/buymodafinilonline.com\/pl\/sklep\/"},{"@type":"ListItem","position":3,"name":"Marki inteligentnych lek\u00f3w","item":"https:\/\/buymodafinilonline.com\/pl\/kategoria-produktow\/marki-inteligentnych-lekow\/"},{"@type":"ListItem","position":4,"name":"Mofy 200 MG"}]},{"@type":"WebSite","@id":"https:\/\/buymodafinilonline.com\/pl\/#website","url":"https:\/\/buymodafinilonline.com\/pl\/","name":"BuyModafinilOnline.com","description":"Modafinil Online Pharmacy","publisher":{"@id":"https:\/\/buymodafinilonline.com\/pl\/#organization"},"potentialAction":[{"@type":"SearchAction","target":{"@type":"EntryPoint","urlTemplate":"https:\/\/buymodafinilonline.com\/pl\/?s={search_term_string}"},"query-input":{"@type":"PropertyValueSpecification","valueRequired":true,"valueName":"search_term_string"}}],"inLanguage":"pl-PL"},{"@type":"Organization","@id":"https:\/\/buymodafinilonline.com\/pl\/#organization","name":"BuyModafinilOnline","url":"https:\/\/buymodafinilonline.com\/pl\/","logo":{"@type":"ImageObject","inLanguage":"pl-PL","@id":"https:\/\/buymodafinilonline.com\/pl\/#\/schema\/logo\/image\/","url":"https:\/\/buymodafinilonline.com\/wp-content\/uploads\/2020\/04\/logo-buy-modafinil-online-yellow.png","contentUrl":"https:\/\/buymodafinilonline.com\/wp-content\/uploads\/2020\/04\/logo-buy-modafinil-online-yellow.png","width":200,"height":200,"caption":"BuyModafinilOnline"},"image":{"@id":"https:\/\/buymodafinilonline.com\/pl\/#\/schema\/logo\/image\/"}}]}},"_links":{"self":[{"href":"https:\/\/buymodafinilonline.com\/pl\/wp-json\/wp\/v2\/product\/408679","targetHints":{"allow":["GET"]}}],"collection":[{"href":"https:\/\/buymodafinilonline.com\/pl\/wp-json\/wp\/v2\/product"}],"about":[{"href":"https:\/\/buymodafinilonline.com\/pl\/wp-json\/wp\/v2\/types\/product"}],"replies":[{"embeddable":true,"href":"https:\/\/buymodafinilonline.com\/pl\/wp-json\/wp\/v2\/comments?post=408679"}],"wp:featuredmedia":[{"embeddable":true,"href":"https:\/\/buymodafinilonline.com\/pl\/wp-json\/wp\/v2\/media\/398205"}],"wp:attachment":[{"href":"https:\/\/buymodafinilonline.com\/pl\/wp-json\/wp\/v2\/media?parent=408679"}],"wp:term":[{"taxonomy":"product_brand","embeddable":true,"href":"https:\/\/buymodafinilonline.com\/pl\/wp-json\/wp\/v2\/product_brand?post=408679"},{"taxonomy":"product_cat","embeddable":true,"href":"https:\/\/buymodafinilonline.com\/pl\/wp-json\/wp\/v2\/product_cat?post=408679"},{"taxonomy":"product_tag","embeddable":true,"href":"https:\/\/buymodafinilonline.com\/pl\/wp-json\/wp\/v2\/product_tag?post=408679"}],"curies":[{"name":"wp","href":"https:\/\/api.w.org\/{rel}","templated":true}]}}