{"id":408688,"date":"2020-03-23T22:55:44","date_gmt":"2020-03-23T21:55:44","guid":{"rendered":"https:\/\/buymodafinilonline.com\/smart-drugs\/modafil-md-200-mg-podjezykowe\/"},"modified":"2026-01-28T19:07:48","modified_gmt":"2026-01-28T18:07:48","slug":"modafil-md-200-mg-podjezykowe","status":"publish","type":"product","link":"https:\/\/buymodafinilonline.com\/pl\/pigulki-madrosci\/modafil-md-200-mg-podjezykowe\/","title":{"rendered":"Modafil MD 200 mg podj\u0119zykowe"},"content":{"rendered":"[vc_column width=&#8221;1\/2&#8243;]\n<div class=\"su-divider su-divider-style-default\" style=\"margin:10px 0;border-width:3px;border-color:#ffffff00\"><a href=\"#\" style=\"color:#ffffff009\">.<\/a><\/div>\n<h2>Co to jest Modafil MD 200 mg?<\/h2>\n<div class=\"su-divider su-divider-style-default\" style=\"margin:10px 0;border-width:3px;border-color:#ffffff00\"><a href=\"#\" style=\"color:#ffffff009\">.<\/a><\/div>\nModafil MD to pot\u0119\u017cna generyczna wersja Provigil\u00ae. Jeden z najsilniejszych i najbardziej popularnych lek\u00f3w przepisywanych w leczeniu r\u00f3\u017cnych stan\u00f3w zwi\u0105zanych ze snem, w tym narkolepsji, obturacyjnego bezdechu sennego, nadmiernej senno\u015bci w ci\u0105gu dnia, idiopatycznej hipersomnii, zaburze\u0144 snu zwi\u0105zanych z prac\u0105 zmianow\u0105 i innych stan\u00f3w.<\/p>\n<p>Specjali\u015bci medyczni mog\u0105 r\u00f3wnie\u017c przepisa\u0107 Modafil MD 200 mg osobom cierpi\u0105cym na ADD \/ ADHD ze wzgl\u0119du na jego zdolno\u015b\u0107 do poprawy koncentracji, skupienia i przywracania czuwania.<\/p>\n<p>Dla wielu os\u00f3b, poza tym zalecanym stosowaniem, lek Modafil MD jest stosowany w celu poprawy wydajno\u015bci w pracy lub w szkole. Dlatego u\u017cywaj\u0105 go studenci i kadra kierownicza &#8211; zw\u0142aszcza prezesi i profesjonali\u015bci. Jest to silny lek przydatny podczas d\u0142ugich, d\u0142ugotrwa\u0142ych okres\u00f3w pracy (dlatego wojskowi i astronauci u\u017cywaj\u0105 go podczas d\u0142ugich misji) lub podczas wykonywania powtarzalnych zada\u0144.<\/p>\n<div class=\"su-divider su-divider-style-default\" style=\"margin:10px 0;border-width:3px;border-color:#ffffff00\"><a href=\"#\" style=\"color:#ffffff009\">.<\/a><\/div>\n<h2>Jak dzia\u0142aj\u0105 te tabletki?<\/h2>\n<div class=\"su-divider su-divider-style-default\" style=\"margin:10px 0;border-width:3px;border-color:#ffffff00\"><a href=\"#\" style=\"color:#ffffff009\">.<\/a><\/div>\nModafil MD dzia\u0142a poprzez stymulacj\u0119 uwalniania w m\u00f3zgu substancji chemicznych, kt\u00f3re sprzyjaj\u0105 czuwaniu. Jego dok\u0142adny mechanizm dzia\u0142ania nie jest do ko\u0144ca poznany, naukowcy przedstawiaj\u0105, \u017ce dzia\u0142a poprzez zwi\u0119kszenie ilo\u015bci dopaminy (chemicznego neuroprzeka\u017anika, kt\u00f3rego nerwy m\u00f3zgowe u\u017cywaj\u0105 do komunikacji mi\u0119dzy sob\u0105) w organizmie.<\/p>\n<p>Modafil MD 200 mg celuje w neurony dopaminergiczne w podwzg\u00f3rzu. Hamuj\u0105c neurony dopaminergiczne, podnosi poziom hipokretyny i dopaminy, promuj\u0105c w ten spos\u00f3b uczucie czujno\u015bci, bezsenno\u015b\u0107 w m\u00f3zgu, zwi\u0119kszone my\u015blenie, ostro\u015b\u0107 umys\u0142u i przetwarzanie, lepszy nastr\u00f3j, percepcj\u0119, skupienie, motywacj\u0119 i poziom energii.<\/p>\n<div class=\"su-divider su-divider-style-default\" style=\"margin:10px 0;border-width:3px;border-color:#ffffff00\"><a href=\"#\" style=\"color:#ffffff009\">.<\/a><\/div>\n<h2>Bezpieczne dawkowanie i w\u0142a\u015bciwe stosowanie<\/h2>\n<div class=\"su-divider su-divider-style-default\" style=\"margin:10px 0;border-width:3px;border-color:#ffffff00\"><a href=\"#\" style=\"color:#ffffff009\">.<\/a><\/div>\nTen lek jest bezpieczny dla zdrowych os\u00f3b bez niekt\u00f3rych chor\u00f3b i przy prawid\u0142owej dawce.<\/p>\n<p>Modafil MD wyst\u0119puje w 2 dawkach: 100 i 200 mg. 200 mg jest najbardziej rozpowszechnion\u0105 form\u0105 sprzedawan\u0105 g\u0142\u00f3wnie przez sprzedawc\u00f3w internetowych i u\u017cywan\u0105 przez wi\u0119kszo\u015b\u0107 ludzi na recept\u0119 lub do cel\u00f3w pozarejestracyjnych.<\/p>\n<p>To nie jest jak ka\u017cda tabletka doustna. Ten rodzaj leku szybko staje si\u0119 popularnym lekiem modafinilowym ze wzgl\u0119du na swoj\u0105 unikaln\u0105 metod\u0119 podawania &#8211; jako modafinil podj\u0119zykowy. Ten proces sprawia, \u017ce Modafil MD jest szybciej wch\u0142aniany, daj\u0105c efekty w szybszym tempie.<\/p>\n<p>Wi\u0119kszo\u015b\u0107 ludzi u\u017cywa tego leku poza jego zalecanymi zastosowaniami, aby promowa\u0107 skupienie, czujno\u015b\u0107, czujno\u015b\u0107, koncentracj\u0119 i produktywno\u015b\u0107. Dzia\u0142a przede wszystkim poprzez zwi\u0119kszenie czuwania i czujno\u015bci na kilka godzin &#8211; wystarczy, aby wykona\u0107 produktywne zadanie.<\/p>\n<div class=\"su-divider su-divider-style-default\" style=\"margin:10px 0;border-width:3px;border-color:#ffffff00\"><a href=\"#\" style=\"color:#ffffff009\">.<\/a><\/div>\n<h2>Mo\u017cliwe dzia\u0142ania niepo\u017c\u0105dane<\/h2>\n<div class=\"su-divider su-divider-style-default\" style=\"margin:10px 0;border-width:3px;border-color:#ffffff00\"><a href=\"#\" style=\"color:#ffffff009\">.<\/a><\/div>\nModafil MD jest bezpieczny dla os\u00f3b o zdrowym ciele. Jednak negatywnych skutk\u00f3w nie da si\u0119 w pe\u0142ni unikn\u0105\u0107. Jednak niekt\u00f3re s\u0105 niewielkie, mog\u0105 wyst\u0105pi\u0107 i znikn\u0105\u0107 wraz z ci\u0105g\u0142ym stosowaniem lek\u00f3w.<\/p>\n<p>Typowe negatywne skutki Modafil MD 200 mg obejmuj\u0105:<\/p>\n<div class=\"su-divider su-divider-style-default\" style=\"margin:10px 0;border-width:3px;border-color:#ffffff00\"><a href=\"#\" style=\"color:#ffffff009\">.<\/a><\/div>\n<ul>\n<li>b\u00f3le g\u0142owy;<\/li>\n<li>utrata apetytu;<\/li>\n<li>rozstr\u00f3j \u017co\u0142\u0105dka;<\/li>\n<li>czu\u0107 si\u0119 zdenerwowanym;<\/li>\n<li>trudno\u015bci ze snem;<\/li>\n<li>itp.<\/li>\n<\/ul>\n<div class=\"su-divider su-divider-style-default\" style=\"margin:10px 0;border-width:3px;border-color:#ffffff00\"><a href=\"#\" style=\"color:#ffffff009\">.<\/a><\/div>\nTe bardziej powa\u017cne dzia\u0142ania niepo\u017c\u0105dane wyst\u0119puj\u0105 rzadko, ale mog\u0105 wyst\u0105pi\u0107 u niekt\u00f3rych os\u00f3b: nieregularne bicie serca, wymioty, wysypka sk\u00f3rna, ciemny mocz, pokrzywka, sw\u0119dzenie sk\u00f3ry, gor\u0105czka.<\/p>\n<p>Ta lista nie jest kompletna. Niekt\u00f3re negatywne skutki mog\u0105 by\u0107 powa\u017cne i szkodliwe dla zdrowia niekt\u00f3rych os\u00f3b. Zawsze, gdy zauwa\u017cysz jakie\u015b dziwne oznaki, niezw\u0142ocznie zasi\u0119gnij pomocy medycznej.<\/p>\n[\/vc_column][vc_column width=&#8221;1\/2&#8243;]\n<div class=\"su-divider su-divider-style-default\" style=\"margin:10px 0;border-width:3px;border-color:#ffffff00\"><a href=\"#\" style=\"color:#ffffff009\">.<\/a><\/div>\n<h2>Przeciwwskazania i \u015brodki ostro\u017cno\u015bci<\/h2>\n<div class=\"su-divider su-divider-style-default\" style=\"margin:10px 0;border-width:3px;border-color:#ffffff00\"><a href=\"#\" style=\"color:#ffffff009\">.<\/a><\/div>\nJak w przypadku ka\u017cdego silnego leku, konieczne jest podj\u0119cie \u015brodk\u00f3w ostro\u017cno\u015bci okre\u015blonych przez lekarza specjalist\u0119, a co najwa\u017cniejsze, zaleca si\u0119 przestrzeganie instrukcji przedstawionych na ulotce leku.<\/p>\n<p>Niekt\u00f3re interakcje z lekami mog\u0105 by\u0107 powa\u017cne i konieczne s\u0105 dodatkowe \u015brodki ostro\u017cno\u015bci. Modafil MD wchodzi w interakcje z niekt\u00f3rymi lekami, takimi jak:<\/p>\n<div class=\"su-divider su-divider-style-default\" style=\"margin:10px 0;border-width:3px;border-color:#ffffff00\"><a href=\"#\" style=\"color:#ffffff009\">.<\/a><\/div>\n<ul>\n<li>karbamazepina (Tegretol);<\/li>\n<li>dezypramina (Norpramin);<\/li>\n<li>hormonalne \u015brodki antykoncepcyjne (tj. Micronor);<\/li>\n<li>warfaryna (Coumadin);<\/li>\n<li>propranolol (Inderal);<\/li>\n<li>fenytoina (Dilantin);<\/li>\n<li>itp.<\/li>\n<\/ul>\n<div class=\"su-divider su-divider-style-default\" style=\"margin:10px 0;border-width:3px;border-color:#ffffff00\"><a href=\"#\" style=\"color:#ffffff009\">.<\/a><\/div>\nTo nie jest pe\u0142na lista. Tw\u00f3j lekarz powinien oceni\u0107 wszystkie leki, kt\u00f3rych u\u017cywasz, a tak\u017ce przeprowadzi\u0107 dog\u0142\u0119bn\u0105 analiz\u0119 stanu zdrowia, aby zidentyfikowa\u0107 niekt\u00f3re choroby, kt\u00f3re masz. Na przyk\u0142ad na problemy z sercem.<\/p>\n<p>A tak\u017ce je\u015bli masz:<\/p>\n<div class=\"su-divider su-divider-style-default\" style=\"margin:10px 0;border-width:3px;border-color:#ffffff00\"><a href=\"#\" style=\"color:#ffffff009\">.<\/a><\/div>\n<ul>\n<li>problemy z w\u0105trob\u0105;<\/li>\n<li>nadci\u015bnienie;<\/li>\n<li>psychoza;<\/li>\n<li>mania;<\/li>\n<li>depresja.<\/li>\n<\/ul>\n<div class=\"su-divider su-divider-style-default\" style=\"margin:10px 0;border-width:3px;border-color:#ffffff00\"><a href=\"#\" style=\"color:#ffffff009\">.<\/a><\/div>\nWi\u0119kszo\u015b\u0107 pokarm\u00f3w dzia\u0142a dobrze z Modafil MD. Je\u015bli zamierzasz przyjmowa\u0107 ten lek, je\u015bli karmisz piersi\u0105 lub jeste\u015b w ci\u0105\u017cy, zalecana jest porada lekarza. R\u00f3wnie\u017c alkohol i modafinil nie dzia\u0142aj\u0105 dobrze. Mechanizmy tego, w jaki spos\u00f3b Modafil MD nagradza substancje chemiczne w m\u00f3zgu i jak alkohol funkcjonuje w organizmie podczas stosowania modafinilu, mog\u0105 powodowa\u0107 bezprecedensowe skutki uboczne.<\/p>\n<p>Inne \u015brodki ostro\u017cno\u015bci obejmuj\u0105: nie obs\u0142ugiwa\u0107 ci\u0119\u017ckich maszyn ani nie prowadzi\u0107 pojazd\u00f3w podczas dzia\u0142ania modafinilu &#8211; mo\u017ce to powodowa\u0107 zawroty g\u0142owy lub niewyra\u017ane widzenie.<\/p>\n<div class=\"su-divider su-divider-style-default\" style=\"margin:10px 0;border-width:3px;border-color:#ffffff00\"><a href=\"#\" style=\"color:#ffffff009\">.<\/a><\/div>\n<h2>Do\u015bwiadczenie konsumenta<\/h2>\n<div class=\"su-divider su-divider-style-default\" style=\"margin:10px 0;border-width:3px;border-color:#ffffff00\"><a href=\"#\" style=\"color:#ffffff009\">.<\/a><\/div>\nModafinil to silny lek o r\u00f3\u017cnych w\u0142a\u015bciwo\u015bciach zdrowotnych. Jest przydatny w leczeniu r\u00f3\u017cnych schorze\u0144 pozbawionych snu, ale tak\u017ce pomaga r\u00f3\u017cnym zdrowym ludziom, kt\u00f3rzy musz\u0105 zwi\u0119kszy\u0107 swoj\u0105 produktywno\u015b\u0107 ze wzgl\u0119du na efekty poznawcze Modafil MD.<\/p>\n<p>Osoby przyjmuj\u0105ce to reaguj\u0105 pozytywnie z niewielkimi lub \u017cadnymi powa\u017cnymi skutkami ubocznymi. Jednak modafinil jest lekiem, kt\u00f3ry jest stosowany z wi\u0119ksz\u0105 ostro\u017cno\u015bci\u0105.<\/p>\n<p>Chocia\u017c jest to bezpieczne, przyjmowanie go bez \u201eOK\u201d od lekarza mo\u017ce spowodowa\u0107 powa\u017cne problemy zdrowotne &#8211; nawet te, kt\u00f3re mog\u0105 zagra\u017ca\u0107 \u017cyciu. Konieczne jest zawsze zasi\u0119gni\u0119cie porady i recepty od lekarza.<\/p>\n<div class=\"su-divider su-divider-style-default\" style=\"margin:10px 0;border-width:3px;border-color:#ffffff00\"><a href=\"#\" style=\"color:#ffffff009\">.<\/a><\/div>\n<h2>Kup Generic Modafil MD 200mg (Modafinil) Online<\/h2>\n<div class=\"su-divider su-divider-style-default\" style=\"margin:10px 0;border-width:3px;border-color:#ffffff00\"><a href=\"#\" style=\"color:#ffffff009\">.<\/a><\/div>\nKonieczne jest zdobycie inteligentnych lek\u00f3w z legalnej e-apteki. Mog\u0105 istnie\u0107 fa\u0142szywi sprzedawcy online oferuj\u0105cy niskiej jako\u015bci lub podrobiony modafinil i inne leki OTC.<\/p>\n<p>Zachowaj bezpiecze\u0144stwo, u\u017cywaj\u0105c<a href=\"https:\/\/buymodafinilonline.com\/pl\/\"> Kup ModafinilOnline<\/a> . Jest to najlepsza e-apteka, kt\u00f3ra oferuje r\u00f3\u017cne mo\u017cliwo\u015bci obni\u017cenia cen, w tym <a href=\"https:\/\/buymodafinilonline.com\/coupons-deals-promo-codes\/\">kupony i rabaty<\/a> (23% zni\u017cki za <a href=\"https:\/\/buymodafinilonline.com\/pl\/zaplac-bitcoinami-a-dostaniesz-33-rabatu\/\">p\u0142atno\u015b\u0107 bitcoinem<\/a>).<\/p>\n<p>Ceny Modafil MD s\u0105 tanie w naszej drogerii. Oferujemy r\u00f3wnie\u017c<a href=\"https:\/\/buymodafinilonline.com\/free-trial\/\"> bezp\u0142atne pr\u00f3bki pr\u00f3bne modafinilu i armodafinilu<\/a> (<a href=\"https:\/\/buymodafinilonline.com\/pl\/pigulki-madrosci\/darmowe-probki-modalert-200-mg-modafinil\/\"> Modalert 200 mg<\/a> i<a href=\"https:\/\/buymodafinilonline.com\/pl\/pigulki-madrosci\/darmowe-probki-artvigil-150-mg-armodafinil\/\"> Artvigil 150 mg<\/a> ) &#8211; najlepszy spos\u00f3b na przetestowanie jako\u015bci swoich inteligentnych lek\u00f3w.<\/p>\n<p>KupModafinilOnline oferuje<a href=\"https:\/\/buymodafinilonline.com\/pl\/najlepszy-dostawca-w-polsce\/\"> super szybka wysy\u0142ka na ca\u0142ym \u015bwiecie<\/a> (bezp\u0142atnie dla zam\u00f3wie\u0144 powy\u017cej 150 USD) z wyj\u0105tkiem kilku wymienionych miejsc docelowych, do kt\u00f3rych nie prowadzi wysy\u0142ki. Oferujemy r\u00f3wnie\u017c bezp\u0142atny zwrot lub pe\u0142ny zwrot pieni\u0119dzy, je\u015bli Twoja paczka zostanie zgubiona lub utkn\u0119\u0142a w urz\u0119dzie celnym.<\/p>\n[\/vc_column]\n<div class=\"su-divider su-divider-style-default\" style=\"margin:10px 0;border-width:3px;border-color:#ffffff00\"><a href=\"#\" style=\"color:#ffffff009\">.<\/a><\/div>\n","protected":false},"excerpt":{"rendered":"<p>Modafil MD jest pot\u0119g\u0105, je\u015bli chodzi o efekty modafinilu. Mo\u017ce by\u0107 wch\u0142aniany przez usta, zapewniaj\u0105c szybsze dzia\u0142anie leku i bardziej intensywne efekty ni\u017c jakikolwiek inny markowy lek modafinilowy lub generyczny na rynku. Jego aktywnym sk\u0142adnikiem jest modafinil. Jest popularny w promowaniu czuwania i efekt\u00f3w poznawczych. Jest produkowany przez INTAS Pharma &#8211; indyjsk\u0105 firm\u0119 biofarmaceutyczn\u0105. Kupuj\u0105c go w naszej aptece, otrzymasz oryginalne, wysokiej jako\u015bci i zatwierdzone leki po ni\u017cszych kosztach z gwarancj\u0105 dostawy.<\/p>\n[sc name=\"s1\"]\n[sc name=\"s1\"]\n","protected":false},"featured_media":426115,"comment_status":"closed","ping_status":"closed","template":"","meta":{"_acf_changed":false},"product_brand":[],"product_cat":[3904,4045],"product_tag":[4051],"class_list":{"0":"post-408688","1":"product","2":"type-product","3":"status-publish","4":"has-post-thumbnail","6":"product_cat-hity-sprzedazy","7":"product_cat-marki-inteligentnych-lekow","8":"product_tag-modafinil-pl","10":"first","11":"instock","12":"sale","13":"shipping-taxable","14":"purchasable","15":"product-type-variable","16":"has-default-attributes"},"acf":[],"yoast_head":"<!-- This site is optimized with the Yoast SEO Premium plugin v23.6 (Yoast SEO v27.3) - https:\/\/yoast.com\/product\/yoast-seo-premium-wordpress\/ -->\n<title>Kup Modafil MD 200 mg (Modafinil) Tabs z Indii - Kup ModafinilOnline<\/title>\n<meta name=\"description\" content=\"Zam\u00f3w leki Modafil MD 200 mg przez Internet bez recepty w aptece BuyModafinilOnline. W 100% legalne tabletki od dostawcy INTAS Pharma. Kup generyczny Modafil MD (modafinil) 200mg w dyskretnym opakowaniu!\" \/>\n<meta name=\"robots\" content=\"index, follow, max-snippet:-1, max-image-preview:large, max-video-preview:-1\" \/>\n<link rel=\"canonical\" href=\"https:\/\/buymodafinilonline.com\/pl\/pigulki-madrosci\/modafil-md-200-mg-podjezykowe\/\" \/>\n<meta property=\"og:locale\" content=\"pl_PL\" \/>\n<meta property=\"og:type\" content=\"article\" \/>\n<meta property=\"og:title\" content=\"Modafil MD 200 mg podj\u0119zykowe\" \/>\n<meta property=\"og:description\" content=\"Zam\u00f3w leki Modafil MD 200 mg przez Internet bez recepty w aptece BuyModafinilOnline. W 100% legalne tabletki od dostawcy INTAS Pharma. Kup generyczny Modafil MD (modafinil) 200mg w dyskretnym opakowaniu!\" \/>\n<meta property=\"og:url\" content=\"https:\/\/buymodafinilonline.com\/pl\/pigulki-madrosci\/modafil-md-200-mg-podjezykowe\/\" \/>\n<meta property=\"og:site_name\" content=\"BuyModafinilOnline.com\" \/>\n<meta property=\"article:modified_time\" content=\"2026-01-28T18:07:48+00:00\" \/>\n<meta property=\"og:image\" content=\"https:\/\/buymodafinilonline.com\/wp-content\/uploads\/2021\/09\/bmo-product-modafil-md-new.png\" \/>\n\t<meta property=\"og:image:width\" content=\"1280\" \/>\n\t<meta property=\"og:image:height\" content=\"1500\" \/>\n\t<meta property=\"og:image:type\" content=\"image\/png\" \/>\n<meta name=\"twitter:label1\" content=\"Szacowany czas czytania\" \/>\n\t<meta name=\"twitter:data1\" content=\"6 minut\" \/>\n<script type=\"application\/ld+json\" class=\"yoast-schema-graph\">{\"@context\":\"https:\\\/\\\/schema.org\",\"@graph\":[{\"@type\":\"WebPage\",\"@id\":\"https:\\\/\\\/buymodafinilonline.com\\\/pl\\\/pigulki-madrosci\\\/modafil-md-200-mg-podjezykowe\\\/\",\"url\":\"https:\\\/\\\/buymodafinilonline.com\\\/pl\\\/pigulki-madrosci\\\/modafil-md-200-mg-podjezykowe\\\/\",\"name\":\"Kup Modafil MD 200 mg (Modafinil) Tabs z Indii - Kup ModafinilOnline\",\"isPartOf\":{\"@id\":\"https:\\\/\\\/buymodafinilonline.com\\\/pl\\\/#website\"},\"primaryImageOfPage\":{\"@id\":\"https:\\\/\\\/buymodafinilonline.com\\\/pl\\\/pigulki-madrosci\\\/modafil-md-200-mg-podjezykowe\\\/#primaryimage\"},\"image\":{\"@id\":\"https:\\\/\\\/buymodafinilonline.com\\\/pl\\\/pigulki-madrosci\\\/modafil-md-200-mg-podjezykowe\\\/#primaryimage\"},\"thumbnailUrl\":\"https:\\\/\\\/buymodafinilonline.com\\\/wp-content\\\/uploads\\\/2021\\\/09\\\/bmo-product-modafil-md-new.png\",\"datePublished\":\"2020-03-23T21:55:44+00:00\",\"dateModified\":\"2026-01-28T18:07:48+00:00\",\"description\":\"Zam\u00f3w leki Modafil MD 200 mg przez Internet bez recepty w aptece BuyModafinilOnline. W 100% legalne tabletki od dostawcy INTAS Pharma. Kup generyczny Modafil MD (modafinil) 200mg w dyskretnym opakowaniu!\",\"breadcrumb\":{\"@id\":\"https:\\\/\\\/buymodafinilonline.com\\\/pl\\\/pigulki-madrosci\\\/modafil-md-200-mg-podjezykowe\\\/#breadcrumb\"},\"inLanguage\":\"pl-PL\",\"potentialAction\":[{\"@type\":\"ReadAction\",\"target\":[\"https:\\\/\\\/buymodafinilonline.com\\\/pl\\\/pigulki-madrosci\\\/modafil-md-200-mg-podjezykowe\\\/\"]}]},{\"@type\":\"ImageObject\",\"inLanguage\":\"pl-PL\",\"@id\":\"https:\\\/\\\/buymodafinilonline.com\\\/pl\\\/pigulki-madrosci\\\/modafil-md-200-mg-podjezykowe\\\/#primaryimage\",\"url\":\"https:\\\/\\\/buymodafinilonline.com\\\/wp-content\\\/uploads\\\/2021\\\/09\\\/bmo-product-modafil-md-new.png\",\"contentUrl\":\"https:\\\/\\\/buymodafinilonline.com\\\/wp-content\\\/uploads\\\/2021\\\/09\\\/bmo-product-modafil-md-new.png\",\"width\":1280,\"height\":1500,\"caption\":\"Modafil MD 200 mg\"},{\"@type\":\"BreadcrumbList\",\"@id\":\"https:\\\/\\\/buymodafinilonline.com\\\/pl\\\/pigulki-madrosci\\\/modafil-md-200-mg-podjezykowe\\\/#breadcrumb\",\"itemListElement\":[{\"@type\":\"ListItem\",\"position\":1,\"name\":\"Buy Modafinil Online\",\"item\":\"https:\\\/\\\/buymodafinilonline.com\\\/pl\\\/\"},{\"@type\":\"ListItem\",\"position\":2,\"name\":\"Sklep\",\"item\":\"https:\\\/\\\/buymodafinilonline.com\\\/pl\\\/sklep\\\/\"},{\"@type\":\"ListItem\",\"position\":3,\"name\":\"Hity sprzeda\u017cy\",\"item\":\"https:\\\/\\\/buymodafinilonline.com\\\/pl\\\/kategoria-produktow\\\/hity-sprzedazy\\\/\"},{\"@type\":\"ListItem\",\"position\":4,\"name\":\"Modafil MD 200 mg podj\u0119zykowe\"}]},{\"@type\":\"WebSite\",\"@id\":\"https:\\\/\\\/buymodafinilonline.com\\\/pl\\\/#website\",\"url\":\"https:\\\/\\\/buymodafinilonline.com\\\/pl\\\/\",\"name\":\"BuyModafinilOnline.com\",\"description\":\"Modafinil Online Pharmacy\",\"publisher\":{\"@id\":\"https:\\\/\\\/buymodafinilonline.com\\\/pl\\\/#organization\"},\"potentialAction\":[{\"@type\":\"SearchAction\",\"target\":{\"@type\":\"EntryPoint\",\"urlTemplate\":\"https:\\\/\\\/buymodafinilonline.com\\\/pl\\\/?s={search_term_string}\"},\"query-input\":{\"@type\":\"PropertyValueSpecification\",\"valueRequired\":true,\"valueName\":\"search_term_string\"}}],\"inLanguage\":\"pl-PL\"},{\"@type\":\"Organization\",\"@id\":\"https:\\\/\\\/buymodafinilonline.com\\\/pl\\\/#organization\",\"name\":\"BuyModafinilOnline\",\"url\":\"https:\\\/\\\/buymodafinilonline.com\\\/pl\\\/\",\"logo\":{\"@type\":\"ImageObject\",\"inLanguage\":\"pl-PL\",\"@id\":\"https:\\\/\\\/buymodafinilonline.com\\\/pl\\\/#\\\/schema\\\/logo\\\/image\\\/\",\"url\":\"https:\\\/\\\/buymodafinilonline.com\\\/wp-content\\\/uploads\\\/2020\\\/04\\\/logo-buy-modafinil-online-yellow.png\",\"contentUrl\":\"https:\\\/\\\/buymodafinilonline.com\\\/wp-content\\\/uploads\\\/2020\\\/04\\\/logo-buy-modafinil-online-yellow.png\",\"width\":200,\"height\":200,\"caption\":\"BuyModafinilOnline\"},\"image\":{\"@id\":\"https:\\\/\\\/buymodafinilonline.com\\\/pl\\\/#\\\/schema\\\/logo\\\/image\\\/\"}}]}<\/script>\n<!-- \/ Yoast SEO Premium plugin. -->","yoast_head_json":{"title":"Kup Modafil MD 200 mg (Modafinil) Tabs z Indii - Kup ModafinilOnline","description":"Zam\u00f3w leki Modafil MD 200 mg przez Internet bez recepty w aptece BuyModafinilOnline. W 100% legalne tabletki od dostawcy INTAS Pharma. Kup generyczny Modafil MD (modafinil) 200mg w dyskretnym opakowaniu!","robots":{"index":"index","follow":"follow","max-snippet":"max-snippet:-1","max-image-preview":"max-image-preview:large","max-video-preview":"max-video-preview:-1"},"canonical":"https:\/\/buymodafinilonline.com\/pl\/pigulki-madrosci\/modafil-md-200-mg-podjezykowe\/","og_locale":"pl_PL","og_type":"article","og_title":"Modafil MD 200 mg podj\u0119zykowe","og_description":"Zam\u00f3w leki Modafil MD 200 mg przez Internet bez recepty w aptece BuyModafinilOnline. W 100% legalne tabletki od dostawcy INTAS Pharma. Kup generyczny Modafil MD (modafinil) 200mg w dyskretnym opakowaniu!","og_url":"https:\/\/buymodafinilonline.com\/pl\/pigulki-madrosci\/modafil-md-200-mg-podjezykowe\/","og_site_name":"BuyModafinilOnline.com","article_modified_time":"2026-01-28T18:07:48+00:00","og_image":[{"width":1280,"height":1500,"url":"https:\/\/buymodafinilonline.com\/wp-content\/uploads\/2021\/09\/bmo-product-modafil-md-new.png","type":"image\/png"}],"twitter_misc":{"Szacowany czas czytania":"6 minut"},"schema":{"@context":"https:\/\/schema.org","@graph":[{"@type":"WebPage","@id":"https:\/\/buymodafinilonline.com\/pl\/pigulki-madrosci\/modafil-md-200-mg-podjezykowe\/","url":"https:\/\/buymodafinilonline.com\/pl\/pigulki-madrosci\/modafil-md-200-mg-podjezykowe\/","name":"Kup Modafil MD 200 mg (Modafinil) Tabs z Indii - Kup ModafinilOnline","isPartOf":{"@id":"https:\/\/buymodafinilonline.com\/pl\/#website"},"primaryImageOfPage":{"@id":"https:\/\/buymodafinilonline.com\/pl\/pigulki-madrosci\/modafil-md-200-mg-podjezykowe\/#primaryimage"},"image":{"@id":"https:\/\/buymodafinilonline.com\/pl\/pigulki-madrosci\/modafil-md-200-mg-podjezykowe\/#primaryimage"},"thumbnailUrl":"https:\/\/buymodafinilonline.com\/wp-content\/uploads\/2021\/09\/bmo-product-modafil-md-new.png","datePublished":"2020-03-23T21:55:44+00:00","dateModified":"2026-01-28T18:07:48+00:00","description":"Zam\u00f3w leki Modafil MD 200 mg przez Internet bez recepty w aptece BuyModafinilOnline. W 100% legalne tabletki od dostawcy INTAS Pharma. Kup generyczny Modafil MD (modafinil) 200mg w dyskretnym opakowaniu!","breadcrumb":{"@id":"https:\/\/buymodafinilonline.com\/pl\/pigulki-madrosci\/modafil-md-200-mg-podjezykowe\/#breadcrumb"},"inLanguage":"pl-PL","potentialAction":[{"@type":"ReadAction","target":["https:\/\/buymodafinilonline.com\/pl\/pigulki-madrosci\/modafil-md-200-mg-podjezykowe\/"]}]},{"@type":"ImageObject","inLanguage":"pl-PL","@id":"https:\/\/buymodafinilonline.com\/pl\/pigulki-madrosci\/modafil-md-200-mg-podjezykowe\/#primaryimage","url":"https:\/\/buymodafinilonline.com\/wp-content\/uploads\/2021\/09\/bmo-product-modafil-md-new.png","contentUrl":"https:\/\/buymodafinilonline.com\/wp-content\/uploads\/2021\/09\/bmo-product-modafil-md-new.png","width":1280,"height":1500,"caption":"Modafil MD 200 mg"},{"@type":"BreadcrumbList","@id":"https:\/\/buymodafinilonline.com\/pl\/pigulki-madrosci\/modafil-md-200-mg-podjezykowe\/#breadcrumb","itemListElement":[{"@type":"ListItem","position":1,"name":"Buy Modafinil Online","item":"https:\/\/buymodafinilonline.com\/pl\/"},{"@type":"ListItem","position":2,"name":"Sklep","item":"https:\/\/buymodafinilonline.com\/pl\/sklep\/"},{"@type":"ListItem","position":3,"name":"Hity sprzeda\u017cy","item":"https:\/\/buymodafinilonline.com\/pl\/kategoria-produktow\/hity-sprzedazy\/"},{"@type":"ListItem","position":4,"name":"Modafil MD 200 mg podj\u0119zykowe"}]},{"@type":"WebSite","@id":"https:\/\/buymodafinilonline.com\/pl\/#website","url":"https:\/\/buymodafinilonline.com\/pl\/","name":"BuyModafinilOnline.com","description":"Modafinil Online Pharmacy","publisher":{"@id":"https:\/\/buymodafinilonline.com\/pl\/#organization"},"potentialAction":[{"@type":"SearchAction","target":{"@type":"EntryPoint","urlTemplate":"https:\/\/buymodafinilonline.com\/pl\/?s={search_term_string}"},"query-input":{"@type":"PropertyValueSpecification","valueRequired":true,"valueName":"search_term_string"}}],"inLanguage":"pl-PL"},{"@type":"Organization","@id":"https:\/\/buymodafinilonline.com\/pl\/#organization","name":"BuyModafinilOnline","url":"https:\/\/buymodafinilonline.com\/pl\/","logo":{"@type":"ImageObject","inLanguage":"pl-PL","@id":"https:\/\/buymodafinilonline.com\/pl\/#\/schema\/logo\/image\/","url":"https:\/\/buymodafinilonline.com\/wp-content\/uploads\/2020\/04\/logo-buy-modafinil-online-yellow.png","contentUrl":"https:\/\/buymodafinilonline.com\/wp-content\/uploads\/2020\/04\/logo-buy-modafinil-online-yellow.png","width":200,"height":200,"caption":"BuyModafinilOnline"},"image":{"@id":"https:\/\/buymodafinilonline.com\/pl\/#\/schema\/logo\/image\/"}}]}},"_links":{"self":[{"href":"https:\/\/buymodafinilonline.com\/pl\/wp-json\/wp\/v2\/product\/408688","targetHints":{"allow":["GET"]}}],"collection":[{"href":"https:\/\/buymodafinilonline.com\/pl\/wp-json\/wp\/v2\/product"}],"about":[{"href":"https:\/\/buymodafinilonline.com\/pl\/wp-json\/wp\/v2\/types\/product"}],"replies":[{"embeddable":true,"href":"https:\/\/buymodafinilonline.com\/pl\/wp-json\/wp\/v2\/comments?post=408688"}],"wp:featuredmedia":[{"embeddable":true,"href":"https:\/\/buymodafinilonline.com\/pl\/wp-json\/wp\/v2\/media\/426115"}],"wp:attachment":[{"href":"https:\/\/buymodafinilonline.com\/pl\/wp-json\/wp\/v2\/media?parent=408688"}],"wp:term":[{"taxonomy":"product_brand","embeddable":true,"href":"https:\/\/buymodafinilonline.com\/pl\/wp-json\/wp\/v2\/product_brand?post=408688"},{"taxonomy":"product_cat","embeddable":true,"href":"https:\/\/buymodafinilonline.com\/pl\/wp-json\/wp\/v2\/product_cat?post=408688"},{"taxonomy":"product_tag","embeddable":true,"href":"https:\/\/buymodafinilonline.com\/pl\/wp-json\/wp\/v2\/product_tag?post=408688"}],"curies":[{"name":"wp","href":"https:\/\/api.w.org\/{rel}","templated":true}]}}