{"id":408810,"date":"2020-04-18T19:43:12","date_gmt":"2020-11-08T16:17:44","guid":{"rendered":"https:\/\/buymodafinilonline.com\/smart-drugs\/modatec-200-mg\/"},"modified":"2025-05-11T15:30:55","modified_gmt":"2025-05-11T14:30:55","slug":"modatec-200-mg","status":"publish","type":"product","link":"https:\/\/buymodafinilonline.com\/pl\/pigulki-madrosci\/modatec-200-mg\/","title":{"rendered":"Modatec 200 MG"},"content":{"rendered":"[vc_column width=&#8221;1\/2&#8243;]\n<div class=\"su-divider su-divider-style-default\" style=\"margin:10px 0;border-width:3px;border-color:#ffffff00\"><a href=\"#\" style=\"color:#ffffff009\">.<\/a><\/div>\n<h2>Co to jest Modatec 200 mg?<\/h2>\n<div class=\"su-divider su-divider-style-default\" style=\"margin:10px 0;border-width:3px;border-color:#ffffff00\"><a href=\"#\" style=\"color:#ffffff009\">.<\/a><\/div>\nModafinil, aktywny sk\u0142adnik leku Modatec, zosta\u0142 zatwierdzony przez ameryka\u0144sk\u0105 FDA (Food and Drug Administration) jako lek na niekontrolowan\u0105 senno\u015b\u0107 spowodowan\u0105 narkolepsj\u0105, zaburzeniami snu podczas pracy zmianowej (SWSD) i obturacyjnym bezdechem sennym (OBS). Jest r\u00f3wnie\u017c przepisywany pacjentom z zespo\u0142em nadpobudliwo\u015bci psychoruchowej z deficytem uwagi (ADHD), zm\u0119czeniem zwi\u0105zanym ze stwardnieniem rozsianym, op\u00f3\u017anieniem czasowym, chorob\u0105 Parkinsona, depresj\u0105 i innymi schorzeniami. Osoby zdrowe mog\u0105 r\u00f3wnie\u017c stosowa\u0107 Modatec 200 mg jako \u015brodek zwi\u0119kszaj\u0105cy produktywno\u015b\u0107 i wzmacniaj\u0105cy funkcje poznawcze podczas z\u0142o\u017conych zada\u0144 wymagaj\u0105cych wi\u0119kszej mocy m\u00f3zgowej i czuwania.<\/p>\n<p>Lek ten dzia\u0142a skutecznie poprzez stymulacj\u0119 r\u00f3\u017cnych substancji chemicznych w m\u00f3zgu, kt\u00f3re kontroluj\u0105 cykl snu i czuwania, w tym bardzo wa\u017cnego neuroprzeka\u017anika &#8211; dopaminy (przeka\u017anika chemicznego u\u017cywanego przez neurony do komunikacji). Modatec wzmacnia dzia\u0142anie dopaminy poprzez podniesienie jej st\u0119\u017cenia w organizmie. Zwi\u0119ksza r\u00f3wnie\u017c dost\u0119pno\u015b\u0107 synaptyczn\u0105 neuroprzeka\u017anik\u00f3w, takich jak serotonina, histamina, oreksyna, adenozyna. Hamuj\u0105c wychwyt zwrotny dopaminy, przynosi korzy\u015bci w postaci efekt\u00f3w poznawczych, takich jak lepsza pami\u0119\u0107, poprawiony nastr\u00f3j, czujno\u015b\u0107, ostro\u015b\u0107 umys\u0142u i inne.<\/p>\n<div class=\"su-divider su-divider-style-default\" style=\"margin:10px 0;border-width:3px;border-color:#ffffff00\"><a href=\"#\" style=\"color:#ffffff009\">.<\/a><\/div>\n<h2><strong>Bezpieczne dawkowanie i w\u0142a\u015bciwe stosowanie<\/strong><\/h2>\n<div class=\"su-divider su-divider-style-default\" style=\"margin:10px 0;border-width:3px;border-color:#ffffff00\"><a href=\"#\" style=\"color:#ffffff009\">.<\/a><\/div>\nModafinil jest bezpieczny i dobrze tolerowany przez zdrowe osoby &#8211; to \u201epierwszy na \u015bwiecie bezpieczny inteligentny lek\u201d. Jednak przed przyj\u0119ciem jakiegokolwiek \u015brodka nootropowego zawieraj\u0105cego ten aktywny sk\u0142adnik i podczas przyjmowania lek\u00f3w bezpiecze\u0144stwo powinno si\u0119 przyda\u0107. Zalecana moc dawki preparatu Modatec to 200 mg. Pozw\u00f3l swojemu lekarzowi oceni\u0107 stan zdrowia, aby okre\u015bli\u0107, czy ten lek jest dla Ciebie najlepszy, w zale\u017cno\u015bci od wyniku Twojego stanu zdrowia.<\/p>\n<p>Dawkowanie nale\u017cy przyjmowa\u0107 zgodnie z recept\u0105. Je\u015bli celem podania jest leczenie narkolepsji lub OBS, tabletk\u0119 nale\u017cy przyjmowa\u0107 raz dziennie rano. W przypadku SWSD nale\u017cy spo\u017cy\u0107 jedn\u0105 dawk\u0119 na oko\u0142o godzin\u0119 przed zmian\u0105 robocz\u0105. Je\u015bli planujesz przyjmowa\u0107 ten lek poza wskazaniami, skonsultuj si\u0119 ze specjalist\u0105 medycznym, aby wyda\u0107 odpowiedni\u0105 recept\u0119. W zale\u017cno\u015bci od stanu zdrowia mo\u017ce by\u0107 konieczne dostosowanie dawki, np. Je\u015bli zdiagnozowano u Ciebie ci\u0119\u017ckie zaburzenia czynno\u015bci w\u0105troby, nale\u017cy zmniejszy\u0107 dawk\u0119 Modatec 200 mg o po\u0142ow\u0119. Nie nale\u017cy przyjmowa\u0107 wi\u0119cej ni\u017c 1 tabletk\u0119 dziennie (przedawkowanie), poniewa\u017c mo\u017ce to spowodowa\u0107 powa\u017cne problemy zdrowotne.<\/p>\n<div class=\"su-divider su-divider-style-default\" style=\"margin:10px 0;border-width:3px;border-color:#ffffff00\"><a href=\"#\" style=\"color:#ffffff009\">.<\/a><\/div>\n<h2><strong>Mo\u017cliwe dzia\u0142ania niepo\u017c\u0105dane<\/strong><\/h2>\n<div class=\"su-divider su-divider-style-default\" style=\"margin:10px 0;border-width:3px;border-color:#ffffff00\"><a href=\"#\" style=\"color:#ffffff009\">.<\/a><\/div>\nW\u0142a\u015bciwe przyjmowanie tego leku ze zdrowym cia\u0142em nie powoduje \u017cadnych skutk\u00f3w ubocznych; jednak nie mo\u017cna ich ca\u0142kowicie wykluczy\u0107. Zaleca si\u0119 skonsultowanie si\u0119 z lekarzem w celu oceny stanu zdrowia pod k\u0105tem mo\u017cliwej choroby, kt\u00f3ra mo\u017ce wywo\u0142a\u0107 powa\u017cne skutki uboczne.<\/p>\n<p>Mo\u017cliwe wsp\u00f3lne negatywne skutki zwi\u0105zane ze stosowaniem Modatec 200 mg mog\u0105 obejmowa\u0107:<\/p>\n<div class=\"su-divider su-divider-style-default\" style=\"margin:10px 0;border-width:3px;border-color:#ffffff00\"><a href=\"#\" style=\"color:#ffffff009\">.<\/a><\/div>\n<ul>\n<li>b\u00f3le g\u0142owy, zawroty g\u0142owy;<\/li>\n<li>bezsenno\u015b\u0107;<\/li>\n<li>uczucie nerwowo\u015bci lub l\u0119ku;<\/li>\n<li>nudno\u015bci, rozstr\u00f3j \u017co\u0142\u0105dka, biegunka;<\/li>\n<li>zatkany nos.<\/li>\n<\/ul>\n<div class=\"su-divider su-divider-style-default\" style=\"margin:10px 0;border-width:3px;border-color:#ffffff00\"><a href=\"#\" style=\"color:#ffffff009\">.<\/a><\/div>\n[\/vc_column][vc_column width=&#8221;1\/2&#8243;]\n<div class=\"su-divider su-divider-style-default\" style=\"margin:10px 0;border-width:3px;border-color:#ffffff00\"><a href=\"#\" style=\"color:#ffffff009\">.<\/a><\/div>\n<p>Rzadkie, ale powa\u017cniejsze negatywne skutki obejmuj\u0105:<br \/>\n<div class=\"su-divider su-divider-style-default\" style=\"margin:10px 0;border-width:3px;border-color:#ffffff00\"><a href=\"#\" style=\"color:#ffffff009\">.<\/a><\/div>\n<ul>\n<li>nadwra\u017cliwo\u015b\u0107;<\/li>\n<li>gor\u0105czka i dreszcze;<\/li>\n<li>b\u00f3l w klatce piersiowej;<\/li>\n<li>dezorientacja;<\/li>\n<li>niezwyk\u0142e zm\u0119czenie i os\u0142abienie;<\/li>\n<li>Zesp\u00f3\u0142 Stevensa-Johnsona i inne.<\/li>\n<\/ul>\n<div class=\"su-divider su-divider-style-default\" style=\"margin:10px 0;border-width:3px;border-color:#ffffff00\"><a href=\"#\" style=\"color:#ffffff009\">.<\/a><\/div>\nTo nie jest pe\u0142na lista mo\u017cliwych negatywnych skutk\u00f3w. Zaleca si\u0119 r\u00f3wnie\u017c, aby nie prowadzi\u0107 pojazd\u00f3w ani nie robi\u0107 niczego, co wymaga skupienia i uwagi psychicznej, dop\u00f3ki nie dowiesz si\u0119, jak ten lek wp\u0142ywa na tw\u00f3j system. Je\u015bli kt\u00f3rykolwiek z negatywnych skutk\u00f3w wyst\u0105pi i b\u0119dzie si\u0119 utrzymywa\u0142, skonsultuj si\u0119 z lekarzem w celu uzyskania pomocy.<\/p>\n<div class=\"su-divider su-divider-style-default\" style=\"margin:10px 0;border-width:3px;border-color:#ffffff00\"><a href=\"#\" style=\"color:#ffffff009\">.<\/a><\/div>\n<h2><strong>Przeciwwskazania i \u015brodki ostro\u017cno\u015bci<\/strong><\/h2>\n<div class=\"su-divider su-divider-style-default\" style=\"margin:10px 0;border-width:3px;border-color:#ffffff00\"><a href=\"#\" style=\"color:#ffffff009\">.<\/a><\/div>\nModatec jest bezpieczny, je\u015bli jest przyjmowany bez mieszania z innymi lekami. Zaleca si\u0119 podanie pe\u0142nej listy lek\u00f3w (na recept\u0119 \/ bez recepty) lub preparat\u00f3w zio\u0142owych, kt\u00f3rych u\u017cywasz, lekarzowi w celu oceny. Ponadto nale\u017cy poinformowa\u0107 lekarza o swoich dolegliwo\u015bciach zdrowotnych, w tym niewydolno\u015bci nerek lub w\u0105troby, chorobie serca lub historii napad\u00f3w padaczkowych przed przyj\u0119ciem Modatec lub innego leku nootropowego.<\/p>\n<p>Ten lek nie jest zalecany do stosowania u pacjent\u00f3w ze znan\u0105 alergi\u0105 na leki nootropowe. Kobiety w ci\u0105\u017cy i matki karmi\u0105ce piersi\u0105 nie powinny stosowa\u0107 \u017cadnych \u201einteligentnych lek\u00f3w\u201d. Je\u015bli to konieczne, lekarz specjalista powinien om\u00f3wi\u0107 mo\u017cliwe zagro\u017cenia i korzy\u015bci przed przyj\u0119ciem tego leku na bazie modafinilu.<\/p>\n<div class=\"su-divider su-divider-style-default\" style=\"margin:10px 0;border-width:3px;border-color:#ffffff00\"><a href=\"#\" style=\"color:#ffffff009\">.<\/a><\/div>\n<p>Modatec wsp\u00f3\u0142dzia\u0142a z innymi lekami, w tym:<\/p>\n<ul>\n<li>Inhibitory MAO;<\/li>\n<li>Substraty CYP3A4 \/ 5 i CYP2C19;<\/li>\n<li>leki rozrzedzaj\u0105ce krew, takie jak warfaryna;<\/li>\n<li>leki antykoncepcyjne;<\/li>\n<li>Stymulanty OUN i inne.<\/li>\n<\/ul>\n<div class=\"su-divider su-divider-style-default\" style=\"margin:10px 0;border-width:3px;border-color:#ffffff00\"><a href=\"#\" style=\"color:#ffffff009\">.<\/a><\/div>\nTen nootropik dzia\u0142a dobrze z wi\u0119kszo\u015bci\u0105 potraw, ale t\u0142uste posi\u0142ki mog\u0105 op\u00f3\u017ani\u0107 jego dzia\u0142anie. Nie zaleca si\u0119 mieszania go z alkoholem. Mo\u017ce zwi\u0119ksza\u0107 ryzyko senno\u015bci, zawrot\u00f3w g\u0142owy i zaburze\u0144 oceny, mi\u0119dzy innymi bezprecedensowymi negatywnymi skutkami.<\/p>\n<div class=\"su-divider su-divider-style-default\" style=\"margin:10px 0;border-width:3px;border-color:#ffffff00\"><a href=\"#\" style=\"color:#ffffff009\">.<\/a><\/div>\n<h2><strong>Kup Generic Modatec 200mg (Modafinil) Online<\/strong><\/h2>\n<div class=\"su-divider su-divider-style-default\" style=\"margin:10px 0;border-width:3px;border-color:#ffffff00\"><a href=\"#\" style=\"color:#ffffff009\">.<\/a><\/div>\nBuyModafinilOnline to najlepszy internetowy dostawca nootrop\u00f3w, kt\u00f3ry stawia zdrowie pacjenta jako priorytet, pozyskuj\u0105c wysokiej jako\u015bci leki od zatwierdzonych firm farmaceutycznych. W najlepszym przypadku oferujemy bez recepty \u201e<a href=\"https:\/\/buymodafinilonline.com\/smart-drugs-brands\/\"> inteligentne leki<\/a> \u201d(<a href=\"https:\/\/buymodafinilonline.com\/pl\/pigulki-madrosci\/modatec-200-mg\/\"> Modatec<\/a> ,<a href=\"https:\/\/buymodafinilonline.com\/pl\/pigulki-madrosci\/modapro-200-mg\/\"> Modapro<\/a> ,<a href=\"https:\/\/buymodafinilonline.com\/pl\/pigulki-madrosci\/provake-200-mg\/\"> Provake<\/a> ,<a href=\"https:\/\/buymodafinilonline.com\/pl\/pigulki-madrosci\/modfil-200-mg\/\"> Modfil<\/a> itp.) po kosztach produkcji. Mamy te\u017c<a href=\"https:\/\/buymodafinilonline.com\/free-trial\/\"> bezp\u0142atne pr\u00f3bki pr\u00f3bne<\/a> naszych bestseller\u00f3w modafinilu i armodafinilu.<\/p>\n<p>Zaoszcz\u0119d\u017a wi\u0119cej pieni\u0119dzy w naszej e-aptece, korzystaj\u0105c z kupon\u00f3w, ofert i rabat\u00f3w. Akceptujemy r\u00f3\u017cne bezpieczne metody p\u0142atno\u015bci, w tym g\u0142\u00f3wne karty kredytowe, AmEx, Zelle, PayPal, e-Check, <a href=\"https:\/\/buymodafinilonline.com\/pl\/zaplac-bitcoinami-a-dostaniesz-33-rabatu\/\">Bitcoin<\/a> (w tym 23% zni\u017cki) i inne kryptowaluty.<\/p>\n<p>Nasza wysy\u0142ka paczek jest bardzo szybka i oferujemy<a href=\"https:\/\/buymodafinilonline.com\/refund-reshipment\/\"> bezp\u0142atna wysy\u0142ka lub zwrot 100%<\/a> w przypadku nieudanej dostawy. Bezp\u0142atna wysy\u0142ka obowi\u0105zuje w przypadku zam\u00f3wie\u0144 o warto\u015bci powy\u017cej 80 USD wysy\u0142anych poczt\u0105 polecon\u0105 (standardowa opcja dostawy) oraz zam\u00f3wie\u0144 powy\u017cej 150 USD za po\u015brednictwem us\u0142ugi Express Mail Service (EMS). Im wi\u0119cej zam\u00f3wisz tabletek, tym ni\u017cszy koszt!<\/p>\n<div class=\"su-divider su-divider-style-default\" style=\"margin:10px 0;border-width:3px;border-color:#ffffff00\"><a href=\"#\" style=\"color:#ffffff009\">.<\/a><\/div>\n[\/vc_column]\n<div class=\"su-divider su-divider-style-default\" style=\"margin:10px 0;border-width:3px;border-color:#ffffff00\"><a href=\"#\" style=\"color:#ffffff009\">.<\/a><\/div>\n","protected":false},"excerpt":{"rendered":"<p>Modatec 200 mg jest produkowany przez Cipla Ltd. Zawiera modafinil jako sk\u0142adnik aktywny. Jest to \u015brodek promuj\u0105cy stan czuwania przepisywany pacjentom ze skrajn\u0105 senno\u015bci\u0105 w ci\u0105gu dnia z powodu pewnych zaburze\u0144 snu. Modatec pomaga nie zasn\u0105\u0107 w godzinach pracy, kiedy nie ma zaplanowanej pory snu. Dzia\u0142a r\u00f3wnie\u017c jako wzmacniacz produktywno\u015bci i funkcji poznawczych. Kup ten lek z naszej e-apteki po kosztach produkcji lub zam\u00f3w bezp\u0142atne pr\u00f3bne pr\u00f3bki bestseller\u00f3w modafinilu i armodafinilu.<\/p>\n[sc name=\"s1\"]\n","protected":false},"featured_media":398184,"comment_status":"open","ping_status":"closed","template":"","meta":{"_acf_changed":false},"product_brand":[],"product_cat":[4045],"product_tag":[4051],"class_list":{"0":"post-408810","1":"product","2":"type-product","3":"status-publish","4":"has-post-thumbnail","6":"product_cat-marki-inteligentnych-lekow","7":"product_tag-modafinil-pl","9":"first","10":"instock","11":"sale","12":"shipping-taxable","13":"purchasable","14":"product-type-variable","15":"has-default-attributes"},"acf":[],"yoast_head":"<!-- This site is optimized with the Yoast SEO Premium plugin v23.6 (Yoast SEO v27.3) - https:\/\/yoast.com\/product\/yoast-seo-premium-wordpress\/ -->\n<title>Kup Modatec 200 MG (Modafinil) Tabletki dost\u0119pne bez recepty - Kup ModafinilOnline<\/title>\n<meta name=\"description\" content=\"Tanie leki Modatec 200 mg online od producenta Cipla. Kup Modatec 200 mg (modafinil) OTC w aptece BuyModafinilOnline. Zap\u0142a\u0107 kart\u0105 kredytow\u0105, PayPal lub Bitcoin i uzyskaj \u015bwietne rabaty!\" \/>\n<meta name=\"robots\" content=\"index, follow, max-snippet:-1, max-image-preview:large, max-video-preview:-1\" \/>\n<link rel=\"canonical\" href=\"https:\/\/buymodafinilonline.com\/pl\/pigulki-madrosci\/modatec-200-mg\/\" \/>\n<meta property=\"og:locale\" content=\"pl_PL\" \/>\n<meta property=\"og:type\" content=\"article\" \/>\n<meta property=\"og:title\" content=\"Modatec 200 MG\" \/>\n<meta property=\"og:description\" content=\"Tanie leki Modatec 200 mg online od producenta Cipla. Kup Modatec 200 mg (modafinil) OTC w aptece BuyModafinilOnline. Zap\u0142a\u0107 kart\u0105 kredytow\u0105, PayPal lub Bitcoin i uzyskaj \u015bwietne rabaty!\" \/>\n<meta property=\"og:url\" content=\"https:\/\/buymodafinilonline.com\/pl\/pigulki-madrosci\/modatec-200-mg\/\" \/>\n<meta property=\"og:site_name\" content=\"BuyModafinilOnline.com\" \/>\n<meta property=\"article:modified_time\" content=\"2025-05-11T14:30:55+00:00\" \/>\n<meta property=\"og:image\" content=\"https:\/\/buymodafinilonline.com\/wp-content\/uploads\/2020\/04\/bmo-product-modatec-200-mg.png\" \/>\n\t<meta property=\"og:image:width\" content=\"1280\" \/>\n\t<meta property=\"og:image:height\" content=\"1500\" \/>\n\t<meta property=\"og:image:type\" content=\"image\/png\" \/>\n<meta name=\"twitter:label1\" content=\"Szacowany czas czytania\" \/>\n\t<meta name=\"twitter:data1\" content=\"5 minut\" \/>\n<script type=\"application\/ld+json\" class=\"yoast-schema-graph\">{\"@context\":\"https:\\\/\\\/schema.org\",\"@graph\":[{\"@type\":\"WebPage\",\"@id\":\"https:\\\/\\\/buymodafinilonline.com\\\/pl\\\/pigulki-madrosci\\\/modatec-200-mg\\\/\",\"url\":\"https:\\\/\\\/buymodafinilonline.com\\\/pl\\\/pigulki-madrosci\\\/modatec-200-mg\\\/\",\"name\":\"Kup Modatec 200 MG (Modafinil) Tabletki dost\u0119pne bez recepty - Kup ModafinilOnline\",\"isPartOf\":{\"@id\":\"https:\\\/\\\/buymodafinilonline.com\\\/pl\\\/#website\"},\"primaryImageOfPage\":{\"@id\":\"https:\\\/\\\/buymodafinilonline.com\\\/pl\\\/pigulki-madrosci\\\/modatec-200-mg\\\/#primaryimage\"},\"image\":{\"@id\":\"https:\\\/\\\/buymodafinilonline.com\\\/pl\\\/pigulki-madrosci\\\/modatec-200-mg\\\/#primaryimage\"},\"thumbnailUrl\":\"https:\\\/\\\/buymodafinilonline.com\\\/wp-content\\\/uploads\\\/2020\\\/04\\\/bmo-product-modatec-200-mg.png\",\"datePublished\":\"2020-11-08T16:17:44+00:00\",\"dateModified\":\"2025-05-11T14:30:55+00:00\",\"description\":\"Tanie leki Modatec 200 mg online od producenta Cipla. Kup Modatec 200 mg (modafinil) OTC w aptece BuyModafinilOnline. Zap\u0142a\u0107 kart\u0105 kredytow\u0105, PayPal lub Bitcoin i uzyskaj \u015bwietne rabaty!\",\"breadcrumb\":{\"@id\":\"https:\\\/\\\/buymodafinilonline.com\\\/pl\\\/pigulki-madrosci\\\/modatec-200-mg\\\/#breadcrumb\"},\"inLanguage\":\"pl-PL\",\"potentialAction\":[{\"@type\":\"ReadAction\",\"target\":[\"https:\\\/\\\/buymodafinilonline.com\\\/pl\\\/pigulki-madrosci\\\/modatec-200-mg\\\/\"]}]},{\"@type\":\"ImageObject\",\"inLanguage\":\"pl-PL\",\"@id\":\"https:\\\/\\\/buymodafinilonline.com\\\/pl\\\/pigulki-madrosci\\\/modatec-200-mg\\\/#primaryimage\",\"url\":\"https:\\\/\\\/buymodafinilonline.com\\\/wp-content\\\/uploads\\\/2020\\\/04\\\/bmo-product-modatec-200-mg.png\",\"contentUrl\":\"https:\\\/\\\/buymodafinilonline.com\\\/wp-content\\\/uploads\\\/2020\\\/04\\\/bmo-product-modatec-200-mg.png\",\"width\":1280,\"height\":1500,\"caption\":\"Modatec 200 mg\"},{\"@type\":\"BreadcrumbList\",\"@id\":\"https:\\\/\\\/buymodafinilonline.com\\\/pl\\\/pigulki-madrosci\\\/modatec-200-mg\\\/#breadcrumb\",\"itemListElement\":[{\"@type\":\"ListItem\",\"position\":1,\"name\":\"Buy Modafinil Online\",\"item\":\"https:\\\/\\\/buymodafinilonline.com\\\/pl\\\/\"},{\"@type\":\"ListItem\",\"position\":2,\"name\":\"Sklep\",\"item\":\"https:\\\/\\\/buymodafinilonline.com\\\/pl\\\/sklep\\\/\"},{\"@type\":\"ListItem\",\"position\":3,\"name\":\"Marki inteligentnych lek\u00f3w\",\"item\":\"https:\\\/\\\/buymodafinilonline.com\\\/pl\\\/kategoria-produktow\\\/marki-inteligentnych-lekow\\\/\"},{\"@type\":\"ListItem\",\"position\":4,\"name\":\"Modatec 200 MG\"}]},{\"@type\":\"WebSite\",\"@id\":\"https:\\\/\\\/buymodafinilonline.com\\\/pl\\\/#website\",\"url\":\"https:\\\/\\\/buymodafinilonline.com\\\/pl\\\/\",\"name\":\"BuyModafinilOnline.com\",\"description\":\"Modafinil Online Pharmacy\",\"publisher\":{\"@id\":\"https:\\\/\\\/buymodafinilonline.com\\\/pl\\\/#organization\"},\"potentialAction\":[{\"@type\":\"SearchAction\",\"target\":{\"@type\":\"EntryPoint\",\"urlTemplate\":\"https:\\\/\\\/buymodafinilonline.com\\\/pl\\\/?s={search_term_string}\"},\"query-input\":{\"@type\":\"PropertyValueSpecification\",\"valueRequired\":true,\"valueName\":\"search_term_string\"}}],\"inLanguage\":\"pl-PL\"},{\"@type\":\"Organization\",\"@id\":\"https:\\\/\\\/buymodafinilonline.com\\\/pl\\\/#organization\",\"name\":\"BuyModafinilOnline\",\"url\":\"https:\\\/\\\/buymodafinilonline.com\\\/pl\\\/\",\"logo\":{\"@type\":\"ImageObject\",\"inLanguage\":\"pl-PL\",\"@id\":\"https:\\\/\\\/buymodafinilonline.com\\\/pl\\\/#\\\/schema\\\/logo\\\/image\\\/\",\"url\":\"https:\\\/\\\/buymodafinilonline.com\\\/wp-content\\\/uploads\\\/2020\\\/04\\\/logo-buy-modafinil-online-yellow.png\",\"contentUrl\":\"https:\\\/\\\/buymodafinilonline.com\\\/wp-content\\\/uploads\\\/2020\\\/04\\\/logo-buy-modafinil-online-yellow.png\",\"width\":200,\"height\":200,\"caption\":\"BuyModafinilOnline\"},\"image\":{\"@id\":\"https:\\\/\\\/buymodafinilonline.com\\\/pl\\\/#\\\/schema\\\/logo\\\/image\\\/\"}}]}<\/script>\n<!-- \/ Yoast SEO Premium plugin. -->","yoast_head_json":{"title":"Kup Modatec 200 MG (Modafinil) Tabletki dost\u0119pne bez recepty - Kup ModafinilOnline","description":"Tanie leki Modatec 200 mg online od producenta Cipla. Kup Modatec 200 mg (modafinil) OTC w aptece BuyModafinilOnline. Zap\u0142a\u0107 kart\u0105 kredytow\u0105, PayPal lub Bitcoin i uzyskaj \u015bwietne rabaty!","robots":{"index":"index","follow":"follow","max-snippet":"max-snippet:-1","max-image-preview":"max-image-preview:large","max-video-preview":"max-video-preview:-1"},"canonical":"https:\/\/buymodafinilonline.com\/pl\/pigulki-madrosci\/modatec-200-mg\/","og_locale":"pl_PL","og_type":"article","og_title":"Modatec 200 MG","og_description":"Tanie leki Modatec 200 mg online od producenta Cipla. Kup Modatec 200 mg (modafinil) OTC w aptece BuyModafinilOnline. Zap\u0142a\u0107 kart\u0105 kredytow\u0105, PayPal lub Bitcoin i uzyskaj \u015bwietne rabaty!","og_url":"https:\/\/buymodafinilonline.com\/pl\/pigulki-madrosci\/modatec-200-mg\/","og_site_name":"BuyModafinilOnline.com","article_modified_time":"2025-05-11T14:30:55+00:00","og_image":[{"width":1280,"height":1500,"url":"https:\/\/buymodafinilonline.com\/wp-content\/uploads\/2020\/04\/bmo-product-modatec-200-mg.png","type":"image\/png"}],"twitter_misc":{"Szacowany czas czytania":"5 minut"},"schema":{"@context":"https:\/\/schema.org","@graph":[{"@type":"WebPage","@id":"https:\/\/buymodafinilonline.com\/pl\/pigulki-madrosci\/modatec-200-mg\/","url":"https:\/\/buymodafinilonline.com\/pl\/pigulki-madrosci\/modatec-200-mg\/","name":"Kup Modatec 200 MG (Modafinil) Tabletki dost\u0119pne bez recepty - Kup ModafinilOnline","isPartOf":{"@id":"https:\/\/buymodafinilonline.com\/pl\/#website"},"primaryImageOfPage":{"@id":"https:\/\/buymodafinilonline.com\/pl\/pigulki-madrosci\/modatec-200-mg\/#primaryimage"},"image":{"@id":"https:\/\/buymodafinilonline.com\/pl\/pigulki-madrosci\/modatec-200-mg\/#primaryimage"},"thumbnailUrl":"https:\/\/buymodafinilonline.com\/wp-content\/uploads\/2020\/04\/bmo-product-modatec-200-mg.png","datePublished":"2020-11-08T16:17:44+00:00","dateModified":"2025-05-11T14:30:55+00:00","description":"Tanie leki Modatec 200 mg online od producenta Cipla. Kup Modatec 200 mg (modafinil) OTC w aptece BuyModafinilOnline. Zap\u0142a\u0107 kart\u0105 kredytow\u0105, PayPal lub Bitcoin i uzyskaj \u015bwietne rabaty!","breadcrumb":{"@id":"https:\/\/buymodafinilonline.com\/pl\/pigulki-madrosci\/modatec-200-mg\/#breadcrumb"},"inLanguage":"pl-PL","potentialAction":[{"@type":"ReadAction","target":["https:\/\/buymodafinilonline.com\/pl\/pigulki-madrosci\/modatec-200-mg\/"]}]},{"@type":"ImageObject","inLanguage":"pl-PL","@id":"https:\/\/buymodafinilonline.com\/pl\/pigulki-madrosci\/modatec-200-mg\/#primaryimage","url":"https:\/\/buymodafinilonline.com\/wp-content\/uploads\/2020\/04\/bmo-product-modatec-200-mg.png","contentUrl":"https:\/\/buymodafinilonline.com\/wp-content\/uploads\/2020\/04\/bmo-product-modatec-200-mg.png","width":1280,"height":1500,"caption":"Modatec 200 mg"},{"@type":"BreadcrumbList","@id":"https:\/\/buymodafinilonline.com\/pl\/pigulki-madrosci\/modatec-200-mg\/#breadcrumb","itemListElement":[{"@type":"ListItem","position":1,"name":"Buy Modafinil Online","item":"https:\/\/buymodafinilonline.com\/pl\/"},{"@type":"ListItem","position":2,"name":"Sklep","item":"https:\/\/buymodafinilonline.com\/pl\/sklep\/"},{"@type":"ListItem","position":3,"name":"Marki inteligentnych lek\u00f3w","item":"https:\/\/buymodafinilonline.com\/pl\/kategoria-produktow\/marki-inteligentnych-lekow\/"},{"@type":"ListItem","position":4,"name":"Modatec 200 MG"}]},{"@type":"WebSite","@id":"https:\/\/buymodafinilonline.com\/pl\/#website","url":"https:\/\/buymodafinilonline.com\/pl\/","name":"BuyModafinilOnline.com","description":"Modafinil Online Pharmacy","publisher":{"@id":"https:\/\/buymodafinilonline.com\/pl\/#organization"},"potentialAction":[{"@type":"SearchAction","target":{"@type":"EntryPoint","urlTemplate":"https:\/\/buymodafinilonline.com\/pl\/?s={search_term_string}"},"query-input":{"@type":"PropertyValueSpecification","valueRequired":true,"valueName":"search_term_string"}}],"inLanguage":"pl-PL"},{"@type":"Organization","@id":"https:\/\/buymodafinilonline.com\/pl\/#organization","name":"BuyModafinilOnline","url":"https:\/\/buymodafinilonline.com\/pl\/","logo":{"@type":"ImageObject","inLanguage":"pl-PL","@id":"https:\/\/buymodafinilonline.com\/pl\/#\/schema\/logo\/image\/","url":"https:\/\/buymodafinilonline.com\/wp-content\/uploads\/2020\/04\/logo-buy-modafinil-online-yellow.png","contentUrl":"https:\/\/buymodafinilonline.com\/wp-content\/uploads\/2020\/04\/logo-buy-modafinil-online-yellow.png","width":200,"height":200,"caption":"BuyModafinilOnline"},"image":{"@id":"https:\/\/buymodafinilonline.com\/pl\/#\/schema\/logo\/image\/"}}]}},"_links":{"self":[{"href":"https:\/\/buymodafinilonline.com\/pl\/wp-json\/wp\/v2\/product\/408810","targetHints":{"allow":["GET"]}}],"collection":[{"href":"https:\/\/buymodafinilonline.com\/pl\/wp-json\/wp\/v2\/product"}],"about":[{"href":"https:\/\/buymodafinilonline.com\/pl\/wp-json\/wp\/v2\/types\/product"}],"replies":[{"embeddable":true,"href":"https:\/\/buymodafinilonline.com\/pl\/wp-json\/wp\/v2\/comments?post=408810"}],"wp:featuredmedia":[{"embeddable":true,"href":"https:\/\/buymodafinilonline.com\/pl\/wp-json\/wp\/v2\/media\/398184"}],"wp:attachment":[{"href":"https:\/\/buymodafinilonline.com\/pl\/wp-json\/wp\/v2\/media?parent=408810"}],"wp:term":[{"taxonomy":"product_brand","embeddable":true,"href":"https:\/\/buymodafinilonline.com\/pl\/wp-json\/wp\/v2\/product_brand?post=408810"},{"taxonomy":"product_cat","embeddable":true,"href":"https:\/\/buymodafinilonline.com\/pl\/wp-json\/wp\/v2\/product_cat?post=408810"},{"taxonomy":"product_tag","embeddable":true,"href":"https:\/\/buymodafinilonline.com\/pl\/wp-json\/wp\/v2\/product_tag?post=408810"}],"curies":[{"name":"wp","href":"https:\/\/api.w.org\/{rel}","templated":true}]}}