{"id":408887,"date":"2020-04-18T19:42:43","date_gmt":"2020-11-08T16:18:23","guid":{"rendered":"https:\/\/buymodafinilonline.com\/smart-drugs\/modapro-200-mg\/"},"modified":"2025-05-11T15:30:14","modified_gmt":"2025-05-11T14:30:14","slug":"modapro-200-mg","status":"publish","type":"product","link":"https:\/\/buymodafinilonline.com\/pl\/pigulki-madrosci\/modapro-200-mg\/","title":{"rendered":"Modapro 200 MG"},"content":{"rendered":"[vc_column width=&#8221;1\/2&#8243;]\n<div class=\"su-divider su-divider-style-default\" style=\"margin:10px 0;border-width:3px;border-color:#ffffff00\"><a href=\"#\" style=\"color:#ffffff009\">.<\/a><\/div>\n<h2>Co to jest Modapro 200 mg?<\/h2>\n<div class=\"su-divider su-divider-style-default\" style=\"margin:10px 0;border-width:3px;border-color:#ffffff00\"><a href=\"#\" style=\"color:#ffffff009\">.<\/a><\/div>\nJe\u015bli wp\u0142ywaj\u0105 na Ciebie zaburzenia snu, leki Modapro pomog\u0105 Ci nie zasn\u0105\u0107 w ci\u0105gu dnia lub w godzinach pracy.<a href=\"https:\/\/buymodafinilonline.com\/pl\/prawda-o-modafinilu\/\"> Leki modafinil<\/a> jest g\u0142\u00f3wnie zatwierdzony przez Food and Drug Administration (FDA) do leczenia zaburze\u0144 snu spowodowanych narkolepsj\u0105, zaburzeniami snu spowodowanymi prac\u0105 zmianow\u0105 (SWSD), obturacyjnym bezdechem sennym \/ zespo\u0142em sp\u0142ycenia oddechowego (OSAHS). Poza wskazaniami, jest r\u00f3wnie\u017c przepisywany na zesp\u00f3\u0142 nadpobudliwo\u015bci psychoruchowej z deficytem uwagi (ADHD), stwardnienie rozsiane, jet lag, depresj\u0119, chorob\u0119 Parkinsona i inne schorzenia.<\/p>\n<p>Osoby zdrowe mog\u0105 r\u00f3wnie\u017c u\u017cywa\u0107 tego typu lek\u00f3w jako wzmacniacza funkcji poznawczych i zwi\u0119kszaj\u0105cych produktywno\u015b\u0107 podczas wykonywania z\u0142o\u017conych prac.<\/p>\n<p>R\u00f3\u017cni pracownicy u\u017cywaj\u0105 tego leku podczas uczenia si\u0119 lub wykonywania zada\u0144, kt\u00f3re wymagaj\u0105 wi\u0119kszej mocy m\u00f3zgowej i czuwania. Ta aktywno\u015b\u0107 wynika z substancji chemicznej m\u00f3zgu &#8211; dopaminy (neuroprzeka\u017anika, kt\u00f3rego nerwy m\u00f3zgowe u\u017cywaj\u0105 do komunikacji). Hamuj\u0105c wychwyt zwrotny dopaminy, nagradza efekty poznawcze, takie jak lepsza pami\u0119\u0107, poprawiony nastr\u00f3j, czujno\u015b\u0107, ostro\u015b\u0107 umys\u0142u i inne podobne efekty.<\/p>\n<p>Zwi\u0119ksza r\u00f3wnie\u017c dost\u0119pno\u015b\u0107 synaptyczn\u0105 neuroprzeka\u017anik\u00f3w, takich jak serotonina, monoaminy, histamina, oreksyna, adenozyna i inne.<\/p>\n<div class=\"su-divider su-divider-style-default\" style=\"margin:10px 0;border-width:3px;border-color:#ffffff00\"><a href=\"#\" style=\"color:#ffffff009\">.<\/a><\/div>\n<h2><strong>Bezpieczne dawkowanie i w\u0142a\u015bciwe stosowanie<\/strong><\/h2>\n<div class=\"su-divider su-divider-style-default\" style=\"margin:10px 0;border-width:3px;border-color:#ffffff00\"><a href=\"#\" style=\"color:#ffffff009\">.<\/a><\/div>\nModapro 200mg jest bezpieczne, je\u015bli jest przyjmowane przez zdrowe osoby. Jest znacznie bezpieczniejszy ni\u017c Adderall. Zaleca si\u0119 jednak podawa\u0107 po konsultacji z lekarzem specjalist\u0105. Modapro 200 mg to zalecana moc dawki podawana raz na dob\u0119 i nale\u017cy go przyjmowa\u0107 zgodnie z zaleceniem lekarza.<\/p>\n<p>W przypadku zdejmowania go poza wskazaniami, konieczna jest porada lekarza. Pomini\u0119t\u0105 dawk\u0119 tabletki Modapro 200 mg nale\u017cy przyj\u0105\u0107, gdy tylko si\u0119 o tym przypomni. Nie przedawkuj. Ten lek nie jest zalecany do stosowania u pacjent\u00f3w uczulonych na zwi\u0105zki eugeroiczne.<\/p>\n<div class=\"su-divider su-divider-style-default\" style=\"margin:10px 0;border-width:3px;border-color:#ffffff00\"><a href=\"#\" style=\"color:#ffffff009\">.<\/a><\/div>\n<h2><strong>Mo\u017cliwe dzia\u0142ania niepo\u017c\u0105dane<\/strong><\/h2>\n<div class=\"su-divider su-divider-style-default\" style=\"margin:10px 0;border-width:3px;border-color:#ffffff00\"><a href=\"#\" style=\"color:#ffffff009\">.<\/a><\/div>\nTen ulubiony \u201einteligentny lek\u201d na \u015bwiecie jest bezpieczny i dobrze tolerowany i rzadko ma negatywny wp\u0142yw na zdrowe osoby. Niemniej jednak, w zale\u017cno\u015bci od stanu zdrowia pacjenta, dawki i przestrzegania zalece\u0144, mog\u0105 wyst\u0105pi\u0107 pewne dzia\u0142ania niepo\u017c\u0105dane.<\/p>\n<p>Typowe negatywne skutki mog\u0105 obejmowa\u0107:<\/p>\n<div class=\"su-divider su-divider-style-default\" style=\"margin:10px 0;border-width:3px;border-color:#ffffff00\"><a href=\"#\" style=\"color:#ffffff009\">.<\/a><\/div>\n<ul>\n<li>b\u00f3le g\u0142owy, zawroty g\u0142owy;<\/li>\n<li>bezsenno\u015b\u0107;<\/li>\n<li>b\u00f3l plec\u00f3w;<\/li>\n<li>uczucie nerwowo\u015bci lub l\u0119ku;<\/li>\n<li>nudno\u015bci, rozstr\u00f3j \u017co\u0142\u0105dka, biegunka;<\/li>\n<li>zatkany nos.<\/li>\n<\/ul>\n<div class=\"su-divider su-divider-style-default\" style=\"margin:10px 0;border-width:3px;border-color:#ffffff00\"><a href=\"#\" style=\"color:#ffffff009\">.<\/a><\/div>\nRzadkie, ale powa\u017cniejsze negatywne skutki obejmuj\u0105:<\/p>\n<div class=\"su-divider su-divider-style-default\" style=\"margin:10px 0;border-width:3px;border-color:#ffffff00\"><a href=\"#\" style=\"color:#ffffff009\">.<\/a><\/div>\n<ul>\n<li>nadwra\u017cliwo\u015b\u0107;<\/li>\n<li>gor\u0105czka i dreszcze;<\/li>\n<li>b\u00f3l w klatce piersiowej;<\/li>\n<li>dezorientacja;<\/li>\n<li>niezwyk\u0142e zm\u0119czenie i os\u0142abienie;<\/li>\n<li>Zesp\u00f3\u0142 Stevensa-Johnsona i inne.<\/li>\n<\/ul>\n<div class=\"su-divider su-divider-style-default\" style=\"margin:10px 0;border-width:3px;border-color:#ffffff00\"><a href=\"#\" style=\"color:#ffffff009\">.<\/a><\/div>\n[\/vc_column][vc_column width=&#8221;1\/2&#8243;]\n<div class=\"su-divider su-divider-style-default\" style=\"margin:10px 0;border-width:3px;border-color:#ffffff00\"><a href=\"#\" style=\"color:#ffffff009\">.<\/a><\/div>\n<p>Objawy przedawkowania Modapro obejmuj\u0105:<\/p>\n<ul>\n<li>szybkie lub mocne bicie serca;<\/li>\n<li>pobudzenie lub podniecenie;<\/li>\n<li>k\u0142opoty ze snem;<\/li>\n<li>podwy\u017cszone ci\u015bnienie krwi.<\/li>\n<\/ul>\n<div class=\"su-divider su-divider-style-default\" style=\"margin:10px 0;border-width:3px;border-color:#ffffff00\"><a href=\"#\" style=\"color:#ffffff009\">.<\/a><\/div>\nTo nie jest pe\u0142na lista mo\u017cliwych negatywnych skutk\u00f3w. Zaleca si\u0119 r\u00f3wnie\u017c, aby nie prowadzi\u0107 ci\u0119\u017ckich maszyn ani nie robi\u0107 niczego, co wymaga uwagi, dop\u00f3ki efekt Modapro nie ust\u0105pi, poniewa\u017c mo\u017ce r\u00f3wnie\u017c powodowa\u0107 senno\u015b\u0107 i zawroty g\u0142owy. Je\u015bli kt\u00f3rykolwiek z efekt\u00f3w ubocznych wyst\u0119puje i utrzymuje si\u0119, lub je\u015bli si\u0119 nimi martwisz, skonsultuj si\u0119 ze swoim lekarzem w celu uzyskania pomocy.<\/p>\n<div class=\"su-divider su-divider-style-default\" style=\"margin:10px 0;border-width:3px;border-color:#ffffff00\"><a href=\"#\" style=\"color:#ffffff009\">.<\/a><\/div>\n<h2><strong>Przeciwwskazania i \u015brodki ostro\u017cno\u015bci<\/strong><\/h2>\n<div class=\"su-divider su-divider-style-default\" style=\"margin:10px 0;border-width:3px;border-color:#ffffff00\"><a href=\"#\" style=\"color:#ffffff009\">.<\/a><\/div>\n\u015aci\u015ble przestrzega\u0107 wszystkich instrukcji i ostrze\u017ce\u0144 na etykiecie i przyjmowa\u0107 tabletk\u0119 Modapro 200 mg tylko zgodnie z zaleceniami. Zaleca si\u0119, aby przed przyj\u0119ciem tego leku poinformowa\u0107 lekarza o wszystkich innych lekach i preparatach zio\u0142owych, kt\u00f3re stosujesz, oraz o wszystkich stanach zdrowia, w tym o nerkach, w\u0105trobie, chorobach serca lub historii napad\u00f3w, a tak\u017ce o innych problemach zdrowotnych.<\/p>\n<p>Nie zaleca si\u0119 mieszania go z alkoholem. Mo\u017ce zwi\u0119ksza\u0107 ryzyko senno\u015bci, zawrot\u00f3w g\u0142owy i zaburze\u0144 oceny, w\u015br\u00f3d innych bezprecedensowych dzia\u0142a\u0144 niepo\u017c\u0105danych.<\/p>\n<p>Nie mieszaj z innymi lekami. Mo\u017ce powodowa\u0107 interakcje, kt\u00f3re mog\u0105 by\u0107 szkodliwe dla zdrowia. Modapro wsp\u00f3\u0142dzia\u0142a z innymi lekami, w tym:<\/p>\n<div class=\"su-divider su-divider-style-default\" style=\"margin:10px 0;border-width:3px;border-color:#ffffff00\"><a href=\"#\" style=\"color:#ffffff009\">.<\/a><\/div>\n<ul>\n<li>Substraty CYP3A4 \/ 5 i CYP2C19;<\/li>\n<li>warfaryna;<\/li>\n<li>leki antykoncepcyjne;<\/li>\n<li>Inhibitory MAO;<\/li>\n<li>Stymulanty OUN i inne.<\/li>\n<\/ul>\n<div class=\"su-divider su-divider-style-default\" style=\"margin:10px 0;border-width:3px;border-color:#ffffff00\"><a href=\"#\" style=\"color:#ffffff009\">.<\/a><\/div>\nTo nie jest pe\u0142na lista. Modapro dobrze dzia\u0142a z jedzeniem, ale niekt\u00f3re pokarmy mog\u0105 op\u00f3\u017ania\u0107 jego dzia\u0142anie.<\/p>\n<div class=\"su-divider su-divider-style-default\" style=\"margin:10px 0;border-width:3px;border-color:#ffffff00\"><a href=\"#\" style=\"color:#ffffff009\">.<\/a><\/div>\n<h2><strong>Kup Generic Modapro 200mg (Modafinil) Online<\/strong><\/h2>\n<div class=\"su-divider su-divider-style-default\" style=\"margin:10px 0;border-width:3px;border-color:#ffffff00\"><a href=\"#\" style=\"color:#ffffff009\">.<\/a><\/div>\nKup ModafinilOnline (BMO) to najlepsza apteka internetowa, kt\u00f3r\u0105 mo\u017cna kupi\u0107 tanio, ale<a href=\"https:\/\/buymodafinilonline.com\/smart-drugs-bestsellers\/\"> wysokiej jako\u015bci nootropy<\/a> sprzedawane bez recepty (OTC) pochodz\u0105ce od zatwierdzonych indyjskich producent\u00f3w. Dostarczamy<a href=\"https:\/\/buymodafinilonline.com\/generics\/\"> generyczny modafinil<\/a> (<a href=\"https:\/\/buymodafinilonline.com\/pl\/pigulki-madrosci\/modapro-200-mg\/\"> Modapro 200mg<\/a> ,<a href=\"https:\/\/buymodafinilonline.com\/pl\/pigulki-madrosci\/modatec-200-mg\/\"> Modatec 200mg<\/a> ,<a href=\"https:\/\/buymodafinilonline.com\/pl\/pigulki-madrosci\/modaheal-200-mg-tabletki\/\"> Modaheal 200mg<\/a> itp.) poczt\u0105 z Indii do Twojej lokalizacji po kosztach produkcji. Oferujemy r\u00f3wnie\u017c<a href=\"https:\/\/buymodafinilonline.com\/free-trial\/\"> bezp\u0142atne pr\u00f3bki pr\u00f3bne<\/a> naszych bestseller\u00f3w modafinilu i armodafinilu.<\/p>\n<p>Nasz<a href=\"https:\/\/buymodafinilonline.com\/pl\/opinia-czy-buymodafinilonline-to-zaufany-sprzedawca\/\"> zaufane recenzje<\/a> na Yotpo, Trustpilot i Reddit s\u0105 od kupuj\u0105cych, kt\u00f3rzy zam\u00f3wili w naszej e-aptece. Paczka BMO<a href=\"https:\/\/buymodafinilonline.com\/pl\/najlepszy-dostawca-w-polsce\/\"> Wysy\u0142ka \ue838<\/a> wyst\u0119puje na ca\u0142ym \u015bwiecie, z wyj\u0105tkiem nielicznych wymienionych kraj\u00f3w. Oferujemy r\u00f3wnie\u017c bezp\u0142atn\u0105 wysy\u0142k\u0119 przy zam\u00f3wieniach powy\u017cej 80 USD w przypadku standardowej wysy\u0142ki poczt\u0105 lotnicz\u0105 lub bezp\u0142atn\u0105 dostaw\u0119 ekspresow\u0105 przy zam\u00f3wieniach powy\u017cej 150 USD. Ponadto BuyModafinilOnline oferuje pe\u0142ne<a href=\"https:\/\/buymodafinilonline.com\/refund-reshipment\/\"> zwroty i zwroty koszt\u00f3w<\/a> w przypadku braku dostawy.<\/p>\n<p>Akceptujemy r\u00f3\u017cne bezpieczne metody p\u0142atno\u015bci, w tym g\u0142\u00f3wne karty kredytowe (MasterCard, Visa), PayPal, Zelle, American Express, e-Check, Bitcoin (z <a href=\"https:\/\/buymodafinilonline.com\/pl\/zaplac-bitcoinami-a-dostaniesz-33-rabatu\/\">23% rabatem<\/a>) i inne kryptowaluty. Zaoszcz\u0119d\u017a wi\u0119cej pieni\u0119dzy, korzystaj\u0105c z naszego<a href=\"https:\/\/buymodafinilonline.com\/coupons-deals-promo-codes\/\"> kupony obni\u017caj\u0105ce cen\u0119<\/a> , promocje, oferty i rabaty.<\/p>\n<div class=\"su-divider su-divider-style-default\" style=\"margin:10px 0;border-width:3px;border-color:#ffffff00\"><a href=\"#\" style=\"color:#ffffff009\">.<\/a><\/div>\n[\/vc_column]\n<div class=\"su-divider su-divider-style-default\" style=\"margin:10px 0;border-width:3px;border-color:#ffffff00\"><a href=\"#\" style=\"color:#ffffff009\">.<\/a><\/div>\n","protected":false},"excerpt":{"rendered":"<p>Modapro 200 mg jest produkowany przez Cipla Ltd. Jego aktywnym sk\u0142adnikiem jest modafinil. Modapro jest szeroko stosowany jako lek promuj\u0105cy stan czuwania u pacjent\u00f3w ze skrajn\u0105 senno\u015bci\u0105 w ci\u0105gu dnia lub z powodu zaburze\u0144 snu. Jest r\u00f3wnie\u017c u\u017cywany jako produktywno\u015b\u0107 lub wzmacniacz funkcji poznawczych. Kup ten lek w naszej e-aptece w najni\u017cszej cenie. Oferujemy r\u00f3wnie\u017c bezp\u0142atne pr\u00f3bki pr\u00f3bne modafinilu i armodafinilu. Nasza wysy\u0142ka jest w 100% gwarantowana.<\/p>\n[sc name=\"s1\"]\n","protected":false},"featured_media":398177,"comment_status":"open","ping_status":"closed","template":"","meta":{"_acf_changed":false},"product_brand":[],"product_cat":[4045],"product_tag":[4051],"class_list":{"0":"post-408887","1":"product","2":"type-product","3":"status-publish","4":"has-post-thumbnail","6":"product_cat-marki-inteligentnych-lekow","7":"product_tag-modafinil-pl","9":"first","10":"instock","11":"sale","12":"shipping-taxable","13":"purchasable","14":"product-type-variable","15":"has-default-attributes"},"acf":[],"yoast_head":"<!-- This site is optimized with the Yoast SEO Premium plugin v23.6 (Yoast SEO v27.3) - https:\/\/yoast.com\/product\/yoast-seo-premium-wordpress\/ -->\n<title>Kup tanie leki Modapro 200 MG (Modafinil) OTC - Kup ModafinilOnline<\/title>\n<meta name=\"description\" content=\"Kup tabletki Modapro 200 mg przez Internet od producenta Cipla. Kup Modapro 200 mg (modafinil) w najlepszej cenie w aptece BuyModafinilOnline. P\u0142a\u0107 Bitcoinem i otrzymaj gwarantowane 23% zni\u017cki!\" \/>\n<meta name=\"robots\" content=\"index, follow, max-snippet:-1, max-image-preview:large, max-video-preview:-1\" \/>\n<link rel=\"canonical\" href=\"https:\/\/buymodafinilonline.com\/pl\/pigulki-madrosci\/modapro-200-mg\/\" \/>\n<meta property=\"og:locale\" content=\"pl_PL\" \/>\n<meta property=\"og:type\" content=\"article\" \/>\n<meta property=\"og:title\" content=\"Modapro 200 MG\" \/>\n<meta property=\"og:description\" content=\"Kup tabletki Modapro 200 mg przez Internet od producenta Cipla. Kup Modapro 200 mg (modafinil) w najlepszej cenie w aptece BuyModafinilOnline. P\u0142a\u0107 Bitcoinem i otrzymaj gwarantowane 23% zni\u017cki!\" \/>\n<meta property=\"og:url\" content=\"https:\/\/buymodafinilonline.com\/pl\/pigulki-madrosci\/modapro-200-mg\/\" \/>\n<meta property=\"og:site_name\" content=\"BuyModafinilOnline.com\" \/>\n<meta property=\"article:modified_time\" content=\"2025-05-11T14:30:14+00:00\" \/>\n<meta property=\"og:image\" content=\"https:\/\/buymodafinilonline.com\/wp-content\/uploads\/2020\/04\/bmo-product-modapro-200-mg.png\" \/>\n\t<meta property=\"og:image:width\" content=\"1280\" \/>\n\t<meta property=\"og:image:height\" content=\"1500\" \/>\n\t<meta property=\"og:image:type\" content=\"image\/png\" \/>\n<meta name=\"twitter:label1\" content=\"Szacowany czas czytania\" \/>\n\t<meta name=\"twitter:data1\" content=\"5 minut\" \/>\n<script type=\"application\/ld+json\" class=\"yoast-schema-graph\">{\"@context\":\"https:\\\/\\\/schema.org\",\"@graph\":[{\"@type\":\"WebPage\",\"@id\":\"https:\\\/\\\/buymodafinilonline.com\\\/pl\\\/pigulki-madrosci\\\/modapro-200-mg\\\/\",\"url\":\"https:\\\/\\\/buymodafinilonline.com\\\/pl\\\/pigulki-madrosci\\\/modapro-200-mg\\\/\",\"name\":\"Kup tanie leki Modapro 200 MG (Modafinil) OTC - Kup ModafinilOnline\",\"isPartOf\":{\"@id\":\"https:\\\/\\\/buymodafinilonline.com\\\/pl\\\/#website\"},\"primaryImageOfPage\":{\"@id\":\"https:\\\/\\\/buymodafinilonline.com\\\/pl\\\/pigulki-madrosci\\\/modapro-200-mg\\\/#primaryimage\"},\"image\":{\"@id\":\"https:\\\/\\\/buymodafinilonline.com\\\/pl\\\/pigulki-madrosci\\\/modapro-200-mg\\\/#primaryimage\"},\"thumbnailUrl\":\"https:\\\/\\\/buymodafinilonline.com\\\/wp-content\\\/uploads\\\/2020\\\/04\\\/bmo-product-modapro-200-mg.png\",\"datePublished\":\"2020-11-08T16:18:23+00:00\",\"dateModified\":\"2025-05-11T14:30:14+00:00\",\"description\":\"Kup tabletki Modapro 200 mg przez Internet od producenta Cipla. Kup Modapro 200 mg (modafinil) w najlepszej cenie w aptece BuyModafinilOnline. P\u0142a\u0107 Bitcoinem i otrzymaj gwarantowane 23% zni\u017cki!\",\"breadcrumb\":{\"@id\":\"https:\\\/\\\/buymodafinilonline.com\\\/pl\\\/pigulki-madrosci\\\/modapro-200-mg\\\/#breadcrumb\"},\"inLanguage\":\"pl-PL\",\"potentialAction\":[{\"@type\":\"ReadAction\",\"target\":[\"https:\\\/\\\/buymodafinilonline.com\\\/pl\\\/pigulki-madrosci\\\/modapro-200-mg\\\/\"]}]},{\"@type\":\"ImageObject\",\"inLanguage\":\"pl-PL\",\"@id\":\"https:\\\/\\\/buymodafinilonline.com\\\/pl\\\/pigulki-madrosci\\\/modapro-200-mg\\\/#primaryimage\",\"url\":\"https:\\\/\\\/buymodafinilonline.com\\\/wp-content\\\/uploads\\\/2020\\\/04\\\/bmo-product-modapro-200-mg.png\",\"contentUrl\":\"https:\\\/\\\/buymodafinilonline.com\\\/wp-content\\\/uploads\\\/2020\\\/04\\\/bmo-product-modapro-200-mg.png\",\"width\":1280,\"height\":1500,\"caption\":\"Modapro 200 mg\"},{\"@type\":\"BreadcrumbList\",\"@id\":\"https:\\\/\\\/buymodafinilonline.com\\\/pl\\\/pigulki-madrosci\\\/modapro-200-mg\\\/#breadcrumb\",\"itemListElement\":[{\"@type\":\"ListItem\",\"position\":1,\"name\":\"Buy Modafinil Online\",\"item\":\"https:\\\/\\\/buymodafinilonline.com\\\/pl\\\/\"},{\"@type\":\"ListItem\",\"position\":2,\"name\":\"Sklep\",\"item\":\"https:\\\/\\\/buymodafinilonline.com\\\/pl\\\/sklep\\\/\"},{\"@type\":\"ListItem\",\"position\":3,\"name\":\"Marki inteligentnych lek\u00f3w\",\"item\":\"https:\\\/\\\/buymodafinilonline.com\\\/pl\\\/kategoria-produktow\\\/marki-inteligentnych-lekow\\\/\"},{\"@type\":\"ListItem\",\"position\":4,\"name\":\"Modapro 200 MG\"}]},{\"@type\":\"WebSite\",\"@id\":\"https:\\\/\\\/buymodafinilonline.com\\\/pl\\\/#website\",\"url\":\"https:\\\/\\\/buymodafinilonline.com\\\/pl\\\/\",\"name\":\"BuyModafinilOnline.com\",\"description\":\"Modafinil Online Pharmacy\",\"publisher\":{\"@id\":\"https:\\\/\\\/buymodafinilonline.com\\\/pl\\\/#organization\"},\"potentialAction\":[{\"@type\":\"SearchAction\",\"target\":{\"@type\":\"EntryPoint\",\"urlTemplate\":\"https:\\\/\\\/buymodafinilonline.com\\\/pl\\\/?s={search_term_string}\"},\"query-input\":{\"@type\":\"PropertyValueSpecification\",\"valueRequired\":true,\"valueName\":\"search_term_string\"}}],\"inLanguage\":\"pl-PL\"},{\"@type\":\"Organization\",\"@id\":\"https:\\\/\\\/buymodafinilonline.com\\\/pl\\\/#organization\",\"name\":\"BuyModafinilOnline\",\"url\":\"https:\\\/\\\/buymodafinilonline.com\\\/pl\\\/\",\"logo\":{\"@type\":\"ImageObject\",\"inLanguage\":\"pl-PL\",\"@id\":\"https:\\\/\\\/buymodafinilonline.com\\\/pl\\\/#\\\/schema\\\/logo\\\/image\\\/\",\"url\":\"https:\\\/\\\/buymodafinilonline.com\\\/wp-content\\\/uploads\\\/2020\\\/04\\\/logo-buy-modafinil-online-yellow.png\",\"contentUrl\":\"https:\\\/\\\/buymodafinilonline.com\\\/wp-content\\\/uploads\\\/2020\\\/04\\\/logo-buy-modafinil-online-yellow.png\",\"width\":200,\"height\":200,\"caption\":\"BuyModafinilOnline\"},\"image\":{\"@id\":\"https:\\\/\\\/buymodafinilonline.com\\\/pl\\\/#\\\/schema\\\/logo\\\/image\\\/\"}}]}<\/script>\n<!-- \/ Yoast SEO Premium plugin. -->","yoast_head_json":{"title":"Kup tanie leki Modapro 200 MG (Modafinil) OTC - Kup ModafinilOnline","description":"Kup tabletki Modapro 200 mg przez Internet od producenta Cipla. Kup Modapro 200 mg (modafinil) w najlepszej cenie w aptece BuyModafinilOnline. P\u0142a\u0107 Bitcoinem i otrzymaj gwarantowane 23% zni\u017cki!","robots":{"index":"index","follow":"follow","max-snippet":"max-snippet:-1","max-image-preview":"max-image-preview:large","max-video-preview":"max-video-preview:-1"},"canonical":"https:\/\/buymodafinilonline.com\/pl\/pigulki-madrosci\/modapro-200-mg\/","og_locale":"pl_PL","og_type":"article","og_title":"Modapro 200 MG","og_description":"Kup tabletki Modapro 200 mg przez Internet od producenta Cipla. Kup Modapro 200 mg (modafinil) w najlepszej cenie w aptece BuyModafinilOnline. P\u0142a\u0107 Bitcoinem i otrzymaj gwarantowane 23% zni\u017cki!","og_url":"https:\/\/buymodafinilonline.com\/pl\/pigulki-madrosci\/modapro-200-mg\/","og_site_name":"BuyModafinilOnline.com","article_modified_time":"2025-05-11T14:30:14+00:00","og_image":[{"width":1280,"height":1500,"url":"https:\/\/buymodafinilonline.com\/wp-content\/uploads\/2020\/04\/bmo-product-modapro-200-mg.png","type":"image\/png"}],"twitter_misc":{"Szacowany czas czytania":"5 minut"},"schema":{"@context":"https:\/\/schema.org","@graph":[{"@type":"WebPage","@id":"https:\/\/buymodafinilonline.com\/pl\/pigulki-madrosci\/modapro-200-mg\/","url":"https:\/\/buymodafinilonline.com\/pl\/pigulki-madrosci\/modapro-200-mg\/","name":"Kup tanie leki Modapro 200 MG (Modafinil) OTC - Kup ModafinilOnline","isPartOf":{"@id":"https:\/\/buymodafinilonline.com\/pl\/#website"},"primaryImageOfPage":{"@id":"https:\/\/buymodafinilonline.com\/pl\/pigulki-madrosci\/modapro-200-mg\/#primaryimage"},"image":{"@id":"https:\/\/buymodafinilonline.com\/pl\/pigulki-madrosci\/modapro-200-mg\/#primaryimage"},"thumbnailUrl":"https:\/\/buymodafinilonline.com\/wp-content\/uploads\/2020\/04\/bmo-product-modapro-200-mg.png","datePublished":"2020-11-08T16:18:23+00:00","dateModified":"2025-05-11T14:30:14+00:00","description":"Kup tabletki Modapro 200 mg przez Internet od producenta Cipla. Kup Modapro 200 mg (modafinil) w najlepszej cenie w aptece BuyModafinilOnline. P\u0142a\u0107 Bitcoinem i otrzymaj gwarantowane 23% zni\u017cki!","breadcrumb":{"@id":"https:\/\/buymodafinilonline.com\/pl\/pigulki-madrosci\/modapro-200-mg\/#breadcrumb"},"inLanguage":"pl-PL","potentialAction":[{"@type":"ReadAction","target":["https:\/\/buymodafinilonline.com\/pl\/pigulki-madrosci\/modapro-200-mg\/"]}]},{"@type":"ImageObject","inLanguage":"pl-PL","@id":"https:\/\/buymodafinilonline.com\/pl\/pigulki-madrosci\/modapro-200-mg\/#primaryimage","url":"https:\/\/buymodafinilonline.com\/wp-content\/uploads\/2020\/04\/bmo-product-modapro-200-mg.png","contentUrl":"https:\/\/buymodafinilonline.com\/wp-content\/uploads\/2020\/04\/bmo-product-modapro-200-mg.png","width":1280,"height":1500,"caption":"Modapro 200 mg"},{"@type":"BreadcrumbList","@id":"https:\/\/buymodafinilonline.com\/pl\/pigulki-madrosci\/modapro-200-mg\/#breadcrumb","itemListElement":[{"@type":"ListItem","position":1,"name":"Buy Modafinil Online","item":"https:\/\/buymodafinilonline.com\/pl\/"},{"@type":"ListItem","position":2,"name":"Sklep","item":"https:\/\/buymodafinilonline.com\/pl\/sklep\/"},{"@type":"ListItem","position":3,"name":"Marki inteligentnych lek\u00f3w","item":"https:\/\/buymodafinilonline.com\/pl\/kategoria-produktow\/marki-inteligentnych-lekow\/"},{"@type":"ListItem","position":4,"name":"Modapro 200 MG"}]},{"@type":"WebSite","@id":"https:\/\/buymodafinilonline.com\/pl\/#website","url":"https:\/\/buymodafinilonline.com\/pl\/","name":"BuyModafinilOnline.com","description":"Modafinil Online Pharmacy","publisher":{"@id":"https:\/\/buymodafinilonline.com\/pl\/#organization"},"potentialAction":[{"@type":"SearchAction","target":{"@type":"EntryPoint","urlTemplate":"https:\/\/buymodafinilonline.com\/pl\/?s={search_term_string}"},"query-input":{"@type":"PropertyValueSpecification","valueRequired":true,"valueName":"search_term_string"}}],"inLanguage":"pl-PL"},{"@type":"Organization","@id":"https:\/\/buymodafinilonline.com\/pl\/#organization","name":"BuyModafinilOnline","url":"https:\/\/buymodafinilonline.com\/pl\/","logo":{"@type":"ImageObject","inLanguage":"pl-PL","@id":"https:\/\/buymodafinilonline.com\/pl\/#\/schema\/logo\/image\/","url":"https:\/\/buymodafinilonline.com\/wp-content\/uploads\/2020\/04\/logo-buy-modafinil-online-yellow.png","contentUrl":"https:\/\/buymodafinilonline.com\/wp-content\/uploads\/2020\/04\/logo-buy-modafinil-online-yellow.png","width":200,"height":200,"caption":"BuyModafinilOnline"},"image":{"@id":"https:\/\/buymodafinilonline.com\/pl\/#\/schema\/logo\/image\/"}}]}},"_links":{"self":[{"href":"https:\/\/buymodafinilonline.com\/pl\/wp-json\/wp\/v2\/product\/408887","targetHints":{"allow":["GET"]}}],"collection":[{"href":"https:\/\/buymodafinilonline.com\/pl\/wp-json\/wp\/v2\/product"}],"about":[{"href":"https:\/\/buymodafinilonline.com\/pl\/wp-json\/wp\/v2\/types\/product"}],"replies":[{"embeddable":true,"href":"https:\/\/buymodafinilonline.com\/pl\/wp-json\/wp\/v2\/comments?post=408887"}],"wp:featuredmedia":[{"embeddable":true,"href":"https:\/\/buymodafinilonline.com\/pl\/wp-json\/wp\/v2\/media\/398177"}],"wp:attachment":[{"href":"https:\/\/buymodafinilonline.com\/pl\/wp-json\/wp\/v2\/media?parent=408887"}],"wp:term":[{"taxonomy":"product_brand","embeddable":true,"href":"https:\/\/buymodafinilonline.com\/pl\/wp-json\/wp\/v2\/product_brand?post=408887"},{"taxonomy":"product_cat","embeddable":true,"href":"https:\/\/buymodafinilonline.com\/pl\/wp-json\/wp\/v2\/product_cat?post=408887"},{"taxonomy":"product_tag","embeddable":true,"href":"https:\/\/buymodafinilonline.com\/pl\/wp-json\/wp\/v2\/product_tag?post=408887"}],"curies":[{"name":"wp","href":"https:\/\/api.w.org\/{rel}","templated":true}]}}