{"id":408899,"date":"2020-04-18T19:44:43","date_gmt":"2020-11-08T16:18:25","guid":{"rendered":"https:\/\/buymodafinilonline.com\/smart-drugs\/provake-200-mg\/"},"modified":"2025-05-11T15:31:30","modified_gmt":"2025-05-11T14:31:30","slug":"provake-200-mg","status":"publish","type":"product","link":"https:\/\/buymodafinilonline.com\/pl\/pigulki-madrosci\/provake-200-mg\/","title":{"rendered":"Provake 200 MG"},"content":{"rendered":"[vc_column width=&#8221;1\/2&#8243;]\n<div class=\"su-divider su-divider-style-default\" style=\"margin:10px 0;border-width:3px;border-color:#ffffff00\"><a href=\"#\" style=\"color:#ffffff009\">.<\/a><\/div>\n<h2>Co to jest Provake 200 mg?<\/h2>\n<div class=\"su-divider su-divider-style-default\" style=\"margin:10px 0;border-width:3px;border-color:#ffffff00\"><a href=\"#\" style=\"color:#ffffff009\">.<\/a><\/div>\nTen lek jest silnym lekarstwem na r\u00f3\u017cne schorzenia. Przede wszystkim jest zatwierdzony do leczenia zaburze\u0144 snu spowodowanych zespo\u0142em obturacyjnego bezdechu sennego \/ hipopnea (OSAHS), narkolepsji i zaburze\u0144 snu zwi\u0105zanych z prac\u0105 zmianow\u0105 (SWSD).<\/p>\n<p>Recepta pozarejestracyjna obejmuje leczenie zespo\u0142u nadpobudliwo\u015bci psychoruchowej z deficytem uwagi (ADHD \/ ADD), zaburze\u0144 poznawczych, zwi\u0105zanego z wiekiem pogorszenia pami\u0119ci, choroby Parkinsona, stwardnienia rozsianego, depresji i zespo\u0142u chronicznego zm\u0119czenia oraz innych schorze\u0144.<\/p>\n<p>Zdrowe osoby u\u017cywaj\u0105 tego typu lek\u00f3w jako wzmacniacza funkcji poznawczych i zwi\u0119kszenia produktywno\u015bci. Ta mo\u017cliwo\u015b\u0107 wynika z tego, jak Provake wp\u0142ywa na funkcjonowanie m\u00f3zgu. Jej mechanizm przywraca normalny cykl snu, poniewa\u017c moduluje poziom przeka\u017anik\u00f3w chemicznych w m\u00f3zgu poprzez hamowanie wychwytu zwrotnego dopaminy i zwi\u0119kszanie jej poziomu w m\u00f3zgu.<\/p>\n<p>Zwi\u0119ksza r\u00f3wnie\u017c poziom neurotransmiter\u00f3w histaminy i oreksyny oraz dzia\u0142a pobudzaj\u0105co, aby zmniejszy\u0107 skrajn\u0105 senno\u015b\u0107. Podnosz\u0105c poziom dopaminy, nagradza si\u0119 innymi efektami, kt\u00f3re powoduj\u0105 popraw\u0119 funkcji poznawczych, energii, pami\u0119ci i innych korzy\u015bci.<\/p>\n<div class=\"su-divider su-divider-style-default\" style=\"margin:10px 0;border-width:3px;border-color:#ffffff00\"><a href=\"#\" style=\"color:#ffffff009\">.<\/a><\/div>\n<h2><strong>Bezpieczne dawkowanie i w\u0142a\u015bciwe stosowanie<\/strong><\/h2>\n<div class=\"su-divider su-divider-style-default\" style=\"margin:10px 0;border-width:3px;border-color:#ffffff00\"><a href=\"#\" style=\"color:#ffffff009\">.<\/a><\/div>\nZalecana moc dawki modafinilu to tabletka Provake 200 mg. Przed za\u017cyciem skonsultuj si\u0119 ze specjalist\u0105 medycznym, aby oceni\u0107 swoje zdrowie pod k\u0105tem mo\u017cliwych schorze\u0144, kt\u00f3re mog\u0105 mie\u0107 wp\u0142yw na stosowanie tego leku.<\/p>\n<p>W zale\u017cno\u015bci od celu stosowania przyjmowa\u0107 zgodnie z zaleceniami i nie przedawkowa\u0107. Je\u015bli zdejmujesz to z etykiety, rozwa\u017c korzy\u015bci i ryzyko. Lekarz powinien ustali\u0107, czy jest to dla Ciebie najlepsze, i konieczne jest prowadzenie dobrego stylu \u017cycia, aby Provake dzia\u0142a\u0142 efektywnie bez wp\u0142ywu na zdrowie.<\/p>\n<div class=\"su-divider su-divider-style-default\" style=\"margin:10px 0;border-width:3px;border-color:#ffffff00\"><a href=\"#\" style=\"color:#ffffff009\">.<\/a><\/div>\n<h2><strong>Mo\u017cliwe dzia\u0142ania niepo\u017c\u0105dane<\/strong><\/h2>\n<div class=\"su-divider su-divider-style-default\" style=\"margin:10px 0;border-width:3px;border-color:#ffffff00\"><a href=\"#\" style=\"color:#ffffff009\">.<\/a><\/div>\nNegatywne efekty mog\u0105 wyst\u0105pi\u0107 przy stosowaniu Provake 200 mg. Zdrowi ludzie nie do\u015bwiadczaj\u0105 \u017cadnych powa\u017cnych skutk\u00f3w ubocznych. Je\u015bli kt\u00f3ry\u015b z nich istnieje, mo\u017ce by\u0107 kr\u00f3tkotrwa\u0142y.<\/p>\n<p>Powszechny negatywny efekt obejmuje:<\/p>\n<div class=\"su-divider su-divider-style-default\" style=\"margin:10px 0;border-width:3px;border-color:#ffffff00\"><a href=\"#\" style=\"color:#ffffff009\">.<\/a><\/div>\n<ul>\n<li>b\u00f3le g\u0142owy, zawroty g\u0142owy;<\/li>\n<li>b\u00f3l plec\u00f3w;<\/li>\n<li>nudno\u015bci, rozstr\u00f3j \u017co\u0142\u0105dka, biegunka;<\/li>\n<li>problemy ze snem;<\/li>\n<li>uczucie nerwowo\u015bci lub l\u0119ku;<\/li>\n<li>zatkany nos.<\/li>\n<\/ul>\n<div class=\"su-divider su-divider-style-default\" style=\"margin:10px 0;border-width:3px;border-color:#ffffff00\"><a href=\"#\" style=\"color:#ffffff009\">.<\/a><\/div>\nRzadkie, ale powa\u017cniejsze skutki uboczne obejmuj\u0105:<\/p>\n<div class=\"su-divider su-divider-style-default\" style=\"margin:10px 0;border-width:3px;border-color:#ffffff00\"><a href=\"#\" style=\"color:#ffffff009\">.<\/a><\/div>\n<ul>\n<li>nadwra\u017cliwo\u015b\u0107;<\/li>\n<li>gor\u0105czka i dreszcze;<\/li>\n<li>b\u00f3l w klatce piersiowej;<\/li>\n<li>dezorientacja;<\/li>\n<li>niezwyk\u0142e zmiany nastroju lub zachowania;<\/li>\n<li>niezwyk\u0142e zm\u0119czenie i os\u0142abienie;<\/li>\n<li>Zesp\u00f3\u0142 Stevensa-Johnsona i inne.<\/li>\n<\/ul>\n<div class=\"su-divider su-divider-style-default\" style=\"margin:10px 0;border-width:3px;border-color:#ffffff00\"><a href=\"#\" style=\"color:#ffffff009\">.<\/a><\/div>\nTo nie jest pe\u0142na lista mo\u017cliwych negatywnych skutk\u00f3w.<br \/>\n[\/vc_column][vc_column width=&#8221;1\/2&#8243;]\n<div class=\"su-divider su-divider-style-default\" style=\"margin:10px 0;border-width:3px;border-color:#ffffff00\"><a href=\"#\" style=\"color:#ffffff009\">.<\/a><\/div>\nMo\u017ce r\u00f3wnie\u017c powodowa\u0107 senno\u015b\u0107 i zawroty g\u0142owy, wi\u0119c nie prowad\u017a pojazd\u00f3w ani nie r\u00f3b niczego, co wymaga skupienia i uwagi psychicznej, dop\u00f3ki dzia\u0142anie Provake 200 mg na organizm nie zniknie. Je\u015bli odczuwasz my\u015bli samob\u00f3jcze, now\u0105 lub pog\u0142\u0119biaj\u0105c\u0105 si\u0119 depresj\u0119 i je\u015bli te dzia\u0142ania niepo\u017c\u0105dane wyst\u0105pi\u0105 i przeszkadzaj\u0105 lub nie ust\u0119puj\u0105 lub nie ust\u0119puj\u0105 nawet po zaprzestaniu leczenia, skonsultuj si\u0119 ze swoim lekarzem w celu uzyskania pomocy.<\/p>\n<div class=\"su-divider su-divider-style-default\" style=\"margin:10px 0;border-width:3px;border-color:#ffffff00\"><a href=\"#\" style=\"color:#ffffff009\">.<\/a><\/div>\n<h2><strong>Przeciwwskazania i \u015brodki ostro\u017cno\u015bci<\/strong><\/h2>\n<div class=\"su-divider su-divider-style-default\" style=\"margin:10px 0;border-width:3px;border-color:#ffffff00\"><a href=\"#\" style=\"color:#ffffff009\">.<\/a><\/div>\nOcena twojego zdrowia i poinformowanie lekarza o lekach, kt\u00f3rych u\u017cywasz, jest bardzo wa\u017cne. Ten lek jest bardzo bezpieczny, je\u015bli jest przyjmowany bez mieszania z innymi lekami. Zaleca si\u0119 przekazanie lekarzowi pe\u0142nej listy lek\u00f3w (na recept\u0119 \/ bez recepty) lub produkt\u00f3w zio\u0142owych, kt\u00f3rych u\u017cywasz.<\/p>\n<p>Lek Provake 200 mg nie jest zalecany do stosowania u os\u00f3b ze stwierdzon\u0105 alergi\u0105<a href=\"https:\/\/buymodafinilonline.com\/pl\/prawda-o-modafinilu\/\"> modafinil<\/a> lub jakikolwiek produkt eugeroiczny. Kobietom w ci\u0105\u017cy i matkom karmi\u0105cym nie zaleca si\u0119 stosowania produktu nootropowego. Je\u015bli konieczne jest om\u00f3wienie z lekarzem mo\u017cliwych zagro\u017ce\u0144 i korzy\u015bci przed przyj\u0119ciem \u201einteligentnego leku\u201d Provake.<\/p>\n<p>Nie zaleca si\u0119 mieszania go z alkoholem. Mo\u017ce zwi\u0119ksza\u0107 ryzyko senno\u015bci, zawrot\u00f3w g\u0142owy i zaburze\u0144 oceny, mi\u0119dzy innymi bezprecedensowymi negatywnymi skutkami.<\/p>\n<p>Mo\u017cliwe interakcje z innymi lekami obejmuj\u0105 substraty CYP3A4 \/ 5 i CYP2C19, warfaryn\u0119, leki antykoncepcyjne, inhibitory MAO, \u015brodki pobudzaj\u0105ce OUN i inne.<\/p>\n<p>Co najwa\u017cniejsze, przed przyj\u0119ciem leku Provake nootropic poinformuj swojego lekarza specjalist\u0119 o swoich chorobach, w tym o chorobach nerek, w\u0105troby, serca lub historii napad\u00f3w drgawkowych. Provake dobrze wsp\u00f3\u0142gra z jedzeniem, ale niekt\u00f3re pokarmy mog\u0105 op\u00f3\u017ania\u0107 jego dzia\u0142anie.<\/p>\n<div class=\"su-divider su-divider-style-default\" style=\"margin:10px 0;border-width:3px;border-color:#ffffff00\"><a href=\"#\" style=\"color:#ffffff009\">.<\/a><\/div>\n<h2><strong>Kup Generic Provake 200mg (Modafinil) Online<\/strong><\/h2>\n<div class=\"su-divider su-divider-style-default\" style=\"margin:10px 0;border-width:3px;border-color:#ffffff00\"><a href=\"#\" style=\"color:#ffffff009\">.<\/a><\/div>\nZachowaj czujno\u015b\u0107 i korzystaj wy\u0142\u0105cznie z legalnej i zaufanej apteki internetowej, kt\u00f3ra pozyskuje leki WY\u0141\u0104CZNIE od zatwierdzonych producent\u00f3w. Zaufanie i jako\u015b\u0107 lek\u00f3w oferowanych przez e-apteki obrazuj\u0105 recenzje online &#8211; zw\u0142aszcza na Trustpilot i Yotpo. KupModafinilOnline to najlepsza apteka internetowa z modafinilem, pomagaj\u0105ca kupuj\u0105cym bezpiecznie<a href=\"https:\/\/buymodafinilonline.com\/smart-drugs-brands\/\"> uzyska\u0107 wysokiej jako\u015bci eugeroiki<\/a> pochodzi od zatwierdzonych producent\u00f3w. Oferujemy r\u00f3wnie\u017c bezp\u0142atny armodafinil i modafinil<a href=\"https:\/\/buymodafinilonline.com\/free-trial\/\"> pr\u00f3bki pr\u00f3bne<\/a> i inne \u201einteligentne narkotyki\u201d, jak<a href=\"https:\/\/buymodafinilonline.com\/pl\/pigulki-madrosci\/modvigil-200-mg\/\"> Modvigil<\/a> ,<a href=\"https:\/\/buymodafinilonline.com\/pl\/pigulki-madrosci\/artvigil-150-mg\/\"> Artvigil<\/a> ,<a href=\"https:\/\/buymodafinilonline.com\/pl\/pigulki-madrosci\/waklert-150-mg-tabletki\/\"> Waklert<\/a> itp.<\/p>\n<p>Oferujemy<a href=\"https:\/\/buymodafinilonline.com\/pl\/najlepszy-dostawca-w-polsce\/\"> Darmowa dostawa<\/a> przy wszystkich zam\u00f3wieniach powy\u017cej 80 USD za przesy\u0142k\u0119 polecon\u0105 poczt\u0105 lotnicz\u0105 lub powy\u017cej 150 USD za us\u0142ug\u0119 Express Mail Service. W przypadku nieudanej dostawy oferujemy<a href=\"https:\/\/buymodafinilonline.com\/refund-reshipment\/\"> 100% zwrotu lub bezp\u0142atna wysy\u0142ka<\/a> .<\/p>\n<p>Uzyskaj <a href=\"https:\/\/buymodafinilonline.com\/pl\/zaplac-bitcoinami-a-dostaniesz-33-rabatu\/\">23% zni\u017cki p\u0142ac\u0105c Bitcoinem<\/a>, akceptujemy PayPal, Visa, MasterCard. Mo\u017cesz tak\u017ce skorzysta\u0107 z r\u00f3\u017cnych kupon\u00f3w, aby zaoszcz\u0119dzi\u0107 wi\u0119cej pieni\u0119dzy: BMO &#8211; WSZYSTKO, CO CHCESZ 10 za 10 $ zni\u017cki na dowolne zam\u00f3wienie, wi\u0119cej kupon\u00f3w, kt\u00f3re mo\u017cesz sprawdzi\u0107 \u201d<a href=\"https:\/\/buymodafinilonline.com\/coupons-deals-promo-codes\/\"> Nasze kupony do aptek bezpo\u015brednich nigdy nie wygasaj\u0105<\/a> \u201d.<\/p>\n<p>Nasza jako\u015b\u0107 obs\u0142ugi klienta, tanie \u201einteligentne\u201d ceny lek\u00f3w, doskona\u0142e opcje p\u0142atno\u015bci, kupony i wyprzeda\u017ce oraz ultraszybka wysy\u0142ka sprawi\u0142y, \u017ce jeste\u015bmy najbardziej renomowan\u0105 aptek\u0105 internetow\u0105.<\/p>\n<div class=\"su-divider su-divider-style-default\" style=\"margin:10px 0;border-width:3px;border-color:#ffffff00\"><a href=\"#\" style=\"color:#ffffff009\">.<\/a><\/div>\n[\/vc_column]\n<div class=\"su-divider su-divider-style-default\" style=\"margin:10px 0;border-width:3px;border-color:#ffffff00\"><a href=\"#\" style=\"color:#ffffff009\">.<\/a><\/div>\n","protected":false},"excerpt":{"rendered":"<p>Provake 200 mg firmy Ranbaxy Laboratories Ltd (z Indii) to lek na recept\u0119 zawieraj\u0105cy modafinil jako substancj\u0119 czynn\u0105. S\u0142u\u017cy do promowania czuwania u os\u00f3b do\u015bwiadczaj\u0105cych zaburze\u0144 snu w ci\u0105gu dnia lub w pracy, aby nie zasn\u0105\u0107. Jest r\u00f3wnie\u017c u\u017cywany poza wskazaniami jako wzmacniacz funkcji poznawczych i zwi\u0119kszaj\u0105cy produktywno\u015b\u0107. Kup ten lek w naszej e-aptece i ciesz si\u0119 najni\u017csz\u0105 cen\u0105 i bezp\u0142atn\u0105 wysy\u0142k\u0105 przy zam\u00f3wieniach powy\u017cej 80 USD i 150 USD.<\/p>\n[sc name=\"s1\"]\n","protected":false},"featured_media":398212,"comment_status":"open","ping_status":"closed","template":"","meta":{"_acf_changed":false},"product_brand":[],"product_cat":[4045],"product_tag":[4051],"class_list":{"0":"post-408899","1":"product","2":"type-product","3":"status-publish","4":"has-post-thumbnail","6":"product_cat-marki-inteligentnych-lekow","7":"product_tag-modafinil-pl","9":"first","10":"instock","11":"sale","12":"shipping-taxable","13":"purchasable","14":"product-type-variable","15":"has-default-attributes"},"acf":[],"yoast_head":"<!-- This site is optimized with the Yoast SEO Premium plugin v23.6 (Yoast SEO v27.3) - https:\/\/yoast.com\/product\/yoast-seo-premium-wordpress\/ -->\n<title>Kup tabletki Provake 200 MG (Modafinil) w niskiej cenie - Kup ModafinilOnline<\/title>\n<meta name=\"description\" content=\"Kup online leki Provake 200 mg od producenta Ranbaxy Laboratories Ltd. Kup tanio Provake 200 mg (modafinil) z Indii w aptece BuyModafinilOnline. 100% gwarancja dostawy i dyskretne opakowanie.\" \/>\n<meta name=\"robots\" content=\"index, follow, max-snippet:-1, max-image-preview:large, max-video-preview:-1\" \/>\n<link rel=\"canonical\" href=\"https:\/\/buymodafinilonline.com\/pl\/pigulki-madrosci\/provake-200-mg\/\" \/>\n<meta property=\"og:locale\" content=\"pl_PL\" \/>\n<meta property=\"og:type\" content=\"article\" \/>\n<meta property=\"og:title\" content=\"Provake 200 MG\" \/>\n<meta property=\"og:description\" content=\"Kup online leki Provake 200 mg od producenta Ranbaxy Laboratories Ltd. Kup tanio Provake 200 mg (modafinil) z Indii w aptece BuyModafinilOnline. 100% gwarancja dostawy i dyskretne opakowanie.\" \/>\n<meta property=\"og:url\" content=\"https:\/\/buymodafinilonline.com\/pl\/pigulki-madrosci\/provake-200-mg\/\" \/>\n<meta property=\"og:site_name\" content=\"BuyModafinilOnline.com\" \/>\n<meta property=\"article:modified_time\" content=\"2025-05-11T14:31:30+00:00\" \/>\n<meta property=\"og:image\" content=\"https:\/\/buymodafinilonline.com\/wp-content\/uploads\/2020\/04\/bmo-product-provake-200-mg.png\" \/>\n\t<meta property=\"og:image:width\" content=\"1280\" \/>\n\t<meta property=\"og:image:height\" content=\"1500\" \/>\n\t<meta property=\"og:image:type\" content=\"image\/png\" \/>\n<meta name=\"twitter:label1\" content=\"Szacowany czas czytania\" \/>\n\t<meta name=\"twitter:data1\" content=\"5 minut\" \/>\n<script type=\"application\/ld+json\" class=\"yoast-schema-graph\">{\"@context\":\"https:\\\/\\\/schema.org\",\"@graph\":[{\"@type\":\"WebPage\",\"@id\":\"https:\\\/\\\/buymodafinilonline.com\\\/pl\\\/pigulki-madrosci\\\/provake-200-mg\\\/\",\"url\":\"https:\\\/\\\/buymodafinilonline.com\\\/pl\\\/pigulki-madrosci\\\/provake-200-mg\\\/\",\"name\":\"Kup tabletki Provake 200 MG (Modafinil) w niskiej cenie - Kup ModafinilOnline\",\"isPartOf\":{\"@id\":\"https:\\\/\\\/buymodafinilonline.com\\\/pl\\\/#website\"},\"primaryImageOfPage\":{\"@id\":\"https:\\\/\\\/buymodafinilonline.com\\\/pl\\\/pigulki-madrosci\\\/provake-200-mg\\\/#primaryimage\"},\"image\":{\"@id\":\"https:\\\/\\\/buymodafinilonline.com\\\/pl\\\/pigulki-madrosci\\\/provake-200-mg\\\/#primaryimage\"},\"thumbnailUrl\":\"https:\\\/\\\/buymodafinilonline.com\\\/wp-content\\\/uploads\\\/2020\\\/04\\\/bmo-product-provake-200-mg.png\",\"datePublished\":\"2020-11-08T16:18:25+00:00\",\"dateModified\":\"2025-05-11T14:31:30+00:00\",\"description\":\"Kup online leki Provake 200 mg od producenta Ranbaxy Laboratories Ltd. Kup tanio Provake 200 mg (modafinil) z Indii w aptece BuyModafinilOnline. 100% gwarancja dostawy i dyskretne opakowanie.\",\"breadcrumb\":{\"@id\":\"https:\\\/\\\/buymodafinilonline.com\\\/pl\\\/pigulki-madrosci\\\/provake-200-mg\\\/#breadcrumb\"},\"inLanguage\":\"pl-PL\",\"potentialAction\":[{\"@type\":\"ReadAction\",\"target\":[\"https:\\\/\\\/buymodafinilonline.com\\\/pl\\\/pigulki-madrosci\\\/provake-200-mg\\\/\"]}]},{\"@type\":\"ImageObject\",\"inLanguage\":\"pl-PL\",\"@id\":\"https:\\\/\\\/buymodafinilonline.com\\\/pl\\\/pigulki-madrosci\\\/provake-200-mg\\\/#primaryimage\",\"url\":\"https:\\\/\\\/buymodafinilonline.com\\\/wp-content\\\/uploads\\\/2020\\\/04\\\/bmo-product-provake-200-mg.png\",\"contentUrl\":\"https:\\\/\\\/buymodafinilonline.com\\\/wp-content\\\/uploads\\\/2020\\\/04\\\/bmo-product-provake-200-mg.png\",\"width\":1280,\"height\":1500,\"caption\":\"Prowake 200 mg\"},{\"@type\":\"BreadcrumbList\",\"@id\":\"https:\\\/\\\/buymodafinilonline.com\\\/pl\\\/pigulki-madrosci\\\/provake-200-mg\\\/#breadcrumb\",\"itemListElement\":[{\"@type\":\"ListItem\",\"position\":1,\"name\":\"Buy Modafinil Online\",\"item\":\"https:\\\/\\\/buymodafinilonline.com\\\/pl\\\/\"},{\"@type\":\"ListItem\",\"position\":2,\"name\":\"Sklep\",\"item\":\"https:\\\/\\\/buymodafinilonline.com\\\/pl\\\/sklep\\\/\"},{\"@type\":\"ListItem\",\"position\":3,\"name\":\"Marki inteligentnych lek\u00f3w\",\"item\":\"https:\\\/\\\/buymodafinilonline.com\\\/pl\\\/kategoria-produktow\\\/marki-inteligentnych-lekow\\\/\"},{\"@type\":\"ListItem\",\"position\":4,\"name\":\"Provake 200 MG\"}]},{\"@type\":\"WebSite\",\"@id\":\"https:\\\/\\\/buymodafinilonline.com\\\/pl\\\/#website\",\"url\":\"https:\\\/\\\/buymodafinilonline.com\\\/pl\\\/\",\"name\":\"BuyModafinilOnline.com\",\"description\":\"Modafinil Online Pharmacy\",\"publisher\":{\"@id\":\"https:\\\/\\\/buymodafinilonline.com\\\/pl\\\/#organization\"},\"potentialAction\":[{\"@type\":\"SearchAction\",\"target\":{\"@type\":\"EntryPoint\",\"urlTemplate\":\"https:\\\/\\\/buymodafinilonline.com\\\/pl\\\/?s={search_term_string}\"},\"query-input\":{\"@type\":\"PropertyValueSpecification\",\"valueRequired\":true,\"valueName\":\"search_term_string\"}}],\"inLanguage\":\"pl-PL\"},{\"@type\":\"Organization\",\"@id\":\"https:\\\/\\\/buymodafinilonline.com\\\/pl\\\/#organization\",\"name\":\"BuyModafinilOnline\",\"url\":\"https:\\\/\\\/buymodafinilonline.com\\\/pl\\\/\",\"logo\":{\"@type\":\"ImageObject\",\"inLanguage\":\"pl-PL\",\"@id\":\"https:\\\/\\\/buymodafinilonline.com\\\/pl\\\/#\\\/schema\\\/logo\\\/image\\\/\",\"url\":\"https:\\\/\\\/buymodafinilonline.com\\\/wp-content\\\/uploads\\\/2020\\\/04\\\/logo-buy-modafinil-online-yellow.png\",\"contentUrl\":\"https:\\\/\\\/buymodafinilonline.com\\\/wp-content\\\/uploads\\\/2020\\\/04\\\/logo-buy-modafinil-online-yellow.png\",\"width\":200,\"height\":200,\"caption\":\"BuyModafinilOnline\"},\"image\":{\"@id\":\"https:\\\/\\\/buymodafinilonline.com\\\/pl\\\/#\\\/schema\\\/logo\\\/image\\\/\"}}]}<\/script>\n<!-- \/ Yoast SEO Premium plugin. -->","yoast_head_json":{"title":"Kup tabletki Provake 200 MG (Modafinil) w niskiej cenie - Kup ModafinilOnline","description":"Kup online leki Provake 200 mg od producenta Ranbaxy Laboratories Ltd. Kup tanio Provake 200 mg (modafinil) z Indii w aptece BuyModafinilOnline. 100% gwarancja dostawy i dyskretne opakowanie.","robots":{"index":"index","follow":"follow","max-snippet":"max-snippet:-1","max-image-preview":"max-image-preview:large","max-video-preview":"max-video-preview:-1"},"canonical":"https:\/\/buymodafinilonline.com\/pl\/pigulki-madrosci\/provake-200-mg\/","og_locale":"pl_PL","og_type":"article","og_title":"Provake 200 MG","og_description":"Kup online leki Provake 200 mg od producenta Ranbaxy Laboratories Ltd. Kup tanio Provake 200 mg (modafinil) z Indii w aptece BuyModafinilOnline. 100% gwarancja dostawy i dyskretne opakowanie.","og_url":"https:\/\/buymodafinilonline.com\/pl\/pigulki-madrosci\/provake-200-mg\/","og_site_name":"BuyModafinilOnline.com","article_modified_time":"2025-05-11T14:31:30+00:00","og_image":[{"width":1280,"height":1500,"url":"https:\/\/buymodafinilonline.com\/wp-content\/uploads\/2020\/04\/bmo-product-provake-200-mg.png","type":"image\/png"}],"twitter_misc":{"Szacowany czas czytania":"5 minut"},"schema":{"@context":"https:\/\/schema.org","@graph":[{"@type":"WebPage","@id":"https:\/\/buymodafinilonline.com\/pl\/pigulki-madrosci\/provake-200-mg\/","url":"https:\/\/buymodafinilonline.com\/pl\/pigulki-madrosci\/provake-200-mg\/","name":"Kup tabletki Provake 200 MG (Modafinil) w niskiej cenie - Kup ModafinilOnline","isPartOf":{"@id":"https:\/\/buymodafinilonline.com\/pl\/#website"},"primaryImageOfPage":{"@id":"https:\/\/buymodafinilonline.com\/pl\/pigulki-madrosci\/provake-200-mg\/#primaryimage"},"image":{"@id":"https:\/\/buymodafinilonline.com\/pl\/pigulki-madrosci\/provake-200-mg\/#primaryimage"},"thumbnailUrl":"https:\/\/buymodafinilonline.com\/wp-content\/uploads\/2020\/04\/bmo-product-provake-200-mg.png","datePublished":"2020-11-08T16:18:25+00:00","dateModified":"2025-05-11T14:31:30+00:00","description":"Kup online leki Provake 200 mg od producenta Ranbaxy Laboratories Ltd. Kup tanio Provake 200 mg (modafinil) z Indii w aptece BuyModafinilOnline. 100% gwarancja dostawy i dyskretne opakowanie.","breadcrumb":{"@id":"https:\/\/buymodafinilonline.com\/pl\/pigulki-madrosci\/provake-200-mg\/#breadcrumb"},"inLanguage":"pl-PL","potentialAction":[{"@type":"ReadAction","target":["https:\/\/buymodafinilonline.com\/pl\/pigulki-madrosci\/provake-200-mg\/"]}]},{"@type":"ImageObject","inLanguage":"pl-PL","@id":"https:\/\/buymodafinilonline.com\/pl\/pigulki-madrosci\/provake-200-mg\/#primaryimage","url":"https:\/\/buymodafinilonline.com\/wp-content\/uploads\/2020\/04\/bmo-product-provake-200-mg.png","contentUrl":"https:\/\/buymodafinilonline.com\/wp-content\/uploads\/2020\/04\/bmo-product-provake-200-mg.png","width":1280,"height":1500,"caption":"Prowake 200 mg"},{"@type":"BreadcrumbList","@id":"https:\/\/buymodafinilonline.com\/pl\/pigulki-madrosci\/provake-200-mg\/#breadcrumb","itemListElement":[{"@type":"ListItem","position":1,"name":"Buy Modafinil Online","item":"https:\/\/buymodafinilonline.com\/pl\/"},{"@type":"ListItem","position":2,"name":"Sklep","item":"https:\/\/buymodafinilonline.com\/pl\/sklep\/"},{"@type":"ListItem","position":3,"name":"Marki inteligentnych lek\u00f3w","item":"https:\/\/buymodafinilonline.com\/pl\/kategoria-produktow\/marki-inteligentnych-lekow\/"},{"@type":"ListItem","position":4,"name":"Provake 200 MG"}]},{"@type":"WebSite","@id":"https:\/\/buymodafinilonline.com\/pl\/#website","url":"https:\/\/buymodafinilonline.com\/pl\/","name":"BuyModafinilOnline.com","description":"Modafinil Online Pharmacy","publisher":{"@id":"https:\/\/buymodafinilonline.com\/pl\/#organization"},"potentialAction":[{"@type":"SearchAction","target":{"@type":"EntryPoint","urlTemplate":"https:\/\/buymodafinilonline.com\/pl\/?s={search_term_string}"},"query-input":{"@type":"PropertyValueSpecification","valueRequired":true,"valueName":"search_term_string"}}],"inLanguage":"pl-PL"},{"@type":"Organization","@id":"https:\/\/buymodafinilonline.com\/pl\/#organization","name":"BuyModafinilOnline","url":"https:\/\/buymodafinilonline.com\/pl\/","logo":{"@type":"ImageObject","inLanguage":"pl-PL","@id":"https:\/\/buymodafinilonline.com\/pl\/#\/schema\/logo\/image\/","url":"https:\/\/buymodafinilonline.com\/wp-content\/uploads\/2020\/04\/logo-buy-modafinil-online-yellow.png","contentUrl":"https:\/\/buymodafinilonline.com\/wp-content\/uploads\/2020\/04\/logo-buy-modafinil-online-yellow.png","width":200,"height":200,"caption":"BuyModafinilOnline"},"image":{"@id":"https:\/\/buymodafinilonline.com\/pl\/#\/schema\/logo\/image\/"}}]}},"_links":{"self":[{"href":"https:\/\/buymodafinilonline.com\/pl\/wp-json\/wp\/v2\/product\/408899","targetHints":{"allow":["GET"]}}],"collection":[{"href":"https:\/\/buymodafinilonline.com\/pl\/wp-json\/wp\/v2\/product"}],"about":[{"href":"https:\/\/buymodafinilonline.com\/pl\/wp-json\/wp\/v2\/types\/product"}],"replies":[{"embeddable":true,"href":"https:\/\/buymodafinilonline.com\/pl\/wp-json\/wp\/v2\/comments?post=408899"}],"wp:featuredmedia":[{"embeddable":true,"href":"https:\/\/buymodafinilonline.com\/pl\/wp-json\/wp\/v2\/media\/398212"}],"wp:attachment":[{"href":"https:\/\/buymodafinilonline.com\/pl\/wp-json\/wp\/v2\/media?parent=408899"}],"wp:term":[{"taxonomy":"product_brand","embeddable":true,"href":"https:\/\/buymodafinilonline.com\/pl\/wp-json\/wp\/v2\/product_brand?post=408899"},{"taxonomy":"product_cat","embeddable":true,"href":"https:\/\/buymodafinilonline.com\/pl\/wp-json\/wp\/v2\/product_cat?post=408899"},{"taxonomy":"product_tag","embeddable":true,"href":"https:\/\/buymodafinilonline.com\/pl\/wp-json\/wp\/v2\/product_tag?post=408899"}],"curies":[{"name":"wp","href":"https:\/\/api.w.org\/{rel}","templated":true}]}}