{"id":408980,"date":"2020-04-18T19:46:49","date_gmt":"2020-04-18T18:46:49","guid":{"rendered":"https:\/\/buymodafinilonline.com\/smart-drugs\/modfil-200-mg\/"},"modified":"2025-05-11T15:32:16","modified_gmt":"2025-05-11T14:32:16","slug":"modfil-200-mg","status":"publish","type":"product","link":"https:\/\/buymodafinilonline.com\/pl\/pigulki-madrosci\/modfil-200-mg\/","title":{"rendered":"Modfil 200 MG"},"content":{"rendered":"[vc_column width=&#8221;1\/2&#8243;]\n<h2>Co to jest Modfil 200 mg?<\/h2>\n<div class=\"su-divider su-divider-style-default\" style=\"margin:10px 0;border-width:3px;border-color:#ffffff00\"><a href=\"#\" style=\"color:#ffffff009\">.<\/a><\/div>\nModfil 200 mg to lek na recept\u0119 stosowany w celu promowania bezsenno\u015bci u os\u00f3b bezsennych wynikaj\u0105cych z r\u00f3\u017cnych schorze\u0144, w tym zespo\u0142u obturacyjnego bezdechu sennego \/ hipopnea (OSAHS), zespo\u0142u zaburze\u0144 snu zwi\u0105zanych z prac\u0105 zmianow\u0105 (SWSD) i narkolepsji.<\/p>\n<p>Stosowanie poza wskazaniami obejmuje stwardnienie rozsiane, chorob\u0119 Parkinsona, zesp\u00f3\u0142 nadpobudliwo\u015bci psychoruchowej z deficytem uwagi (ADHD), depresj\u0119, zaburzenia funkcji poznawczych i inne metody leczenia.<\/p>\n<p>Poniewa\u017c zawiera<a href=\"https:\/\/buymodafinilonline.com\/pl\/prawda-o-modafinilu\/\"> modafinil<\/a> Mechanizm Modfil przywraca normalny cykl snu, poniewa\u017c moduluje st\u0119\u017cenie przeka\u017anik\u00f3w chemicznych w m\u00f3zgu poprzez hamowanie i zwi\u0119kszanie wychwytu zwrotnego dopaminy, histaminy, oreksyny i dzia\u0142a pobudzaj\u0105co na zmniejszenie skrajnej senno\u015bci. Jednak poza tym znanym mechanizmem dopamina odgrywa inn\u0105 wa\u017cn\u0105 rol\u0119. Dzia\u0142a jak naturalny system nagrody w m\u00f3zgu i podnosi jego poziom.<\/p>\n<p>Z tego powodu Modfil, jak ka\u017cdy inny nootropik, jest szeroko stosowany przez kadr\u0119 kierownicz\u0105 biznesu, astronaut\u00f3w, personel sportowy, student\u00f3w i pracownik\u00f3w, mi\u0119dzy innymi do poprawy zdolno\u015bci do poprawy koncentracji, czujno\u015bci, pami\u0119ci, ostro\u015bci umys\u0142u, aby zasili\u0107 ich w planowanie i podejmowa\u0107 decyzje, mie\u0107 pozytywny wp\u0142yw na nauk\u0119 i kreatywno\u015b\u0107 oraz promowa\u0107 produktywno\u015b\u0107.<\/p>\n<div class=\"su-divider su-divider-style-default\" style=\"margin:10px 0;border-width:3px;border-color:#ffffff00\"><a href=\"#\" style=\"color:#ffffff009\">.<\/a><\/div>\n<h2>Bezpieczne dawkowanie i w\u0142a\u015bciwe stosowanie<\/h2>\n<div class=\"su-divider su-divider-style-default\" style=\"margin:10px 0;border-width:3px;border-color:#ffffff00\"><a href=\"#\" style=\"color:#ffffff009\">.<\/a><\/div>\nBezpiecze\u0144stwo powinno si\u0119 przyda\u0107. Modfil 200 mg to zalecana dawka dobowa mocy. Pozw\u00f3l swojemu lekarzowi oceni\u0107 stan Twojego zdrowia, aby okre\u015bli\u0107, czy ten lek jest dla Ciebie najlepszy, w zale\u017cno\u015bci od wyniku Twojego stanu zdrowia.<\/p>\n<p>Dawkowanie nale\u017cy przyjmowa\u0107 zgodnie z recept\u0105. Nie nale\u017cy przyjmowa\u0107 wi\u0119cej ni\u017c 1 tabletk\u0119 dziennie. Modfil 200mg jest bezpieczny, je\u015bli jest przyjmowany przez zdrowe osoby i we w\u0142a\u015bciwym czasie zgodnie z zaleceniem. Nie przedawkuj.<\/p>\n<p>Je\u015bli u\u017cywasz leku Modfil poza wskazaniami, skonsultuj si\u0119 ze specjalist\u0105 medycznym, aby poda\u0107 odpowiedni\u0105 dawk\u0119 i w\u0142a\u015bciwe u\u017cycie. W zale\u017cno\u015bci od stanu zdrowia konieczne mo\u017ce by\u0107 dostosowanie dawki, np. Je\u015bli zdiagnozowano u Ciebie ci\u0119\u017ckie zaburzenia czynno\u015bci w\u0105troby, nale\u017cy zmniejszy\u0107 dawk\u0119 Modfil 200 mg o po\u0142ow\u0119.<\/p>\n<div class=\"su-divider su-divider-style-default\" style=\"margin:10px 0;border-width:3px;border-color:#ffffff00\"><a href=\"#\" style=\"color:#ffffff009\">.<\/a><\/div>\n<h2><strong>Mo\u017cliwe dzia\u0142ania niepo\u017c\u0105dane<\/strong><\/h2>\n<div class=\"su-divider su-divider-style-default\" style=\"margin:10px 0;border-width:3px;border-color:#ffffff00\"><a href=\"#\" style=\"color:#ffffff009\">.<\/a><\/div>\nModfil 200 mg mo\u017ce powodowa\u0107 pewne negatywne skutki. Jest bezpieczny, je\u015bli jest przyjmowany przez zdrowe osoby bez \u017cadnych komplikacji zdrowotnych i przy przestrzeganiu dawkowania. Post\u0119puj zgodnie z instrukcjami podanymi na ulotce leku, aby do\u015bwiadczy\u0107 optymalnych efekt\u00f3w tego leku bez powa\u017cnych negatywnych skutk\u00f3w.<\/p>\n<p>Niekt\u00f3re skutki uboczne nie s\u0105 powa\u017cne i kr\u00f3tkotrwa\u0142e. Typowe negatywne skutki obejmuj\u0105 b\u00f3le g\u0142owy, zawroty g\u0142owy, b\u00f3le plec\u00f3w, nudno\u015bci, rozstr\u00f3j \u017co\u0142\u0105dka, biegunk\u0119, problemy ze snem, uczucie niepokoju lub nerwowo\u015bci, zatkany nos.<\/p>\n<p>Rzadkie, ale powa\u017cniejsze negatywne skutki obejmuj\u0105 nadwra\u017cliwo\u015b\u0107, gor\u0105czk\u0119 i dreszcze, b\u00f3l w klatce piersiowej, spl\u0105tanie, niezwyk\u0142e zm\u0119czenie i os\u0142abienie, zesp\u00f3\u0142 Stevensa-Johnsona i inne.<\/p>\n<p>To nie jest pe\u0142na lista. Mo\u017ce r\u00f3wnie\u017c powodowa\u0107 senno\u015b\u0107 i zawroty g\u0142owy, wi\u0119c nie prowad\u017a pojazd\u00f3w ani nie r\u00f3b niczego, co wymaga skupienia i uwagi, dop\u00f3ki dzia\u0142anie leku nie ust\u0105pi. Poinformuj lekarza, je\u015bli wyst\u0105pi\u0105 jakiekolwiek nietypowe zmiany nastroju lub zachowania oraz czy masz my\u015bli samob\u00f3jcze, now\u0105 lub pog\u0142\u0119biaj\u0105c\u0105 si\u0119 depresj\u0119.<\/p>\n[\/vc_column][vc_column width=&#8221;1\/2&#8243;]\n<div class=\"su-divider su-divider-style-default\" style=\"margin:10px 0;border-width:3px;border-color:#ffffff00\"><a href=\"#\" style=\"color:#ffffff009\">.<\/a><\/div>\n<h2>Przeciwwskazania i \u015brodki ostro\u017cno\u015bci<\/h2>\n<div class=\"su-divider su-divider-style-default\" style=\"margin:10px 0;border-width:3px;border-color:#ffffff00\"><a href=\"#\" style=\"color:#ffffff009\">.<\/a><\/div>\nModfil 200 mg jest bezpieczny i dobrze tolerowany, je\u015bli jest stosowany przez zdrowe osoby i bez mieszania z innymi lekami.<\/p>\n<p>Je\u015bli u\u017cywasz innych lek\u00f3w, zaleca si\u0119 podanie pe\u0142nej listy wszystkich lek\u00f3w, kt\u00f3rych u\u017cywasz. Czy to leki na recept\u0119 \/ bez recepty czy preparaty zio\u0142owe. Lekarz specjalista powinien oceni\u0107 i doradzi\u0107, czy mo\u017cna go bezpiecznie stosowa\u0107 z lekiem modafinilem.<\/p>\n<p>Osobom ze stwierdzon\u0105 alergi\u0105 na modafinil lub jakikolwiek eugeroic med nie nale\u017cy przepisywa\u0107 leku Modfil 200 mg.<\/p>\n<p>Kobietom w ci\u0105\u017cy i matkom karmi\u0105cym zdecydowanie odradza si\u0119 stosowanie jakichkolwiek lek\u00f3w eugeroic med. Je\u015bli to konieczne, lekarz powinien om\u00f3wi\u0107 znane mo\u017cliwe szkody lub szkody i korzy\u015bci przed przyj\u0119ciem \u201einteligentnego leku\u201d Modfil.<\/p>\n<p>Modfil dzia\u0142a dobrze z jedzeniem, ale niekt\u00f3re pokarmy mog\u0105 op\u00f3\u017ania\u0107 jego dzia\u0142anie. Nie zaleca si\u0119 mieszania go z alkoholem. Mo\u017ce zwi\u0119ksza\u0107 potencjalne ryzyko bezprecedensowych negatywnych skutk\u00f3w, takich jak mi\u0119dzy innymi senno\u015b\u0107, zaburzenia oceny i zawroty g\u0142owy.<\/p>\n<p>Interakcje Modfil 200 mg z innymi lekami obejmuj\u0105:<\/p>\n<div class=\"su-divider su-divider-style-default\" style=\"margin:10px 0;border-width:3px;border-color:#ffffff00\"><a href=\"#\" style=\"color:#ffffff009\">.<\/a><\/div>\n<ul>\n<li>Substraty CYP3A4 \/ 5 i CYP2C19;<\/li>\n<li>warfaryna;<\/li>\n<li>Inhibitory MAO;<\/li>\n<li>leki antykoncepcyjne;<\/li>\n<li>Stymulanty OUN i inne.<\/li>\n<\/ul>\n<div class=\"su-divider su-divider-style-default\" style=\"margin:10px 0;border-width:3px;border-color:#ffffff00\"><a href=\"#\" style=\"color:#ffffff009\">.<\/a><\/div>\nKonieczne jest r\u00f3wnie\u017c poinformowanie lekarza specjalisty o stanie zdrowia. Modfil mo\u017ce powodowa\u0107 interakcje mi\u0119dzy chorobami. Godne uwagi interakcje z chorob\u0105 modafinilu obejmuj\u0105 w\u0105trob\u0119, nerki, problemy z sercem, drgawki itp. Przed za\u017cyciem Modfilu lub jakiegokolwiek leku eugeroicznego \/ nootropowego nale\u017cy skonsultowa\u0107 si\u0119 z lekarzem.<\/p>\n<div class=\"su-divider su-divider-style-default\" style=\"margin:10px 0;border-width:3px;border-color:#ffffff00\"><a href=\"#\" style=\"color:#ffffff009\">.<\/a><\/div>\n<h2><strong>Kup Generic Modfil 200mg (Modafinil) Online<\/strong><\/h2>\n<div class=\"su-divider su-divider-style-default\" style=\"margin:10px 0;border-width:3px;border-color:#ffffff00\"><a href=\"#\" style=\"color:#ffffff009\">.<\/a><\/div>\nCiekawi Ci\u0119, gdzie najlepiej kupi\u0107 najwi\u0119cej na \u015bwiecie<a href=\"https:\/\/buymodafinilonline.com\/smart-drugs-bestsellers\/\"> popularny nootropik online<\/a> ? Kup Modafinil Online jest najlepszym miejscem do zakupu taniego modafinilu, poniewa\u017c stawiamy na Twoje zdrowie, pozyskuj\u0105c wysokiej jako\u015bci nootropy od zatwierdzonych producent\u00f3w i oferuj\u0105c je w cenie produkcji.<\/p>\n<p>W naszej e-aptece mo\u017cesz zam\u00f3wi\u0107 generyczny Modfil bez recepty. Nie ka\u017cda apteka internetowa jest legalna. To nie jest nielegalne<a href=\"https:\/\/buymodafinilonline.com\/smart-drugs-brands\/\"> kup nootropy online<\/a> , ale powiniene\u015b by\u0107 \u015bwiadomy ryzyka zwi\u0105zanego z kupowaniem w oszuka\u0144czych aptekach internetowych.<\/p>\n<p>Oferujemy<a href=\"https:\/\/buymodafinilonline.com\/free-trial\/\"> bezp\u0142atne pr\u00f3bki pr\u00f3bne modafinilu i armodafinilu<\/a> . Zdob\u0105d\u017a je za darmo i przetestuj skuteczno\u015b\u0107 i bezpiecze\u0144stwo oferowanych przez nas lek\u00f3w.<\/p>\n<p>Przyjmujemy r\u00f3\u017cne<a href=\"https:\/\/buymodafinilonline.com\/billing-credit-card-faq\/\"> Metody P\u0142atno\u015bci<\/a> , w tym g\u0142\u00f3wne karty kredytowe, Zelle, PayPal i Bitcoin. <a href=\"https:\/\/buymodafinilonline.com\/pl\/zaplac-bitcoinami-a-dostaniesz-33-rabatu\/\">Korzystaj\u0105c z Bitcoin<\/a> jako preferowanego sposobu p\u0142atno\u015bci, otrzymujesz 23% zni\u017cki na ca\u0142kowity koszt.<\/p>\n<p>Zach\u0119camy do skorzystania z naszych rozwi\u0105za\u0144 obni\u017caj\u0105cych ceny, takich jak<a href=\"https:\/\/buymodafinilonline.com\/coupons-deals-promo-codes\/\"> kupony, oferty i kody promocyjne<\/a> . Mo\u017cesz r\u00f3wnie\u017c otrzyma\u0107 nasz\u0105 ekskluzywn\u0105 tygodniow\u0105 ofert\u0119 300 tabletek najpopularniejszej generycznej marki modafinilu za jedyne 0,99 USD za tabletk\u0119.<\/p>\n<p>W przypadku wszystkich zam\u00f3wie\u0144 o warto\u015bci powy\u017cej 80 USD skorzystaj z bezp\u0142atnej wysy\u0142ki poleconej poczt\u0105 lotnicz\u0105 lub bezp\u0142atnej wysy\u0142ki ekspresowej przy wszystkich zakupach o warto\u015bci powy\u017cej 150 USD. Nasz<a href=\"https:\/\/buymodafinilonline.com\/pl\/najlepszy-dostawca-w-polsce\/\"> Wysy\u0142ka \ue838<\/a> jest ultraszybki i oferujemy<a href=\"https:\/\/buymodafinilonline.com\/refund-reshipment\/\"> pe\u0142ny zwrot pieni\u0119dzy lub zwrot koszt\u00f3w<\/a> je\u015bli twoja przesy\u0142ka utknie w urz\u0119dzie celnym.<\/p>\n<div class=\"su-divider su-divider-style-default\" style=\"margin:10px 0;border-width:3px;border-color:#ffffff00\"><a href=\"#\" style=\"color:#ffffff009\">.<\/a><\/div>\n[\/vc_column]\n<div class=\"su-divider su-divider-style-default\" style=\"margin:10px 0;border-width:3px;border-color:#ffffff00\"><a href=\"#\" style=\"color:#ffffff009\">.<\/a><\/div>\n","protected":false},"excerpt":{"rendered":"<p>Modfil 200 mg zawiera modafinil jako sk\u0142adnik aktywny. Jest produkowany przez firm\u0119 Psyco Remedies Ltd znajduj\u0105c\u0105 si\u0119 w du\u017cym mie\u015bcie przemys\u0142owym w Pend\u017cabie w Indiach. Ten lek jest stosowany w leczeniu zaburze\u0144 snu, a tak\u017ce w celu zwi\u0119kszenia produktywno\u015bci i poprawy funkcji poznawczych. Kup ten lek od nas po kosztach produkcji, poniewa\u017c pozyskujemy go bezpo\u015brednio od jego producenta. Ciesz si\u0119 bezp\u0142atnymi pr\u00f3bnymi pr\u00f3bkami tabletek modafinilu i armodafinilu oraz korzystaj z kod\u00f3w kupon\u00f3w i rabat\u00f3w, aby obni\u017cy\u0107 ca\u0142kowity koszt \u201einteligentnego leku\u201d!<\/p>\n[sc name=\"s1\"]\n","protected":false},"featured_media":398191,"comment_status":"open","ping_status":"closed","template":"","meta":{"_acf_changed":false},"product_brand":[],"product_cat":[4045],"product_tag":[4051],"class_list":{"0":"post-408980","1":"product","2":"type-product","3":"status-publish","4":"has-post-thumbnail","6":"product_cat-marki-inteligentnych-lekow","7":"product_tag-modafinil-pl","9":"first","10":"instock","11":"sale","12":"shipping-taxable","13":"purchasable","14":"product-type-variable","15":"has-default-attributes"},"acf":[],"yoast_head":"<!-- This site is optimized with the Yoast SEO Premium plugin v23.6 (Yoast SEO v27.4) - https:\/\/yoast.com\/product\/yoast-seo-premium-wordpress\/ -->\n<title>Kup leki Modfil 200 MG (Modafinil) w niskiej cenie - Kup ModafinilOnline<\/title>\n<meta name=\"description\" content=\"Zam\u00f3w tabletki Modfil 200 mg przez Internet od producenta Psyco Remedies Ltd. Kup Modfil 200 mg (modafinil) bez recepty w aptece BuyModafinilOnline. Zap\u0142a\u0107 za pomoc\u0105 PayPal, karty kredytowej lub BTC i uzyskaj du\u017ce rabaty!\" \/>\n<meta name=\"robots\" content=\"index, follow, max-snippet:-1, max-image-preview:large, max-video-preview:-1\" \/>\n<link rel=\"canonical\" href=\"https:\/\/buymodafinilonline.com\/pl\/pigulki-madrosci\/modfil-200-mg\/\" \/>\n<meta property=\"og:locale\" content=\"pl_PL\" \/>\n<meta property=\"og:type\" content=\"article\" \/>\n<meta property=\"og:title\" content=\"Modfil 200 MG\" \/>\n<meta property=\"og:description\" content=\"Zam\u00f3w tabletki Modfil 200 mg przez Internet od producenta Psyco Remedies Ltd. Kup Modfil 200 mg (modafinil) bez recepty w aptece BuyModafinilOnline. Zap\u0142a\u0107 za pomoc\u0105 PayPal, karty kredytowej lub BTC i uzyskaj du\u017ce rabaty!\" \/>\n<meta property=\"og:url\" content=\"https:\/\/buymodafinilonline.com\/pl\/pigulki-madrosci\/modfil-200-mg\/\" \/>\n<meta property=\"og:site_name\" content=\"BuyModafinilOnline.com\" \/>\n<meta property=\"article:modified_time\" content=\"2025-05-11T14:32:16+00:00\" \/>\n<meta property=\"og:image\" content=\"https:\/\/buymodafinilonline.com\/wp-content\/uploads\/2020\/04\/bmo-product-modfil-200-mg.png\" \/>\n\t<meta property=\"og:image:width\" content=\"1280\" \/>\n\t<meta property=\"og:image:height\" content=\"1500\" \/>\n\t<meta property=\"og:image:type\" content=\"image\/png\" \/>\n<meta name=\"twitter:label1\" content=\"Szacowany czas czytania\" \/>\n\t<meta name=\"twitter:data1\" content=\"5 minut\" \/>\n<script type=\"application\/ld+json\" class=\"yoast-schema-graph\">{\"@context\":\"https:\\\/\\\/schema.org\",\"@graph\":[{\"@type\":\"WebPage\",\"@id\":\"https:\\\/\\\/buymodafinilonline.com\\\/pl\\\/pigulki-madrosci\\\/modfil-200-mg\\\/\",\"url\":\"https:\\\/\\\/buymodafinilonline.com\\\/pl\\\/pigulki-madrosci\\\/modfil-200-mg\\\/\",\"name\":\"Kup leki Modfil 200 MG (Modafinil) w niskiej cenie - Kup ModafinilOnline\",\"isPartOf\":{\"@id\":\"https:\\\/\\\/buymodafinilonline.com\\\/pl\\\/#website\"},\"primaryImageOfPage\":{\"@id\":\"https:\\\/\\\/buymodafinilonline.com\\\/pl\\\/pigulki-madrosci\\\/modfil-200-mg\\\/#primaryimage\"},\"image\":{\"@id\":\"https:\\\/\\\/buymodafinilonline.com\\\/pl\\\/pigulki-madrosci\\\/modfil-200-mg\\\/#primaryimage\"},\"thumbnailUrl\":\"https:\\\/\\\/buymodafinilonline.com\\\/wp-content\\\/uploads\\\/2020\\\/04\\\/bmo-product-modfil-200-mg.png\",\"datePublished\":\"2020-04-18T18:46:49+00:00\",\"dateModified\":\"2025-05-11T14:32:16+00:00\",\"description\":\"Zam\u00f3w tabletki Modfil 200 mg przez Internet od producenta Psyco Remedies Ltd. Kup Modfil 200 mg (modafinil) bez recepty w aptece BuyModafinilOnline. Zap\u0142a\u0107 za pomoc\u0105 PayPal, karty kredytowej lub BTC i uzyskaj du\u017ce rabaty!\",\"breadcrumb\":{\"@id\":\"https:\\\/\\\/buymodafinilonline.com\\\/pl\\\/pigulki-madrosci\\\/modfil-200-mg\\\/#breadcrumb\"},\"inLanguage\":\"pl-PL\",\"potentialAction\":[{\"@type\":\"ReadAction\",\"target\":[\"https:\\\/\\\/buymodafinilonline.com\\\/pl\\\/pigulki-madrosci\\\/modfil-200-mg\\\/\"]}]},{\"@type\":\"ImageObject\",\"inLanguage\":\"pl-PL\",\"@id\":\"https:\\\/\\\/buymodafinilonline.com\\\/pl\\\/pigulki-madrosci\\\/modfil-200-mg\\\/#primaryimage\",\"url\":\"https:\\\/\\\/buymodafinilonline.com\\\/wp-content\\\/uploads\\\/2020\\\/04\\\/bmo-product-modfil-200-mg.png\",\"contentUrl\":\"https:\\\/\\\/buymodafinilonline.com\\\/wp-content\\\/uploads\\\/2020\\\/04\\\/bmo-product-modfil-200-mg.png\",\"width\":1280,\"height\":1500,\"caption\":\"Modfil 200 mg\"},{\"@type\":\"BreadcrumbList\",\"@id\":\"https:\\\/\\\/buymodafinilonline.com\\\/pl\\\/pigulki-madrosci\\\/modfil-200-mg\\\/#breadcrumb\",\"itemListElement\":[{\"@type\":\"ListItem\",\"position\":1,\"name\":\"Buy Modafinil Online\",\"item\":\"https:\\\/\\\/buymodafinilonline.com\\\/pl\\\/\"},{\"@type\":\"ListItem\",\"position\":2,\"name\":\"Sklep\",\"item\":\"https:\\\/\\\/buymodafinilonline.com\\\/pl\\\/sklep\\\/\"},{\"@type\":\"ListItem\",\"position\":3,\"name\":\"Marki inteligentnych lek\u00f3w\",\"item\":\"https:\\\/\\\/buymodafinilonline.com\\\/pl\\\/kategoria-produktow\\\/marki-inteligentnych-lekow\\\/\"},{\"@type\":\"ListItem\",\"position\":4,\"name\":\"Modfil 200 MG\"}]},{\"@type\":\"WebSite\",\"@id\":\"https:\\\/\\\/buymodafinilonline.com\\\/pl\\\/#website\",\"url\":\"https:\\\/\\\/buymodafinilonline.com\\\/pl\\\/\",\"name\":\"BuyModafinilOnline.com\",\"description\":\"Modafinil Online Pharmacy\",\"publisher\":{\"@id\":\"https:\\\/\\\/buymodafinilonline.com\\\/pl\\\/#organization\"},\"potentialAction\":[{\"@type\":\"SearchAction\",\"target\":{\"@type\":\"EntryPoint\",\"urlTemplate\":\"https:\\\/\\\/buymodafinilonline.com\\\/pl\\\/?s={search_term_string}\"},\"query-input\":{\"@type\":\"PropertyValueSpecification\",\"valueRequired\":true,\"valueName\":\"search_term_string\"}}],\"inLanguage\":\"pl-PL\"},{\"@type\":\"Organization\",\"@id\":\"https:\\\/\\\/buymodafinilonline.com\\\/pl\\\/#organization\",\"name\":\"BuyModafinilOnline\",\"url\":\"https:\\\/\\\/buymodafinilonline.com\\\/pl\\\/\",\"logo\":{\"@type\":\"ImageObject\",\"inLanguage\":\"pl-PL\",\"@id\":\"https:\\\/\\\/buymodafinilonline.com\\\/pl\\\/#\\\/schema\\\/logo\\\/image\\\/\",\"url\":\"https:\\\/\\\/buymodafinilonline.com\\\/wp-content\\\/uploads\\\/2020\\\/04\\\/logo-buy-modafinil-online-yellow.png\",\"contentUrl\":\"https:\\\/\\\/buymodafinilonline.com\\\/wp-content\\\/uploads\\\/2020\\\/04\\\/logo-buy-modafinil-online-yellow.png\",\"width\":200,\"height\":200,\"caption\":\"BuyModafinilOnline\"},\"image\":{\"@id\":\"https:\\\/\\\/buymodafinilonline.com\\\/pl\\\/#\\\/schema\\\/logo\\\/image\\\/\"}}]}<\/script>\n<!-- \/ Yoast SEO Premium plugin. -->","yoast_head_json":{"title":"Kup leki Modfil 200 MG (Modafinil) w niskiej cenie - Kup ModafinilOnline","description":"Zam\u00f3w tabletki Modfil 200 mg przez Internet od producenta Psyco Remedies Ltd. Kup Modfil 200 mg (modafinil) bez recepty w aptece BuyModafinilOnline. Zap\u0142a\u0107 za pomoc\u0105 PayPal, karty kredytowej lub BTC i uzyskaj du\u017ce rabaty!","robots":{"index":"index","follow":"follow","max-snippet":"max-snippet:-1","max-image-preview":"max-image-preview:large","max-video-preview":"max-video-preview:-1"},"canonical":"https:\/\/buymodafinilonline.com\/pl\/pigulki-madrosci\/modfil-200-mg\/","og_locale":"pl_PL","og_type":"article","og_title":"Modfil 200 MG","og_description":"Zam\u00f3w tabletki Modfil 200 mg przez Internet od producenta Psyco Remedies Ltd. Kup Modfil 200 mg (modafinil) bez recepty w aptece BuyModafinilOnline. Zap\u0142a\u0107 za pomoc\u0105 PayPal, karty kredytowej lub BTC i uzyskaj du\u017ce rabaty!","og_url":"https:\/\/buymodafinilonline.com\/pl\/pigulki-madrosci\/modfil-200-mg\/","og_site_name":"BuyModafinilOnline.com","article_modified_time":"2025-05-11T14:32:16+00:00","og_image":[{"width":1280,"height":1500,"url":"https:\/\/buymodafinilonline.com\/wp-content\/uploads\/2020\/04\/bmo-product-modfil-200-mg.png","type":"image\/png"}],"twitter_misc":{"Szacowany czas czytania":"5 minut"},"schema":{"@context":"https:\/\/schema.org","@graph":[{"@type":"WebPage","@id":"https:\/\/buymodafinilonline.com\/pl\/pigulki-madrosci\/modfil-200-mg\/","url":"https:\/\/buymodafinilonline.com\/pl\/pigulki-madrosci\/modfil-200-mg\/","name":"Kup leki Modfil 200 MG (Modafinil) w niskiej cenie - Kup ModafinilOnline","isPartOf":{"@id":"https:\/\/buymodafinilonline.com\/pl\/#website"},"primaryImageOfPage":{"@id":"https:\/\/buymodafinilonline.com\/pl\/pigulki-madrosci\/modfil-200-mg\/#primaryimage"},"image":{"@id":"https:\/\/buymodafinilonline.com\/pl\/pigulki-madrosci\/modfil-200-mg\/#primaryimage"},"thumbnailUrl":"https:\/\/buymodafinilonline.com\/wp-content\/uploads\/2020\/04\/bmo-product-modfil-200-mg.png","datePublished":"2020-04-18T18:46:49+00:00","dateModified":"2025-05-11T14:32:16+00:00","description":"Zam\u00f3w tabletki Modfil 200 mg przez Internet od producenta Psyco Remedies Ltd. Kup Modfil 200 mg (modafinil) bez recepty w aptece BuyModafinilOnline. Zap\u0142a\u0107 za pomoc\u0105 PayPal, karty kredytowej lub BTC i uzyskaj du\u017ce rabaty!","breadcrumb":{"@id":"https:\/\/buymodafinilonline.com\/pl\/pigulki-madrosci\/modfil-200-mg\/#breadcrumb"},"inLanguage":"pl-PL","potentialAction":[{"@type":"ReadAction","target":["https:\/\/buymodafinilonline.com\/pl\/pigulki-madrosci\/modfil-200-mg\/"]}]},{"@type":"ImageObject","inLanguage":"pl-PL","@id":"https:\/\/buymodafinilonline.com\/pl\/pigulki-madrosci\/modfil-200-mg\/#primaryimage","url":"https:\/\/buymodafinilonline.com\/wp-content\/uploads\/2020\/04\/bmo-product-modfil-200-mg.png","contentUrl":"https:\/\/buymodafinilonline.com\/wp-content\/uploads\/2020\/04\/bmo-product-modfil-200-mg.png","width":1280,"height":1500,"caption":"Modfil 200 mg"},{"@type":"BreadcrumbList","@id":"https:\/\/buymodafinilonline.com\/pl\/pigulki-madrosci\/modfil-200-mg\/#breadcrumb","itemListElement":[{"@type":"ListItem","position":1,"name":"Buy Modafinil Online","item":"https:\/\/buymodafinilonline.com\/pl\/"},{"@type":"ListItem","position":2,"name":"Sklep","item":"https:\/\/buymodafinilonline.com\/pl\/sklep\/"},{"@type":"ListItem","position":3,"name":"Marki inteligentnych lek\u00f3w","item":"https:\/\/buymodafinilonline.com\/pl\/kategoria-produktow\/marki-inteligentnych-lekow\/"},{"@type":"ListItem","position":4,"name":"Modfil 200 MG"}]},{"@type":"WebSite","@id":"https:\/\/buymodafinilonline.com\/pl\/#website","url":"https:\/\/buymodafinilonline.com\/pl\/","name":"BuyModafinilOnline.com","description":"Modafinil Online Pharmacy","publisher":{"@id":"https:\/\/buymodafinilonline.com\/pl\/#organization"},"potentialAction":[{"@type":"SearchAction","target":{"@type":"EntryPoint","urlTemplate":"https:\/\/buymodafinilonline.com\/pl\/?s={search_term_string}"},"query-input":{"@type":"PropertyValueSpecification","valueRequired":true,"valueName":"search_term_string"}}],"inLanguage":"pl-PL"},{"@type":"Organization","@id":"https:\/\/buymodafinilonline.com\/pl\/#organization","name":"BuyModafinilOnline","url":"https:\/\/buymodafinilonline.com\/pl\/","logo":{"@type":"ImageObject","inLanguage":"pl-PL","@id":"https:\/\/buymodafinilonline.com\/pl\/#\/schema\/logo\/image\/","url":"https:\/\/buymodafinilonline.com\/wp-content\/uploads\/2020\/04\/logo-buy-modafinil-online-yellow.png","contentUrl":"https:\/\/buymodafinilonline.com\/wp-content\/uploads\/2020\/04\/logo-buy-modafinil-online-yellow.png","width":200,"height":200,"caption":"BuyModafinilOnline"},"image":{"@id":"https:\/\/buymodafinilonline.com\/pl\/#\/schema\/logo\/image\/"}}]}},"_links":{"self":[{"href":"https:\/\/buymodafinilonline.com\/pl\/wp-json\/wp\/v2\/product\/408980","targetHints":{"allow":["GET"]}}],"collection":[{"href":"https:\/\/buymodafinilonline.com\/pl\/wp-json\/wp\/v2\/product"}],"about":[{"href":"https:\/\/buymodafinilonline.com\/pl\/wp-json\/wp\/v2\/types\/product"}],"replies":[{"embeddable":true,"href":"https:\/\/buymodafinilonline.com\/pl\/wp-json\/wp\/v2\/comments?post=408980"}],"wp:featuredmedia":[{"embeddable":true,"href":"https:\/\/buymodafinilonline.com\/pl\/wp-json\/wp\/v2\/media\/398191"}],"wp:attachment":[{"href":"https:\/\/buymodafinilonline.com\/pl\/wp-json\/wp\/v2\/media?parent=408980"}],"wp:term":[{"taxonomy":"product_brand","embeddable":true,"href":"https:\/\/buymodafinilonline.com\/pl\/wp-json\/wp\/v2\/product_brand?post=408980"},{"taxonomy":"product_cat","embeddable":true,"href":"https:\/\/buymodafinilonline.com\/pl\/wp-json\/wp\/v2\/product_cat?post=408980"},{"taxonomy":"product_tag","embeddable":true,"href":"https:\/\/buymodafinilonline.com\/pl\/wp-json\/wp\/v2\/product_tag?post=408980"}],"curies":[{"name":"wp","href":"https:\/\/api.w.org\/{rel}","templated":true}]}}