{"id":409017,"date":"2020-04-18T20:00:03","date_gmt":"2020-04-18T19:00:03","guid":{"rendered":"https:\/\/buymodafinilonline.com\/smart-drugs\/armod-150-mg\/"},"modified":"2025-05-11T15:32:59","modified_gmt":"2025-05-11T14:32:59","slug":"armod-150-mg","status":"publish","type":"product","link":"https:\/\/buymodafinilonline.com\/pl\/pigulki-madrosci\/armod-150-mg\/","title":{"rendered":"Armod 150 MG"},"content":{"rendered":"[vc_column width=&#8221;1\/2&#8243;]\n<h2>Co to jest Armod 150 mg?<\/h2>\n<div class=\"su-divider su-divider-style-default\" style=\"margin:10px 0;border-width:3px;border-color:#ffffff00\"><a href=\"#\" style=\"color:#ffffff009\">.<\/a><\/div>\nArmod 150 mg jest wytwarzany przy u\u017cyciu bezpiecznego na \u015bwiecie sk\u0142adnika aktywnego &#8211; armodafinilu &#8211; substancji silniejszej ni\u017c<a href=\"https:\/\/buymodafinilonline.com\/pl\/prawda-o-modafinilu\/\"> modafinil<\/a> z lepszymi efektami czuwania.<\/p>\n<p>Armodafinil zosta\u0142 zatwierdzony jako bezpieczny \u015brodek na zaburzenia snu spowodowane zespo\u0142em obturacyjnego bezdechu sennego \/ hipopnea (OSAHS), narkolepsj\u0105 i zaburzeniami snu podczas pracy zmianowej (SWSD).<\/p>\n<p>Jego spos\u00f3b dzia\u0142ania w organizmie pomaga pacjentowi pozosta\u0107 przytomnym i zmniejsza sk\u0142onno\u015b\u0107 do zasypiania w ci\u0105gu dnia lub w pracy, przywracaj\u0105c tym samym normalny cykl snu. Moduluje poziom przeka\u017anik\u00f3w chemicznych w m\u00f3zgu (dopaminy, histaminy i oreksyny) i dzia\u0142a pobudzaj\u0105co, aby zmniejszy\u0107 skrajn\u0105 senno\u015b\u0107, a tak\u017ce poprawi\u0107 funkcje poznawcze.<\/p>\n<p>Jest r\u00f3wnie\u017c stosowany poza wskazaniami w leczeniu innych problem\u00f3w zdrowotnych, takich jak zesp\u00f3\u0142 nadpobudliwo\u015bci psychoruchowej z deficytem uwagi (ADHD), depresja i zaburzenia poznawcze. Znany jako \u201einteligentny lek\u201d, Armod jest najlepszy ze wzgl\u0119du na produktywno\u015b\u0107 i popraw\u0119 funkcji poznawczych. Zwi\u0119ksza koncentracj\u0119 psychiczn\u0105 i pomaga unikn\u0105\u0107 snu. Jego w\u0142a\u015bciwo\u015bci przyci\u0105gaj\u0105 astronaut\u00f3w, pilot\u00f3w, personel wojskowy, student\u00f3w, specjalist\u00f3w i kadr\u0119 kierownicz\u0105 z bran\u017cy korporacyjnej i technologicznej.<\/p>\n<div class=\"su-divider su-divider-style-default\" style=\"margin:10px 0;border-width:3px;border-color:#ffffff00\"><a href=\"#\" style=\"color:#ffffff009\">.<\/a><\/div>\n<h2><strong>Bezpieczne dawkowanie i w\u0142a\u015bciwe stosowanie<\/strong><\/h2>\n<div class=\"su-divider su-divider-style-default\" style=\"margin:10px 0;border-width:3px;border-color:#ffffff00\"><a href=\"#\" style=\"color:#ffffff009\">.<\/a><\/div>\nPrzed za\u017cyciem tego leku zaleca si\u0119 skonsultowanie si\u0119 ze specjalist\u0105 medycznym w celu oceny stanu zdrowia. Armod 150 mg to zalecana dawka dobowa stosowana zgodnie z zaleceniami lekarza. To jest brane tylko raz dziennie. Nie przekraczaj zalecanej dawki, a je\u015bli u\u017cywasz go poza wskazaniami, najlepiej najpierw skonsultowa\u0107 si\u0119 ze specjalist\u0105 medycznym, aby ustali\u0107, czy jest to najlepsze dla twoich potrzeb.<\/p>\n<p>W przypadku SWSD nale\u017cy to zrobi\u0107 godzin\u0119 wcze\u015bniej, przygotowuj\u0105c si\u0119 do pracy. Jako lekarstwo na ASAHS i narkolepsj\u0119 nale\u017cy go podawa\u0107 rano w pojedynczej dawce zgodnie z zaleceniem.<\/p>\n<p>Aby uzyska\u0107 w\u0142a\u015bciwe dawkowanie, po\u0142knij go w ca\u0142o\u015bci. Nie \u017cu\u0107, nie \u0142ama\u0107 ani nie kruszy\u0107. Tabletka Armod 150 mg mo\u017ce by\u0107 przyjmowana z posi\u0142kiem lub bez posi\u0142ku.<\/p>\n<div class=\"su-divider su-divider-style-default\" style=\"margin:10px 0;border-width:3px;border-color:#ffffff00\"><a href=\"#\" style=\"color:#ffffff009\">.<\/a><\/div>\n<h2><strong>Mo\u017cliwe dzia\u0142ania niepo\u017c\u0105dane<\/strong><\/h2>\n<div class=\"su-divider su-divider-style-default\" style=\"margin:10px 0;border-width:3px;border-color:#ffffff00\"><a href=\"#\" style=\"color:#ffffff009\">.<\/a><\/div>\nTen lek jest \u015brodkiem psychostymuluj\u0105cym (bez negatywnych skutk\u00f3w typowych dla tradycyjnych lek\u00f3w psychostymuluj\u0105cych). Aby zminimalizowa\u0107 wyst\u0105pienie skutk\u00f3w ubocznych, najlepiej post\u0119powa\u0107 zgodnie z zaleceniami lekarza i zgodnie z zaleceniami zawartymi w ulotce leku. Jednak, jak ka\u017cdy lek, Armod jest jednym z \u201epierwszych bezpiecznych inteligentnych lek\u00f3w na \u015bwiecie\u201d, kt\u00f3ry ma mniej skutk\u00f3w ubocznych w zale\u017cno\u015bci od stanu zdrowia i dawki.<\/p>\n<p>Typowe negatywne skutki Armod obejmuj\u0105:<\/p>\n<div class=\"su-divider su-divider-style-default\" style=\"margin:10px 0;border-width:3px;border-color:#ffffff00\"><a href=\"#\" style=\"color:#ffffff009\">.<\/a><\/div>\n<ul>\n<li>md\u0142o\u015bci;<\/li>\n<li>b\u00f3l g\u0142owy;<\/li>\n<li>zawroty g\u0142owy;<\/li>\n<li>bezsenno\u015b\u0107 (trudno\u015bci ze snem).<\/li>\n<\/ul>\n<div class=\"su-divider su-divider-style-default\" style=\"margin:10px 0;border-width:3px;border-color:#ffffff00\"><a href=\"#\" style=\"color:#ffffff009\">.<\/a><\/div>\nRzadkie, ale powa\u017cniejsze negatywne skutki mog\u0105 obejmowa\u0107:<\/p>\n<div class=\"su-divider su-divider-style-default\" style=\"margin:10px 0;border-width:3px;border-color:#ffffff00\"><a href=\"#\" style=\"color:#ffffff009\">.<\/a><\/div>\n<ul>\n<li>nadwra\u017cliwo\u015b\u0107;<\/li>\n<li>gor\u0105czka i dreszcze;<\/li>\n<li>spl\u0105tanie, my\u015bli samob\u00f3jcze;<\/li>\n<li>niezwyk\u0142e zm\u0119czenie i os\u0142abienie;<\/li>\n<li>b\u00f3l w klatce piersiowej.<\/li>\n<\/ul>\n<div class=\"su-divider su-divider-style-default\" style=\"margin:10px 0;border-width:3px;border-color:#ffffff00\"><a href=\"#\" style=\"color:#ffffff009\">.<\/a><\/div>\n[\/vc_column][vc_column width=&#8221;1\/2&#8243;]\n<div class=\"su-divider su-divider-style-default\" style=\"margin:10px 0;border-width:3px;border-color:#ffffff00\"><a href=\"#\" style=\"color:#ffffff009\">.<\/a><\/div>\nTo nie jest pe\u0142na lista mo\u017cliwych negatywnych skutk\u00f3w. Nie prowad\u017a pojazd\u00f3w ani nie r\u00f3b niczego, co wymaga skupienia umys\u0142owego (lub ci\u0119\u017ckich maszyn), poniewa\u017c mo\u017ce to powodowa\u0107 senno\u015b\u0107 i zawroty g\u0142owy.<\/p>\n<p>Jednak te niekorzystne skutki s\u0105 kr\u00f3tkotrwa\u0142e i zwykle ust\u0119puj\u0105 samoistnie po pewnym czasie. Skontaktuj si\u0119 ze swoim lekarzem, je\u015bli przeszkadzaj\u0105 Ci one lub nie ust\u0119puj\u0105.<\/p>\n<div class=\"su-divider su-divider-style-default\" style=\"margin:10px 0;border-width:3px;border-color:#ffffff00\"><a href=\"#\" style=\"color:#ffffff009\">.<\/a><\/div>\n<h2><strong>Przeciwwskazania i \u015brodki ostro\u017cno\u015bci<\/strong><\/h2>\n<div class=\"su-divider su-divider-style-default\" style=\"margin:10px 0;border-width:3px;border-color:#ffffff00\"><a href=\"#\" style=\"color:#ffffff009\">.<\/a><\/div>\nO ile nie jest to konieczne, Armod 150mg nie jest zalecany do stosowania u kobiet w ci\u0105\u017cy lub karmi\u0105cych piersi\u0105. U\u017cywanie Armod z alkoholem nie jest zalecane. Mo\u017ce zwi\u0119ksza\u0107 ryzyko senno\u015bci, zaburze\u0144 oceny i zawrot\u00f3w g\u0142owy.<\/p>\n<p>Wszystkie leki oddzia\u0142uj\u0105 na siebie inaczej w zale\u017cno\u015bci od osoby. Nie mieszaj Armod 150mg z innymi lekami z modafinilem lub armodafinilem. Bardzo bezpiecznie jest wzi\u0105\u0107 to samo. Przed rozpocz\u0119ciem przyjmowania jakichkolwiek lek\u00f3w nale\u017cy sprawdzi\u0107 wszystkie mo\u017cliwe interakcje ze swoim lekarzem.<\/p>\n<p>Armodafinil wchodzi w interakcje z lekami, takimi jak:<\/p>\n<div class=\"su-divider su-divider-style-default\" style=\"margin:10px 0;border-width:3px;border-color:#ffffff00\"><a href=\"#\" style=\"color:#ffffff009\">.<\/a><\/div>\n<ul>\n<li>citalopram;<\/li>\n<li>ranolazyna;<\/li>\n<li>fentanyl;<\/li>\n<li>klopidogrel;<\/li>\n<li>octan lewometadylu i inne.<\/li>\n<\/ul>\n<div class=\"su-divider su-divider-style-default\" style=\"margin:10px 0;border-width:3px;border-color:#ffffff00\"><a href=\"#\" style=\"color:#ffffff009\">.<\/a><\/div>\nSkonsultuj si\u0119 z lekarzem na temat wszystkich mo\u017cliwych interakcji Armod 150 mg lub jakiegokolwiek leku nootropowego, kt\u00f3ry bierzesz. Mog\u0105 wyst\u0105pi\u0107 interakcje mi\u0119dzy chorobami. Pozw\u00f3l swojemu lekarzowi zbada\u0107 twoje zdrowie pod k\u0105tem mo\u017cliwych chor\u00f3b, takich jak problemy z w\u0105trob\u0105, nerkami lub sercem i inne.<\/p>\n<div class=\"su-divider su-divider-style-default\" style=\"margin:10px 0;border-width:3px;border-color:#ffffff00\"><a href=\"#\" style=\"color:#ffffff009\">.<\/a><\/div>\n<h2><strong>Kup Generic Armod 150mg (Armodafinil) online<\/strong><\/h2>\n<div class=\"su-divider su-divider-style-default\" style=\"margin:10px 0;border-width:3px;border-color:#ffffff00\"><a href=\"#\" style=\"color:#ffffff009\">.<\/a><\/div>\nTen lek jest bezpieczny i dobrze tolerowany. Jako lek generyczny jest produkowany z indyjskiej du\u017cej farmy, kt\u00f3ra ma wy\u017cszy profil bezpiecze\u0144stwa lek\u00f3w.<\/p>\n<p>Leki generyczne s\u0105 wyj\u0105tkowo tanie w<a href=\"https:\/\/buymodafinilonline.com\/pl\/\"> Kup ModafinilOnline e-apteka<\/a> jak pozyskujemy \u201e<a href=\"https:\/\/buymodafinilonline.com\/smart-drugs-bestsellers\/\"> inteligentne leki<\/a> \u201dOd zatwierdzonych producent\u00f3w i oferuj\u0105 je po cenie produkcji. W najlepszym razie oferujemy r\u00f3wnie\u017c<a href=\"https:\/\/buymodafinilonline.com\/pl\/pigulki-madrosci\/darmowe-probki-modalert-200-mg-modafinil\/\"> bezp\u0142atne pr\u00f3bki pr\u00f3bne Modalert<\/a> i<a href=\"https:\/\/buymodafinilonline.com\/pl\/pigulki-madrosci\/darmowe-probki-artvigil-150-mg-armodafinil\/\"> Artvigil<\/a> . Kup Armod 150 mg lub inny bezpieczny \u201einteligentny lek\u201d (<a href=\"https:\/\/buymodafinilonline.com\/pl\/pigulki-madrosci\/waklert-150-mg-tabletki\/\"> Waklert<\/a> ,<a href=\"https:\/\/buymodafinilonline.com\/pl\/pigulki-madrosci\/modvigil-200-mg\/\"> Modvigil<\/a> ,<a href=\"https:\/\/buymodafinilonline.com\/pl\/pigulki-madrosci\/modafil-200mg\/\"> Modafil<\/a> itp.) \u0142atwo bez recepty z naszej e-apteki.<\/p>\n<p>Zam\u00f3w nasze wysokiej jako\u015bci tabletki modafinilu i armodafinilu pochodz\u0105ce z najlepszych indyjskich farmaceutyk\u00f3w i zaoszcz\u0119d\u017a wi\u0119cej pieni\u0119dzy, korzystaj\u0105c z kupon\u00f3w, ofert i kod\u00f3w promocyjnych, rabat\u00f3w i ofert.<\/p>\n<p>Ciesz si\u0119 nasz\u0105 ekskluzywno\u015bci\u0105<a href=\"https:\/\/buymodafinilonline.com\/pl\/najlepszy-dostawca-w-polsce\/\"> bardzo szybka wysy\u0142ka<\/a> z bezp\u0142atn\u0105 dostaw\u0105 przy zam\u00f3wieniach powy\u017cej 80 USD w przypadku korzystania z us\u0142ugi Registered Airmail lub bezp\u0142atnej us\u0142ugi Express Mail Service (EMS) przy wszystkich zam\u00f3wieniach powy\u017cej 150 USD. Jest wysy\u0142any bezpo\u015brednio z Indii do wi\u0119kszo\u015bci cz\u0119\u015bci \u015bwiata, z wyj\u0105tkiem kilku kraj\u00f3w, do kt\u00f3rych nie wysy\u0142amy.<\/p>\n<p>W przypadku nieudanej dostawy oferujemy zwrot 100% lub inny<a href=\"https:\/\/buymodafinilonline.com\/refund-reshipment\/\"> bezp\u0142atna wysy\u0142ka<\/a> . Nie masz nic do stracenia w naszej aptece internetowej. Im wi\u0119cej zam\u00f3wisz tabletek, tym ni\u017csza cena!<\/p>\n<p>Oferujemy doskona\u0142e us\u0142ugi kuratorskie<a href=\"https:\/\/buymodafinilonline.com\/billing-credit-card-faq\/\"> opcje p\u0142atno\u015bci<\/a> , w tym Bitcoin (BTC), PayPal i g\u0142\u00f3wne karty kredytowe. Aby obni\u017cy\u0107 koszt inteligentnego leku, zaoszcz\u0119d\u017a 23% ca\u0142kowitego kosztu, p\u0142ac\u0105c <a href=\"https:\/\/buymodafinilonline.com\/pl\/zaplac-bitcoinami-a-dostaniesz-33-rabatu\/\">za pomoc\u0105 BTC<\/a>!<\/p>\n<div class=\"su-divider su-divider-style-default\" style=\"margin:10px 0;border-width:3px;border-color:#ffffff00\"><a href=\"#\" style=\"color:#ffffff009\">.<\/a><\/div>\n[\/vc_column]\n<div class=\"su-divider su-divider-style-default\" style=\"margin:10px 0;border-width:3px;border-color:#ffffff00\"><a href=\"#\" style=\"color:#ffffff009\">.<\/a><\/div>\n","protected":false},"excerpt":{"rendered":"<p>Armod 150 mg pigu\u0142ka jest stosowana w celu promowania czuwania z powodu skrajnej senno\u015bci w ci\u0105gu dnia lub zaburze\u0144 snu. Jest r\u00f3wnie\u017c u\u017cywany poza wskazaniami do leczenia innych problem\u00f3w zdrowotnych oraz jako produktywno\u015b\u0107 lub wzmacniacz funkcji poznawczych. Jest bezpieczny i dzia\u0142a dobrze u zdrowych os\u00f3b. Jest to silny produkt firmy Emcure Pharmaceuticals Ltd zawieraj\u0105cy armodafinil 150 mg jako sk\u0142adnik aktywny.<\/p>\n<p>Kup Armod w naszej e-aptece; wysy\u0142amy go bezpo\u015brednio od producenta po najni\u017cszych kosztach produkcji!<\/p>\n[sc name=\"s1\"]\n","protected":false},"featured_media":398121,"comment_status":"open","ping_status":"closed","template":"","meta":{"_acf_changed":false},"product_brand":[],"product_cat":[4045],"product_tag":[4046],"class_list":{"0":"post-409017","1":"product","2":"type-product","3":"status-publish","4":"has-post-thumbnail","6":"product_cat-marki-inteligentnych-lekow","7":"product_tag-armodafinil-pl-2","9":"first","10":"instock","11":"sale","12":"shipping-taxable","13":"purchasable","14":"product-type-variable","15":"has-default-attributes"},"acf":[],"yoast_head":"<!-- This site is optimized with the Yoast SEO Premium plugin v23.6 (Yoast SEO v27.3) - https:\/\/yoast.com\/product\/yoast-seo-premium-wordpress\/ -->\n<title>Kup tabletki Armod 150 MG (Armodafinil) w niskiej cenie - Kup ModafinilOnline<\/title>\n<meta name=\"description\" content=\"Zam\u00f3w tanie pigu\u0142ki Armod 150mg online od producenta Emcure Pharmaceuticals Ltd. Kup Armod 150 mg (armodafinil) w najlepszej cenie w aptece BuyModafinilOnline. Bez recepty!\" \/>\n<meta name=\"robots\" content=\"index, follow, max-snippet:-1, max-image-preview:large, max-video-preview:-1\" \/>\n<link rel=\"canonical\" href=\"https:\/\/buymodafinilonline.com\/pl\/pigulki-madrosci\/armod-150-mg\/\" \/>\n<meta property=\"og:locale\" content=\"pl_PL\" \/>\n<meta property=\"og:type\" content=\"article\" \/>\n<meta property=\"og:title\" content=\"Armod 150 MG\" \/>\n<meta property=\"og:description\" content=\"Zam\u00f3w tanie pigu\u0142ki Armod 150mg online od producenta Emcure Pharmaceuticals Ltd. Kup Armod 150 mg (armodafinil) w najlepszej cenie w aptece BuyModafinilOnline. Bez recepty!\" \/>\n<meta property=\"og:url\" content=\"https:\/\/buymodafinilonline.com\/pl\/pigulki-madrosci\/armod-150-mg\/\" \/>\n<meta property=\"og:site_name\" content=\"BuyModafinilOnline.com\" \/>\n<meta property=\"article:modified_time\" content=\"2025-05-11T14:32:59+00:00\" \/>\n<meta property=\"og:image\" content=\"https:\/\/buymodafinilonline.com\/wp-content\/uploads\/2020\/04\/bmo-product-armod-150-mg.png\" \/>\n\t<meta property=\"og:image:width\" content=\"1280\" \/>\n\t<meta property=\"og:image:height\" content=\"1500\" \/>\n\t<meta property=\"og:image:type\" content=\"image\/png\" \/>\n<meta name=\"twitter:label1\" content=\"Szacowany czas czytania\" \/>\n\t<meta name=\"twitter:data1\" content=\"5 minut\" \/>\n<script type=\"application\/ld+json\" class=\"yoast-schema-graph\">{\"@context\":\"https:\\\/\\\/schema.org\",\"@graph\":[{\"@type\":\"WebPage\",\"@id\":\"https:\\\/\\\/buymodafinilonline.com\\\/pl\\\/pigulki-madrosci\\\/armod-150-mg\\\/\",\"url\":\"https:\\\/\\\/buymodafinilonline.com\\\/pl\\\/pigulki-madrosci\\\/armod-150-mg\\\/\",\"name\":\"Kup tabletki Armod 150 MG (Armodafinil) w niskiej cenie - Kup ModafinilOnline\",\"isPartOf\":{\"@id\":\"https:\\\/\\\/buymodafinilonline.com\\\/pl\\\/#website\"},\"primaryImageOfPage\":{\"@id\":\"https:\\\/\\\/buymodafinilonline.com\\\/pl\\\/pigulki-madrosci\\\/armod-150-mg\\\/#primaryimage\"},\"image\":{\"@id\":\"https:\\\/\\\/buymodafinilonline.com\\\/pl\\\/pigulki-madrosci\\\/armod-150-mg\\\/#primaryimage\"},\"thumbnailUrl\":\"https:\\\/\\\/buymodafinilonline.com\\\/wp-content\\\/uploads\\\/2020\\\/04\\\/bmo-product-armod-150-mg.png\",\"datePublished\":\"2020-04-18T19:00:03+00:00\",\"dateModified\":\"2025-05-11T14:32:59+00:00\",\"description\":\"Zam\u00f3w tanie pigu\u0142ki Armod 150mg online od producenta Emcure Pharmaceuticals Ltd. Kup Armod 150 mg (armodafinil) w najlepszej cenie w aptece BuyModafinilOnline. Bez recepty!\",\"breadcrumb\":{\"@id\":\"https:\\\/\\\/buymodafinilonline.com\\\/pl\\\/pigulki-madrosci\\\/armod-150-mg\\\/#breadcrumb\"},\"inLanguage\":\"pl-PL\",\"potentialAction\":[{\"@type\":\"ReadAction\",\"target\":[\"https:\\\/\\\/buymodafinilonline.com\\\/pl\\\/pigulki-madrosci\\\/armod-150-mg\\\/\"]}]},{\"@type\":\"ImageObject\",\"inLanguage\":\"pl-PL\",\"@id\":\"https:\\\/\\\/buymodafinilonline.com\\\/pl\\\/pigulki-madrosci\\\/armod-150-mg\\\/#primaryimage\",\"url\":\"https:\\\/\\\/buymodafinilonline.com\\\/wp-content\\\/uploads\\\/2020\\\/04\\\/bmo-product-armod-150-mg.png\",\"contentUrl\":\"https:\\\/\\\/buymodafinilonline.com\\\/wp-content\\\/uploads\\\/2020\\\/04\\\/bmo-product-armod-150-mg.png\",\"width\":1280,\"height\":1500,\"caption\":\"Armod 150 mg\"},{\"@type\":\"BreadcrumbList\",\"@id\":\"https:\\\/\\\/buymodafinilonline.com\\\/pl\\\/pigulki-madrosci\\\/armod-150-mg\\\/#breadcrumb\",\"itemListElement\":[{\"@type\":\"ListItem\",\"position\":1,\"name\":\"Buy Modafinil Online\",\"item\":\"https:\\\/\\\/buymodafinilonline.com\\\/pl\\\/\"},{\"@type\":\"ListItem\",\"position\":2,\"name\":\"Sklep\",\"item\":\"https:\\\/\\\/buymodafinilonline.com\\\/pl\\\/sklep\\\/\"},{\"@type\":\"ListItem\",\"position\":3,\"name\":\"Marki inteligentnych lek\u00f3w\",\"item\":\"https:\\\/\\\/buymodafinilonline.com\\\/pl\\\/kategoria-produktow\\\/marki-inteligentnych-lekow\\\/\"},{\"@type\":\"ListItem\",\"position\":4,\"name\":\"Armod 150 MG\"}]},{\"@type\":\"WebSite\",\"@id\":\"https:\\\/\\\/buymodafinilonline.com\\\/pl\\\/#website\",\"url\":\"https:\\\/\\\/buymodafinilonline.com\\\/pl\\\/\",\"name\":\"BuyModafinilOnline.com\",\"description\":\"Modafinil Online Pharmacy\",\"publisher\":{\"@id\":\"https:\\\/\\\/buymodafinilonline.com\\\/pl\\\/#organization\"},\"potentialAction\":[{\"@type\":\"SearchAction\",\"target\":{\"@type\":\"EntryPoint\",\"urlTemplate\":\"https:\\\/\\\/buymodafinilonline.com\\\/pl\\\/?s={search_term_string}\"},\"query-input\":{\"@type\":\"PropertyValueSpecification\",\"valueRequired\":true,\"valueName\":\"search_term_string\"}}],\"inLanguage\":\"pl-PL\"},{\"@type\":\"Organization\",\"@id\":\"https:\\\/\\\/buymodafinilonline.com\\\/pl\\\/#organization\",\"name\":\"BuyModafinilOnline\",\"url\":\"https:\\\/\\\/buymodafinilonline.com\\\/pl\\\/\",\"logo\":{\"@type\":\"ImageObject\",\"inLanguage\":\"pl-PL\",\"@id\":\"https:\\\/\\\/buymodafinilonline.com\\\/pl\\\/#\\\/schema\\\/logo\\\/image\\\/\",\"url\":\"https:\\\/\\\/buymodafinilonline.com\\\/wp-content\\\/uploads\\\/2020\\\/04\\\/logo-buy-modafinil-online-yellow.png\",\"contentUrl\":\"https:\\\/\\\/buymodafinilonline.com\\\/wp-content\\\/uploads\\\/2020\\\/04\\\/logo-buy-modafinil-online-yellow.png\",\"width\":200,\"height\":200,\"caption\":\"BuyModafinilOnline\"},\"image\":{\"@id\":\"https:\\\/\\\/buymodafinilonline.com\\\/pl\\\/#\\\/schema\\\/logo\\\/image\\\/\"}}]}<\/script>\n<!-- \/ Yoast SEO Premium plugin. -->","yoast_head_json":{"title":"Kup tabletki Armod 150 MG (Armodafinil) w niskiej cenie - Kup ModafinilOnline","description":"Zam\u00f3w tanie pigu\u0142ki Armod 150mg online od producenta Emcure Pharmaceuticals Ltd. Kup Armod 150 mg (armodafinil) w najlepszej cenie w aptece BuyModafinilOnline. Bez recepty!","robots":{"index":"index","follow":"follow","max-snippet":"max-snippet:-1","max-image-preview":"max-image-preview:large","max-video-preview":"max-video-preview:-1"},"canonical":"https:\/\/buymodafinilonline.com\/pl\/pigulki-madrosci\/armod-150-mg\/","og_locale":"pl_PL","og_type":"article","og_title":"Armod 150 MG","og_description":"Zam\u00f3w tanie pigu\u0142ki Armod 150mg online od producenta Emcure Pharmaceuticals Ltd. Kup Armod 150 mg (armodafinil) w najlepszej cenie w aptece BuyModafinilOnline. Bez recepty!","og_url":"https:\/\/buymodafinilonline.com\/pl\/pigulki-madrosci\/armod-150-mg\/","og_site_name":"BuyModafinilOnline.com","article_modified_time":"2025-05-11T14:32:59+00:00","og_image":[{"width":1280,"height":1500,"url":"https:\/\/buymodafinilonline.com\/wp-content\/uploads\/2020\/04\/bmo-product-armod-150-mg.png","type":"image\/png"}],"twitter_misc":{"Szacowany czas czytania":"5 minut"},"schema":{"@context":"https:\/\/schema.org","@graph":[{"@type":"WebPage","@id":"https:\/\/buymodafinilonline.com\/pl\/pigulki-madrosci\/armod-150-mg\/","url":"https:\/\/buymodafinilonline.com\/pl\/pigulki-madrosci\/armod-150-mg\/","name":"Kup tabletki Armod 150 MG (Armodafinil) w niskiej cenie - Kup ModafinilOnline","isPartOf":{"@id":"https:\/\/buymodafinilonline.com\/pl\/#website"},"primaryImageOfPage":{"@id":"https:\/\/buymodafinilonline.com\/pl\/pigulki-madrosci\/armod-150-mg\/#primaryimage"},"image":{"@id":"https:\/\/buymodafinilonline.com\/pl\/pigulki-madrosci\/armod-150-mg\/#primaryimage"},"thumbnailUrl":"https:\/\/buymodafinilonline.com\/wp-content\/uploads\/2020\/04\/bmo-product-armod-150-mg.png","datePublished":"2020-04-18T19:00:03+00:00","dateModified":"2025-05-11T14:32:59+00:00","description":"Zam\u00f3w tanie pigu\u0142ki Armod 150mg online od producenta Emcure Pharmaceuticals Ltd. Kup Armod 150 mg (armodafinil) w najlepszej cenie w aptece BuyModafinilOnline. Bez recepty!","breadcrumb":{"@id":"https:\/\/buymodafinilonline.com\/pl\/pigulki-madrosci\/armod-150-mg\/#breadcrumb"},"inLanguage":"pl-PL","potentialAction":[{"@type":"ReadAction","target":["https:\/\/buymodafinilonline.com\/pl\/pigulki-madrosci\/armod-150-mg\/"]}]},{"@type":"ImageObject","inLanguage":"pl-PL","@id":"https:\/\/buymodafinilonline.com\/pl\/pigulki-madrosci\/armod-150-mg\/#primaryimage","url":"https:\/\/buymodafinilonline.com\/wp-content\/uploads\/2020\/04\/bmo-product-armod-150-mg.png","contentUrl":"https:\/\/buymodafinilonline.com\/wp-content\/uploads\/2020\/04\/bmo-product-armod-150-mg.png","width":1280,"height":1500,"caption":"Armod 150 mg"},{"@type":"BreadcrumbList","@id":"https:\/\/buymodafinilonline.com\/pl\/pigulki-madrosci\/armod-150-mg\/#breadcrumb","itemListElement":[{"@type":"ListItem","position":1,"name":"Buy Modafinil Online","item":"https:\/\/buymodafinilonline.com\/pl\/"},{"@type":"ListItem","position":2,"name":"Sklep","item":"https:\/\/buymodafinilonline.com\/pl\/sklep\/"},{"@type":"ListItem","position":3,"name":"Marki inteligentnych lek\u00f3w","item":"https:\/\/buymodafinilonline.com\/pl\/kategoria-produktow\/marki-inteligentnych-lekow\/"},{"@type":"ListItem","position":4,"name":"Armod 150 MG"}]},{"@type":"WebSite","@id":"https:\/\/buymodafinilonline.com\/pl\/#website","url":"https:\/\/buymodafinilonline.com\/pl\/","name":"BuyModafinilOnline.com","description":"Modafinil Online Pharmacy","publisher":{"@id":"https:\/\/buymodafinilonline.com\/pl\/#organization"},"potentialAction":[{"@type":"SearchAction","target":{"@type":"EntryPoint","urlTemplate":"https:\/\/buymodafinilonline.com\/pl\/?s={search_term_string}"},"query-input":{"@type":"PropertyValueSpecification","valueRequired":true,"valueName":"search_term_string"}}],"inLanguage":"pl-PL"},{"@type":"Organization","@id":"https:\/\/buymodafinilonline.com\/pl\/#organization","name":"BuyModafinilOnline","url":"https:\/\/buymodafinilonline.com\/pl\/","logo":{"@type":"ImageObject","inLanguage":"pl-PL","@id":"https:\/\/buymodafinilonline.com\/pl\/#\/schema\/logo\/image\/","url":"https:\/\/buymodafinilonline.com\/wp-content\/uploads\/2020\/04\/logo-buy-modafinil-online-yellow.png","contentUrl":"https:\/\/buymodafinilonline.com\/wp-content\/uploads\/2020\/04\/logo-buy-modafinil-online-yellow.png","width":200,"height":200,"caption":"BuyModafinilOnline"},"image":{"@id":"https:\/\/buymodafinilonline.com\/pl\/#\/schema\/logo\/image\/"}}]}},"_links":{"self":[{"href":"https:\/\/buymodafinilonline.com\/pl\/wp-json\/wp\/v2\/product\/409017","targetHints":{"allow":["GET"]}}],"collection":[{"href":"https:\/\/buymodafinilonline.com\/pl\/wp-json\/wp\/v2\/product"}],"about":[{"href":"https:\/\/buymodafinilonline.com\/pl\/wp-json\/wp\/v2\/types\/product"}],"replies":[{"embeddable":true,"href":"https:\/\/buymodafinilonline.com\/pl\/wp-json\/wp\/v2\/comments?post=409017"}],"wp:featuredmedia":[{"embeddable":true,"href":"https:\/\/buymodafinilonline.com\/pl\/wp-json\/wp\/v2\/media\/398121"}],"wp:attachment":[{"href":"https:\/\/buymodafinilonline.com\/pl\/wp-json\/wp\/v2\/media?parent=409017"}],"wp:term":[{"taxonomy":"product_brand","embeddable":true,"href":"https:\/\/buymodafinilonline.com\/pl\/wp-json\/wp\/v2\/product_brand?post=409017"},{"taxonomy":"product_cat","embeddable":true,"href":"https:\/\/buymodafinilonline.com\/pl\/wp-json\/wp\/v2\/product_cat?post=409017"},{"taxonomy":"product_tag","embeddable":true,"href":"https:\/\/buymodafinilonline.com\/pl\/wp-json\/wp\/v2\/product_tag?post=409017"}],"curies":[{"name":"wp","href":"https:\/\/api.w.org\/{rel}","templated":true}]}}