{"id":410478,"date":"2020-04-06T21:30:34","date_gmt":"2020-04-06T20:30:34","guid":{"rendered":"https:\/\/buymodafinilonline.com\/smart-drugs\/zestaw-male-force-ed-pack-viagra-cialis-i-levitra\/"},"modified":"2026-01-28T20:13:35","modified_gmt":"2026-01-28T19:13:35","slug":"zestaw-male-force-ed-pack-viagra-cialis-i-levitra","status":"publish","type":"product","link":"https:\/\/buymodafinilonline.com\/pl\/pigulki-madrosci\/zestaw-male-force-ed-pack-viagra-cialis-i-levitra\/","title":{"rendered":"Pakiet Male Force ED (Viagra, Cialis i Levitra)"},"content":{"rendered":"[vc_column width=&#8221;1\/2&#8243;]\n<h2>Czym jest Male Force ED Pack?<\/h2>\n<p>Male Force ED Pack jest dok\u0142adnie tym, czego potrzebujesz, je\u015bli regularnie przyjmujesz leki na zaburzenia erekcji (ED). Pozwala zaoszcz\u0119dzi\u0107 wi\u0119cej pieni\u0119dzy, gdy dost\u0119pne s\u0105 ekonomiczne opcje dzi\u0119ki wprowadzeniu pakietu combo. Ponadto mo\u017cesz przetestowa\u0107 kilka marek z r\u00f3\u017cnymi sk\u0142adnikami aktywnymi. Ty decydujesz, co otrzymasz! Ten pakiet jest najlepsz\u0105 opcj\u0105, aby dowiedzie\u0107 si\u0119, kt\u00f3ry lek ED dzia\u0142a najlepiej, aby odzyska\u0107 moc seksualn\u0105.    <\/p>\n<p>Zestaw Male Force ED Pack zawiera:<\/p>\n<div class=\"su-divider su-divider-style-default\" style=\"margin:10px 0;border-width:3px;border-color:#ffffff00\"><a href=\"#\" style=\"color:#ffffff009\">.<\/a><\/div>\n<ul>\n<li>Viagra (marka generyczna Malegra lub Cenforce) &#8211; tabletki o dowolnej dawce 25 mg, 50 mg, 100 mg (dawka standardowa), 200 mg;<\/li>\n<li>Cialis (marka generyczna Tadarise lub Vidalista) &#8211; tabletki o dowolnej dawce 2,5 mg, 5 mg, 10 mg, 20 mg (dawka standardowa), 40 mg, 60 mg;<\/li>\n<li>Levitra Vardenafil 20 mg (marka Vardegra lub Snovitrageneric);<\/li>\n<li>Viagra dla kobiet 100 mg;<\/li>\n<li>Dapoksetyna 60 mg (przedwczesny wytrysk, maksymalnie 20 tabletek w opakowaniu);<\/li>\n<li>Mi\u0119kka (do \u017cucia) Viagra i Cialis.<\/li>\n<\/ul>\n<p>Pami\u0119taj, aby okre\u015bli\u0107 preferencje dotycz\u0105ce pakietu Male Force ED Pack w polu Uwagi specjalne na <a href=\"https:\/\/buymodafinilonline.com\/pl\/do-kasy\/\">stronie p\u0142atno\u015bci<\/a> (pod adresem wysy\u0142ki).<\/p>\n<p>FYI: W przypadku, gdy zapomnisz wyja\u015bni\u0107 swoje preferencje dotycz\u0105ce kombinacji, domy\u015blnie do\u0142\u0105czymy 50% tabletek Malegra 100 mg (generyczna Viagra) i 50% tabletek Tadarise 20 mg (generyczny Cialis).<\/p>\n<div class=\"su-divider su-divider-style-default\" style=\"margin:10px 0;border-width:3px;border-color:#ffffff00\"><a href=\"#\" style=\"color:#ffffff009\">.<\/a><\/div>\n<h3>Generyczna Malegra 100 mg<\/h3>\n<p>Malegra to lek na zaburzenia erekcji zawieraj\u0105cy syldenafil jako sk\u0142adnik aktywny. B\u0119d\u0105c generyczn\u0105 wersj\u0105 Viagry\u00ae, syldenafil by\u0142 pierwszym lekiem na zaburzenia erekcji zatwierdzonym przez FDA. Jest szeroko stosowany w r\u00f3\u017cnych lekach sklasyfikowanych jako inhibitory PDE5. Badania pokazuj\u0105, \u017ce syldenafil jest bezpieczny i dobrze tolerowany, zw\u0142aszcza je\u015bli jest przyjmowany wy\u0142\u0105cznie przez zdrowe osoby dotkni\u0119te zaburzeniami erekcji.   <\/p>\n<p>Lek jest produkowany przez Sunrise Remedies. Ta firma farmaceutyczna jest legalna i godna zaufania ze wzgl\u0119du na jako\u015b\u0107 wytwarzanych przez ni\u0105 produkt\u00f3w. Wykorzystuje tylko najwy\u017cszej jako\u015bci surowce do produkcji najwy\u017cszej klasy farmaceutyk\u00f3w, kt\u00f3re przynosz\u0105 doskona\u0142e rezultaty.  <\/p>\n<div class=\"su-divider su-divider-style-default\" style=\"margin:10px 0;border-width:3px;border-color:#ffffff00\"><a href=\"#\" style=\"color:#ffffff009\">.<\/a><\/div>\n<h3>Generyczny Tadarise 20 mg<\/h3>\n<p>Tadarise 20 mg to generyczna wersja leku Cialis, kt\u00f3ra zawiera tadalafil jako substancj\u0119 czynn\u0105. Lek ten jest bardzo skuteczny w leczeniu impotencji, zapewniaj\u0105c wymagan\u0105 tward\u0105 erekcj\u0119 pr\u0105cia, kt\u00f3ra daje m\u0119\u017cczy\u017anie wystarczaj\u0105co du\u017co czasu na odbycie pe\u0142nego i satysfakcjonuj\u0105cego stosunku p\u0142ciowego. <\/p>\n<p>Lek ten jest r\u00f3wnie\u017c produkowany przez indyjsk\u0105 firm\u0119 Sunrise Remedies. Tadarise jest dobrze tolerowany i utrzymuje si\u0119 przez oko\u0142o 36 godzin po podaniu. Jest bardzo skuteczny niezale\u017cnie od nasilenia i przyczyn ED.  <\/p>\n<div class=\"su-divider su-divider-style-default\" style=\"margin:10px 0;border-width:3px;border-color:#ffffff00\"><a href=\"#\" style=\"color:#ffffff009\">.<\/a><\/div>\n<h2>Jak dzia\u0142aj\u0105 te tabletki?<\/h2>\n<p>Oba sk\u0142adniki aktywne, tadalafil (Tadarise) i syldenafil (Malegra), s\u0105 inhibitorami PDE5. Enzym PDE5 niszczy produkcj\u0119 tlenku azotu (NO) potrzebnego do uwolnienia cGMP odpowiedzialnego za zmi\u0119kczenie i wyg\u0142adzenie t\u0119tnic pr\u0105cia. CGMP pomaga otworzy\u0107 naczynia krwiono\u015bne, prowadz\u0105c w ten spos\u00f3b do odpowiedniego nap\u0142ywu krwi do penisa. Hamuj\u0105c PDE5 i poprawiaj\u0105c uwalnianie NO, aktywne sk\u0142adniki tych lek\u00f3w pomagaj\u0105 poprawi\u0107 przep\u0142yw krwi i wzmocni\u0107 erekcj\u0119.   <\/p>\n<div class=\"su-divider su-divider-style-default\" style=\"margin:10px 0;border-width:3px;border-color:#ffffff00\"><a href=\"#\" style=\"color:#ffffff009\">.<\/a><\/div>\n<h2>Bezpieczne dawkowanie i w\u0142a\u015bciwe stosowanie<\/h2>\n<p>Leki te pomagaj\u0105 m\u0119\u017cczyznom szybko uzyska\u0107 i utrzyma\u0107 tward\u0105 erekcj\u0119 pr\u0105cia tylko po pobudzeniu seksualnym. Przyjmowanie tego typu lek\u00f3w bez stymulacji seksualnej na nic nie odpowiada. Oba leki na ED maj\u0105 podobny czas podawania, ale r\u00f3\u017cni\u0105 si\u0119 czasem dzia\u0142ania. Przyjmuje si\u0119 je w razie potrzeby, gdy przewiduje si\u0119 stosunek seksualny ju\u017c po 30-60 minutach. Sildenafil dzia\u0142a przez 4-5 godzin, podczas gdy tadalafil pozostaje skuteczny do 36 godzin.    <\/p>\n<p>Tadarise jest zwykle stosowany w razie potrzeby 5-20 mg przed seksem. R\u00f3wnie\u017c do codziennego u\u017cytku bezpieczna dawka wynosi 2,5-5 mg. <\/p>\n<p>Aby rozpocz\u0105\u0107 leczenie lekiem Malegra, lepiej przyj\u0105\u0107 50 mg, je\u015bli czujesz si\u0119 dobrze, mo\u017cesz zwi\u0119kszy\u0107 dawk\u0119 do 100 mg, w przypadku wyst\u0105pienia jakichkolwiek skutk\u00f3w ubocznych lepiej zmniejszy\u0107 dawk\u0119 do 25 mg. Jedn\u0105 tabletk\u0119 mo\u017cna przyjmowa\u0107 tylko raz dziennie. <\/p>\n<p>Przed u\u017cyciem nale\u017cy skonsultowa\u0107 si\u0119 z lekarzem specjalist\u0105. Nale\u017cy post\u0119powa\u0107 zgodnie z zaleceniami lekarza i ulotkami dotycz\u0105cymi leku, aby zapewni\u0107 bezpiecze\u0144stwo i najlepsze leczenie.<\/p>\n[\/vc_column][vc_column width=&#8221;1\/2&#8243;]\n<h2>Mo\u017cliwe dzia\u0142ania niepo\u017c\u0105dane<\/h2>\n<p>Inhibitory PDE5 mog\u0105 powodowa\u0107 negatywne skutki. Takie reakcje mog\u0105 si\u0119 r\u00f3\u017cni\u0107 w zale\u017cno\u015bci od reakcji na lek, przestrzegania zalece\u0144 lekarskich i og\u00f3lnego stanu zdrowia pacjenta. S\u0105 one klasyfikowane jako cz\u0119ste\/mniej niebezpieczne i rzadkie\/bardziej niebezpieczne.  <\/p>\n<p>Kr\u00f3tko m\u00f3wi\u0105c, typowe negatywne skutki stosowania tych lek\u00f3w obejmuj\u0105:<\/p>\n<div class=\"su-divider su-divider-style-default\" style=\"margin:10px 0;border-width:3px;border-color:#ffffff00\"><a href=\"#\" style=\"color:#ffffff009\">.<\/a><\/div>\n<ul>\n<li>zaczerwienienie (uczucie ciep\u0142a, mrowienia lub zaczerwienienie);<\/li>\n<li>zawroty g\u0142owy, b\u00f3l g\u0142owy;<\/li>\n<li>krwawienia z nosa;<\/li>\n<li>bezsenno\u015b\u0107;<\/li>\n<li>b\u00f3l mi\u0119\u015bni, b\u00f3l plec\u00f3w;<\/li>\n<li>rozstr\u00f3j \u017co\u0142\u0105dka.<\/li>\n<\/ul>\n<p>Rzadkie, ale powa\u017cne skutki uboczne obejmuj\u0105 priapizm, zmiany widzenia, utrat\u0119 s\u0142uchu i niskie ci\u015bnienie krwi.<\/p>\n<p>Zawsze nale\u017cy skonsultowa\u0107 si\u0119 z lekarzem przed u\u017cyciem i uzyska\u0107 natychmiastow\u0105 pomoc medyczn\u0105 w przypadku jakichkolwiek dziwnych objaw\u00f3w.<\/p>\n<div class=\"su-divider su-divider-style-default\" style=\"margin:10px 0;border-width:3px;border-color:#ffffff00\"><a href=\"#\" style=\"color:#ffffff009\">.<\/a><\/div>\n<h2>Przeciwwskazania i \u015brodki ostro\u017cno\u015bci<\/h2>\n<p>Przyjmowanie lek\u00f3w na impotencj\u0119 z jedzeniem jest bezpieczne. Ale lepiej jest przyjmowa\u0107 tabletki na pusty \u017co\u0142\u0105dek, poniewa\u017c dzi\u0119ki t\u0142ustemu jedzeniu czas dzia\u0142ania lek\u00f3w mo\u017ce trwa\u0107 d\u0142u\u017cej. Jednak \u0142\u0105czenie ich z alkoholem mo\u017ce znacznie obni\u017cy\u0107 ci\u015bnienie krwi, powoduj\u0105c pewne niespotykane dot\u0105d negatywne skutki, ale mo\u017ce by\u0107 bezpieczne, je\u015bli jest przyjmowane w bardzo ma\u0142ych ilo\u015bciach. Podczas przyjmowania inhibitor\u00f3w PDE5 mog\u0105 wyst\u0105pi\u0107 interakcje lek-lek lub lek-choroba.   <\/p>\n<p>Interakcje z chorobami obejmuj\u0105:<\/p>\n<div class=\"su-divider su-divider-style-default\" style=\"margin:10px 0;border-width:3px;border-color:#ffffff00\"><a href=\"#\" style=\"color:#ffffff009\">.<\/a><\/div>\n<ul>\n<li>choroby uk\u0142adu kr\u0105\u017cenia;<\/li>\n<li>utrata s\u0142uchu;<\/li>\n<li>choroby w\u0105troby;<\/li>\n<li>zaburzenia czynno\u015bci nerek;<\/li>\n<li>choroby p\u0142uc;<\/li>\n<li>priapizm;<\/li>\n<li>alkoholizm;<\/li>\n<li>zaburzenia napadowe;<\/li>\n<li>barwnikowe zapalenie siatk\u00f3wki.<\/li>\n<\/ul>\n<p>Interakcje lek\u00f3w obejmuj\u0105:<\/p>\n<div class=\"su-divider su-divider-style-default\" style=\"margin:10px 0;border-width:3px;border-color:#ffffff00\"><a href=\"#\" style=\"color:#ffffff009\">.<\/a><\/div>\n<ul>\n<li>leki na dusznic\u0119 bolesn\u0105 (azotany);<\/li>\n<li>alfa-blokery;<\/li>\n<li>leki przeciwpadaczkowe;<\/li>\n<li>Leki przeciw HIV;<\/li>\n<li>leki zakwaszaj\u0105ce \u017co\u0142\u0105dek;<\/li>\n<li>doustne leki przeciwgrzybicze;<\/li>\n<li>antybiotyki;<\/li>\n<li>inne tabletki ED i PAH.<\/li>\n<\/ul>\n<p>Leki lub choroby oddzia\u0142uj\u0105 inaczej na ka\u017cd\u0105 osob\u0119. Ta lista nie jest kompletna. Wa\u017cne jest, aby skonsultowa\u0107 si\u0119 ze specjalist\u0105 medycznym w celu oceny stanu zdrowia i przyjmowanych lek\u00f3w. Najlepiej nie miesza\u0107 lek\u00f3w, aby unikn\u0105\u0107 dzia\u0142a\u0144 niepo\u017c\u0105danych.   <\/p>\n<div class=\"su-divider su-divider-style-default\" style=\"margin:10px 0;border-width:3px;border-color:#ffffff00\"><a href=\"#\" style=\"color:#ffffff009\">.<\/a><\/div>\n<h2>Do\u015bwiadczenie konsumenta<\/h2>\n<p>Pakiety Combo s\u0105 ekonomiczne i pomagaj\u0105 zaoszcz\u0119dzi\u0107 sporo pieni\u0119dzy. Dla wi\u0119kszo\u015bci m\u0119\u017cczyzn z zaburzeniami erekcji oba leki s\u0105 najbardziej skutecznymi \u015brodkami. Jednak Tadarise dzia\u0142a szybciej ni\u017c Malegra, a wielu u\u017cytkownik\u00f3w uwa\u017ca to za wielk\u0105 zalet\u0119. Mimo to oba leki s\u0105 bardzo skuteczne w zapewnianiu trwa\u0142ej i mocnej erekcji pr\u0105cia.   <\/p>\n<p>Je\u015bli s\u0105 stosowane prawid\u0142owo, z najlepsz\u0105 skuteczno\u015bci\u0105, doskonale radz\u0105 sobie z zaburzeniami erekcji, jednym z najwi\u0119kszych m\u0119skich problem\u00f3w seksualnych. Wi\u0119kszo\u015b\u0107 ludzi mo\u017ce do\u015bwiadczy\u0107 typowych negatywnych skutk\u00f3w, ale z czasem one zanikaj\u0105. Najwa\u017cniejsze jest, aby zawsze skonsultowa\u0107 si\u0119 z lekarzem przed u\u017cyciem, aby do\u015bwiadczy\u0107 pozytywnych rezultat\u00f3w.  <\/p>\n<div class=\"su-divider su-divider-style-default\" style=\"margin:10px 0;border-width:3px;border-color:#ffffff00\"><a href=\"#\" style=\"color:#ffffff009\">.<\/a><\/div>\n<h2>Jak uzyska\u0107 pakiet Male Force ED Pack online<\/h2>\n<p><a href=\"https:\/\/buymodafinilonline.com\/pl\/\">BuyModafinilOnline<\/a> to najlepsza apteka internetowa do zakupu lek\u00f3w bez recepty, w tym Male Force ED Pack. BMO pozyskuje wysokiej jako\u015bci tabletki ED od <a href=\"https:\/\/buymodafinilonline.com\/pl\/czy-nalezy-ufac-firmom-sun-pharma-i-hab-pharma\/\">zatwierdzonych producent\u00f3w<\/a>. Nasze leki s\u0105 sprzedawane po kosztach produkcji. Jest to korzystne dla ka\u017cdego m\u0119\u017cczyzny zainteresowanego ekonomicznymi opcjami. Kupuj pewnie i oszcz\u0119dzaj wi\u0119cej pieni\u0119dzy, korzystaj\u0105c z naszych <a href=\"https:\/\/buymodafinilonline.com\/coupons-deals-promo-codes\/\">kupon\u00f3w i rabat\u00f3w<\/a> (szczeg\u00f3lnie 23% zni\u017cki przy p\u0142atno\u015bci <a href=\"https:\/\/buymodafinilonline.com\/pl\/zaplac-bitcoinami-a-dostaniesz-33-rabatu\/\">Bitcoinem<\/a>). Nie przegap szansy na skorzystanie z dost\u0119pnych kupon\u00f3w!     <\/p>\n<p>Nasza <a href=\"https:\/\/buymodafinilonline.com\/pl\/najlepszy-dostawca-w-polsce\/\">wysy\u0142ka<\/a> jest doskona\u0142a dla wi\u0119kszo\u015bci cz\u0119\u015bci \u015bwiata. W przypadku nieudanej dostawy gwarantujemy pe\u0142ny <a href=\"https:\/\/buymodafinilonline.com\/refund-reshipment\/\">zwrot pieni\u0119dzy lub ponown\u0105 wysy\u0142k\u0119<\/a>. BMO ma wygodn\u0105 stron\u0119 internetow\u0105, na kt\u00f3rej dostarcza pomocnych informacji na temat ka\u017cdej podr\u00f3\u017cy kupuj\u0105cego &#8211; od l\u0105dowania do kasy.  <\/p>\n<div class=\"su-divider su-divider-style-default\" style=\"margin:10px 0;border-width:3px;border-color:#ffffff00\"><a href=\"#\" style=\"color:#ffffff009\">.<\/a><\/div>\n[\/vc_column]\n","protected":false},"excerpt":{"rendered":"<p>P.S. Pami\u0119taj,<strong> aby okre\u015bli\u0107 preferencje dotycz\u0105ce pakietu Male Force ED Pack<\/strong> w polu Uwagi specjalne na stronie p\u0142atno\u015bci (pod adresem wysy\u0142ki).<\/p>\n<p>Je\u015bli zapomnisz sprecyzowa\u0107 swoje preferencje dotycz\u0105ce kombinacji, domy\u015blnie do\u0142\u0105czymy 50% tabletek Malegra 100 mg (generyczna Viagra) i 50% tabletek Tadarise 20 mg (generyczny Cialis).<\/p>\n<p>Ten Saver Pack NIE zawiera Modalert, Waklert ani podj\u0119zykowego Modafil MD. Zamiast tego wypr\u00f3buj nasz specjalny <a href=\"https:\/\/buymodafinilonline.com\/smart-drugs\/superb-combo-pack\/\">pakiet Superb Combo<\/a>. <\/p>\n[sc name=\"s1\"]\n","protected":false},"featured_media":398091,"comment_status":"open","ping_status":"closed","template":"","meta":{"_acf_changed":false},"product_brand":[],"product_cat":[3904,4045,4238],"product_tag":[8785,8790,8794,8804],"class_list":{"0":"post-410478","1":"product","2":"type-product","3":"status-publish","4":"has-post-thumbnail","6":"product_cat-hity-sprzedazy","7":"product_cat-marki-inteligentnych-lekow","8":"product_cat-pakiety-combo","9":"product_tag-cialis-pl","10":"product_tag-dapoxetine-pl","11":"product_tag-levitra-pl","12":"product_tag-viagra-pl","14":"first","15":"instock","16":"sale","17":"shipping-taxable","18":"purchasable","19":"product-type-variable","20":"has-default-attributes"},"acf":[],"yoast_head":"<!-- This site is optimized with the Yoast SEO Premium plugin v23.6 (Yoast SEO v27.3) - https:\/\/yoast.com\/product\/yoast-seo-premium-wordpress\/ -->\n<title>Pakiet Male Force ED (Viagra, Cialis i Levitra) | BuyModafinilOnline.com<\/title>\n<meta name=\"description\" content=\"Male Force ED Pack zawiera generyczne wersje popularnych lek\u00f3w na zaburzenia erekcji: Cialis (generyczny tadalafil), Viagra (niebieska pigu\u0142ka, generyczny sildenafil) i Levitra (generyczny wardenafil).\" \/>\n<meta name=\"robots\" content=\"index, follow, max-snippet:-1, max-image-preview:large, max-video-preview:-1\" \/>\n<link rel=\"canonical\" href=\"https:\/\/buymodafinilonline.com\/pl\/pigulki-madrosci\/zestaw-male-force-ed-pack-viagra-cialis-i-levitra\/\" \/>\n<meta property=\"og:locale\" content=\"pl_PL\" \/>\n<meta property=\"og:type\" content=\"article\" \/>\n<meta property=\"og:title\" content=\"Pakiet Male Force ED (Viagra, Cialis i Levitra)\" \/>\n<meta property=\"og:description\" content=\"Male Force ED Pack zawiera generyczne wersje popularnych lek\u00f3w na zaburzenia erekcji: Cialis (generyczny tadalafil), Viagra (niebieska pigu\u0142ka, generyczny sildenafil) i Levitra (generyczny wardenafil).\" \/>\n<meta property=\"og:url\" content=\"https:\/\/buymodafinilonline.com\/pl\/pigulki-madrosci\/zestaw-male-force-ed-pack-viagra-cialis-i-levitra\/\" \/>\n<meta property=\"og:site_name\" content=\"BuyModafinilOnline.com\" \/>\n<meta property=\"article:modified_time\" content=\"2026-01-28T19:13:35+00:00\" \/>\n<meta property=\"og:image\" content=\"https:\/\/buymodafinilonline.com\/wp-content\/uploads\/2020\/04\/product-bmo-male-force-4.png\" \/>\n\t<meta property=\"og:image:width\" content=\"1280\" \/>\n\t<meta property=\"og:image:height\" content=\"1500\" \/>\n\t<meta property=\"og:image:type\" content=\"image\/png\" \/>\n<meta name=\"twitter:label1\" content=\"Szacowany czas czytania\" \/>\n\t<meta name=\"twitter:data1\" content=\"6 minut\" \/>\n<script type=\"application\/ld+json\" class=\"yoast-schema-graph\">{\"@context\":\"https:\\\/\\\/schema.org\",\"@graph\":[{\"@type\":\"WebPage\",\"@id\":\"https:\\\/\\\/buymodafinilonline.com\\\/pl\\\/pigulki-madrosci\\\/zestaw-male-force-ed-pack-viagra-cialis-i-levitra\\\/\",\"url\":\"https:\\\/\\\/buymodafinilonline.com\\\/pl\\\/pigulki-madrosci\\\/zestaw-male-force-ed-pack-viagra-cialis-i-levitra\\\/\",\"name\":\"Pakiet Male Force ED (Viagra, Cialis i Levitra) | BuyModafinilOnline.com\",\"isPartOf\":{\"@id\":\"https:\\\/\\\/buymodafinilonline.com\\\/pl\\\/#website\"},\"primaryImageOfPage\":{\"@id\":\"https:\\\/\\\/buymodafinilonline.com\\\/pl\\\/pigulki-madrosci\\\/zestaw-male-force-ed-pack-viagra-cialis-i-levitra\\\/#primaryimage\"},\"image\":{\"@id\":\"https:\\\/\\\/buymodafinilonline.com\\\/pl\\\/pigulki-madrosci\\\/zestaw-male-force-ed-pack-viagra-cialis-i-levitra\\\/#primaryimage\"},\"thumbnailUrl\":\"https:\\\/\\\/buymodafinilonline.com\\\/wp-content\\\/uploads\\\/2020\\\/04\\\/product-bmo-male-force-4.png\",\"datePublished\":\"2020-04-06T20:30:34+00:00\",\"dateModified\":\"2026-01-28T19:13:35+00:00\",\"description\":\"Male Force ED Pack zawiera generyczne wersje popularnych lek\u00f3w na zaburzenia erekcji: Cialis (generyczny tadalafil), Viagra (niebieska pigu\u0142ka, generyczny sildenafil) i Levitra (generyczny wardenafil).\",\"breadcrumb\":{\"@id\":\"https:\\\/\\\/buymodafinilonline.com\\\/pl\\\/pigulki-madrosci\\\/zestaw-male-force-ed-pack-viagra-cialis-i-levitra\\\/#breadcrumb\"},\"inLanguage\":\"pl-PL\",\"potentialAction\":[{\"@type\":\"ReadAction\",\"target\":[\"https:\\\/\\\/buymodafinilonline.com\\\/pl\\\/pigulki-madrosci\\\/zestaw-male-force-ed-pack-viagra-cialis-i-levitra\\\/\"]}]},{\"@type\":\"ImageObject\",\"inLanguage\":\"pl-PL\",\"@id\":\"https:\\\/\\\/buymodafinilonline.com\\\/pl\\\/pigulki-madrosci\\\/zestaw-male-force-ed-pack-viagra-cialis-i-levitra\\\/#primaryimage\",\"url\":\"https:\\\/\\\/buymodafinilonline.com\\\/wp-content\\\/uploads\\\/2020\\\/04\\\/product-bmo-male-force-4.png\",\"contentUrl\":\"https:\\\/\\\/buymodafinilonline.com\\\/wp-content\\\/uploads\\\/2020\\\/04\\\/product-bmo-male-force-4.png\",\"width\":1280,\"height\":1500,\"caption\":\"Male Force ED Pack (Viagra, Cialis &amp; Levitra)\"},{\"@type\":\"BreadcrumbList\",\"@id\":\"https:\\\/\\\/buymodafinilonline.com\\\/pl\\\/pigulki-madrosci\\\/zestaw-male-force-ed-pack-viagra-cialis-i-levitra\\\/#breadcrumb\",\"itemListElement\":[{\"@type\":\"ListItem\",\"position\":1,\"name\":\"Buy Modafinil Online\",\"item\":\"https:\\\/\\\/buymodafinilonline.com\\\/pl\\\/\"},{\"@type\":\"ListItem\",\"position\":2,\"name\":\"Sklep\",\"item\":\"https:\\\/\\\/buymodafinilonline.com\\\/pl\\\/sklep\\\/\"},{\"@type\":\"ListItem\",\"position\":3,\"name\":\"Marki inteligentnych lek\u00f3w\",\"item\":\"https:\\\/\\\/buymodafinilonline.com\\\/pl\\\/kategoria-produktow\\\/marki-inteligentnych-lekow\\\/\"},{\"@type\":\"ListItem\",\"position\":4,\"name\":\"Pakiet Male Force ED (Viagra, Cialis i Levitra)\"}]},{\"@type\":\"WebSite\",\"@id\":\"https:\\\/\\\/buymodafinilonline.com\\\/pl\\\/#website\",\"url\":\"https:\\\/\\\/buymodafinilonline.com\\\/pl\\\/\",\"name\":\"BuyModafinilOnline.com\",\"description\":\"Modafinil Online Pharmacy\",\"publisher\":{\"@id\":\"https:\\\/\\\/buymodafinilonline.com\\\/pl\\\/#organization\"},\"potentialAction\":[{\"@type\":\"SearchAction\",\"target\":{\"@type\":\"EntryPoint\",\"urlTemplate\":\"https:\\\/\\\/buymodafinilonline.com\\\/pl\\\/?s={search_term_string}\"},\"query-input\":{\"@type\":\"PropertyValueSpecification\",\"valueRequired\":true,\"valueName\":\"search_term_string\"}}],\"inLanguage\":\"pl-PL\"},{\"@type\":\"Organization\",\"@id\":\"https:\\\/\\\/buymodafinilonline.com\\\/pl\\\/#organization\",\"name\":\"BuyModafinilOnline\",\"url\":\"https:\\\/\\\/buymodafinilonline.com\\\/pl\\\/\",\"logo\":{\"@type\":\"ImageObject\",\"inLanguage\":\"pl-PL\",\"@id\":\"https:\\\/\\\/buymodafinilonline.com\\\/pl\\\/#\\\/schema\\\/logo\\\/image\\\/\",\"url\":\"https:\\\/\\\/buymodafinilonline.com\\\/wp-content\\\/uploads\\\/2020\\\/04\\\/logo-buy-modafinil-online-yellow.png\",\"contentUrl\":\"https:\\\/\\\/buymodafinilonline.com\\\/wp-content\\\/uploads\\\/2020\\\/04\\\/logo-buy-modafinil-online-yellow.png\",\"width\":200,\"height\":200,\"caption\":\"BuyModafinilOnline\"},\"image\":{\"@id\":\"https:\\\/\\\/buymodafinilonline.com\\\/pl\\\/#\\\/schema\\\/logo\\\/image\\\/\"}}]}<\/script>\n<!-- \/ Yoast SEO Premium plugin. -->","yoast_head_json":{"title":"Pakiet Male Force ED (Viagra, Cialis i Levitra) | BuyModafinilOnline.com","description":"Male Force ED Pack zawiera generyczne wersje popularnych lek\u00f3w na zaburzenia erekcji: Cialis (generyczny tadalafil), Viagra (niebieska pigu\u0142ka, generyczny sildenafil) i Levitra (generyczny wardenafil).","robots":{"index":"index","follow":"follow","max-snippet":"max-snippet:-1","max-image-preview":"max-image-preview:large","max-video-preview":"max-video-preview:-1"},"canonical":"https:\/\/buymodafinilonline.com\/pl\/pigulki-madrosci\/zestaw-male-force-ed-pack-viagra-cialis-i-levitra\/","og_locale":"pl_PL","og_type":"article","og_title":"Pakiet Male Force ED (Viagra, Cialis i Levitra)","og_description":"Male Force ED Pack zawiera generyczne wersje popularnych lek\u00f3w na zaburzenia erekcji: Cialis (generyczny tadalafil), Viagra (niebieska pigu\u0142ka, generyczny sildenafil) i Levitra (generyczny wardenafil).","og_url":"https:\/\/buymodafinilonline.com\/pl\/pigulki-madrosci\/zestaw-male-force-ed-pack-viagra-cialis-i-levitra\/","og_site_name":"BuyModafinilOnline.com","article_modified_time":"2026-01-28T19:13:35+00:00","og_image":[{"width":1280,"height":1500,"url":"https:\/\/buymodafinilonline.com\/wp-content\/uploads\/2020\/04\/product-bmo-male-force-4.png","type":"image\/png"}],"twitter_misc":{"Szacowany czas czytania":"6 minut"},"schema":{"@context":"https:\/\/schema.org","@graph":[{"@type":"WebPage","@id":"https:\/\/buymodafinilonline.com\/pl\/pigulki-madrosci\/zestaw-male-force-ed-pack-viagra-cialis-i-levitra\/","url":"https:\/\/buymodafinilonline.com\/pl\/pigulki-madrosci\/zestaw-male-force-ed-pack-viagra-cialis-i-levitra\/","name":"Pakiet Male Force ED (Viagra, Cialis i Levitra) | BuyModafinilOnline.com","isPartOf":{"@id":"https:\/\/buymodafinilonline.com\/pl\/#website"},"primaryImageOfPage":{"@id":"https:\/\/buymodafinilonline.com\/pl\/pigulki-madrosci\/zestaw-male-force-ed-pack-viagra-cialis-i-levitra\/#primaryimage"},"image":{"@id":"https:\/\/buymodafinilonline.com\/pl\/pigulki-madrosci\/zestaw-male-force-ed-pack-viagra-cialis-i-levitra\/#primaryimage"},"thumbnailUrl":"https:\/\/buymodafinilonline.com\/wp-content\/uploads\/2020\/04\/product-bmo-male-force-4.png","datePublished":"2020-04-06T20:30:34+00:00","dateModified":"2026-01-28T19:13:35+00:00","description":"Male Force ED Pack zawiera generyczne wersje popularnych lek\u00f3w na zaburzenia erekcji: Cialis (generyczny tadalafil), Viagra (niebieska pigu\u0142ka, generyczny sildenafil) i Levitra (generyczny wardenafil).","breadcrumb":{"@id":"https:\/\/buymodafinilonline.com\/pl\/pigulki-madrosci\/zestaw-male-force-ed-pack-viagra-cialis-i-levitra\/#breadcrumb"},"inLanguage":"pl-PL","potentialAction":[{"@type":"ReadAction","target":["https:\/\/buymodafinilonline.com\/pl\/pigulki-madrosci\/zestaw-male-force-ed-pack-viagra-cialis-i-levitra\/"]}]},{"@type":"ImageObject","inLanguage":"pl-PL","@id":"https:\/\/buymodafinilonline.com\/pl\/pigulki-madrosci\/zestaw-male-force-ed-pack-viagra-cialis-i-levitra\/#primaryimage","url":"https:\/\/buymodafinilonline.com\/wp-content\/uploads\/2020\/04\/product-bmo-male-force-4.png","contentUrl":"https:\/\/buymodafinilonline.com\/wp-content\/uploads\/2020\/04\/product-bmo-male-force-4.png","width":1280,"height":1500,"caption":"Male Force ED Pack (Viagra, Cialis &amp; Levitra)"},{"@type":"BreadcrumbList","@id":"https:\/\/buymodafinilonline.com\/pl\/pigulki-madrosci\/zestaw-male-force-ed-pack-viagra-cialis-i-levitra\/#breadcrumb","itemListElement":[{"@type":"ListItem","position":1,"name":"Buy Modafinil Online","item":"https:\/\/buymodafinilonline.com\/pl\/"},{"@type":"ListItem","position":2,"name":"Sklep","item":"https:\/\/buymodafinilonline.com\/pl\/sklep\/"},{"@type":"ListItem","position":3,"name":"Marki inteligentnych lek\u00f3w","item":"https:\/\/buymodafinilonline.com\/pl\/kategoria-produktow\/marki-inteligentnych-lekow\/"},{"@type":"ListItem","position":4,"name":"Pakiet Male Force ED (Viagra, Cialis i Levitra)"}]},{"@type":"WebSite","@id":"https:\/\/buymodafinilonline.com\/pl\/#website","url":"https:\/\/buymodafinilonline.com\/pl\/","name":"BuyModafinilOnline.com","description":"Modafinil Online Pharmacy","publisher":{"@id":"https:\/\/buymodafinilonline.com\/pl\/#organization"},"potentialAction":[{"@type":"SearchAction","target":{"@type":"EntryPoint","urlTemplate":"https:\/\/buymodafinilonline.com\/pl\/?s={search_term_string}"},"query-input":{"@type":"PropertyValueSpecification","valueRequired":true,"valueName":"search_term_string"}}],"inLanguage":"pl-PL"},{"@type":"Organization","@id":"https:\/\/buymodafinilonline.com\/pl\/#organization","name":"BuyModafinilOnline","url":"https:\/\/buymodafinilonline.com\/pl\/","logo":{"@type":"ImageObject","inLanguage":"pl-PL","@id":"https:\/\/buymodafinilonline.com\/pl\/#\/schema\/logo\/image\/","url":"https:\/\/buymodafinilonline.com\/wp-content\/uploads\/2020\/04\/logo-buy-modafinil-online-yellow.png","contentUrl":"https:\/\/buymodafinilonline.com\/wp-content\/uploads\/2020\/04\/logo-buy-modafinil-online-yellow.png","width":200,"height":200,"caption":"BuyModafinilOnline"},"image":{"@id":"https:\/\/buymodafinilonline.com\/pl\/#\/schema\/logo\/image\/"}}]}},"_links":{"self":[{"href":"https:\/\/buymodafinilonline.com\/pl\/wp-json\/wp\/v2\/product\/410478","targetHints":{"allow":["GET"]}}],"collection":[{"href":"https:\/\/buymodafinilonline.com\/pl\/wp-json\/wp\/v2\/product"}],"about":[{"href":"https:\/\/buymodafinilonline.com\/pl\/wp-json\/wp\/v2\/types\/product"}],"replies":[{"embeddable":true,"href":"https:\/\/buymodafinilonline.com\/pl\/wp-json\/wp\/v2\/comments?post=410478"}],"wp:featuredmedia":[{"embeddable":true,"href":"https:\/\/buymodafinilonline.com\/pl\/wp-json\/wp\/v2\/media\/398091"}],"wp:attachment":[{"href":"https:\/\/buymodafinilonline.com\/pl\/wp-json\/wp\/v2\/media?parent=410478"}],"wp:term":[{"taxonomy":"product_brand","embeddable":true,"href":"https:\/\/buymodafinilonline.com\/pl\/wp-json\/wp\/v2\/product_brand?post=410478"},{"taxonomy":"product_cat","embeddable":true,"href":"https:\/\/buymodafinilonline.com\/pl\/wp-json\/wp\/v2\/product_cat?post=410478"},{"taxonomy":"product_tag","embeddable":true,"href":"https:\/\/buymodafinilonline.com\/pl\/wp-json\/wp\/v2\/product_tag?post=410478"}],"curies":[{"name":"wp","href":"https:\/\/api.w.org\/{rel}","templated":true}]}}