{"id":446804,"date":"2022-08-26T08:37:26","date_gmt":"2022-08-26T07:37:26","guid":{"rendered":"https:\/\/buymodafinilonline.com\/smart-drugs\/armodaxl-150-mg\/"},"modified":"2025-05-11T14:35:24","modified_gmt":"2025-05-11T13:35:24","slug":"armodaxl-150-mg","status":"publish","type":"product","link":"https:\/\/buymodafinilonline.com\/pl\/pigulki-madrosci\/armodaxl-150-mg\/","title":{"rendered":"ArmodaXL 150 MG"},"content":{"rendered":"[vc_column width=&#8221;1\/2&#8243;]\n<h2>Co to jest ArmodaXL 150 mg?<\/h2>\n<p>ArmodaXL 150 mg jest generyczn\u0105 wersj\u0105 leku Nuvigil, leku markowego stosowanego w leczeniu nadmiernej senno\u015bci w ci\u0105gu dnia spowodowanej niekt\u00f3rymi zaburzeniami snu. Zawiera 150 mg armodafinilu jako sk\u0142adnik aktywny i zapewnia nieco silniejsze dzia\u0142anie ni\u017c niekt\u00f3re inne marki generyczne.<\/p>\n<p>Jak jego markowy odpowiednik, ArmodaXL jest zatwierdzony przez Food and Drug Administration i jest cz\u0119sto przepisywany w leczeniu OSA, SWSD i narkolepsji. Jednak wiele zdrowych os\u00f3b stosuje go off-label w celu zwi\u0119kszenia funkcji poznawczych.<\/p>\n<p>ArmodaXL daje nieco silniejsze efekty w por\u00f3wnaniu do Provigilu i jego generycznych marek, takich jak mi\u0119dzy innymi <a href=\"https:\/\/buymodafinilonline.com\/pl\/pigulki-madrosci\/modaxl-200-mg\/\">ModaXL<\/a>, <a href=\"https:\/\/buymodafinilonline.com\/smart-drugs\/modalert-200-mg-tablets\/\">Modalert<\/a> i <a href=\"https:\/\/buymodafinilonline.com\/smart-drugs\/modaheal-200-mg-tablets\/\">Modaheal<\/a>. W zwi\u0105zku z tym mo\u017ce by\u0107 pomocny dla os\u00f3b, kt\u00f3re nie uwa\u017caj\u0105 nootrop\u00f3w opartych na modafinilu za wystarczaj\u0105co silne.<\/p>\n<p>Jest bezpieczny i dobrze tolerowany. Jednak\u017ce jest on wskazany do stosowania wy\u0142\u0105cznie u os\u00f3b w wieku co najmniej 18 lat i starszych. Nie jest bezpieczny dla kobiet w ci\u0105\u017cy, matek karmi\u0105cych oraz os\u00f3b z niekt\u00f3rymi podstawowymi schorzeniami. Przed rozpocz\u0119ciem leczenia nim nale\u017cy skonsultowa\u0107 si\u0119 z lekarzem.<\/p>\n<h2>Jak dzia\u0142aj\u0105 te tabletki?<\/h2>\n<p>ArmodaXL dzieli ten sam mechanizm dzia\u0142ania co jej markowy odpowiednik, poniewa\u017c zawiera armodafinil jako sk\u0142adnik aktywny. Chocia\u017c naukowcy nie rozumiej\u0105 jeszcze dok\u0142adnie, jak dzia\u0142a, wiedz\u0105, \u017ce jest to zwi\u0105zane z poziomem pewnych neuroprzeka\u017anik\u00f3w w m\u00f3zgu.<\/p>\n<p>Poziomy dopaminy, serotoniny i kwasu gamma-aminomas\u0142owego, w\u015br\u00f3d kilku innych neuroprzeka\u017anik\u00f3w w m\u00f3zgu, s\u0105 znane z wp\u0142ywu na nastr\u00f3j i cykl czuwania-snu. Naukowcy uwa\u017caj\u0105, \u017ce ArmodaXL reguluje poziom tych substancji chemicznych, ustawiaj\u0105c je na poziomach wymaganych do osi\u0105gni\u0119cia szczytowej wydajno\u015bci.<\/p>\n<h2>Bezpieczne dawkowanie i w\u0142a\u015bciwe stosowanie<\/h2>\n<p>ArmodaXL musi by\u0107 stosowana prawid\u0142owo, aby uzyska\u0107 najlepsze rezultaty przy minimalnym ryzyku wyst\u0105pienia jakichkolwiek skutk\u00f3w ubocznych. Wsp\u00f3lna dawka pocz\u0105tkowa wynosi 150 mg, ale mo\u017ce by\u0107 dostosowana na podstawie tolerancji lub wra\u017cliwo\u015bci u\u017cytkownika.<\/p>\n<p>Czas podawania leku mo\u017ce si\u0119 r\u00f3\u017cni\u0107 w zale\u017cno\u015bci od stanu, kt\u00f3ry ma by\u0107 leczony. Na pocz\u0105tek tabletka ma by\u0107 przyjmowana wcze\u015bnie rano, gdy jest stosowana w leczeniu obturacyjnego bezdechu sennego i narkolepsji. Jednak w przypadku stosowania w leczeniu zaburze\u0144 snu zwi\u0105zanych z prac\u0105 zmianow\u0105, tabletk\u0119 nale\u017cy przyj\u0105\u0107 na oko\u0142o 1 godzin\u0119 przed rozpocz\u0119ciem zmiany.<\/p>\n<p>Co wi\u0119cej, nale\u017cy przyjmowa\u0107 tylko jedn\u0105 dawk\u0119 na dob\u0119; przyj\u0119cie wi\u0119kszej ilo\u015bci mo\u017ce zwi\u0119kszy\u0107 ryzyko wyst\u0105pienia powa\u017cnych skutk\u00f3w ubocznych. Tabletki nale\u017cy po\u0142yka\u0107 w ca\u0142o\u015bci, popijaj\u0105c znaczn\u0105 ilo\u015bci\u0105 wody. Niewskazane jest wci\u0105ganie lub rozpuszczanie tabs\u00f3w w wodzie do picia, poniewa\u017c mo\u017ce to zmieni\u0107 dawk\u0119 wymagan\u0105 do skuteczno\u015bci leku.<\/p>\n<p>ArmodaXL jest lekiem na recept\u0119; nale\u017cy wi\u0119c stosowa\u0107 go z rozwag\u0105. Przed rozpocz\u0119ciem leczenia nim nale\u017cy skonsultowa\u0107 si\u0119 z lekarzem lub pracownikiem s\u0142u\u017cby zdrowia.<\/p>\n<h2>Mo\u017cliwe dzia\u0142ania niepo\u017c\u0105dane<\/h2>\n<p>Wcze\u015bniej stwierdzili\u015bmy, \u017ce ArmodaXL jest bezpieczna i dobrze tolerowana; to prawda, ale warto zauwa\u017cy\u0107, \u017ce nie jest pozbawiona skutk\u00f3w ubocznych. U niekt\u00f3rych os\u00f3b stosuj\u0105cych lek po raz pierwszy cz\u0119sto wyst\u0119puj\u0105 dzia\u0142ania niepo\u017c\u0105dane, takie jak nudno\u015bci, rozstr\u00f3j \u017co\u0142\u0105dka, zawroty g\u0142owy, katar lub b\u00f3le g\u0142owy. Cz\u0119sto powstaj\u0105 one w wyniku walki organizmu z aklimatyzacj\u0105 do wprowadzonego do krwiobiegu leku. Tego rodzaju skutki uboczne s\u0105 zazwyczaj kr\u00f3tkotrwa\u0142e i maj\u0105 tendencj\u0119 do ust\u0119powania bez otrzymywania leczenia.<\/p>\n<p>Z lekiem zwi\u0105zane s\u0105 powa\u017cniejsze dzia\u0142ania niepo\u017c\u0105dane. Zazwyczaj s\u0105 one spowodowane przedawkowaniem lub innymi formami nadu\u017cycia. Do niekt\u00f3rych z nich nale\u017c\u0105:<\/p>\n<ul>\n<li>b\u00f3l w klatce piersiowej;<\/li>\n<li>gor\u0105czka;<\/li>\n<li>wahania nastroju;<\/li>\n<li>szybkie lub nieregularne bicie serca;<\/li>\n<li>halucynacje;<\/li>\n<li>depresja;<\/li>\n<li>niepok\u00f3j.<\/li>\n<\/ul>\n[\/vc_column][vc_column width=&#8221;1\/2&#8243;]\nWarto zauwa\u017cy\u0107, \u017ce te niekorzystne efekty mog\u0105 sta\u0107 si\u0119 zagro\u017ceniem dla \u017cycia, je\u015bli pozostan\u0105 bez nadzoru. W zwi\u0105zku z tym, zaleca si\u0119, aby szuka\u0107 pilnej pomocy medycznej po do\u015bwiadczeniu kt\u00f3regokolwiek z nich. Przed rozpocz\u0119ciem leczenia tym lekiem nale\u017cy skonsultowa\u0107 si\u0119 z lekarzem.<\/p>\n<h2>Przeciwwskazania i \u015brodki ostro\u017cno\u015bci<\/h2>\n<p>Podczas stosowania leku ArmodaXL nale\u017cy unika\u0107 lub zaprzesta\u0107 stosowania niekt\u00f3rych lek\u00f3w, napoj\u00f3w, kt\u00f3re mog\u0105 powodowa\u0107 interakcje. Interakcje lekowe mog\u0105 zmniejszy\u0107 skuteczno\u015b\u0107 jednego lub kilku \u0142\u0105czonych lek\u00f3w lub nawet zwi\u0119kszy\u0107 ryzyko wyst\u0105pienia dzia\u0142a\u0144 niepo\u017c\u0105danych.<\/p>\n<p>Nale\u017cy unika\u0107 stosowania nast\u0119puj\u0105cych lek\u00f3w:<\/p>\n<ul>\n<li>bosutinib;<\/li>\n<li>rifampina\/Rifadin;<\/li>\n<li>klopidogrel;<\/li>\n<li>deflazacort;<\/li>\n<li>\u015brodki uspokajaj\u0105ce, takie jak midazolam\/Versed, triazolam\/Halcion lub diazepam\/Valium;<\/li>\n<li>leki przeciwgrzybicze, takie jak itrakonazol\/Sporanox lub ketokonazol\/Nizoral.<\/li>\n<\/ul>\n<p>Nale\u017cy pami\u0119ta\u0107, \u017ce istnieje kilka innych lek\u00f3w wchodz\u0105cych w interakcje z lekiem ArmodaXL, kt\u00f3re nie zosta\u0142y wymienione powy\u017cej. W celu uzyskania bardziej wyczerpuj\u0105cej listy nale\u017cy zapozna\u0107 si\u0119 z ulotk\u0105 informacyjn\u0105 leku oraz skonsultowa\u0107 si\u0119 z lekarzem.<\/p>\n<p>Co wi\u0119cej, nie nale\u017cy spo\u017cywa\u0107 alkoholu w trakcie, przed lub po przyj\u0119ciu tego leku, poniewa\u017c mo\u017ce on spowodowa\u0107 zaciemnienie lub zwi\u0119kszy\u0107 ryzyko wyst\u0105pienia dzia\u0142a\u0144 niepo\u017c\u0105danych. Pokarmy bogate w t\u0142uszcz s\u0105 znane z tego, \u017ce op\u00f3\u017aniaj\u0105 pocz\u0105tek jego skutk\u00f3w. Przed rozpocz\u0119ciem leczenia lekiem ArmodaXL nale\u017cy porozmawia\u0107 z lekarzem.<\/p>\n<p><img fetchpriority=\"high\" decoding=\"async\" class=\"alignnone size-full wp-image-473835\" src=\"https:\/\/buymodafinilonline.com\/wp-content\/uploads\/2024\/05\/ArmodaXL-Certificate-of-Analysis.png\" alt=\"\" width=\"1600\" height=\"2071\" srcset=\"https:\/\/buymodafinilonline.com\/wp-content\/uploads\/2024\/05\/ArmodaXL-Certificate-of-Analysis.png 1600w, https:\/\/buymodafinilonline.com\/wp-content\/uploads\/2024\/05\/ArmodaXL-Certificate-of-Analysis-232x300.png 232w, https:\/\/buymodafinilonline.com\/wp-content\/uploads\/2024\/05\/ArmodaXL-Certificate-of-Analysis-791x1024.png 791w, https:\/\/buymodafinilonline.com\/wp-content\/uploads\/2024\/05\/ArmodaXL-Certificate-of-Analysis-768x994.png 768w, https:\/\/buymodafinilonline.com\/wp-content\/uploads\/2024\/05\/ArmodaXL-Certificate-of-Analysis-1187x1536.png 1187w, https:\/\/buymodafinilonline.com\/wp-content\/uploads\/2024\/05\/ArmodaXL-Certificate-of-Analysis-1582x2048.png 1582w, https:\/\/buymodafinilonline.com\/wp-content\/uploads\/2024\/05\/ArmodaXL-Certificate-of-Analysis-990x1281.png 990w, https:\/\/buymodafinilonline.com\/wp-content\/uploads\/2024\/05\/ArmodaXL-Certificate-of-Analysis-441x571.png 441w, https:\/\/buymodafinilonline.com\/wp-content\/uploads\/2024\/05\/ArmodaXL-Certificate-of-Analysis-300x388.png 300w, https:\/\/buymodafinilonline.com\/wp-content\/uploads\/2024\/05\/ArmodaXL-Certificate-of-Analysis-800x1036.png 800w, https:\/\/buymodafinilonline.com\/wp-content\/uploads\/2024\/05\/ArmodaXL-Certificate-of-Analysis-150x194.png 150w\" sizes=\"(max-width: 1600px) 100vw, 1600px\" \/><\/p>\n<h2>Do\u015bwiadczenie konsumenta<\/h2>\n<p>Zdecydowana wi\u0119kszo\u015b\u0107 os\u00f3b, kt\u00f3re pr\u00f3bowa\u0142y tego leku da\u0142y mu kciuki w oparciu o jego skuteczno\u015b\u0107, tolerancj\u0119, \u0142atwo\u015b\u0107 u\u017cycia, a zw\u0142aszcza jego znacznie szybszy pocz\u0105tek efekt\u00f3w. Podczas gdy ArmodaXL zawiera armodafinil jak inne marki generyczne Nuvigil, jego unikalna mieszanka nieaktywnych sk\u0142adnik\u00f3w sprawia, \u017ce jego efekty s\u0105 szybsze.<\/p>\n<p>Osoby z zaburzeniami snu, jak r\u00f3wnie\u017c osoby zdrowe, kt\u00f3re za\u017cywaj\u0105 go w celach zawodowych lub naukowych, twierdz\u0105, \u017ce &#8220;dzia\u0142a jak magia&#8221;. Id\u0105c przez du\u017c\u0105 akceptacj\u0119 i pozytywne opinie, kt\u00f3re nowy lek dostaje, wydaje si\u0119 by\u0107 skuteczny dla stosunkowo szerokiej grupy os\u00f3b. W zwi\u0105zku z tym istnieje du\u017ca szansa, \u017ce zadzia\u0142a w Twoim przypadku, niezale\u017cnie od tego, czy szukasz sposobu na leczenie zaburze\u0144 snu, czy te\u017c zwi\u0119kszenia funkcji poznawczych. Pami\u0119taj, aby przed rozpocz\u0119ciem leczenia nim skonsultowa\u0107 si\u0119 z lekarzem.<\/p>\n<h2>Kupi\u0107 Generyczny ArmodaXL 150mg (Armodafinil) Online<\/h2>\n<p>ArmodaXL 150 mg to lek o wysokiej skuteczno\u015bci, a w naszej aptece internetowej mo\u017cna go dosta\u0107 tanio. Mo\u017cna uzyska\u0107 ka\u017cd\u0105 pigu\u0142k\u0119 w $ 1,69 + bezp\u0142atna wysy\u0142ka, je\u015bli kupisz 100 tabletek w ruchu i tak niskie, jak $ 0,99, je\u015bli kupisz 500 tabletek. Zaoszcz\u0119dzisz sporo pieni\u0119dzy id\u0105c po 500 tabletek (1 rok i 4 miesi\u0105ce tabletek), i nie ma powodu, aby martwi\u0107 si\u0119 o wyga\u015bni\u0119cie, poniewa\u017c ka\u017cda partia tabletek trwa przez co najmniej 3 lata.<\/p>\n<p><a href=\"https:\/\/buymodafinilonline.com\/pl\/\">BuyModafinilOnline<\/a> jest najlepszym miejscem do zakupu tego leku ze wzgl\u0119du na zach\u0119ty, kt\u00f3re zapewniamy, aby pom\u00f3c Ci uzyska\u0107 najlepsz\u0105 warto\u015b\u0107 dla Twoich pieni\u0119dzy. Niekt\u00f3re z korzy\u015bci, kt\u00f3re stoj\u0105 do zdobycia obejmuj\u0105:<\/p>\n<ul>\n<li>100% gwarancja zwrotu pieni\u0119dzy;<\/li>\n<li><a href=\"https:\/\/buymodafinilonline.com\/pl\/najlepszy-dostawca-w-polsce\/\">bezp\u0142atna wysy\u0142ka standardowa przy zam\u00f3wieniach powy\u017cej 130 USD;<\/a><\/li>\n<li>produkty wysokiej jako\u015bci o 100% czysto\u015bci;<\/li>\n<li><a href=\"https:\/\/buymodafinilonline.com\/coupons-deals-promo-codes\/\">niesamowite zni\u017cki<\/a>, w tym <a href=\"https:\/\/buymodafinilonline.com\/bitcoin-payment\/\">specjalna zni\u017cka 23%<\/a> dla p\u0142atno\u015bci kryptowalutowych.<\/li>\n<\/ul>\n<p>Realizujemy zam\u00f3wienia do wszystkich cz\u0119\u015bci \u015bwiata poprzez nasze stosunkowo szerokie us\u0142ugi wysy\u0142kowe. Dost\u0119pne s\u0105 r\u00f3wnie\u017c dostawy krajowe z USA do USA za po\u015brednictwem USPS oraz z Wielkiej Brytanii do Wielkiej Brytanii za po\u015brednictwem Royal Mail. W przypadku tych opcji, dostawy na terenie USA i Wielkiej Brytanii maj\u0105 zazwyczaj okres oczekiwania wynosz\u0105cy odpowiednio 3-4 dni i 5 dni.<\/p>\n<p>Akceptujemy PayPal, AmEx, Bitcoin i wszystkie g\u0142\u00f3wne karty debetowe. Transakcje s\u0105 zawsze bezpieczne i p\u0142ynne na naszej platformie, poniewa\u017c jest ona chroniona przez firewall i certyfikat SSL.<\/p>\n<p>Bez recepty? Nie ma problemu! Z\u0142\u00f3\u017c zam\u00f3wienie teraz, aby otrzyma\u0107 wysokiej jako\u015bci tabletki ArmodaXL 150 wys\u0142ane bezpo\u015brednio do Twoich drzwi.<\/p>\n[\/vc_column]\n","protected":false},"excerpt":{"rendered":"<p>Poznaj nasz najlepiej sprzedaj\u0105cy si\u0119 &#8220;inteligentny lek&#8221; ArmodaXL. Jest to ulepszona generyczna wersja <a href=\"https:\/\/buymodafinilonline.com\/smart-drugs\/generic-nuvigil\/\">Nuvigilu<\/a>, kt\u00f3ra zawiera <em><strong>czysty armodafinil<\/strong><\/em> jako sw\u00f3j aktywny sk\u0142adnik. Jego szybko\u015b\u0107 wch\u0142aniania jest <strong><em>5% wy\u017cszy<\/em><\/strong> ni\u017c <a href=\"https:\/\/buymodafinilonline.com\/smart-drugs\/waklert-150-mg-tablets\/\">Waklert<\/a>, a jego szczytowy efekt to <strong><em>30% mocniejszy<\/em><\/strong>; dlatego jest od niego lepszy. Jednak marki takie jak <a href=\"https:\/\/buymodafinilonline.com\/smart-drugs\/artvigil-150-mg-tablets\/\">Artvigil<\/a> i <a href=\"https:\/\/buymodafinilonline.com\/smart-drugs\/armodavinil-150-mg\/\">Armodavinil<\/a> s\u0105 doskona\u0142ymi tanimi alternatywami, kt\u00f3re oferuj\u0105 podobne korzy\u015bci, je\u015bli s\u0105 przyjmowane sporadycznie. HOF Pharmaceuticals jest producentem leku ArmodaXL. Firma znana jest z produkcji wysokiej jako\u015bci lek\u00f3w generycznych w swoich zak\u0142adach produkcyjnych zatwierdzonych przez GMP-WHO.<\/p>\n<p>Zak\u0142adki ArmodaXL znajduj\u0105 si\u0119 w specjalnie wykonanym aluminiowym opakowaniu, kt\u00f3re utrzymuje ich \u015bwie\u017co\u015b\u0107 nawet przez 3 lata. Wszystkie nasze produkty s\u0105 oryginalne; mo\u017cna to pozna\u0107 po tym, \u017ce <em><strong>Etykieta U.S.P.<\/strong><\/em> nosz\u0105.<\/p>\n<p>Mamy teraz ArmodaXL na sprzeda\u017c w przyst\u0119pnej cenie. Pozyskujemy tabletki bezpo\u015brednio z Indii, wi\u0119c mo\u017cesz mie\u0107 pewno\u015b\u0107, \u017ce otrzymasz najlepsz\u0105 cen\u0119. Ju\u017c teraz mo\u017cesz kupi\u0107 do 1000 tabletek bez recepty. Zap\u0142a\u0107 za pomoc\u0105 PayPal, <a href=\"https:\/\/buymodafinilonline.com\/bitcoin-payment\/\">Bitcoin<\/a> lub kart kredytowych\/debetowych.<\/p>\n<p>Kup teraz, aby tabletki zosta\u0142y wys\u0142ane pod Twoje drzwi.<\/p>\n","protected":false},"featured_media":444292,"comment_status":"closed","ping_status":"closed","template":"","meta":{"_acf_changed":false},"product_brand":[],"product_cat":[3904,4045],"product_tag":[4046],"class_list":{"0":"post-446804","1":"product","2":"type-product","3":"status-publish","4":"has-post-thumbnail","6":"product_cat-hity-sprzedazy","7":"product_cat-marki-inteligentnych-lekow","8":"product_tag-armodafinil-pl-2","10":"first","11":"instock","12":"sale","13":"shipping-taxable","14":"purchasable","15":"product-type-variable","16":"has-default-attributes"},"acf":[],"yoast_head":"<!-- This site is optimized with the Yoast SEO Premium plugin v23.6 (Yoast SEO v27.3) - https:\/\/yoast.com\/product\/yoast-seo-premium-wordpress\/ -->\n<title>Kup ArmodaXL 150 MG (Armodafinil) Leki w niskiej cenie - BuyModafinilOnline<\/title>\n<meta name=\"description\" content=\"Zam\u00f3w online tanie tabletki ArmodaXL 150 mg od producenta HOF Pharmaceuticals. Kup generyczny ArmodaXL (armodafinil) z wielk\u0105 zni\u017ck\u0105 dla p\u0142atno\u015bci Bitcoin w aptece BuyModafinilOnline!\" \/>\n<meta name=\"robots\" content=\"index, follow, max-snippet:-1, max-image-preview:large, max-video-preview:-1\" \/>\n<link rel=\"canonical\" href=\"https:\/\/buymodafinilonline.com\/pl\/pigulki-madrosci\/armodaxl-150-mg\/\" \/>\n<meta property=\"og:locale\" content=\"pl_PL\" \/>\n<meta property=\"og:type\" content=\"article\" \/>\n<meta property=\"og:title\" content=\"ArmodaXL 150 MG\" \/>\n<meta property=\"og:description\" content=\"Zam\u00f3w online tanie tabletki ArmodaXL 150 mg od producenta HOF Pharmaceuticals. Kup generyczny ArmodaXL (armodafinil) z wielk\u0105 zni\u017ck\u0105 dla p\u0142atno\u015bci Bitcoin w aptece BuyModafinilOnline!\" \/>\n<meta property=\"og:url\" content=\"https:\/\/buymodafinilonline.com\/pl\/pigulki-madrosci\/armodaxl-150-mg\/\" \/>\n<meta property=\"og:site_name\" content=\"BuyModafinilOnline.com\" \/>\n<meta property=\"article:modified_time\" content=\"2025-05-11T13:35:24+00:00\" \/>\n<meta property=\"og:image\" content=\"https:\/\/buymodafinilonline.com\/wp-content\/uploads\/2022\/08\/bmo-product-armodaxl-pack.png\" \/>\n\t<meta property=\"og:image:width\" content=\"1280\" \/>\n\t<meta property=\"og:image:height\" content=\"1500\" \/>\n\t<meta property=\"og:image:type\" content=\"image\/png\" \/>\n<meta name=\"twitter:label1\" content=\"Szacowany czas czytania\" \/>\n\t<meta name=\"twitter:data1\" content=\"7 minut\" \/>\n<script type=\"application\/ld+json\" class=\"yoast-schema-graph\">{\"@context\":\"https:\\\/\\\/schema.org\",\"@graph\":[{\"@type\":\"WebPage\",\"@id\":\"https:\\\/\\\/buymodafinilonline.com\\\/pl\\\/pigulki-madrosci\\\/armodaxl-150-mg\\\/\",\"url\":\"https:\\\/\\\/buymodafinilonline.com\\\/pl\\\/pigulki-madrosci\\\/armodaxl-150-mg\\\/\",\"name\":\"Kup ArmodaXL 150 MG (Armodafinil) Leki w niskiej cenie - BuyModafinilOnline\",\"isPartOf\":{\"@id\":\"https:\\\/\\\/buymodafinilonline.com\\\/pl\\\/#website\"},\"primaryImageOfPage\":{\"@id\":\"https:\\\/\\\/buymodafinilonline.com\\\/pl\\\/pigulki-madrosci\\\/armodaxl-150-mg\\\/#primaryimage\"},\"image\":{\"@id\":\"https:\\\/\\\/buymodafinilonline.com\\\/pl\\\/pigulki-madrosci\\\/armodaxl-150-mg\\\/#primaryimage\"},\"thumbnailUrl\":\"https:\\\/\\\/buymodafinilonline.com\\\/wp-content\\\/uploads\\\/2022\\\/08\\\/bmo-product-armodaxl-pack.png\",\"datePublished\":\"2022-08-26T07:37:26+00:00\",\"dateModified\":\"2025-05-11T13:35:24+00:00\",\"description\":\"Zam\u00f3w online tanie tabletki ArmodaXL 150 mg od producenta HOF Pharmaceuticals. Kup generyczny ArmodaXL (armodafinil) z wielk\u0105 zni\u017ck\u0105 dla p\u0142atno\u015bci Bitcoin w aptece BuyModafinilOnline!\",\"breadcrumb\":{\"@id\":\"https:\\\/\\\/buymodafinilonline.com\\\/pl\\\/pigulki-madrosci\\\/armodaxl-150-mg\\\/#breadcrumb\"},\"inLanguage\":\"pl-PL\",\"potentialAction\":[{\"@type\":\"ReadAction\",\"target\":[\"https:\\\/\\\/buymodafinilonline.com\\\/pl\\\/pigulki-madrosci\\\/armodaxl-150-mg\\\/\"]}]},{\"@type\":\"ImageObject\",\"inLanguage\":\"pl-PL\",\"@id\":\"https:\\\/\\\/buymodafinilonline.com\\\/pl\\\/pigulki-madrosci\\\/armodaxl-150-mg\\\/#primaryimage\",\"url\":\"https:\\\/\\\/buymodafinilonline.com\\\/wp-content\\\/uploads\\\/2022\\\/08\\\/bmo-product-armodaxl-pack.png\",\"contentUrl\":\"https:\\\/\\\/buymodafinilonline.com\\\/wp-content\\\/uploads\\\/2022\\\/08\\\/bmo-product-armodaxl-pack.png\",\"width\":1280,\"height\":1500,\"caption\":\"Highest Quality MoodaXL Modafinil Pills 200 mg\"},{\"@type\":\"BreadcrumbList\",\"@id\":\"https:\\\/\\\/buymodafinilonline.com\\\/pl\\\/pigulki-madrosci\\\/armodaxl-150-mg\\\/#breadcrumb\",\"itemListElement\":[{\"@type\":\"ListItem\",\"position\":1,\"name\":\"Buy Modafinil Online\",\"item\":\"https:\\\/\\\/buymodafinilonline.com\\\/pl\\\/\"},{\"@type\":\"ListItem\",\"position\":2,\"name\":\"Sklep\",\"item\":\"https:\\\/\\\/buymodafinilonline.com\\\/pl\\\/sklep\\\/\"},{\"@type\":\"ListItem\",\"position\":3,\"name\":\"Marki inteligentnych lek\u00f3w\",\"item\":\"https:\\\/\\\/buymodafinilonline.com\\\/pl\\\/kategoria-produktow\\\/marki-inteligentnych-lekow\\\/\"},{\"@type\":\"ListItem\",\"position\":4,\"name\":\"ArmodaXL 150 MG\"}]},{\"@type\":\"WebSite\",\"@id\":\"https:\\\/\\\/buymodafinilonline.com\\\/pl\\\/#website\",\"url\":\"https:\\\/\\\/buymodafinilonline.com\\\/pl\\\/\",\"name\":\"BuyModafinilOnline.com\",\"description\":\"Modafinil Online Pharmacy\",\"publisher\":{\"@id\":\"https:\\\/\\\/buymodafinilonline.com\\\/pl\\\/#organization\"},\"potentialAction\":[{\"@type\":\"SearchAction\",\"target\":{\"@type\":\"EntryPoint\",\"urlTemplate\":\"https:\\\/\\\/buymodafinilonline.com\\\/pl\\\/?s={search_term_string}\"},\"query-input\":{\"@type\":\"PropertyValueSpecification\",\"valueRequired\":true,\"valueName\":\"search_term_string\"}}],\"inLanguage\":\"pl-PL\"},{\"@type\":\"Organization\",\"@id\":\"https:\\\/\\\/buymodafinilonline.com\\\/pl\\\/#organization\",\"name\":\"BuyModafinilOnline\",\"url\":\"https:\\\/\\\/buymodafinilonline.com\\\/pl\\\/\",\"logo\":{\"@type\":\"ImageObject\",\"inLanguage\":\"pl-PL\",\"@id\":\"https:\\\/\\\/buymodafinilonline.com\\\/pl\\\/#\\\/schema\\\/logo\\\/image\\\/\",\"url\":\"https:\\\/\\\/buymodafinilonline.com\\\/wp-content\\\/uploads\\\/2020\\\/04\\\/logo-buy-modafinil-online-yellow.png\",\"contentUrl\":\"https:\\\/\\\/buymodafinilonline.com\\\/wp-content\\\/uploads\\\/2020\\\/04\\\/logo-buy-modafinil-online-yellow.png\",\"width\":200,\"height\":200,\"caption\":\"BuyModafinilOnline\"},\"image\":{\"@id\":\"https:\\\/\\\/buymodafinilonline.com\\\/pl\\\/#\\\/schema\\\/logo\\\/image\\\/\"}}]}<\/script>\n<!-- \/ Yoast SEO Premium plugin. -->","yoast_head_json":{"title":"Kup ArmodaXL 150 MG (Armodafinil) Leki w niskiej cenie - BuyModafinilOnline","description":"Zam\u00f3w online tanie tabletki ArmodaXL 150 mg od producenta HOF Pharmaceuticals. Kup generyczny ArmodaXL (armodafinil) z wielk\u0105 zni\u017ck\u0105 dla p\u0142atno\u015bci Bitcoin w aptece BuyModafinilOnline!","robots":{"index":"index","follow":"follow","max-snippet":"max-snippet:-1","max-image-preview":"max-image-preview:large","max-video-preview":"max-video-preview:-1"},"canonical":"https:\/\/buymodafinilonline.com\/pl\/pigulki-madrosci\/armodaxl-150-mg\/","og_locale":"pl_PL","og_type":"article","og_title":"ArmodaXL 150 MG","og_description":"Zam\u00f3w online tanie tabletki ArmodaXL 150 mg od producenta HOF Pharmaceuticals. Kup generyczny ArmodaXL (armodafinil) z wielk\u0105 zni\u017ck\u0105 dla p\u0142atno\u015bci Bitcoin w aptece BuyModafinilOnline!","og_url":"https:\/\/buymodafinilonline.com\/pl\/pigulki-madrosci\/armodaxl-150-mg\/","og_site_name":"BuyModafinilOnline.com","article_modified_time":"2025-05-11T13:35:24+00:00","og_image":[{"width":1280,"height":1500,"url":"https:\/\/buymodafinilonline.com\/wp-content\/uploads\/2022\/08\/bmo-product-armodaxl-pack.png","type":"image\/png"}],"twitter_misc":{"Szacowany czas czytania":"7 minut"},"schema":{"@context":"https:\/\/schema.org","@graph":[{"@type":"WebPage","@id":"https:\/\/buymodafinilonline.com\/pl\/pigulki-madrosci\/armodaxl-150-mg\/","url":"https:\/\/buymodafinilonline.com\/pl\/pigulki-madrosci\/armodaxl-150-mg\/","name":"Kup ArmodaXL 150 MG (Armodafinil) Leki w niskiej cenie - BuyModafinilOnline","isPartOf":{"@id":"https:\/\/buymodafinilonline.com\/pl\/#website"},"primaryImageOfPage":{"@id":"https:\/\/buymodafinilonline.com\/pl\/pigulki-madrosci\/armodaxl-150-mg\/#primaryimage"},"image":{"@id":"https:\/\/buymodafinilonline.com\/pl\/pigulki-madrosci\/armodaxl-150-mg\/#primaryimage"},"thumbnailUrl":"https:\/\/buymodafinilonline.com\/wp-content\/uploads\/2022\/08\/bmo-product-armodaxl-pack.png","datePublished":"2022-08-26T07:37:26+00:00","dateModified":"2025-05-11T13:35:24+00:00","description":"Zam\u00f3w online tanie tabletki ArmodaXL 150 mg od producenta HOF Pharmaceuticals. Kup generyczny ArmodaXL (armodafinil) z wielk\u0105 zni\u017ck\u0105 dla p\u0142atno\u015bci Bitcoin w aptece BuyModafinilOnline!","breadcrumb":{"@id":"https:\/\/buymodafinilonline.com\/pl\/pigulki-madrosci\/armodaxl-150-mg\/#breadcrumb"},"inLanguage":"pl-PL","potentialAction":[{"@type":"ReadAction","target":["https:\/\/buymodafinilonline.com\/pl\/pigulki-madrosci\/armodaxl-150-mg\/"]}]},{"@type":"ImageObject","inLanguage":"pl-PL","@id":"https:\/\/buymodafinilonline.com\/pl\/pigulki-madrosci\/armodaxl-150-mg\/#primaryimage","url":"https:\/\/buymodafinilonline.com\/wp-content\/uploads\/2022\/08\/bmo-product-armodaxl-pack.png","contentUrl":"https:\/\/buymodafinilonline.com\/wp-content\/uploads\/2022\/08\/bmo-product-armodaxl-pack.png","width":1280,"height":1500,"caption":"Highest Quality MoodaXL Modafinil Pills 200 mg"},{"@type":"BreadcrumbList","@id":"https:\/\/buymodafinilonline.com\/pl\/pigulki-madrosci\/armodaxl-150-mg\/#breadcrumb","itemListElement":[{"@type":"ListItem","position":1,"name":"Buy Modafinil Online","item":"https:\/\/buymodafinilonline.com\/pl\/"},{"@type":"ListItem","position":2,"name":"Sklep","item":"https:\/\/buymodafinilonline.com\/pl\/sklep\/"},{"@type":"ListItem","position":3,"name":"Marki inteligentnych lek\u00f3w","item":"https:\/\/buymodafinilonline.com\/pl\/kategoria-produktow\/marki-inteligentnych-lekow\/"},{"@type":"ListItem","position":4,"name":"ArmodaXL 150 MG"}]},{"@type":"WebSite","@id":"https:\/\/buymodafinilonline.com\/pl\/#website","url":"https:\/\/buymodafinilonline.com\/pl\/","name":"BuyModafinilOnline.com","description":"Modafinil Online Pharmacy","publisher":{"@id":"https:\/\/buymodafinilonline.com\/pl\/#organization"},"potentialAction":[{"@type":"SearchAction","target":{"@type":"EntryPoint","urlTemplate":"https:\/\/buymodafinilonline.com\/pl\/?s={search_term_string}"},"query-input":{"@type":"PropertyValueSpecification","valueRequired":true,"valueName":"search_term_string"}}],"inLanguage":"pl-PL"},{"@type":"Organization","@id":"https:\/\/buymodafinilonline.com\/pl\/#organization","name":"BuyModafinilOnline","url":"https:\/\/buymodafinilonline.com\/pl\/","logo":{"@type":"ImageObject","inLanguage":"pl-PL","@id":"https:\/\/buymodafinilonline.com\/pl\/#\/schema\/logo\/image\/","url":"https:\/\/buymodafinilonline.com\/wp-content\/uploads\/2020\/04\/logo-buy-modafinil-online-yellow.png","contentUrl":"https:\/\/buymodafinilonline.com\/wp-content\/uploads\/2020\/04\/logo-buy-modafinil-online-yellow.png","width":200,"height":200,"caption":"BuyModafinilOnline"},"image":{"@id":"https:\/\/buymodafinilonline.com\/pl\/#\/schema\/logo\/image\/"}}]}},"_links":{"self":[{"href":"https:\/\/buymodafinilonline.com\/pl\/wp-json\/wp\/v2\/product\/446804","targetHints":{"allow":["GET"]}}],"collection":[{"href":"https:\/\/buymodafinilonline.com\/pl\/wp-json\/wp\/v2\/product"}],"about":[{"href":"https:\/\/buymodafinilonline.com\/pl\/wp-json\/wp\/v2\/types\/product"}],"replies":[{"embeddable":true,"href":"https:\/\/buymodafinilonline.com\/pl\/wp-json\/wp\/v2\/comments?post=446804"}],"wp:featuredmedia":[{"embeddable":true,"href":"https:\/\/buymodafinilonline.com\/pl\/wp-json\/wp\/v2\/media\/444292"}],"wp:attachment":[{"href":"https:\/\/buymodafinilonline.com\/pl\/wp-json\/wp\/v2\/media?parent=446804"}],"wp:term":[{"taxonomy":"product_brand","embeddable":true,"href":"https:\/\/buymodafinilonline.com\/pl\/wp-json\/wp\/v2\/product_brand?post=446804"},{"taxonomy":"product_cat","embeddable":true,"href":"https:\/\/buymodafinilonline.com\/pl\/wp-json\/wp\/v2\/product_cat?post=446804"},{"taxonomy":"product_tag","embeddable":true,"href":"https:\/\/buymodafinilonline.com\/pl\/wp-json\/wp\/v2\/product_tag?post=446804"}],"curies":[{"name":"wp","href":"https:\/\/api.w.org\/{rel}","templated":true}]}}