{"id":446942,"date":"2021-07-12T23:14:10","date_gmt":"2021-07-12T22:14:10","guid":{"rendered":"https:\/\/buymodafinilonline.com\/smart-drugs\/armodavinil-150-mg\/"},"modified":"2025-05-11T15:43:18","modified_gmt":"2025-05-11T14:43:18","slug":"armodavinil-150-mg","status":"publish","type":"product","link":"https:\/\/buymodafinilonline.com\/pl\/pigulki-madrosci\/armodavinil-150-mg\/","title":{"rendered":"Armodavinil 150 MG"},"content":{"rendered":"[vc_column width=\u201d1\/2\u2033]\n<h2>Co to jest lek Armodavinil 150 mg?<\/h2>\n<p>Armodavinil jest skutecznym \u201cinteligentnym lekiem\u201d zawieraj\u0105cym substancj\u0119 czynn\u0105 armodafinil, kt\u00f3ry \u0142agodzi zaburzenia czuwania u pacjent\u00f3w z nadmiern\u0105 senno\u015bci\u0105 spowodowan\u0105 obturacyjnym bezdechem sennym (OSA), narkolepsj\u0105 lub zaburzeniami snu zwi\u0105zanymi z prac\u0105 zmianow\u0105 (SWSD). Lekarze mog\u0105 r\u00f3wnie\u017c przepisa\u0107 go do leczenia innych warunk\u00f3w zdrowotnych, takich jak zesp\u00f3\u0142 nadpobudliwo\u015bci psychoruchowej z deficytem uwagi (ADHD), depresja, jet lag itp. Podczas gdy jego korzy\u015bci s\u0105 bardzo podobne do tych, jakie daje modafinil, jego dzia\u0142anie jest bardziej intensywne. Modafinil zawiera dwie wersje substancji czynnej: R-modafinil i S-modafinil. Z drugiej strony, Armodavinil jest czystym R-modafinilem i dzia\u0142a tak samo jak markowa wersja Nuvigil\u00ae.<\/p>\n<p>Podczas gdy Armodavinil jest og\u00f3lnie przepisywany dla jego zdolno\u015bci do rektyfikacji cyklu snu i czuwania, jest bardziej popularny dla jego r\u00f3\u017cnorodnych zastosowa\u0144 pozarejestracyjnych, kt\u00f3re obejmuj\u0105 popraw\u0119 funkcji poznawczych i wspieranie wydajno\u015bci. Jako bezpieczny med, skutecznie poprawia rozumowanie & rozwi\u0105zywanie problem\u00f3w, zwi\u0119ksza czujno\u015b\u0107, zwi\u0119ksza ostro\u015b\u0107 umys\u0142u & motywacj\u0119 i poprawia skupienie & koncentracj\u0119. To z tego powodu, \u017ce Armodavinil 150 mg staje si\u0119 coraz bardziej popularne w\u015br\u00f3d \u201cinteligentnych narkotyk\u00f3w\u201d entuzjast\u00f3w, kt\u00f3rych zawody lub zadania wymagaj\u0105 dodatkowej koncentracji i super m\u00f3zg.<\/p>\n<p>Wi\u0119kszo\u015b\u0107 entuzjast\u00f3w nootropowe znale\u017a\u0107 produkt bezpieczny i dobrze tolerowane & mi\u0142o\u015b\u0107 fakt, \u017ce tabletki s\u0105 dost\u0119pne w sprzeda\u017cy w bardzo niskiej cenie, co czyni go bardziej dost\u0119pne ni\u017c kilka innych alternatyw.<\/p>\n<h2>Jak dzia\u0142aj\u0105 te tabletki?<\/h2>\n<p>Rzeczywisty spos\u00f3b dzia\u0142ania armodafinilu nie jest w pe\u0142ni poznany. Niemniej jednak, uwa\u017ca si\u0119, \u017ce dzia\u0142a poprzez zwi\u0119kszenie poziomu noradrenaliny, dopaminy i oreksyny, w\u015br\u00f3d innych neuroprzeka\u017anik\u00f3w, w m\u00f3zgu. Te substancje chemiczne wp\u0142ywaj\u0105 na motywacj\u0119, koncentracj\u0119, nastr\u00f3j i cykl sen-budzenie.<\/p>\n<h2>Bezpieczne dawkowanie i w\u0142a\u015bciwe stosowanie<\/h2>\n<p>Armodavinil jest dost\u0119pny w mocy dawki 150 mg i jest to standardowa dawka dla wi\u0119kszo\u015bci u\u017cytkownik\u00f3w. Tabletk\u0119 nale\u017cy przyjmowa\u0107 raz na dob\u0119; czas podawania zale\u017cy jednak od leczonego schorzenia:<\/p>\n<ul>\n<li>w przypadku narkolepsji i OSA, Armodavinil 150 mg tab przyjmuje si\u0119 wcze\u015bnie rano;<\/li>\n<li>w przypadku SWSD nale\u017cy przyj\u0105\u0107 tabletk\u0119 ok. 1 godzin\u0119 przed rozpocz\u0119ciem zmiany roboczej;<\/li>\n<li>w przypadku innych stan\u00f3w zaburze\u0144 snu, ADHD, depresji, wzmocnienia funkcji poznawczych itp. lek nale\u017cy przyjmowa\u0107 zgodnie z zaleceniami lekarza.<\/li>\n<\/ul>\n<p>Przede wszystkim nie nale\u017cy stosowa\u0107 samoleczenia. Konsultacja z lekarzem na temat bezpiecznego dawkowania, w tym dostosowania dawki w zale\u017cno\u015bci od stanu zdrowia jest pierwszorz\u0119dna. Mniejsze dawki mog\u0105 by\u0107 wymagane w leczeniu pacjent\u00f3w z zaburzeniami geriatrycznymi i zaburzeniami czynno\u015bci w\u0105troby. Ten lek nale\u017cy przyjmowa\u0107 ze szklank\u0105 wody & mo\u017ce by\u0107 spo\u017cywany z lub bez jedzenia \u2013 zale\u017cy to od preferencji pacjenta.<\/p>\n<h2>Mo\u017cliwe dzia\u0142ania niepo\u017c\u0105dane<\/h2>\n<p>Jak ka\u017cdy lek, Armodavinil wi\u0105\u017ce si\u0119 z pewnymi negatywnymi skutkami, kt\u00f3re mog\u0105 by\u0107 \u0142agodne lub ci\u0119\u017ckie. We\u017a pod uwag\u0119, \u017ce efekty uboczne nie dotycz\u0105 ka\u017cdego u\u017cytkownika \u201cinteligentnego narkotyku\u201d. Niekt\u00f3rzy ich nie do\u015bwiadczaj\u0105, ale je\u015bli ju\u017c, to objawy te s\u0105 \u0142agodne i zazwyczaj zanikaj\u0105 po jakim\u015b czasie. Prawdopodobie\u0144stwo wyst\u0105pienia dzia\u0142a\u0144 niepo\u017c\u0105danych zale\u017cy w du\u017cej mierze od og\u00f3lnego stanu zdrowia, wieku, wagi i p\u0142ci.<\/p>\n<p>Niekt\u00f3re z cz\u0119stych negatywnych skutk\u00f3w stosowania leku Armodavinil s\u0105 nast\u0119puj\u0105ce:<\/p>\n<ul>\n<li>Duszny lub sp\u0142ywaj\u0105cy nos;<\/li>\n<li>niestrawno\u015b\u0107;<\/li>\n<li>zawroty g\u0142owy;<\/li>\n<li>trudno\u015bci z zasypianiem;<\/li>\n<li>b\u00f3l g\u0142owy;<\/li>\n<li>b\u00f3l plec\u00f3w;<\/li>\n<li>nerwowo\u015b\u0107;<\/li>\n<li>biegunka;<\/li>\n<li>md\u0142o\u015bci.<\/li>\n<\/ul>\n<p>Rzadkie negatywne dzia\u0142ania, kt\u00f3re mog\u0105 by\u0107 ci\u0119\u017ckie to:<\/p>\n<ul>\n<li>wysypka na sk\u00f3rze;<\/li>\n<li>ule;<\/li>\n<li>zachowanie hiperaktywne;<\/li>\n<li>nieprawid\u0142owe bicie serca;<\/li>\n<li>krwawy mocz;<\/li>\n<li>my\u015bli samob\u00f3jcze;<\/li>\n<li>problemy psychiczne;<\/li>\n<li>k\u0142opoty z oddychaniem.<\/li>\n<\/ul>\n[\/vc_column][vc_column width=\u201d1\/2\u2033]\n<p>To nie jest wyczerpuj\u0105ca lista dzia\u0142a\u0144 niepo\u017c\u0105danych. Niekt\u00f3re mog\u0105 by\u0107 powa\u017cne w zale\u017cno\u015bci od stanu zdrowia. Przed przepisaniem leku Armodavinil lekarz powinien oceni\u0107 stan zdrowia pacjenta (szczeg\u00f3lnie kwestie zwi\u0105zane z w\u0105trob\u0105\/sercem).<\/p>\n<p>Monitoruj sw\u00f3j og\u00f3lny stan zdrowia podczas przyjmowania tego leku. W przypadku wyst\u0105pienia jakichkolwiek dziwnych objaw\u00f3w nale\u017cy natychmiast powiadomi\u0107 lekarza.<\/p>\n<h2>Przeciwwskazania i \u015brodki ostro\u017cno\u015bci<\/h2>\n<p>Podczas stosowania leku Armodavinil nale\u017cy zachowa\u0107 \u015brodki ostro\u017cno\u015bci podane przez lekarza oraz przestrzega\u0107 zalece\u0144 podanych w ulotce leku. Poza tym, pierwszorz\u0119dnie jest sprawdzi\u0107, czy wchodzi w interakcje z innymi produktami zdrowotnymi, kt\u00f3re mo\u017cesz stosowa\u0107 w danym czasie. To pomo\u017ce Ci unikn\u0105\u0107 do\u015bwiadczania interakcji mi\u0119dzy lekami, kt\u00f3re mog\u0105 prowadzi\u0107 do powa\u017cnych dzia\u0142a\u0144 niepo\u017c\u0105danych.<\/p>\n<p>Armodavinil wchodzi w interakcje z nast\u0119puj\u0105cymi rodzajami lek\u00f3w:<\/p>\n<ul>\n<li>Substraty CYP2C19 i CYP3A4\/5;<\/li>\n<li>inhibitory monoaminooksydazy;<\/li>\n<li>leki rozrzedzaj\u0105ce krew;<\/li>\n<li>niekt\u00f3re antybiotyki;<\/li>\n<li>leki przeciwpadaczkowe;<\/li>\n<li>pigu\u0142ki antykoncepcyjne.<\/li>\n<\/ul>\n<p>To nie jest pe\u0142na lista. Tw\u00f3j lekarz powinien oceni\u0107 WSZYSTKIE meds , kt\u00f3re u\u017cywasz. Nie nale\u017cy miesza\u0107 leku Armodavinil z innymi lekami bez uprzedniego poinformowania lekarza.<\/p>\n<p>Poza tym lek ten wchodzi w negatywne interakcje z alkoholem, w zwi\u0105zku z czym nie powinno si\u0119 stosowa\u0107 tych substancji razem. W\u00f3da + Armodavinil mo\u017ce powodowa\u0107 pewne negatywne skutki. Wi\u0119kszo\u015b\u0107 \u017cywno\u015bci dzia\u0142a dobrze z lekiem, ale t\u0142uste pokarmy nale\u017cy unika\u0107 podczas gdy na armodafinil med, poniewa\u017c mog\u0105 one zmniejszy\u0107 szybko\u015b\u0107 wch\u0142aniania leku i tym samym pocz\u0105tek dzia\u0142ania.<\/p>\n<h2>Do\u015bwiadczenie konsumenta<\/h2>\n<p>Podczas gdy Armodavinil dopiero zaczyna zyskiwa\u0107 na popularno\u015bci, kilku entuzjast\u00f3w \u201cinteligentnego narkotyku\u201d ju\u017c podzieli\u0142o si\u0119 swoimi do\u015bwiadczeniami opartymi na jego stosowaniu. Recenzje i referencje s\u0105 w wi\u0119kszo\u015bci pozytywne, poniewa\u017c wi\u0119kszo\u015b\u0107 u\u017cytkownik\u00f3w za\u015bwiadczy\u0142a o jego skuteczno\u015bci w zwi\u0119kszaniu produktywno\u015bci, zw\u0142aszcza w pracy.<\/p>\n<p>Nale\u017cy jednak pami\u0119ta\u0107, \u017ce r\u00f3\u017cni u\u017cytkownicy mog\u0105 r\u00f3\u017cnie reagowa\u0107 na lek.<\/p>\n<p>Nic dziwnego, \u017ce jest on u\u017cywany g\u0142\u00f3wnie przez student\u00f3w i ludzi z wszystkich \u015brodowisk, kt\u00f3rzy maj\u0105 gor\u0105czkowe prace, kt\u00f3re wymagaj\u0105 intensywnej koncentracji i super m\u00f3zg. Ponadto, zgodnie z niekt\u00f3rymi zaufanymi \u017ar\u00f3d\u0142ami informacji, wi\u0119kszo\u015b\u0107 najlepszych mened\u017cer\u00f3w biznesowych i profesjonalist\u00f3w ocenia armodafinil meds pozytywnie. Studenci uniwersytetu maj\u0105 ten sam wyrok.<\/p>\n<p>Je\u015bli by\u0142e\u015b na modafinilu przez jaki\u015b czas, mo\u017ce to by\u0107 idealny czas, aby przerzuci\u0107 prze\u0142\u0105cznik. W ko\u0144cu Armodavinil ma wysok\u0105 skuteczno\u015b\u0107, co stwierdza wi\u0119kszo\u015b\u0107 u\u017cytkownik\u00f3w. Zawsze skonsultuj si\u0119 z lekarzem przed podj\u0119ciem tego med lub jakiegokolwiek innego.\u043c<\/p>\n<h2>Kupi\u0107 Generyczny Armodavinil 150mg (Armodafinil) Online<\/h2>\n<p><a href=\"https:\/\/buymodafinilonline.com\/pl\/\">BuyModafinilOnline<\/a> (BMO) to bezpieczna apteka internetowa oferuj\u0105ca oryginalne \u201cinteligentne leki\u201d pochodz\u0105ce od certyfikowanych producent\u00f3w bez recepty.<\/p>\n<p>Jeste\u015bmy najlepszym miejscem do zakupu niezwykle taniego, ale wysokiej jako\u015bci <a href=\"https:\/\/buymodafinilonline.com\/smart-drugs-brands\/\">generycznych armodafinil & modafinil meds<\/a> \u2013 w tym <a href=\"https:\/\/buymodafinilonline.com\/smart-drugs\/vilafinil-200mg-tablets\/\">Vilafinil<\/a>, Modafil <a href=\"https:\/\/buymodafinilonline.com\/smart-drugs\/modafil-md-200-mg-sublingual-tablets\/\">MD<\/a>, <a href=\"https:\/\/buymodafinilonline.com\/pl\/pigulki-madrosci\/modavinil-200-mg\/\">Modavinil<\/a>, <a href=\"https:\/\/buymodafinilonline.com\/smart-drugs\/artvigil-150-mg-tablets\/\">Artvigil<\/a>, <a href=\"https:\/\/buymodafinilonline.com\/pl\/pigulki-madrosci\/modapro-200-mg\/\">Modapro<\/a>, & inne meds. Wszystkie eugeroiki sprzedajemy po kosztach wytworzenia.<\/p>\n<p>Wspaniale, oferujemy <a href=\"https:\/\/buymodafinilonline.com\/free-trial\/\">bezp\u0142atne pr\u00f3bne pakiety<\/a> armodafinil & modafinil tabs, wi\u0119c klienci mog\u0105 przetestowa\u0107 ich efficaciousness & bezpiecze\u0144stwo przed zakupem. Pakiety pr\u00f3bne lek\u00f3w s\u0105 z pewno\u015bci\u0105 niezb\u0119dne, je\u015bli jeste\u015b nowy w \u201cinteligentnych lekach\u201d.<\/p>\n<p>Poznaj r\u00f3\u017cne opcje kasowe, w tym <a href=\"https:\/\/buymodafinilonline.com\/bitcoin-payment\/\">Bitcoin<\/a> (zni\u017cka 23%), PayPal Zelle, Poli, przelew bankowy SEPA lub kart\u0119 kredytow\u0105. Oferujemy <a href=\"https:\/\/buymodafinilonline.com\/order-tracking\/\">narz\u0119dzie do \u015bledzenia pacz<\/a>ek, a wysy\u0142ka paczek jest ultraszybka \u2013 globalnie \u2013 z wyj\u0105tkiem niekt\u00f3rych kraj\u00f3w wymienionych na stronie. Je\u015bli zam\u00f3wienie nie zostanie zrealizowane, dokonamy ponownej wysy\u0142ki lub zwr\u00f3cimy Ci <a href=\"https:\/\/buymodafinilonline.com\/refund-reshipment\/\">pe\u0142n\u0105<\/a> kwot\u0119.<\/p>\n<p>Ponadto, jako powracaj\u0105cy klient, mo\u017cesz zosta\u0107 nagrodzony 10 darmowymi tabletkami podj\u0119zykowymi Modafil MD. Oferujemy r\u00f3wnie\u017c inne <a href=\"https:\/\/buymodafinilonline.com\/coupons-deals-promo-codes\/\">wspania\u0142e oferty<\/a>, kody kupon\u00f3w, & rabaty.<\/p>\n<p>Je\u015bli szukasz najlepszego miejsca, aby zam\u00f3wi\u0107 oryginalne tabletki Armodavinil, BMO jest aptek\u0105 dla Ciebie. Nasze us\u0142ugi s\u0105 wygodne i niezawodne.<\/p>\n[\/vc_column]\n<div id=\"gtx-trans\" style=\"position: absolute;left: 486px;top: 2986.57px\">\n<div class=\"gtx-trans-icon\"><\/div>\n<\/div>\n","protected":false},"excerpt":{"rendered":"<p>Armodavinil jest generyczn\u0105 wersj\u0105 markowego leku Nuvigil\u00ae. Jest to lek stosowany w celu wspierania czuwania u os\u00f3b, kt\u00f3re cierpi\u0105 na pewne zaburzenia snu. Wyprodukowany przez Centurion Laboratories, ten tab zawiera jako substancj\u0119 czynn\u0105 armodafinil. Mo\u017ce by\u0107 r\u00f3wnie\u017c stosowany jako cognitive augmenter &amp; produktywno\u015b\u0107 booster przez zdrowych populacji. Pobierz ten wysoce skuteczny med z naszej e-apteki ju\u017c dzi\u015b w niskiej cenie i z szybk\u0105 dostaw\u0105. Oferujemy r\u00f3wnie\u017c 10 bezp\u0142atnych pr\u00f3bek pr\u00f3bnych ka\u017cdy z armodafinil &amp; modafinil meds dodane do koszyka, dzi\u0119ki czemu mo\u017cna sprawdzi\u0107 ich skuteczno\u015b\u0107 i korzy\u015bci.<\/p>\n<p>Z przyjemno\u015bci\u0105 zapraszamy r\u00f3wnie\u017c do wypr\u00f3bowania naszych tanich tabletek <a href=\"https:\/\/buymodafinilonline.com\/smart-drugs\/saver-combo-pack\/\">Modvigil i Artvigil<\/a>, kt\u00f3re zwi\u0119ksz\u0105 twoj\u0105 odporno\u015b\u0107 na zm\u0119czenie, a tak\u017ce innych popularnych marek modafinilu<a href=\"https:\/\/buymodafinilonline.com\/smart-drugs\/modafresh-200-mg-tablets\/\">: Modafresh<\/a>, <a href=\"https:\/\/buymodafinilonline.com\/smart-drugs\/modaheal-200-mg-tablets\/\">Modaheal<\/a>, <a href=\"https:\/\/buymodafinilonline.com\/smart-drugs\/modawake-200-mg-tablets\/\">Modawake<\/a>, <a href=\"https:\/\/buymodafinilonline.com\/smart-drugs\/vilafinil-200mg-tablets\/\">Vilafinil<\/a> i ekskluzywny <a href=\"https:\/\/buymodafinilonline.com\/smart-drugs\/modafil-md-200-mg-sublingual-tablets\/\">podj\u0119zykowy Modafil MD<\/a> dost\u0119pny tylko w naszej aptece internetowej, kt\u00f3ry jest jednym z naszych bestseller\u00f3w o mi\u0119towym smaku dla szybszego wch\u0142aniania, a tym samym szybkiego pocz\u0105tku dzia\u0142ania. Ponadto nasze nowe bestsellery zawieraj\u0105 te same sk\u0142adniki aktywne i s\u0105 tak samo czyste jak nasze poprzednie bestsellerowe marki.<\/p>\n<p>Sprawd\u017a nasz nowy <a href=\"https:\/\/buymodafinilonline.com\/smart-drugs\/modavinil-armodavinil-superior-combo-pack\/\">Superior Combo Pack<\/a>, kt\u00f3ry mo\u017ce zawiera\u0107 dowolne marki wymienione powy\u017cej.<\/p>\n","protected":false},"featured_media":424089,"comment_status":"closed","ping_status":"closed","template":"","meta":{"_acf_changed":false},"product_brand":[],"product_cat":[4045],"product_tag":[4046],"class_list":{"0":"post-446942","1":"product","2":"type-product","3":"status-publish","4":"has-post-thumbnail","6":"product_cat-marki-inteligentnych-lekow","7":"product_tag-armodafinil-pl-2","9":"first","10":"instock","11":"sale","12":"shipping-taxable","13":"purchasable","14":"product-type-variable","15":"has-default-attributes"},"acf":[],"yoast_head":"<!-- This site is optimized with the Yoast SEO Premium plugin v23.6 (Yoast SEO v27.5) - https:\/\/yoast.com\/product\/yoast-seo-premium-wordpress\/ -->\n<title>Generyczny Armodavinil 150 MG (Armodafinil) Tabletki bez recepty - BuyModafinilOnline<\/title>\n<meta name=\"description\" content=\"Kup taniej tabletki Armodavinil 150 mg online od producenta Centurion Laboratories. Pobierz generyczny Armodavinil (armodafinil) z 23% zni\u017ck\u0105 dla p\u0142atno\u015bci Bitcoin w aptece BuyModafinilOnline!\" \/>\n<meta name=\"robots\" content=\"index, follow, max-snippet:-1, max-image-preview:large, max-video-preview:-1\" \/>\n<link rel=\"canonical\" href=\"https:\/\/buymodafinilonline.com\/pl\/pigulki-madrosci\/armodavinil-150-mg\/\" \/>\n<meta property=\"og:locale\" content=\"pl_PL\" \/>\n<meta property=\"og:type\" content=\"article\" \/>\n<meta property=\"og:title\" content=\"Armodavinil 150 MG\" \/>\n<meta property=\"og:description\" content=\"Kup taniej tabletki Armodavinil 150 mg online od producenta Centurion Laboratories. Pobierz generyczny Armodavinil (armodafinil) z 23% zni\u017ck\u0105 dla p\u0142atno\u015bci Bitcoin w aptece BuyModafinilOnline!\" \/>\n<meta property=\"og:url\" content=\"https:\/\/buymodafinilonline.com\/pl\/pigulki-madrosci\/armodavinil-150-mg\/\" \/>\n<meta property=\"og:site_name\" content=\"BuyModafinilOnline.com\" \/>\n<meta property=\"article:modified_time\" content=\"2025-05-11T14:43:18+00:00\" \/>\n<meta property=\"og:image\" content=\"https:\/\/buymodafinilonline.com\/wp-content\/uploads\/2021\/07\/bmo-product-armodavinill-new.png\" \/>\n\t<meta property=\"og:image:width\" content=\"1280\" \/>\n\t<meta property=\"og:image:height\" content=\"1500\" \/>\n\t<meta property=\"og:image:type\" content=\"image\/png\" \/>\n<meta name=\"twitter:label1\" content=\"Szacowany czas czytania\" \/>\n\t<meta name=\"twitter:data1\" content=\"6 minut\" \/>\n<script type=\"application\/ld+json\" class=\"yoast-schema-graph\">{\"@context\":\"https:\\\/\\\/schema.org\",\"@graph\":[{\"@type\":\"WebPage\",\"@id\":\"https:\\\/\\\/buymodafinilonline.com\\\/pl\\\/pigulki-madrosci\\\/armodavinil-150-mg\\\/\",\"url\":\"https:\\\/\\\/buymodafinilonline.com\\\/pl\\\/pigulki-madrosci\\\/armodavinil-150-mg\\\/\",\"name\":\"Generyczny Armodavinil 150 MG (Armodafinil) Tabletki bez recepty - BuyModafinilOnline\",\"isPartOf\":{\"@id\":\"https:\\\/\\\/buymodafinilonline.com\\\/pl\\\/#website\"},\"primaryImageOfPage\":{\"@id\":\"https:\\\/\\\/buymodafinilonline.com\\\/pl\\\/pigulki-madrosci\\\/armodavinil-150-mg\\\/#primaryimage\"},\"image\":{\"@id\":\"https:\\\/\\\/buymodafinilonline.com\\\/pl\\\/pigulki-madrosci\\\/armodavinil-150-mg\\\/#primaryimage\"},\"thumbnailUrl\":\"https:\\\/\\\/buymodafinilonline.com\\\/wp-content\\\/uploads\\\/2021\\\/07\\\/bmo-product-armodavinill-new.png\",\"datePublished\":\"2021-07-12T22:14:10+00:00\",\"dateModified\":\"2025-05-11T14:43:18+00:00\",\"description\":\"Kup taniej tabletki Armodavinil 150 mg online od producenta Centurion Laboratories. Pobierz generyczny Armodavinil (armodafinil) z 23% zni\u017ck\u0105 dla p\u0142atno\u015bci Bitcoin w aptece BuyModafinilOnline!\",\"breadcrumb\":{\"@id\":\"https:\\\/\\\/buymodafinilonline.com\\\/pl\\\/pigulki-madrosci\\\/armodavinil-150-mg\\\/#breadcrumb\"},\"inLanguage\":\"pl-PL\",\"potentialAction\":[{\"@type\":\"ReadAction\",\"target\":[\"https:\\\/\\\/buymodafinilonline.com\\\/pl\\\/pigulki-madrosci\\\/armodavinil-150-mg\\\/\"]}]},{\"@type\":\"ImageObject\",\"inLanguage\":\"pl-PL\",\"@id\":\"https:\\\/\\\/buymodafinilonline.com\\\/pl\\\/pigulki-madrosci\\\/armodavinil-150-mg\\\/#primaryimage\",\"url\":\"https:\\\/\\\/buymodafinilonline.com\\\/wp-content\\\/uploads\\\/2021\\\/07\\\/bmo-product-armodavinill-new.png\",\"contentUrl\":\"https:\\\/\\\/buymodafinilonline.com\\\/wp-content\\\/uploads\\\/2021\\\/07\\\/bmo-product-armodavinill-new.png\",\"width\":1280,\"height\":1500,\"caption\":\"Armodavinil Pills 150 mg\"},{\"@type\":\"BreadcrumbList\",\"@id\":\"https:\\\/\\\/buymodafinilonline.com\\\/pl\\\/pigulki-madrosci\\\/armodavinil-150-mg\\\/#breadcrumb\",\"itemListElement\":[{\"@type\":\"ListItem\",\"position\":1,\"name\":\"Buy Modafinil Online\",\"item\":\"https:\\\/\\\/buymodafinilonline.com\\\/pl\\\/\"},{\"@type\":\"ListItem\",\"position\":2,\"name\":\"Sklep\",\"item\":\"https:\\\/\\\/buymodafinilonline.com\\\/pl\\\/sklep\\\/\"},{\"@type\":\"ListItem\",\"position\":3,\"name\":\"Marki inteligentnych lek\u00f3w\",\"item\":\"https:\\\/\\\/buymodafinilonline.com\\\/pl\\\/kategoria-produktow\\\/marki-inteligentnych-lekow\\\/\"},{\"@type\":\"ListItem\",\"position\":4,\"name\":\"Armodavinil 150 MG\"}]},{\"@type\":\"WebSite\",\"@id\":\"https:\\\/\\\/buymodafinilonline.com\\\/pl\\\/#website\",\"url\":\"https:\\\/\\\/buymodafinilonline.com\\\/pl\\\/\",\"name\":\"BuyModafinilOnline.com\",\"description\":\"Modafinil Online Pharmacy\",\"publisher\":{\"@id\":\"https:\\\/\\\/buymodafinilonline.com\\\/pl\\\/#organization\"},\"potentialAction\":[{\"@type\":\"SearchAction\",\"target\":{\"@type\":\"EntryPoint\",\"urlTemplate\":\"https:\\\/\\\/buymodafinilonline.com\\\/pl\\\/?s={search_term_string}\"},\"query-input\":{\"@type\":\"PropertyValueSpecification\",\"valueRequired\":true,\"valueName\":\"search_term_string\"}}],\"inLanguage\":\"pl-PL\"},{\"@type\":\"Organization\",\"@id\":\"https:\\\/\\\/buymodafinilonline.com\\\/pl\\\/#organization\",\"name\":\"BuyModafinilOnline\",\"url\":\"https:\\\/\\\/buymodafinilonline.com\\\/pl\\\/\",\"logo\":{\"@type\":\"ImageObject\",\"inLanguage\":\"pl-PL\",\"@id\":\"https:\\\/\\\/buymodafinilonline.com\\\/pl\\\/#\\\/schema\\\/logo\\\/image\\\/\",\"url\":\"https:\\\/\\\/buymodafinilonline.com\\\/wp-content\\\/uploads\\\/2020\\\/04\\\/logo-buy-modafinil-online-yellow.png\",\"contentUrl\":\"https:\\\/\\\/buymodafinilonline.com\\\/wp-content\\\/uploads\\\/2020\\\/04\\\/logo-buy-modafinil-online-yellow.png\",\"width\":200,\"height\":200,\"caption\":\"BuyModafinilOnline\"},\"image\":{\"@id\":\"https:\\\/\\\/buymodafinilonline.com\\\/pl\\\/#\\\/schema\\\/logo\\\/image\\\/\"}}]}<\/script>\n<!-- \/ Yoast SEO Premium plugin. -->","yoast_head_json":{"title":"Generyczny Armodavinil 150 MG (Armodafinil) Tabletki bez recepty - BuyModafinilOnline","description":"Kup taniej tabletki Armodavinil 150 mg online od producenta Centurion Laboratories. Pobierz generyczny Armodavinil (armodafinil) z 23% zni\u017ck\u0105 dla p\u0142atno\u015bci Bitcoin w aptece BuyModafinilOnline!","robots":{"index":"index","follow":"follow","max-snippet":"max-snippet:-1","max-image-preview":"max-image-preview:large","max-video-preview":"max-video-preview:-1"},"canonical":"https:\/\/buymodafinilonline.com\/pl\/pigulki-madrosci\/armodavinil-150-mg\/","og_locale":"pl_PL","og_type":"article","og_title":"Armodavinil 150 MG","og_description":"Kup taniej tabletki Armodavinil 150 mg online od producenta Centurion Laboratories. Pobierz generyczny Armodavinil (armodafinil) z 23% zni\u017ck\u0105 dla p\u0142atno\u015bci Bitcoin w aptece BuyModafinilOnline!","og_url":"https:\/\/buymodafinilonline.com\/pl\/pigulki-madrosci\/armodavinil-150-mg\/","og_site_name":"BuyModafinilOnline.com","article_modified_time":"2025-05-11T14:43:18+00:00","og_image":[{"width":1280,"height":1500,"url":"https:\/\/buymodafinilonline.com\/wp-content\/uploads\/2021\/07\/bmo-product-armodavinill-new.png","type":"image\/png"}],"twitter_misc":{"Szacowany czas czytania":"6 minut"},"schema":{"@context":"https:\/\/schema.org","@graph":[{"@type":"WebPage","@id":"https:\/\/buymodafinilonline.com\/pl\/pigulki-madrosci\/armodavinil-150-mg\/","url":"https:\/\/buymodafinilonline.com\/pl\/pigulki-madrosci\/armodavinil-150-mg\/","name":"Generyczny Armodavinil 150 MG (Armodafinil) Tabletki bez recepty - BuyModafinilOnline","isPartOf":{"@id":"https:\/\/buymodafinilonline.com\/pl\/#website"},"primaryImageOfPage":{"@id":"https:\/\/buymodafinilonline.com\/pl\/pigulki-madrosci\/armodavinil-150-mg\/#primaryimage"},"image":{"@id":"https:\/\/buymodafinilonline.com\/pl\/pigulki-madrosci\/armodavinil-150-mg\/#primaryimage"},"thumbnailUrl":"https:\/\/buymodafinilonline.com\/wp-content\/uploads\/2021\/07\/bmo-product-armodavinill-new.png","datePublished":"2021-07-12T22:14:10+00:00","dateModified":"2025-05-11T14:43:18+00:00","description":"Kup taniej tabletki Armodavinil 150 mg online od producenta Centurion Laboratories. Pobierz generyczny Armodavinil (armodafinil) z 23% zni\u017ck\u0105 dla p\u0142atno\u015bci Bitcoin w aptece BuyModafinilOnline!","breadcrumb":{"@id":"https:\/\/buymodafinilonline.com\/pl\/pigulki-madrosci\/armodavinil-150-mg\/#breadcrumb"},"inLanguage":"pl-PL","potentialAction":[{"@type":"ReadAction","target":["https:\/\/buymodafinilonline.com\/pl\/pigulki-madrosci\/armodavinil-150-mg\/"]}]},{"@type":"ImageObject","inLanguage":"pl-PL","@id":"https:\/\/buymodafinilonline.com\/pl\/pigulki-madrosci\/armodavinil-150-mg\/#primaryimage","url":"https:\/\/buymodafinilonline.com\/wp-content\/uploads\/2021\/07\/bmo-product-armodavinill-new.png","contentUrl":"https:\/\/buymodafinilonline.com\/wp-content\/uploads\/2021\/07\/bmo-product-armodavinill-new.png","width":1280,"height":1500,"caption":"Armodavinil Pills 150 mg"},{"@type":"BreadcrumbList","@id":"https:\/\/buymodafinilonline.com\/pl\/pigulki-madrosci\/armodavinil-150-mg\/#breadcrumb","itemListElement":[{"@type":"ListItem","position":1,"name":"Buy Modafinil Online","item":"https:\/\/buymodafinilonline.com\/pl\/"},{"@type":"ListItem","position":2,"name":"Sklep","item":"https:\/\/buymodafinilonline.com\/pl\/sklep\/"},{"@type":"ListItem","position":3,"name":"Marki inteligentnych lek\u00f3w","item":"https:\/\/buymodafinilonline.com\/pl\/kategoria-produktow\/marki-inteligentnych-lekow\/"},{"@type":"ListItem","position":4,"name":"Armodavinil 150 MG"}]},{"@type":"WebSite","@id":"https:\/\/buymodafinilonline.com\/pl\/#website","url":"https:\/\/buymodafinilonline.com\/pl\/","name":"BuyModafinilOnline.com","description":"Modafinil Online Pharmacy","publisher":{"@id":"https:\/\/buymodafinilonline.com\/pl\/#organization"},"potentialAction":[{"@type":"SearchAction","target":{"@type":"EntryPoint","urlTemplate":"https:\/\/buymodafinilonline.com\/pl\/?s={search_term_string}"},"query-input":{"@type":"PropertyValueSpecification","valueRequired":true,"valueName":"search_term_string"}}],"inLanguage":"pl-PL"},{"@type":"Organization","@id":"https:\/\/buymodafinilonline.com\/pl\/#organization","name":"BuyModafinilOnline","url":"https:\/\/buymodafinilonline.com\/pl\/","logo":{"@type":"ImageObject","inLanguage":"pl-PL","@id":"https:\/\/buymodafinilonline.com\/pl\/#\/schema\/logo\/image\/","url":"https:\/\/buymodafinilonline.com\/wp-content\/uploads\/2020\/04\/logo-buy-modafinil-online-yellow.png","contentUrl":"https:\/\/buymodafinilonline.com\/wp-content\/uploads\/2020\/04\/logo-buy-modafinil-online-yellow.png","width":200,"height":200,"caption":"BuyModafinilOnline"},"image":{"@id":"https:\/\/buymodafinilonline.com\/pl\/#\/schema\/logo\/image\/"}}]}},"_links":{"self":[{"href":"https:\/\/buymodafinilonline.com\/pl\/wp-json\/wp\/v2\/product\/446942","targetHints":{"allow":["GET"]}}],"collection":[{"href":"https:\/\/buymodafinilonline.com\/pl\/wp-json\/wp\/v2\/product"}],"about":[{"href":"https:\/\/buymodafinilonline.com\/pl\/wp-json\/wp\/v2\/types\/product"}],"replies":[{"embeddable":true,"href":"https:\/\/buymodafinilonline.com\/pl\/wp-json\/wp\/v2\/comments?post=446942"}],"wp:featuredmedia":[{"embeddable":true,"href":"https:\/\/buymodafinilonline.com\/pl\/wp-json\/wp\/v2\/media\/424089"}],"wp:attachment":[{"href":"https:\/\/buymodafinilonline.com\/pl\/wp-json\/wp\/v2\/media?parent=446942"}],"wp:term":[{"taxonomy":"product_brand","embeddable":true,"href":"https:\/\/buymodafinilonline.com\/pl\/wp-json\/wp\/v2\/product_brand?post=446942"},{"taxonomy":"product_cat","embeddable":true,"href":"https:\/\/buymodafinilonline.com\/pl\/wp-json\/wp\/v2\/product_cat?post=446942"},{"taxonomy":"product_tag","embeddable":true,"href":"https:\/\/buymodafinilonline.com\/pl\/wp-json\/wp\/v2\/product_tag?post=446942"}],"curies":[{"name":"wp","href":"https:\/\/api.w.org\/{rel}","templated":true}]}}