{"id":447021,"date":"2022-08-26T07:25:37","date_gmt":"2022-08-26T06:25:37","guid":{"rendered":"https:\/\/buymodafinilonline.com\/smart-drugs\/modaxl-200-mg\/"},"modified":"2026-01-28T19:07:13","modified_gmt":"2026-01-28T18:07:13","slug":"modaxl-200-mg","status":"publish","type":"product","link":"https:\/\/buymodafinilonline.com\/pl\/pigulki-madrosci\/modaxl-200-mg\/","title":{"rendered":"ModaXL 200 MG"},"content":{"rendered":"[vc_column width=&#8221;1\/2&#8243;]\n<h2>Co to jest ModaXL 200 mg?<\/h2>\n<p>ModaXL jest jedn\u0105 z najnowszych generycznych wersji Provigilu dost\u0119pnych na rynku nootrop\u00f3w. Zawiera 200 mg czystego modafinilu jako sk\u0142adnik aktywny i dzia\u0142a bardzo skutecznie. Podobnie jak jego markowy odpowiednik, lek jest zatwierdzony przez Food and Drug Administration (FDA) do leczenia 3 g\u0142\u00f3wnych zaburze\u0144 snu: narkolepsji, obturacyjnego bezdechu sennego (OSA) i zaburze\u0144 snu zwi\u0105zanych z prac\u0105 zmianow\u0105 (SWSD).<\/p>\n<p>ModaXL jest r\u00f3wnie\u017c powszechnie stosowany off-label w celu poprawy funkcji poznawczych. Jego korzy\u015bci poznawcze s\u0105 podobne do tego, co zapewnia Provigil. Nale\u017c\u0105 do nich:<\/p>\n<ul>\n<li>12+ godzin koncentracji;<\/li>\n<li>szybsze tempo przetwarzania umys\u0142owego;<\/li>\n<li>zwi\u0119kszona czujno\u015b\u0107;<\/li>\n<li>poprawa pami\u0119ci kr\u00f3tkotrwa\u0142ej;<\/li>\n<li>zwi\u0119kszona koncentracja.<\/li>\n<\/ul>\n<p>Co ciekawe, ModaXL ma 2 g\u0142\u00f3wne zalety, kt\u00f3re odr\u00f3\u017cniaj\u0105 j\u0105 od jej generycznych odpowiednik\u00f3w, takich jak mi\u0119dzy innymi <a href=\"https:\/\/buymodafinilonline.com\/smart-drugs\/modvigil-200mg-tablets\/\">Modvigil<\/a>, <a href=\"https:\/\/buymodafinilonline.com\/smart-drugs\/modalert-200-mg-tablets\/\">Modalert<\/a> i <a href=\"https:\/\/buymodafinilonline.com\/smart-drugs\/modaheal-200-mg-tablets\/\">Modaheal<\/a>. Na pocz\u0105tek ma o 5% lepsz\u0105 wch\u0142anialno\u015b\u0107 &#8211; przek\u0142ada si\u0119 to na znacznie szybszy pocz\u0105tek efekt\u00f3w. Po drugie, jego szczytowy efekt jest do 30% silniejszy ni\u017c to, co maj\u0105 starsze wersje. Te zalety sprawiaj\u0105, \u017ce jest to idealna opcja dla ka\u017cdego, kto lubi osi\u0105ga\u0107 szczytow\u0105 wydajno\u015b\u0107 ASAP, dzi\u0119ki czemu mo\u017ce wykona\u0107 wi\u0119cej pracy w rekordowym czasie.<\/p>\n<p>ModaXL 200 mg zachowuje charakterystyczne w\u0142a\u015bciwo\u015bci preparatu Provigil. Jest bezpieczniejszy, dobrze tolerowany i ma niskie ryzyko wywo\u0142ania uzale\u017cnienia. Lek jest dopuszczony do stosowania wy\u0142\u0105cznie u os\u00f3b, kt\u00f3re uko\u0144czy\u0142y 18 lat.<\/p>\n<p>Zaleca si\u0119 konsultacj\u0119 i stosowanie pod nadzorem lekarza lub pracownika s\u0142u\u017cby zdrowia.<\/p>\n<h2>Jak dzia\u0142aj\u0105 te tabletki?<\/h2>\n<p>ModaXL dzia\u0142a dok\u0142adnie tak jak Provigil i jego inne marki generyczne, poniewa\u017c zawiera ten sam aktywny sk\u0142adnik &#8211; modafinil. Dzia\u0142a poprzez regulowanie i ustalanie poziomu dopaminy, serotoniny, kwasu gamma-aminomas\u0142owego (GABA) i innych substancji chemicznych w m\u00f3zgu zwanych neuroprzeka\u017anikami.<\/p>\n<p>Poziomy substancji chemicznych w ka\u017cdym momencie wp\u0142ywaj\u0105 na nastr\u00f3j, koncentracj\u0119, senno\u015b\u0107 i czuwanie.<\/p>\n<p>W du\u017cym skr\u00f3cie, po za\u017cyciu pigu\u0142ki ModaXL ustawia poziom substancji chemicznych w ilo\u015bci, kt\u00f3ra promuje czuwanie i zwi\u0119ksza poznanie.<\/p>\n<h2>Bezpieczne dawkowanie i w\u0142a\u015bciwe stosowanie<\/h2>\n<p>Niekt\u00f3rzy ludzie uwa\u017caj\u0105 Provigil i wszystkie jego generyczne marki za nieskuteczne. Cho\u0107 mo\u017ce to by\u0107 przypadek, \u017ce lek nie jest dla nich dopasowany, nieprawid\u0142owe stosowanie jest cz\u0119sto powodem, dla kt\u00f3rego wielu do\u015bwiadcza skutk\u00f3w ubocznych lub nie uzyskuje oczekiwanych rezultat\u00f3w.<\/p>\n<p>ModaXL, podobnie jak inne leki na bazie modafinilu, jest stosowany w leczeniu wielu schorze\u0144 zdrowotnych. W zwi\u0105zku z tym dawkowanie i czas podawania mog\u0105 si\u0119 r\u00f3\u017cni\u0107 w zale\u017cno\u015bci od stanu, kt\u00f3ry zamierza si\u0119 leczy\u0107, a tym samym wp\u0142ywa\u0107 na wynik jego stosowania.<\/p>\n<p>Dawka 200 mg jest powszechnie stosowan\u0105 dawk\u0105. Jednak lekarz mo\u017ce zaleci\u0107 przyjmowanie mniejszej lub wi\u0119kszej si\u0142y w oparciu o wra\u017cliwo\u015b\u0107 i tolerancj\u0119.<\/p>\n<p>W leczeniu narkolepsji i OSA nale\u017cy przyj\u0105\u0107 1 tabletk\u0119 rano, jak najwcze\u015bniej. Nale\u017cy go po\u0142yka\u0107 w ca\u0142o\u015bci popijaj\u0105c znaczn\u0105 ilo\u015bci\u0105 wody, a nie wci\u0105ga\u0107 lub rozpuszcza\u0107 w wodzie i pi\u0107. Nale\u017cy pami\u0119ta\u0107, \u017ce p\u00f3\u017aniejsze za\u017cywanie leku mo\u017ce utrudni\u0107 sen w nocy, poniewa\u017c jego dzia\u0142anie trwa zazwyczaj 12+ godzin.<\/p>\n<p>W przypadku leczenia SWSD nale\u017cy przyj\u0105\u0107 1 tabletk\u0119 na oko\u0142o 1 godzin\u0119 przed rozpocz\u0119ciem zmiany. Warto zaznaczy\u0107, \u017ce przyj\u0119cie wi\u0119cej ni\u017c jednej dawki dziennie mo\u017ce zwi\u0119kszy\u0107 ryzyko wyst\u0105pienia dzia\u0142a\u0144 niepo\u017c\u0105danych.<\/p>\n<p>Przed rozpocz\u0119ciem leczenia lekiem ModaXL lub jakimkolwiek innym lekiem opartym na modafinilu nale\u017cy skonsultowa\u0107 si\u0119 z lekarzem.<\/p>\n<h2>Mo\u017cliwe dzia\u0142ania niepo\u017c\u0105dane<\/h2>\n<p>Lek ModaXL jest bezpieczny, dobrze tolerowany i skuteczny. Jednak cz\u0119sto zdarza si\u0119, \u017ce u niekt\u00f3rych u\u017cytkownik\u00f3w wyst\u0119puj\u0105 \u0142agodne dzia\u0142ania niepo\u017c\u0105dane, takie jak b\u00f3le g\u0142owy, nudno\u015bci, rozstr\u00f3j \u017co\u0142\u0105dka, katar i zawroty g\u0142owy.<\/p>\n<p>W przypadkach, w kt\u00f3rych wyst\u0119puj\u0105, s\u0105 zazwyczaj \u0142agodne, kr\u00f3tkotrwa\u0142e i ust\u0119puj\u0105 bez leczenia.<br \/>\n[\/vc_column][vc_column width=&#8221;1\/2&#8243;]\nWarto zauwa\u017cy\u0107, \u017ce bardziej powa\u017cne dzia\u0142ania niepo\u017c\u0105dane mog\u0105 r\u00f3wnie\u017c wyst\u0105pi\u0107 w oparciu o poziom nadu\u017cywania. Mo\u017cliwe objawy to:<\/p>\n<ul>\n<li>bezsenno\u015b\u0107;<\/li>\n<li>niepok\u00f3j;<\/li>\n<li>depresja;<\/li>\n<li>gor\u0105czka;<\/li>\n<li>b\u00f3le plec\u00f3w;<\/li>\n<li>problemy z oddychaniem;<\/li>\n<li>halucynacje.<\/li>\n<\/ul>\n<p>Chocia\u017c rzadko wyst\u0119puj\u0105, te skutki uboczne mog\u0105 sta\u0107 si\u0119 powa\u017cne, a nawet zagra\u017caj\u0105ce \u017cyciu, je\u015bli pozostawione bez nadzoru. Wskazane jest, aby po pojawieniu si\u0119 kt\u00f3regokolwiek z nich jak najszybciej zwr\u00f3ci\u0107 si\u0119 o piln\u0105 pomoc lekarsk\u0105.<\/p>\n<h2>Przeciwwskazania i \u015brodki ostro\u017cno\u015bci<\/h2>\n<p>Wskazane jest, aby uwa\u017ca\u0107 na leki, suplementy lub zio\u0142a stosowane podczas przyjmowania leku ModaXL. Ma to pom\u00f3c w zapobieganiu interakcji. Interakcja lekowa mo\u017ce zwi\u0119kszy\u0107 ryzyko, \u017ce jeden lub wi\u0119cej z przyjmowanych razem lek\u00f3w b\u0119dzie nieskuteczny lub nawet zwi\u0119kszy\u0107 ryzyko wyst\u0105pienia dzia\u0142a\u0144 niepo\u017c\u0105danych.<\/p>\n<p>Nast\u0119puj\u0105ce leki wchodz\u0105 w interakcje z ModaXL i innymi lekami na bazie modafinilu i nale\u017cy ich unika\u0107:<\/p>\n<ul>\n<li>rifampina\/Rifadin;<\/li>\n<li>klopidogrel;<\/li>\n<li>deflazacort;<\/li>\n<li>bosutinib;<\/li>\n<li>poppers (narkotyki uliczne), takie jak metamfetamina;<\/li>\n<li>leki przeciwgrzybicze, takie jak itrakonazol\/Sporanox lub ketokonazol\/Nizoral;<\/li>\n<li>leki uspokajaj\u0105ce, takie jak triazolam\/Halcion, midazolam\/Versed lub diazepam\/Valium.<\/li>\n<\/ul>\n<p>Warto zauwa\u017cy\u0107, \u017ce leki nie s\u0105 jedyn\u0105 przyczyn\u0105 interakcji, niekt\u00f3re pokarmy, napoje r\u00f3wnie\u017c. Na pocz\u0105tek, alkohol nie miesza si\u0119 dobrze z ModaXl, a picie go podczas, przed, lub kr\u00f3tko po popping pigu\u0142ki mo\u017ce zwi\u0119kszy\u0107 ryzyko dzia\u0142a\u0144 niepo\u017c\u0105danych, a nawet spowodowa\u0107 blackout. Ponadto nale\u017cy unika\u0107 pokarm\u00f3w bogatych w t\u0142uszcz, kt\u00f3re nie mieszaj\u0105 si\u0119 dobrze z lekiem, poniewa\u017c mog\u0105 op\u00f3\u017ani\u0107 pocz\u0105tek dzia\u0142ania leku.<\/p>\n<p>Nale\u017cy zapozna\u0107 si\u0119 z ulotk\u0105 informacyjn\u0105 leku i porozmawia\u0107 z lekarzem, aby uzyska\u0107 pe\u0142niejsz\u0105 list\u0119 rzeczy, kt\u00f3rych nale\u017cy unika\u0107 podczas stosowania leku ModaXL.<\/p>\n<h2>Do\u015bwiadczenie konsumenta<\/h2>\n<p>Chocia\u017c ModaXL jest stosunkowo nowy na scenie nootropowej, zyskuje wiele trakcji. Wynika to prawdopodobnie z wysokiego poziomu bezpiecze\u0144stwa, \u0142atwo\u015bci u\u017cycia i skuteczno\u015bci. Wiele os\u00f3b, kt\u00f3re wypr\u00f3bowa\u0142y go jako alternatyw\u0119 dla Modalertu w leczeniu nadmiernej ilo\u015bci dni uwa\u017ca go za &#8220;warty ka\u017cdego grosza&#8221;.<\/p>\n<p><img fetchpriority=\"high\" decoding=\"async\" class=\"alignnone size-full wp-image-452303\" src=\"https:\/\/buymodafinilonline.com\/wp-content\/uploads\/2023\/01\/ModaXL-Certificate-of-Analysis.png\" alt=\"ModaXL 200mg Kontrola jako\u015bci i certyfikat analizy\" width=\"1600\" height=\"2262\" srcset=\"https:\/\/buymodafinilonline.com\/wp-content\/uploads\/2023\/01\/ModaXL-Certificate-of-Analysis.png 1600w, https:\/\/buymodafinilonline.com\/wp-content\/uploads\/2023\/01\/ModaXL-Certificate-of-Analysis-212x300.png 212w, https:\/\/buymodafinilonline.com\/wp-content\/uploads\/2023\/01\/ModaXL-Certificate-of-Analysis-724x1024.png 724w, https:\/\/buymodafinilonline.com\/wp-content\/uploads\/2023\/01\/ModaXL-Certificate-of-Analysis-768x1086.png 768w, https:\/\/buymodafinilonline.com\/wp-content\/uploads\/2023\/01\/ModaXL-Certificate-of-Analysis-1086x1536.png 1086w, https:\/\/buymodafinilonline.com\/wp-content\/uploads\/2023\/01\/ModaXL-Certificate-of-Analysis-1449x2048.png 1449w, https:\/\/buymodafinilonline.com\/wp-content\/uploads\/2023\/01\/ModaXL-Certificate-of-Analysis-990x1400.png 990w, https:\/\/buymodafinilonline.com\/wp-content\/uploads\/2023\/01\/ModaXL-Certificate-of-Analysis-441x623.png 441w, https:\/\/buymodafinilonline.com\/wp-content\/uploads\/2023\/01\/ModaXL-Certificate-of-Analysis-300x424.png 300w, https:\/\/buymodafinilonline.com\/wp-content\/uploads\/2023\/01\/ModaXL-Certificate-of-Analysis-800x1131.png 800w, https:\/\/buymodafinilonline.com\/wp-content\/uploads\/2023\/01\/ModaXL-Certificate-of-Analysis-150x212.png 150w\" sizes=\"(max-width: 1600px) 100vw, 1600px\" \/><\/p>\n<p>R\u00f3wnie\u017c wielu entuzjast\u00f3w &#8220;inteligentnego narkotyku&#8221;, kt\u00f3rzy wypr\u00f3bowali go dla jego korzy\u015bci poznawczych, zg\u0142osili znalezienie go skutecznego i dobrze tolerowanego. S\u0105dz\u0105c po dotychczasowych opiniach, wygl\u0105da na to, \u017ce ModaXL zast\u0105pi wiele innych generycznych marek modafinilu. Jest bezpieczny i prawdopodobnie zapewni zamierzone rezultaty dla wi\u0119kszo\u015bci os\u00f3b, kt\u00f3re go stosuj\u0105. Warto jednak zaznaczy\u0107, \u017ce dzia\u0142anie lek\u00f3w mo\u017ce by\u0107 r\u00f3\u017cne u poszczeg\u00f3lnych os\u00f3b. W zwi\u0105zku z tym przed rozpocz\u0119ciem leczenia lekiem wskazane jest zasi\u0119gni\u0119cie porady lekarza.<\/p>\n<h2>Kupi\u0107 Generyczny ModaXL 200mg (Modafinil) Online<\/h2>\n<p>ModaXL jest teraz do sprzeda\u017cy w naszej aptece internetowej i mo\u017cna go dosta\u0107 bez recepty. Oferujemy jedn\u0105 z najlepszych cen, jakie mo\u017cna znale\u017a\u0107 w Internecie za wysokiej jako\u015bci tabletki. I zgadnij co, stoisz do korzystania z wielu korzy\u015bci, gdy kupujesz od nas.<\/p>\n<p>Na pocz\u0105tek oferujemy <a href=\"https:\/\/buymodafinilonline.com\/pl\/najlepszy-dostawca-w-polsce\/\">darmow\u0105 wysy\u0142k\u0119<\/a> do wi\u0119kszo\u015bci cz\u0119\u015bci \u015bwiata przy zam\u00f3wieniach 100+ tabletek z Indii i Singapuru (oko\u0142o 3-miesi\u0119czny zapas). Zapewniamy 100% gwarancj\u0119 zwrotu pieni\u0119dzy. Oznacza to, \u017ce otrzymujesz <a href=\"https:\/\/buymodafinilonline.com\/refund-reshipment\/\">pe\u0142ny zwrot<\/a> pieni\u0119dzy (bez zadawania pyta\u0144) lub ponowne wys\u0142anie zam\u00f3wienia, je\u015bli zaginie lub zostanie uszkodzone podczas dostawy.<\/p>\n<p>Wysy\u0142ka jest u nas zawsze sprawna i superszybka. Nasza dostawa z USA do USA za po\u015brednictwem USPS trwa tylko oko\u0142o 3-4 dni, a z Wielkiej Brytanii do Wielkiej Brytanii za po\u015brednictwem Royal Mail &#8211; 5 dni. Zako\u0144czenie transakcji na naszej platformie jest zawsze proste, poniewa\u017c akceptujemy wiele <a href=\"https:\/\/buymodafinilonline.com\/billing-credit-card-faq\/\">metod p\u0142atno\u015bci<\/a> &#8211; PayPal, kryptowaluty i wszystkie g\u0142\u00f3wne karty debetowe.<\/p>\n<p>N.B. W <a href=\"https:\/\/buymodafinilonline.com\/pl\/\">BuyModafinilOnline<\/a> wszystkie p\u0142atno\u015bci dokonywane za po\u015brednictwem <a href=\"https:\/\/buymodafinilonline.com\/bitcoin-payment\/\">Bitcoin<\/a> przyci\u0105gaj\u0105 specjaln\u0105 23% zni\u017ck\u0119.<\/p>\n[\/vc_column]\n","protected":false},"excerpt":{"rendered":"<p>Przedstawiamy now\u0105 i ulepszon\u0105 wersj\u0119 generyczn\u0105 <a href=\"https:\/\/buymodafinilonline.com\/smart-drugs\/generic-provigil\/\">Provigilu<\/a>, kt\u00f3ra zawiera <strong><em>100% czysty modafinil<\/em><\/strong> jako sw\u00f3j aktywny sk\u0142adnik. Jest produkowany przez HOF Pharmaceuticals, renomowan\u0105 firm\u0119 farmaceutyczn\u0105 z siedzib\u0105 w Indiach, a sprzedawany i promowany przez BuyModafinilOnline, wiod\u0105c\u0105 aptek\u0119 internetow\u0105 modafinil. Lek ma szybko\u015b\u0107 wch\u0142aniania, kt\u00f3ra jest <strong><em>5% wy\u017cszy<\/em><\/strong> ni\u017c w przypadku wi\u0119kszo\u015bci innych lek\u00f3w generycznych, i zapewnia <strong><em>30% silniejszy efekt szczytowy<\/em><\/strong>.<\/p>\n<p>Oferujemy r\u00f3wnie\u017c inne tanie alternatywy o tych samych zaletach. Nale\u017c\u0105 do nich mi\u0119dzy innymi <a href=\"https:\/\/buymodafinilonline.com\/smart-drugs\/modaheal-200-mg-tablets\/\">Modaheal<\/a>, <a href=\"https:\/\/buymodafinilonline.com\/smart-drugs\/modvigil-200mg-tablets\/\">Modvigil<\/a> i <a href=\"https:\/\/buymodafinilonline.com\/smart-drugs\/modawake-200-mg-tablets\/\">Modawake<\/a>. Nasze produkty s\u0105 oryginalne; mo\u017cna to pozna\u0107 po tym, \u017ce <em><strong>Etykieta U.S.P.<\/strong><\/em> nosz\u0105.<\/p>\n<p>Zam\u00f3wienia na ponad 100 tabletek automatycznie przyci\u0105gaj\u0105 <a href=\"https:\/\/buymodafinilonline.com\/shipping\/\">darmow\u0105 ultraszybk\u0105 dostaw\u0119<\/a> pod Twoje drzwi. Bior\u0105c pod uwag\u0119 interesuj\u0105ce korzy\u015bci, ModaXL z pewno\u015bci\u0105 da Ci najlepszy bang dla Twojej z\u0142ot\u00f3wki.<\/p>\n<p>Z\u0142\u00f3\u017c zam\u00f3wienie ju\u017c teraz i zdob\u0105d\u017a nasz bestseller taniej. Nie jest wymagana recepta.<\/p>\n","protected":false},"featured_media":444285,"comment_status":"open","ping_status":"closed","template":"","meta":{"_acf_changed":false},"product_brand":[],"product_cat":[3904,4045],"product_tag":[4051],"class_list":{"0":"post-447021","1":"product","2":"type-product","3":"status-publish","4":"has-post-thumbnail","6":"product_cat-hity-sprzedazy","7":"product_cat-marki-inteligentnych-lekow","8":"product_tag-modafinil-pl","10":"first","11":"instock","12":"sale","13":"featured","14":"shipping-taxable","15":"purchasable","16":"product-type-variable","17":"has-default-attributes"},"acf":[],"yoast_head":"<!-- This site is optimized with the Yoast SEO Premium plugin v23.6 (Yoast SEO v27.3) - https:\/\/yoast.com\/product\/yoast-seo-premium-wordpress\/ -->\n<title>Kup ModaXL 200 MG (Modafinil) Tabletki bez recepty - KupModafinilOnline<\/title>\n<meta name=\"description\" content=\"Zakupi\u0107 tabletki ModaXL 200mg online producenta HOF Pharmaceuticals Ltd. Kup ModaXL 200mg (modafinil) OTC w aptece BuyModafinilOnline. Zap\u0142a\u0107 kart\u0105 kredytow\u0105, PayPal lub Bitcoin i uzyskaj wspania\u0142e rabaty!\" \/>\n<meta name=\"robots\" content=\"index, follow, max-snippet:-1, max-image-preview:large, max-video-preview:-1\" \/>\n<link rel=\"canonical\" href=\"https:\/\/buymodafinilonline.com\/pl\/pigulki-madrosci\/modaxl-200-mg\/\" \/>\n<meta property=\"og:locale\" content=\"pl_PL\" \/>\n<meta property=\"og:type\" content=\"article\" \/>\n<meta property=\"og:title\" content=\"ModaXL 200 MG\" \/>\n<meta property=\"og:description\" content=\"Zakupi\u0107 tabletki ModaXL 200mg online producenta HOF Pharmaceuticals Ltd. Kup ModaXL 200mg (modafinil) OTC w aptece BuyModafinilOnline. Zap\u0142a\u0107 kart\u0105 kredytow\u0105, PayPal lub Bitcoin i uzyskaj wspania\u0142e rabaty!\" \/>\n<meta property=\"og:url\" content=\"https:\/\/buymodafinilonline.com\/pl\/pigulki-madrosci\/modaxl-200-mg\/\" \/>\n<meta property=\"og:site_name\" content=\"BuyModafinilOnline.com\" \/>\n<meta property=\"article:modified_time\" content=\"2026-01-28T18:07:13+00:00\" \/>\n<meta property=\"og:image\" content=\"https:\/\/buymodafinilonline.com\/wp-content\/uploads\/2022\/08\/bmo-product-modaxl-pack.png\" \/>\n\t<meta property=\"og:image:width\" content=\"1280\" \/>\n\t<meta property=\"og:image:height\" content=\"1500\" \/>\n\t<meta property=\"og:image:type\" content=\"image\/png\" \/>\n<meta name=\"twitter:label1\" content=\"Szacowany czas czytania\" \/>\n\t<meta name=\"twitter:data1\" content=\"7 minut\" \/>\n<script type=\"application\/ld+json\" class=\"yoast-schema-graph\">{\"@context\":\"https:\\\/\\\/schema.org\",\"@graph\":[{\"@type\":\"WebPage\",\"@id\":\"https:\\\/\\\/buymodafinilonline.com\\\/pl\\\/pigulki-madrosci\\\/modaxl-200-mg\\\/\",\"url\":\"https:\\\/\\\/buymodafinilonline.com\\\/pl\\\/pigulki-madrosci\\\/modaxl-200-mg\\\/\",\"name\":\"Kup ModaXL 200 MG (Modafinil) Tabletki bez recepty - KupModafinilOnline\",\"isPartOf\":{\"@id\":\"https:\\\/\\\/buymodafinilonline.com\\\/pl\\\/#website\"},\"primaryImageOfPage\":{\"@id\":\"https:\\\/\\\/buymodafinilonline.com\\\/pl\\\/pigulki-madrosci\\\/modaxl-200-mg\\\/#primaryimage\"},\"image\":{\"@id\":\"https:\\\/\\\/buymodafinilonline.com\\\/pl\\\/pigulki-madrosci\\\/modaxl-200-mg\\\/#primaryimage\"},\"thumbnailUrl\":\"https:\\\/\\\/buymodafinilonline.com\\\/wp-content\\\/uploads\\\/2022\\\/08\\\/bmo-product-modaxl-pack.png\",\"datePublished\":\"2022-08-26T06:25:37+00:00\",\"dateModified\":\"2026-01-28T18:07:13+00:00\",\"description\":\"Zakupi\u0107 tabletki ModaXL 200mg online producenta HOF Pharmaceuticals Ltd. Kup ModaXL 200mg (modafinil) OTC w aptece BuyModafinilOnline. Zap\u0142a\u0107 kart\u0105 kredytow\u0105, PayPal lub Bitcoin i uzyskaj wspania\u0142e rabaty!\",\"breadcrumb\":{\"@id\":\"https:\\\/\\\/buymodafinilonline.com\\\/pl\\\/pigulki-madrosci\\\/modaxl-200-mg\\\/#breadcrumb\"},\"inLanguage\":\"pl-PL\",\"potentialAction\":[{\"@type\":\"ReadAction\",\"target\":[\"https:\\\/\\\/buymodafinilonline.com\\\/pl\\\/pigulki-madrosci\\\/modaxl-200-mg\\\/\"]}]},{\"@type\":\"ImageObject\",\"inLanguage\":\"pl-PL\",\"@id\":\"https:\\\/\\\/buymodafinilonline.com\\\/pl\\\/pigulki-madrosci\\\/modaxl-200-mg\\\/#primaryimage\",\"url\":\"https:\\\/\\\/buymodafinilonline.com\\\/wp-content\\\/uploads\\\/2022\\\/08\\\/bmo-product-modaxl-pack.png\",\"contentUrl\":\"https:\\\/\\\/buymodafinilonline.com\\\/wp-content\\\/uploads\\\/2022\\\/08\\\/bmo-product-modaxl-pack.png\",\"width\":1280,\"height\":1500,\"caption\":\"Highest Quality MoodaXL Modafinil Pills 200 mg\"},{\"@type\":\"BreadcrumbList\",\"@id\":\"https:\\\/\\\/buymodafinilonline.com\\\/pl\\\/pigulki-madrosci\\\/modaxl-200-mg\\\/#breadcrumb\",\"itemListElement\":[{\"@type\":\"ListItem\",\"position\":1,\"name\":\"Buy Modafinil Online\",\"item\":\"https:\\\/\\\/buymodafinilonline.com\\\/pl\\\/\"},{\"@type\":\"ListItem\",\"position\":2,\"name\":\"Sklep\",\"item\":\"https:\\\/\\\/buymodafinilonline.com\\\/pl\\\/sklep\\\/\"},{\"@type\":\"ListItem\",\"position\":3,\"name\":\"Marki inteligentnych lek\u00f3w\",\"item\":\"https:\\\/\\\/buymodafinilonline.com\\\/pl\\\/kategoria-produktow\\\/marki-inteligentnych-lekow\\\/\"},{\"@type\":\"ListItem\",\"position\":4,\"name\":\"ModaXL 200 MG\"}]},{\"@type\":\"WebSite\",\"@id\":\"https:\\\/\\\/buymodafinilonline.com\\\/pl\\\/#website\",\"url\":\"https:\\\/\\\/buymodafinilonline.com\\\/pl\\\/\",\"name\":\"BuyModafinilOnline.com\",\"description\":\"Modafinil Online Pharmacy\",\"publisher\":{\"@id\":\"https:\\\/\\\/buymodafinilonline.com\\\/pl\\\/#organization\"},\"potentialAction\":[{\"@type\":\"SearchAction\",\"target\":{\"@type\":\"EntryPoint\",\"urlTemplate\":\"https:\\\/\\\/buymodafinilonline.com\\\/pl\\\/?s={search_term_string}\"},\"query-input\":{\"@type\":\"PropertyValueSpecification\",\"valueRequired\":true,\"valueName\":\"search_term_string\"}}],\"inLanguage\":\"pl-PL\"},{\"@type\":\"Organization\",\"@id\":\"https:\\\/\\\/buymodafinilonline.com\\\/pl\\\/#organization\",\"name\":\"BuyModafinilOnline\",\"url\":\"https:\\\/\\\/buymodafinilonline.com\\\/pl\\\/\",\"logo\":{\"@type\":\"ImageObject\",\"inLanguage\":\"pl-PL\",\"@id\":\"https:\\\/\\\/buymodafinilonline.com\\\/pl\\\/#\\\/schema\\\/logo\\\/image\\\/\",\"url\":\"https:\\\/\\\/buymodafinilonline.com\\\/wp-content\\\/uploads\\\/2020\\\/04\\\/logo-buy-modafinil-online-yellow.png\",\"contentUrl\":\"https:\\\/\\\/buymodafinilonline.com\\\/wp-content\\\/uploads\\\/2020\\\/04\\\/logo-buy-modafinil-online-yellow.png\",\"width\":200,\"height\":200,\"caption\":\"BuyModafinilOnline\"},\"image\":{\"@id\":\"https:\\\/\\\/buymodafinilonline.com\\\/pl\\\/#\\\/schema\\\/logo\\\/image\\\/\"}}]}<\/script>\n<!-- \/ Yoast SEO Premium plugin. -->","yoast_head_json":{"title":"Kup ModaXL 200 MG (Modafinil) Tabletki bez recepty - KupModafinilOnline","description":"Zakupi\u0107 tabletki ModaXL 200mg online producenta HOF Pharmaceuticals Ltd. Kup ModaXL 200mg (modafinil) OTC w aptece BuyModafinilOnline. Zap\u0142a\u0107 kart\u0105 kredytow\u0105, PayPal lub Bitcoin i uzyskaj wspania\u0142e rabaty!","robots":{"index":"index","follow":"follow","max-snippet":"max-snippet:-1","max-image-preview":"max-image-preview:large","max-video-preview":"max-video-preview:-1"},"canonical":"https:\/\/buymodafinilonline.com\/pl\/pigulki-madrosci\/modaxl-200-mg\/","og_locale":"pl_PL","og_type":"article","og_title":"ModaXL 200 MG","og_description":"Zakupi\u0107 tabletki ModaXL 200mg online producenta HOF Pharmaceuticals Ltd. Kup ModaXL 200mg (modafinil) OTC w aptece BuyModafinilOnline. Zap\u0142a\u0107 kart\u0105 kredytow\u0105, PayPal lub Bitcoin i uzyskaj wspania\u0142e rabaty!","og_url":"https:\/\/buymodafinilonline.com\/pl\/pigulki-madrosci\/modaxl-200-mg\/","og_site_name":"BuyModafinilOnline.com","article_modified_time":"2026-01-28T18:07:13+00:00","og_image":[{"width":1280,"height":1500,"url":"https:\/\/buymodafinilonline.com\/wp-content\/uploads\/2022\/08\/bmo-product-modaxl-pack.png","type":"image\/png"}],"twitter_misc":{"Szacowany czas czytania":"7 minut"},"schema":{"@context":"https:\/\/schema.org","@graph":[{"@type":"WebPage","@id":"https:\/\/buymodafinilonline.com\/pl\/pigulki-madrosci\/modaxl-200-mg\/","url":"https:\/\/buymodafinilonline.com\/pl\/pigulki-madrosci\/modaxl-200-mg\/","name":"Kup ModaXL 200 MG (Modafinil) Tabletki bez recepty - KupModafinilOnline","isPartOf":{"@id":"https:\/\/buymodafinilonline.com\/pl\/#website"},"primaryImageOfPage":{"@id":"https:\/\/buymodafinilonline.com\/pl\/pigulki-madrosci\/modaxl-200-mg\/#primaryimage"},"image":{"@id":"https:\/\/buymodafinilonline.com\/pl\/pigulki-madrosci\/modaxl-200-mg\/#primaryimage"},"thumbnailUrl":"https:\/\/buymodafinilonline.com\/wp-content\/uploads\/2022\/08\/bmo-product-modaxl-pack.png","datePublished":"2022-08-26T06:25:37+00:00","dateModified":"2026-01-28T18:07:13+00:00","description":"Zakupi\u0107 tabletki ModaXL 200mg online producenta HOF Pharmaceuticals Ltd. Kup ModaXL 200mg (modafinil) OTC w aptece BuyModafinilOnline. Zap\u0142a\u0107 kart\u0105 kredytow\u0105, PayPal lub Bitcoin i uzyskaj wspania\u0142e rabaty!","breadcrumb":{"@id":"https:\/\/buymodafinilonline.com\/pl\/pigulki-madrosci\/modaxl-200-mg\/#breadcrumb"},"inLanguage":"pl-PL","potentialAction":[{"@type":"ReadAction","target":["https:\/\/buymodafinilonline.com\/pl\/pigulki-madrosci\/modaxl-200-mg\/"]}]},{"@type":"ImageObject","inLanguage":"pl-PL","@id":"https:\/\/buymodafinilonline.com\/pl\/pigulki-madrosci\/modaxl-200-mg\/#primaryimage","url":"https:\/\/buymodafinilonline.com\/wp-content\/uploads\/2022\/08\/bmo-product-modaxl-pack.png","contentUrl":"https:\/\/buymodafinilonline.com\/wp-content\/uploads\/2022\/08\/bmo-product-modaxl-pack.png","width":1280,"height":1500,"caption":"Highest Quality MoodaXL Modafinil Pills 200 mg"},{"@type":"BreadcrumbList","@id":"https:\/\/buymodafinilonline.com\/pl\/pigulki-madrosci\/modaxl-200-mg\/#breadcrumb","itemListElement":[{"@type":"ListItem","position":1,"name":"Buy Modafinil Online","item":"https:\/\/buymodafinilonline.com\/pl\/"},{"@type":"ListItem","position":2,"name":"Sklep","item":"https:\/\/buymodafinilonline.com\/pl\/sklep\/"},{"@type":"ListItem","position":3,"name":"Marki inteligentnych lek\u00f3w","item":"https:\/\/buymodafinilonline.com\/pl\/kategoria-produktow\/marki-inteligentnych-lekow\/"},{"@type":"ListItem","position":4,"name":"ModaXL 200 MG"}]},{"@type":"WebSite","@id":"https:\/\/buymodafinilonline.com\/pl\/#website","url":"https:\/\/buymodafinilonline.com\/pl\/","name":"BuyModafinilOnline.com","description":"Modafinil Online Pharmacy","publisher":{"@id":"https:\/\/buymodafinilonline.com\/pl\/#organization"},"potentialAction":[{"@type":"SearchAction","target":{"@type":"EntryPoint","urlTemplate":"https:\/\/buymodafinilonline.com\/pl\/?s={search_term_string}"},"query-input":{"@type":"PropertyValueSpecification","valueRequired":true,"valueName":"search_term_string"}}],"inLanguage":"pl-PL"},{"@type":"Organization","@id":"https:\/\/buymodafinilonline.com\/pl\/#organization","name":"BuyModafinilOnline","url":"https:\/\/buymodafinilonline.com\/pl\/","logo":{"@type":"ImageObject","inLanguage":"pl-PL","@id":"https:\/\/buymodafinilonline.com\/pl\/#\/schema\/logo\/image\/","url":"https:\/\/buymodafinilonline.com\/wp-content\/uploads\/2020\/04\/logo-buy-modafinil-online-yellow.png","contentUrl":"https:\/\/buymodafinilonline.com\/wp-content\/uploads\/2020\/04\/logo-buy-modafinil-online-yellow.png","width":200,"height":200,"caption":"BuyModafinilOnline"},"image":{"@id":"https:\/\/buymodafinilonline.com\/pl\/#\/schema\/logo\/image\/"}}]}},"_links":{"self":[{"href":"https:\/\/buymodafinilonline.com\/pl\/wp-json\/wp\/v2\/product\/447021","targetHints":{"allow":["GET"]}}],"collection":[{"href":"https:\/\/buymodafinilonline.com\/pl\/wp-json\/wp\/v2\/product"}],"about":[{"href":"https:\/\/buymodafinilonline.com\/pl\/wp-json\/wp\/v2\/types\/product"}],"replies":[{"embeddable":true,"href":"https:\/\/buymodafinilonline.com\/pl\/wp-json\/wp\/v2\/comments?post=447021"}],"wp:featuredmedia":[{"embeddable":true,"href":"https:\/\/buymodafinilonline.com\/pl\/wp-json\/wp\/v2\/media\/444285"}],"wp:attachment":[{"href":"https:\/\/buymodafinilonline.com\/pl\/wp-json\/wp\/v2\/media?parent=447021"}],"wp:term":[{"taxonomy":"product_brand","embeddable":true,"href":"https:\/\/buymodafinilonline.com\/pl\/wp-json\/wp\/v2\/product_brand?post=447021"},{"taxonomy":"product_cat","embeddable":true,"href":"https:\/\/buymodafinilonline.com\/pl\/wp-json\/wp\/v2\/product_cat?post=447021"},{"taxonomy":"product_tag","embeddable":true,"href":"https:\/\/buymodafinilonline.com\/pl\/wp-json\/wp\/v2\/product_tag?post=447021"}],"curies":[{"name":"wp","href":"https:\/\/api.w.org\/{rel}","templated":true}]}}