{"id":447238,"date":"2021-07-12T22:38:41","date_gmt":"2021-07-12T21:38:41","guid":{"rendered":"https:\/\/buymodafinilonline.com\/smart-drugs\/modavinil-200-mg\/"},"modified":"2025-05-11T15:42:35","modified_gmt":"2025-05-11T14:42:35","slug":"modavinil-200-mg","status":"publish","type":"product","link":"https:\/\/buymodafinilonline.com\/pl\/pigulki-madrosci\/modavinil-200-mg\/","title":{"rendered":"Modavinil 200 MG"},"content":{"rendered":"[vc_column width=&#8221;1\/2&#8243;]\n<h2>Co to jest lek Modavinil 200 mg?<\/h2>\n<p>Modavinil to nowa marka generycznego modafinilu stworzona przez Centurion Laboratories, renomowanego i zaufanego giganta farmaceutycznego z Indii. Modafinil, jego aktywny sk\u0142adnik, jest popularnym eugeroidem zaprojektowanym specjalnie do leczenia kilku zaburze\u0144 snu, takich jak obturacyjny bezdech senny (OSA), zaburzenia snu zwi\u0105zane z prac\u0105 zmianow\u0105 (SWSD) i narkolepsja. Og\u00f3lnie rzecz bior\u0105c, pomaga osobom pozbawionym snu pozosta\u0107 przytomnym i czujnym.<\/p>\n<p>Poza recept\u0105, lekarze mog\u0105 przepisa\u0107 t\u0119 pigu\u0142k\u0119 pacjentom cierpi\u0105cym na inne schorzenia, w tym zesp\u00f3\u0142 nadpobudliwo\u015bci psychoruchowej z deficytem uwagi (ADHD), jet lag, depresj\u0119, chorob\u0119 Parkinsona, chorob\u0119 Alzheimera itp. Poza tym, zdrowe osoby z wszystkich \u015brodowisk u\u017cywaj\u0105 Modavinilu, aby poprawi\u0107 swoje zdolno\u015bci m\u00f3zgowe i zwi\u0119kszy\u0107 produktywno\u015b\u0107. Chocia\u017c prawie ka\u017cdy mo\u017ce przyjmowa\u0107 ten lek, zawsze zaleca si\u0119 skonsultowanie z lekarzem przed rozpocz\u0119ciem leczenia nim.<\/p>\n<h2>Jak dzia\u0142aj\u0105 te tabletki?<\/h2>\n<p>Istnieje wiele niepewno\u015bci dotycz\u0105cych sposobu dzia\u0142ania modafinilu. Eksperci nie s\u0105 do ko\u0144ca pewni, jak to dzia\u0142a. Jednak wiadomo, \u017ce wi\u0105\u017ce si\u0119 z transporterem dopaminy &amp; hamuje wychwyt dopaminy, zwi\u0119kszaj\u0105c w ten spos\u00f3b jej st\u0119\u017cenie. Ten neuroprzeka\u017anik, z kolei, powoduje &#8220;feel-good&#8221; uczucie &amp; sprawia, \u017ce u\u017cytkownicy pozostaj\u0105 przytomni i czujni. Uwa\u017ca si\u0119, \u017ce dopamina jest zwi\u0105zana z cyklem sen-budzenie, motywacj\u0105, &amp; ludzk\u0105 zdolno\u015bci\u0105 do koncentracji. Poza tym lek wp\u0142ywa na poziom histaminy w m\u00f3zgu, co sprzyja czuciu w ci\u0105gu dnia. Reguluje r\u00f3wnie\u017c poziom innych substancji chemicznych, takich jak serotonina, noradrenalina i oreksyna.<\/p>\n<h2>Bezpieczne dawkowanie i w\u0142a\u015bciwe stosowanie<\/h2>\n<p>Modavinil ma wiele zastosowa\u0144 i efekt\u00f3w, skutkuj\u0105cych wi\u0119ksz\u0105 koncentracj\u0105, popraw\u0105 wzorc\u00f3w snu, lepszym poziomem energii i zwi\u0119kszon\u0105 produktywno\u015bci\u0105. Jego dawkowanie jest oparte na stanie medycznym u\u017cytkownika i odpowiedzi na leczenie. Jednak 200 mg to og\u00f3lna zalecana dawka przyjmowana raz na dob\u0119. Nowi u\u017cytkownicy mog\u0105 zacz\u0105\u0107 od 100 mg &#8211; dziel\u0105c tabletk\u0119 na p\u00f3\u0142. G\u00f3rna granica dla leku Modavinil wynosi 400 mg na dob\u0119.<\/p>\n<p>Je\u015bli pacjent jest narkoleptykiem lub cierpi na OSA, tabletk\u0119 nale\u017cy przyj\u0105\u0107 rano. W przypadku leczenia SWSD nale\u017cy go po\u0142kn\u0105\u0107 na godzin\u0119 przed rozpocz\u0119ciem zmiany roboczej. Nale\u017cy go przyjmowa\u0107 doustnie, popijaj\u0105c szklank\u0105 wody &amp; mo\u017ce by\u0107 spo\u017cywany z lub bez jedzenia. To zale\u017cy od Twoich preferencji.<\/p>\n<p>Jest wysoce zalecane, aby skonsultowa\u0107 si\u0119 z lekarzem przed podj\u0119ciem Modavinil sprawdzi\u0107 swoje zdrowie i zapewni\u0107, \u017ce jest to bezpieczne dla Ciebie. Jego pocz\u0105tek dzia\u0142ania wyst\u0119puje na og\u00f3\u0142 w ci\u0105gu oko\u0142o godziny po podaniu. Jego okres p\u00f3\u0142trwania wynosi oko\u0142o 13+ godzin, wi\u0119c najlepiej jest wzi\u0105\u0107 med na pocz\u0105tku dnia.<\/p>\n<p>Poniewa\u017c Modavinil mo\u017ce powodowa\u0107 odwodnienie, najwa\u017cniejsze jest, aby pi\u0107 du\u017co wody podczas gdy med jest aktywny, aby unikn\u0105\u0107 b\u00f3lu g\u0142owy. Mo\u017ce dzia\u0142a\u0107 jako diuretyk powoduj\u0105c szybsze przechodzenie wody przez system organizmu. To sprawia, \u017ce konieczne jest nawodnienie, aby zast\u0105pi\u0107 wod\u0119, kt\u00f3r\u0105 straci\u0142e\u015b.<\/p>\n<h2>Mo\u017cliwe dzia\u0142ania niepo\u017c\u0105dane<\/h2>\n<p>Podczas stosowania leku Modavinil 200 mg mog\u0105 wyst\u0105pi\u0107 negatywne skutki, kt\u00f3re mog\u0105 by\u0107 od \u0142agodnych do ci\u0119\u017ckich. Nie zdarzaj\u0105 si\u0119 one jednak ka\u017cdemu u\u017cytkownikowi. Je\u015bli wyst\u0105pi\u0105 \u0142agodne objawy, szybko zanikaj\u0105, poniewa\u017c organizm dostosowuje si\u0119 do leku. Najcz\u0119\u015bciej wyst\u0119puj\u0105ce negatywne skutki s\u0105 nast\u0119puj\u0105ce:<\/p>\n<ul>\n<li>sucho\u015b\u0107 w ustach;<\/li>\n<li>md\u0142o\u015bci;<\/li>\n<li>b\u00f3l g\u0142owy;<\/li>\n<li>biegunka;<\/li>\n<li>trudno\u015bci z zasypianiem;<\/li>\n<li>zawroty g\u0142owy.<\/li>\n<\/ul>\n<p>W bardzo rzadkich przypadkach u niekt\u00f3rych os\u00f3b stosuj\u0105cych &#8220;inteligentne leki&#8221; mog\u0105 wyst\u0105pi\u0107 ci\u0119\u017ckie dzia\u0142ania niepo\u017c\u0105dane, takie jak:<\/p>\n<ul>\n<li>halucynacje;<\/li>\n<li>nadpobudliwo\u015b\u0107;<\/li>\n<li>depresja;<\/li>\n<li>wstrz\u0105sy;<\/li>\n<li>my\u015bli samob\u00f3jcze.<\/li>\n<\/ul>\n[\/vc_column][vc_column width=&#8221;1\/2&#8243;]\nTo nie jest wyczerpuj\u0105ca lista. W przypadku wyst\u0105pienia takich objaw\u00f3w, w tym reakcji alergicznych, takich jak silne wysypki i p\u0119cherze, nale\u017cy natychmiast zwr\u00f3ci\u0107 si\u0119 o pomoc lekarsk\u0105. Lepiej skonsultowa\u0107 si\u0119 z lekarzem przed rozpocz\u0119ciem przyjmowania tego med, aby przeprowadzi\u0107 analiz\u0119 zdrowotn\u0105 w celu ustalenia, czy Modavinil jest dobry dla Ciebie. Ten med jest og\u00f3lnie uwa\u017cany za bezpieczny i dobrze tolerowany, ale ka\u017cdy u\u017cytkownik mo\u017ce reagowa\u0107 na niego inaczej. Niekt\u00f3re negatywne efekty mog\u0105 sta\u0107 si\u0119 bardziej dominuj\u0105ce przy wy\u017cszych dawkach.<\/p>\n<h2>Przeciwwskazania i \u015brodki ostro\u017cno\u015bci<\/h2>\n<p>Warto zauwa\u017cy\u0107, \u017ce Modavinil mo\u017ce negatywnie oddzia\u0142ywa\u0107 z niekt\u00f3rymi lekami. Rzeczywi\u015bcie, ten &#8220;inteligentny lek&#8221; wchodzi w interakcje z 425 lekami, je\u015bli s\u0105 one podawane razem. Takie interakcje mog\u0105 zmniejszy\u0107 dzia\u0142anie jednego lub kilku lek\u00f3w w po\u0142\u0105czeniu lub nawet zwi\u0119kszy\u0107 ryzyko wyst\u0105pienia negatywnych reakcji.<\/p>\n<p>Jako lek na bazie modafinilu, Modavinil mo\u017ce wchodzi\u0107 w interakcje z nast\u0119puj\u0105cymi klasami lek\u00f3w:<\/p>\n<ul>\n<li>antybiotyki takie jak erytromycyna;<\/li>\n<li>leki przeciwgrzybicze, takie jak ketokonazol;<\/li>\n<li>leki przeciwdrgawkowe, takie jak karbamazepina;<\/li>\n<li>niekt\u00f3re rodzaje lek\u00f3w przeciwdepresyjnych, takie jak klomipramina i desipramina;<\/li>\n<li>pigu\u0142ki antykoncepcyjne;<\/li>\n<li>leki przeciwwirusowe, takie jak rytonawir.<\/li>\n<\/ul>\n<p>Chocia\u017c med wsp\u00f3\u0142dzia\u0142a ze znanym 425 meds, tylko male\u0144ki procent interakcji jest surowy. Niech lekarz wie o wszelkich meds, kt\u00f3re mo\u017cesz u\u017cywa\u0107 przed spo\u017cyciem med.<\/p>\n<p>Poza tym Modavinil wchodzi w interakcje z alkoholem w spos\u00f3b, kt\u00f3ry mo\u017ce zwi\u0119ksza\u0107 ryzyko wyst\u0105pienia negatywnych skutk\u00f3w. Cho\u0107 nie wchodzi w interakcje z wi\u0119kszo\u015bci\u0105 pokarm\u00f3w, przyjmowanie go tu\u017c przed lub po spo\u017cyciu t\u0142ustych posi\u0142k\u00f3w mo\u017ce op\u00f3\u017ani\u0107 pocz\u0105tek jego dzia\u0142ania.<\/p>\n<p>Kobiety w ci\u0105\u017cy i osoby, u kt\u00f3rych w przesz\u0142o\u015bci wyst\u0105pi\u0142 zawa\u0142 serca, b\u00f3l w klatce piersiowej, wysokie ci\u015bnienie krwi, nieregularne bicie serca, choroby nerek lub w\u0105troby, nadu\u017cywanie lek\u00f3w pobudzaj\u0105cych lub nielegalnych, oraz choroby psychiczne powinny unika\u0107 stosowania Modavinilu.<\/p>\n<h2>Do\u015bwiadczenie konsumenta<\/h2>\n<p>Chocia\u017c Modavinil jest stosunkowo nowy na scenie &#8220;inteligentnych lek\u00f3w&#8221;, zdoby\u0142 serca wielu u\u017cytkownik\u00f3w dzi\u0119ki swojemu bezpiecze\u0144stwu, skuteczno\u015bci i samej liczbie ogromnych korzy\u015bci, kt\u00f3re zapewnia. Oto niekt\u00f3re z zalet, kt\u00f3re potwierdzaj\u0105 konsumenci, a tak\u017ce badania:<\/p>\n<ul>\n<li>poprawi\u0142 si\u0119 stan czuwania;<\/li>\n<li>rozszerzone poznanie;<\/li>\n<li>zwi\u0119kszona wydajno\u015b\u0107;<\/li>\n<li>12+ godzin laserowego skupienia.<\/li>\n<\/ul>\n<p>Nie jest ju\u017c nowo\u015bci\u0105, \u017ce Modavinil 200 mg oferuje zupe\u0142nie nowy poziom ostro\u015bci umys\u0142u, czujno\u015bci, energii i produktywno\u015bci, je\u015bli jest stosowany prawid\u0142owo. Poniewa\u017c jest on dost\u0119pny w sprzeda\u017cy w naszej e-aptece, zam\u00f3w go, aby dowiedzie\u0107 si\u0119 wi\u0119cej o jego niezawodno\u015bci &amp; korzy\u015bciach, jakie daje. Zawsze upewnij si\u0119, \u017ce konsultujesz si\u0119 z lekarzem, aby ustali\u0107, czy ten lek jest dobry dla Ciebie.<\/p>\n<h2>Kupi\u0107 Generyczny Modavinil 200mg (Modafinil) Online<\/h2>\n<p>W <a href=\"https:\/\/buymodafinilonline.com\/pl\/\">BuyModafinilOnline<\/a>, u\u0142atwiamy <a href=\"https:\/\/buymodafinilonline.com\/pl\/sklep\/\">zakup generycznych &#8220;inteligentnych lek\u00f3w&#8221; online<\/a> w \u015bmiesznie niskich cenach i bez recepty. Mamy doskona\u0142\u0105 reputacj\u0119 w dostarczaniu prawdziwych nootrop\u00f3w<a href=\"https:\/\/buymodafinilonline.com\/pl\/pigulki-madrosci\/artvigil-150-mg\/\">(Artvigil<\/a>, <a href=\"https:\/\/buymodafinilonline.com\/pl\/pigulki-madrosci\/armod-150-mg\/\">Armod<\/a>, <a href=\"https:\/\/buymodafinilonline.com\/pl\/pigulki-madrosci\/armodavinil-150-mg\/\">Armodavinil<\/a>, Modawake, <a href=\"https:\/\/buymodafinilonline.com\/pl\/pigulki-madrosci\/modafil-md-200-mg-podjezykowe\/\">Modafil MD<\/a>, itp.) szybko i bezproblemowo. To pokazuje, dlaczego mamy du\u017c\u0105 liczb\u0119 powracaj\u0105cych kupuj\u0105cych i dlaczego kupuj\u0105cy oceniaj\u0105 nas jako najlepsze miejsce do <a href=\"https:\/\/buymodafinilonline.com\/smart-drugs-brands\/\">zakupu taniego modafinilu i armodafinil marek<\/a>. Aby potwierdzi\u0107 nasz\u0105 reputacj\u0119 &amp; jako\u015b\u0107 meds oferujemy, zawsze wygra\u0107 naszych kupuj\u0105cych przez wysy\u0142anie <a href=\"https:\/\/buymodafinilonline.com\/free-trial\/\">bezp\u0142atnych pr\u00f3bek<\/a> popularnych nootropics, wi\u0119c mog\u0105 one przetestowa\u0107 skuteczno\u015b\u0107 naszych produkt\u00f3w przed zakupem. Oferujemy r\u00f3wnie\u017c <a href=\"https:\/\/buymodafinilonline.com\/coupons-deals-promo-codes\/\">niesamowite zni\u017cki<\/a>, kody kupon\u00f3w, &amp; szybka dostawa do wi\u0119kszo\u015bci cz\u0119\u015bci \u015bwiata, w tym USA, Wielkiej Brytanii, &amp; Australia. Poza tym, mamy r\u00f3\u017cne <a href=\"https:\/\/buymodafinilonline.com\/billing-credit-card-faq\/\">opcje p\u0142atno\u015bci<\/a>. Mo\u017cna si\u0119 wymeldowa\u0107 za pomoc\u0105 PayPal, karty kredytowej lub <a href=\"https:\/\/buymodafinilonline.com\/pl\/zaplac-bitcoinami-a-dostaniesz-33-rabatu\/\">Bitcoin<\/a> (23% zni\u017cki). Wysy\u0142amy na ca\u0142y \u015bwiat z wyj\u0105tkiem kilku wymienionych kraj\u00f3w EU.<\/p>\n<p>Ciesz si\u0119 z zakup\u00f3w bez konieczno\u015bci posiadania recepty!<\/p>\n[\/vc_column]\n","protected":false},"excerpt":{"rendered":"<p>Modavinil 200 mg wykonany przez Centurion Laboratories jest nowym generycznym lekiem modafinilu klasy premium. Jego aktywnym sk\u0142adnikiem jest modafinil, kt\u00f3ry pomaga w leczeniu nadmiernej senno\u015bci w ci\u0105gu dnia u pacjent\u00f3w z niedoborem snu i poprawia funkcje poznawcze u zdrowych ludzi. Dzi\u015b ten pot\u0119\u017cny &#8220;inteligentny lek&#8221; mo\u017cna kupi\u0107 od niemal ka\u017cdego sprzedawcy. Jednak\u017ce, je\u015bli chcesz uzyska\u0107 prawdziwe karty w po\u0142\u0105czeniu z <a href=\"https:\/\/buymodafinilonline.com\/coupons-deals-promo-codes\/\">najlepszymi ofertami, rabaty<\/a>, &amp; gwarantowana <a href=\"https:\/\/buymodafinilonline.com\/shipping\/\">wysy\u0142ka na ca\u0142ym \u015bwiecie<\/a>, mo\u017cna bankowo na naszej aptece internetowej!<\/p>\n<p>Z przyjemno\u015bci\u0105 zapraszamy r\u00f3wnie\u017c do wypr\u00f3bowania naszych tanich tabletek <a href=\"https:\/\/buymodafinilonline.com\/smart-drugs\/saver-combo-pack\/\">Modvigil i Artvigil<\/a>, kt\u00f3re zwi\u0119ksz\u0105 twoj\u0105 odporno\u015b\u0107 na zm\u0119czenie, a tak\u017ce innych popularnych marek modafinilu<a href=\"https:\/\/buymodafinilonline.com\/smart-drugs\/modafresh-200-mg-tablets\/\">: Modafresh<\/a>, <a href=\"https:\/\/buymodafinilonline.com\/smart-drugs\/modaheal-200-mg-tablets\/\">Modaheal<\/a>, <a href=\"https:\/\/buymodafinilonline.com\/smart-drugs\/modawake-200-mg-tablets\/\">Modawake<\/a>, <a href=\"https:\/\/buymodafinilonline.com\/smart-drugs\/vilafinil-200mg-tablets\/\">Vilafinil<\/a> i ekskluzywny <a href=\"https:\/\/buymodafinilonline.com\/smart-drugs\/modafil-md-200-mg-sublingual-tablets\/\">podj\u0119zykowy Modafil MD<\/a> dost\u0119pny tylko w naszej aptece internetowej, kt\u00f3ry jest jednym z naszych bestseller\u00f3w o mi\u0119towym smaku dla szybszego wch\u0142aniania, a tym samym szybkiego pocz\u0105tku dzia\u0142ania. Ponadto nasze nowe bestsellery zawieraj\u0105 te same sk\u0142adniki aktywne i s\u0105 tak samo czyste jak nasze poprzednie bestsellerowe marki.<\/p>\n<p>Sprawd\u017a nasz nowy <a href=\"https:\/\/buymodafinilonline.com\/smart-drugs\/modavinil-armodavinil-superior-combo-pack\/\">Superior Combo Pack<\/a>, kt\u00f3ry mo\u017ce zawiera\u0107 dowolne marki wymienione powy\u017cej.<\/p>\n","protected":false},"featured_media":424103,"comment_status":"closed","ping_status":"closed","template":"","meta":{"_acf_changed":false},"product_brand":[],"product_cat":[4045],"product_tag":[4051],"class_list":{"0":"post-447238","1":"product","2":"type-product","3":"status-publish","4":"has-post-thumbnail","6":"product_cat-marki-inteligentnych-lekow","7":"product_tag-modafinil-pl","9":"first","10":"instock","11":"sale","12":"shipping-taxable","13":"purchasable","14":"product-type-variable","15":"has-default-attributes"},"acf":[],"yoast_head":"<!-- This site is optimized with the Yoast SEO Premium plugin v23.6 (Yoast SEO v27.3) - https:\/\/yoast.com\/product\/yoast-seo-premium-wordpress\/ -->\n<title>Zam\u00f3w tanio Modavinil 200 MG (Modafinil) z Indii - BuyModafinilOnline<\/title>\n<meta name=\"description\" content=\"Generyczny Modavinil 200 mg tabletki online bez recepty w aptece BuyModafinilOnline. Uzyskaj 100% gwarancj\u0119 dostawy z Indii! Kup Modavinil (modafinil) za pomoc\u0105 Bitcoin i ciesz si\u0119 23% zni\u017ck\u0105.\" \/>\n<meta name=\"robots\" content=\"index, follow, max-snippet:-1, max-image-preview:large, max-video-preview:-1\" \/>\n<link rel=\"canonical\" href=\"https:\/\/buymodafinilonline.com\/pl\/pigulki-madrosci\/modavinil-200-mg\/\" \/>\n<meta property=\"og:locale\" content=\"pl_PL\" \/>\n<meta property=\"og:type\" content=\"article\" \/>\n<meta property=\"og:title\" content=\"Modavinil 200 MG\" \/>\n<meta property=\"og:description\" content=\"Generyczny Modavinil 200 mg tabletki online bez recepty w aptece BuyModafinilOnline. Uzyskaj 100% gwarancj\u0119 dostawy z Indii! Kup Modavinil (modafinil) za pomoc\u0105 Bitcoin i ciesz si\u0119 23% zni\u017ck\u0105.\" \/>\n<meta property=\"og:url\" content=\"https:\/\/buymodafinilonline.com\/pl\/pigulki-madrosci\/modavinil-200-mg\/\" \/>\n<meta property=\"og:site_name\" content=\"BuyModafinilOnline.com\" \/>\n<meta property=\"article:modified_time\" content=\"2025-05-11T14:42:35+00:00\" \/>\n<meta property=\"og:image\" content=\"https:\/\/buymodafinilonline.com\/wp-content\/uploads\/2021\/07\/bmo-product-modavinill-new.png\" \/>\n\t<meta property=\"og:image:width\" content=\"1280\" \/>\n\t<meta property=\"og:image:height\" content=\"1500\" \/>\n\t<meta property=\"og:image:type\" content=\"image\/png\" \/>\n<meta name=\"twitter:label1\" content=\"Szacowany czas czytania\" \/>\n\t<meta name=\"twitter:data1\" content=\"6 minut\" \/>\n<script type=\"application\/ld+json\" class=\"yoast-schema-graph\">{\"@context\":\"https:\\\/\\\/schema.org\",\"@graph\":[{\"@type\":\"WebPage\",\"@id\":\"https:\\\/\\\/buymodafinilonline.com\\\/pl\\\/pigulki-madrosci\\\/modavinil-200-mg\\\/\",\"url\":\"https:\\\/\\\/buymodafinilonline.com\\\/pl\\\/pigulki-madrosci\\\/modavinil-200-mg\\\/\",\"name\":\"Zam\u00f3w tanio Modavinil 200 MG (Modafinil) z Indii - BuyModafinilOnline\",\"isPartOf\":{\"@id\":\"https:\\\/\\\/buymodafinilonline.com\\\/pl\\\/#website\"},\"primaryImageOfPage\":{\"@id\":\"https:\\\/\\\/buymodafinilonline.com\\\/pl\\\/pigulki-madrosci\\\/modavinil-200-mg\\\/#primaryimage\"},\"image\":{\"@id\":\"https:\\\/\\\/buymodafinilonline.com\\\/pl\\\/pigulki-madrosci\\\/modavinil-200-mg\\\/#primaryimage\"},\"thumbnailUrl\":\"https:\\\/\\\/buymodafinilonline.com\\\/wp-content\\\/uploads\\\/2021\\\/07\\\/bmo-product-modavinill-new.png\",\"datePublished\":\"2021-07-12T21:38:41+00:00\",\"dateModified\":\"2025-05-11T14:42:35+00:00\",\"description\":\"Generyczny Modavinil 200 mg tabletki online bez recepty w aptece BuyModafinilOnline. Uzyskaj 100% gwarancj\u0119 dostawy z Indii! Kup Modavinil (modafinil) za pomoc\u0105 Bitcoin i ciesz si\u0119 23% zni\u017ck\u0105.\",\"breadcrumb\":{\"@id\":\"https:\\\/\\\/buymodafinilonline.com\\\/pl\\\/pigulki-madrosci\\\/modavinil-200-mg\\\/#breadcrumb\"},\"inLanguage\":\"pl-PL\",\"potentialAction\":[{\"@type\":\"ReadAction\",\"target\":[\"https:\\\/\\\/buymodafinilonline.com\\\/pl\\\/pigulki-madrosci\\\/modavinil-200-mg\\\/\"]}]},{\"@type\":\"ImageObject\",\"inLanguage\":\"pl-PL\",\"@id\":\"https:\\\/\\\/buymodafinilonline.com\\\/pl\\\/pigulki-madrosci\\\/modavinil-200-mg\\\/#primaryimage\",\"url\":\"https:\\\/\\\/buymodafinilonline.com\\\/wp-content\\\/uploads\\\/2021\\\/07\\\/bmo-product-modavinill-new.png\",\"contentUrl\":\"https:\\\/\\\/buymodafinilonline.com\\\/wp-content\\\/uploads\\\/2021\\\/07\\\/bmo-product-modavinill-new.png\",\"width\":1280,\"height\":1500,\"caption\":\"Modavinil Pills 200 mg\"},{\"@type\":\"BreadcrumbList\",\"@id\":\"https:\\\/\\\/buymodafinilonline.com\\\/pl\\\/pigulki-madrosci\\\/modavinil-200-mg\\\/#breadcrumb\",\"itemListElement\":[{\"@type\":\"ListItem\",\"position\":1,\"name\":\"Buy Modafinil Online\",\"item\":\"https:\\\/\\\/buymodafinilonline.com\\\/pl\\\/\"},{\"@type\":\"ListItem\",\"position\":2,\"name\":\"Sklep\",\"item\":\"https:\\\/\\\/buymodafinilonline.com\\\/pl\\\/sklep\\\/\"},{\"@type\":\"ListItem\",\"position\":3,\"name\":\"Marki inteligentnych lek\u00f3w\",\"item\":\"https:\\\/\\\/buymodafinilonline.com\\\/pl\\\/kategoria-produktow\\\/marki-inteligentnych-lekow\\\/\"},{\"@type\":\"ListItem\",\"position\":4,\"name\":\"Modavinil 200 MG\"}]},{\"@type\":\"WebSite\",\"@id\":\"https:\\\/\\\/buymodafinilonline.com\\\/pl\\\/#website\",\"url\":\"https:\\\/\\\/buymodafinilonline.com\\\/pl\\\/\",\"name\":\"BuyModafinilOnline.com\",\"description\":\"Modafinil Online Pharmacy\",\"publisher\":{\"@id\":\"https:\\\/\\\/buymodafinilonline.com\\\/pl\\\/#organization\"},\"potentialAction\":[{\"@type\":\"SearchAction\",\"target\":{\"@type\":\"EntryPoint\",\"urlTemplate\":\"https:\\\/\\\/buymodafinilonline.com\\\/pl\\\/?s={search_term_string}\"},\"query-input\":{\"@type\":\"PropertyValueSpecification\",\"valueRequired\":true,\"valueName\":\"search_term_string\"}}],\"inLanguage\":\"pl-PL\"},{\"@type\":\"Organization\",\"@id\":\"https:\\\/\\\/buymodafinilonline.com\\\/pl\\\/#organization\",\"name\":\"BuyModafinilOnline\",\"url\":\"https:\\\/\\\/buymodafinilonline.com\\\/pl\\\/\",\"logo\":{\"@type\":\"ImageObject\",\"inLanguage\":\"pl-PL\",\"@id\":\"https:\\\/\\\/buymodafinilonline.com\\\/pl\\\/#\\\/schema\\\/logo\\\/image\\\/\",\"url\":\"https:\\\/\\\/buymodafinilonline.com\\\/wp-content\\\/uploads\\\/2020\\\/04\\\/logo-buy-modafinil-online-yellow.png\",\"contentUrl\":\"https:\\\/\\\/buymodafinilonline.com\\\/wp-content\\\/uploads\\\/2020\\\/04\\\/logo-buy-modafinil-online-yellow.png\",\"width\":200,\"height\":200,\"caption\":\"BuyModafinilOnline\"},\"image\":{\"@id\":\"https:\\\/\\\/buymodafinilonline.com\\\/pl\\\/#\\\/schema\\\/logo\\\/image\\\/\"}}]}<\/script>\n<!-- \/ Yoast SEO Premium plugin. -->","yoast_head_json":{"title":"Zam\u00f3w tanio Modavinil 200 MG (Modafinil) z Indii - BuyModafinilOnline","description":"Generyczny Modavinil 200 mg tabletki online bez recepty w aptece BuyModafinilOnline. Uzyskaj 100% gwarancj\u0119 dostawy z Indii! Kup Modavinil (modafinil) za pomoc\u0105 Bitcoin i ciesz si\u0119 23% zni\u017ck\u0105.","robots":{"index":"index","follow":"follow","max-snippet":"max-snippet:-1","max-image-preview":"max-image-preview:large","max-video-preview":"max-video-preview:-1"},"canonical":"https:\/\/buymodafinilonline.com\/pl\/pigulki-madrosci\/modavinil-200-mg\/","og_locale":"pl_PL","og_type":"article","og_title":"Modavinil 200 MG","og_description":"Generyczny Modavinil 200 mg tabletki online bez recepty w aptece BuyModafinilOnline. Uzyskaj 100% gwarancj\u0119 dostawy z Indii! Kup Modavinil (modafinil) za pomoc\u0105 Bitcoin i ciesz si\u0119 23% zni\u017ck\u0105.","og_url":"https:\/\/buymodafinilonline.com\/pl\/pigulki-madrosci\/modavinil-200-mg\/","og_site_name":"BuyModafinilOnline.com","article_modified_time":"2025-05-11T14:42:35+00:00","og_image":[{"width":1280,"height":1500,"url":"https:\/\/buymodafinilonline.com\/wp-content\/uploads\/2021\/07\/bmo-product-modavinill-new.png","type":"image\/png"}],"twitter_misc":{"Szacowany czas czytania":"6 minut"},"schema":{"@context":"https:\/\/schema.org","@graph":[{"@type":"WebPage","@id":"https:\/\/buymodafinilonline.com\/pl\/pigulki-madrosci\/modavinil-200-mg\/","url":"https:\/\/buymodafinilonline.com\/pl\/pigulki-madrosci\/modavinil-200-mg\/","name":"Zam\u00f3w tanio Modavinil 200 MG (Modafinil) z Indii - BuyModafinilOnline","isPartOf":{"@id":"https:\/\/buymodafinilonline.com\/pl\/#website"},"primaryImageOfPage":{"@id":"https:\/\/buymodafinilonline.com\/pl\/pigulki-madrosci\/modavinil-200-mg\/#primaryimage"},"image":{"@id":"https:\/\/buymodafinilonline.com\/pl\/pigulki-madrosci\/modavinil-200-mg\/#primaryimage"},"thumbnailUrl":"https:\/\/buymodafinilonline.com\/wp-content\/uploads\/2021\/07\/bmo-product-modavinill-new.png","datePublished":"2021-07-12T21:38:41+00:00","dateModified":"2025-05-11T14:42:35+00:00","description":"Generyczny Modavinil 200 mg tabletki online bez recepty w aptece BuyModafinilOnline. Uzyskaj 100% gwarancj\u0119 dostawy z Indii! Kup Modavinil (modafinil) za pomoc\u0105 Bitcoin i ciesz si\u0119 23% zni\u017ck\u0105.","breadcrumb":{"@id":"https:\/\/buymodafinilonline.com\/pl\/pigulki-madrosci\/modavinil-200-mg\/#breadcrumb"},"inLanguage":"pl-PL","potentialAction":[{"@type":"ReadAction","target":["https:\/\/buymodafinilonline.com\/pl\/pigulki-madrosci\/modavinil-200-mg\/"]}]},{"@type":"ImageObject","inLanguage":"pl-PL","@id":"https:\/\/buymodafinilonline.com\/pl\/pigulki-madrosci\/modavinil-200-mg\/#primaryimage","url":"https:\/\/buymodafinilonline.com\/wp-content\/uploads\/2021\/07\/bmo-product-modavinill-new.png","contentUrl":"https:\/\/buymodafinilonline.com\/wp-content\/uploads\/2021\/07\/bmo-product-modavinill-new.png","width":1280,"height":1500,"caption":"Modavinil Pills 200 mg"},{"@type":"BreadcrumbList","@id":"https:\/\/buymodafinilonline.com\/pl\/pigulki-madrosci\/modavinil-200-mg\/#breadcrumb","itemListElement":[{"@type":"ListItem","position":1,"name":"Buy Modafinil Online","item":"https:\/\/buymodafinilonline.com\/pl\/"},{"@type":"ListItem","position":2,"name":"Sklep","item":"https:\/\/buymodafinilonline.com\/pl\/sklep\/"},{"@type":"ListItem","position":3,"name":"Marki inteligentnych lek\u00f3w","item":"https:\/\/buymodafinilonline.com\/pl\/kategoria-produktow\/marki-inteligentnych-lekow\/"},{"@type":"ListItem","position":4,"name":"Modavinil 200 MG"}]},{"@type":"WebSite","@id":"https:\/\/buymodafinilonline.com\/pl\/#website","url":"https:\/\/buymodafinilonline.com\/pl\/","name":"BuyModafinilOnline.com","description":"Modafinil Online Pharmacy","publisher":{"@id":"https:\/\/buymodafinilonline.com\/pl\/#organization"},"potentialAction":[{"@type":"SearchAction","target":{"@type":"EntryPoint","urlTemplate":"https:\/\/buymodafinilonline.com\/pl\/?s={search_term_string}"},"query-input":{"@type":"PropertyValueSpecification","valueRequired":true,"valueName":"search_term_string"}}],"inLanguage":"pl-PL"},{"@type":"Organization","@id":"https:\/\/buymodafinilonline.com\/pl\/#organization","name":"BuyModafinilOnline","url":"https:\/\/buymodafinilonline.com\/pl\/","logo":{"@type":"ImageObject","inLanguage":"pl-PL","@id":"https:\/\/buymodafinilonline.com\/pl\/#\/schema\/logo\/image\/","url":"https:\/\/buymodafinilonline.com\/wp-content\/uploads\/2020\/04\/logo-buy-modafinil-online-yellow.png","contentUrl":"https:\/\/buymodafinilonline.com\/wp-content\/uploads\/2020\/04\/logo-buy-modafinil-online-yellow.png","width":200,"height":200,"caption":"BuyModafinilOnline"},"image":{"@id":"https:\/\/buymodafinilonline.com\/pl\/#\/schema\/logo\/image\/"}}]}},"_links":{"self":[{"href":"https:\/\/buymodafinilonline.com\/pl\/wp-json\/wp\/v2\/product\/447238","targetHints":{"allow":["GET"]}}],"collection":[{"href":"https:\/\/buymodafinilonline.com\/pl\/wp-json\/wp\/v2\/product"}],"about":[{"href":"https:\/\/buymodafinilonline.com\/pl\/wp-json\/wp\/v2\/types\/product"}],"replies":[{"embeddable":true,"href":"https:\/\/buymodafinilonline.com\/pl\/wp-json\/wp\/v2\/comments?post=447238"}],"wp:featuredmedia":[{"embeddable":true,"href":"https:\/\/buymodafinilonline.com\/pl\/wp-json\/wp\/v2\/media\/424103"}],"wp:attachment":[{"href":"https:\/\/buymodafinilonline.com\/pl\/wp-json\/wp\/v2\/media?parent=447238"}],"wp:term":[{"taxonomy":"product_brand","embeddable":true,"href":"https:\/\/buymodafinilonline.com\/pl\/wp-json\/wp\/v2\/product_brand?post=447238"},{"taxonomy":"product_cat","embeddable":true,"href":"https:\/\/buymodafinilonline.com\/pl\/wp-json\/wp\/v2\/product_cat?post=447238"},{"taxonomy":"product_tag","embeddable":true,"href":"https:\/\/buymodafinilonline.com\/pl\/wp-json\/wp\/v2\/product_tag?post=447238"}],"curies":[{"name":"wp","href":"https:\/\/api.w.org\/{rel}","templated":true}]}}