{"id":454282,"date":"2020-03-23T13:58:02","date_gmt":"2020-03-23T12:58:02","guid":{"rendered":"https:\/\/buymodafinilonline.com\/smart-drugs\/waklert-150-mg\/"},"modified":"2025-10-27T00:52:36","modified_gmt":"2025-10-26T23:52:36","slug":"waklert-150-mg-tabletki","status":"publish","type":"product","link":"https:\/\/buymodafinilonline.com\/pl\/pigulki-madrosci\/waklert-150-mg-tabletki\/","title":{"rendered":"Waklert 150 mg"},"content":{"rendered":"[vc_column width=&#8221;1\/2&#8243;]\n<div class=\"su-divider su-divider-style-default\" style=\"margin:10px 0;border-width:3px;border-color:#ffffff00\"><a href=\"#\" style=\"color:#ffffff009\">.<\/a><\/div>\n<h2>Co to jest Waklert 150 mg?<\/h2>\n<div class=\"su-divider su-divider-style-default\" style=\"margin:10px 0;border-width:3px;border-color:#ffffff00\"><a href=\"#\" style=\"color:#ffffff009\">.<\/a><\/div>\nJe\u015bli chodzi o spo\u0142eczno\u015b\u0107 nootropics, meds zawieraj\u0105ce modafinil s\u0105 do\u015b\u0107 popularne. Jednak tylko niewielki procent u\u017cytkownik\u00f3w inteligentnych narkotyk\u00f3w wie, jak silny jest armodafinil. Jest to bardzo skuteczna substancja, kt\u00f3ra pomaga zwi\u0119kszy\u0107 funkcje poznawcze po spo\u017cyciu. Armodafinil to aktywny sk\u0142adnik wyst\u0119puj\u0105cy w leku Waklert.<\/p>\n<p>Dzi\u0119ki swojemu g\u0142\u00f3wnemu sk\u0142adnikowi, Waklert okaza\u0142 si\u0119 by\u0107 bardzo silny, je\u015bli chodzi o popraw\u0119 czuwania i czujno\u015bci u u\u017cytkownik\u00f3w. Ten lek jest bardziej popularny w\u015br\u00f3d os\u00f3b, kt\u00f3rych praca lub codzienny harmonogram wymaga wysokiego poziomu koncentracji i skupienia. Wiele os\u00f3b, kt\u00f3re mieszcz\u0105 si\u0119 w tej kategorii, po prostu bierze leki takie jak Waklert, aby pom\u00f3c im pozosta\u0107 skupionym lub zorientowanym w pracy.<\/p>\n<p>Opr\u00f3cz tego, \u017ce zwi\u0119ksza czujno\u015b\u0107, produktywno\u015b\u0107 i uwag\u0119, Waklert jest popularny z wielu innych powod\u00f3w. Na pocz\u0105tek, ma imponuj\u0105c\u0105 reputacj\u0119 w\u015br\u00f3d cz\u0142onk\u00f3w spo\u0142eczno\u015bci nootrop\u00f3w. Jest r\u00f3wnie\u017c ta\u0144szy i bardziej dost\u0119pny ni\u017c kilka innych alternatyw.<\/p>\n<p>Waklert jest cz\u0119sto por\u00f3wnywany do Nuvigilu, ale te leki maj\u0105 swoje r\u00f3\u017cnice.<\/p>\n<div class=\"su-divider su-divider-style-default\" style=\"margin:10px 0;border-width:3px;border-color:#ffffff00\"><a href=\"#\" style=\"color:#ffffff009\">.<\/a><\/div>\n<h2>Jak dzia\u0142aj\u0105 te tabletki?<\/h2>\n<div class=\"su-divider su-divider-style-default\" style=\"margin:10px 0;border-width:3px;border-color:#ffffff00\"><a href=\"#\" style=\"color:#ffffff009\">.<\/a><\/div>\nDzia\u0142anie tabletek Waklert 150 mg z punktu widzenia zwi\u0119kszania zdolno\u015bci poznawczych nie zosta\u0142o jeszcze w pe\u0142ni poznane. Uwa\u017ca si\u0119 jednak, \u017ce stymuluj\u0105 one reakcje chemiczne w m\u00f3zgu, powoduj\u0105c tym samym wzrost poziomu dopaminy.<\/p>\n<p>Wydaje si\u0119 r\u00f3wnie\u017c, \u017ce wp\u0142ywa na inne obszary w m\u00f3zgu, co ostatecznie prowadzi do zwi\u0119kszenia energii, wytrzyma\u0142o\u015bci psychicznej i oczywi\u015bcie aury &#8220;feel-good&#8221;. Jego mechanizm dzia\u0142ania pomaga r\u00f3wnie\u017c zapobiega\u0107 senno\u015bci u u\u017cytkownika.<\/p>\n<div class=\"su-divider su-divider-style-default\" style=\"margin:10px 0;border-width:3px;border-color:#ffffff00\"><a href=\"#\" style=\"color:#ffffff009\">.<\/a><\/div>\n<h2>Bezpieczne dawkowanie i w\u0142a\u015bciwe stosowanie<\/h2>\n<div class=\"su-divider su-divider-style-default\" style=\"margin:10px 0;border-width:3px;border-color:#ffffff00\"><a href=\"#\" style=\"color:#ffffff009\">.<\/a><\/div>\nJe\u015bli chodzi o dawkowanie, Waklert 150 mg mo\u017ce by\u0107 nieco zdradliwy. Maksymalna dawka wynosi 150 mg. Nie oznacza to jednak, \u017ce ka\u017cdy u\u017cytkownik musi trafi\u0107 na maksimum. Przy stosowaniu jakichkolwiek lek\u00f3w nale\u017cy zwr\u00f3ci\u0107 uwag\u0119 na r\u00f3\u017cnice biologiczne.<\/p>\n<p>Na przyk\u0142ad, podczas gdy niekt\u00f3rzy u\u017cytkownicy mog\u0105 znale\u017a\u0107 tabletki 150 mg dziennie bardzo skuteczne i dobrze tolerowane, inni mog\u0105 do\u015bwiadczy\u0107 pewnego dyskomfortu i dzia\u0142a\u0144 niepo\u017c\u0105danych ze wzgl\u0119du na wra\u017cliwe systemy cia\u0142a.<\/p>\n<p>Je\u015bli zaliczasz si\u0119 do tej drugiej kategorii, nie musisz panikowa\u0107. Tabletki Waklert 150 mg s\u0105 zwykle dostarczane z zagnieceniem w \u015brodku, co u\u0142atwia ich przeci\u0119cie na p\u00f3\u0142.<\/p>\n<p>Lek ten nale\u017cy przyjmowa\u0107 tylko raz na dob\u0119, popijaj\u0105c szklank\u0105 wody.<\/p>\n<div class=\"su-divider su-divider-style-default\" style=\"margin:10px 0;border-width:3px;border-color:#ffffff00\"><a href=\"#\" style=\"color:#ffffff009\">.<\/a><\/div>\n<h2>Mo\u017cliwe dzia\u0142ania niepo\u017c\u0105dane<\/h2>\n<div class=\"su-divider su-divider-style-default\" style=\"margin:10px 0;border-width:3px;border-color:#ffffff00\"><a href=\"#\" style=\"color:#ffffff009\">.<\/a><\/div>\nDla u\u017cytkownik\u00f3w nootrop\u00f3w lub po prostu o ka\u017cdej klasie lek\u00f3w, skutki uboczne s\u0105 kluczowym czynnikiem do rozwa\u017cenia. Czy dzia\u0142ania niepo\u017c\u0105dane przewa\u017caj\u0105 nad korzy\u015bciami? Czy s\u0105 one mo\u017cliwe do opanowania?<\/p>\n<p>Waklert wi\u0105\u017ce si\u0119 z szeregiem dzia\u0142a\u0144 niepo\u017c\u0105danych, kt\u00f3re mo\u017cna podzieli\u0107 na nast\u0119puj\u0105ce grupy: cz\u0119ste, rzadkie, reakcje na przedawkowanie lub uczulenie.<\/p>\n[\/vc_column][vc_column width=&#8221;1\/2&#8243;]\n<div class=\"su-divider su-divider-style-default\" style=\"margin:10px 0;border-width:3px;border-color:#ffffff00\"><a href=\"#\" style=\"color:#ffffff009\">.<\/a><\/div>\nNiekt\u00f3re z cz\u0119stych skutk\u00f3w ubocznych tego leku to nudno\u015bci, zawroty g\u0142owy, b\u00f3le g\u0142owy i bezsenno\u015b\u0107. W rzadkich przypadkach u u\u017cytkownik\u00f3w mo\u017ce wyst\u0105pi\u0107 depresja, l\u0119k lub halucynacje. Te dzia\u0142ania niepo\u017c\u0105dane pojawiaj\u0105 si\u0119 tylko u niewielkiego odsetka os\u00f3b stosuj\u0105cych Waklert.<\/p>\n<p>Wreszcie, jeden mo\u017ce do\u015bwiadczy\u0107 reakcji alergicznych, takich jak ci\u0119\u017ckie wysypki podczas korzystania z tego inteligentnego leku. Tak wi\u0119c, przed podj\u0119ciem tego leku, wskazane jest, aby skonsultowa\u0107 si\u0119 z lekarzem, tak aby zapewni\u0107, \u017ce jest to bezpieczne dla Ciebie.<\/p>\n<div class=\"su-divider su-divider-style-default\" style=\"margin:10px 0;border-width:3px;border-color:#ffffff00\"><a href=\"#\" style=\"color:#ffffff009\">.<\/a><\/div>\n<h2>Przeciwwskazania i \u015brodki ostro\u017cno\u015bci<\/h2>\n<div class=\"su-divider su-divider-style-default\" style=\"margin:10px 0;border-width:3px;border-color:#ffffff00\"><a href=\"#\" style=\"color:#ffffff009\">.<\/a><\/div>\nInterakcje lekowe maj\u0105 zazwyczaj dwie implikacje. Pierwszym z nich jest to, \u017ce mo\u017ce nast\u0105pi\u0107 wzrost ryzyka wyst\u0105pienia dzia\u0142a\u0144 niepo\u017c\u0105danych. Drug\u0105 implikacj\u0105 jest to, \u017ce jeden lub wi\u0119cej lek\u00f3w mo\u017ce straci\u0107 swoj\u0105 skuteczno\u015b\u0107.<\/p>\n<p>Przed u\u017cyciem Waklert nale\u017cy sprawdzi\u0107 jego interakcje z innymi zak\u0142adkami, z kt\u00f3rych mo\u017cna korzysta\u0107 w danym czasie. Dzi\u0119ki temu unikniesz wyst\u0105pienia interferencji lek\u00f3w lub ci\u0119\u017ckich dzia\u0142a\u0144 niepo\u017c\u0105danych. Lek Waklert wchodzi w negatywn\u0105 interakcj\u0119 z alkoholem i jako taki nie powinien by\u0107 stosowany w po\u0142\u0105czeniu z t\u0105 substancj\u0105. Mo\u017cna go przyjmowa\u0107 z jedzeniem lub bez, w zale\u017cno\u015bci od preferencji.<\/p>\n<p>Wa\u017cne jest, aby unika\u0107 przedawkowania tego inteligentnego leku, aby zapobiec wyst\u0105pieniu objaw\u00f3w przedawkowania, takich jak niepok\u00f3j, dezorientacja lub podwy\u017cszone ci\u015bnienie krwi.<\/p>\n<div class=\"su-divider su-divider-style-default\" style=\"margin:10px 0;border-width:3px;border-color:#ffffff00\"><a href=\"#\" style=\"color:#ffffff009\">.<\/a><\/div>\n<h2>Do\u015bwiadczenie konsumenta<\/h2>\n<div class=\"su-divider su-divider-style-default\" style=\"margin:10px 0;border-width:3px;border-color:#ffffff00\"><a href=\"#\" style=\"color:#ffffff009\">.<\/a><\/div>\nDo tej pory opinie u\u017cytkownik\u00f3w Waklert 150mg by\u0142y pozytywne, poniewa\u017c wi\u0119kszo\u015b\u0107 z nich po\u015bwiadczy\u0142a jego skuteczno\u015b\u0107 w zwi\u0119kszaniu wydajno\u015bci, zw\u0142aszcza w pracy. Lek ten pomaga r\u00f3wnie\u017c zwalcza\u0107 senno\u015b\u0107 w ci\u0105gu dnia i zwi\u0119ksza funkcje poznawcze.<\/p>\n<p>Nic dziwnego, \u017ce korzystaj\u0105 z niego g\u0142\u00f3wnie studenci i osoby wykonuj\u0105ce gor\u0105czkow\u0105 prac\u0119 wymagaj\u0105c\u0105 intensywnej koncentracji.<\/p>\n<div class=\"su-divider su-divider-style-default\" style=\"margin:10px 0;border-width:3px;border-color:#ffffff00\"><a href=\"#\" style=\"color:#ffffff009\">.<\/a><\/div>\n<h2>Kupi\u0107 Generic Waklert 150mg (Armodafinil) Online<\/h2>\n<div class=\"su-divider su-divider-style-default\" style=\"margin:10px 0;border-width:3px;border-color:#ffffff00\"><a href=\"#\" style=\"color:#ffffff009\">.<\/a><\/div>\nJe\u015bli szukasz najlepszego miejsca do zakupu tego leku, BuyModafinilOnline jest aptek\u0105 dla Ciebie. Teraz wiemy, \u017ce nasza opinia mo\u017ce wydawa\u0107 si\u0119 stronnicza, ale w dzisiejszym \u015bwiecie apteki internetowe s\u0105 najlepszym wyborem, je\u015bli pr\u00f3bujesz kupi\u0107 inteligentne leki bez recepty.<\/p>\n<p>Rozumiemy, \u017ce znalezienie odpowiedniego mo\u017ce by\u0107 trudne, ale jeste\u015bmy tu dla Ciebie! W BuyModafinilOnline u\u0142atwiamy Ci zakup tych tabletek w przyst\u0119pnych cenach i bez \u017cadnych k\u0142opot\u00f3w. Nasze us\u0142ugi s\u0105 tanie, wygodne i oczywi\u015bcie niezawodne. Oto, co mo\u017cemy Ci zaoferowa\u0107:<\/p>\n<div class=\"su-divider su-divider-style-default\" style=\"margin:10px 0;border-width:3px;border-color:#ffffff00\"><a href=\"#\" style=\"color:#ffffff009\">.<\/a><\/div>\n<ul>\n<li>bezpieczne smart drugs takie jak <a href=\"https:\/\/buymodafinilonline.com\/pl\/pigulki-madrosci\/modvigil-200-mg\/\">Modvigil 200 mg<\/a>, <a href=\"https:\/\/buymodafinilonline.com\/pl\/pigulki-madrosci\/artvigil-150-mg\/\">Artvigil 150<\/a> mg, <a href=\"https:\/\/buymodafinilonline.com\/pl\/pigulki-madrosci\/modafresh-200-mg\/\">Modafresh 200<\/a> mg, <a href=\"https:\/\/buymodafinilonline.com\/pl\/pigulki-madrosci\/modaheal-200-mg-tabletki\/\">Modaheal<\/a> 200 mg itp;<\/li>\n<li>\u0142atwe <a href=\"https:\/\/buymodafinilonline.com\/order-tracking\/\">narz\u0119dzie do \u015bledzenia<\/a> paczek;<\/li>\n<li><a href=\"https:\/\/buymodafinilonline.com\/pl\/zaplac-bitcoinami-a-dostaniesz-33-rabatu\/\">23% zni\u017cki<\/a> przy p\u0142atno\u015bci Bitcoin;<\/li>\n<li>20 darmowych pr\u00f3bek tabletek modafinilu i armodafinilu;<\/li>\n<li>i wiele innych.<\/li>\n<\/ul>\n<div class=\"su-divider su-divider-style-default\" style=\"margin:10px 0;border-width:3px;border-color:#ffffff00\"><a href=\"#\" style=\"color:#ffffff009\">.<\/a><\/div>\nWybierz si\u0119 na wycieczk\u0119 po naszej bogatej ofercie nootrop\u00f3w i zdob\u0105d\u017a produkty generyczne w symbolicznej cenie.<\/p>\n[\/vc_column]\n<div class=\"su-divider su-divider-style-default\" style=\"margin:10px 0;border-width:3px;border-color:#ffffff00\"><a href=\"#\" style=\"color:#ffffff009\">.<\/a><\/div>\n","protected":false},"excerpt":{"rendered":"[sc name=\"sun-suspended-pl\"]\n<p>Waklert jest inteligentnym lekiem stosowanym do wspomagania czuwania u os\u00f3b, kt\u00f3re cierpi\u0105 na narkolepsj\u0119 lub zaburzenia snu zwi\u0105zane z prac\u0105 zmianow\u0105. Wyprodukowany przez Sun Pharma, ta pigu\u0142ka zawiera armodafinil i jest ulubionym w\u015br\u00f3d kilku cz\u0142onk\u00f3w spo\u0142eczno\u015bci nootropics. Uzyskaj ten wysoce skuteczny lek z naszej apteki online ju\u017c dzi\u015b i ciesz si\u0119 combo niskich cen i szybkiej dostawy.<\/p>\n[sc name=\"s1\"]\n","protected":false},"featured_media":397995,"comment_status":"closed","ping_status":"closed","template":"","meta":{"_acf_changed":false},"product_brand":[],"product_cat":[3904,4045],"product_tag":[4046],"class_list":{"0":"post-454282","1":"product","2":"type-product","3":"status-publish","4":"has-post-thumbnail","6":"product_cat-hity-sprzedazy","7":"product_cat-marki-inteligentnych-lekow","8":"product_tag-armodafinil-pl-2","10":"first","11":"instock","12":"sale","13":"shipping-taxable","14":"purchasable","15":"product-type-variable","16":"has-default-attributes"},"acf":[],"yoast_head":"<!-- This site is optimized with the Yoast SEO Premium plugin v23.6 (Yoast SEO v27.4) - https:\/\/yoast.com\/product\/yoast-seo-premium-wordpress\/ -->\n<title>Kup Waklert 150 mg (Armodafinil) Tabletki OTC - BuyModafinilOnline<\/title>\n<meta name=\"description\" content=\"Zam\u00f3w online tanie tabletki Waklert 150 mg od producenta Sun Pharma. Kup generyczny Waklert (armodafinil) z 23% zni\u017ck\u0105 za p\u0142atno\u015b\u0107 Bitcoin w aptece BuyModafinilOnline!\" \/>\n<meta name=\"robots\" content=\"index, follow, max-snippet:-1, max-image-preview:large, max-video-preview:-1\" \/>\n<link rel=\"canonical\" href=\"https:\/\/buymodafinilonline.com\/pl\/pigulki-madrosci\/waklert-150-mg-tabletki\/\" \/>\n<meta property=\"og:locale\" content=\"pl_PL\" \/>\n<meta property=\"og:type\" content=\"article\" \/>\n<meta property=\"og:title\" content=\"Waklert 150 mg\" \/>\n<meta property=\"og:description\" content=\"Zam\u00f3w online tanie tabletki Waklert 150 mg od producenta Sun Pharma. Kup generyczny Waklert (armodafinil) z 23% zni\u017ck\u0105 za p\u0142atno\u015b\u0107 Bitcoin w aptece BuyModafinilOnline!\" \/>\n<meta property=\"og:url\" content=\"https:\/\/buymodafinilonline.com\/pl\/pigulki-madrosci\/waklert-150-mg-tabletki\/\" \/>\n<meta property=\"og:site_name\" content=\"BuyModafinilOnline.com\" \/>\n<meta property=\"article:modified_time\" content=\"2025-10-26T23:52:36+00:00\" \/>\n<meta property=\"og:image\" content=\"https:\/\/buymodafinilonline.com\/wp-content\/uploads\/2020\/04\/product-bmo-waklert-2.png\" \/>\n\t<meta property=\"og:image:width\" content=\"1280\" \/>\n\t<meta property=\"og:image:height\" content=\"1500\" \/>\n\t<meta property=\"og:image:type\" content=\"image\/png\" \/>\n<meta name=\"twitter:label1\" content=\"Szacowany czas czytania\" \/>\n\t<meta name=\"twitter:data1\" content=\"5 minut\" \/>\n<script type=\"application\/ld+json\" class=\"yoast-schema-graph\">{\"@context\":\"https:\\\/\\\/schema.org\",\"@graph\":[{\"@type\":\"WebPage\",\"@id\":\"https:\\\/\\\/buymodafinilonline.com\\\/pl\\\/pigulki-madrosci\\\/waklert-150-mg-tabletki\\\/\",\"url\":\"https:\\\/\\\/buymodafinilonline.com\\\/pl\\\/pigulki-madrosci\\\/waklert-150-mg-tabletki\\\/\",\"name\":\"Kup Waklert 150 mg (Armodafinil) Tabletki OTC - BuyModafinilOnline\",\"isPartOf\":{\"@id\":\"https:\\\/\\\/buymodafinilonline.com\\\/pl\\\/#website\"},\"primaryImageOfPage\":{\"@id\":\"https:\\\/\\\/buymodafinilonline.com\\\/pl\\\/pigulki-madrosci\\\/waklert-150-mg-tabletki\\\/#primaryimage\"},\"image\":{\"@id\":\"https:\\\/\\\/buymodafinilonline.com\\\/pl\\\/pigulki-madrosci\\\/waklert-150-mg-tabletki\\\/#primaryimage\"},\"thumbnailUrl\":\"https:\\\/\\\/buymodafinilonline.com\\\/wp-content\\\/uploads\\\/2020\\\/04\\\/product-bmo-waklert-2.png\",\"datePublished\":\"2020-03-23T12:58:02+00:00\",\"dateModified\":\"2025-10-26T23:52:36+00:00\",\"description\":\"Zam\u00f3w online tanie tabletki Waklert 150 mg od producenta Sun Pharma. Kup generyczny Waklert (armodafinil) z 23% zni\u017ck\u0105 za p\u0142atno\u015b\u0107 Bitcoin w aptece BuyModafinilOnline!\",\"breadcrumb\":{\"@id\":\"https:\\\/\\\/buymodafinilonline.com\\\/pl\\\/pigulki-madrosci\\\/waklert-150-mg-tabletki\\\/#breadcrumb\"},\"inLanguage\":\"pl-PL\",\"potentialAction\":[{\"@type\":\"ReadAction\",\"target\":[\"https:\\\/\\\/buymodafinilonline.com\\\/pl\\\/pigulki-madrosci\\\/waklert-150-mg-tabletki\\\/\"]}]},{\"@type\":\"ImageObject\",\"inLanguage\":\"pl-PL\",\"@id\":\"https:\\\/\\\/buymodafinilonline.com\\\/pl\\\/pigulki-madrosci\\\/waklert-150-mg-tabletki\\\/#primaryimage\",\"url\":\"https:\\\/\\\/buymodafinilonline.com\\\/wp-content\\\/uploads\\\/2020\\\/04\\\/product-bmo-waklert-2.png\",\"contentUrl\":\"https:\\\/\\\/buymodafinilonline.com\\\/wp-content\\\/uploads\\\/2020\\\/04\\\/product-bmo-waklert-2.png\",\"width\":1280,\"height\":1500,\"caption\":\"Waklert 150 mg\"},{\"@type\":\"BreadcrumbList\",\"@id\":\"https:\\\/\\\/buymodafinilonline.com\\\/pl\\\/pigulki-madrosci\\\/waklert-150-mg-tabletki\\\/#breadcrumb\",\"itemListElement\":[{\"@type\":\"ListItem\",\"position\":1,\"name\":\"Buy Modafinil Online\",\"item\":\"https:\\\/\\\/buymodafinilonline.com\\\/pl\\\/\"},{\"@type\":\"ListItem\",\"position\":2,\"name\":\"Sklep\",\"item\":\"https:\\\/\\\/buymodafinilonline.com\\\/pl\\\/sklep\\\/\"},{\"@type\":\"ListItem\",\"position\":3,\"name\":\"Marki inteligentnych lek\u00f3w\",\"item\":\"https:\\\/\\\/buymodafinilonline.com\\\/pl\\\/kategoria-produktow\\\/marki-inteligentnych-lekow\\\/\"},{\"@type\":\"ListItem\",\"position\":4,\"name\":\"Waklert 150 mg\"}]},{\"@type\":\"WebSite\",\"@id\":\"https:\\\/\\\/buymodafinilonline.com\\\/pl\\\/#website\",\"url\":\"https:\\\/\\\/buymodafinilonline.com\\\/pl\\\/\",\"name\":\"BuyModafinilOnline.com\",\"description\":\"Modafinil Online Pharmacy\",\"publisher\":{\"@id\":\"https:\\\/\\\/buymodafinilonline.com\\\/pl\\\/#organization\"},\"potentialAction\":[{\"@type\":\"SearchAction\",\"target\":{\"@type\":\"EntryPoint\",\"urlTemplate\":\"https:\\\/\\\/buymodafinilonline.com\\\/pl\\\/?s={search_term_string}\"},\"query-input\":{\"@type\":\"PropertyValueSpecification\",\"valueRequired\":true,\"valueName\":\"search_term_string\"}}],\"inLanguage\":\"pl-PL\"},{\"@type\":\"Organization\",\"@id\":\"https:\\\/\\\/buymodafinilonline.com\\\/pl\\\/#organization\",\"name\":\"BuyModafinilOnline\",\"url\":\"https:\\\/\\\/buymodafinilonline.com\\\/pl\\\/\",\"logo\":{\"@type\":\"ImageObject\",\"inLanguage\":\"pl-PL\",\"@id\":\"https:\\\/\\\/buymodafinilonline.com\\\/pl\\\/#\\\/schema\\\/logo\\\/image\\\/\",\"url\":\"https:\\\/\\\/buymodafinilonline.com\\\/wp-content\\\/uploads\\\/2020\\\/04\\\/logo-buy-modafinil-online-yellow.png\",\"contentUrl\":\"https:\\\/\\\/buymodafinilonline.com\\\/wp-content\\\/uploads\\\/2020\\\/04\\\/logo-buy-modafinil-online-yellow.png\",\"width\":200,\"height\":200,\"caption\":\"BuyModafinilOnline\"},\"image\":{\"@id\":\"https:\\\/\\\/buymodafinilonline.com\\\/pl\\\/#\\\/schema\\\/logo\\\/image\\\/\"}}]}<\/script>\n<!-- \/ Yoast SEO Premium plugin. -->","yoast_head_json":{"title":"Kup Waklert 150 mg (Armodafinil) Tabletki OTC - BuyModafinilOnline","description":"Zam\u00f3w online tanie tabletki Waklert 150 mg od producenta Sun Pharma. Kup generyczny Waklert (armodafinil) z 23% zni\u017ck\u0105 za p\u0142atno\u015b\u0107 Bitcoin w aptece BuyModafinilOnline!","robots":{"index":"index","follow":"follow","max-snippet":"max-snippet:-1","max-image-preview":"max-image-preview:large","max-video-preview":"max-video-preview:-1"},"canonical":"https:\/\/buymodafinilonline.com\/pl\/pigulki-madrosci\/waklert-150-mg-tabletki\/","og_locale":"pl_PL","og_type":"article","og_title":"Waklert 150 mg","og_description":"Zam\u00f3w online tanie tabletki Waklert 150 mg od producenta Sun Pharma. Kup generyczny Waklert (armodafinil) z 23% zni\u017ck\u0105 za p\u0142atno\u015b\u0107 Bitcoin w aptece BuyModafinilOnline!","og_url":"https:\/\/buymodafinilonline.com\/pl\/pigulki-madrosci\/waklert-150-mg-tabletki\/","og_site_name":"BuyModafinilOnline.com","article_modified_time":"2025-10-26T23:52:36+00:00","og_image":[{"width":1280,"height":1500,"url":"https:\/\/buymodafinilonline.com\/wp-content\/uploads\/2020\/04\/product-bmo-waklert-2.png","type":"image\/png"}],"twitter_misc":{"Szacowany czas czytania":"5 minut"},"schema":{"@context":"https:\/\/schema.org","@graph":[{"@type":"WebPage","@id":"https:\/\/buymodafinilonline.com\/pl\/pigulki-madrosci\/waklert-150-mg-tabletki\/","url":"https:\/\/buymodafinilonline.com\/pl\/pigulki-madrosci\/waklert-150-mg-tabletki\/","name":"Kup Waklert 150 mg (Armodafinil) Tabletki OTC - BuyModafinilOnline","isPartOf":{"@id":"https:\/\/buymodafinilonline.com\/pl\/#website"},"primaryImageOfPage":{"@id":"https:\/\/buymodafinilonline.com\/pl\/pigulki-madrosci\/waklert-150-mg-tabletki\/#primaryimage"},"image":{"@id":"https:\/\/buymodafinilonline.com\/pl\/pigulki-madrosci\/waklert-150-mg-tabletki\/#primaryimage"},"thumbnailUrl":"https:\/\/buymodafinilonline.com\/wp-content\/uploads\/2020\/04\/product-bmo-waklert-2.png","datePublished":"2020-03-23T12:58:02+00:00","dateModified":"2025-10-26T23:52:36+00:00","description":"Zam\u00f3w online tanie tabletki Waklert 150 mg od producenta Sun Pharma. Kup generyczny Waklert (armodafinil) z 23% zni\u017ck\u0105 za p\u0142atno\u015b\u0107 Bitcoin w aptece BuyModafinilOnline!","breadcrumb":{"@id":"https:\/\/buymodafinilonline.com\/pl\/pigulki-madrosci\/waklert-150-mg-tabletki\/#breadcrumb"},"inLanguage":"pl-PL","potentialAction":[{"@type":"ReadAction","target":["https:\/\/buymodafinilonline.com\/pl\/pigulki-madrosci\/waklert-150-mg-tabletki\/"]}]},{"@type":"ImageObject","inLanguage":"pl-PL","@id":"https:\/\/buymodafinilonline.com\/pl\/pigulki-madrosci\/waklert-150-mg-tabletki\/#primaryimage","url":"https:\/\/buymodafinilonline.com\/wp-content\/uploads\/2020\/04\/product-bmo-waklert-2.png","contentUrl":"https:\/\/buymodafinilonline.com\/wp-content\/uploads\/2020\/04\/product-bmo-waklert-2.png","width":1280,"height":1500,"caption":"Waklert 150 mg"},{"@type":"BreadcrumbList","@id":"https:\/\/buymodafinilonline.com\/pl\/pigulki-madrosci\/waklert-150-mg-tabletki\/#breadcrumb","itemListElement":[{"@type":"ListItem","position":1,"name":"Buy Modafinil Online","item":"https:\/\/buymodafinilonline.com\/pl\/"},{"@type":"ListItem","position":2,"name":"Sklep","item":"https:\/\/buymodafinilonline.com\/pl\/sklep\/"},{"@type":"ListItem","position":3,"name":"Marki inteligentnych lek\u00f3w","item":"https:\/\/buymodafinilonline.com\/pl\/kategoria-produktow\/marki-inteligentnych-lekow\/"},{"@type":"ListItem","position":4,"name":"Waklert 150 mg"}]},{"@type":"WebSite","@id":"https:\/\/buymodafinilonline.com\/pl\/#website","url":"https:\/\/buymodafinilonline.com\/pl\/","name":"BuyModafinilOnline.com","description":"Modafinil Online Pharmacy","publisher":{"@id":"https:\/\/buymodafinilonline.com\/pl\/#organization"},"potentialAction":[{"@type":"SearchAction","target":{"@type":"EntryPoint","urlTemplate":"https:\/\/buymodafinilonline.com\/pl\/?s={search_term_string}"},"query-input":{"@type":"PropertyValueSpecification","valueRequired":true,"valueName":"search_term_string"}}],"inLanguage":"pl-PL"},{"@type":"Organization","@id":"https:\/\/buymodafinilonline.com\/pl\/#organization","name":"BuyModafinilOnline","url":"https:\/\/buymodafinilonline.com\/pl\/","logo":{"@type":"ImageObject","inLanguage":"pl-PL","@id":"https:\/\/buymodafinilonline.com\/pl\/#\/schema\/logo\/image\/","url":"https:\/\/buymodafinilonline.com\/wp-content\/uploads\/2020\/04\/logo-buy-modafinil-online-yellow.png","contentUrl":"https:\/\/buymodafinilonline.com\/wp-content\/uploads\/2020\/04\/logo-buy-modafinil-online-yellow.png","width":200,"height":200,"caption":"BuyModafinilOnline"},"image":{"@id":"https:\/\/buymodafinilonline.com\/pl\/#\/schema\/logo\/image\/"}}]}},"_links":{"self":[{"href":"https:\/\/buymodafinilonline.com\/pl\/wp-json\/wp\/v2\/product\/454282","targetHints":{"allow":["GET"]}}],"collection":[{"href":"https:\/\/buymodafinilonline.com\/pl\/wp-json\/wp\/v2\/product"}],"about":[{"href":"https:\/\/buymodafinilonline.com\/pl\/wp-json\/wp\/v2\/types\/product"}],"replies":[{"embeddable":true,"href":"https:\/\/buymodafinilonline.com\/pl\/wp-json\/wp\/v2\/comments?post=454282"}],"wp:featuredmedia":[{"embeddable":true,"href":"https:\/\/buymodafinilonline.com\/pl\/wp-json\/wp\/v2\/media\/397995"}],"wp:attachment":[{"href":"https:\/\/buymodafinilonline.com\/pl\/wp-json\/wp\/v2\/media?parent=454282"}],"wp:term":[{"taxonomy":"product_brand","embeddable":true,"href":"https:\/\/buymodafinilonline.com\/pl\/wp-json\/wp\/v2\/product_brand?post=454282"},{"taxonomy":"product_cat","embeddable":true,"href":"https:\/\/buymodafinilonline.com\/pl\/wp-json\/wp\/v2\/product_cat?post=454282"},{"taxonomy":"product_tag","embeddable":true,"href":"https:\/\/buymodafinilonline.com\/pl\/wp-json\/wp\/v2\/product_tag?post=454282"}],"curies":[{"name":"wp","href":"https:\/\/api.w.org\/{rel}","templated":true}]}}