{"id":480693,"date":"2022-01-03T21:38:34","date_gmt":"2022-01-03T20:38:34","guid":{"rendered":"https:\/\/buymodafinilonline.com\/smart-drugs\/modvigil-200-mg-krajowy-usa-do-usa\/"},"modified":"2026-01-20T09:40:32","modified_gmt":"2026-01-20T08:40:32","slug":"modvigil-200-mg-krajowy-usa-do-usa","status":"publish","type":"product","link":"https:\/\/buymodafinilonline.com\/pl\/pigulki-madrosci\/modvigil-200-mg-krajowy-usa-do-usa\/","title":{"rendered":"Modvigil 200 MG &#8211; Krajowy (USA do USA)"},"content":{"rendered":"[vc_column width=&#8221;1\/2&#8243;]\n<h2>Co to jest Modvigil 200 mg?<\/h2>\n<p>Modvigil jest jednym z najlepszych generycznych produkt\u00f3w z modafinilem i jest produkowany przez indyjskiego producenta farmaceutycznego o nazwie HAB Pharma. Lek zawiera identyczn\u0105 substancj\u0119 czynn\u0105<a href=\"https:\/\/buymodafinilonline.com\/pl\/cheap\/modafinil-pl\/\">(modafinil<\/a>) i struktur\u0119 chemiczn\u0105 jak markowy <a href=\"https:\/\/buymodafinilonline.com\/smart-drugs\/generic-provigil\/\">Provigil<\/a> firmy Cephalon, wykorzystuj\u0105c R-(-)- i S-(+)-enancjomery. Zapewnia takie same efekty czuwania i korzy\u015bci poznawcze jak Provigil, ale jest dost\u0119pny w znacznie obni\u017conej cenie.  <\/p>\n<p>Jest on zatwierdzony do leczenia zaburze\u0144 snu spowodowanych prac\u0105 zmianow\u0105 (SWSD), narkolepsj\u0105 i obturacyjnym bezdechem sennym (OSA). Poza tym Modvigil jest zwykle przepisywany poza wskazaniami w leczeniu zespo\u0142u nadpobudliwo\u015bci psychoruchowej z deficytem uwagi (ADD\/ADHD), utraty wagi, depresji, chronicznego zm\u0119czenia, choroby Alzheimera i Parkinsona itp. Ze wzgl\u0119du na szerokie zastosowanie poza wskazaniami, Modvigil zyska\u0142 na popularno\u015bci na przestrzeni lat, szczeg\u00f3lnie w zakresie produktywno\u015bci lub zastosowa\u0144 poznawczych.  <\/p>\n<p>Ze wzgl\u0119du na ogromne korzy\u015bci, jakie oferuje, powoli trafia do tornistr\u00f3w uczni\u00f3w, a tak\u017ce do szuflad profesjonalist\u00f3w, kt\u00f3rych zadania wymagaj\u0105 najwy\u017cszej koncentracji i mocy m\u00f3zgu. Chocia\u017c nie ma w\u0105tpliwo\u015bci, \u017ce Modvigil 200 mg jest skuteczny, przed rozpocz\u0119ciem leczenia nale\u017cy skonsultowa\u0107 si\u0119 z lekarzem. <\/p>\n<h2>Jak dzia\u0142aj\u0105 te tabletki?<\/h2>\n<p>Jego mechanizm dzia\u0142ania pozostaje do\u015b\u0107 nieuchwytny. Uznaje si\u0119, \u017ce dzia\u0142a on poprzez zwi\u0119kszanie poziomu niekt\u00f3rych neuroprzeka\u017anik\u00f3w, takich jak dopamina, histamina, norefedryna i oreksyna w obszarach m\u00f3zgu, kt\u00f3re kontroluj\u0105 cykl snu i czuwania. Zdolno\u015b\u0107 Modvigil do zwi\u0119kszania koncentracji i motywacji zosta\u0142a powi\u0105zana z jego zdolno\u015bci\u0105 do zwi\u0119kszania poziomu dopaminy i noradrenaliny.  <\/p>\n<h2>Bezpieczne dawkowanie i w\u0142a\u015bciwe stosowanie<\/h2>\n<p>W przypadku stosowania w leczeniu OBS i nadmiernej senno\u015bci w ci\u0105gu dnia, pojedyncz\u0105 tabletk\u0119 leku Modvigil nale\u017cy spo\u017cy\u0107 po przebudzeniu wczesnym rankiem. Lek nale\u017cy popi\u0107 szklank\u0105 wody, aby tabletka sp\u0142yn\u0119\u0142a do prze\u0142yku. <\/p>\n<p>W przypadku os\u00f3b pracuj\u0105cych na nocn\u0105 zmian\u0119, tabletk\u0119 nale\u017cy spo\u017cy\u0107 na godzin\u0119 przed prac\u0105. Modvigil mo\u017cna przyjmowa\u0107 z posi\u0142kami lub bez, ale nie nale\u017cy go miesza\u0107 z alkoholem. Nie zaleca si\u0119 stosowania go u os\u00f3b uczulonych na &#8220;smart tab&#8221; lub inne nootropy. U os\u00f3b, u kt\u00f3rych zdiagnozowano ci\u0119\u017ckie zaburzenia czynno\u015bci w\u0105troby, dawk\u0119 Modvigil 200 mg nale\u017cy zmniejszy\u0107 do po\u0142owy.   <\/p>\n<p>Przyjmowanie wi\u0119cej ni\u017c 200 mg tego leku jednego dnia nie jest wskazane, chyba \u017ce zaleci to lekarz. Przyjmowanie wi\u0119kszej dawki zwi\u0119ksza ryzyko wyst\u0105pienia negatywnych skutk\u00f3w. Przed rozpocz\u0119ciem leczenia Modvigilem nale\u017cy skonsultowa\u0107 si\u0119 z lekarzem.  <\/p>\n<h2>Mo\u017cliwe dzia\u0142ania niepo\u017c\u0105dane<\/h2>\n<p>Modvigil jest wysoce skuteczny, tolerowany i ma niskie ryzyko negatywnych skutk\u00f3w, gdy jest przyjmowany zgodnie z zaleceniami lekarza. Niemniej jednak, ze wzgl\u0119du na nadwra\u017cliwo\u015b\u0107 u niekt\u00f3rych os\u00f3b, mog\u0105 wyst\u0105pi\u0107 typowe reakcje negatywne.  Do niekt\u00f3rych z nich nale\u017c\u0105:<\/p>\n<ul>\n<li>utrata apetytu;<\/li>\n<li>wahania nastroju;<\/li>\n<li>md\u0142o\u015bci;<\/li>\n<li>odwodnienie i pragnienie;<\/li>\n<li>b\u00f3l g\u0142owy;<\/li>\n<li>zawroty g\u0142owy;<\/li>\n<li>bezsenno\u015b\u0107;<\/li>\n<li>niepok\u00f3j.<\/li>\n<\/ul>\n<p>W bardzo rzadkich przypadkach stosowanie leku Modvigil mo\u017ce powodowa\u0107 powa\u017cniejsze negatywne skutki. Nale\u017c\u0105 do nich:<\/p>\n<ul>\n<li>nieregularne bicie serca;<\/li>\n<li>problemy ze wzrokiem;<\/li>\n<li>dreszcze;<\/li>\n<li>wymioty;<\/li>\n<li>dr\u017cenie;<\/li>\n<li>utrata pami\u0119ci.<\/li>\n<\/ul>\n[\/vc_column][vc_column width=&#8221;1\/2&#8243;]\n<p>To nie jest pe\u0142na lista mo\u017cliwych negatywnych skutk\u00f3w. W przypadku wyst\u0105pienia powa\u017cnych, d\u0142ugotrwa\u0142ych negatywnych skutk\u00f3w nale\u017cy zaprzesta\u0107 stosowania tego leku i zwr\u00f3ci\u0107 si\u0119 o obowi\u0105zkow\u0105 pomoc medyczn\u0105. Nie obs\u0142uguj maszyn ani nie prowad\u017a pojazd\u00f3w, je\u015bli nie masz pewno\u015bci, jak na nie zareagujesz. Je\u015bli te negatywne skutki wyst\u0105pi\u0105 i przeszkadzaj\u0105 nawet po zaprzestaniu stosowania lub nie ust\u0119puj\u0105, nale\u017cy skonsultowa\u0107 si\u0119 z lekarzem w celu uzyskania pomocy.  <\/p>\n<h2>Przeciwwskazania i \u015brodki ostro\u017cno\u015bci<\/h2>\n<p>Modvigil 200 mg jest rzeczywi\u015bcie bezpieczny, je\u015bli jest przyjmowany niezale\u017cnie, bez \u0142\u0105czenia z innymi lekami. Zawsze upewnij si\u0119, \u017ce poda\u0142e\u015b pe\u0142n\u0105 list\u0119 lek\u00f3w (na recept\u0119 \/ bez recepty) lub lek\u00f3w zio\u0142owych, kt\u00f3rych u\u017cywasz, lekarzowi w celu oceny przed przyj\u0119ciem &#8220;inteligentnej karty&#8221;. Chocia\u017c prawdopodobne ryzyko nie jest znane, kobietom w ci\u0105\u017cy i matkom karmi\u0105cym piersi\u0105 nie zaleca si\u0119 stosowania \u017cadnych &#8220;inteligentnych tabletek&#8221;. Je\u015bli jest to konieczne, lekarz powinien om\u00f3wi\u0107 ryzyko i korzy\u015bci przed przyj\u0119ciem leku Modvigil 200 mg.   <\/p>\n<p>Mo\u017cliwe interakcje z innymi lekami obejmuj\u0105:<\/p>\n<ul>\n<li>leki rozrzedzaj\u0105ce krew, takie jak warfaryna;<\/li>\n<li>leki antykoncepcyjne;<\/li>\n<li>Inhibitory MAO;<\/li>\n<li>Substraty CYP3A4 \/ 5 i CYP2C19;<\/li>\n<li>Stymulanty OUN i inne.<\/li>\n<\/ul>\n<p>Mog\u0105 r\u00f3wnie\u017c wyst\u0105pi\u0107 interakcje z chorobami. Przed rozpocz\u0119ciem przyjmowania leku Modvigil nale\u017cy poinformowa\u0107 lekarza o stanie zdrowia, w tym o niewydolno\u015bci nerek\/w\u0105troby, chorobach serca lub drgawkach itp. Lek ten dzia\u0142a dobrze z wi\u0119kszo\u015bci\u0105 pokarm\u00f3w, ale t\u0142uste posi\u0142ki mog\u0105 op\u00f3\u017ani\u0107 pocz\u0105tek jego dzia\u0142ania. Nie zaleca si\u0119 \u0142\u0105czenia go z alkoholem, poniewa\u017c mo\u017ce to zwi\u0119kszy\u0107 ryzyko zaburze\u0144 os\u0105du, senno\u015bci i zawrot\u00f3w g\u0142owy, a tak\u017ce innych nietypowych negatywnych skutk\u00f3w.   <\/p>\n<h2>Do\u015bwiadczenie konsumenta<\/h2>\n<p>Podobnie jak wi\u0119kszo\u015b\u0107 innych &#8220;inteligentnych tabletek&#8221; dost\u0119pnych w sprzeda\u017cy na rynku, pigu\u0142ka Modvigil oferuje wiele ogromnych korzy\u015bci. Niemniej jednak to, co odr\u00f3\u017cnia j\u0105 od innych lek\u00f3w, to fakt, \u017ce ma mniejsze ryzyko wyst\u0105pienia negatywnych skutk\u00f3w. <\/p>\n<p>Jak dot\u0105d, opinie i recenzje u\u017cytkownik\u00f3w Modvigil s\u0105 pozytywne. Wi\u0119kszo\u015b\u0107 entuzjast\u00f3w &#8220;smart tab&#8221; potwierdzi\u0142a, \u017ce poprawia on koncentracj\u0119, ostro\u015b\u0107 umys\u0142u i pami\u0119\u0107 oraz zwi\u0119ksza energi\u0119, nie powoduj\u0105c nag\u0142ego za\u0142amania, jak w przypadku kofeiny. Zam\u00f3w Modvigil 200 mg ju\u017c dzi\u015b i podziel si\u0119 swoimi wra\u017ceniami po jego zastosowaniu.  <\/p>\n<h2>Kup generyczny Modvigil 200mg (Modafinil) z szybk\u0105 wysy\u0142k\u0105 w USA<\/h2>\n<p><a href=\"https:\/\/buymodafinilonline.com\/pl\/\">BuyModafinilOnline<\/a> (BMO) to apteka internetowa kojarzona z \u0142atwo\u015bci\u0105, niskimi cenami lek\u00f3w, ogromnymi rabatami i <a href=\"https:\/\/buymodafinilonline.com\/pl\/najlepszy-dostawca-w-polsce\/\">gwarantowan\u0105 wysy\u0142k\u0105<\/a>. Je\u015bli potrzebujesz Modvigil w najlepszej mo\u017cliwej cenie, nasza apteka internetowa jest dla Ciebie. <\/p>\n<p>Opr\u00f3cz Modvigil, mamy w sprzeda\u017cy szerok\u0105 gam\u0119 innych &#8220;inteligentnych tabletek&#8221;, takich jak <a href=\"https:\/\/buymodafinilonline.com\/pl\/pigulki-madrosci\/waklert-150-mg-krajowy-usa-do-usa\/\">Waklert<\/a>, <a href=\"https:\/\/buymodafinilonline.com\/pl\/pigulki-madrosci\/modavinil-200-mg\/\">Modavinil<\/a>, <a href=\"https:\/\/buymodafinilonline.com\/smart-drugs\/vilafinil-200mg-tablets\/\">Vilafinil<\/a>, <a href=\"https:\/\/buymodafinilonline.com\/pl\/pigulki-madrosci\/modalert-200-mg-krajowy-usa-do-usa\/\">Modalert<\/a>, <a href=\"https:\/\/buymodafinilonline.com\/smart-drugs\/modawake-200-mg-tablets\/\">Modawake<\/a>, <a href=\"https:\/\/buymodafinilonline.com\/smart-drugs\/modaheal-200-mg-tablets\/\">Modaheal<\/a> itp. Oferujemy niesamowicie <a href=\"https:\/\/buymodafinilonline.com\/coupons-deals-promo-codes\/\">du\u017ce zni\u017cki<\/a> za po\u015brednictwem kod\u00f3w kupon\u00f3w i voucher\u00f3w. W BuyModafinilOnline (BMO) mo\u017cesz dokona\u0107 p\u0142atno\u015bci <a href=\"https:\/\/buymodafinilonline.com\/billing-credit-card-faq\/\">kart\u0105 kredytow\u0105<\/a> i PayPal. Akceptujemy r\u00f3wnie\u017c kryptowaluty, a nawet nagradzamy tych, kt\u00f3rzy z nich korzystaj\u0105, <a href=\"https:\/\/buymodafinilonline.com\/bitcoin-payment\/\">23% zni\u017ck\u0105<\/a>.   <\/p>\n<p>Kup teraz i otrzymaj ten lek dostarczony do domu w USA za pomoc\u0105 tej wspania\u0142ej priorytetowej opcji wysy\u0142ki krajowej z USA do USA, kt\u00f3ra zajmuje tylko 3-4 dni robocze lub 5-7 dni kalendarzowych za pomoc\u0105 USPS Priority Mail. Ta opcja wysy\u0142ki jest najszybsza, mo\u017cesz nawet otrzyma\u0107 <a href=\"https:\/\/buymodafinilonline.com\/us-domestic-delivery\/\">szybk\u0105 dostaw\u0119 modafinilu z dnia na dzie\u0144<\/a> lub nast\u0119pnego dnia. <\/p>\n<p>Zam\u00f3wienie Modvigil 150 mg na adres w USA jest dostarczane bezproblemowo. Nie ma kontroli celnej, w przeciwie\u0144stwie do zam\u00f3wie\u0144 z Indii i wysy\u0142ki na adres w USA, co w rzadkich przypadkach prowadzi do zatrzymania paczki na granicach celnych. Zalet\u0105 korzystania z krajowej dostawy z USA do USA jest to, \u017ce szcz\u0119\u015bliwy klient otrzymuje natychmiastow\u0105 dostaw\u0119 &#8211; niekt\u00f3rzy mog\u0105 kwalifikowa\u0107 si\u0119 do dostawy z dnia na dzie\u0144 w zale\u017cno\u015bci od lokalizacji.<\/p>\n[\/vc_column]\n","protected":false},"excerpt":{"rendered":"<p>&#8211; Opcja wysy\u0142ki krajowej z USA do USA jest ju\u017c dost\u0119pna<br \/>\n&#8211; Czas dostawy 3-4 dni robocze za po\u015brednictwem USPS Priority Mail*<br \/>\n&#8211; Nie mo\u017cna miesza\u0107 z innymi produktami niekrajowymi<br \/>\n&#8211; Wszystkie zam\u00f3wienia krajowe s\u0105 dostarczane z zestawem 20 bezp\u0142atnych pr\u00f3bek<br \/>\n&#8211; P\u0142acisz za super szybk\u0105, sprawn\u0105 dostaw\u0119 i brak problem\u00f3w celnych<\/p>\n<p><em>*after receiving your tracking number. Please allow up to 24 hours for your order to process, and an additional 2-3 days to be shipped out.<\/em><\/p>\n<p>Modvigil 200 mg zawiera modafinil jako sk\u0142adnik aktywny. Wyprodukowany przez indyjskiego producenta farmaceutycznego o nazwie HAB Pharma, jest stosowany w celu zwi\u0119kszenia czuwania u pacjent\u00f3w z nadmiern\u0105 senno\u015bci\u0105 w ci\u0105gu dnia lub w miejscu pracy z powodu zaburze\u0144 snu. Jest r\u00f3wnie\u017c stosowany w leczeniu innych schorze\u0144 i jest szeroko stosowany poza wskazaniami przez zdrowe osoby jako \u015brodek zwi\u0119kszaj\u0105cy produktywno\u015b\u0107 i funkcje poznawcze.  <\/p>\n<p>Modvigil to najta\u0144szy &#8220;legalny&#8221; generyczny lek z modafinilem na rynku. Kup ten ameryka\u0144ski modafinil w naszej aptece internetowej po najni\u017cszej cenie w po\u0142\u0105czeniu z rabatami i kodami kupon\u00f3w lub uzyskaj bezp\u0142atne pr\u00f3bki pr\u00f3bne naszych bestseller\u00f3w &#8220;smart tabs&#8221;, aby przetestowa\u0107 ich skuteczno\u015b\u0107. <\/p>\n","protected":false},"featured_media":433351,"comment_status":"closed","ping_status":"closed","template":"","meta":{"_acf_changed":false},"product_brand":[],"product_cat":[8920],"product_tag":[4051],"class_list":{"0":"post-480693","1":"product","2":"type-product","3":"status-publish","4":"has-post-thumbnail","6":"product_cat-us-domestic-shipping-pl","7":"product_tag-modafinil-pl","9":"first","10":"instock","11":"sale","12":"shipping-taxable","13":"purchasable","14":"product-type-variable","15":"has-default-attributes"},"acf":[],"yoast_head":"<!-- This site is optimized with the Yoast SEO Premium plugin v23.6 (Yoast SEO v27.3) - https:\/\/yoast.com\/product\/yoast-seo-premium-wordpress\/ -->\n<title>Zam\u00f3w tabletki Modvigil 200 MG przez USPS Overnight Domestic Shipping<\/title>\n<meta name=\"description\" content=\"Kup tabletki Modvigil 200 MG online z najszybsz\u0105 wysy\u0142k\u0105 z dnia na dzie\u0144 za po\u015brednictwem krajowej poczty USPS i uzyskaj szybk\u0105 wysy\u0142k\u0119 w USA, kt\u00f3ra zajmuje 3-4 dni za po\u015brednictwem opcji bezpo\u015bredniej wysy\u0142ki lokalnej. Enjoy the Biggest 23% Discount for Bitcoin and Crypto Payment at BuyModafinilOnline Pharmacy.\" \/>\n<meta name=\"robots\" content=\"index, follow, max-snippet:-1, max-image-preview:large, max-video-preview:-1\" \/>\n<link rel=\"canonical\" href=\"https:\/\/buymodafinilonline.com\/pl\/pigulki-madrosci\/modvigil-200-mg-krajowy-usa-do-usa\/\" \/>\n<meta property=\"og:locale\" content=\"pl_PL\" \/>\n<meta property=\"og:type\" content=\"article\" \/>\n<meta property=\"og:title\" content=\"Modvigil 200 MG - Krajowy (USA do USA)\" \/>\n<meta property=\"og:description\" content=\"Kup tabletki Modvigil 200 MG online z najszybsz\u0105 wysy\u0142k\u0105 z dnia na dzie\u0144 za po\u015brednictwem krajowej poczty USPS i uzyskaj szybk\u0105 wysy\u0142k\u0119 w USA, kt\u00f3ra zajmuje 3-4 dni za po\u015brednictwem opcji bezpo\u015bredniej wysy\u0142ki lokalnej. Enjoy the Biggest 23% Discount for Bitcoin and Crypto Payment at BuyModafinilOnline Pharmacy.\" \/>\n<meta property=\"og:url\" content=\"https:\/\/buymodafinilonline.com\/pl\/pigulki-madrosci\/modvigil-200-mg-krajowy-usa-do-usa\/\" \/>\n<meta property=\"og:site_name\" content=\"BuyModafinilOnline.com\" \/>\n<meta property=\"article:modified_time\" content=\"2026-01-20T08:40:32+00:00\" \/>\n<meta property=\"og:image\" content=\"https:\/\/buymodafinilonline.com\/wp-content\/uploads\/2022\/01\/bmo-product-modvigil-domestic.png\" \/>\n\t<meta property=\"og:image:width\" content=\"1280\" \/>\n\t<meta property=\"og:image:height\" content=\"1500\" \/>\n\t<meta property=\"og:image:type\" content=\"image\/png\" \/>\n<meta name=\"twitter:label1\" content=\"Szacowany czas czytania\" \/>\n\t<meta name=\"twitter:data1\" content=\"6 minut\" \/>\n<script type=\"application\/ld+json\" class=\"yoast-schema-graph\">{\"@context\":\"https:\\\/\\\/schema.org\",\"@graph\":[{\"@type\":\"WebPage\",\"@id\":\"https:\\\/\\\/buymodafinilonline.com\\\/pl\\\/pigulki-madrosci\\\/modvigil-200-mg-krajowy-usa-do-usa\\\/\",\"url\":\"https:\\\/\\\/buymodafinilonline.com\\\/pl\\\/pigulki-madrosci\\\/modvigil-200-mg-krajowy-usa-do-usa\\\/\",\"name\":\"Zam\u00f3w tabletki Modvigil 200 MG przez USPS Overnight Domestic Shipping\",\"isPartOf\":{\"@id\":\"https:\\\/\\\/buymodafinilonline.com\\\/pl\\\/#website\"},\"primaryImageOfPage\":{\"@id\":\"https:\\\/\\\/buymodafinilonline.com\\\/pl\\\/pigulki-madrosci\\\/modvigil-200-mg-krajowy-usa-do-usa\\\/#primaryimage\"},\"image\":{\"@id\":\"https:\\\/\\\/buymodafinilonline.com\\\/pl\\\/pigulki-madrosci\\\/modvigil-200-mg-krajowy-usa-do-usa\\\/#primaryimage\"},\"thumbnailUrl\":\"https:\\\/\\\/buymodafinilonline.com\\\/wp-content\\\/uploads\\\/2022\\\/01\\\/bmo-product-modvigil-domestic.png\",\"datePublished\":\"2022-01-03T20:38:34+00:00\",\"dateModified\":\"2026-01-20T08:40:32+00:00\",\"description\":\"Kup tabletki Modvigil 200 MG online z najszybsz\u0105 wysy\u0142k\u0105 z dnia na dzie\u0144 za po\u015brednictwem krajowej poczty USPS i uzyskaj szybk\u0105 wysy\u0142k\u0119 w USA, kt\u00f3ra zajmuje 3-4 dni za po\u015brednictwem opcji bezpo\u015bredniej wysy\u0142ki lokalnej. Enjoy the Biggest 23% Discount for Bitcoin and Crypto Payment at BuyModafinilOnline Pharmacy.\",\"breadcrumb\":{\"@id\":\"https:\\\/\\\/buymodafinilonline.com\\\/pl\\\/pigulki-madrosci\\\/modvigil-200-mg-krajowy-usa-do-usa\\\/#breadcrumb\"},\"inLanguage\":\"pl-PL\",\"potentialAction\":[{\"@type\":\"ReadAction\",\"target\":[\"https:\\\/\\\/buymodafinilonline.com\\\/pl\\\/pigulki-madrosci\\\/modvigil-200-mg-krajowy-usa-do-usa\\\/\"]}]},{\"@type\":\"ImageObject\",\"inLanguage\":\"pl-PL\",\"@id\":\"https:\\\/\\\/buymodafinilonline.com\\\/pl\\\/pigulki-madrosci\\\/modvigil-200-mg-krajowy-usa-do-usa\\\/#primaryimage\",\"url\":\"https:\\\/\\\/buymodafinilonline.com\\\/wp-content\\\/uploads\\\/2022\\\/01\\\/bmo-product-modvigil-domestic.png\",\"contentUrl\":\"https:\\\/\\\/buymodafinilonline.com\\\/wp-content\\\/uploads\\\/2022\\\/01\\\/bmo-product-modvigil-domestic.png\",\"width\":1280,\"height\":1500,\"caption\":\"Modvigil 200 MG with Domestic USPS Shipping & Local USA to USA Dispatch\"},{\"@type\":\"BreadcrumbList\",\"@id\":\"https:\\\/\\\/buymodafinilonline.com\\\/pl\\\/pigulki-madrosci\\\/modvigil-200-mg-krajowy-usa-do-usa\\\/#breadcrumb\",\"itemListElement\":[{\"@type\":\"ListItem\",\"position\":1,\"name\":\"Buy Modafinil Online\",\"item\":\"https:\\\/\\\/buymodafinilonline.com\\\/pl\\\/\"},{\"@type\":\"ListItem\",\"position\":2,\"name\":\"Sklep\",\"item\":\"https:\\\/\\\/buymodafinilonline.com\\\/pl\\\/sklep\\\/\"},{\"@type\":\"ListItem\",\"position\":3,\"name\":\"US Domestic Shipping\",\"item\":\"https:\\\/\\\/buymodafinilonline.com\\\/pl\\\/kategoria-produktow\\\/us-domestic-shipping-pl\\\/\"},{\"@type\":\"ListItem\",\"position\":4,\"name\":\"Modvigil 200 MG &#8211; Krajowy (USA do USA)\"}]},{\"@type\":\"WebSite\",\"@id\":\"https:\\\/\\\/buymodafinilonline.com\\\/pl\\\/#website\",\"url\":\"https:\\\/\\\/buymodafinilonline.com\\\/pl\\\/\",\"name\":\"BuyModafinilOnline.com\",\"description\":\"Modafinil Online Pharmacy\",\"publisher\":{\"@id\":\"https:\\\/\\\/buymodafinilonline.com\\\/pl\\\/#organization\"},\"potentialAction\":[{\"@type\":\"SearchAction\",\"target\":{\"@type\":\"EntryPoint\",\"urlTemplate\":\"https:\\\/\\\/buymodafinilonline.com\\\/pl\\\/?s={search_term_string}\"},\"query-input\":{\"@type\":\"PropertyValueSpecification\",\"valueRequired\":true,\"valueName\":\"search_term_string\"}}],\"inLanguage\":\"pl-PL\"},{\"@type\":\"Organization\",\"@id\":\"https:\\\/\\\/buymodafinilonline.com\\\/pl\\\/#organization\",\"name\":\"BuyModafinilOnline\",\"url\":\"https:\\\/\\\/buymodafinilonline.com\\\/pl\\\/\",\"logo\":{\"@type\":\"ImageObject\",\"inLanguage\":\"pl-PL\",\"@id\":\"https:\\\/\\\/buymodafinilonline.com\\\/pl\\\/#\\\/schema\\\/logo\\\/image\\\/\",\"url\":\"https:\\\/\\\/buymodafinilonline.com\\\/wp-content\\\/uploads\\\/2020\\\/04\\\/logo-buy-modafinil-online-yellow.png\",\"contentUrl\":\"https:\\\/\\\/buymodafinilonline.com\\\/wp-content\\\/uploads\\\/2020\\\/04\\\/logo-buy-modafinil-online-yellow.png\",\"width\":200,\"height\":200,\"caption\":\"BuyModafinilOnline\"},\"image\":{\"@id\":\"https:\\\/\\\/buymodafinilonline.com\\\/pl\\\/#\\\/schema\\\/logo\\\/image\\\/\"}}]}<\/script>\n<!-- \/ Yoast SEO Premium plugin. -->","yoast_head_json":{"title":"Zam\u00f3w tabletki Modvigil 200 MG przez USPS Overnight Domestic Shipping","description":"Kup tabletki Modvigil 200 MG online z najszybsz\u0105 wysy\u0142k\u0105 z dnia na dzie\u0144 za po\u015brednictwem krajowej poczty USPS i uzyskaj szybk\u0105 wysy\u0142k\u0119 w USA, kt\u00f3ra zajmuje 3-4 dni za po\u015brednictwem opcji bezpo\u015bredniej wysy\u0142ki lokalnej. Enjoy the Biggest 23% Discount for Bitcoin and Crypto Payment at BuyModafinilOnline Pharmacy.","robots":{"index":"index","follow":"follow","max-snippet":"max-snippet:-1","max-image-preview":"max-image-preview:large","max-video-preview":"max-video-preview:-1"},"canonical":"https:\/\/buymodafinilonline.com\/pl\/pigulki-madrosci\/modvigil-200-mg-krajowy-usa-do-usa\/","og_locale":"pl_PL","og_type":"article","og_title":"Modvigil 200 MG - Krajowy (USA do USA)","og_description":"Kup tabletki Modvigil 200 MG online z najszybsz\u0105 wysy\u0142k\u0105 z dnia na dzie\u0144 za po\u015brednictwem krajowej poczty USPS i uzyskaj szybk\u0105 wysy\u0142k\u0119 w USA, kt\u00f3ra zajmuje 3-4 dni za po\u015brednictwem opcji bezpo\u015bredniej wysy\u0142ki lokalnej. Enjoy the Biggest 23% Discount for Bitcoin and Crypto Payment at BuyModafinilOnline Pharmacy.","og_url":"https:\/\/buymodafinilonline.com\/pl\/pigulki-madrosci\/modvigil-200-mg-krajowy-usa-do-usa\/","og_site_name":"BuyModafinilOnline.com","article_modified_time":"2026-01-20T08:40:32+00:00","og_image":[{"width":1280,"height":1500,"url":"https:\/\/buymodafinilonline.com\/wp-content\/uploads\/2022\/01\/bmo-product-modvigil-domestic.png","type":"image\/png"}],"twitter_misc":{"Szacowany czas czytania":"6 minut"},"schema":{"@context":"https:\/\/schema.org","@graph":[{"@type":"WebPage","@id":"https:\/\/buymodafinilonline.com\/pl\/pigulki-madrosci\/modvigil-200-mg-krajowy-usa-do-usa\/","url":"https:\/\/buymodafinilonline.com\/pl\/pigulki-madrosci\/modvigil-200-mg-krajowy-usa-do-usa\/","name":"Zam\u00f3w tabletki Modvigil 200 MG przez USPS Overnight Domestic Shipping","isPartOf":{"@id":"https:\/\/buymodafinilonline.com\/pl\/#website"},"primaryImageOfPage":{"@id":"https:\/\/buymodafinilonline.com\/pl\/pigulki-madrosci\/modvigil-200-mg-krajowy-usa-do-usa\/#primaryimage"},"image":{"@id":"https:\/\/buymodafinilonline.com\/pl\/pigulki-madrosci\/modvigil-200-mg-krajowy-usa-do-usa\/#primaryimage"},"thumbnailUrl":"https:\/\/buymodafinilonline.com\/wp-content\/uploads\/2022\/01\/bmo-product-modvigil-domestic.png","datePublished":"2022-01-03T20:38:34+00:00","dateModified":"2026-01-20T08:40:32+00:00","description":"Kup tabletki Modvigil 200 MG online z najszybsz\u0105 wysy\u0142k\u0105 z dnia na dzie\u0144 za po\u015brednictwem krajowej poczty USPS i uzyskaj szybk\u0105 wysy\u0142k\u0119 w USA, kt\u00f3ra zajmuje 3-4 dni za po\u015brednictwem opcji bezpo\u015bredniej wysy\u0142ki lokalnej. Enjoy the Biggest 23% Discount for Bitcoin and Crypto Payment at BuyModafinilOnline Pharmacy.","breadcrumb":{"@id":"https:\/\/buymodafinilonline.com\/pl\/pigulki-madrosci\/modvigil-200-mg-krajowy-usa-do-usa\/#breadcrumb"},"inLanguage":"pl-PL","potentialAction":[{"@type":"ReadAction","target":["https:\/\/buymodafinilonline.com\/pl\/pigulki-madrosci\/modvigil-200-mg-krajowy-usa-do-usa\/"]}]},{"@type":"ImageObject","inLanguage":"pl-PL","@id":"https:\/\/buymodafinilonline.com\/pl\/pigulki-madrosci\/modvigil-200-mg-krajowy-usa-do-usa\/#primaryimage","url":"https:\/\/buymodafinilonline.com\/wp-content\/uploads\/2022\/01\/bmo-product-modvigil-domestic.png","contentUrl":"https:\/\/buymodafinilonline.com\/wp-content\/uploads\/2022\/01\/bmo-product-modvigil-domestic.png","width":1280,"height":1500,"caption":"Modvigil 200 MG with Domestic USPS Shipping & Local USA to USA Dispatch"},{"@type":"BreadcrumbList","@id":"https:\/\/buymodafinilonline.com\/pl\/pigulki-madrosci\/modvigil-200-mg-krajowy-usa-do-usa\/#breadcrumb","itemListElement":[{"@type":"ListItem","position":1,"name":"Buy Modafinil Online","item":"https:\/\/buymodafinilonline.com\/pl\/"},{"@type":"ListItem","position":2,"name":"Sklep","item":"https:\/\/buymodafinilonline.com\/pl\/sklep\/"},{"@type":"ListItem","position":3,"name":"US Domestic Shipping","item":"https:\/\/buymodafinilonline.com\/pl\/kategoria-produktow\/us-domestic-shipping-pl\/"},{"@type":"ListItem","position":4,"name":"Modvigil 200 MG &#8211; Krajowy (USA do USA)"}]},{"@type":"WebSite","@id":"https:\/\/buymodafinilonline.com\/pl\/#website","url":"https:\/\/buymodafinilonline.com\/pl\/","name":"BuyModafinilOnline.com","description":"Modafinil Online Pharmacy","publisher":{"@id":"https:\/\/buymodafinilonline.com\/pl\/#organization"},"potentialAction":[{"@type":"SearchAction","target":{"@type":"EntryPoint","urlTemplate":"https:\/\/buymodafinilonline.com\/pl\/?s={search_term_string}"},"query-input":{"@type":"PropertyValueSpecification","valueRequired":true,"valueName":"search_term_string"}}],"inLanguage":"pl-PL"},{"@type":"Organization","@id":"https:\/\/buymodafinilonline.com\/pl\/#organization","name":"BuyModafinilOnline","url":"https:\/\/buymodafinilonline.com\/pl\/","logo":{"@type":"ImageObject","inLanguage":"pl-PL","@id":"https:\/\/buymodafinilonline.com\/pl\/#\/schema\/logo\/image\/","url":"https:\/\/buymodafinilonline.com\/wp-content\/uploads\/2020\/04\/logo-buy-modafinil-online-yellow.png","contentUrl":"https:\/\/buymodafinilonline.com\/wp-content\/uploads\/2020\/04\/logo-buy-modafinil-online-yellow.png","width":200,"height":200,"caption":"BuyModafinilOnline"},"image":{"@id":"https:\/\/buymodafinilonline.com\/pl\/#\/schema\/logo\/image\/"}}]}},"_links":{"self":[{"href":"https:\/\/buymodafinilonline.com\/pl\/wp-json\/wp\/v2\/product\/480693","targetHints":{"allow":["GET"]}}],"collection":[{"href":"https:\/\/buymodafinilonline.com\/pl\/wp-json\/wp\/v2\/product"}],"about":[{"href":"https:\/\/buymodafinilonline.com\/pl\/wp-json\/wp\/v2\/types\/product"}],"replies":[{"embeddable":true,"href":"https:\/\/buymodafinilonline.com\/pl\/wp-json\/wp\/v2\/comments?post=480693"}],"wp:featuredmedia":[{"embeddable":true,"href":"https:\/\/buymodafinilonline.com\/pl\/wp-json\/wp\/v2\/media\/433351"}],"wp:attachment":[{"href":"https:\/\/buymodafinilonline.com\/pl\/wp-json\/wp\/v2\/media?parent=480693"}],"wp:term":[{"taxonomy":"product_brand","embeddable":true,"href":"https:\/\/buymodafinilonline.com\/pl\/wp-json\/wp\/v2\/product_brand?post=480693"},{"taxonomy":"product_cat","embeddable":true,"href":"https:\/\/buymodafinilonline.com\/pl\/wp-json\/wp\/v2\/product_cat?post=480693"},{"taxonomy":"product_tag","embeddable":true,"href":"https:\/\/buymodafinilonline.com\/pl\/wp-json\/wp\/v2\/product_tag?post=480693"}],"curies":[{"name":"wp","href":"https:\/\/api.w.org\/{rel}","templated":true}]}}