{"id":480712,"date":"2022-01-03T23:08:06","date_gmt":"2022-01-03T22:08:06","guid":{"rendered":"https:\/\/buymodafinilonline.com\/smart-drugs\/modalert-200-mg-krajowy-usa-do-usa\/"},"modified":"2026-01-22T11:01:14","modified_gmt":"2026-01-22T10:01:14","slug":"modalert-200-mg-krajowy-usa-do-usa","status":"publish","type":"product","link":"https:\/\/buymodafinilonline.com\/pl\/pigulki-madrosci\/modalert-200-mg-krajowy-usa-do-usa\/","title":{"rendered":"Modalert 200 MG &#8211; krajowy (USA do USA)"},"content":{"rendered":"[vc_column width=&#8221;1\/2&#8243;]\n<h2>Co to jest Modalert 200 mg?<\/h2>\n<p><a href=\"https:\/\/buymodafinilonline.com\/pl\/cheap\/modafinil-pl\/\">Modafinil<\/a> to wyj\u0105tkowy \u015brodek pobudzaj\u0105cy. Jest d\u0142ugotrwa\u0142y, bardzo bezpieczny i niezwykle skuteczny. Jest to eugeroik lub \u015brodek pobudzaj\u0105cy, licencjonowany przez Food and Drug Administration (FDA) do leczenia zaburze\u0144 snu zwi\u0105zanych z prac\u0105 zmianow\u0105 (SWSD), narkolepsji i obturacyjnego bezdechu sennego (OSA). Modalert jest r\u00f3wnie\u017c regularnie przepisywany przez lekarzy poza wskazaniami w przypadku jet lag, chor\u00f3b Parkinsona i Alzheimera, zespo\u0142u nadpobudliwo\u015bci psychoruchowej z deficytem uwagi, chronicznego zm\u0119czenia, depresji i innych schorze\u0144. Jest r\u00f3wnie\u017c szeroko stosowany przez zdrowe osoby ze wszystkich \u015brodowisk, aby poprawi\u0107 zdolno\u015bci poznawcze i ostatecznie zwi\u0119kszy\u0107 produktywno\u015b\u0107.    <\/p>\n<h2>Jak dzia\u0142aj\u0105 te tabletki?<\/h2>\n<p>Modalert dzia\u0142a poprzez wp\u0142yw na niekt\u00f3re neuroprzeka\u017aniki m\u00f3zgowe, w tym histamin\u0119, dopamin\u0119, oreksyn\u0119, serotonin\u0119 i noradrenalin\u0119. Histamina wspomaga uczenie si\u0119, pami\u0119\u0107, szcz\u0119\u015bcie i motywacj\u0119 oraz reguluje agresj\u0119, a tak\u017ce jako\u015b\u0107 czuwania. Oreksyna reguluje cykl snu i czuwania. Dopamina odgrywa g\u0142\u00f3wn\u0105 rol\u0119 w my\u015bleniu, odczuwaniu przyjemno\u015bci i planowaniu. Pomaga r\u00f3wnie\u017c osobom pozosta\u0107 skupionym i wysoce zmotywowanym, a tak\u017ce reguluje sen i czuwanie. Zwi\u0119kszaj\u0105c poziom tych substancji chemicznych, tabletka Modalert 200 mg robi wiele rzeczy poza wspieraniem czuwania.     <\/p>\n<h2>Bezpieczne dawkowanie i w\u0142a\u015bciwe stosowanie<\/h2>\n<p>Modalert 200 mg to zalecana standardowa dawka dla wi\u0119kszo\u015bci u\u017cytkownik\u00f3w. Tabletk\u0119 nale\u017cy przyjmowa\u0107 raz dziennie, a czas podawania z pewno\u015bci\u0105 zale\u017cy od leczonego schorzenia: <\/p>\n<ul>\n<li>W przypadku OSA i narkolepsji lek Modalert przyjmuje si\u0119 wcze\u015bnie rano;<\/li>\n<li>w przypadku SWSD nale\u017cy przyj\u0105\u0107 jedn\u0105 tabletk\u0119 na oko\u0142o godzin\u0119 przed rozpocz\u0119ciem zmiany roboczej; <\/li>\n<li>W przypadku leczenia innych zaburze\u0144 snu, poprawy funkcji poznawczych, ADHD, depresji itp. lek nale\u017cy stosowa\u0107 zgodnie z zaleceniami lekarza.<\/li>\n<\/ul>\n<p>Wskaz\u00f3wka: nie stosuj samoleczenia. Rozs\u0105dne jest skonsultowanie si\u0119 z lekarzem w sprawie bezpiecznego dawkowania modafinilu, w tym dostosowania dawki w zale\u017cno\u015bci od stanu zdrowia. Nale\u017cy wzi\u0105\u0107 pod uwag\u0119, \u017ce ni\u017csze dawki modafinilu (podzielenie tabletki) mog\u0105 by\u0107 potrzebne w leczeniu pacjent\u00f3w z zaburzeniami geriatrycznymi i w\u0105troby. Lek Modalert nale\u017cy po\u0142yka\u0107, popijaj\u0105c szklank\u0105 wody i mo\u017cna go przyjmowa\u0107 z jedzeniem lub bez jedzenia.   <\/p>\n<h2>Mo\u017cliwe dzia\u0142ania niepo\u017c\u0105dane<\/h2>\n<p>Jak ka\u017cdy lek, Modalert wi\u0105\u017ce si\u0119 z pewnymi negatywnymi skutkami, kt\u00f3re mog\u0105 by\u0107 \u0142agodne lub powa\u017cne. We\u017a pod uwag\u0119, \u017ce efekty uboczne nie dotycz\u0105 ka\u017cdego u\u017cytkownika &#8220;inteligentnego narkotyku&#8221;. Niekt\u00f3rzy ich nie do\u015bwiadczaj\u0105, ale je\u015bli ju\u017c, to objawy te s\u0105 \u0142agodne i zazwyczaj zanikaj\u0105 po jakim\u015b czasie. Prawdopodobie\u0144stwo wyst\u0105pienia dzia\u0142a\u0144 niepo\u017c\u0105danych zale\u017cy w du\u017cej mierze od og\u00f3lnego stanu zdrowia, masy cia\u0142a, wieku i p\u0142ci.<\/p>\n<p>Niekt\u00f3re z cz\u0119stych negatywnych skutk\u00f3w s\u0105 nast\u0119puj\u0105ce:<\/p>\n<ul>\n<li>Duszny lub sp\u0142ywaj\u0105cy nos;<\/li>\n<li>b\u00f3l plec\u00f3w;<\/li>\n<li>niestrawno\u015b\u0107;<\/li>\n<li>zawroty g\u0142owy;<\/li>\n<li>trudno\u015bci z zasypianiem;<\/li>\n<li>biegunka;<\/li>\n<li>nerwowo\u015b\u0107;<\/li>\n<li>b\u00f3l g\u0142owy;<\/li>\n<li>md\u0142o\u015bci.<\/li>\n<\/ul>\n<p>Rzadkie negatywne dzia\u0142ania, kt\u00f3re mog\u0105 by\u0107 ci\u0119\u017ckie to:<\/p>\n<ul>\n<li>wysypka na sk\u00f3rze;<\/li>\n<li>problemy psychiczne;<\/li>\n<li>krwawy mocz;<\/li>\n<li>ule;<\/li>\n<li>zachowanie hiperaktywne;<\/li>\n<li>nieprawid\u0142owe bicie serca;<\/li>\n<li>problemy z oddychaniem;<\/li>\n<li>my\u015bli samob\u00f3jcze.<\/li>\n<\/ul>\n<p>Nie jest to pe\u0142na lista negatywnych skutk\u00f3w. Niekt\u00f3re negatywne skutki mog\u0105 by\u0107 powa\u017cne, w zale\u017cno\u015bci od stanu zdrowia. Specjalista medyczny powinien oceni\u0107 stan zdrowia pacjenta (problemy z w\u0105trob\u0105\/sercem itp.) przed przepisaniem tabletki Modalert 200 mg.<\/p>\n[\/vc_column][vc_column width=&#8221;1\/2&#8243;]\n<p>Podczas przyjmowania leku Modalert nale\u017cy zawsze monitorowa\u0107 og\u00f3lny stan zdrowia. Je\u015bli wyst\u0105pi\u0105 jakiekolwiek dziwne objawy, nale\u017cy natychmiast poinformowa\u0107 o tym lekarza. <\/p>\n<h2>Przeciwwskazania i \u015brodki ostro\u017cno\u015bci<\/h2>\n<p>Zawsze nale\u017cy stosowa\u0107 \u015brodki ostro\u017cno\u015bci podane przez lekarza i post\u0119powa\u0107 zgodnie z instrukcjami podanymi w ulotce leku. Wa\u017cne jest, aby sprawdzi\u0107, czy lek wchodzi w interakcje z innymi lekami stosowanymi w danym momencie. Pomaga to unikn\u0105\u0107 interakcji mi\u0119dzy lekami, kt\u00f3re mog\u0105 prowadzi\u0107 do powa\u017cnych dzia\u0142a\u0144 niepo\u017c\u0105danych.  <\/p>\n<p>Modalert wchodzi w interakcje z nast\u0119puj\u0105cymi rodzajami lek\u00f3w:<\/p>\n<ul>\n<li>leki rozrzedzaj\u0105ce krew;<\/li>\n<li>leki przeciwpadaczkowe;<\/li>\n<li>niekt\u00f3re antybiotyki;<\/li>\n<li>Substraty CYP2C19 i CYP3A4\/5;<\/li>\n<li>inhibitory monoaminooksydazy;<\/li>\n<li>pigu\u0142ki antykoncepcyjne.<\/li>\n<\/ul>\n<p>To nie jest dok\u0142adne. Nie nale\u017cy miesza\u0107 leku Modalert 200 mg z innymi lekami bez uprzedniego poinformowania o tym lekarza. Poza tym Modalert wchodzi w negatywne interakcje z alkoholem. Nie powinien by\u0107 stosowany razem. Wi\u0119kszo\u015b\u0107 pokarm\u00f3w dzia\u0142a dobrze z Modalert, ale nale\u017cy unika\u0107 t\u0142ustych potraw podczas przyjmowania Modalert 200 mg, poniewa\u017c mog\u0105 one zmniejszy\u0107 szybko\u015b\u0107 wch\u0142aniania leku, a tym samym pocz\u0105tek dzia\u0142ania. Sok grejpfrutowy i grejpfrut mog\u0105 nasila\u0107 dzia\u0142anie lub negatywne skutki leku Modalert.     <\/p>\n<h2>Do\u015bwiadczenie konsumenta<\/h2>\n<p>R\u00f3\u017cne osoby odkry\u0142y bezpiecze\u0144stwo, skuteczno\u015b\u0107 i wyj\u0105tkowo\u015b\u0107 Modalert w zasilaniu funkcji poznawczych. Wi\u0119kszo\u015b\u0107 z nich za\u017cywa go, aby poczu\u0107 si\u0119 przytomnym, zmotywowanym, skupionym, czujnym, uzyska\u0107 wzmo\u017cone my\u015blenie i energi\u0119, aby poprawi\u0107 pami\u0119\u0107 i ostro\u015b\u0107 umys\u0142u. Poza tym, osoby stosuj\u0105ce Modalert w celu poprawy produktywno\u015bci i wykonywania z\u0142o\u017conej pracy oceni\u0142y ten lek jako skuteczny i dobrze tolerowany. To w\u0142a\u015bnie dlatego, zgodnie z r\u00f3\u017cnymi zaufanymi recenzjami online i serwisami informacyjnymi, z Modalert korzystaj\u0105 najlepsi specjali\u015bci, pracownicy, studenci, dyrektorzy generalni, studenci uniwersytet\u00f3w itp.   <\/p>\n<p>Modalert jest oceniany jako najlepszy &#8211; podobnie jak nasz bestseller z e-sklepu BuyModafinilOnline (BMO). Recenzenci o zdrowym organizmie wspomnieli jedynie o niewielkich i kr\u00f3tkotrwa\u0142ych negatywnych skutkach. Chocia\u017c recenzje i referencje &#8220;smart tabs&#8221; s\u0105 \u015bwietne, nie nale\u017cy przyjmowa\u0107 Modalert ani podobnych lek\u00f3w przed konsultacj\u0105 z lekarzem.  <\/p>\n<h2>Kup generyczny Modalert 200mg (Modafinil) z szybk\u0105 wysy\u0142k\u0105 w USA<\/h2>\n<p><a href=\"https:\/\/buymodafinilonline.com\/pl\/\">BMO<\/a> to internetowa apteka nootropowa nr 1. Jest to <a href=\"https:\/\/buymodafinilonline.com\/pl\/opinia-czy-buymodafinilonline-to-zaufany-sprzedawca\/\">bezpieczna apteka internetowa<\/a>, kt\u00f3ra oferuje oryginalne &#8220;smart tabs&#8221; pochodz\u0105ce od certyfikowanych farmaceut\u00f3w bez recepty. Umo\u017cliwiamy zakup tanich, ale wysokiej jako\u015bci <a href=\"https:\/\/buymodafinilonline.com\/generics\/\">lek\u00f3w generycznych armodafinilu i modafinilu<\/a> &#8211; w tym <a href=\"https:\/\/buymodafinilonline.com\/smart-drugs\/modafinil-generic\/\">generycznego modafinilu<\/a>, <a href=\"https:\/\/buymodafinilonline.com\/pl\/pigulki-madrosci\/modvigil-200-mg-krajowy-usa-do-usa\/\">modvigilu<\/a>, <a href=\"https:\/\/buymodafinilonline.com\/pl\/pigulki-madrosci\/artvigil-150-mg-krajowy-usa-do-usa\/\">artvigilu<\/a>, <a href=\"https:\/\/buymodafinilonline.com\/pl\/pigulki-madrosci\/waklert-150-mg-krajowy-usa-do-usa\/\">waklertu<\/a> i innych lek\u00f3w. Co wi\u0119cej, sprzedajemy wszystkie te eugeroiki po kosztach produkcji. Oferujemy r\u00f3wnie\u017c inne \u015bwietne oferty, kody kupon\u00f3w i <a href=\"https:\/\/buymodafinilonline.com\/coupons-deals-promo-codes\/\">rabaty<\/a>, kt\u00f3re pomog\u0105 Ci jeszcze bardziej obni\u017cy\u0107 koszty.    <\/p>\n<p>Poza tym oferujemy <a href=\"https:\/\/buymodafinilonline.com\/smart-drugs\/armodafinil-free-trial-samples\/\">bezp\u0142atne pr\u00f3bne opakowania<\/a> <a href=\"https:\/\/buymodafinilonline.com\/smart-drugs\/modafinil-free-trial-samples\/\">tabletek armodafinilu i modafinilu<\/a>, dzi\u0119ki czemu kupuj\u0105cy mo\u017ce przetestowa\u0107 ich skuteczno\u015b\u0107 i bezpiecze\u0144stwo przed podj\u0119ciem decyzji o zakupie. Pakiety pr\u00f3bne lek\u00f3w s\u0105 z pewno\u015bci\u0105 niezb\u0119dne, je\u015bli jeste\u015b nowy w &#8220;inteligentnych lekach&#8221;.<\/p>\n<p>Korzystaj z r\u00f3\u017cnych opcji p\u0142atno\u015bci, w tym PayPal, Zelle, <a href=\"https:\/\/buymodafinilonline.com\/bitcoin-payment\/\">Bitcoin<\/a> (23% zni\u017cki), Poli, przelew bankowy SEPA lub karta kredytowa. Dzi\u0119ki naszej szybkiej krajowej wysy\u0142ce paczek z USA do USA (kt\u00f3ra zajmuje tylko 3-4 dni robocze lub 5-7 dni kalendarzowych przy u\u017cyciu USPS Priority Mail), zapewniamy <a href=\"https:\/\/buymodafinilonline.com\/order-tracking\/\">narz\u0119dzie do \u015bledzenia paczek<\/a> i <a href=\"https:\/\/buymodafinilonline.com\/pl\/najlepszy-dostawca-w-polsce\/\">najszybsz\u0105 dostaw\u0119 modafinilu<\/a> &#8211; mo\u017cesz nawet otrzyma\u0107 Modalert z dostaw\u0105 nocn\u0105 lub nast\u0119pnego dnia. <\/p>\n<p>Brak problem\u00f3w celnych w przeciwie\u0144stwie do zam\u00f3wie\u0144 z Indii i wysy\u0142ki na adres w USA. Ten proces wysy\u0142ki, w bardzo rzadkich przypadkach, mo\u017ce prowadzi\u0107 do zatrzymania paczki na granicy celnej. Zalet\u0105 korzystania z krajowej dostawy z USA do USA jest to, \u017ce szcz\u0119\u015bliwy klient otrzymuje natychmiastow\u0105 dostaw\u0119 &#8211; niekt\u00f3rzy mog\u0105 kwalifikowa\u0107 si\u0119 do dostawy z dnia na dzie\u0144 w zale\u017cno\u015bci od lokalizacji.  <\/p>\n<p>Zam\u00f3w ju\u017c dzi\u015b i <a href=\"https:\/\/buymodafinilonline.com\/pl\/najlepszy-dostawca-w-polsce\/\">otrzymaj szybk\u0105 wysy\u0142k\u0119<\/a>, w przeciwie\u0144stwie do innych oferowanych przez nas metod wysy\u0142ki. Nasze us\u0142ugi s\u0105 wygodne i niezawodne.<\/p>\n[\/vc_column]\n","protected":false},"excerpt":{"rendered":"<p>&#8211; Opcja wysy\u0142ki krajowej z USA do USA jest ju\u017c dost\u0119pna<br \/>\n&#8211; Czas dostawy 3-4 dni robocze za po\u015brednictwem USPS Priority Mail*<br \/>\n&#8211; Nie mo\u017cna miesza\u0107 z innymi produktami niekrajowymi<br \/>\n&#8211; Wszystkie zam\u00f3wienia krajowe s\u0105 dostarczane z zestawem 20 bezp\u0142atnych pr\u00f3bek<br \/>\n&#8211; P\u0142acisz za super szybk\u0105, sprawn\u0105 dostaw\u0119 i brak problem\u00f3w celnych<\/p>\n<p><em>*after receiving your tracking number. Please allow up to 24 hours for your order to process, and an additional 2-3 days to be shipped out.<\/em><\/p>\n<p>Modalert zawiera modafinil jako sk\u0142adnik aktywny. Jest to &#8220;inteligentna tabletka&#8221; produkowana przez indyjsk\u0105 firm\u0119 Sun Pharma. U\u017cyj tego skutecznego leku, aby nie zasn\u0105\u0107, poprawi\u0107 koncentracj\u0119, motywacj\u0119, ostro\u015b\u0107 umys\u0142u, by\u0107 aktywnym w my\u015bleniu i doskonale wykonywa\u0107 z\u0142o\u017con\u0105 prac\u0119. Bez po\u015bwi\u0119cania jako\u015bci, Modalert 200 mg jest znacznie ta\u0144szy w por\u00f3wnaniu do Provigil\u00ae. Ponadto, w naszej aptece internetowej mo\u017cna otrzyma\u0107 bezp\u0142atn\u0105 pr\u00f3bk\u0119 armodafinilu i modafinilu.    <\/p>\n","protected":false},"featured_media":433344,"comment_status":"closed","ping_status":"closed","template":"","meta":{"_acf_changed":false},"product_brand":[],"product_cat":[8920],"product_tag":[4051],"class_list":{"0":"post-480712","1":"product","2":"type-product","3":"status-publish","4":"has-post-thumbnail","6":"product_cat-us-domestic-shipping-pl","7":"product_tag-modafinil-pl","9":"first","10":"instock","11":"sale","12":"shipping-taxable","13":"purchasable","14":"product-type-variable","15":"has-default-attributes"},"acf":[],"yoast_head":"<!-- This site is optimized with the Yoast SEO Premium plugin v23.6 (Yoast SEO v27.3) - https:\/\/yoast.com\/product\/yoast-seo-premium-wordpress\/ -->\n<title>Zam\u00f3w tabletki Modalert 200 MG przez USPS Overnight Domestic Shipping<\/title>\n<meta name=\"description\" content=\"Kup tabletki Modalert 200 MG online z najszybsz\u0105 wysy\u0142k\u0105 z dnia na dzie\u0144 za po\u015brednictwem krajowej poczty USPS i uzyskaj szybk\u0105 wysy\u0142k\u0119 w USA, kt\u00f3ra zajmuje 3-4 dni za po\u015brednictwem opcji bezpo\u015bredniej wysy\u0142ki lokalnej. Enjoy the Biggest 23% Discount for Bitcoin and Crypto Payment at BuyModafinilOnline Pharmacy.\" \/>\n<meta name=\"robots\" content=\"index, follow, max-snippet:-1, max-image-preview:large, max-video-preview:-1\" \/>\n<link rel=\"canonical\" href=\"https:\/\/buymodafinilonline.com\/pl\/pigulki-madrosci\/modalert-200-mg-krajowy-usa-do-usa\/\" \/>\n<meta property=\"og:locale\" content=\"pl_PL\" \/>\n<meta property=\"og:type\" content=\"article\" \/>\n<meta property=\"og:title\" content=\"Modalert 200 MG - krajowy (USA do USA)\" \/>\n<meta property=\"og:description\" content=\"Kup tabletki Modalert 200 MG online z najszybsz\u0105 wysy\u0142k\u0105 z dnia na dzie\u0144 za po\u015brednictwem krajowej poczty USPS i uzyskaj szybk\u0105 wysy\u0142k\u0119 w USA, kt\u00f3ra zajmuje 3-4 dni za po\u015brednictwem opcji bezpo\u015bredniej wysy\u0142ki lokalnej. Enjoy the Biggest 23% Discount for Bitcoin and Crypto Payment at BuyModafinilOnline Pharmacy.\" \/>\n<meta property=\"og:url\" content=\"https:\/\/buymodafinilonline.com\/pl\/pigulki-madrosci\/modalert-200-mg-krajowy-usa-do-usa\/\" \/>\n<meta property=\"og:site_name\" content=\"BuyModafinilOnline.com\" \/>\n<meta property=\"article:modified_time\" content=\"2026-01-22T10:01:14+00:00\" \/>\n<meta property=\"og:image\" content=\"https:\/\/buymodafinilonline.com\/wp-content\/uploads\/2022\/01\/bmo-product-modalert-domestic.png\" \/>\n\t<meta property=\"og:image:width\" content=\"1280\" \/>\n\t<meta property=\"og:image:height\" content=\"1500\" \/>\n\t<meta property=\"og:image:type\" content=\"image\/png\" \/>\n<meta name=\"twitter:label1\" content=\"Szacowany czas czytania\" \/>\n\t<meta name=\"twitter:data1\" content=\"6 minut\" \/>\n<script type=\"application\/ld+json\" class=\"yoast-schema-graph\">{\"@context\":\"https:\\\/\\\/schema.org\",\"@graph\":[{\"@type\":\"WebPage\",\"@id\":\"https:\\\/\\\/buymodafinilonline.com\\\/pl\\\/pigulki-madrosci\\\/modalert-200-mg-krajowy-usa-do-usa\\\/\",\"url\":\"https:\\\/\\\/buymodafinilonline.com\\\/pl\\\/pigulki-madrosci\\\/modalert-200-mg-krajowy-usa-do-usa\\\/\",\"name\":\"Zam\u00f3w tabletki Modalert 200 MG przez USPS Overnight Domestic Shipping\",\"isPartOf\":{\"@id\":\"https:\\\/\\\/buymodafinilonline.com\\\/pl\\\/#website\"},\"primaryImageOfPage\":{\"@id\":\"https:\\\/\\\/buymodafinilonline.com\\\/pl\\\/pigulki-madrosci\\\/modalert-200-mg-krajowy-usa-do-usa\\\/#primaryimage\"},\"image\":{\"@id\":\"https:\\\/\\\/buymodafinilonline.com\\\/pl\\\/pigulki-madrosci\\\/modalert-200-mg-krajowy-usa-do-usa\\\/#primaryimage\"},\"thumbnailUrl\":\"https:\\\/\\\/buymodafinilonline.com\\\/wp-content\\\/uploads\\\/2022\\\/01\\\/bmo-product-modalert-domestic.png\",\"datePublished\":\"2022-01-03T22:08:06+00:00\",\"dateModified\":\"2026-01-22T10:01:14+00:00\",\"description\":\"Kup tabletki Modalert 200 MG online z najszybsz\u0105 wysy\u0142k\u0105 z dnia na dzie\u0144 za po\u015brednictwem krajowej poczty USPS i uzyskaj szybk\u0105 wysy\u0142k\u0119 w USA, kt\u00f3ra zajmuje 3-4 dni za po\u015brednictwem opcji bezpo\u015bredniej wysy\u0142ki lokalnej. Enjoy the Biggest 23% Discount for Bitcoin and Crypto Payment at BuyModafinilOnline Pharmacy.\",\"breadcrumb\":{\"@id\":\"https:\\\/\\\/buymodafinilonline.com\\\/pl\\\/pigulki-madrosci\\\/modalert-200-mg-krajowy-usa-do-usa\\\/#breadcrumb\"},\"inLanguage\":\"pl-PL\",\"potentialAction\":[{\"@type\":\"ReadAction\",\"target\":[\"https:\\\/\\\/buymodafinilonline.com\\\/pl\\\/pigulki-madrosci\\\/modalert-200-mg-krajowy-usa-do-usa\\\/\"]}]},{\"@type\":\"ImageObject\",\"inLanguage\":\"pl-PL\",\"@id\":\"https:\\\/\\\/buymodafinilonline.com\\\/pl\\\/pigulki-madrosci\\\/modalert-200-mg-krajowy-usa-do-usa\\\/#primaryimage\",\"url\":\"https:\\\/\\\/buymodafinilonline.com\\\/wp-content\\\/uploads\\\/2022\\\/01\\\/bmo-product-modalert-domestic.png\",\"contentUrl\":\"https:\\\/\\\/buymodafinilonline.com\\\/wp-content\\\/uploads\\\/2022\\\/01\\\/bmo-product-modalert-domestic.png\",\"width\":1280,\"height\":1500,\"caption\":\"Modalert 200 MG \u2013 Domestic USPS Shipping & Local USA to USA Dispatch\"},{\"@type\":\"BreadcrumbList\",\"@id\":\"https:\\\/\\\/buymodafinilonline.com\\\/pl\\\/pigulki-madrosci\\\/modalert-200-mg-krajowy-usa-do-usa\\\/#breadcrumb\",\"itemListElement\":[{\"@type\":\"ListItem\",\"position\":1,\"name\":\"Buy Modafinil Online\",\"item\":\"https:\\\/\\\/buymodafinilonline.com\\\/pl\\\/\"},{\"@type\":\"ListItem\",\"position\":2,\"name\":\"Sklep\",\"item\":\"https:\\\/\\\/buymodafinilonline.com\\\/pl\\\/sklep\\\/\"},{\"@type\":\"ListItem\",\"position\":3,\"name\":\"US Domestic Shipping\",\"item\":\"https:\\\/\\\/buymodafinilonline.com\\\/pl\\\/kategoria-produktow\\\/us-domestic-shipping-pl\\\/\"},{\"@type\":\"ListItem\",\"position\":4,\"name\":\"Modalert 200 MG &#8211; krajowy (USA do USA)\"}]},{\"@type\":\"WebSite\",\"@id\":\"https:\\\/\\\/buymodafinilonline.com\\\/pl\\\/#website\",\"url\":\"https:\\\/\\\/buymodafinilonline.com\\\/pl\\\/\",\"name\":\"BuyModafinilOnline.com\",\"description\":\"Modafinil Online Pharmacy\",\"publisher\":{\"@id\":\"https:\\\/\\\/buymodafinilonline.com\\\/pl\\\/#organization\"},\"potentialAction\":[{\"@type\":\"SearchAction\",\"target\":{\"@type\":\"EntryPoint\",\"urlTemplate\":\"https:\\\/\\\/buymodafinilonline.com\\\/pl\\\/?s={search_term_string}\"},\"query-input\":{\"@type\":\"PropertyValueSpecification\",\"valueRequired\":true,\"valueName\":\"search_term_string\"}}],\"inLanguage\":\"pl-PL\"},{\"@type\":\"Organization\",\"@id\":\"https:\\\/\\\/buymodafinilonline.com\\\/pl\\\/#organization\",\"name\":\"BuyModafinilOnline\",\"url\":\"https:\\\/\\\/buymodafinilonline.com\\\/pl\\\/\",\"logo\":{\"@type\":\"ImageObject\",\"inLanguage\":\"pl-PL\",\"@id\":\"https:\\\/\\\/buymodafinilonline.com\\\/pl\\\/#\\\/schema\\\/logo\\\/image\\\/\",\"url\":\"https:\\\/\\\/buymodafinilonline.com\\\/wp-content\\\/uploads\\\/2020\\\/04\\\/logo-buy-modafinil-online-yellow.png\",\"contentUrl\":\"https:\\\/\\\/buymodafinilonline.com\\\/wp-content\\\/uploads\\\/2020\\\/04\\\/logo-buy-modafinil-online-yellow.png\",\"width\":200,\"height\":200,\"caption\":\"BuyModafinilOnline\"},\"image\":{\"@id\":\"https:\\\/\\\/buymodafinilonline.com\\\/pl\\\/#\\\/schema\\\/logo\\\/image\\\/\"}}]}<\/script>\n<!-- \/ Yoast SEO Premium plugin. -->","yoast_head_json":{"title":"Zam\u00f3w tabletki Modalert 200 MG przez USPS Overnight Domestic Shipping","description":"Kup tabletki Modalert 200 MG online z najszybsz\u0105 wysy\u0142k\u0105 z dnia na dzie\u0144 za po\u015brednictwem krajowej poczty USPS i uzyskaj szybk\u0105 wysy\u0142k\u0119 w USA, kt\u00f3ra zajmuje 3-4 dni za po\u015brednictwem opcji bezpo\u015bredniej wysy\u0142ki lokalnej. Enjoy the Biggest 23% Discount for Bitcoin and Crypto Payment at BuyModafinilOnline Pharmacy.","robots":{"index":"index","follow":"follow","max-snippet":"max-snippet:-1","max-image-preview":"max-image-preview:large","max-video-preview":"max-video-preview:-1"},"canonical":"https:\/\/buymodafinilonline.com\/pl\/pigulki-madrosci\/modalert-200-mg-krajowy-usa-do-usa\/","og_locale":"pl_PL","og_type":"article","og_title":"Modalert 200 MG - krajowy (USA do USA)","og_description":"Kup tabletki Modalert 200 MG online z najszybsz\u0105 wysy\u0142k\u0105 z dnia na dzie\u0144 za po\u015brednictwem krajowej poczty USPS i uzyskaj szybk\u0105 wysy\u0142k\u0119 w USA, kt\u00f3ra zajmuje 3-4 dni za po\u015brednictwem opcji bezpo\u015bredniej wysy\u0142ki lokalnej. Enjoy the Biggest 23% Discount for Bitcoin and Crypto Payment at BuyModafinilOnline Pharmacy.","og_url":"https:\/\/buymodafinilonline.com\/pl\/pigulki-madrosci\/modalert-200-mg-krajowy-usa-do-usa\/","og_site_name":"BuyModafinilOnline.com","article_modified_time":"2026-01-22T10:01:14+00:00","og_image":[{"width":1280,"height":1500,"url":"https:\/\/buymodafinilonline.com\/wp-content\/uploads\/2022\/01\/bmo-product-modalert-domestic.png","type":"image\/png"}],"twitter_misc":{"Szacowany czas czytania":"6 minut"},"schema":{"@context":"https:\/\/schema.org","@graph":[{"@type":"WebPage","@id":"https:\/\/buymodafinilonline.com\/pl\/pigulki-madrosci\/modalert-200-mg-krajowy-usa-do-usa\/","url":"https:\/\/buymodafinilonline.com\/pl\/pigulki-madrosci\/modalert-200-mg-krajowy-usa-do-usa\/","name":"Zam\u00f3w tabletki Modalert 200 MG przez USPS Overnight Domestic Shipping","isPartOf":{"@id":"https:\/\/buymodafinilonline.com\/pl\/#website"},"primaryImageOfPage":{"@id":"https:\/\/buymodafinilonline.com\/pl\/pigulki-madrosci\/modalert-200-mg-krajowy-usa-do-usa\/#primaryimage"},"image":{"@id":"https:\/\/buymodafinilonline.com\/pl\/pigulki-madrosci\/modalert-200-mg-krajowy-usa-do-usa\/#primaryimage"},"thumbnailUrl":"https:\/\/buymodafinilonline.com\/wp-content\/uploads\/2022\/01\/bmo-product-modalert-domestic.png","datePublished":"2022-01-03T22:08:06+00:00","dateModified":"2026-01-22T10:01:14+00:00","description":"Kup tabletki Modalert 200 MG online z najszybsz\u0105 wysy\u0142k\u0105 z dnia na dzie\u0144 za po\u015brednictwem krajowej poczty USPS i uzyskaj szybk\u0105 wysy\u0142k\u0119 w USA, kt\u00f3ra zajmuje 3-4 dni za po\u015brednictwem opcji bezpo\u015bredniej wysy\u0142ki lokalnej. Enjoy the Biggest 23% Discount for Bitcoin and Crypto Payment at BuyModafinilOnline Pharmacy.","breadcrumb":{"@id":"https:\/\/buymodafinilonline.com\/pl\/pigulki-madrosci\/modalert-200-mg-krajowy-usa-do-usa\/#breadcrumb"},"inLanguage":"pl-PL","potentialAction":[{"@type":"ReadAction","target":["https:\/\/buymodafinilonline.com\/pl\/pigulki-madrosci\/modalert-200-mg-krajowy-usa-do-usa\/"]}]},{"@type":"ImageObject","inLanguage":"pl-PL","@id":"https:\/\/buymodafinilonline.com\/pl\/pigulki-madrosci\/modalert-200-mg-krajowy-usa-do-usa\/#primaryimage","url":"https:\/\/buymodafinilonline.com\/wp-content\/uploads\/2022\/01\/bmo-product-modalert-domestic.png","contentUrl":"https:\/\/buymodafinilonline.com\/wp-content\/uploads\/2022\/01\/bmo-product-modalert-domestic.png","width":1280,"height":1500,"caption":"Modalert 200 MG \u2013 Domestic USPS Shipping & Local USA to USA Dispatch"},{"@type":"BreadcrumbList","@id":"https:\/\/buymodafinilonline.com\/pl\/pigulki-madrosci\/modalert-200-mg-krajowy-usa-do-usa\/#breadcrumb","itemListElement":[{"@type":"ListItem","position":1,"name":"Buy Modafinil Online","item":"https:\/\/buymodafinilonline.com\/pl\/"},{"@type":"ListItem","position":2,"name":"Sklep","item":"https:\/\/buymodafinilonline.com\/pl\/sklep\/"},{"@type":"ListItem","position":3,"name":"US Domestic Shipping","item":"https:\/\/buymodafinilonline.com\/pl\/kategoria-produktow\/us-domestic-shipping-pl\/"},{"@type":"ListItem","position":4,"name":"Modalert 200 MG &#8211; krajowy (USA do USA)"}]},{"@type":"WebSite","@id":"https:\/\/buymodafinilonline.com\/pl\/#website","url":"https:\/\/buymodafinilonline.com\/pl\/","name":"BuyModafinilOnline.com","description":"Modafinil Online Pharmacy","publisher":{"@id":"https:\/\/buymodafinilonline.com\/pl\/#organization"},"potentialAction":[{"@type":"SearchAction","target":{"@type":"EntryPoint","urlTemplate":"https:\/\/buymodafinilonline.com\/pl\/?s={search_term_string}"},"query-input":{"@type":"PropertyValueSpecification","valueRequired":true,"valueName":"search_term_string"}}],"inLanguage":"pl-PL"},{"@type":"Organization","@id":"https:\/\/buymodafinilonline.com\/pl\/#organization","name":"BuyModafinilOnline","url":"https:\/\/buymodafinilonline.com\/pl\/","logo":{"@type":"ImageObject","inLanguage":"pl-PL","@id":"https:\/\/buymodafinilonline.com\/pl\/#\/schema\/logo\/image\/","url":"https:\/\/buymodafinilonline.com\/wp-content\/uploads\/2020\/04\/logo-buy-modafinil-online-yellow.png","contentUrl":"https:\/\/buymodafinilonline.com\/wp-content\/uploads\/2020\/04\/logo-buy-modafinil-online-yellow.png","width":200,"height":200,"caption":"BuyModafinilOnline"},"image":{"@id":"https:\/\/buymodafinilonline.com\/pl\/#\/schema\/logo\/image\/"}}]}},"_links":{"self":[{"href":"https:\/\/buymodafinilonline.com\/pl\/wp-json\/wp\/v2\/product\/480712","targetHints":{"allow":["GET"]}}],"collection":[{"href":"https:\/\/buymodafinilonline.com\/pl\/wp-json\/wp\/v2\/product"}],"about":[{"href":"https:\/\/buymodafinilonline.com\/pl\/wp-json\/wp\/v2\/types\/product"}],"replies":[{"embeddable":true,"href":"https:\/\/buymodafinilonline.com\/pl\/wp-json\/wp\/v2\/comments?post=480712"}],"wp:featuredmedia":[{"embeddable":true,"href":"https:\/\/buymodafinilonline.com\/pl\/wp-json\/wp\/v2\/media\/433344"}],"wp:attachment":[{"href":"https:\/\/buymodafinilonline.com\/pl\/wp-json\/wp\/v2\/media?parent=480712"}],"wp:term":[{"taxonomy":"product_brand","embeddable":true,"href":"https:\/\/buymodafinilonline.com\/pl\/wp-json\/wp\/v2\/product_brand?post=480712"},{"taxonomy":"product_cat","embeddable":true,"href":"https:\/\/buymodafinilonline.com\/pl\/wp-json\/wp\/v2\/product_cat?post=480712"},{"taxonomy":"product_tag","embeddable":true,"href":"https:\/\/buymodafinilonline.com\/pl\/wp-json\/wp\/v2\/product_tag?post=480712"}],"curies":[{"name":"wp","href":"https:\/\/api.w.org\/{rel}","templated":true}]}}