{"id":480731,"date":"2022-09-27T17:53:34","date_gmt":"2022-09-27T16:53:34","guid":{"rendered":"https:\/\/buymodafinilonline.com\/smart-drugs\/extra-strong-artvigil-250-mg-dostawa-krajowa-z-usa-usa-do-usa\/"},"modified":"2026-01-22T11:00:25","modified_gmt":"2026-01-22T10:00:25","slug":"extra-strong-artvigil-250-mg-dostawa-krajowa-z-usa-usa-do-usa","status":"publish","type":"product","link":"https:\/\/buymodafinilonline.com\/pl\/pigulki-madrosci\/extra-strong-artvigil-250-mg-dostawa-krajowa-z-usa-usa-do-usa\/","title":{"rendered":"Extra Strong Artvigil 250 MG &#8211; Dostawa krajowa z USA (USA do USA)"},"content":{"rendered":"[vc_column width=&#8221;1\/2&#8243;]\n<h2>Co to jest Extra Strong Artvigil 250 mg?<\/h2>\n<p>Artvigil to skuteczny lek zawieraj\u0105cy 250 mg armodafinilu jako sk\u0142adnika aktywnego. Jest to \u015brodek pobudzaj\u0105cy, kt\u00f3ry jest powszechnie przepisywany osobom cierpi\u0105cym na zaburzenia snu, takie jak obturacyjny bezdech senny (OSA), narkolepsja i zaburzenia snu zwi\u0105zane z prac\u0105 zmianow\u0105 (SWSD). Jest r\u00f3wnie\u017c stosowany poza wskazaniami do leczenia innych schorze\u0144, takich jak zesp\u00f3\u0142 nadpobudliwo\u015bci psychoruchowej z deficytem uwagi i depresja.  <\/p>\n<p>Opr\u00f3cz promowania czuwania, lek ten ma dzia\u0142anie poprawiaj\u0105ce funkcje poznawcze. Jego unikalne w\u0142a\u015bciwo\u015bci sprawi\u0142y, \u017ce zyska\u0142 przydomek &#8220;inteligentnego leku&#8221; i jest powszechnie stosowany przez zdrowe osoby w celu osi\u0105gni\u0119cia przewagi w pracy lub w szkole. Ma szybki pocz\u0105tek dzia\u0142ania i d\u0142ugi czas dzia\u0142ania (do 15 godzin), co czyni go popularnym nootropem.  <\/p>\n<p>Lek dzia\u0142a poprzez zmian\u0119 poziomu niekt\u00f3rych substancji chemicznych w m\u00f3zgu, w tym dopaminy, histaminy i oreksyny. W ten spos\u00f3b stymuluje o\u015brodkowy uk\u0142ad nerwowy, zmniejszaj\u0105c w ten spos\u00f3b nadmiern\u0105 senno\u015b\u0107 i poprawiaj\u0105c funkcje poznawcze. Pomaga to pacjentom zachowa\u0107 koncentracj\u0119 i czujno\u015b\u0107 w ci\u0105gu dnia oraz poprawia ich cykl snu.  <\/p>\n<h2>Bezpieczne dawkowanie i w\u0142a\u015bciwe stosowanie<\/h2>\n<p>Typowa zalecana dawka armodafinilu to 150 mg przyjmowane raz dziennie rano. Jednak w niekt\u00f3rych przypadkach dawka mo\u017ce zosta\u0107 zwi\u0119kszona do 250 mg dziennie, w zale\u017cno\u015bci od stanu pacjenta. Istnieje kilka powod\u00f3w, dla kt\u00f3rych lekarz mo\u017ce zdecydowa\u0107 si\u0119 na przepisanie 250 mg armodafinilu dziennie:  <\/p>\n<ul>\n<li>niekt\u00f3re osoby mog\u0105 nie odczuwa\u0107 znacznej poprawy objaw\u00f3w przy <a href=\"https:\/\/buymodafinilonline.com\/smart-drugs\/artvigil-150-mg-tablets\/\">standardowej dawce 150 mg<\/a>;<\/li>\n<li>u niekt\u00f3rych pacjent\u00f3w z czasem mo\u017ce rozwin\u0105\u0107 si\u0119 tolerancja na dzia\u0142anie armodafinilu, co oznacza, \u017ce mog\u0105 oni potrzebowa\u0107 wy\u017cszej dawki, aby osi\u0105gn\u0105\u0107 ten sam poziom skuteczno\u015bci;<\/li>\n<li>niekt\u00f3re stany chorobowe, szczeg\u00f3lnie te w ci\u0119\u017ckiej postaci, mog\u0105 wymaga\u0107 wi\u0119kszej dawki leku.<\/li>\n<\/ul>\n<p>Czas podawania leku zale\u017cy od stanu, kt\u00f3ry ma by\u0107 leczony. W przypadku narkolepsji i OSA, tabletk\u0119 nale\u017cy po\u0142kn\u0105\u0107 wcze\u015bnie rano. W przypadku SWSD tabletk\u0119 nale\u017cy po\u0142kn\u0105\u0107 na oko\u0142o godzin\u0119 przed rozpocz\u0119ciem zmiany roboczej. W leczeniu innych schorze\u0144 lek nale\u017cy podawa\u0107 dok\u0142adnie zgodnie z zaleceniami.    <\/p>\n<p>Rozs\u0105dnie jest przyjmowa\u0107 Artvigil o tej samej porze ka\u017cdego dnia, aby utrzyma\u0107 sta\u0142y poziom leku w organizmie. Nale\u017cy unika\u0107 przyjmowania leku o p\u00f3\u017anej porze dnia, poniewa\u017c mo\u017ce to zak\u0142\u00f3ca\u0107 sen. Nie nale\u017cy kruszy\u0107 ani \u0142ama\u0107 tabletek, poniewa\u017c mo\u017ce to zmieni\u0107 skuteczno\u015b\u0107 leku. Je\u015bli przyjmujesz Artvigil, powiniene\u015b by\u0107 regularnie monitorowany przez lekarza, aby upewni\u0107 si\u0119, \u017ce lek jest skuteczny i nie powoduje \u017cadnych negatywnych skutk\u00f3w. Og\u00f3lnie rzecz bior\u0105c, lek jest bezpieczny i skuteczny, je\u015bli jest stosowany prawid\u0142owo. Nale\u017cy przestrzega\u0107 przepisanej dawki i trzyma\u0107 si\u0119 instrukcji lekarza, aby osi\u0105gn\u0105\u0107 najlepsze wyniki i unikn\u0105\u0107 potencjalnego ryzyka.     <\/p>\n<h2>Mo\u017cliwe dzia\u0142ania niepo\u017c\u0105dane<\/h2>\n<p>Artvigil jest og\u00f3lnie uwa\u017cany za bezpieczny i dobrze tolerowany, ale jak ka\u017cdy lek, mo\u017ce powodowa\u0107 negatywne skutki. Najcz\u0119stsze z nich to b\u00f3l g\u0142owy, nudno\u015bci, sucho\u015b\u0107 w ustach, zawroty g\u0142owy, bezsenno\u015b\u0107, rozstr\u00f3j \u017co\u0142\u0105dka i biegunka. Te negatywne skutki s\u0105 g\u0142\u00f3wnie \u0142agodne i mog\u0105 ust\u0105pi\u0107 samoistnie przy dalszym stosowaniu.  <\/p>\n<p>Mniej powszechne, ale powa\u017cniejsze negatywne skutki obejmuj\u0105 b\u00f3l w klatce piersiowej, niepok\u00f3j, trudno\u015bci w oddychaniu, halucynacje, depresj\u0119, dezorientacj\u0119, my\u015bli samob\u00f3jcze i reakcje alergiczne, takie jak wysypka, sw\u0119dzenie i obrz\u0119k twarzy, warg lub j\u0119zyka. W przypadku wyst\u0105pienia kt\u00f3regokolwiek z tych dzia\u0142a\u0144 niepo\u017c\u0105danych lub innych nietypowych objaw\u00f3w podczas przyjmowania leku, nale\u017cy natychmiast zwr\u00f3ci\u0107 si\u0119 o pomoc lekarsk\u0105. Nale\u017cy pami\u0119ta\u0107, \u017ce nie jest to wyczerpuj\u0105ca lista negatywnych skutk\u00f3w i mog\u0105 wyst\u0105pi\u0107 inne objawy.<br \/>\n[\/vc_column][vc_column width=&#8221;1\/2&#8243;]\n<h2>Przeciwwskazania i \u015brodki ostro\u017cno\u015bci<\/h2>\n<p>Poni\u017cej znajduj\u0105 si\u0119 przeciwwskazania i \u015brodki ostro\u017cno\u015bci, kt\u00f3re nale\u017cy wzi\u0105\u0107 pod uwag\u0119 przed u\u017cyciem Artvigil:<\/p>\n<ul>\n<li>nadwra\u017cliwo\u015b\u0107 na armodafinil: Je\u015bli jeste\u015b uczulony na substancj\u0119 czynn\u0105, unikaj jej stosowania;<\/li>\n<li>choroby uk\u0142adu kr\u0105\u017cenia: Artvigil mo\u017ce zwi\u0119ksza\u0107 ryzyko wyst\u0105pienia chor\u00f3b serca, szczeg\u00f3lnie u os\u00f3b, u kt\u00f3rych w przesz\u0142o\u015bci wyst\u0119powa\u0142y ju\u017c problemy z uk\u0142adem sercowo-naczyniowym. U takich pacjent\u00f3w lek nale\u017cy stosowa\u0107 ostro\u017cnie; <\/li>\n<li>choroby w\u0105troby lub nerek: Osoby z chorobami w\u0105troby lub nerek mog\u0105 by\u0107 bardziej nara\u017cone na wyst\u0105pienie dzia\u0142a\u0144 niepo\u017c\u0105danych armodafinilu i mo\u017ce by\u0107 konieczne dostosowanie dawki;<\/li>\n<li>zaburzenia psychiczne: Lek ten mo\u017ce nasila\u0107 objawy niekt\u00f3rych zaburze\u0144 psychicznych, w tym l\u0119ku, depresji i choroby afektywnej dwubiegunowej. Osoby cierpi\u0105ce na te schorzenia powinny by\u0107 \u015bci\u015ble monitorowane podczas przyjmowania leku Artvigil; <\/li>\n<li>ci\u0105\u017ca i karmienie piersi\u0105: Bezpiecze\u0144stwo stosowania leku w okresie ci\u0105\u017cy i karmienia piersi\u0105 nie zosta\u0142o ustalone i powinien on by\u0107 stosowany tylko w razie potrzeby i pod nadzorem lekarza;<\/li>\n<li>interakcje z lekami: Artvigil mo\u017ce wchodzi\u0107 w interakcje z innymi lekami, w tym hormonalnymi \u015brodkami antykoncepcyjnymi, i mo\u017ce zmniejsza\u0107 ich skuteczno\u015b\u0107 lub zwi\u0119ksza\u0107 ryzyko wyst\u0105pienia dzia\u0142a\u0144 niepo\u017c\u0105danych w przypadku ich mieszania. Przed rozpocz\u0119ciem stosowania leku nale\u017cy poinformowa\u0107 lekarza o wszystkich przyjmowanych lekach; <\/li>\n<li>nadu\u017cywanie substancji: Ma potencja\u0142 do nadu\u017cywania i uzale\u017cnienia, szczeg\u00f3lnie u os\u00f3b z histori\u0105 nadu\u017cywania substancji.<\/li>\n<\/ul>\n<p>Nale\u017cy r\u00f3wnie\u017c unika\u0107 spo\u017cywania alkoholu i innych substancji, kt\u00f3re mog\u0105 wp\u0142ywa\u0107 na o\u015brodkowy uk\u0142ad nerwowy podczas przyjmowania leku Artvigil 250 mg, poniewa\u017c mo\u017ce to zwi\u0119kszy\u0107 ryzyko wyst\u0105pienia negatywnych skutk\u00f3w. Wi\u0119kszo\u015b\u0107 produkt\u00f3w spo\u017cywczych dobrze wsp\u00f3\u0142pracuje z lekiem, ale zaleca si\u0119 unikanie spo\u017cywania grejpfrut\u00f3w lub soku grejpfrutowego podczas przyjmowania tego leku. <\/p>\n<p>Sok grejpfrutowy mo\u017ce hamowa\u0107 enzym CYP3A4, kt\u00f3ry jest odpowiedzialny za metabolizm armodafinilu. Hamowanie tego enzymu mo\u017ce prowadzi\u0107 do zwi\u0119kszenia st\u0119\u017cenia armodafinilu we krwi i potencjalnie zwi\u0119ksza ryzyko wyst\u0105pienia dzia\u0142a\u0144 niepo\u017c\u0105danych. <\/p>\n<p><em>Przed rozpocz\u0119ciem przyjmowania armodafinilu nale\u017cy skonsultowa\u0107 si\u0119 z lekarzem.<\/em><\/p>\n<h2>Kup Extra Strong Artvigil 250mg (Armodafinil) z szybk\u0105 wysy\u0142k\u0105 w USA<\/h2>\n<p><a href=\"https:\/\/buymodafinilonline.com\/pl\/\">BuyModafinilOnline<\/a> to \u017ar\u00f3d\u0142o najta\u0144szych, ale wysokiej jako\u015bci &#8220;inteligentnych lek\u00f3w&#8221;, takich jak <a href=\"https:\/\/buymodafinilonline.com\/pl\/?post_type=product&#038;p=448036\">Artvigil 250 mg<\/a>, kt\u00f3re mo\u017cna kupi\u0107 bez recepty.<\/p>\n<p>Nasza apteka internetowa oferuje szeroki wyb\u00f3r autentycznych lek\u00f3w <a href=\"https:\/\/buymodafinilonline.com\/pl\/cheap\/armodafinil-pl-2\/\">generycznych armodafinilu<\/a> i <a href=\"https:\/\/buymodafinilonline.com\/pl\/cheap\/modafinil-pl\/\">modafinilu<\/a>, w tym <a href=\"https:\/\/buymodafinilonline.com\/pl\/pigulki-madrosci\/modaxl-200-mg\/\">ModaXL<\/a>, <a href=\"https:\/\/buymodafinilonline.com\/smart-drugs\/modawake-200-mg-tablets\/\">Modawake<\/a>, <a href=\"https:\/\/buymodafinilonline.com\/smart-drugs\/modafil-md-200-mg-sublingual-tablets\/\">Modafil MD<\/a> i <a href=\"https:\/\/buymodafinilonline.com\/pl\/pigulki-madrosci\/armodaxl-150-mg\/\">ArmodaXL<\/a>.<\/p>\n<p>Jeste\u015bmy dumni z oferowania <a href=\"https:\/\/buymodafinilonline.com\/pl\/najlepszy-dostawca-w-polsce\/\">najszybszych opcji wysy\u0142ki<\/a>, w tym krajowej wysy\u0142ki z USA do USA za po\u015brednictwem USPS Priority Mail. Nasze wybrane produkty, w tym tani Artvigil 250 mg, kwalifikuj\u0105 si\u0119 wy\u0142\u0105cznie do tej opcji, kt\u00f3ra zazwyczaj trwa zaledwie 3-4 dni robocze. <\/p>\n<p>Dzi\u0119ki naszej krajowej dostawie do USA nie napotkasz \u017cadnych problem\u00f3w celnych, poniewa\u017c leki s\u0105 wysy\u0142ane z naszego magazynu w USA. Je\u015bli potrzebujesz tabletek jeszcze szybciej, mo\u017cesz mie\u0107 szcz\u0119\u015bcie i otrzyma\u0107 dostaw\u0119 nast\u0119pnego dnia do USA. <\/p>\n<p>Oferujemy r\u00f3wnie\u017c <a href=\"https:\/\/buymodafinilonline.com\/free-trial\/\">bezp\u0142atny pakiet pr\u00f3bek<\/a> innych popularnych marek armodafinilu i modafinilu, aby pom\u00f3c Ci znale\u017a\u0107 odpowiednie rozwi\u0105zanie, je\u015bli jeste\u015b nowy na scenie &#8220;inteligentnych lek\u00f3w&#8221;.<\/p>\n<p>Akceptujemy r\u00f3\u017cne <a href=\"https:\/\/buymodafinilonline.com\/billing-credit-card-faq\/\">opcje p\u0142atno\u015bci<\/a>, w tym <a href=\"https:\/\/buymodafinilonline.com\/bitcoin-payment\/\">Bitcoin<\/a> z 23% rabatem, PayPal i karty kredytowe. Zam\u00f3w Artvigil 250 mg teraz i zaoszcz\u0119d\u017a jeszcze wi\u0119cej pieni\u0119dzy dzi\u0119ki naszym <a href=\"https:\/\/buymodafinilonline.com\/coupons-deals-promo-codes\/\">niesamowitym ofertom<\/a>, wyj\u0105tkowym kodom kupon\u00f3w i ogromnym rabatom.<br \/>\n[\/vc_column]\n","protected":false},"excerpt":{"rendered":"<p>&#8211; Opcja wysy\u0142ki krajowej z USA do USA jest ju\u017c dost\u0119pna<br \/>\n&#8211; czas dostawy 3-4 dni robocze za po\u015brednictwem USPS Priority Mail*<br \/>\n&#8211; wszystkie zam\u00f3wienia krajowe s\u0105 dostarczane z zestawem 20 bezp\u0142atnych pr\u00f3bek<br \/>\n&#8211; p\u0142acisz za super szybk\u0105, sprawn\u0105 dostaw\u0119 i brak problem\u00f3w celnych<\/p>\n<p><em>*after receiving your tracking number. Please allow up to 24 hours for your order to process, and an additional 2-3 days to be shipped out.<\/em><\/p>\n<p>Artvigil 250 mg firmy HAB Pharma to najnowsza <a href=\"https:\/\/buymodafinilonline.com\/smart-drugs\/generic-nuvigil\/\">generyczna wersja leku Nuvigil<\/a> stosowana w leczeniu zaburze\u0144 snu i poprawie funkcjonowania m\u00f3zgu. Zawiera 250 mg aktywnego sk\u0142adnika armodafinilu, co czyni go wyj\u0105tkowo silnym lekiem. Nasza apteka internetowa oferuje go teraz w najlepszej cenie. Mo\u017cesz kupi\u0107 online do 500 tabletek bez recepty i otrzyma\u0107 je szybko dzi\u0119ki naszej opcji dostawy z dnia na dzie\u0144. Nasza krajowa wysy\u0142ka do USA jest wolna od ryzyka i nie wi\u0105\u017ce si\u0119 z \u017cadnymi op\u0142atami celnymi.    <\/p>\n","protected":false},"featured_media":453576,"comment_status":"closed","ping_status":"closed","template":"","meta":{"_acf_changed":false},"product_brand":[],"product_cat":[8920],"product_tag":[4046],"class_list":{"0":"post-480731","1":"product","2":"type-product","3":"status-publish","4":"has-post-thumbnail","6":"product_cat-us-domestic-shipping-pl","7":"product_tag-armodafinil-pl-2","9":"first","10":"instock","11":"sale","12":"shipping-taxable","13":"purchasable","14":"product-type-variable","15":"has-default-attributes"},"acf":[],"yoast_head":"<!-- This site is optimized with the Yoast SEO Premium plugin v23.6 (Yoast SEO v27.3) - https:\/\/yoast.com\/product\/yoast-seo-premium-wordpress\/ -->\n<title>Zam\u00f3w tabletki Artvigil 250 MG przez USPS Overnight Domestic Shipping - BuyModafinilOnline<\/title>\n<meta name=\"description\" content=\"Kup silne leki Artvigil 250 mg online z najszybsz\u0105 wysy\u0142k\u0105 z dnia na dzie\u0144 za po\u015brednictwem krajowej poczty USPS i uzyskaj szybk\u0105 wysy\u0142k\u0119 w USA, kt\u00f3ra zajmuje 3-4 dni za po\u015brednictwem opcji bezpo\u015bredniej dostawy lokalnej. Korzystaj z 23% zni\u017cki na p\u0142atno\u015bci Bitcoin w aptece BuyModafinilOnline.\" \/>\n<meta name=\"robots\" content=\"index, follow, max-snippet:-1, max-image-preview:large, max-video-preview:-1\" \/>\n<link rel=\"canonical\" href=\"https:\/\/buymodafinilonline.com\/pl\/pigulki-madrosci\/extra-strong-artvigil-250-mg-dostawa-krajowa-z-usa-usa-do-usa\/\" \/>\n<meta property=\"og:locale\" content=\"pl_PL\" \/>\n<meta property=\"og:type\" content=\"article\" \/>\n<meta property=\"og:title\" content=\"Extra Strong Artvigil 250 MG - Dostawa krajowa z USA (USA do USA)\" \/>\n<meta property=\"og:description\" content=\"Kup silne leki Artvigil 250 mg online z najszybsz\u0105 wysy\u0142k\u0105 z dnia na dzie\u0144 za po\u015brednictwem krajowej poczty USPS i uzyskaj szybk\u0105 wysy\u0142k\u0119 w USA, kt\u00f3ra zajmuje 3-4 dni za po\u015brednictwem opcji bezpo\u015bredniej dostawy lokalnej. Korzystaj z 23% zni\u017cki na p\u0142atno\u015bci Bitcoin w aptece BuyModafinilOnline.\" \/>\n<meta property=\"og:url\" content=\"https:\/\/buymodafinilonline.com\/pl\/pigulki-madrosci\/extra-strong-artvigil-250-mg-dostawa-krajowa-z-usa-usa-do-usa\/\" \/>\n<meta property=\"og:site_name\" content=\"BuyModafinilOnline.com\" \/>\n<meta property=\"article:modified_time\" content=\"2026-01-22T10:00:25+00:00\" \/>\n<meta property=\"og:image\" content=\"https:\/\/buymodafinilonline.com\/wp-content\/uploads\/2023\/03\/bmo-extra-strong-artvigil-250mg-domestic-usa.png\" \/>\n\t<meta property=\"og:image:width\" content=\"1280\" \/>\n\t<meta property=\"og:image:height\" content=\"1500\" \/>\n\t<meta property=\"og:image:type\" content=\"image\/png\" \/>\n<meta name=\"twitter:label1\" content=\"Szacowany czas czytania\" \/>\n\t<meta name=\"twitter:data1\" content=\"6 minut\" \/>\n<script type=\"application\/ld+json\" class=\"yoast-schema-graph\">{\"@context\":\"https:\\\/\\\/schema.org\",\"@graph\":[{\"@type\":\"WebPage\",\"@id\":\"https:\\\/\\\/buymodafinilonline.com\\\/pl\\\/pigulki-madrosci\\\/extra-strong-artvigil-250-mg-dostawa-krajowa-z-usa-usa-do-usa\\\/\",\"url\":\"https:\\\/\\\/buymodafinilonline.com\\\/pl\\\/pigulki-madrosci\\\/extra-strong-artvigil-250-mg-dostawa-krajowa-z-usa-usa-do-usa\\\/\",\"name\":\"Zam\u00f3w tabletki Artvigil 250 MG przez USPS Overnight Domestic Shipping - BuyModafinilOnline\",\"isPartOf\":{\"@id\":\"https:\\\/\\\/buymodafinilonline.com\\\/pl\\\/#website\"},\"primaryImageOfPage\":{\"@id\":\"https:\\\/\\\/buymodafinilonline.com\\\/pl\\\/pigulki-madrosci\\\/extra-strong-artvigil-250-mg-dostawa-krajowa-z-usa-usa-do-usa\\\/#primaryimage\"},\"image\":{\"@id\":\"https:\\\/\\\/buymodafinilonline.com\\\/pl\\\/pigulki-madrosci\\\/extra-strong-artvigil-250-mg-dostawa-krajowa-z-usa-usa-do-usa\\\/#primaryimage\"},\"thumbnailUrl\":\"https:\\\/\\\/buymodafinilonline.com\\\/wp-content\\\/uploads\\\/2023\\\/03\\\/bmo-extra-strong-artvigil-250mg-domestic-usa.png\",\"datePublished\":\"2022-09-27T16:53:34+00:00\",\"dateModified\":\"2026-01-22T10:00:25+00:00\",\"description\":\"Kup silne leki Artvigil 250 mg online z najszybsz\u0105 wysy\u0142k\u0105 z dnia na dzie\u0144 za po\u015brednictwem krajowej poczty USPS i uzyskaj szybk\u0105 wysy\u0142k\u0119 w USA, kt\u00f3ra zajmuje 3-4 dni za po\u015brednictwem opcji bezpo\u015bredniej dostawy lokalnej. Korzystaj z 23% zni\u017cki na p\u0142atno\u015bci Bitcoin w aptece BuyModafinilOnline.\",\"breadcrumb\":{\"@id\":\"https:\\\/\\\/buymodafinilonline.com\\\/pl\\\/pigulki-madrosci\\\/extra-strong-artvigil-250-mg-dostawa-krajowa-z-usa-usa-do-usa\\\/#breadcrumb\"},\"inLanguage\":\"pl-PL\",\"potentialAction\":[{\"@type\":\"ReadAction\",\"target\":[\"https:\\\/\\\/buymodafinilonline.com\\\/pl\\\/pigulki-madrosci\\\/extra-strong-artvigil-250-mg-dostawa-krajowa-z-usa-usa-do-usa\\\/\"]}]},{\"@type\":\"ImageObject\",\"inLanguage\":\"pl-PL\",\"@id\":\"https:\\\/\\\/buymodafinilonline.com\\\/pl\\\/pigulki-madrosci\\\/extra-strong-artvigil-250-mg-dostawa-krajowa-z-usa-usa-do-usa\\\/#primaryimage\",\"url\":\"https:\\\/\\\/buymodafinilonline.com\\\/wp-content\\\/uploads\\\/2023\\\/03\\\/bmo-extra-strong-artvigil-250mg-domestic-usa.png\",\"contentUrl\":\"https:\\\/\\\/buymodafinilonline.com\\\/wp-content\\\/uploads\\\/2023\\\/03\\\/bmo-extra-strong-artvigil-250mg-domestic-usa.png\",\"width\":1280,\"height\":1500,\"caption\":\"Artvigil 250 mg Domestic USPS Shipping & Local USA to USA Dispatch\"},{\"@type\":\"BreadcrumbList\",\"@id\":\"https:\\\/\\\/buymodafinilonline.com\\\/pl\\\/pigulki-madrosci\\\/extra-strong-artvigil-250-mg-dostawa-krajowa-z-usa-usa-do-usa\\\/#breadcrumb\",\"itemListElement\":[{\"@type\":\"ListItem\",\"position\":1,\"name\":\"Buy Modafinil Online\",\"item\":\"https:\\\/\\\/buymodafinilonline.com\\\/pl\\\/\"},{\"@type\":\"ListItem\",\"position\":2,\"name\":\"Sklep\",\"item\":\"https:\\\/\\\/buymodafinilonline.com\\\/pl\\\/sklep\\\/\"},{\"@type\":\"ListItem\",\"position\":3,\"name\":\"US Domestic Shipping\",\"item\":\"https:\\\/\\\/buymodafinilonline.com\\\/pl\\\/kategoria-produktow\\\/us-domestic-shipping-pl\\\/\"},{\"@type\":\"ListItem\",\"position\":4,\"name\":\"Extra Strong Artvigil 250 MG &#8211; Dostawa krajowa z USA (USA do USA)\"}]},{\"@type\":\"WebSite\",\"@id\":\"https:\\\/\\\/buymodafinilonline.com\\\/pl\\\/#website\",\"url\":\"https:\\\/\\\/buymodafinilonline.com\\\/pl\\\/\",\"name\":\"BuyModafinilOnline.com\",\"description\":\"Modafinil Online Pharmacy\",\"publisher\":{\"@id\":\"https:\\\/\\\/buymodafinilonline.com\\\/pl\\\/#organization\"},\"potentialAction\":[{\"@type\":\"SearchAction\",\"target\":{\"@type\":\"EntryPoint\",\"urlTemplate\":\"https:\\\/\\\/buymodafinilonline.com\\\/pl\\\/?s={search_term_string}\"},\"query-input\":{\"@type\":\"PropertyValueSpecification\",\"valueRequired\":true,\"valueName\":\"search_term_string\"}}],\"inLanguage\":\"pl-PL\"},{\"@type\":\"Organization\",\"@id\":\"https:\\\/\\\/buymodafinilonline.com\\\/pl\\\/#organization\",\"name\":\"BuyModafinilOnline\",\"url\":\"https:\\\/\\\/buymodafinilonline.com\\\/pl\\\/\",\"logo\":{\"@type\":\"ImageObject\",\"inLanguage\":\"pl-PL\",\"@id\":\"https:\\\/\\\/buymodafinilonline.com\\\/pl\\\/#\\\/schema\\\/logo\\\/image\\\/\",\"url\":\"https:\\\/\\\/buymodafinilonline.com\\\/wp-content\\\/uploads\\\/2020\\\/04\\\/logo-buy-modafinil-online-yellow.png\",\"contentUrl\":\"https:\\\/\\\/buymodafinilonline.com\\\/wp-content\\\/uploads\\\/2020\\\/04\\\/logo-buy-modafinil-online-yellow.png\",\"width\":200,\"height\":200,\"caption\":\"BuyModafinilOnline\"},\"image\":{\"@id\":\"https:\\\/\\\/buymodafinilonline.com\\\/pl\\\/#\\\/schema\\\/logo\\\/image\\\/\"}}]}<\/script>\n<!-- \/ Yoast SEO Premium plugin. -->","yoast_head_json":{"title":"Zam\u00f3w tabletki Artvigil 250 MG przez USPS Overnight Domestic Shipping - BuyModafinilOnline","description":"Kup silne leki Artvigil 250 mg online z najszybsz\u0105 wysy\u0142k\u0105 z dnia na dzie\u0144 za po\u015brednictwem krajowej poczty USPS i uzyskaj szybk\u0105 wysy\u0142k\u0119 w USA, kt\u00f3ra zajmuje 3-4 dni za po\u015brednictwem opcji bezpo\u015bredniej dostawy lokalnej. Korzystaj z 23% zni\u017cki na p\u0142atno\u015bci Bitcoin w aptece BuyModafinilOnline.","robots":{"index":"index","follow":"follow","max-snippet":"max-snippet:-1","max-image-preview":"max-image-preview:large","max-video-preview":"max-video-preview:-1"},"canonical":"https:\/\/buymodafinilonline.com\/pl\/pigulki-madrosci\/extra-strong-artvigil-250-mg-dostawa-krajowa-z-usa-usa-do-usa\/","og_locale":"pl_PL","og_type":"article","og_title":"Extra Strong Artvigil 250 MG - Dostawa krajowa z USA (USA do USA)","og_description":"Kup silne leki Artvigil 250 mg online z najszybsz\u0105 wysy\u0142k\u0105 z dnia na dzie\u0144 za po\u015brednictwem krajowej poczty USPS i uzyskaj szybk\u0105 wysy\u0142k\u0119 w USA, kt\u00f3ra zajmuje 3-4 dni za po\u015brednictwem opcji bezpo\u015bredniej dostawy lokalnej. Korzystaj z 23% zni\u017cki na p\u0142atno\u015bci Bitcoin w aptece BuyModafinilOnline.","og_url":"https:\/\/buymodafinilonline.com\/pl\/pigulki-madrosci\/extra-strong-artvigil-250-mg-dostawa-krajowa-z-usa-usa-do-usa\/","og_site_name":"BuyModafinilOnline.com","article_modified_time":"2026-01-22T10:00:25+00:00","og_image":[{"width":1280,"height":1500,"url":"https:\/\/buymodafinilonline.com\/wp-content\/uploads\/2023\/03\/bmo-extra-strong-artvigil-250mg-domestic-usa.png","type":"image\/png"}],"twitter_misc":{"Szacowany czas czytania":"6 minut"},"schema":{"@context":"https:\/\/schema.org","@graph":[{"@type":"WebPage","@id":"https:\/\/buymodafinilonline.com\/pl\/pigulki-madrosci\/extra-strong-artvigil-250-mg-dostawa-krajowa-z-usa-usa-do-usa\/","url":"https:\/\/buymodafinilonline.com\/pl\/pigulki-madrosci\/extra-strong-artvigil-250-mg-dostawa-krajowa-z-usa-usa-do-usa\/","name":"Zam\u00f3w tabletki Artvigil 250 MG przez USPS Overnight Domestic Shipping - BuyModafinilOnline","isPartOf":{"@id":"https:\/\/buymodafinilonline.com\/pl\/#website"},"primaryImageOfPage":{"@id":"https:\/\/buymodafinilonline.com\/pl\/pigulki-madrosci\/extra-strong-artvigil-250-mg-dostawa-krajowa-z-usa-usa-do-usa\/#primaryimage"},"image":{"@id":"https:\/\/buymodafinilonline.com\/pl\/pigulki-madrosci\/extra-strong-artvigil-250-mg-dostawa-krajowa-z-usa-usa-do-usa\/#primaryimage"},"thumbnailUrl":"https:\/\/buymodafinilonline.com\/wp-content\/uploads\/2023\/03\/bmo-extra-strong-artvigil-250mg-domestic-usa.png","datePublished":"2022-09-27T16:53:34+00:00","dateModified":"2026-01-22T10:00:25+00:00","description":"Kup silne leki Artvigil 250 mg online z najszybsz\u0105 wysy\u0142k\u0105 z dnia na dzie\u0144 za po\u015brednictwem krajowej poczty USPS i uzyskaj szybk\u0105 wysy\u0142k\u0119 w USA, kt\u00f3ra zajmuje 3-4 dni za po\u015brednictwem opcji bezpo\u015bredniej dostawy lokalnej. Korzystaj z 23% zni\u017cki na p\u0142atno\u015bci Bitcoin w aptece BuyModafinilOnline.","breadcrumb":{"@id":"https:\/\/buymodafinilonline.com\/pl\/pigulki-madrosci\/extra-strong-artvigil-250-mg-dostawa-krajowa-z-usa-usa-do-usa\/#breadcrumb"},"inLanguage":"pl-PL","potentialAction":[{"@type":"ReadAction","target":["https:\/\/buymodafinilonline.com\/pl\/pigulki-madrosci\/extra-strong-artvigil-250-mg-dostawa-krajowa-z-usa-usa-do-usa\/"]}]},{"@type":"ImageObject","inLanguage":"pl-PL","@id":"https:\/\/buymodafinilonline.com\/pl\/pigulki-madrosci\/extra-strong-artvigil-250-mg-dostawa-krajowa-z-usa-usa-do-usa\/#primaryimage","url":"https:\/\/buymodafinilonline.com\/wp-content\/uploads\/2023\/03\/bmo-extra-strong-artvigil-250mg-domestic-usa.png","contentUrl":"https:\/\/buymodafinilonline.com\/wp-content\/uploads\/2023\/03\/bmo-extra-strong-artvigil-250mg-domestic-usa.png","width":1280,"height":1500,"caption":"Artvigil 250 mg Domestic USPS Shipping & Local USA to USA Dispatch"},{"@type":"BreadcrumbList","@id":"https:\/\/buymodafinilonline.com\/pl\/pigulki-madrosci\/extra-strong-artvigil-250-mg-dostawa-krajowa-z-usa-usa-do-usa\/#breadcrumb","itemListElement":[{"@type":"ListItem","position":1,"name":"Buy Modafinil Online","item":"https:\/\/buymodafinilonline.com\/pl\/"},{"@type":"ListItem","position":2,"name":"Sklep","item":"https:\/\/buymodafinilonline.com\/pl\/sklep\/"},{"@type":"ListItem","position":3,"name":"US Domestic Shipping","item":"https:\/\/buymodafinilonline.com\/pl\/kategoria-produktow\/us-domestic-shipping-pl\/"},{"@type":"ListItem","position":4,"name":"Extra Strong Artvigil 250 MG &#8211; Dostawa krajowa z USA (USA do USA)"}]},{"@type":"WebSite","@id":"https:\/\/buymodafinilonline.com\/pl\/#website","url":"https:\/\/buymodafinilonline.com\/pl\/","name":"BuyModafinilOnline.com","description":"Modafinil Online Pharmacy","publisher":{"@id":"https:\/\/buymodafinilonline.com\/pl\/#organization"},"potentialAction":[{"@type":"SearchAction","target":{"@type":"EntryPoint","urlTemplate":"https:\/\/buymodafinilonline.com\/pl\/?s={search_term_string}"},"query-input":{"@type":"PropertyValueSpecification","valueRequired":true,"valueName":"search_term_string"}}],"inLanguage":"pl-PL"},{"@type":"Organization","@id":"https:\/\/buymodafinilonline.com\/pl\/#organization","name":"BuyModafinilOnline","url":"https:\/\/buymodafinilonline.com\/pl\/","logo":{"@type":"ImageObject","inLanguage":"pl-PL","@id":"https:\/\/buymodafinilonline.com\/pl\/#\/schema\/logo\/image\/","url":"https:\/\/buymodafinilonline.com\/wp-content\/uploads\/2020\/04\/logo-buy-modafinil-online-yellow.png","contentUrl":"https:\/\/buymodafinilonline.com\/wp-content\/uploads\/2020\/04\/logo-buy-modafinil-online-yellow.png","width":200,"height":200,"caption":"BuyModafinilOnline"},"image":{"@id":"https:\/\/buymodafinilonline.com\/pl\/#\/schema\/logo\/image\/"}}]}},"_links":{"self":[{"href":"https:\/\/buymodafinilonline.com\/pl\/wp-json\/wp\/v2\/product\/480731","targetHints":{"allow":["GET"]}}],"collection":[{"href":"https:\/\/buymodafinilonline.com\/pl\/wp-json\/wp\/v2\/product"}],"about":[{"href":"https:\/\/buymodafinilonline.com\/pl\/wp-json\/wp\/v2\/types\/product"}],"replies":[{"embeddable":true,"href":"https:\/\/buymodafinilonline.com\/pl\/wp-json\/wp\/v2\/comments?post=480731"}],"wp:featuredmedia":[{"embeddable":true,"href":"https:\/\/buymodafinilonline.com\/pl\/wp-json\/wp\/v2\/media\/453576"}],"wp:attachment":[{"href":"https:\/\/buymodafinilonline.com\/pl\/wp-json\/wp\/v2\/media?parent=480731"}],"wp:term":[{"taxonomy":"product_brand","embeddable":true,"href":"https:\/\/buymodafinilonline.com\/pl\/wp-json\/wp\/v2\/product_brand?post=480731"},{"taxonomy":"product_cat","embeddable":true,"href":"https:\/\/buymodafinilonline.com\/pl\/wp-json\/wp\/v2\/product_cat?post=480731"},{"taxonomy":"product_tag","embeddable":true,"href":"https:\/\/buymodafinilonline.com\/pl\/wp-json\/wp\/v2\/product_tag?post=480731"}],"curies":[{"name":"wp","href":"https:\/\/api.w.org\/{rel}","templated":true}]}}