{"id":480771,"date":"2023-09-26T04:27:13","date_gmt":"2023-09-26T03:27:13","guid":{"rendered":"https:\/\/buymodafinilonline.com\/smart-drugs\/extra-strength-armodaxl-250-mg-dostawa-krajowa-z-usa-usa-do-usa\/"},"modified":"2026-01-22T10:59:17","modified_gmt":"2026-01-22T09:59:17","slug":"extra-strength-armodaxl-250-mg-dostawa-krajowa-z-usa-usa-do-usa","status":"publish","type":"product","link":"https:\/\/buymodafinilonline.com\/pl\/pigulki-madrosci\/extra-strength-armodaxl-250-mg-dostawa-krajowa-z-usa-usa-do-usa\/","title":{"rendered":"Extra Strength ArmodaXL 250 MG &#8211; Dostawa krajowa z USA (USA do USA)"},"content":{"rendered":"[vc_column width=\u201d1\/2\u2033]\n<h2>Co to jest Strong ArmodaXL 250 MG?<\/h2>\n<p>Strong ArmodaXL, produkowany przez HOF Pharmaceuticals Ltd. w Indiach, jest godn\u0105 zaufania generyczn\u0105 alternatyw\u0105 dla markowego leku Nuvigil\u00ae. Jego aktywnym sk\u0142adnikiem jest armodafinil. HOF Pharma jest wiod\u0105cym producentem najwy\u017cszej jako\u015bci farmaceutyk\u00f3w zdrowotnych. Ich d\u0105\u017cenie do doskona\u0142o\u015bci znajduje odzwierciedlenie w zatwierdzeniach Dobrej Praktyki Wytwarzania (GMP) i \u015awiatowej Organizacji Zdrowia (WHO).   <\/p>\n<p>Strong ArmodaXL oferuje godn\u0105 uwagi przewag\u0119 dzi\u0119ki imponuj\u0105cemu o 5% wy\u017cszemu wsp\u00f3\u0142czynnikowi wch\u0142aniania w por\u00f3wnaniu do innych marek opartych na armodafinilu, takich jak Armod, Waklert, Armodavinil i Artvigil. Charakteryzuje si\u0119 szybkim pocz\u0105tkiem dzia\u0142ania i silniejszymi efektami szczytowymi, nawet o 30% wy\u017cszymi ni\u017c wspomniane produkty. <\/p>\n<p>ArmodaXL, przepisywany g\u0142\u00f3wnie w przypadku takich schorze\u0144 jak narkolepsja, obturacyjny bezdech senny (OSA) i zaburzenia snu zwi\u0105zane z prac\u0105 zmianow\u0105 (SWSD), odgrywa znacz\u0105c\u0105 rol\u0119 w promowaniu czuwania. Poza zatwierdzonymi zastosowaniami, lekarze stosuj\u0105 go w leczeniu r\u00f3\u017cnych schorze\u0144, w tym jet lag, zwalczaniu zespo\u0142u chronicznego zm\u0119czenia, radzeniu sobie z objawami choroby Parkinsona i Alzheimera, radzeniu sobie ze spadkiem pami\u0119ci zwi\u0105zanym z wiekiem, radzeniu sobie z zespo\u0142em nadpobudliwo\u015bci psychoruchowej z deficytem uwagi (ADHD), stwardnieniem rozsianym, depresj\u0105 i nie tylko. <\/p>\n<p>W rezultacie lek ten zyska\u0142 popularno\u015b\u0107 jako silny nootropik, cz\u0119sto okre\u015blany jako \u201cinteligentny lek\u201d. Zwolennikami Strong ArmodaXL s\u0105 osoby z r\u00f3\u017cnych dziedzin, takich jak przedsi\u0119biorcy, programi\u015bci, pisarze, in\u017cynierowie, dyrektorzy biznesowi i studenci. Wszyscy oni d\u0105\u017c\u0105 do uzyskania przewagi konkurencyjnej w swoich dziedzinach.  <\/p>\n<p>Lek ten nie tylko zwi\u0119ksza energi\u0119 psychiczn\u0105, czujno\u015b\u0107 i koncentracj\u0119, ale tak\u017ce poprawia pami\u0119\u0107, my\u015blenie i zdolno\u015bci uczenia si\u0119. Pomaga zwi\u0119kszy\u0107 umiej\u0119tno\u015bci planowania i podejmowania decyzji, jednocze\u015bnie zwi\u0119kszaj\u0105c motywacj\u0119 i og\u00f3lny poziom energii. Co wi\u0119cej, poprawia koncentracj\u0119, rozpi\u0119to\u015b\u0107 uwagi i ostro\u015b\u0107 umys\u0142u, co czyni go cennym atutem dla os\u00f3b pragn\u0105cych poprawi\u0107 swoje zdolno\u015bci poznawcze.  <\/p>\n<h2>Bezpieczne dawkowanie i w\u0142a\u015bciwe stosowanie<\/h2>\n<p>Strong ArmodaXL, b\u0119d\u0105c lekiem farmaceutycznym, wymaga starannego rozwa\u017cenia przed u\u017cyciem. Wa\u017cne jest, aby skonsultowa\u0107 si\u0119 z lekarzem przed rozpocz\u0119ciem stosowania tego leku. Dla wi\u0119kszo\u015bci u\u017cytkownik\u00f3w standardowa dawka armodafinilu wynosi 150 mg, zazwyczaj przyjmowana raz dziennie lub zgodnie z zaleceniami lekarza. W zale\u017cno\u015bci od tolerancji i stanu zdrowia, lekarz mo\u017ce zaleci\u0107 dostosowanie dawki. Niekt\u00f3rzy pacjenci, zw\u0142aszcza ci z problemami geriatrycznymi lub zwi\u0105zanymi z w\u0105trob\u0105, mog\u0105 potrzebowa\u0107 ni\u017cszej dawki. Inni, w zale\u017cno\u015bci od mechanizmu organizmu i reakcji na lek, mog\u0105 wymaga\u0107 wy\u017cszej dawki, aby do\u015bwiadczy\u0107 zamierzonych efekt\u00f3w. W tym przypadku maksymalna dawka armodafinilu wynosi 250 mg.      <\/p>\n<p>W przypadku narkolepsji lub OSA najlepiej jest przyjmowa\u0107 tabletk\u0119 rano. W przypadku SWSD nale\u017cy przyj\u0105\u0107 jedn\u0105 tabletk\u0119 na oko\u0142o godzin\u0119 przed rozpocz\u0119ciem zmiany w pracy. Stosuj\u0105c Strong ArmodaXL w celu leczenia innych schorze\u0144, nale\u017cy zawsze post\u0119powa\u0107 zgodnie z konkretnymi instrukcjami dostarczonymi przez lekarza. Je\u015bli cieszysz si\u0119 dobrym zdrowiem i stosujesz go w celu poprawy funkcji poznawczych lub produktywno\u015bci, przyjmuj tabletki zgodnie z zaleceniami lekarza. Preparat mo\u017cna przyjmowa\u0107 z jedzeniem lub bez jedzenia.    <\/p>\n<h2>Mo\u017cliwe dzia\u0142ania niepo\u017c\u0105dane<\/h2>\n<p>Silny ArmodaXL mo\u017ce powodowa\u0107 pewne niepo\u017c\u0105dane skutki. Chocia\u017c nie ka\u017cdy mo\u017ce do\u015bwiadczy\u0107 tych skutk\u00f3w ubocznych, je\u015bli wyst\u0105pi\u0105, wa\u017cne jest, aby rozwa\u017cy\u0107 zwr\u00f3cenie si\u0119 o pomoc lekarsk\u0105. <\/p>\n<p>Typowe negatywne skutki stosowania Strong ArmodaXL obejmuj\u0105 trudno\u015bci z zasypianiem, zawroty g\u0142owy, b\u00f3le g\u0142owy i nudno\u015bci. Efekty te s\u0105 stosunkowo powszechne i zwykle nie s\u0105 powa\u017cne. <\/p>\n<p>Mniej cz\u0119ste skutki uboczne mog\u0105 r\u00f3wnie\u017c wyst\u0105pi\u0107 i chocia\u017c s\u0105 one zwykle mniej powa\u017cne, wa\u017cne jest, aby by\u0107 ich \u015bwiadomym. Mog\u0105 one obejmowa\u0107 pobudzenie, zmniejszony apetyt, sucho\u015b\u0107 w ustach, niestrawno\u015b\u0107, zaparcia, niski poziom energii, dra\u017cliwo\u015b\u0107, zwi\u0119kszone oddawanie moczu, nadmierne pocenie si\u0119, ko\u0142atanie serca, biegunk\u0119 i uczucie niepokoju.<\/p>\n[\/vc_column][vc_column width=\u201d1\/2\u2033]\n<p>Ponadto lek ten mo\u017ce prowadzi\u0107 do rzadkich skutk\u00f3w ubocznych, kt\u00f3re, je\u015bli wyst\u0105pi\u0105, s\u0105 zwykle bardziej dotkliwe. Mog\u0105 one obejmowa\u0107 urojenia, zachowania maniakalne, wysokie ci\u015bnienie krwi, problemy ze zdrowiem psychicznym, my\u015bli o samookaleczeniu, zapalenie w\u0105troby, halucynacje, zesp\u00f3\u0142 Stevensa-Johnsona, zaburzenia sk\u00f3rne, p\u0119cherze sk\u00f3rne, sw\u0119dzenie i gor\u0105czk\u0119. <\/p>\n<p>Mog\u0105 wyst\u0105pi\u0107 inne dzia\u0142ania niepo\u017c\u0105dane niewymienione tutaj. W przypadku wyst\u0105pienia jakichkolwiek nietypowych objaw\u00f3w lub reakcji nale\u017cy niezw\u0142ocznie skontaktowa\u0107 si\u0119 z lekarzem w celu uzyskania pomocy medycznej. <\/p>\n<h2>Przeciwwskazania i \u015brodki ostro\u017cno\u015bci<\/h2>\n<p>Strong ArmodaXL, jak ka\u017cdy lek, ma pewne interakcje i \u015brodki ostro\u017cno\u015bci, o kt\u00f3rych nale\u017cy pami\u0119ta\u0107, aby zapewni\u0107 sobie bezpiecze\u0144stwo. Oto kilka wa\u017cnych punkt\u00f3w do rozwa\u017cenia: <\/p>\n<ol>\n<li>Wchodzi w interakcje z okre\u015blonymi kategoriami lek\u00f3w, dlatego nale\u017cy unika\u0107 mieszania go z nast\u0119puj\u0105cymi substancjami:\n<ul>\n<li>leki rozrzedzaj\u0105ce krew;<\/li>\n<li>leki antykoncepcyjne;<\/li>\n<li>metabolizowany przez enzymy CYP2C19 i CYP3A4\/5;<\/li>\n<li>Inhibitory monoaminooksydazy;<\/li>\n<li>leki przeciwgrzybicze.<\/li>\n<\/ul>\n<\/li>\n<li>Nale\u017cy poinformowa\u0107 lekarza o wszelkich istniej\u0105cych schorzeniach, w tym:\n<ul>\n<li>problemy z w\u0105trob\u0105 lub nerkami;<\/li>\n<li>psychoza lub inne problemy ze zdrowiem psychicznym w wywiadzie;<\/li>\n<li>wysokie ci\u015bnienie krwi;<\/li>\n<li>zaburzenia serca lub zawa\u0142 serca w wywiadzie;<\/li>\n<li>nadu\u017cywanie lub uzale\u017cnienie od lek\u00f3w lub alkoholu w przesz\u0142o\u015bci.<\/li>\n<\/ul>\n<\/li>\n<li>Nie nale\u017cy go stosowa\u0107, je\u015bli jeste\u015b w ci\u0105\u017cy lub planujesz zaj\u015b\u0107 w ci\u0105\u017c\u0119. Ponadto nale\u017cy poinformowa\u0107 lekarza o wszystkich przyjmowanych lekach, w tym lekach na recept\u0119, lekach dost\u0119pnych bez recepty, witaminach i suplementach zio\u0142owych. <\/li>\n<li>Je\u015bli jeste\u015b uczulony na armodafinil, powiniene\u015b unika\u0107 stosowania ArmodaXL.<\/li>\n<li>Wchodzi w interakcje z alkoholem w spos\u00f3b, kt\u00f3ry mo\u017ce zwi\u0119ksza\u0107 ryzyko wyst\u0105pienia dzia\u0142a\u0144 niepo\u017c\u0105danych.<\/li>\n<\/ol>\n<p>Co wi\u0119cej, Strong ArmodaXL zazwyczaj dzia\u0142a dobrze, gdy jest przyjmowany z jedzeniem lub bez. Spo\u017cywanie t\u0142ustych posi\u0142k\u00f3w mo\u017ce jednak spowolni\u0107 pocz\u0105tek dzia\u0142ania preparatu. <\/p>\n<h2>Kup Silny ArmodaXL 250mg (Armodafinil) z szybk\u0105 wysy\u0142k\u0105 w USA<\/h2>\n<p>W <a href=\"https:\/\/buymodafinilonline.com\/pl\/\">BuyModafinilOnline<\/a> jeste\u015bmy dumni z bycia zaufanym dostawc\u0105 oryginalnych \u201cinteligentnych lek\u00f3w\u201d, zdobywaj\u0105c zaufanie i pozytywne recenzje naszych zadowolonych klient\u00f3w. Nasze zobowi\u0105zanie do dotrzymywania obietnic wyr\u00f3\u017cnia nas na tle konkurencji i zapewniamy gwarancj\u0119 zwrotu pieni\u0119dzy, zapewniaj\u0105c spok\u00f3j ducha podczas ca\u0142ego procesu wysy\u0142ki. <\/p>\n<p>To, co czyni nas wyj\u0105tkowymi, to nasze zaanga\u017cowanie w oferowanie wysokiej jako\u015bci generycznych marek modafinilu i armodafinilu w cenach produkcyjnych, dzi\u0119ki czemu te skuteczne leki s\u0105 dost\u0119pne dla Ciebie.<\/p>\n<p>Ponadto nasza apteka internetowa jest skarbnic\u0105 mo\u017cliwo\u015bci oszcz\u0119dzania. Zapoznaj si\u0119 z naszymi ekskluzywnymi ofertami, najlepszymi <a href=\"https:\/\/buymodafinilonline.com\/coupons-deals-promo-codes\/\">kodami kupon\u00f3w<\/a> i rabatami, aby zmaksymalizowa\u0107 swoje oszcz\u0119dno\u015bci. <\/p>\n<p>Nasza szybka <a href=\"https:\/\/buymodafinilonline.com\/us-domestic-delivery\/\">dostawa krajowa<\/a> Strong ArmodaXL 250 mg do USA, realizowana przez USPS, trwa zazwyczaj od 3 do 4 dni roboczych. A je\u015bli Tw\u00f3j adres wysy\u0142ki znajduje si\u0119 w pobli\u017cu naszego magazynu w USA, mo\u017cesz nawet cieszy\u0107 si\u0119 szybk\u0105 dostaw\u0105 z dnia na dzie\u0144 lub dostaw\u0105 nast\u0119pnego dnia w USA. <\/p>\n<p>Oferujemy najta\u0144sze <a href=\"https:\/\/buymodafinilonline.com\/combo\/\">pakiety combo<\/a>, a nawet <a href=\"https:\/\/buymodafinilonline.com\/free-trial\/\">bezp\u0142atne pr\u00f3bki pr\u00f3bne<\/a>.<\/p>\n<p>Dokonaj p\u0142atno\u015bci za pomoc\u0105 <a href=\"https:\/\/buymodafinilonline.com\/bitcoin-payment\/\">Bitcoin<\/a> (a\u017c 23% zni\u017cki), POLi, Zelle, karty kredytowej lub PayPal.<\/p>\n[\/vc_column]\n","protected":false},"excerpt":{"rendered":"<p>Strong ArmodaXL 250 mg firmy HOF Pharmaceuticals to nowo opracowana generyczna wersja leku Nuvigil. Jest on wytwarzany przy u\u017cyciu armodafinilu jako sk\u0142adnika aktywnego. Lek ten zosta\u0142 zatwierdzony do leczenia zaburze\u0144 snu i jest powszechnie stosowany jako wzmacniacz funkcji poznawczych. Strong ArmodaXL 250 mg jest o 30% silniejszy w dostarczaniu swoich szczytowych efekt\u00f3w i mo\u017ce pochwali\u0107 si\u0119 o 5% wy\u017cszym wsp\u00f3\u0142czynnikiem wch\u0142aniania w por\u00f3wnaniu do Waklert, innego leku opartego na armodafinilu. Kup online w e-aptece bez recepty w niskiej cenie i otrzymaj produkt najwy\u017cszej jako\u015bci, opatrzony cenion\u0105 etykiet\u0105 U.S.P. na opakowaniu.    <\/p>\n<p>Zam\u00f3w teraz i skorzystaj z naszej najszybszej krajowej us\u0142ugi wysy\u0142ki do USA. Zakupy z wysy\u0142k\u0105 krajow\u0105 z USA do USA oferuj\u0105 szybk\u0105 dostaw\u0119. Nie musisz martwi\u0107 si\u0119 o kwestie celne! Twoje zam\u00f3wienie zawiera nawet bezp\u0142atne pr\u00f3bki pr\u00f3bne naszych <a href=\"https:\/\/buymodafinilonline.com\/smart-drugs-brands\/\">najlepiej sprzedaj\u0105cych si\u0119 &#8220;inteligentnych lek\u00f3w&#8221;.<\/a> Skorzystaj z naszych promocji e-drugstore, oszcz\u0119dno\u015bci i kod\u00f3w kupon\u00f3w, aby zmaksymalizowa\u0107 oszcz\u0119dno\u015bci. Z\u0142\u00f3\u017c zam\u00f3wienie ju\u017c dzi\u015b i sfinalizuj zakup za pomoc\u0105 karty kredytowej\/debetowej, PayPal lub Bitcoin, aby uzyska\u0107 imponuj\u0105c\u0105 zni\u017ck\u0119 w wysoko\u015bci 23%.     <\/p>\n","protected":false},"featured_media":461395,"comment_status":"closed","ping_status":"closed","template":"","meta":{"_acf_changed":false},"product_brand":[],"product_cat":[8920],"product_tag":[4046],"class_list":{"0":"post-480771","1":"product","2":"type-product","3":"status-publish","4":"has-post-thumbnail","6":"product_cat-us-domestic-shipping-pl","7":"product_tag-armodafinil-pl-2","9":"first","10":"instock","11":"sale","12":"shipping-taxable","13":"purchasable","14":"product-type-variable","15":"has-default-attributes"},"acf":[],"yoast_head":"<!-- This site is optimized with the Yoast SEO Premium plugin v23.6 (Yoast SEO v27.5) - https:\/\/yoast.com\/product\/yoast-seo-premium-wordpress\/ -->\n<title>Zam\u00f3w leki Strong ArmodaXL 250 MG za po\u015brednictwem USPS US Domestic Shipping - BuyModafinilOnline<\/title>\n<meta name=\"description\" content=\"Kup silne tabletki ArmodaXL 250 mg online z najszybsz\u0105 wysy\u0142k\u0105 nocn\u0105 za po\u015brednictwem krajowej poczty USPS i uzyskaj szybk\u0105 wysy\u0142k\u0119 w USA, kt\u00f3ra zajmuje 3-4 dni za po\u015brednictwem opcji bezpo\u015bredniej dostawy lokalnej. Ciesz si\u0119 20% ZNI\u017bK\u0104 na p\u0142atno\u015bci Bitcoin w aptece BuyModafinilOnline.\" \/>\n<meta name=\"robots\" content=\"index, follow, max-snippet:-1, max-image-preview:large, max-video-preview:-1\" \/>\n<link rel=\"canonical\" href=\"https:\/\/buymodafinilonline.com\/pl\/pigulki-madrosci\/extra-strength-armodaxl-250-mg-dostawa-krajowa-z-usa-usa-do-usa\/\" \/>\n<meta property=\"og:locale\" content=\"pl_PL\" \/>\n<meta property=\"og:type\" content=\"article\" \/>\n<meta property=\"og:title\" content=\"Extra Strength ArmodaXL 250 MG - Dostawa krajowa z USA (USA do USA)\" \/>\n<meta property=\"og:description\" content=\"Kup silne tabletki ArmodaXL 250 mg online z najszybsz\u0105 wysy\u0142k\u0105 nocn\u0105 za po\u015brednictwem krajowej poczty USPS i uzyskaj szybk\u0105 wysy\u0142k\u0119 w USA, kt\u00f3ra zajmuje 3-4 dni za po\u015brednictwem opcji bezpo\u015bredniej dostawy lokalnej. Ciesz si\u0119 20% ZNI\u017bK\u0104 na p\u0142atno\u015bci Bitcoin w aptece BuyModafinilOnline.\" \/>\n<meta property=\"og:url\" content=\"https:\/\/buymodafinilonline.com\/pl\/pigulki-madrosci\/extra-strength-armodaxl-250-mg-dostawa-krajowa-z-usa-usa-do-usa\/\" \/>\n<meta property=\"og:site_name\" content=\"BuyModafinilOnline.com\" \/>\n<meta property=\"article:modified_time\" content=\"2026-01-22T09:59:17+00:00\" \/>\n<meta property=\"og:image\" content=\"https:\/\/buymodafinilonline.com\/wp-content\/uploads\/2023\/09\/bmo-product-extra-strength-armodaxl-250-mg-usps.png\" \/>\n\t<meta property=\"og:image:width\" content=\"1280\" \/>\n\t<meta property=\"og:image:height\" content=\"1500\" \/>\n\t<meta property=\"og:image:type\" content=\"image\/png\" \/>\n<meta name=\"twitter:label1\" content=\"Szacowany czas czytania\" \/>\n\t<meta name=\"twitter:data1\" content=\"6 minut\" \/>\n<script type=\"application\/ld+json\" class=\"yoast-schema-graph\">{\"@context\":\"https:\\\/\\\/schema.org\",\"@graph\":[{\"@type\":\"WebPage\",\"@id\":\"https:\\\/\\\/buymodafinilonline.com\\\/pl\\\/pigulki-madrosci\\\/extra-strength-armodaxl-250-mg-dostawa-krajowa-z-usa-usa-do-usa\\\/\",\"url\":\"https:\\\/\\\/buymodafinilonline.com\\\/pl\\\/pigulki-madrosci\\\/extra-strength-armodaxl-250-mg-dostawa-krajowa-z-usa-usa-do-usa\\\/\",\"name\":\"Zam\u00f3w leki Strong ArmodaXL 250 MG za po\u015brednictwem USPS US Domestic Shipping - BuyModafinilOnline\",\"isPartOf\":{\"@id\":\"https:\\\/\\\/buymodafinilonline.com\\\/pl\\\/#website\"},\"primaryImageOfPage\":{\"@id\":\"https:\\\/\\\/buymodafinilonline.com\\\/pl\\\/pigulki-madrosci\\\/extra-strength-armodaxl-250-mg-dostawa-krajowa-z-usa-usa-do-usa\\\/#primaryimage\"},\"image\":{\"@id\":\"https:\\\/\\\/buymodafinilonline.com\\\/pl\\\/pigulki-madrosci\\\/extra-strength-armodaxl-250-mg-dostawa-krajowa-z-usa-usa-do-usa\\\/#primaryimage\"},\"thumbnailUrl\":\"https:\\\/\\\/buymodafinilonline.com\\\/wp-content\\\/uploads\\\/2023\\\/09\\\/bmo-product-extra-strength-armodaxl-250-mg-usps.png\",\"datePublished\":\"2023-09-26T03:27:13+00:00\",\"dateModified\":\"2026-01-22T09:59:17+00:00\",\"description\":\"Kup silne tabletki ArmodaXL 250 mg online z najszybsz\u0105 wysy\u0142k\u0105 nocn\u0105 za po\u015brednictwem krajowej poczty USPS i uzyskaj szybk\u0105 wysy\u0142k\u0119 w USA, kt\u00f3ra zajmuje 3-4 dni za po\u015brednictwem opcji bezpo\u015bredniej dostawy lokalnej. Ciesz si\u0119 20% ZNI\u017bK\u0104 na p\u0142atno\u015bci Bitcoin w aptece BuyModafinilOnline.\",\"breadcrumb\":{\"@id\":\"https:\\\/\\\/buymodafinilonline.com\\\/pl\\\/pigulki-madrosci\\\/extra-strength-armodaxl-250-mg-dostawa-krajowa-z-usa-usa-do-usa\\\/#breadcrumb\"},\"inLanguage\":\"pl-PL\",\"potentialAction\":[{\"@type\":\"ReadAction\",\"target\":[\"https:\\\/\\\/buymodafinilonline.com\\\/pl\\\/pigulki-madrosci\\\/extra-strength-armodaxl-250-mg-dostawa-krajowa-z-usa-usa-do-usa\\\/\"]}]},{\"@type\":\"ImageObject\",\"inLanguage\":\"pl-PL\",\"@id\":\"https:\\\/\\\/buymodafinilonline.com\\\/pl\\\/pigulki-madrosci\\\/extra-strength-armodaxl-250-mg-dostawa-krajowa-z-usa-usa-do-usa\\\/#primaryimage\",\"url\":\"https:\\\/\\\/buymodafinilonline.com\\\/wp-content\\\/uploads\\\/2023\\\/09\\\/bmo-product-extra-strength-armodaxl-250-mg-usps.png\",\"contentUrl\":\"https:\\\/\\\/buymodafinilonline.com\\\/wp-content\\\/uploads\\\/2023\\\/09\\\/bmo-product-extra-strength-armodaxl-250-mg-usps.png\",\"width\":1280,\"height\":1500,\"caption\":\"Extra Strength ArmodaXL 250 MG \u2013 US Domestic Delivery (USA to USA)\"},{\"@type\":\"BreadcrumbList\",\"@id\":\"https:\\\/\\\/buymodafinilonline.com\\\/pl\\\/pigulki-madrosci\\\/extra-strength-armodaxl-250-mg-dostawa-krajowa-z-usa-usa-do-usa\\\/#breadcrumb\",\"itemListElement\":[{\"@type\":\"ListItem\",\"position\":1,\"name\":\"Buy Modafinil Online\",\"item\":\"https:\\\/\\\/buymodafinilonline.com\\\/pl\\\/\"},{\"@type\":\"ListItem\",\"position\":2,\"name\":\"Sklep\",\"item\":\"https:\\\/\\\/buymodafinilonline.com\\\/pl\\\/sklep\\\/\"},{\"@type\":\"ListItem\",\"position\":3,\"name\":\"US Domestic Shipping\",\"item\":\"https:\\\/\\\/buymodafinilonline.com\\\/pl\\\/kategoria-produktow\\\/us-domestic-shipping-pl\\\/\"},{\"@type\":\"ListItem\",\"position\":4,\"name\":\"Extra Strength ArmodaXL 250 MG &#8211; Dostawa krajowa z USA (USA do USA)\"}]},{\"@type\":\"WebSite\",\"@id\":\"https:\\\/\\\/buymodafinilonline.com\\\/pl\\\/#website\",\"url\":\"https:\\\/\\\/buymodafinilonline.com\\\/pl\\\/\",\"name\":\"BuyModafinilOnline.com\",\"description\":\"Modafinil Online Pharmacy\",\"publisher\":{\"@id\":\"https:\\\/\\\/buymodafinilonline.com\\\/pl\\\/#organization\"},\"potentialAction\":[{\"@type\":\"SearchAction\",\"target\":{\"@type\":\"EntryPoint\",\"urlTemplate\":\"https:\\\/\\\/buymodafinilonline.com\\\/pl\\\/?s={search_term_string}\"},\"query-input\":{\"@type\":\"PropertyValueSpecification\",\"valueRequired\":true,\"valueName\":\"search_term_string\"}}],\"inLanguage\":\"pl-PL\"},{\"@type\":\"Organization\",\"@id\":\"https:\\\/\\\/buymodafinilonline.com\\\/pl\\\/#organization\",\"name\":\"BuyModafinilOnline\",\"url\":\"https:\\\/\\\/buymodafinilonline.com\\\/pl\\\/\",\"logo\":{\"@type\":\"ImageObject\",\"inLanguage\":\"pl-PL\",\"@id\":\"https:\\\/\\\/buymodafinilonline.com\\\/pl\\\/#\\\/schema\\\/logo\\\/image\\\/\",\"url\":\"https:\\\/\\\/buymodafinilonline.com\\\/wp-content\\\/uploads\\\/2020\\\/04\\\/logo-buy-modafinil-online-yellow.png\",\"contentUrl\":\"https:\\\/\\\/buymodafinilonline.com\\\/wp-content\\\/uploads\\\/2020\\\/04\\\/logo-buy-modafinil-online-yellow.png\",\"width\":200,\"height\":200,\"caption\":\"BuyModafinilOnline\"},\"image\":{\"@id\":\"https:\\\/\\\/buymodafinilonline.com\\\/pl\\\/#\\\/schema\\\/logo\\\/image\\\/\"}}]}<\/script>\n<!-- \/ Yoast SEO Premium plugin. -->","yoast_head_json":{"title":"Zam\u00f3w leki Strong ArmodaXL 250 MG za po\u015brednictwem USPS US Domestic Shipping - BuyModafinilOnline","description":"Kup silne tabletki ArmodaXL 250 mg online z najszybsz\u0105 wysy\u0142k\u0105 nocn\u0105 za po\u015brednictwem krajowej poczty USPS i uzyskaj szybk\u0105 wysy\u0142k\u0119 w USA, kt\u00f3ra zajmuje 3-4 dni za po\u015brednictwem opcji bezpo\u015bredniej dostawy lokalnej. Ciesz si\u0119 20% ZNI\u017bK\u0104 na p\u0142atno\u015bci Bitcoin w aptece BuyModafinilOnline.","robots":{"index":"index","follow":"follow","max-snippet":"max-snippet:-1","max-image-preview":"max-image-preview:large","max-video-preview":"max-video-preview:-1"},"canonical":"https:\/\/buymodafinilonline.com\/pl\/pigulki-madrosci\/extra-strength-armodaxl-250-mg-dostawa-krajowa-z-usa-usa-do-usa\/","og_locale":"pl_PL","og_type":"article","og_title":"Extra Strength ArmodaXL 250 MG - Dostawa krajowa z USA (USA do USA)","og_description":"Kup silne tabletki ArmodaXL 250 mg online z najszybsz\u0105 wysy\u0142k\u0105 nocn\u0105 za po\u015brednictwem krajowej poczty USPS i uzyskaj szybk\u0105 wysy\u0142k\u0119 w USA, kt\u00f3ra zajmuje 3-4 dni za po\u015brednictwem opcji bezpo\u015bredniej dostawy lokalnej. Ciesz si\u0119 20% ZNI\u017bK\u0104 na p\u0142atno\u015bci Bitcoin w aptece BuyModafinilOnline.","og_url":"https:\/\/buymodafinilonline.com\/pl\/pigulki-madrosci\/extra-strength-armodaxl-250-mg-dostawa-krajowa-z-usa-usa-do-usa\/","og_site_name":"BuyModafinilOnline.com","article_modified_time":"2026-01-22T09:59:17+00:00","og_image":[{"width":1280,"height":1500,"url":"https:\/\/buymodafinilonline.com\/wp-content\/uploads\/2023\/09\/bmo-product-extra-strength-armodaxl-250-mg-usps.png","type":"image\/png"}],"twitter_misc":{"Szacowany czas czytania":"6 minut"},"schema":{"@context":"https:\/\/schema.org","@graph":[{"@type":"WebPage","@id":"https:\/\/buymodafinilonline.com\/pl\/pigulki-madrosci\/extra-strength-armodaxl-250-mg-dostawa-krajowa-z-usa-usa-do-usa\/","url":"https:\/\/buymodafinilonline.com\/pl\/pigulki-madrosci\/extra-strength-armodaxl-250-mg-dostawa-krajowa-z-usa-usa-do-usa\/","name":"Zam\u00f3w leki Strong ArmodaXL 250 MG za po\u015brednictwem USPS US Domestic Shipping - BuyModafinilOnline","isPartOf":{"@id":"https:\/\/buymodafinilonline.com\/pl\/#website"},"primaryImageOfPage":{"@id":"https:\/\/buymodafinilonline.com\/pl\/pigulki-madrosci\/extra-strength-armodaxl-250-mg-dostawa-krajowa-z-usa-usa-do-usa\/#primaryimage"},"image":{"@id":"https:\/\/buymodafinilonline.com\/pl\/pigulki-madrosci\/extra-strength-armodaxl-250-mg-dostawa-krajowa-z-usa-usa-do-usa\/#primaryimage"},"thumbnailUrl":"https:\/\/buymodafinilonline.com\/wp-content\/uploads\/2023\/09\/bmo-product-extra-strength-armodaxl-250-mg-usps.png","datePublished":"2023-09-26T03:27:13+00:00","dateModified":"2026-01-22T09:59:17+00:00","description":"Kup silne tabletki ArmodaXL 250 mg online z najszybsz\u0105 wysy\u0142k\u0105 nocn\u0105 za po\u015brednictwem krajowej poczty USPS i uzyskaj szybk\u0105 wysy\u0142k\u0119 w USA, kt\u00f3ra zajmuje 3-4 dni za po\u015brednictwem opcji bezpo\u015bredniej dostawy lokalnej. Ciesz si\u0119 20% ZNI\u017bK\u0104 na p\u0142atno\u015bci Bitcoin w aptece BuyModafinilOnline.","breadcrumb":{"@id":"https:\/\/buymodafinilonline.com\/pl\/pigulki-madrosci\/extra-strength-armodaxl-250-mg-dostawa-krajowa-z-usa-usa-do-usa\/#breadcrumb"},"inLanguage":"pl-PL","potentialAction":[{"@type":"ReadAction","target":["https:\/\/buymodafinilonline.com\/pl\/pigulki-madrosci\/extra-strength-armodaxl-250-mg-dostawa-krajowa-z-usa-usa-do-usa\/"]}]},{"@type":"ImageObject","inLanguage":"pl-PL","@id":"https:\/\/buymodafinilonline.com\/pl\/pigulki-madrosci\/extra-strength-armodaxl-250-mg-dostawa-krajowa-z-usa-usa-do-usa\/#primaryimage","url":"https:\/\/buymodafinilonline.com\/wp-content\/uploads\/2023\/09\/bmo-product-extra-strength-armodaxl-250-mg-usps.png","contentUrl":"https:\/\/buymodafinilonline.com\/wp-content\/uploads\/2023\/09\/bmo-product-extra-strength-armodaxl-250-mg-usps.png","width":1280,"height":1500,"caption":"Extra Strength ArmodaXL 250 MG \u2013 US Domestic Delivery (USA to USA)"},{"@type":"BreadcrumbList","@id":"https:\/\/buymodafinilonline.com\/pl\/pigulki-madrosci\/extra-strength-armodaxl-250-mg-dostawa-krajowa-z-usa-usa-do-usa\/#breadcrumb","itemListElement":[{"@type":"ListItem","position":1,"name":"Buy Modafinil Online","item":"https:\/\/buymodafinilonline.com\/pl\/"},{"@type":"ListItem","position":2,"name":"Sklep","item":"https:\/\/buymodafinilonline.com\/pl\/sklep\/"},{"@type":"ListItem","position":3,"name":"US Domestic Shipping","item":"https:\/\/buymodafinilonline.com\/pl\/kategoria-produktow\/us-domestic-shipping-pl\/"},{"@type":"ListItem","position":4,"name":"Extra Strength ArmodaXL 250 MG &#8211; Dostawa krajowa z USA (USA do USA)"}]},{"@type":"WebSite","@id":"https:\/\/buymodafinilonline.com\/pl\/#website","url":"https:\/\/buymodafinilonline.com\/pl\/","name":"BuyModafinilOnline.com","description":"Modafinil Online Pharmacy","publisher":{"@id":"https:\/\/buymodafinilonline.com\/pl\/#organization"},"potentialAction":[{"@type":"SearchAction","target":{"@type":"EntryPoint","urlTemplate":"https:\/\/buymodafinilonline.com\/pl\/?s={search_term_string}"},"query-input":{"@type":"PropertyValueSpecification","valueRequired":true,"valueName":"search_term_string"}}],"inLanguage":"pl-PL"},{"@type":"Organization","@id":"https:\/\/buymodafinilonline.com\/pl\/#organization","name":"BuyModafinilOnline","url":"https:\/\/buymodafinilonline.com\/pl\/","logo":{"@type":"ImageObject","inLanguage":"pl-PL","@id":"https:\/\/buymodafinilonline.com\/pl\/#\/schema\/logo\/image\/","url":"https:\/\/buymodafinilonline.com\/wp-content\/uploads\/2020\/04\/logo-buy-modafinil-online-yellow.png","contentUrl":"https:\/\/buymodafinilonline.com\/wp-content\/uploads\/2020\/04\/logo-buy-modafinil-online-yellow.png","width":200,"height":200,"caption":"BuyModafinilOnline"},"image":{"@id":"https:\/\/buymodafinilonline.com\/pl\/#\/schema\/logo\/image\/"}}]}},"_links":{"self":[{"href":"https:\/\/buymodafinilonline.com\/pl\/wp-json\/wp\/v2\/product\/480771","targetHints":{"allow":["GET"]}}],"collection":[{"href":"https:\/\/buymodafinilonline.com\/pl\/wp-json\/wp\/v2\/product"}],"about":[{"href":"https:\/\/buymodafinilonline.com\/pl\/wp-json\/wp\/v2\/types\/product"}],"replies":[{"embeddable":true,"href":"https:\/\/buymodafinilonline.com\/pl\/wp-json\/wp\/v2\/comments?post=480771"}],"wp:featuredmedia":[{"embeddable":true,"href":"https:\/\/buymodafinilonline.com\/pl\/wp-json\/wp\/v2\/media\/461395"}],"wp:attachment":[{"href":"https:\/\/buymodafinilonline.com\/pl\/wp-json\/wp\/v2\/media?parent=480771"}],"wp:term":[{"taxonomy":"product_brand","embeddable":true,"href":"https:\/\/buymodafinilonline.com\/pl\/wp-json\/wp\/v2\/product_brand?post=480771"},{"taxonomy":"product_cat","embeddable":true,"href":"https:\/\/buymodafinilonline.com\/pl\/wp-json\/wp\/v2\/product_cat?post=480771"},{"taxonomy":"product_tag","embeddable":true,"href":"https:\/\/buymodafinilonline.com\/pl\/wp-json\/wp\/v2\/product_tag?post=480771"}],"curies":[{"name":"wp","href":"https:\/\/api.w.org\/{rel}","templated":true}]}}