{"id":480781,"date":"2023-09-26T04:27:16","date_gmt":"2023-09-26T03:27:16","guid":{"rendered":"https:\/\/buymodafinilonline.com\/smart-drugs\/extra-strength-modaxl-300-mg-dostawa-krajowa-z-usa-usa-do-usa\/"},"modified":"2026-01-22T10:58:58","modified_gmt":"2026-01-22T09:58:58","slug":"extra-strength-modaxl-300-mg-dostawa-krajowa-z-usa-usa-do-usa","status":"publish","type":"product","link":"https:\/\/buymodafinilonline.com\/pl\/pigulki-madrosci\/extra-strength-modaxl-300-mg-dostawa-krajowa-z-usa-usa-do-usa\/","title":{"rendered":"Extra Strength ModaXL 300 MG &#8211; Dostawa krajowa z USA (USA do USA)"},"content":{"rendered":"[vc_column width=&#8221;1\/2&#8243;]\n<h2>Co to jest Strong ModaXL 300 MG?<\/h2>\n<p>Strong ModaXL 300 mg to nowy gracz w \u015bwiecie nootrop\u00f3w, kt\u00f3ry robi furor\u0119 ze wszystkich w\u0142a\u015bciwych powod\u00f3w. Zawiera 300 mg czystego modafinilu i zosta\u0142 zaprojektowany, aby pom\u00f3c ci pozosta\u0107 przytomnym i czujnym. Podobnie jak jego dobrze znany odpowiednik, Provigil, lek ten posiada oficjalne zezwolenie Agencji \u017bywno\u015bci i Lek\u00f3w (FDA) na zwalczanie trzech powszechnych zaburze\u0144 snu: narkolepsji, obturacyjnego bezdechu sennego (OSA) i zaburze\u0144 snu zwi\u0105zanych z prac\u0105 zmianow\u0105 (SWSD).  <\/p>\n<p>Silny ModaXL nie ogranicza si\u0119 tylko do problem\u00f3w ze snem. Ludzie cz\u0119sto u\u017cywaj\u0105 go &#8220;off-label&#8221;, aby do\u0142adowa\u0107 sw\u00f3j m\u00f3zg. Pomy\u015bl o nim jak o turbodo\u0142adowaniu dla twojego umys\u0142u. Jego w\u0142a\u015bciwo\u015bci kognitywne s\u0105 podobne do tych, kt\u00f3re oferuje Provigil, w tym:   <\/p>\n<ul>\n<li>ponad 12 godzin laserowego skupienia;<\/li>\n<li>szybsze przetwarzanie umys\u0142owe, aby z \u0142atwo\u015bci\u0105 radzi\u0107 sobie z zadaniami;<\/li>\n<li>Zwi\u0119kszona czujno\u015b\u0107, aby pozosta\u0107 na szczycie swojej gry;<\/li>\n<li>wzmocnienie pami\u0119ci dla lepszego przypominania;<\/li>\n<li>Zwi\u0119kszona koncentracja, kt\u00f3ra pomaga skupi\u0107 si\u0119 na tym, co wa\u017cne;<\/li>\n<li>Zwi\u0119kszona motywacja i energia;<\/li>\n<li>zwi\u0119kszone umiej\u0119tno\u015bci podejmowania decyzji i planowania.<\/li>\n<\/ul>\n<p>Oto prawdziwa niespodzianka. Strong ModaXL ma dwie unikalne zalety, kt\u00f3re odr\u00f3\u017cniaj\u0105 go od innych generycznych wersji, takich jak Modavinil, Modalert i Modaheal. Po pierwsze, charakteryzuje si\u0119 o 5% lepszym wsp\u00f3\u0142czynnikiem wch\u0142aniania, co oznacza, \u017ce dzia\u0142a szybciej. Po drugie, jego szczytowy efekt jest a\u017c o 30% silniejszy ni\u017c w przypadku tych popularnych wersji. Rzeczywi\u015bcie, lek ten pozostaje wierny w\u0142a\u015bciwo\u015bciom Provigilu. Jest bezpieczny, dobrze tolerowany i niesie ze sob\u0105 niskie ryzyko uzale\u017cnienia. Aby uzyska\u0107 najlepsze wyniki, warto porozmawia\u0107 z lekarzem przed za\u017cyciem leku. Jego wskaz\u00f3wki zapewni\u0105 maksymalne wykorzystanie tego pot\u0119\u017cnego narz\u0119dzia zwi\u0119kszaj\u0105cego moc m\u00f3zgu, czujno\u015b\u0107 i produktywno\u015b\u0107.       <\/p>\n<h2>Bezpieczne dawkowanie i w\u0142a\u015bciwe stosowanie<\/h2>\n<p>Strong ModaXL s\u0142u\u017cy r\u00f3\u017cnym celom zdrowotnym. W zwi\u0105zku z tym dawkowanie i czas przyjmowania leku mog\u0105 mie\u0107 znaczny wp\u0142yw na wyniki leczenia, w zale\u017cno\u015bci od konkretnego schorzenia. Standardowa dawka wynosi 200 mg, ale wa\u017cne jest, aby pami\u0119ta\u0107, \u017ce lekarz mo\u017ce zaleci\u0107 ni\u017csz\u0105 lub wy\u017csz\u0105 moc w zale\u017cno\u015bci od wra\u017cliwo\u015bci i tolerancji leku.  <\/p>\n<p>W przypadku os\u00f3b stosuj\u0105cych ModaXL 300mg w leczeniu narkolepsji lub bezdechu sennego, zaleca si\u0119 przyjmowanie jednej tabletki rano, tak wcze\u015bnie jak to mo\u017cliwe. Tabletk\u0119 nale\u017cy po\u0142kn\u0105\u0107 w ca\u0142o\u015bci, popijaj\u0105c du\u017c\u0105 ilo\u015bci\u0105 wody; nie nale\u017cy jej kruszy\u0107, wci\u0105ga\u0107 ani rozpuszcza\u0107 w wodzie. Nale\u017cy pami\u0119ta\u0107, \u017ce przyjmowanie leku p\u00f3\u017aniej w ci\u0105gu dnia mo\u017ce zak\u0142\u00f3ca\u0107 zdolno\u015b\u0107 do spania w nocy, poniewa\u017c jego dzia\u0142anie zwykle trwa d\u0142u\u017cej ni\u017c 12 godzin.  <\/p>\n<p>W przypadku stosowania tego leku w celu zarz\u0105dzania SWSD, idealnym momentem jest przyj\u0119cie jednej tabletki ok. na godzin\u0119 przed rozpocz\u0119ciem zmiany. Przed rozpocz\u0119ciem leczenia Strong ModaXL lub jakimkolwiek innym lekiem zawieraj\u0105cym modafinil, zdecydowanie zaleca si\u0119 skonsultowanie si\u0119 z lekarzem. Jego wskaz\u00f3wki zapewni\u0105 bezpieczne i skuteczne stosowanie leku przy jednoczesnym zminimalizowaniu potencjalnego ryzyka. <\/p>\n<h2>Mo\u017cliwe dzia\u0142ania niepo\u017c\u0105dane<\/h2>\n<p>Silny ModaXL oferuje bezpieczne i skuteczne rozwi\u0105zanie dla wielu os\u00f3b, cho\u0107 wa\u017cne jest, aby by\u0107 \u015bwiadomym potencjalnych skutk\u00f3w ubocznych. Podczas gdy wi\u0119kszo\u015b\u0107 u\u017cytkownik\u00f3w do\u015bwiadcza jedynie \u0142agodnych i tymczasowych efekt\u00f3w, takich jak rozstr\u00f3j \u017co\u0142\u0105dka, katar, b\u00f3le g\u0142owy, nudno\u015bci lub zawroty g\u0142owy, wa\u017cne jest, aby by\u0107 na bie\u017c\u0105co.<\/p>\n[\/vc_column][vc_column width=&#8221;1\/2&#8243;]\n<p>W rzadkich przypadkach niew\u0142a\u015bciwego u\u017cycia (przedawkowania) lub nadwra\u017cliwo\u015bci mog\u0105 pojawi\u0107 si\u0119 powa\u017cniejsze skutki uboczne, w tym depresja, gor\u0105czka, b\u00f3le plec\u00f3w, bezsenno\u015b\u0107, niepok\u00f3j, trudno\u015bci w oddychaniu lub halucynacje. Chocia\u017c takie przypadki s\u0105 rzadkie, wa\u017cne jest, aby traktowa\u0107 je powa\u017cnie. <\/p>\n<p>Je\u015bli kiedykolwiek wyst\u0105pi kt\u00f3rykolwiek z tych powa\u017cnych negatywnych skutk\u00f3w, nale\u017cy natychmiast zwr\u00f3ci\u0107 si\u0119 o pomoc lekarsk\u0105. Szybkie dzia\u0142anie mo\u017ce mie\u0107 znacz\u0105cy wp\u0142yw na zapewnienie dobrego samopoczucia. <\/p>\n<h2>Przeciwwskazania i \u015brodki ostro\u017cno\u015bci<\/h2>\n<p>Wa\u017cne jest, aby zachowa\u0107 ostro\u017cno\u015b\u0107 w odniesieniu do substancji spo\u017cywanych podczas stosowania ModaXL, aby zapobiec potencjalnym powik\u0142aniom. Interakcje mi\u0119dzy lekami, suplementami lub zio\u0142ami mog\u0105 wp\u0142ywa\u0107 na ich skuteczno\u015b\u0107 i prowadzi\u0107 do niepo\u017c\u0105danych skutk\u00f3w ubocznych. <\/p>\n<p>Podczas przyjmowania leku Strong ModaXL lub innych lek\u00f3w na bazie modafinilu nale\u017cy unika\u0107 niekt\u00f3rych lek\u00f3w, w tym:<\/p>\n<ul>\n<li>Klopidogrel;<\/li>\n<li>Leki przeciwgrzybicze, takie jak ketokonazol (Nizoral) lub itrakonazol (Sporanox);<\/li>\n<li>Deflazacort;<\/li>\n<li>Rifampin\/Rifadin;<\/li>\n<li>Narkotyki uliczne, takie jak metamfetamina (poppers);<\/li>\n<li>Bosutynib;<\/li>\n<li>\u015arodki uspokajaj\u0105ce, takie jak triazolam (Halcion), diazepam (Valium) lub midazolam (Versed).<\/li>\n<\/ul>\n<p>Interakcje lekowe nie ograniczaj\u0105 si\u0119 tylko do lek\u00f3w; niekt\u00f3re pokarmy i napoje mog\u0105 r\u00f3wnie\u017c wchodzi\u0107 w interakcje z ModaXL. Na przyk\u0142ad spo\u017cywanie alkoholu podczas przyjmowania tego leku mo\u017ce zwi\u0119kszy\u0107 ryzyko wyst\u0105pienia dzia\u0142a\u0144 niepo\u017c\u0105danych, a nawet spowodowa\u0107 utrat\u0119 przytomno\u015bci. Ponadto pokarmy bogate w t\u0142uszcze mog\u0105 op\u00f3\u017ania\u0107 pocz\u0105tek dzia\u0142ania leku.  <\/p>\n<p>W celu uzyskania bardziej szczeg\u00f3\u0142owej listy substancji, kt\u00f3rych nale\u017cy unika\u0107 podczas stosowania leku Strong ModaXL, nale\u017cy zapozna\u0107 si\u0119 z ulotk\u0105 dla pacjenta b\u0105d\u017a skontaktowa\u0107 si\u0119 z lekarzem. Lekarz mo\u017ce udzieli\u0107 spersonalizowanych wskaz\u00f3wek w celu zapewnienia bezpiecze\u0144stwa podczas przyjmowania tego leku. <\/p>\n<h2>Kup Strong ModaXL 300mg (Modafinil) z szybk\u0105 wysy\u0142k\u0105 w USA<\/h2>\n<p>Jako <a href=\"https:\/\/buymodafinilonline.com\/pl\/\">BuyModafinilOnline<\/a> jeste\u015bmy dumni z oferowania konkurencyjnych cen za <a href=\"https:\/\/buymodafinilonline.com\/smart-drugs-brands\/\">najwy\u017cszej jako\u015bci tabletki<\/a>, a korzy\u015bci p\u0142yn\u0105ce z naszego wyboru z pewno\u015bci\u0105 sprawi\u0105, \u017ce zakup b\u0119dzie op\u0142acalny.<\/p>\n<p>Wyci\u0105gamy r\u0119k\u0119 z bezp\u0142atn\u0105 wysy\u0142k\u0105 do wi\u0119kszo\u015bci zak\u0105tk\u00f3w \u015bwiata przy zam\u00f3wieniach ponad 100 tabletek, pochodz\u0105cych od zaufanych producent\u00f3w w Indiach. Nasze zaanga\u017cowanie w zadowolenie klient\u00f3w jest widoczne dzi\u0119ki 100% gwarancji zwrotu pieni\u0119dzy. Oznacza to, \u017ce w rzadkich przypadkach zagubienia lub uszkodzenia dostawy mo\u017cesz ubiega\u0107 si\u0119 o pe\u0142ny zwrot pieni\u0119dzy bez zadawania pyta\u0144 lub szybko prze\u015blemy Twoje zam\u00f3wienie.  <\/p>\n<p>Je\u015bli chodzi o dostaw\u0119, priorytetem jest dla nas wydajno\u015b\u0107 i szybko\u015b\u0107. W\u0142a\u015bnie dlatego oferujemy krajow\u0105 wysy\u0142k\u0119 z USA do USA dla klient\u00f3w z USA. Nasza <a href=\"https:\/\/buymodafinilonline.com\/us-domestic-delivery\/\">dostawa krajowa<\/a> w USA, obs\u0142ugiwana przez USPS, trwa zaledwie 3-4 dni. Mo\u017cesz by\u0107 szcz\u0119\u015bliwym kupuj\u0105cym, kt\u00f3ry otrzyma najszybsz\u0105 dostaw\u0119 z dnia na dzie\u0144 lub dostaw\u0119 nast\u0119pnego dnia w USA. Dzi\u0119ki tej opcji wysy\u0142ki nie ma \u017cadnych problem\u00f3w celnych. Zap\u0142a\u0107 za pomoc\u0105 PayPal, kryptowaluty (23% zni\u017cki) lub wszystkich g\u0142\u00f3wnych kart debetowych.<\/p>\n[\/vc_column]\n","protected":false},"excerpt":{"rendered":"<p>Strong ModaXL 300 mg to ulepszona generyczna wersja <a href=\"https:\/\/buymodafinilonline.com\/smart-drugs\/generic-provigil\/\">Provigilu<\/a>, zawieraj\u0105ca 100% czystego modafinilu jako sk\u0142adnika aktywnego. Ten najwy\u017cszej klasy lek zosta\u0142 skrupulatnie opracowany przez HOF Pharmaceuticals, renomowan\u0105 firm\u0119 farmaceutyczn\u0105 z siedzib\u0105 w Indiach. Leczy on nadmiern\u0105 senno\u015b\u0107 w ci\u0105gu dnia, a tak\u017ce poprawia funkcje poznawcze. To, co wyr\u00f3\u017cnia ten lek, to jego wyj\u0105tkowa szybko\u015b\u0107 wch\u0142aniania, przewy\u017cszaj\u0105ca wi\u0119kszo\u015b\u0107 innych lek\u00f3w generycznych o 5%. Przek\u0142ada si\u0119 to na 30% silniejszy efekt szczytowy. Oferujemy r\u00f3wnie\u017c szereg najta\u0144szych alternatyw o identycznych korzy\u015bciach. Poznaj mi\u0119dzy innymi opcje takie jak ModaXL 100 mg paski doustne.      <\/p>\n<p>Nasze produkty s\u0105 autentyczne, o czym \u015bwiadczy dumnie noszona przez nie etykieta USP. Zam\u00f3wienia przekraczaj\u0105ce 100 tabletek kwalifikuj\u0105 si\u0119 do bezp\u0142atnej, ultraszybkiej dostawy prosto do domu. Ten produkt kwalifikuje si\u0119 do krajowej wysy\u0142ki do USA bez problem\u00f3w celnych. Dostawy wysy\u0142ane z naszego magazynu w USA na adresy w USA s\u0105 szybkie i zazwyczaj trwaj\u0105 3-4 dni. Kupuj online ju\u017c dzi\u015b po niskiej cenie bez recepty i korzystaj z naszych <a href=\"https:\/\/buymodafinilonline.com\/coupons-deals-promo-codes\/\">kod\u00f3w kupon\u00f3w<\/a>, aby jeszcze bardziej obni\u017cy\u0107 cen\u0119 zam\u00f3wienia.    <\/p>\n","protected":false},"featured_media":462052,"comment_status":"closed","ping_status":"closed","template":"","meta":{"_acf_changed":false},"product_brand":[],"product_cat":[8920],"product_tag":[4051],"class_list":{"0":"post-480781","1":"product","2":"type-product","3":"status-publish","4":"has-post-thumbnail","6":"product_cat-us-domestic-shipping-pl","7":"product_tag-modafinil-pl","9":"first","10":"instock","11":"sale","12":"shipping-taxable","13":"purchasable","14":"product-type-variable","15":"has-default-attributes"},"acf":[],"yoast_head":"<!-- This site is optimized with the Yoast SEO Premium plugin v23.6 (Yoast SEO v27.3) - https:\/\/yoast.com\/product\/yoast-seo-premium-wordpress\/ -->\n<title>Zam\u00f3w silne tabletki ModaXL 300 MG za po\u015brednictwem USPS Overnight Domestic Shipping - BuyModafinilOnline<\/title>\n<meta name=\"description\" content=\"Kupuj silne leki ModaXL 300 mg online z najszybsz\u0105 wysy\u0142k\u0105 nocn\u0105 za po\u015brednictwem krajowej poczty USPS i uzyskaj szybk\u0105 wysy\u0142k\u0119 w USA, kt\u00f3ra zajmuje 3-4 dni za po\u015brednictwem opcji bezpo\u015bredniej dostawy lokalnej. Ciesz si\u0119 du\u017cymi rabatami za p\u0142atno\u015b\u0107 Bitcoin w aptece BuyModafinilOnline ju\u017c teraz!\" \/>\n<meta name=\"robots\" content=\"index, follow, max-snippet:-1, max-image-preview:large, max-video-preview:-1\" \/>\n<link rel=\"canonical\" href=\"https:\/\/buymodafinilonline.com\/pl\/pigulki-madrosci\/extra-strength-modaxl-300-mg-dostawa-krajowa-z-usa-usa-do-usa\/\" \/>\n<meta property=\"og:locale\" content=\"pl_PL\" \/>\n<meta property=\"og:type\" content=\"article\" \/>\n<meta property=\"og:title\" content=\"Extra Strength ModaXL 300 MG - Dostawa krajowa z USA (USA do USA)\" \/>\n<meta property=\"og:description\" content=\"Kupuj silne leki ModaXL 300 mg online z najszybsz\u0105 wysy\u0142k\u0105 nocn\u0105 za po\u015brednictwem krajowej poczty USPS i uzyskaj szybk\u0105 wysy\u0142k\u0119 w USA, kt\u00f3ra zajmuje 3-4 dni za po\u015brednictwem opcji bezpo\u015bredniej dostawy lokalnej. Ciesz si\u0119 du\u017cymi rabatami za p\u0142atno\u015b\u0107 Bitcoin w aptece BuyModafinilOnline ju\u017c teraz!\" \/>\n<meta property=\"og:url\" content=\"https:\/\/buymodafinilonline.com\/pl\/pigulki-madrosci\/extra-strength-modaxl-300-mg-dostawa-krajowa-z-usa-usa-do-usa\/\" \/>\n<meta property=\"og:site_name\" content=\"BuyModafinilOnline.com\" \/>\n<meta property=\"article:modified_time\" content=\"2026-01-22T09:58:58+00:00\" \/>\n<meta property=\"og:image\" content=\"https:\/\/buymodafinilonline.com\/wp-content\/uploads\/2023\/09\/bmo-product-extra-strength-modaxl-300-mg-usps.png\" \/>\n\t<meta property=\"og:image:width\" content=\"1280\" \/>\n\t<meta property=\"og:image:height\" content=\"1500\" \/>\n\t<meta property=\"og:image:type\" content=\"image\/png\" \/>\n<meta name=\"twitter:label1\" content=\"Szacowany czas czytania\" \/>\n\t<meta name=\"twitter:data1\" content=\"6 minut\" \/>\n<script type=\"application\/ld+json\" class=\"yoast-schema-graph\">{\"@context\":\"https:\\\/\\\/schema.org\",\"@graph\":[{\"@type\":\"WebPage\",\"@id\":\"https:\\\/\\\/buymodafinilonline.com\\\/pl\\\/pigulki-madrosci\\\/extra-strength-modaxl-300-mg-dostawa-krajowa-z-usa-usa-do-usa\\\/\",\"url\":\"https:\\\/\\\/buymodafinilonline.com\\\/pl\\\/pigulki-madrosci\\\/extra-strength-modaxl-300-mg-dostawa-krajowa-z-usa-usa-do-usa\\\/\",\"name\":\"Zam\u00f3w silne tabletki ModaXL 300 MG za po\u015brednictwem USPS Overnight Domestic Shipping - BuyModafinilOnline\",\"isPartOf\":{\"@id\":\"https:\\\/\\\/buymodafinilonline.com\\\/pl\\\/#website\"},\"primaryImageOfPage\":{\"@id\":\"https:\\\/\\\/buymodafinilonline.com\\\/pl\\\/pigulki-madrosci\\\/extra-strength-modaxl-300-mg-dostawa-krajowa-z-usa-usa-do-usa\\\/#primaryimage\"},\"image\":{\"@id\":\"https:\\\/\\\/buymodafinilonline.com\\\/pl\\\/pigulki-madrosci\\\/extra-strength-modaxl-300-mg-dostawa-krajowa-z-usa-usa-do-usa\\\/#primaryimage\"},\"thumbnailUrl\":\"https:\\\/\\\/buymodafinilonline.com\\\/wp-content\\\/uploads\\\/2023\\\/09\\\/bmo-product-extra-strength-modaxl-300-mg-usps.png\",\"datePublished\":\"2023-09-26T03:27:16+00:00\",\"dateModified\":\"2026-01-22T09:58:58+00:00\",\"description\":\"Kupuj silne leki ModaXL 300 mg online z najszybsz\u0105 wysy\u0142k\u0105 nocn\u0105 za po\u015brednictwem krajowej poczty USPS i uzyskaj szybk\u0105 wysy\u0142k\u0119 w USA, kt\u00f3ra zajmuje 3-4 dni za po\u015brednictwem opcji bezpo\u015bredniej dostawy lokalnej. Ciesz si\u0119 du\u017cymi rabatami za p\u0142atno\u015b\u0107 Bitcoin w aptece BuyModafinilOnline ju\u017c teraz!\",\"breadcrumb\":{\"@id\":\"https:\\\/\\\/buymodafinilonline.com\\\/pl\\\/pigulki-madrosci\\\/extra-strength-modaxl-300-mg-dostawa-krajowa-z-usa-usa-do-usa\\\/#breadcrumb\"},\"inLanguage\":\"pl-PL\",\"potentialAction\":[{\"@type\":\"ReadAction\",\"target\":[\"https:\\\/\\\/buymodafinilonline.com\\\/pl\\\/pigulki-madrosci\\\/extra-strength-modaxl-300-mg-dostawa-krajowa-z-usa-usa-do-usa\\\/\"]}]},{\"@type\":\"ImageObject\",\"inLanguage\":\"pl-PL\",\"@id\":\"https:\\\/\\\/buymodafinilonline.com\\\/pl\\\/pigulki-madrosci\\\/extra-strength-modaxl-300-mg-dostawa-krajowa-z-usa-usa-do-usa\\\/#primaryimage\",\"url\":\"https:\\\/\\\/buymodafinilonline.com\\\/wp-content\\\/uploads\\\/2023\\\/09\\\/bmo-product-extra-strength-modaxl-300-mg-usps.png\",\"contentUrl\":\"https:\\\/\\\/buymodafinilonline.com\\\/wp-content\\\/uploads\\\/2023\\\/09\\\/bmo-product-extra-strength-modaxl-300-mg-usps.png\",\"width\":1280,\"height\":1500,\"caption\":\"Extra Strength ModaXL 300 MG \u2013 US Domestic Delivery (USA to USA)\"},{\"@type\":\"BreadcrumbList\",\"@id\":\"https:\\\/\\\/buymodafinilonline.com\\\/pl\\\/pigulki-madrosci\\\/extra-strength-modaxl-300-mg-dostawa-krajowa-z-usa-usa-do-usa\\\/#breadcrumb\",\"itemListElement\":[{\"@type\":\"ListItem\",\"position\":1,\"name\":\"Buy Modafinil Online\",\"item\":\"https:\\\/\\\/buymodafinilonline.com\\\/pl\\\/\"},{\"@type\":\"ListItem\",\"position\":2,\"name\":\"Sklep\",\"item\":\"https:\\\/\\\/buymodafinilonline.com\\\/pl\\\/sklep\\\/\"},{\"@type\":\"ListItem\",\"position\":3,\"name\":\"US Domestic Shipping\",\"item\":\"https:\\\/\\\/buymodafinilonline.com\\\/pl\\\/kategoria-produktow\\\/us-domestic-shipping-pl\\\/\"},{\"@type\":\"ListItem\",\"position\":4,\"name\":\"Extra Strength ModaXL 300 MG &#8211; Dostawa krajowa z USA (USA do USA)\"}]},{\"@type\":\"WebSite\",\"@id\":\"https:\\\/\\\/buymodafinilonline.com\\\/pl\\\/#website\",\"url\":\"https:\\\/\\\/buymodafinilonline.com\\\/pl\\\/\",\"name\":\"BuyModafinilOnline.com\",\"description\":\"Modafinil Online Pharmacy\",\"publisher\":{\"@id\":\"https:\\\/\\\/buymodafinilonline.com\\\/pl\\\/#organization\"},\"potentialAction\":[{\"@type\":\"SearchAction\",\"target\":{\"@type\":\"EntryPoint\",\"urlTemplate\":\"https:\\\/\\\/buymodafinilonline.com\\\/pl\\\/?s={search_term_string}\"},\"query-input\":{\"@type\":\"PropertyValueSpecification\",\"valueRequired\":true,\"valueName\":\"search_term_string\"}}],\"inLanguage\":\"pl-PL\"},{\"@type\":\"Organization\",\"@id\":\"https:\\\/\\\/buymodafinilonline.com\\\/pl\\\/#organization\",\"name\":\"BuyModafinilOnline\",\"url\":\"https:\\\/\\\/buymodafinilonline.com\\\/pl\\\/\",\"logo\":{\"@type\":\"ImageObject\",\"inLanguage\":\"pl-PL\",\"@id\":\"https:\\\/\\\/buymodafinilonline.com\\\/pl\\\/#\\\/schema\\\/logo\\\/image\\\/\",\"url\":\"https:\\\/\\\/buymodafinilonline.com\\\/wp-content\\\/uploads\\\/2020\\\/04\\\/logo-buy-modafinil-online-yellow.png\",\"contentUrl\":\"https:\\\/\\\/buymodafinilonline.com\\\/wp-content\\\/uploads\\\/2020\\\/04\\\/logo-buy-modafinil-online-yellow.png\",\"width\":200,\"height\":200,\"caption\":\"BuyModafinilOnline\"},\"image\":{\"@id\":\"https:\\\/\\\/buymodafinilonline.com\\\/pl\\\/#\\\/schema\\\/logo\\\/image\\\/\"}}]}<\/script>\n<!-- \/ Yoast SEO Premium plugin. -->","yoast_head_json":{"title":"Zam\u00f3w silne tabletki ModaXL 300 MG za po\u015brednictwem USPS Overnight Domestic Shipping - BuyModafinilOnline","description":"Kupuj silne leki ModaXL 300 mg online z najszybsz\u0105 wysy\u0142k\u0105 nocn\u0105 za po\u015brednictwem krajowej poczty USPS i uzyskaj szybk\u0105 wysy\u0142k\u0119 w USA, kt\u00f3ra zajmuje 3-4 dni za po\u015brednictwem opcji bezpo\u015bredniej dostawy lokalnej. Ciesz si\u0119 du\u017cymi rabatami za p\u0142atno\u015b\u0107 Bitcoin w aptece BuyModafinilOnline ju\u017c teraz!","robots":{"index":"index","follow":"follow","max-snippet":"max-snippet:-1","max-image-preview":"max-image-preview:large","max-video-preview":"max-video-preview:-1"},"canonical":"https:\/\/buymodafinilonline.com\/pl\/pigulki-madrosci\/extra-strength-modaxl-300-mg-dostawa-krajowa-z-usa-usa-do-usa\/","og_locale":"pl_PL","og_type":"article","og_title":"Extra Strength ModaXL 300 MG - Dostawa krajowa z USA (USA do USA)","og_description":"Kupuj silne leki ModaXL 300 mg online z najszybsz\u0105 wysy\u0142k\u0105 nocn\u0105 za po\u015brednictwem krajowej poczty USPS i uzyskaj szybk\u0105 wysy\u0142k\u0119 w USA, kt\u00f3ra zajmuje 3-4 dni za po\u015brednictwem opcji bezpo\u015bredniej dostawy lokalnej. Ciesz si\u0119 du\u017cymi rabatami za p\u0142atno\u015b\u0107 Bitcoin w aptece BuyModafinilOnline ju\u017c teraz!","og_url":"https:\/\/buymodafinilonline.com\/pl\/pigulki-madrosci\/extra-strength-modaxl-300-mg-dostawa-krajowa-z-usa-usa-do-usa\/","og_site_name":"BuyModafinilOnline.com","article_modified_time":"2026-01-22T09:58:58+00:00","og_image":[{"width":1280,"height":1500,"url":"https:\/\/buymodafinilonline.com\/wp-content\/uploads\/2023\/09\/bmo-product-extra-strength-modaxl-300-mg-usps.png","type":"image\/png"}],"twitter_misc":{"Szacowany czas czytania":"6 minut"},"schema":{"@context":"https:\/\/schema.org","@graph":[{"@type":"WebPage","@id":"https:\/\/buymodafinilonline.com\/pl\/pigulki-madrosci\/extra-strength-modaxl-300-mg-dostawa-krajowa-z-usa-usa-do-usa\/","url":"https:\/\/buymodafinilonline.com\/pl\/pigulki-madrosci\/extra-strength-modaxl-300-mg-dostawa-krajowa-z-usa-usa-do-usa\/","name":"Zam\u00f3w silne tabletki ModaXL 300 MG za po\u015brednictwem USPS Overnight Domestic Shipping - BuyModafinilOnline","isPartOf":{"@id":"https:\/\/buymodafinilonline.com\/pl\/#website"},"primaryImageOfPage":{"@id":"https:\/\/buymodafinilonline.com\/pl\/pigulki-madrosci\/extra-strength-modaxl-300-mg-dostawa-krajowa-z-usa-usa-do-usa\/#primaryimage"},"image":{"@id":"https:\/\/buymodafinilonline.com\/pl\/pigulki-madrosci\/extra-strength-modaxl-300-mg-dostawa-krajowa-z-usa-usa-do-usa\/#primaryimage"},"thumbnailUrl":"https:\/\/buymodafinilonline.com\/wp-content\/uploads\/2023\/09\/bmo-product-extra-strength-modaxl-300-mg-usps.png","datePublished":"2023-09-26T03:27:16+00:00","dateModified":"2026-01-22T09:58:58+00:00","description":"Kupuj silne leki ModaXL 300 mg online z najszybsz\u0105 wysy\u0142k\u0105 nocn\u0105 za po\u015brednictwem krajowej poczty USPS i uzyskaj szybk\u0105 wysy\u0142k\u0119 w USA, kt\u00f3ra zajmuje 3-4 dni za po\u015brednictwem opcji bezpo\u015bredniej dostawy lokalnej. Ciesz si\u0119 du\u017cymi rabatami za p\u0142atno\u015b\u0107 Bitcoin w aptece BuyModafinilOnline ju\u017c teraz!","breadcrumb":{"@id":"https:\/\/buymodafinilonline.com\/pl\/pigulki-madrosci\/extra-strength-modaxl-300-mg-dostawa-krajowa-z-usa-usa-do-usa\/#breadcrumb"},"inLanguage":"pl-PL","potentialAction":[{"@type":"ReadAction","target":["https:\/\/buymodafinilonline.com\/pl\/pigulki-madrosci\/extra-strength-modaxl-300-mg-dostawa-krajowa-z-usa-usa-do-usa\/"]}]},{"@type":"ImageObject","inLanguage":"pl-PL","@id":"https:\/\/buymodafinilonline.com\/pl\/pigulki-madrosci\/extra-strength-modaxl-300-mg-dostawa-krajowa-z-usa-usa-do-usa\/#primaryimage","url":"https:\/\/buymodafinilonline.com\/wp-content\/uploads\/2023\/09\/bmo-product-extra-strength-modaxl-300-mg-usps.png","contentUrl":"https:\/\/buymodafinilonline.com\/wp-content\/uploads\/2023\/09\/bmo-product-extra-strength-modaxl-300-mg-usps.png","width":1280,"height":1500,"caption":"Extra Strength ModaXL 300 MG \u2013 US Domestic Delivery (USA to USA)"},{"@type":"BreadcrumbList","@id":"https:\/\/buymodafinilonline.com\/pl\/pigulki-madrosci\/extra-strength-modaxl-300-mg-dostawa-krajowa-z-usa-usa-do-usa\/#breadcrumb","itemListElement":[{"@type":"ListItem","position":1,"name":"Buy Modafinil Online","item":"https:\/\/buymodafinilonline.com\/pl\/"},{"@type":"ListItem","position":2,"name":"Sklep","item":"https:\/\/buymodafinilonline.com\/pl\/sklep\/"},{"@type":"ListItem","position":3,"name":"US Domestic Shipping","item":"https:\/\/buymodafinilonline.com\/pl\/kategoria-produktow\/us-domestic-shipping-pl\/"},{"@type":"ListItem","position":4,"name":"Extra Strength ModaXL 300 MG &#8211; Dostawa krajowa z USA (USA do USA)"}]},{"@type":"WebSite","@id":"https:\/\/buymodafinilonline.com\/pl\/#website","url":"https:\/\/buymodafinilonline.com\/pl\/","name":"BuyModafinilOnline.com","description":"Modafinil Online Pharmacy","publisher":{"@id":"https:\/\/buymodafinilonline.com\/pl\/#organization"},"potentialAction":[{"@type":"SearchAction","target":{"@type":"EntryPoint","urlTemplate":"https:\/\/buymodafinilonline.com\/pl\/?s={search_term_string}"},"query-input":{"@type":"PropertyValueSpecification","valueRequired":true,"valueName":"search_term_string"}}],"inLanguage":"pl-PL"},{"@type":"Organization","@id":"https:\/\/buymodafinilonline.com\/pl\/#organization","name":"BuyModafinilOnline","url":"https:\/\/buymodafinilonline.com\/pl\/","logo":{"@type":"ImageObject","inLanguage":"pl-PL","@id":"https:\/\/buymodafinilonline.com\/pl\/#\/schema\/logo\/image\/","url":"https:\/\/buymodafinilonline.com\/wp-content\/uploads\/2020\/04\/logo-buy-modafinil-online-yellow.png","contentUrl":"https:\/\/buymodafinilonline.com\/wp-content\/uploads\/2020\/04\/logo-buy-modafinil-online-yellow.png","width":200,"height":200,"caption":"BuyModafinilOnline"},"image":{"@id":"https:\/\/buymodafinilonline.com\/pl\/#\/schema\/logo\/image\/"}}]}},"_links":{"self":[{"href":"https:\/\/buymodafinilonline.com\/pl\/wp-json\/wp\/v2\/product\/480781","targetHints":{"allow":["GET"]}}],"collection":[{"href":"https:\/\/buymodafinilonline.com\/pl\/wp-json\/wp\/v2\/product"}],"about":[{"href":"https:\/\/buymodafinilonline.com\/pl\/wp-json\/wp\/v2\/types\/product"}],"replies":[{"embeddable":true,"href":"https:\/\/buymodafinilonline.com\/pl\/wp-json\/wp\/v2\/comments?post=480781"}],"wp:featuredmedia":[{"embeddable":true,"href":"https:\/\/buymodafinilonline.com\/pl\/wp-json\/wp\/v2\/media\/462052"}],"wp:attachment":[{"href":"https:\/\/buymodafinilonline.com\/pl\/wp-json\/wp\/v2\/media?parent=480781"}],"wp:term":[{"taxonomy":"product_brand","embeddable":true,"href":"https:\/\/buymodafinilonline.com\/pl\/wp-json\/wp\/v2\/product_brand?post=480781"},{"taxonomy":"product_cat","embeddable":true,"href":"https:\/\/buymodafinilonline.com\/pl\/wp-json\/wp\/v2\/product_cat?post=480781"},{"taxonomy":"product_tag","embeddable":true,"href":"https:\/\/buymodafinilonline.com\/pl\/wp-json\/wp\/v2\/product_tag?post=480781"}],"curies":[{"name":"wp","href":"https:\/\/api.w.org\/{rel}","templated":true}]}}